{"id":72,"date":"2022-09-22T08:28:30","date_gmt":"2022-09-22T08:28:30","guid":{"rendered":"https:\/\/escolacanical.pt\/?page_id=72"},"modified":"2026-03-24T14:14:26","modified_gmt":"2026-03-24T14:14:26","slug":"documentos","status":"publish","type":"page","link":"https:\/\/escoladigital.madeira.gov.pt\/ebpeccanical\/documentos\/","title":{"rendered":"Documentos"},"content":{"rendered":"\n<p><span style=\"font-size: 18pt\"><strong>Quadrienais:<\/strong><\/span><\/p>\n\n\n\n<ul class=\"wp-block-list\">\n<li><a href=\"https:\/\/drive.google.com\/file\/d\/1exPvROJIYzTqfX4p95vWf_0KFFjBoEp8\/view?usp=share_link\" target=\"_blank\" rel=\"noopener\">Projeto Educativo 2022\/26<\/a>;<\/li>\n\n\n\n<li><a href=\"https:\/\/drive.google.com\/file\/d\/1YC6H_yS3Ll3h_AN7CyIl3-vVNOabXOPv\/view?usp=drive_link\" target=\"_blank\" rel=\"noopener\">Regulamento Interno 2022\/2026<\/a>\n<ul class=\"wp-block-list\">\n<li><a href=\"https:\/\/drive.google.com\/file\/d\/1rmEUGFIXOMY9gPEdJvSZ-hlMbhoJpiu_\/view?usp=drive_link\" target=\"_blank\" rel=\"noopener\">Adenda N\u00ba1 ao RI 2022\/2026<\/a><\/li>\n\n\n\n<li><a href=\"https:\/\/drive.google.com\/file\/d\/1-AZsWh1D54topxaiLVVFKjJef1uEvpfz\/view?usp=drive_link\" target=\"_blank\" rel=\"noopener\">Adenda N\u00ba2 ao RI 2022\/2026<\/a><\/li>\n\n\n\n<li><a href=\"https:\/\/drive.google.com\/file\/d\/18gd1lSmGP-eXaMcXN_Ww4B-RWw8VtmZs\/view?usp=drive_link\" data-type=\"link\" data-id=\"https:\/\/drive.google.com\/file\/d\/18gd1lSmGP-eXaMcXN_Ww4B-RWw8VtmZs\/view?usp=drive_link\" target=\"_blank\" rel=\"noreferrer noopener\">Adenda N\u00ba3 ao RI 2022\/2026<\/a><\/li>\n<\/ul>\n<\/li>\n<\/ul>\n\n\n\n<p><span style=\"font-size: 18pt\"><strong>Anuais:<\/strong><\/span><\/p>\n\n\n<ul>\n<li><a href=\"https:\/\/drive.google.com\/file\/d\/1wK9cVZxFwZ-fzgXZUXz78joHJekrW3sV\/view?usp=drive_link\" target=\"_blank\" rel=\"noopener\">Plano Anual de Escola 2025\/2026<\/a>\n<ul>\n<li>Relat\u00f3rio do 1\u00ba Semestre do PAE (<em>Brevemente<\/em>);<\/li>\n<li>Relat\u00f3rio Final do 2\u00ba Semestre do PAE.<\/li>\n<\/ul>\n<\/li>\n<li><a href=\"https:\/\/drive.google.com\/file\/d\/1a53c18DDjGeMMmylHXgOQiT9_gD_dgAt\/view?usp=drive_link\" target=\"_blank\" rel=\"noopener\">Plano de Inova\u00e7\u00e3o Pedag\u00f3gica 2025\/2026<\/a><\/li>\n<li><a href=\"https:\/\/drive.google.com\/file\/d\/1lnyvz_fWMOcvmcWKDrVDokknJexEPXir\/view?usp=drive_link\" target=\"_blank\" rel=\"noopener\">Plano TIC 2025\/2026<\/a>.<\/li>\n<\/ul>\n<h2>Regulamento Geral de Preven\u00e7\u00e3o da Corrup\u00e7\u00e3o<\/h2>\n<ul>\n<li><a href=\"https:\/\/drive.google.com\/file\/d\/1BApyZ9WVooqYwhsxJB9Ws76qqpltx4hm\/view?usp=drive_link\" target=\"_blank\" rel=\"noopener\">C\u00f3digo de Conduta (atualiza\u00e7\u00e3o de 2025)<\/a>;<\/li>\n<li><a href=\"https:\/\/drive.google.com\/file\/d\/1oMGioMQy3-q4fhcXjqQCcVb-zeohxuVU\/view?usp=drive_link\" target=\"_blank\" rel=\"noopener\">Plano de Gest\u00e3o de Riscos de Corrup\u00e7\u00e3o e Infra\u00e7\u00f5es Conexas 2025:<\/a>\n<ul>\n<li>No \u00e2mbito do Plano de Gest\u00e3o de Riscos de Corrup\u00e7\u00e3o e Infra\u00e7\u00f5es Conexas, o canal de den\u00fancia interna da escola \u00e9 acess\u00edvel a partir da seguinte hiperliga\u00e7\u00e3o (a abrir numa nova janela e da responsabilidade do Governo Regional da Madeira): <a href=\"https:\/\/canaldenuncias.madeira.gov.pt\" target=\"_blank\" rel=\"noopener\">https:\/\/canaldenuncias.madeira.gov.pt<\/a>.<\/li>\n<\/ul>\n<\/li>\n<li><a href=\"https:\/\/drive.google.com\/file\/d\/1uMpH4AMdbElO4AbcFLKNwecItH1piDpD\/view?usp=drive_link\" target=\"_blank\" rel=\"noopener\">Relat\u00f3rio de Avalia\u00e7\u00e3o intercalar do PPRCIC-outubro 2025;<\/a><\/li>\n<li><a href=\"https:\/\/drive.google.com\/file\/d\/1B8tmvy6w3LqXd5_ypDwLY8BSjPYunx15\/view?usp=drive_link\" target=\"_blank\" rel=\"noopener\">Plano de Forma\u00e7\u00e3o 2025<\/a>.<\/li>\n<\/ul>\n\n\n<h2 class=\"wp-block-heading\">Documentos Relativos a Processos de Avalia\u00e7\u00e3o Interna:<\/h2>\n\n\n\n<ul class=\"wp-block-list\">\n<li><a href=\"https:\/\/drive.google.com\/file\/d\/1KsVpke5q68iLBymqzs0QCQgULHR1HIqv\/view?usp=share_link\">Relat\u00f3rio de Autoavalia\u00e7\u00e3o 2022<\/a>;<\/li>\n\n\n\n<li><a href=\"https:\/\/drive.google.com\/file\/d\/1rkYmhMQ4LaDyufX-AoRcW8oHy5Nh_CEc\/view?usp=share_link\">Avalia\u00e7\u00e3o do Projeto Educativo de Escola 2022<\/a> + <a href=\"https:\/\/drive.google.com\/file\/d\/1WcdzvzTIG0aybCtyHKECzTJBrkudZtwd\/view?usp=share_link\">PEE 18-22<\/a>;<\/li>\n\n\n\n<li><a href=\"https:\/\/drive.google.com\/file\/d\/1CnvAJ0blfC8YohLRpD-P0PxaOuMtlvPs\/view?usp=drive_link\" target=\"_blank\" rel=\"noreferrer noopener\">Avalia\u00e7\u00e3o do PEE + Plano de Melhoria + Plano de Inova\u00e7\u00e3o Pedag\u00f3gica 2024\/2025<\/a>.<\/li>\n<\/ul>\n\n\n\n<h2 class=\"wp-block-heading\">Outra Documenta\u00e7\u00e3o:<\/h2>\n\n\n<ul>\n<li><a href=\"https:\/\/drive.google.com\/drive\/folders\/14XRTEj0EwoopmL3zGUHq4cgxPtYqX4-h?usp=sharing\" target=\"_blank\" rel=\"noreferrer noopener\">Mapas de Pessoal;<\/a><\/li>\n<li><a href=\"https:\/\/drive.google.com\/drive\/folders\/1TEmikvJx0iQ5HjX59RRn8MHCKm0lMADn?usp=sharing\" target=\"_blank\" rel=\"noreferrer noopener\">Balan\u00e7os Sociais;<\/a><\/li>\n<li><a href=\"https:\/\/drive.google.com\/drive\/folders\/1Tep_nAf4CizaUHaSKA8YZFQUrnqlGKbY?usp=sharing\" target=\"_blank\" rel=\"noreferrer noopener\">Declara\u00e7\u00f5es Lei n\u00ba8\/2012 de 21 de fevereiro (alterada pela Lei n\u00ba22\/2015 de 17 de mar\u00e7o);<\/a><\/li>\n<li><a href=\"https:\/\/drive.google.com\/drive\/folders\/14mgFzHW484OeOZpU4T1tCrXsRml7gW0T?usp=sharing\" target=\"_blank\" rel=\"noreferrer noopener\">Declara\u00e7\u00f5es Lei 64\/2013;<\/a><\/li>\n<li><a href=\"https:\/\/drive.google.com\/file\/d\/1RN1AlQF46n7I_UA8XUGvrikpSFC1zRAO\/view?usp=drive_link\" target=\"_blank\" rel=\"noopener\">Elei\u00e7\u00e3o da Comiss\u00e3o Parit\u00e1ria 12\/2024<\/a>;<\/li>\n<li><a href=\"https:\/\/drive.google.com\/file\/d\/1oWuKsh51Vpc7kvOA7B8ZaOzwJJgqrzHP\/view?usp=drive_link\" target=\"_blank\" rel=\"noopener\">Divulga\u00e7\u00e3o e a publicita\u00e7\u00e3o dos apoios concedidos pelo Fundo Europeu Programa Madeira 14-20 -M1420-09-5673-FEDER-000003-Equipamento Escolar<\/a><\/li>\n<\/ul>\n<p>Toda a documenta\u00e7\u00e3o relativa a anos anteriores pode ser acedida online <a href=\"https:\/\/drive.google.com\/drive\/folders\/1rfgaSNkXA_MsSWDtYwVIAAwpyZRuKkLP?usp=share_link\" target=\"_blank\" rel=\"noopener\">nesta pasta de Documentos<\/a>.<\/p>\n\n\n<p><\/p>\n","protected":false},"excerpt":{"rendered":"<p>Quadrienais: Anuais: Plano Anual de Escola 2025\/2026 Relat\u00f3rio do 1\u00ba Semestre do PAE (Brevemente); Relat\u00f3rio Final do 2\u00ba Semestre do PAE. Plano de Inova\u00e7\u00e3o Pedag\u00f3gica 2025\/2026 Plano TIC 2025\/2026. Regulamento Geral de Preven\u00e7\u00e3o da Corrup\u00e7\u00e3o C\u00f3digo de Conduta (atualiza\u00e7\u00e3o de 2025); Plano de Gest\u00e3o de Riscos de Corrup\u00e7\u00e3o e Infra\u00e7\u00f5es Conexas 2025: No \u00e2mbito do &hellip; <\/p>\n<p class=\"link-more\"><a href=\"https:\/\/escoladigital.madeira.gov.pt\/ebpeccanical\/documentos\/\" class=\"more-link\">Read more<span class=\"screen-reader-text\"> &#8220;Documentos&#8221;<\/span><\/a><\/p>\n","protected":false},"author":52,"featured_media":390,"parent":0,"menu_order":0,"comment_status":"closed","ping_status":"closed","template":"","meta":{"_themeisle_gutenberg_block_has_review":false,"inspiro_hide_title":false,"footnotes":""},"class_list":["post-72","page","type-page","status-publish","has-post-thumbnail","hentry"],"_links":{"self":[{"href":"https:\/\/escoladigital.madeira.gov.pt\/ebpeccanical\/wp-json\/wp\/v2\/pages\/72","targetHints":{"allow":["GET"]}}],"collection":[{"href":"https:\/\/escoladigital.madeira.gov.pt\/ebpeccanical\/wp-json\/wp\/v2\/pages"}],"about":[{"href":"https:\/\/escoladigital.madeira.gov.pt\/ebpeccanical\/wp-json\/wp\/v2\/types\/page"}],"author":[{"embeddable":true,"href":"https:\/\/escoladigital.madeira.gov.pt\/ebpeccanical\/wp-json\/wp\/v2\/users\/52"}],"replies":[{"embeddable":true,"href":"https:\/\/escoladigital.madeira.gov.pt\/ebpeccanical\/wp-json\/wp\/v2\/comments?post=72"}],"version-history":[{"count":23,"href":"https:\/\/escoladigital.madeira.gov.pt\/ebpeccanical\/wp-json\/wp\/v2\/pages\/72\/revisions"}],"predecessor-version":[{"id":598,"href":"https:\/\/escoladigital.madeira.gov.pt\/ebpeccanical\/wp-json\/wp\/v2\/pages\/72\/revisions\/598"}],"wp:featuredmedia":[{"embeddable":true,"href":"https:\/\/escoladigital.madeira.gov.pt\/ebpeccanical\/wp-json\/wp\/v2\/media\/390"}],"wp:attachment":[{"href":"https:\/\/escoladigital.madeira.gov.pt\/ebpeccanical\/wp-json\/wp\/v2\/media?parent=72"}],"curies":[{"name":"wp","href":"https:\/\/api.w.org\/{rel}","templated":true}]}}