{"id":93,"date":"2022-09-29T08:09:15","date_gmt":"2022-09-29T08:09:15","guid":{"rendered":"https:\/\/escolacanical.pt\/?page_id=93"},"modified":"2024-10-07T12:08:45","modified_gmt":"2024-10-07T12:08:45","slug":"jornal-sabichao","status":"publish","type":"page","link":"https:\/\/escoladigital.madeira.gov.pt\/ebpeccanical\/jornal-sabichao\/","title":{"rendered":"Jornal Sabich\u00e3o"},"content":{"rendered":"\n<table>\n<tbody>\n<tr>\n<td style=\"text-align: center\"><strong>Ano<\/strong><\/td>\n<td style=\"text-align: center\"><strong>1\u00ba Semestre<\/strong><\/td>\n<td style=\"text-align: center\"><strong>2\u00ba Semestre<\/strong><\/td>\n<\/tr>\n<tr>\n<td><strong>2023\/2024<\/strong><\/td>\n<td><iframe style=\"margin: 0 auto\" src=\"\/\/v.calameo.com\/?bkcode=0069912250b9a047fb7f7&amp;mode=mini\" width=\"300\" height=\"194\" frameborder=\"0\" scrolling=\"no\" allowfullscreen=\"allowfullscreen\"><span data-mce-type=\"bookmark\" style=\"display: inline-block;width: 0px;overflow: hidden;line-height: 0\" class=\"mce_SELRES_start\">\ufeff<\/span><\/iframe><\/td>\n<td><iframe style=\"margin: 0 auto\" src=\"\/\/v.calameo.com\/?bkcode=006991225dadc5bf88c56&amp;mode=mini\" width=\"300\" height=\"194\" frameborder=\"0\" scrolling=\"no\" allowfullscreen=\"allowfullscreen\"><span data-mce-type=\"bookmark\" style=\"display: inline-block;width: 0px;overflow: hidden;line-height: 0\" class=\"mce_SELRES_start\">\ufeff<\/span><\/iframe>\u00a0<\/td>\n<\/tr>\n<tr>\n<td><strong>2022\/2023<\/strong><\/td>\n<td><iframe style=\"margin: 0 auto\" src=\"\/\/v.calameo.com\/?bkcode=006605402e6e5d08966da&amp;mode=mini\" width=\"300\" height=\"194\" frameborder=\"0\" scrolling=\"no\" allowfullscreen=\"allowfullscreen\"><\/iframe><\/td>\n<td>\u00a0<\/td>\n<\/tr>\n<tr>\n<td><strong>2021\/2022<\/strong><\/td>\n<td><iframe style=\"margin: 0 auto\" src=\"\/\/v.calameo.com\/?bkcode=006605402cc446dd809f9\" width=\"300\" height=\"194\" frameborder=\"0\" scrolling=\"no\" allowfullscreen=\"allowfullscreen\"><\/iframe><\/td>\n<td><iframe style=\"margin: 0 auto\" src=\"\/\/v.calameo.com\/?bkcode=006605402f746bcda59e1&amp;mode=mini\" width=\"300\" height=\"194\" frameborder=\"0\" scrolling=\"no\" allowfullscreen=\"allowfullscreen\"><span data-mce-type=\"bookmark\" style=\"display: inline-block;width: 0px;overflow: hidden;line-height: 0\" class=\"mce_SELRES_start\">\ufeff<\/span><\/iframe><\/td>\n<\/tr>\n<tr>\n<td><strong>2020\/2021<\/strong><\/td>\n<td><iframe style=\"margin: 0 auto\" src=\"\/\/v.calameo.com\/?bkcode=006582479ac7b9039e66a\" width=\"300\" height=\"194\" frameborder=\"0\" scrolling=\"no\" allowfullscreen=\"allowfullscreen\"><\/iframe><\/td>\n<td><iframe style=\"margin: 0 auto\" src=\"\/\/v.calameo.com\/?bkcode=006582479e839d6bd5f67&amp;mode=mini\" width=\"300\" height=\"194\" frameborder=\"0\" scrolling=\"no\" allowfullscreen=\"allowfullscreen\"><\/iframe><\/td>\n<\/tr>\n<tr>\n<td><strong>2019\/2020<\/strong><\/td>\n<td><iframe style=\"margin: 0 auto\" src=\"\/\/v.calameo.com\/?bkcode=006582479604e233bbe0d\" width=\"300\" height=\"194\" frameborder=\"0\" scrolling=\"no\" allowfullscreen=\"allowfullscreen\"><span data-mce-type=\"bookmark\" style=\"display: inline-block;width: 0px;overflow: hidden;line-height: 0\" class=\"mce_SELRES_start\">\ufeff<\/span><\/iframe><\/td>\n<td>N\u00e3o houve edi\u00e7\u00e3o do jornal<br \/>devido \u00e0 situa\u00e7\u00e3o de pandemia.<\/td>\n<\/tr>\n<\/tbody>\n<\/table>\n<table>\n<tbody>\n<tr>\n<td style=\"text-align: center\"><strong>Ano<\/strong><\/td>\n<td style=\"text-align: center\"><strong>1\u00ba Per\u00edodo<\/strong><\/td>\n<td style=\"text-align: center\"><strong>2\u00ba Per\u00edodo<\/strong><\/td>\n<td style=\"text-align: center\"><strong>3\u00ba Per\u00edodo<\/strong><\/td>\n<\/tr>\n<tr>\n<td><strong>2018\/2019<\/strong><\/td>\n<td><iframe style=\"margin: 0 auto\" src=\"\/\/v.calameo.com\/?bkcode=00399378755806ffd249a\" width=\"300\" height=\"194\" frameborder=\"0\" scrolling=\"no\" allowfullscreen=\"allowfullscreen\"><\/iframe><\/td>\n<td><iframe style=\"margin: 0 auto\" src=\"\/\/v.calameo.com\/?bkcode=003993787119ddbe59c8c\" width=\"300\" height=\"194\" frameborder=\"0\" scrolling=\"no\" allowfullscreen=\"allowfullscreen\"><\/iframe><\/td>\n<td><iframe style=\"margin: 0 auto\" src=\"\/\/v.calameo.com\/?bkcode=0039937878bc9d499108b\" width=\"300\" height=\"194\" frameborder=\"0\" scrolling=\"no\" allowfullscreen=\"allowfullscreen\"><span data-mce-type=\"bookmark\" style=\"display: inline-block;width: 0px;overflow: hidden;line-height: 0\" class=\"mce_SELRES_start\">\ufeff<\/span><\/iframe><\/td>\n<\/tr>\n<tr>\n<td><strong>2017\/2018<\/strong><\/td>\n<td><iframe style=\"margin: 0 auto\" src=\"\/\/v.calameo.com\/?bkcode=0054191997a4978d1e96f\" width=\"300\" height=\"194\" frameborder=\"0\" scrolling=\"no\" allowfullscreen=\"allowfullscreen\"><\/iframe><\/td>\n<td><iframe style=\"margin: 0 auto\" src=\"\/\/v.calameo.com\/?bkcode=005419199159828cc085d&amp;mode=mini\" width=\"300\" height=\"194\" frameborder=\"0\" scrolling=\"no\" allowfullscreen=\"allowfullscreen\"><\/iframe><\/td>\n<td><iframe style=\"margin: 0 auto\" src=\"\/\/v.calameo.com\/?bkcode=0054191992fc9d041d02e\" width=\"300\" height=\"194\" frameborder=\"0\" scrolling=\"no\" allowfullscreen=\"allowfullscreen\"><\/iframe><\/td>\n<\/tr>\n<tr>\n<td><strong>2016\/2017<\/strong><\/td>\n<td><iframe style=\"margin: 0 auto\" src=\"\/\/v.calameo.com\/?bkcode=003993787a5c99b317f56\" width=\"300\" height=\"194\" frameborder=\"0\" scrolling=\"no\" allowfullscreen=\"allowfullscreen\"><\/iframe><\/td>\n<td><iframe style=\"margin: 0 auto\" src=\"\/\/v.calameo.com\/?bkcode=003993787e80d60513c7e\" width=\"300\" height=\"194\" frameborder=\"0\" scrolling=\"no\" allowfullscreen=\"allowfullscreen\"><\/iframe><\/td>\n<td><iframe style=\"margin: 0 auto\" src=\"\/\/v.calameo.com\/?bkcode=0039937879e0a163a146b\" width=\"300\" height=\"194\" frameborder=\"0\" scrolling=\"no\" allowfullscreen=\"allowfullscreen\"><\/iframe><\/td>\n<\/tr>\n<\/tbody>\n<\/table>\n<p>\n\n\n","protected":false},"excerpt":{"rendered":"<p>Ano 1\u00ba Semestre 2\u00ba Semestre 2023\/2024 \ufeff \ufeff\u00a0 2022\/2023 \u00a0 2021\/2022 \ufeff 2020\/2021 2019\/2020 \ufeff N\u00e3o houve edi\u00e7\u00e3o do jornaldevido \u00e0 situa\u00e7\u00e3o de pandemia. Ano 1\u00ba Per\u00edodo 2\u00ba Per\u00edodo 3\u00ba Per\u00edodo 2018\/2019 \ufeff 2017\/2018 2016\/2017<\/p>\n","protected":false},"author":52,"featured_media":0,"parent":0,"menu_order":0,"comment_status":"closed","ping_status":"closed","template":"","meta":{"_themeisle_gutenberg_block_has_review":false,"inspiro_hide_title":false,"footnotes":""},"class_list":["post-93","page","type-page","status-publish","hentry"],"_links":{"self":[{"href":"https:\/\/escoladigital.madeira.gov.pt\/ebpeccanical\/wp-json\/wp\/v2\/pages\/93","targetHints":{"allow":["GET"]}}],"collection":[{"href":"https:\/\/escoladigital.madeira.gov.pt\/ebpeccanical\/wp-json\/wp\/v2\/pages"}],"about":[{"href":"https:\/\/escoladigital.madeira.gov.pt\/ebpeccanical\/wp-json\/wp\/v2\/types\/page"}],"author":[{"embeddable":true,"href":"https:\/\/escoladigital.madeira.gov.pt\/ebpeccanical\/wp-json\/wp\/v2\/users\/52"}],"replies":[{"embeddable":true,"href":"https:\/\/escoladigital.madeira.gov.pt\/ebpeccanical\/wp-json\/wp\/v2\/comments?post=93"}],"version-history":[{"count":1,"href":"https:\/\/escoladigital.madeira.gov.pt\/ebpeccanical\/wp-json\/wp\/v2\/pages\/93\/revisions"}],"predecessor-version":[{"id":341,"href":"https:\/\/escoladigital.madeira.gov.pt\/ebpeccanical\/wp-json\/wp\/v2\/pages\/93\/revisions\/341"}],"wp:attachment":[{"href":"https:\/\/escoladigital.madeira.gov.pt\/ebpeccanical\/wp-json\/wp\/v2\/media?parent=93"}],"curies":[{"name":"wp","href":"https:\/\/api.w.org\/{rel}","templated":true}]}}