{"id":48,"date":"2024-02-28T15:13:56","date_gmt":"2024-02-28T15:13:56","guid":{"rendered":"https:\/\/escoladigital.madeira.gov.pt\/ebsantonio\/?page_id=48"},"modified":"2024-10-16T13:51:36","modified_gmt":"2024-10-16T13:51:36","slug":"historia","status":"publish","type":"page","link":"https:\/\/escoladigital.madeira.gov.pt\/ebsantonio\/escola\/historia\/","title":{"rendered":"Hist\u00f3ria"},"content":{"rendered":"\t\t<div data-elementor-type=\"wp-page\" data-elementor-id=\"48\" class=\"elementor elementor-48\">\n\t\t\t\t<div class=\"elementor-element elementor-element-562845f e-flex e-con-boxed e-con e-parent\" data-id=\"562845f\" data-element_type=\"container\" data-e-type=\"container\">\n\t\t\t\t\t<div class=\"e-con-inner\">\n\t\t\t\t<div class=\"elementor-element elementor-element-c1a6cf6 elementor-widget elementor-widget-heading\" data-id=\"c1a6cf6\" data-element_type=\"widget\" data-e-type=\"widget\" data-widget_type=\"heading.default\">\n\t\t\t\t<div class=\"elementor-widget-container\">\n\t\t\t\t\t<h2 class=\"elementor-heading-title elementor-size-default\">A nossa escola<\/h2>\t\t\t\t<\/div>\n\t\t\t\t<\/div>\n\t\t\t\t\t<\/div>\n\t\t\t\t<\/div>\n\t\t<div class=\"elementor-element elementor-element-79a849d e-flex e-con-boxed e-con e-parent\" data-id=\"79a849d\" data-element_type=\"container\" data-e-type=\"container\">\n\t\t\t\t\t<div class=\"e-con-inner\">\n\t\t<div class=\"elementor-element elementor-element-0e684b6 e-con-full e-flex e-con e-child\" data-id=\"0e684b6\" data-element_type=\"container\" data-e-type=\"container\">\n\t\t\t\t<div class=\"elementor-element elementor-element-9131282 elementor-widget elementor-widget-text-editor\" data-id=\"9131282\" data-element_type=\"widget\" data-e-type=\"widget\" data-widget_type=\"text-editor.default\">\n\t\t\t\t<div class=\"elementor-widget-container\">\n\t\t\t\t\t\t\t\t\t<p style=\"margin-top: 12px;margin-bottom: 12px;, arial, helvetica, sans-serif;font-size: 12px;font-style: normal;text-align: justify\"><span style=\"font-size: 10pt\"><b>A Escola B\u00e1sica dos 2\u00ba e 3\u00ba Ciclos de Santo Ant\u00f3nio, surge na sequ\u00eancia da reestrutura\u00e7\u00e3o da rede escolar do Ensino B\u00e1sico na Regi\u00e3o. Em Fevereiro de 1996 \u00e9 criada a Escola B\u00e1sica da Madalena, situada na freguesia de Santo Ant\u00f3nio, Funchal, que entra em funcionamento no ano escolar de 1996\/97, em substitui\u00e7\u00e3o da Escola Preparat\u00f3ria da Achada, que \u00e9 extinta em 31 de Agosto de 1996.<\/b><\/span><\/p><p style=\"margin-top: 12px;margin-bottom: 12px;, arial, helvetica, sans-serif;font-size: 12px;font-style: normal;text-align: justify\"><b><span style=\"font-size: 10pt\">Apesar de cria <\/span><span style=\"font-size: 10pt\">da em portaria, em Fevereiro de 1996, a Escola s\u00f3 come\u00e7ou a sua atividade no ano letivo 1997\/1998, tendo sido inaugurada em 15 de Outubro de 1997, com turmas dos 2\u00ba e 3\u00ba ciclos.<\/span><\/b><\/p><p style=\"margin-top: 12px;margin-bottom: 12px;, arial, helvetica, sans-serif;font-size: 12px;font-style: normal;text-align: justify\"><b><span style=\"font-size: 10pt\">Designava-se <\/span><span style=\"font-size: 10pt\">ent\u00e3o Escola B\u00e1sica da Madalena, tendo por Comiss\u00e3o Instaladora as professoras Maria dos Milagres Freitas, D\u00e1ria Ferreira e Olga Dantas.<\/span><\/b><\/p><p style=\"margin-top: 12px;margin-bottom: 12px;, arial, helvetica, sans-serif;font-size: 12px;font-style: normal;text-align: justify\"><span style=\"font-size: 10pt\"><b>Mais tarde, no ano letivo 1998\/1999, a Escola passou a chamar-se Escola B\u00e1sica dos 2\u00ba e 3\u00ba Ciclos de Santo Ant\u00f3nio, para, em Setembro de 1999, tomar o nome de Escola B\u00e1sica de Santo Ant\u00f3nio. No ano letivo 2006\/2007 volta novamente a chamar-se Escola B\u00e1sica dos 2\u00ba e 3\u00ba Ciclos de Santo Ant\u00f3nio. <\/b><\/span><\/p><p style=\"margin-top: 12px;margin-bottom: 12px;, arial, helvetica, sans-serif;font-size: 12px;font-style: normal;text-align: justify\"><span style=\"font-size: 10pt\"><b>Posteriormente, em 2 de julho de 2018, a Portaria n.\u00ba 207\/2018 determinou que a Escola B\u00e1sica dos 2\u00ba e 3\u00ba ciclos de Santo Ant\u00f3nio assumiria as atribui\u00e7\u00f5es da extinta Escola B\u00e1sica dos 1.\u00ba, 2.\u00ba e 3.\u00ba Ciclos com Pr\u00e9-escolar do Curral das Freiras, passando a designar-se como Escola B\u00e1sica com Pr\u00e9-escolar de Santo Ant\u00f3nio e Curral das Freiras e funcionando em 2 edif\u00edcios: o de maior dimens\u00e3o e com maior n\u00famero de alunos situado na freguesia de Santo Ant\u00f3nio, concelho do Funchal, e o outro na freguesia do Curral das Freiras, concelho de C\u00e2mara de Lobos.<br \/>Refira-se que, de 1997 at\u00e9 ao ano letivo de 2008-2009, a Escola garantiu a frequ\u00eancia dos 2\u00ba e 3\u00ba Ciclos aos alunos oriundos da freguesia do Curral das Freiras, os quais passaram a frequentar, em 2009, a ent\u00e3o criada Escola B\u00e1sica dos 2\u00ba e 3\u00ba Ciclos do Curral das Freiras.<\/b><\/span><\/p><p>\u00a0<\/p><p style=\"margin-top: 12px;margin-bottom: 12px;, arial, helvetica, sans-serif;font-size: 12px;font-style: normal;text-align: justify\">\u00a0<\/p>\t\t\t\t\t\t\t\t<\/div>\n\t\t\t\t<\/div>\n\t\t\t\t<\/div>\n\t\t<div class=\"elementor-element elementor-element-6ec5da3 e-con-full e-flex e-con e-child\" data-id=\"6ec5da3\" data-element_type=\"container\" data-e-type=\"container\">\n\t\t\t\t<div class=\"elementor-element elementor-element-6edf6c1 elementor-widget elementor-widget-image\" data-id=\"6edf6c1\" data-element_type=\"widget\" data-e-type=\"widget\" data-widget_type=\"image.default\">\n\t\t\t\t<div class=\"elementor-widget-container\">\n\t\t\t\t\t\t\t\t\t\t\t\t\t\t\t<img fetchpriority=\"high\" decoding=\"async\" width=\"1024\" height=\"677\" src=\"https:\/\/escoladigital.madeira.gov.pt\/ebsantonio\/wp-content\/uploads\/sites\/27\/2024\/02\/escolaDN-1024x677.jpg\" class=\"attachment-large size-large wp-image-26\" alt=\"\" srcset=\"https:\/\/escoladigital.madeira.gov.pt\/ebsantonio\/wp-content\/uploads\/sites\/27\/2024\/02\/escolaDN-1024x677.jpg 1024w, https:\/\/escoladigital.madeira.gov.pt\/ebsantonio\/wp-content\/uploads\/sites\/27\/2024\/02\/escolaDN-300x198.jpg 300w, https:\/\/escoladigital.madeira.gov.pt\/ebsantonio\/wp-content\/uploads\/sites\/27\/2024\/02\/escolaDN-768x508.jpg 768w, https:\/\/escoladigital.madeira.gov.pt\/ebsantonio\/wp-content\/uploads\/sites\/27\/2024\/02\/escolaDN.jpg 1200w\" sizes=\"(max-width: 1024px) 100vw, 1024px\" \/>\t\t\t\t\t\t\t\t\t\t\t\t\t\t\t<\/div>\n\t\t\t\t<\/div>\n\t\t\t\t<\/div>\n\t\t\t\t\t<\/div>\n\t\t\t\t<\/div>\n\t\t\t\t<\/div>\n\t\t","protected":false},"excerpt":{"rendered":"<p>A nossa escola A Escola B\u00e1sica dos 2\u00ba e 3\u00ba Ciclos de Santo Ant\u00f3nio, surge na sequ\u00eancia da reestrutura\u00e7\u00e3o da [&hellip;]<\/p>\n","protected":false},"author":19,"featured_media":0,"parent":25,"menu_order":1,"comment_status":"closed","ping_status":"closed","template":"","meta":{"site-sidebar-layout":"no-sidebar","site-content-layout":"","ast-site-content-layout":"full-width-container","site-content-style":"default","site-sidebar-style":"default","ast-global-header-display":"","ast-banner-title-visibility":"","ast-main-header-display":"","ast-hfb-above-header-display":"","ast-hfb-below-header-display":"","ast-hfb-mobile-header-display":"","site-post-title":"disabled","ast-breadcrumbs-content":"","ast-featured-img":"disabled","footer-sml-layout":"","ast-disable-related-posts":"","theme-transparent-header-meta":"","adv-header-id-meta":"","stick-header-meta":"","header-above-stick-meta":"","header-main-stick-meta":"","header-below-stick-meta":"","astra-migrate-meta-layouts":"default","ast-page-background-enabled":"default","ast-page-background-meta":{"desktop":{"background-color":"var(--ast-global-color-4)","background-image":"","background-repeat":"repeat","background-position":"center center","background-size":"auto","background-attachment":"scroll","background-type":"","background-media":"","overlay-type":"","overlay-color":"","overlay-opacity":"","overlay-gradient":""},"tablet":{"background-color":"","background-image":"","background-repeat":"repeat","background-position":"center center","background-size":"auto","background-attachment":"scroll","background-type":"","background-media":"","overlay-type":"","overlay-color":"","overlay-opacity":"","overlay-gradient":""},"mobile":{"background-color":"","background-image":"","background-repeat":"repeat","background-position":"center center","background-size":"auto","background-attachment":"scroll","background-type":"","background-media":"","overlay-type":"","overlay-color":"","overlay-opacity":"","overlay-gradient":""}},"ast-content-background-meta":{"desktop":{"background-color":"var(--ast-global-color-5)","background-image":"","background-repeat":"repeat","background-position":"center center","background-size":"auto","background-attachment":"scroll","background-type":"","background-media":"","overlay-type":"","overlay-color":"","overlay-opacity":"","overlay-gradient":""},"tablet":{"background-color":"var(--ast-global-color-5)","background-image":"","background-repeat":"repeat","background-position":"center center","background-size":"auto","background-attachment":"scroll","background-type":"","background-media":"","overlay-type":"","overlay-color":"","overlay-opacity":"","overlay-gradient":""},"mobile":{"background-color":"var(--ast-global-color-5)","background-image":"","background-repeat":"repeat","background-position":"center center","background-size":"auto","background-attachment":"scroll","background-type":"","background-media":"","overlay-type":"","overlay-color":"","overlay-opacity":"","overlay-gradient":""}},"_themeisle_gutenberg_block_has_review":false,"footnotes":""},"class_list":["post-48","page","type-page","status-publish","hentry"],"_links":{"self":[{"href":"https:\/\/escoladigital.madeira.gov.pt\/ebsantonio\/wp-json\/wp\/v2\/pages\/48","targetHints":{"allow":["GET"]}}],"collection":[{"href":"https:\/\/escoladigital.madeira.gov.pt\/ebsantonio\/wp-json\/wp\/v2\/pages"}],"about":[{"href":"https:\/\/escoladigital.madeira.gov.pt\/ebsantonio\/wp-json\/wp\/v2\/types\/page"}],"author":[{"embeddable":true,"href":"https:\/\/escoladigital.madeira.gov.pt\/ebsantonio\/wp-json\/wp\/v2\/users\/19"}],"replies":[{"embeddable":true,"href":"https:\/\/escoladigital.madeira.gov.pt\/ebsantonio\/wp-json\/wp\/v2\/comments?post=48"}],"version-history":[{"count":19,"href":"https:\/\/escoladigital.madeira.gov.pt\/ebsantonio\/wp-json\/wp\/v2\/pages\/48\/revisions"}],"predecessor-version":[{"id":693,"href":"https:\/\/escoladigital.madeira.gov.pt\/ebsantonio\/wp-json\/wp\/v2\/pages\/48\/revisions\/693"}],"up":[{"embeddable":true,"href":"https:\/\/escoladigital.madeira.gov.pt\/ebsantonio\/wp-json\/wp\/v2\/pages\/25"}],"wp:attachment":[{"href":"https:\/\/escoladigital.madeira.gov.pt\/ebsantonio\/wp-json\/wp\/v2\/media?parent=48"}],"curies":[{"name":"wp","href":"https:\/\/api.w.org\/{rel}","templated":true}]}}