{"id":2070,"date":"2023-12-13T09:57:51","date_gmt":"2023-12-13T09:57:51","guid":{"rendered":"https:\/\/escoladigital.madeira.gov.pt\/ebsdla\/?page_id=2070"},"modified":"2024-01-10T15:12:57","modified_gmt":"2024-01-10T15:12:57","slug":"historia","status":"publish","type":"page","link":"https:\/\/escoladigital.madeira.gov.pt\/ebsdla\/historia\/","title":{"rendered":"Hist\u00f3ria"},"content":{"rendered":"\t\t<div data-elementor-type=\"wp-page\" data-elementor-id=\"2070\" class=\"elementor elementor-2070\">\n\t\t\t\t<div class=\"elementor-element elementor-element-8787c12 e-con-full e-flex e-con e-parent\" data-id=\"8787c12\" data-element_type=\"container\" data-e-type=\"container\">\n\t\t<div class=\"elementor-element elementor-element-aaa7e7f e-con-full e-flex e-con e-child\" data-id=\"aaa7e7f\" data-element_type=\"container\" data-e-type=\"container\">\n\t\t<div class=\"elementor-element elementor-element-69fdfe9 e-con-full e-flex e-con e-child\" data-id=\"69fdfe9\" data-element_type=\"container\" data-e-type=\"container\">\n\t\t\t\t<div class=\"elementor-element elementor-element-8c119b6 elementor-widget elementor-widget-heading\" data-id=\"8c119b6\" data-element_type=\"widget\" data-e-type=\"widget\" data-widget_type=\"heading.default\">\n\t\t\t\t<div class=\"elementor-widget-container\">\n\t\t\t\t\t<h3 class=\"elementor-heading-title elementor-size-default\">HIST\u00d3RIA<\/h3>\t\t\t\t<\/div>\n\t\t\t\t<\/div>\n\t\t\t\t<div class=\"elementor-element elementor-element-1cd111f elementor-widget elementor-widget-text-editor\" data-id=\"1cd111f\" data-element_type=\"widget\" data-e-type=\"widget\" data-widget_type=\"text-editor.default\">\n\t\t\t\t<div class=\"elementor-widget-container\">\n\t\t\t\t\t\t\t\t\t<p>A denomina\u00e7\u00e3o atribu\u00edda \u00e0 nossa escola adv\u00e9m da pessoa de Maria Lucinda de Sousa Andrade que nasceu no concelho de S\u00e3o Vicente, no dia 10 de mar\u00e7o de 1903, e faleceu no Funchal, no dia 12 de outubro de 2000. Foi professora e destacou-se na \u00e1rea do ensino, no concelho de S\u00e3o Vicente, raz\u00e3o pela qual foi homenageada pelo Governo Regional da Madeira com a atribui\u00e7\u00e3o do seu nome a este estabelecimento de ensino, designadamente Escola B\u00e1sica e Secund\u00e1ria Dona Lucinda Andrade. Lucinda Andrade, na d\u00e9cada de 30, rumou a Lisboa para frequentar um curso de Pedagogia no Liceu de Pedro Nunes.<br \/><br \/><\/p><p>Regressou \u00e0 ilha da Madeira, mais concretamente ao Funchal, onde iniciou a sua carreira docente. Em 1943, retornou \u00e0 freguesia de S\u00e3o Vicente, dedicando a sua vida ao ensino. Foi considerada a \u201cm\u00e3e\u201d do ensino secund\u00e1rio no concelho de S\u00e3o Vicente, visto que Lucinda Andrade ensinava conte\u00fados deste n\u00edvel de ensino.<\/p>\t\t\t\t\t\t\t\t<\/div>\n\t\t\t\t<\/div>\n\t\t\t\t<div class=\"elementor-element elementor-element-e040499 elementor-widget elementor-widget-image\" data-id=\"e040499\" data-element_type=\"widget\" data-e-type=\"widget\" data-widget_type=\"image.default\">\n\t\t\t\t<div class=\"elementor-widget-container\">\n\t\t\t\t\t\t\t\t\t\t\t\t\t\t\t<img fetchpriority=\"high\" decoding=\"async\" width=\"545\" height=\"797\" src=\"https:\/\/escoladigital.madeira.gov.pt\/ebsdla\/wp-content\/uploads\/sites\/8\/2024\/01\/Lucinda_Andrade1.jpg\" class=\"attachment-medium_large size-medium_large wp-image-4219\" alt=\"\" srcset=\"https:\/\/escoladigital.madeira.gov.pt\/ebsdla\/wp-content\/uploads\/sites\/8\/2024\/01\/Lucinda_Andrade1.jpg 545w, https:\/\/escoladigital.madeira.gov.pt\/ebsdla\/wp-content\/uploads\/sites\/8\/2024\/01\/Lucinda_Andrade1-205x300.jpg 205w\" sizes=\"(max-width: 545px) 100vw, 545px\" \/>\t\t\t\t\t\t\t\t\t\t\t\t\t\t\t<\/div>\n\t\t\t\t<\/div>\n\t\t\t\t<div class=\"elementor-element elementor-element-79f9d3c elementor-widget elementor-widget-text-editor\" data-id=\"79f9d3c\" data-element_type=\"widget\" data-e-type=\"widget\" data-widget_type=\"text-editor.default\">\n\t\t\t\t<div class=\"elementor-widget-container\">\n\t\t\t\t\t\t\t\t\t<p>Na sua resid\u00eancia, porque at\u00e9 meados da d\u00e9cada de 60, nesta localidade, o ensino era ministrado em regime de ensino particular por professores nas suas resid\u00eancias, chegou a preparar uma divis\u00e3o para ministrar as suas aulas, onde ensinava diversas disciplinas, designadamente, Ingl\u00eas, Portugu\u00eas, Matem\u00e1tica, Desenho e F\u00edsico Qu\u00edmica, sendo a sua \u00e1rea de elei\u00e7\u00e3o o Franc\u00eas. Lucinda Andrade preparava os alunos, os ditos \u201cautopropostos\u201d, para os exames de 2\u00ba e 5\u00ba ano do Liceu. A crescente alfabetiza\u00e7\u00e3o da popula\u00e7\u00e3o do Norte da ilha da Madeira, e em especial no concelho de S\u00e3o Vicente, sobretudo a partir da d\u00e9cada de 60, deveu-se, em parte, \u00e0 en\u00e9rgica a\u00e7\u00e3o de Lucinda Andrade, assumindo esta o papel de grande impulsionadora do ensino neste concelho, que a agraciou por seus m\u00e9ritos em 1983 com a sua Medalha Municipal. Em 1964, aquando da cria\u00e7\u00e3o do Externato de S\u00e3o Vicente, no s\u00edtio das Casas Novas, fez parte do corpo docente inicial desta institui\u00e7\u00e3o de ensino vocacionada para o 1\u00ba e 2\u00ba ciclo do ensino Liceal. Em1988 deu-se in\u00edcio ao Ensino Preparat\u00f3rio e Secund\u00e1rio oficial na Vila de S\u00e3o Vicente, sendo criada a Escola Preparat\u00f3ria e Secund\u00e1ria de S\u00e3o Vicente que entrou em funcionamento no ano letivo de 1988-1989. Ainda no ano de 1988, por delibera\u00e7\u00e3o do Conselho de Governo Regional, atribuiu-se \u00e0 nova entidade escolar a denomina\u00e7\u00e3o de Escola Preparat\u00f3ria e Secund\u00e1ria Dona Lucinda Andrade, como forma de homenagear a professora que \u201cdedicou toda a sua vida ao ensino, com esp\u00edrito de abnega\u00e7\u00e3o invulgar e extraordin\u00e1ria compet\u00eancia e zelo.\u201d As novas e atuais instala\u00e7\u00f5es deste estabelecimento de ensino foram inauguradas no s\u00edtio do Passo, no dia 04 de outubro de 1993.<\/p><p>(adaptado, <a href=\"https:\/\/pt.wikipedia.org\/wiki\/Lucinda_Andrade\">https:\/\/pt.wikipedia.org\/wiki\/Lucinda_Andrade<\/a>)\u00a0<\/p><p>\u00a0<\/p><p>\u00a0<\/p>\t\t\t\t\t\t\t\t<\/div>\n\t\t\t\t<\/div>\n\t\t\t\t<\/div>\n\t\t<div class=\"elementor-element elementor-element-3391f3a e-con-full e-flex e-con e-child\" data-id=\"3391f3a\" data-element_type=\"container\" data-e-type=\"container\">\n\t\t<div class=\"elementor-element elementor-element-da498a2 e-con-full e-flex e-con e-child\" data-id=\"da498a2\" data-element_type=\"container\" data-e-type=\"container\" data-settings=\"{&quot;background_background&quot;:&quot;classic&quot;}\">\n\t\t\t\t<div class=\"elementor-element elementor-element-14f0a7f elementor-widget__width-inherit elementor-widget elementor-widget-heading\" data-id=\"14f0a7f\" data-element_type=\"widget\" data-e-type=\"widget\" data-widget_type=\"heading.default\">\n\t\t\t\t<div class=\"elementor-widget-container\">\n\t\t\t\t\t<h1 class=\"elementor-heading-title elementor-size-default\">\u00daltimas Not\u00edcias<\/h1>\t\t\t\t<\/div>\n\t\t\t\t<\/div>\n\t\t\t\t<div class=\"elementor-element elementor-element-03991f9 elementor-widget-divider--view-line elementor-widget elementor-widget-divider\" data-id=\"03991f9\" data-element_type=\"widget\" data-e-type=\"widget\" data-widget_type=\"divider.default\">\n\t\t\t\t<div class=\"elementor-widget-container\">\n\t\t\t\t\t\t\t<div class=\"elementor-divider\">\n\t\t\t<span class=\"elementor-divider-separator\">\n\t\t\t\t\t\t<\/span>\n\t\t<\/div>\n\t\t\t\t\t\t<\/div>\n\t\t\t\t<\/div>\n\t\t\t\t<div class=\"elementor-element elementor-element-c489537 premium-blog-align-left elementor-widget elementor-widget-premium-addon-blog\" data-id=\"c489537\" data-element_type=\"widget\" data-e-type=\"widget\" data-settings=\"{&quot;premium_blog_columns_number&quot;:&quot;100%&quot;,&quot;premium_blog_columns_number_tablet&quot;:&quot;100%&quot;,&quot;premium_blog_grid&quot;:&quot;yes&quot;,&quot;premium_blog_layout&quot;:&quot;even&quot;,&quot;premium_blog_columns_number_mobile&quot;:&quot;100%&quot;}\" data-widget_type=\"premium-addon-blog.default\">\n\t\t\t\t<div class=\"elementor-widget-container\">\n\t\t\t\t\t\n\t\t\n\n\t\t\t\t<div class=\"premium-blog-wrap  premium-blog-even\" data-page=\"2070\">\n\t\t\t\t\t\t\t\t\t<div class=\"premium-blog-post-outer-container\" data-total=\"8\">\n\t\t\t<div class=\"premium-blog-post-container premium-blog-skin-classic\">\n\t\t\t\t\t\t\t\t\t\t\t\t<div class=\"premium-blog-content-wrapper empty-thumb\">\n\n\t\t\t\t\t<div class=\"premium-blog-inner-container\">\n\n\t\t\t\t\t\t\t\t\t\t\t\t\t\t<h2 class=\"premium-blog-entry-title\">\n\t\t\t<a href=\"https:\/\/escoladigital.madeira.gov.pt\/ebsdla\/2026\/04\/06\/comunicacao-sobre-uso-de-telemoveis-nas-provas-e-exames-em-2026\/\" target=\"_self\">\n\t\t\t\tComunica\u00e7\u00e3o sobre uso de telem\u00f3veis nas Provas e Exames em 2026\t\t\t<\/a>\n\t\t<\/h2>\n\t\t\t\t<div class=\"premium-blog-entry-meta\">\n\t\t\t\n\t\t\t\t\t\t\t<span class=\"premium-blog-meta-separator\">\u2022<\/span>\n\t\t\t\t<div class=\"premium-blog-post-time premium-blog-meta-data\">\n\t\t\t\t\t<i class=\"fa fa-calendar-alt\" aria-hidden=\"true\"><\/i>\n\t\t\t\t\t<span>6 de Abril, 2026<\/span>\n\t\t\t\t<\/div>\n\t\t\t\n\t\t\t\n\t\t\t\t\t<\/div>\n\t\t\n\t\t\t\t\t<\/div>\n\n\t\t\t\t\t\t\t\t\t\t\n\t\t\t\t<\/div>\n\t\t\t<\/div>\n\t\t<\/div>\n\n\t\t\t\t<div class=\"premium-blog-post-outer-container\" data-total=\"8\">\n\t\t\t<div class=\"premium-blog-post-container premium-blog-skin-classic\">\n\t\t\t\t\t\t\t\t\t\t\t\t<div class=\"premium-blog-content-wrapper empty-thumb\">\n\n\t\t\t\t\t<div class=\"premium-blog-inner-container\">\n\n\t\t\t\t\t\t\t\t\t\t\t\t\t\t<h2 class=\"premium-blog-entry-title\">\n\t\t\t<a href=\"https:\/\/escoladigital.madeira.gov.pt\/ebsdla\/2026\/04\/06\/resumo-norma-2-jne-2026\/\" target=\"_self\">\n\t\t\t\tResumo Norma 2\/JNE\/2026\t\t\t<\/a>\n\t\t<\/h2>\n\t\t\t\t<div class=\"premium-blog-entry-meta\">\n\t\t\t\n\t\t\t\t\t\t\t<span class=\"premium-blog-meta-separator\">\u2022<\/span>\n\t\t\t\t<div class=\"premium-blog-post-time premium-blog-meta-data\">\n\t\t\t\t\t<i class=\"fa fa-calendar-alt\" aria-hidden=\"true\"><\/i>\n\t\t\t\t\t<span>6 de Abril, 2026<\/span>\n\t\t\t\t<\/div>\n\t\t\t\n\t\t\t\n\t\t\t\t\t<\/div>\n\t\t\n\t\t\t\t\t<\/div>\n\n\t\t\t\t\t\t\t\t\t\t\n\t\t\t\t<\/div>\n\t\t\t<\/div>\n\t\t<\/div>\n\n\t\t\t\t<div class=\"premium-blog-post-outer-container\" data-total=\"8\">\n\t\t\t<div class=\"premium-blog-post-container premium-blog-skin-classic\">\n\t\t\t\t\t\t\t\t\t\t\t\t<div class=\"premium-blog-content-wrapper empty-thumb\">\n\n\t\t\t\t\t<div class=\"premium-blog-inner-container\">\n\n\t\t\t\t\t\t\t\t\t\t\t\t\t\t<h2 class=\"premium-blog-entry-title\">\n\t\t\t<a href=\"https:\/\/escoladigital.madeira.gov.pt\/ebsdla\/2026\/03\/25\/norma-2-jne-2026\/\" target=\"_self\">\n\t\t\t\tNorma 2\/JNE\/2026\t\t\t<\/a>\n\t\t<\/h2>\n\t\t\t\t<div class=\"premium-blog-entry-meta\">\n\t\t\t\n\t\t\t\t\t\t\t<span class=\"premium-blog-meta-separator\">\u2022<\/span>\n\t\t\t\t<div class=\"premium-blog-post-time premium-blog-meta-data\">\n\t\t\t\t\t<i class=\"fa fa-calendar-alt\" aria-hidden=\"true\"><\/i>\n\t\t\t\t\t<span>25 de Mar\u00e7o, 2026<\/span>\n\t\t\t\t<\/div>\n\t\t\t\n\t\t\t\n\t\t\t\t\t<\/div>\n\t\t\n\t\t\t\t\t<\/div>\n\n\t\t\t\t\t\t\t\t\t\t\n\t\t\t\t<\/div>\n\t\t\t<\/div>\n\t\t<\/div>\n\n\t\t\t\t<div class=\"premium-blog-post-outer-container\" data-total=\"8\">\n\t\t\t<div class=\"premium-blog-post-container premium-blog-skin-classic\">\n\t\t\t\t\t\t\t\t\t\t\t\t<div class=\"premium-blog-content-wrapper empty-thumb\">\n\n\t\t\t\t\t<div class=\"premium-blog-inner-container\">\n\n\t\t\t\t\t\t\t\t\t\t\t\t\t\t<h2 class=\"premium-blog-entry-title\">\n\t\t\t<a href=\"https:\/\/escoladigital.madeira.gov.pt\/ebsdla\/2026\/03\/20\/documentos-orientadores-25-26-2\/\" target=\"_self\">\n\t\t\t\tDocumentos Orientadores 25\/26\t\t\t<\/a>\n\t\t<\/h2>\n\t\t\t\t<div class=\"premium-blog-entry-meta\">\n\t\t\t\n\t\t\t\t\t\t\t<span class=\"premium-blog-meta-separator\">\u2022<\/span>\n\t\t\t\t<div class=\"premium-blog-post-time premium-blog-meta-data\">\n\t\t\t\t\t<i class=\"fa fa-calendar-alt\" aria-hidden=\"true\"><\/i>\n\t\t\t\t\t<span>20 de Mar\u00e7o, 2026<\/span>\n\t\t\t\t<\/div>\n\t\t\t\n\t\t\t\n\t\t\t\t\t<\/div>\n\t\t\n\t\t\t\t\t<\/div>\n\n\t\t\t\t\t\t\t\t\t\t\n\t\t\t\t<\/div>\n\t\t\t<\/div>\n\t\t<\/div>\n\n\t\t\t\t<div class=\"premium-blog-post-outer-container\" data-total=\"8\">\n\t\t\t<div class=\"premium-blog-post-container premium-blog-skin-classic\">\n\t\t\t\t\t\t\t\t\t\t\t\t<div class=\"premium-blog-content-wrapper empty-thumb\">\n\n\t\t\t\t\t<div class=\"premium-blog-inner-container\">\n\n\t\t\t\t\t\t\t\t\t\t\t\t\t\t<h2 class=\"premium-blog-entry-title\">\n\t\t\t<a href=\"https:\/\/escoladigital.madeira.gov.pt\/ebsdla\/2026\/03\/06\/guia-geral-exames-2026\/\" target=\"_self\">\n\t\t\t\tGuia Geral Exames 2026\t\t\t<\/a>\n\t\t<\/h2>\n\t\t\t\t<div class=\"premium-blog-entry-meta\">\n\t\t\t\n\t\t\t\t\t\t\t<span class=\"premium-blog-meta-separator\">\u2022<\/span>\n\t\t\t\t<div class=\"premium-blog-post-time premium-blog-meta-data\">\n\t\t\t\t\t<i class=\"fa fa-calendar-alt\" aria-hidden=\"true\"><\/i>\n\t\t\t\t\t<span>6 de Mar\u00e7o, 2026<\/span>\n\t\t\t\t<\/div>\n\t\t\t\n\t\t\t\n\t\t\t\t\t<\/div>\n\t\t\n\t\t\t\t\t<\/div>\n\n\t\t\t\t\t\t\t\t\t\t\n\t\t\t\t<\/div>\n\t\t\t<\/div>\n\t\t<\/div>\n\n\t\t\t\t<div class=\"premium-blog-post-outer-container\" data-total=\"8\">\n\t\t\t<div class=\"premium-blog-post-container premium-blog-skin-classic\">\n\t\t\t\t\t\t\t\t\t\t\t\t<div class=\"premium-blog-content-wrapper empty-thumb\">\n\n\t\t\t\t\t<div class=\"premium-blog-inner-container\">\n\n\t\t\t\t\t\t\t\t\t\t\t\t\t\t<h2 class=\"premium-blog-entry-title\">\n\t\t\t<a href=\"https:\/\/escoladigital.madeira.gov.pt\/ebsdla\/2026\/03\/05\/norma-01-jne-2026\/\" target=\"_self\">\n\t\t\t\tNorma 01\/JNE\/2026\t\t\t<\/a>\n\t\t<\/h2>\n\t\t\t\t<div class=\"premium-blog-entry-meta\">\n\t\t\t\n\t\t\t\t\t\t\t<span class=\"premium-blog-meta-separator\">\u2022<\/span>\n\t\t\t\t<div class=\"premium-blog-post-time premium-blog-meta-data\">\n\t\t\t\t\t<i class=\"fa fa-calendar-alt\" aria-hidden=\"true\"><\/i>\n\t\t\t\t\t<span>5 de Mar\u00e7o, 2026<\/span>\n\t\t\t\t<\/div>\n\t\t\t\n\t\t\t\n\t\t\t\t\t<\/div>\n\t\t\n\t\t\t\t\t<\/div>\n\n\t\t\t\t\t\t\t\t\t\t\n\t\t\t\t<\/div>\n\t\t\t<\/div>\n\t\t<\/div>\n\n\t\t\t\t\t\t\t<\/div>\n\n\t\t\n\t\t\n\t\t\t\t\t\t<\/div>\n\t\t\t\t<\/div>\n\t\t\t\t<div class=\"elementor-element elementor-element-e9a6866 elementor-widget-divider--view-line elementor-widget elementor-widget-divider\" data-id=\"e9a6866\" data-element_type=\"widget\" data-e-type=\"widget\" data-widget_type=\"divider.default\">\n\t\t\t\t<div class=\"elementor-widget-container\">\n\t\t\t\t\t\t\t<div class=\"elementor-divider\">\n\t\t\t<span class=\"elementor-divider-separator\">\n\t\t\t\t\t\t<\/span>\n\t\t<\/div>\n\t\t\t\t\t\t<\/div>\n\t\t\t\t<\/div>\n\t\t\t\t<\/div>\n\t\t\t\t<\/div>\n\t\t\t\t<\/div>\n\t\t\t\t<\/div>\n\t\t<div class=\"elementor-element elementor-element-b05e7dd e-con-full e-flex e-con e-parent\" data-id=\"b05e7dd\" data-element_type=\"container\" data-e-type=\"container\" data-settings=\"{&quot;background_background&quot;:&quot;classic&quot;}\">\n\t\t<div class=\"elementor-element elementor-element-be0de56 e-con-full e-flex e-con e-child\" data-id=\"be0de56\" data-element_type=\"container\" data-e-type=\"container\" data-settings=\"{&quot;background_background&quot;:&quot;classic&quot;}\">\n\t\t<div class=\"elementor-element elementor-element-3917ce6 e-con-full animated-slow e-flex elementor-invisible e-con e-child\" data-id=\"3917ce6\" data-element_type=\"container\" data-e-type=\"container\" data-settings=\"{&quot;background_background&quot;:&quot;classic&quot;,&quot;animation&quot;:&quot;fadeIn&quot;}\">\n\t\t\t\t<div class=\"elementor-element elementor-element-d4173ea elementor-widget elementor-widget-heading\" data-id=\"d4173ea\" data-element_type=\"widget\" data-e-type=\"widget\" data-settings=\"{&quot;_animation&quot;:&quot;none&quot;}\" data-widget_type=\"heading.default\">\n\t\t\t\t<div class=\"elementor-widget-container\">\n\t\t\t\t\t<h2 class=\"elementor-heading-title elementor-size-default\">Contactos<\/h2>\t\t\t\t<\/div>\n\t\t\t\t<\/div>\n\t\t\t\t<div class=\"elementor-element elementor-element-7efd392 elementor-widget elementor-widget-text-editor\" data-id=\"7efd392\" data-element_type=\"widget\" data-e-type=\"widget\" data-widget_type=\"text-editor.default\">\n\t\t\t\t<div class=\"elementor-widget-container\">\n\t\t\t\t\t\t\t\t\t<p style=\"text-align: center\"><strong>Escola B\u00e1sica e Secund\u00e1ria Dona Lucinda Andrade<\/strong><br \/>Rua da Escola, n\u00ba2<br \/>S\u00edtio do Passo<\/p><p style=\"text-align: center\">9240-217 &#8211; S\u00e3o Vicente<\/p><p style=\"text-align: center\"><strong>Email:\u00a0<span id=\"cloak07d937baf0d8a3bed360ad0e952a2b93\"><a href=\"mailto:ebsdlandrade@edu.madeira.gov.pt\">ebsdlandrade@edu.madeira.gov.pt<\/a><\/span><\/strong><br \/><strong>Telef:\u00a0<\/strong>(+351) 291 840 070<\/p>\t\t\t\t\t\t\t\t<\/div>\n\t\t\t\t<\/div>\n\t\t\t\t<\/div>\n\t\t\t\t<div class=\"elementor-element elementor-element-9b6ea66 animated-slow elementor-invisible elementor-widget elementor-widget-google_maps\" data-id=\"9b6ea66\" data-element_type=\"widget\" data-e-type=\"widget\" data-settings=\"{&quot;_animation&quot;:&quot;fadeIn&quot;}\" data-widget_type=\"google_maps.default\">\n\t\t\t\t<div class=\"elementor-widget-container\">\n\t\t\t\t\t\t\t<div class=\"elementor-custom-embed\">\n\t\t\t<iframe loading=\"lazy\"\n\t\t\t\t\tsrc=\"https:\/\/maps.google.com\/maps?q=EBSDLA%2C%20S%C3%A3o%20Vicente&#038;t=m&#038;z=17&#038;output=embed&#038;iwloc=near\"\n\t\t\t\t\ttitle=\"EBSDLA, S\u00e3o Vicente\"\n\t\t\t\t\taria-label=\"EBSDLA, S\u00e3o Vicente\"\n\t\t\t><\/iframe>\n\t\t<\/div>\n\t\t\t\t\t\t<\/div>\n\t\t\t\t<\/div>\n\t\t\t\t<\/div>\n\t\t\t\t<\/div>\n\t\t\t\t<\/div>\n\t\t","protected":false},"excerpt":{"rendered":"<p>\/*! elementor &#8211; v3.18.0 &#8211; 20-12-2023 *\/ .elementor-heading-title{padding:0;margin:0;line-height:1}.elementor-widget-heading .elementor-heading-title[class*=elementor-size-]&gt;a{color:inherit;font-size:inherit;line-height:inherit}.elementor-widget-heading .elementor-heading-title.elementor-size-small{font-size:15px}.elementor-widget-heading .elementor-heading-title.elementor-size-medium{font-size:19px}.elementor-widget-heading .elementor-heading-title.elementor-size-large{font-size:29px}.elementor-widget-heading .elementor-heading-title.elementor-size-xl{font-size:39px}.elementor-widget-heading .elementor-heading-title.elementor-size-xxl{font-size:59px} HIST\u00d3RIA A denomina\u00e7\u00e3o atribu\u00edda \u00e0 nossa escola adv\u00e9m da pessoa de Maria Lucinda de Sousa Andrade que nasceu no concelho de S\u00e3o Vicente, no dia 10 de mar\u00e7o de 1903, e faleceu no Funchal, no dia 12 de outubro de 2000. [&hellip;]<\/p>\n","protected":false},"author":5,"featured_media":0,"parent":0,"menu_order":0,"comment_status":"closed","ping_status":"closed","template":"","meta":{"site-sidebar-layout":"no-sidebar","site-content-layout":"page-builder","ast-site-content-layout":"full-width-container","site-content-style":"unboxed","site-sidebar-style":"unboxed","ast-global-header-display":"","ast-banner-title-visibility":"","ast-main-header-display":"","ast-hfb-above-header-display":"","ast-hfb-below-header-display":"","ast-hfb-mobile-header-display":"","site-post-title":"disabled","ast-breadcrumbs-content":"disabled","ast-featured-img":"disabled","footer-sml-layout":"","ast-disable-related-posts":"","theme-transparent-header-meta":"enabled","adv-header-id-meta":"","stick-header-meta":"","header-above-stick-meta":"","header-main-stick-meta":"","header-below-stick-meta":"","astra-migrate-meta-layouts":"set","ast-page-background-enabled":"default","ast-page-background-meta":{"desktop":{"background-color":"","background-image":"","background-repeat":"repeat","background-position":"center center","background-size":"auto","background-attachment":"scroll","background-type":"","background-media":"","overlay-type":"","overlay-color":"","overlay-opacity":"","overlay-gradient":""},"tablet":{"background-color":"","background-image":"","background-repeat":"repeat","background-position":"center center","background-size":"auto","background-attachment":"scroll","background-type":"","background-media":"","overlay-type":"","overlay-color":"","overlay-opacity":"","overlay-gradient":""},"mobile":{"background-color":"","background-image":"","background-repeat":"repeat","background-position":"center center","background-size":"auto","background-attachment":"scroll","background-type":"","background-media":"","overlay-type":"","overlay-color":"","overlay-opacity":"","overlay-gradient":""}},"ast-content-background-meta":{"desktop":{"background-color":"var(--ast-global-color-5)","background-image":"","background-repeat":"repeat","background-position":"center center","background-size":"auto","background-attachment":"scroll","background-type":"","background-media":"","overlay-type":"","overlay-color":"","overlay-opacity":"","overlay-gradient":""},"tablet":{"background-color":"var(--ast-global-color-5)","background-image":"","background-repeat":"repeat","background-position":"center center","background-size":"auto","background-attachment":"scroll","background-type":"","background-media":"","overlay-type":"","overlay-color":"","overlay-opacity":"","overlay-gradient":""},"mobile":{"background-color":"var(--ast-global-color-5)","background-image":"","background-repeat":"repeat","background-position":"center center","background-size":"auto","background-attachment":"scroll","background-type":"","background-media":"","overlay-type":"","overlay-color":"","overlay-opacity":"","overlay-gradient":""}},"_themeisle_gutenberg_block_has_review":false,"footnotes":""},"class_list":["post-2070","page","type-page","status-publish","hentry"],"_links":{"self":[{"href":"https:\/\/escoladigital.madeira.gov.pt\/ebsdla\/wp-json\/wp\/v2\/pages\/2070","targetHints":{"allow":["GET"]}}],"collection":[{"href":"https:\/\/escoladigital.madeira.gov.pt\/ebsdla\/wp-json\/wp\/v2\/pages"}],"about":[{"href":"https:\/\/escoladigital.madeira.gov.pt\/ebsdla\/wp-json\/wp\/v2\/types\/page"}],"author":[{"embeddable":true,"href":"https:\/\/escoladigital.madeira.gov.pt\/ebsdla\/wp-json\/wp\/v2\/users\/5"}],"replies":[{"embeddable":true,"href":"https:\/\/escoladigital.madeira.gov.pt\/ebsdla\/wp-json\/wp\/v2\/comments?post=2070"}],"version-history":[{"count":88,"href":"https:\/\/escoladigital.madeira.gov.pt\/ebsdla\/wp-json\/wp\/v2\/pages\/2070\/revisions"}],"predecessor-version":[{"id":4232,"href":"https:\/\/escoladigital.madeira.gov.pt\/ebsdla\/wp-json\/wp\/v2\/pages\/2070\/revisions\/4232"}],"wp:attachment":[{"href":"https:\/\/escoladigital.madeira.gov.pt\/ebsdla\/wp-json\/wp\/v2\/media?parent=2070"}],"curies":[{"name":"wp","href":"https:\/\/api.w.org\/{rel}","templated":true}]}}