{"id":3433,"date":"2023-12-18T10:55:19","date_gmt":"2023-12-18T10:55:19","guid":{"rendered":"https:\/\/escoladigital.madeira.gov.pt\/ebsdla\/?page_id=3433"},"modified":"2026-04-14T11:36:36","modified_gmt":"2026-04-14T11:36:36","slug":"jogos-matematicos","status":"publish","type":"page","link":"https:\/\/escoladigital.madeira.gov.pt\/ebsdla\/jogos-matematicos\/","title":{"rendered":"Jogos Matem\u00e1ticos"},"content":{"rendered":"<h3>Jogos Matem\u00e1ticos<\/h3>\n<p>\t\t\t\t\t\t\t\t\t\t\t\t\t<img fetchpriority=\"high\" decoding=\"async\" width=\"724\" height=\"1024\" src=\"https:\/\/escoladigital.madeira.gov.pt\/ebsdla\/wp-content\/uploads\/sites\/8\/2024\/11\/12-Jogos-Matematicos-24_25-724x1024.jpg\" alt=\"\" \/>\t\t\t\t\t\t\t\t\t\t\t\t\t<\/p>\n<h1>\u00daltimas Not\u00edcias<\/h1>\n<h2>\n\t\t\t<a href=\"https:\/\/escoladigital.madeira.gov.pt\/ebsdla\/2024\/11\/11\/elementor-5052\/\" target=\"_self\" rel=\"noopener\"><br \/>\n\t\t\t\tHor\u00e1rios dos apoios\t\t\t<\/a><br \/>\n\t\t<\/h2>\n<p>\t\t\t\t\t\t\t\u2022<br \/>\n\t\t\t\t\t11 de Novembro, 2024<\/p>\n<h2>\n\t\t\t<a href=\"https:\/\/escoladigital.madeira.gov.pt\/ebsdla\/2024\/09\/03\/reunioes-dos-diretores-de-turma-com-os-encarregados-de-educacao\/\" target=\"_self\" rel=\"noopener\"><br \/>\n\t\t\t\tReuni\u00f5es dos Diretores de Turma com os Encarregados de Educa\u00e7\u00e3o\t\t\t<\/a><br \/>\n\t\t<\/h2>\n<p>\t\t\t\t\t\t\t\u2022<br \/>\n\t\t\t\t\t3 de Setembro, 2024<\/p>\n<h2>\n\t\t\t<a href=\"https:\/\/escoladigital.madeira.gov.pt\/ebsdla\/2024\/09\/03\/calendario-escolar-2024-2025\/\" target=\"_self\" rel=\"noopener\"><br \/>\n\t\t\t\tCalend\u00e1rio Escolar 2024\/2025\t\t\t<\/a><br \/>\n\t\t<\/h2>\n<p>\t\t\t\t\t\t\t\u2022<br \/>\n\t\t\t\t\t3 de Setembro, 2024<\/p>\n<h2>\n\t\t\t<a href=\"https:\/\/escoladigital.madeira.gov.pt\/ebsdla\/2024\/07\/17\/elementor-4926\/\" target=\"_self\" rel=\"noopener\"><br \/>\n\t\t\t\tCalendariza\u00e7\u00e3o da Componente Oral dos Exames Nacionais das L\u00ednguas Estrangeiras\/PLNM -2\u00aa Fase 2024 RAM\t\t\t<\/a><br \/>\n\t\t<\/h2>\n<p>\t\t\t\t\t\t\t\u2022<br \/>\n\t\t\t\t\t17 de Julho, 2024<\/p>\n<h2>\n\t\t\t<a href=\"https:\/\/escoladigital.madeira.gov.pt\/ebsdla\/2024\/07\/05\/calendarizacao-das-orais-de-lingua-estrangeira-2a-fase\/\" target=\"_self\" rel=\"noopener\"><br \/>\n\t\t\t\tCalendariza\u00e7\u00e3o das orais de L\u00edngua Estrangeira -2\u00aa fase.\t\t\t<\/a><br \/>\n\t\t<\/h2>\n<p>\t\t\t\t\t\t\t\u2022<br \/>\n\t\t\t\t\t5 de Julho, 2024<\/p>\n<h2>\n\t\t\t<a href=\"https:\/\/escoladigital.madeira.gov.pt\/ebsdla\/2024\/07\/02\/elenco-das-provas-de-ingresso-ao-ensino-superior\/\" target=\"_self\" rel=\"noopener\"><br \/>\n\t\t\t\tElenco das provas de ingresso ao ensino superior\t\t\t<\/a><br \/>\n\t\t<\/h2>\n<p>\t\t\t\t\t\t\t\u2022<br \/>\n\t\t\t\t\t2 de Julho, 2024<\/p>\n<h2>Contactos<\/h2>\n<p style=\"text-align: center\"><strong>Escola B\u00e1sica e Secund\u00e1ria Dona Lucinda Andrade<\/strong><br \/>Rua da Escola, n\u00ba2<br \/>S\u00edtio do Passo<\/p>\n<p style=\"text-align: center\">9240-217 &#8211; S\u00e3o Vicente<\/p>\n<p style=\"text-align: center\"><strong>Email:\u00a0<a href=\"mailto:ebsdlandrade@edu.madeira.gov.pt\">ebsdlandrade@edu.madeira.gov.pt<\/a><\/strong><br \/><strong>Telef:\u00a0<\/strong>(+351) 291 840 070<\/p>\n<p>\t\t\t<iframe src=\"https:\/\/maps.google.com\/maps?q=EBSDLA%2C%20S%C3%A3o%20Vicente&#038;t=m&#038;z=17&#038;output=embed&#038;iwloc=near\" title=\"EBSDLA, S\u00e3o Vicente\"><\/iframe><\/p>\n","protected":false},"excerpt":{"rendered":"<p>Jogos Matem\u00e1ticos \u00daltimas Not\u00edcias Hor\u00e1rios dos apoios \u2022 11 de Novembro, 2024 Reuni\u00f5es dos Diretores de Turma com os Encarregados de Educa\u00e7\u00e3o \u2022 3 de Setembro, 2024 Calend\u00e1rio Escolar 2024\/2025 \u2022 3 de Setembro, 2024 Calendariza\u00e7\u00e3o da Componente Oral dos Exames Nacionais das L\u00ednguas Estrangeiras\/PLNM -2\u00aa Fase 2024 RAM \u2022 17 de Julho, 2024 Calendariza\u00e7\u00e3o [&hellip;]<\/p>\n","protected":false},"author":5,"featured_media":0,"parent":0,"menu_order":0,"comment_status":"closed","ping_status":"closed","template":"","meta":{"site-sidebar-layout":"no-sidebar","site-content-layout":"page-builder","ast-site-content-layout":"full-width-container","site-content-style":"unboxed","site-sidebar-style":"unboxed","ast-global-header-display":"","ast-banner-title-visibility":"","ast-main-header-display":"","ast-hfb-above-header-display":"","ast-hfb-below-header-display":"","ast-hfb-mobile-header-display":"","site-post-title":"disabled","ast-breadcrumbs-content":"disabled","ast-featured-img":"disabled","footer-sml-layout":"","ast-disable-related-posts":"","theme-transparent-header-meta":"enabled","adv-header-id-meta":"","stick-header-meta":"","header-above-stick-meta":"","header-main-stick-meta":"","header-below-stick-meta":"","astra-migrate-meta-layouts":"set","ast-page-background-enabled":"default","ast-page-background-meta":{"desktop":{"background-color":"","background-image":"","background-repeat":"repeat","background-position":"center center","background-size":"auto","background-attachment":"scroll","background-type":"","background-media":"","overlay-type":"","overlay-color":"","overlay-opacity":"","overlay-gradient":""},"tablet":{"background-color":"","background-image":"","background-repeat":"repeat","background-position":"center center","background-size":"auto","background-attachment":"scroll","background-type":"","background-media":"","overlay-type":"","overlay-color":"","overlay-opacity":"","overlay-gradient":""},"mobile":{"background-color":"","background-image":"","background-repeat":"repeat","background-position":"center center","background-size":"auto","background-attachment":"scroll","background-type":"","background-media":"","overlay-type":"","overlay-color":"","overlay-opacity":"","overlay-gradient":""}},"ast-content-background-meta":{"desktop":{"background-color":"var(--ast-global-color-5)","background-image":"","background-repeat":"repeat","background-position":"center center","background-size":"auto","background-attachment":"scroll","background-type":"","background-media":"","overlay-type":"","overlay-color":"","overlay-opacity":"","overlay-gradient":""},"tablet":{"background-color":"var(--ast-global-color-5)","background-image":"","background-repeat":"repeat","background-position":"center center","background-size":"auto","background-attachment":"scroll","background-type":"","background-media":"","overlay-type":"","overlay-color":"","overlay-opacity":"","overlay-gradient":""},"mobile":{"background-color":"var(--ast-global-color-5)","background-image":"","background-repeat":"repeat","background-position":"center center","background-size":"auto","background-attachment":"scroll","background-type":"","background-media":"","overlay-type":"","overlay-color":"","overlay-opacity":"","overlay-gradient":""}},"_themeisle_gutenberg_block_has_review":false,"footnotes":""},"class_list":["post-3433","page","type-page","status-publish","hentry"],"_links":{"self":[{"href":"https:\/\/escoladigital.madeira.gov.pt\/ebsdla\/wp-json\/wp\/v2\/pages\/3433","targetHints":{"allow":["GET"]}}],"collection":[{"href":"https:\/\/escoladigital.madeira.gov.pt\/ebsdla\/wp-json\/wp\/v2\/pages"}],"about":[{"href":"https:\/\/escoladigital.madeira.gov.pt\/ebsdla\/wp-json\/wp\/v2\/types\/page"}],"author":[{"embeddable":true,"href":"https:\/\/escoladigital.madeira.gov.pt\/ebsdla\/wp-json\/wp\/v2\/users\/5"}],"replies":[{"embeddable":true,"href":"https:\/\/escoladigital.madeira.gov.pt\/ebsdla\/wp-json\/wp\/v2\/comments?post=3433"}],"version-history":[{"count":19,"href":"https:\/\/escoladigital.madeira.gov.pt\/ebsdla\/wp-json\/wp\/v2\/pages\/3433\/revisions"}],"predecessor-version":[{"id":5119,"href":"https:\/\/escoladigital.madeira.gov.pt\/ebsdla\/wp-json\/wp\/v2\/pages\/3433\/revisions\/5119"}],"wp:attachment":[{"href":"https:\/\/escoladigital.madeira.gov.pt\/ebsdla\/wp-json\/wp\/v2\/media?parent=3433"}],"curies":[{"name":"wp","href":"https:\/\/api.w.org\/{rel}","templated":true}]}}