{"id":121,"date":"2024-07-10T17:29:08","date_gmt":"2024-07-10T17:29:08","guid":{"rendered":"https:\/\/escoladigital.madeira.gov.pt\/ebspdffbranco\/?page_id=121"},"modified":"2025-11-28T10:57:49","modified_gmt":"2025-11-28T10:57:49","slug":"plano-tic","status":"publish","type":"page","link":"https:\/\/escoladigital.madeira.gov.pt\/ebspdffbranco\/plano-tic\/","title":{"rendered":"Plano TIC"},"content":{"rendered":"\n<div class=\"wp-block-columns is-layout-flex wp-container-core-columns-is-layout-28f84493 wp-block-columns-is-layout-flex\">\n<div class=\"wp-block-column is-layout-flow wp-block-column-is-layout-flow\">\n<p>O plano de a\u00e7\u00e3o anual para as TIC (Plano TIC) a partir do qual se pretende, entre outros,<br>promover a integra\u00e7\u00e3o da utiliza\u00e7\u00e3o das TIC nas atividades letivas e n\u00e3o letivas do respetivo estabelecimento de educa\u00e7\u00e3o e ou ensino, rentabilizando os meios inform\u00e1ticos e audiovisuais dispon\u00edveis e generalizando a sua utiliza\u00e7\u00e3o por todos os elementos da comunidade educativa.<br><br>O plano TIC pretende trabalhar \u00e0s seguintes \u00e1reas de compet\u00eancia: A1 \u2013 Literacia da Informa\u00e7\u00e3o, A2 \u2013 Comunica\u00e7\u00e3o e Cidadania, A3 \u2013 Cria\u00e7\u00e3o de Conte\u00fados, A4 \u2013 Seguran\u00e7a e Privacidade e ainda, A5 \u2013 Desenvolvimento de Solu\u00e7\u00f5es.<br><br>Este Plano faz n\u00e3o \u00e9 estanque, podendo ao longo do ano integrar mais atividades propostas.<\/p>\n\n\n\n<figure class=\"wp-block-image aligncenter size-full is-resized\"><a href=\"https:\/\/escoladigital.madeira.gov.pt\/ebspdffbranco\/wp-content\/uploads\/sites\/19\/2025\/11\/PLANOTIC2526_Porto-Santo_V1.pdf\" target=\"_blank\" rel=\"noreferrer noopener\"><img fetchpriority=\"high\" decoding=\"async\" width=\"451\" height=\"452\" src=\"https:\/\/escoladigital.madeira.gov.pt\/ebspdffbranco\/wp-content\/uploads\/sites\/19\/2025\/11\/imgplanotic.png\" alt=\"\" class=\"wp-image-4587\" style=\"width:320px;height:auto\" srcset=\"https:\/\/escoladigital.madeira.gov.pt\/ebspdffbranco\/wp-content\/uploads\/sites\/19\/2025\/11\/imgplanotic.png 451w, https:\/\/escoladigital.madeira.gov.pt\/ebspdffbranco\/wp-content\/uploads\/sites\/19\/2025\/11\/imgplanotic-300x300.png 300w, https:\/\/escoladigital.madeira.gov.pt\/ebspdffbranco\/wp-content\/uploads\/sites\/19\/2025\/11\/imgplanotic-150x150.png 150w\" sizes=\"(max-width: 451px) 100vw, 451px\" \/><\/a><\/figure>\n<\/div>\n<\/div>\n\n\n\n<div style=\"height:100px\" aria-hidden=\"true\" class=\"wp-block-spacer\"><\/div>\n","protected":false},"excerpt":{"rendered":"<p>O plano de a\u00e7\u00e3o anual para as TIC (Plano TIC) a partir do qual se pretende, entre outros,promover a integra\u00e7\u00e3o da utiliza\u00e7\u00e3o das TIC nas atividades letivas e n\u00e3o letivas do respetivo estabelecimento de educa\u00e7\u00e3o e ou ensino, rentabilizando os meios inform\u00e1ticos e audiovisuais dispon\u00edveis e generalizando a sua utiliza\u00e7\u00e3o por todos os elementos da [&hellip;]<\/p>\n","protected":false},"author":28,"featured_media":0,"parent":0,"menu_order":0,"comment_status":"closed","ping_status":"closed","template":"","meta":{"_themeisle_gutenberg_block_has_review":false,"footnotes":""},"class_list":["post-121","page","type-page","status-publish","hentry"],"_links":{"self":[{"href":"https:\/\/escoladigital.madeira.gov.pt\/ebspdffbranco\/wp-json\/wp\/v2\/pages\/121","targetHints":{"allow":["GET"]}}],"collection":[{"href":"https:\/\/escoladigital.madeira.gov.pt\/ebspdffbranco\/wp-json\/wp\/v2\/pages"}],"about":[{"href":"https:\/\/escoladigital.madeira.gov.pt\/ebspdffbranco\/wp-json\/wp\/v2\/types\/page"}],"author":[{"embeddable":true,"href":"https:\/\/escoladigital.madeira.gov.pt\/ebspdffbranco\/wp-json\/wp\/v2\/users\/28"}],"replies":[{"embeddable":true,"href":"https:\/\/escoladigital.madeira.gov.pt\/ebspdffbranco\/wp-json\/wp\/v2\/comments?post=121"}],"version-history":[{"count":8,"href":"https:\/\/escoladigital.madeira.gov.pt\/ebspdffbranco\/wp-json\/wp\/v2\/pages\/121\/revisions"}],"predecessor-version":[{"id":4588,"href":"https:\/\/escoladigital.madeira.gov.pt\/ebspdffbranco\/wp-json\/wp\/v2\/pages\/121\/revisions\/4588"}],"wp:attachment":[{"href":"https:\/\/escoladigital.madeira.gov.pt\/ebspdffbranco\/wp-json\/wp\/v2\/media?parent=121"}],"curies":[{"name":"wp","href":"https:\/\/api.w.org\/{rel}","templated":true}]}}