{"id":187,"date":"2024-07-10T15:01:56","date_gmt":"2024-07-10T15:01:56","guid":{"rendered":"https:\/\/escoladigital.madeira.gov.pt\/ebspdffbranco\/?page_id=187"},"modified":"2024-09-10T09:29:06","modified_gmt":"2024-09-10T09:29:06","slug":"regulamento-interno","status":"publish","type":"page","link":"https:\/\/escoladigital.madeira.gov.pt\/ebspdffbranco\/regulamento-interno\/","title":{"rendered":"Regulamento Interno"},"content":{"rendered":"\n<p>O&nbsp;<strong>regulamento interno<\/strong>&nbsp;pretende tornar-se transparente a todos os intervenientes no processo educativo o regime de funcionamento da escola, de cada um dos seus \u00f3rg\u00e3os e servi\u00e7os, e orient\u00e1\u2011los nos seus direitos e deveres como membros desta comunidade espec\u00edfica.<\/p>\n\n\n\n<figure class=\"wp-block-image aligncenter size-full is-resized is-style-rounded is-style-rounded--1\"><a href=\"https:\/\/escoladigital.madeira.gov.pt\/ebspdffbranco\/wp-content\/uploads\/sites\/19\/2024\/08\/Regulamento-Internopdf.pdf\" target=\"_blank\" rel=\"noreferrer noopener\"><img fetchpriority=\"high\" decoding=\"async\" width=\"462\" height=\"631\" src=\"https:\/\/escoladigital.madeira.gov.pt\/ebspdffbranco\/wp-content\/uploads\/sites\/19\/2024\/08\/regulamentointerno.png\" alt=\"\" class=\"wp-image-546\" style=\"aspect-ratio:1;width:316px;height:auto\" srcset=\"https:\/\/escoladigital.madeira.gov.pt\/ebspdffbranco\/wp-content\/uploads\/sites\/19\/2024\/08\/regulamentointerno.png 462w, https:\/\/escoladigital.madeira.gov.pt\/ebspdffbranco\/wp-content\/uploads\/sites\/19\/2024\/08\/regulamentointerno-220x300.png 220w\" sizes=\"(max-width: 462px) 100vw, 462px\" \/><\/a><\/figure>\n\n\n\n<p>Deseja\u2011se tamb\u00e9m que a&nbsp;<strong>Escola B\u00e1sica e Secund\u00e1ria Professor Dr. Francisco Freitas Branco, Porto Santo<\/strong>&nbsp;promova uma educa\u00e7\u00e3o de qualidade que contribua claramente para a forma\u00e7\u00e3o integral de jovens e, desse modo, para a melhoria da sociedade em geral e da comunidade portossantense em particular.<\/p>\n\n\n\n<div class=\"wp-block-group alignwide is-nowrap is-layout-flex wp-container-core-group-is-layout-6c531013 wp-block-group-is-layout-flex\">\n<div class=\"wp-block-group is-vertical is-content-justification-center is-layout-flex wp-container-core-group-is-layout-fa38c63a wp-block-group-is-layout-flex\">\n<div class=\"wp-block-columns is-layout-flex wp-container-core-columns-is-layout-28f84493 wp-block-columns-is-layout-flex\">\n<div class=\"wp-block-column is-layout-flow wp-block-column-is-layout-flow\" style=\"flex-basis:100%\"><\/div>\n<\/div>\n<\/div>\n\n\n\n<div style=\"height:100px;width:0px\" aria-hidden=\"true\" class=\"wp-block-spacer wp-container-content-6388d5dc\"><\/div>\n<\/div>\n","protected":false},"excerpt":{"rendered":"<p>O&nbsp;regulamento interno&nbsp;pretende tornar-se transparente a todos os intervenientes no processo educativo o regime de funcionamento da escola, de cada um dos seus \u00f3rg\u00e3os e servi\u00e7os, e orient\u00e1\u2011los nos seus direitos e deveres como membros desta comunidade espec\u00edfica. Deseja\u2011se tamb\u00e9m que a&nbsp;Escola B\u00e1sica e Secund\u00e1ria Professor Dr. Francisco Freitas Branco, Porto Santo&nbsp;promova uma educa\u00e7\u00e3o de qualidade [&hellip;]<\/p>\n","protected":false},"author":28,"featured_media":0,"parent":0,"menu_order":0,"comment_status":"closed","ping_status":"closed","template":"","meta":{"_themeisle_gutenberg_block_has_review":false,"footnotes":""},"class_list":["post-187","page","type-page","status-publish","hentry"],"_links":{"self":[{"href":"https:\/\/escoladigital.madeira.gov.pt\/ebspdffbranco\/wp-json\/wp\/v2\/pages\/187","targetHints":{"allow":["GET"]}}],"collection":[{"href":"https:\/\/escoladigital.madeira.gov.pt\/ebspdffbranco\/wp-json\/wp\/v2\/pages"}],"about":[{"href":"https:\/\/escoladigital.madeira.gov.pt\/ebspdffbranco\/wp-json\/wp\/v2\/types\/page"}],"author":[{"embeddable":true,"href":"https:\/\/escoladigital.madeira.gov.pt\/ebspdffbranco\/wp-json\/wp\/v2\/users\/28"}],"replies":[{"embeddable":true,"href":"https:\/\/escoladigital.madeira.gov.pt\/ebspdffbranco\/wp-json\/wp\/v2\/comments?post=187"}],"version-history":[{"count":18,"href":"https:\/\/escoladigital.madeira.gov.pt\/ebspdffbranco\/wp-json\/wp\/v2\/pages\/187\/revisions"}],"predecessor-version":[{"id":734,"href":"https:\/\/escoladigital.madeira.gov.pt\/ebspdffbranco\/wp-json\/wp\/v2\/pages\/187\/revisions\/734"}],"wp:attachment":[{"href":"https:\/\/escoladigital.madeira.gov.pt\/ebspdffbranco\/wp-json\/wp\/v2\/media?parent=187"}],"curies":[{"name":"wp","href":"https:\/\/api.w.org\/{rel}","templated":true}]}}