{"id":1050,"date":"2025-01-06T15:32:25","date_gmt":"2025-01-06T15:32:25","guid":{"rendered":"https:\/\/escoladigital.madeira.gov.pt\/ebspecalheta\/?page_id=1050"},"modified":"2025-09-20T19:05:21","modified_gmt":"2025-09-20T19:05:21","slug":"artes-plasticas","status":"publish","type":"page","link":"https:\/\/escoladigital.madeira.gov.pt\/ebspecalheta\/projetos\/artes-plasticas\/","title":{"rendered":"Artes Pl\u00e1sticas"},"content":{"rendered":"\t\t<div data-elementor-type=\"wp-page\" data-elementor-id=\"1050\" class=\"elementor elementor-1050\">\n\t\t\t\t<div class=\"elementor-element elementor-element-f4c6683 e-flex e-con-boxed e-con e-parent\" data-id=\"f4c6683\" data-element_type=\"container\" data-e-type=\"container\">\n\t\t\t\t\t<div class=\"e-con-inner\">\n\t\t\t\t<div class=\"elementor-element elementor-element-cb5305b elementor-widget elementor-widget-text-editor\" data-id=\"cb5305b\" data-element_type=\"widget\" data-e-type=\"widget\" data-widget_type=\"text-editor.default\">\n\t\t\t\t<div class=\"elementor-widget-container\">\n\t\t\t\t\t\t\t\t\t<h2>Artes Pl\u00e1sticas<\/h2>\t\t\t\t\t\t\t\t<\/div>\n\t\t\t\t<\/div>\n\t\t\t\t<div class=\"elementor-element elementor-element-f58a42b elementor-widget elementor-widget-text-editor\" data-id=\"f58a42b\" data-element_type=\"widget\" data-e-type=\"widget\" data-widget_type=\"text-editor.default\">\n\t\t\t\t<div class=\"elementor-widget-container\">\n\t\t\t\t\t\t\t\t\t<p style=\"text-align: justify\"><span class=\"TextRun SCXW188617167 BCX0\" lang=\"PT-PT\" xml:lang=\"PT-PT\" data-contrast=\"auto\"><span class=\"NormalTextRun SCXW188617167 BCX0\">Este projeto visa a realiza\u00e7\u00e3o de projetos de artes pl\u00e1sticas, explorando materiais e t\u00e9cnicas variadas.\u00a0<\/span><\/span><span class=\"EOP SCXW188617167 BCX0\" data-ccp-props=\"{}\">\u00a0<\/span><\/p>\t\t\t\t\t\t\t\t<\/div>\n\t\t\t\t<\/div>\n\t\t\t\t\t<\/div>\n\t\t\t\t<\/div>\n\t\t<div class=\"elementor-element elementor-element-d226499 e-flex e-con-boxed e-con e-parent\" data-id=\"d226499\" data-element_type=\"container\" data-e-type=\"container\">\n\t\t\t\t\t<div class=\"e-con-inner\">\n\t\t\t\t<div class=\"elementor-element elementor-element-20f838c elementor-widget elementor-widget-html\" data-id=\"20f838c\" data-element_type=\"widget\" data-e-type=\"widget\" data-widget_type=\"html.default\">\n\t\t\t\t<div class=\"elementor-widget-container\">\n\t\t\t\t\t<table style=\"border-collapse: collapse;width: 100%;font-family: Arial, sans-serif;text-align: center;border: 2px solid #517FAA\">\r\n  <thead>\r\n    <tr style=\"background-color: #517FAA;color: white\">\r\n      <th style=\"border: 1px solid white;padding: 8px\">Polo da Calheta<\/th>\r\n      <th style=\"border: 1px solid white;padding: 8px\">2.\u00aa Feira<\/th>\r\n      <th style=\"border: 1px solid white;padding: 8px\">3.\u00aa Feira<\/th>\r\n      <th style=\"border: 1px solid white;padding: 8px\">4.\u00aa Feira<\/th>\r\n      <th style=\"border: 1px solid white;padding: 8px\">5.\u00aa Feira<\/th>\r\n      <th style=\"border: 1px solid white;padding: 8px\">6.\u00aa Feira<\/th>\r\n    <\/tr>\r\n  <\/thead>\r\n  <tbody>\r\n    <tr style=\"background-color: #f2f2f2\">\r\n      <td style=\"border: 1px solid #517FAA;padding: 8px\">Artes Pl\u00e1sticas<br><\/td>\r\n      <td style=\"border: 1px solid #517FAA;padding: 8px\"><\/td>\r\n      <td style=\"border: 1px solid #517FAA;padding: 8px\"><br><\/td>\r\n      <td style=\"border: 1px solid #517FAA;padding: 8px\"><\/td>\r\n      <td style=\"border: 1px solid #517FAA;padding: 8px\"><br><\/td>\r\n      <td style=\"border: 1px solid #517FAA;padding: 8px\"><\/td>\r\n    <\/tr>\r\n  <\/tbody>\r\n<\/table>\r\n\t\t\t\t<\/div>\n\t\t\t\t<\/div>\n\t\t\t\t\t<\/div>\n\t\t\t\t<\/div>\n\t\t<div class=\"elementor-element elementor-element-539656f e-flex e-con-boxed e-con e-parent\" data-id=\"539656f\" data-element_type=\"container\" data-e-type=\"container\">\n\t\t\t\t\t<div class=\"e-con-inner\">\n\t\t\t\t<div class=\"elementor-element elementor-element-f9c9a5b elementor-widget elementor-widget-html\" data-id=\"f9c9a5b\" data-element_type=\"widget\" data-e-type=\"widget\" data-widget_type=\"html.default\">\n\t\t\t\t<div class=\"elementor-widget-container\">\n\t\t\t\t\t<table style=\"border-collapse: collapse;width: 100%;font-family: Arial, sans-serif;text-align: center;border: 2px solid #517FAA\">\r\n  <thead>\r\n    <tr style=\"background-color: #517FAA;color: white\">\r\n      <th style=\"border: 1px solid white;padding: 8px\">Polo da Faj\u00e3<\/th>\r\n      <th style=\"border: 1px solid white;padding: 8px\">2.\u00aa Feira<\/th>\r\n      <th style=\"border: 1px solid white;padding: 8px\">3.\u00aa Feira<\/th>\r\n      <th style=\"border: 1px solid white;padding: 8px\">4.\u00aa Feira<\/th>\r\n      <th style=\"border: 1px solid white;padding: 8px\">5.\u00aa Feira<\/th>\r\n      <th style=\"border: 1px solid white;padding: 8px\">6.\u00aa Feira<\/th>\r\n    <\/tr>\r\n  <\/thead>\r\n  <tbody>\r\n    <tr style=\"background-color: #f2f2f2\">\r\n      <td style=\"border: 1px solid #517FAA;padding: 8px\">Artes Pl\u00e1sticas<br><\/td>\r\n      <td style=\"border: 1px solid #517FAA;padding: 8px\"><\/td>\r\n      <td style=\"border: 1px solid #517FAA;padding: 8px\"><\/td>\r\n      <td style=\"border: 1px solid #517FAA;padding: 8px\"><\/td>\r\n      <td style=\"border: 1px solid #517FAA;padding: 8px\"><\/td>\r\n      <td style=\"border: 1px solid #517FAA;padding: 8px\"><\/td>\r\n    <\/tr>\r\n  <\/tbody>\r\n<\/table>\r\n\t\t\t\t<\/div>\n\t\t\t\t<\/div>\n\t\t\t\t\t<\/div>\n\t\t\t\t<\/div>\n\t\t<div class=\"elementor-element elementor-element-194b442 e-flex e-con-boxed e-con e-parent\" data-id=\"194b442\" data-element_type=\"container\" data-e-type=\"container\" data-settings=\"{&quot;position&quot;:&quot;absolute&quot;}\">\n\t\t\t\t\t<div class=\"e-con-inner\">\n\t\t\t\t\t<\/div>\n\t\t\t\t<\/div>\n\t\t<div class=\"elementor-element elementor-element-2182c8b e-flex e-con-boxed e-con e-parent\" data-id=\"2182c8b\" data-element_type=\"container\" data-e-type=\"container\">\n\t\t\t\t\t<div class=\"e-con-inner\">\n\t\t\t\t<div class=\"elementor-element elementor-element-dd0aa84 elementor-grid-eael-col-4 elementor-grid-tablet-eael-col-2 elementor-grid-mobile-eael-col-1 elementor-widget elementor-widget-eael-post-grid\" data-id=\"dd0aa84\" data-element_type=\"widget\" data-e-type=\"widget\" data-settings=\"{&quot;eael_post_grid_columns&quot;:&quot;eael-col-4&quot;,&quot;eael_post_grid_columns_tablet&quot;:&quot;eael-col-2&quot;,&quot;eael_post_grid_columns_mobile&quot;:&quot;eael-col-1&quot;}\" data-widget_type=\"eael-post-grid.default\">\n\t\t\t\t<div class=\"elementor-widget-container\">\n\t\t\t\t\t<div id=\"eael-post-grid-dd0aa84\" class=\"eael-post-grid-container\">\n            <div class=\"eael-post-grid eael-post-appender eael-post-appender-dd0aa84 eael-post-grid-style-one\" data-layout-mode=\"grid\"><p class=\"no-posts-found\">No posts found!<\/p><\/div>\n            <div class=\"clearfix\"><\/div>\n        <\/div>\t\t\t\t<\/div>\n\t\t\t\t<\/div>\n\t\t\t\t\t<\/div>\n\t\t\t\t<\/div>\n\t\t\t\t<\/div>\n\t\t","protected":false},"excerpt":{"rendered":"<p>Artes Pl\u00e1sticas Este projeto visa a realiza\u00e7\u00e3o de projetos de artes pl\u00e1sticas, explorando materiais e t\u00e9cnicas variadas.\u00a0\u00a0 Polo da Calheta 2.\u00aa Feira 3.\u00aa Feira 4.\u00aa Feira 5.\u00aa Feira 6.\u00aa Feira Artes Pl\u00e1sticas Polo da Faj\u00e3 2.\u00aa Feira 3.\u00aa Feira 4.\u00aa Feira 5.\u00aa Feira 6.\u00aa Feira Artes Pl\u00e1sticas No posts found!<\/p>\n","protected":false},"author":78,"featured_media":0,"parent":113,"menu_order":0,"comment_status":"closed","ping_status":"closed","template":"","meta":{"site-sidebar-layout":"default","site-content-layout":"","ast-site-content-layout":"default","site-content-style":"default","site-sidebar-style":"default","ast-global-header-display":"","ast-banner-title-visibility":"","ast-main-header-display":"","ast-hfb-above-header-display":"","ast-hfb-below-header-display":"","ast-hfb-mobile-header-display":"","site-post-title":"","ast-breadcrumbs-content":"","ast-featured-img":"","footer-sml-layout":"","ast-disable-related-posts":"","theme-transparent-header-meta":"","adv-header-id-meta":"","stick-header-meta":"","header-above-stick-meta":"","header-main-stick-meta":"","header-below-stick-meta":"","astra-migrate-meta-layouts":"default","ast-page-background-enabled":"default","ast-page-background-meta":{"desktop":{"background-color":"var(--ast-global-color-4)","background-image":"","background-repeat":"repeat","background-position":"center center","background-size":"auto","background-attachment":"scroll","background-type":"","background-media":"","overlay-type":"","overlay-color":"","overlay-opacity":"","overlay-gradient":""},"tablet":{"background-color":"","background-image":"","background-repeat":"repeat","background-position":"center center","background-size":"auto","background-attachment":"scroll","background-type":"","background-media":"","overlay-type":"","overlay-color":"","overlay-opacity":"","overlay-gradient":""},"mobile":{"background-color":"","background-image":"","background-repeat":"repeat","background-position":"center center","background-size":"auto","background-attachment":"scroll","background-type":"","background-media":"","overlay-type":"","overlay-color":"","overlay-opacity":"","overlay-gradient":""}},"ast-content-background-meta":{"desktop":{"background-color":"var(--ast-global-color-5)","background-image":"","background-repeat":"repeat","background-position":"center center","background-size":"auto","background-attachment":"scroll","background-type":"","background-media":"","overlay-type":"","overlay-color":"","overlay-opacity":"","overlay-gradient":""},"tablet":{"background-color":"var(--ast-global-color-5)","background-image":"","background-repeat":"repeat","background-position":"center center","background-size":"auto","background-attachment":"scroll","background-type":"","background-media":"","overlay-type":"","overlay-color":"","overlay-opacity":"","overlay-gradient":""},"mobile":{"background-color":"var(--ast-global-color-5)","background-image":"","background-repeat":"repeat","background-position":"center center","background-size":"auto","background-attachment":"scroll","background-type":"","background-media":"","overlay-type":"","overlay-color":"","overlay-opacity":"","overlay-gradient":""}},"_themeisle_gutenberg_block_has_review":false,"footnotes":""},"class_list":["post-1050","page","type-page","status-publish","hentry"],"_links":{"self":[{"href":"https:\/\/escoladigital.madeira.gov.pt\/ebspecalheta\/wp-json\/wp\/v2\/pages\/1050","targetHints":{"allow":["GET"]}}],"collection":[{"href":"https:\/\/escoladigital.madeira.gov.pt\/ebspecalheta\/wp-json\/wp\/v2\/pages"}],"about":[{"href":"https:\/\/escoladigital.madeira.gov.pt\/ebspecalheta\/wp-json\/wp\/v2\/types\/page"}],"author":[{"embeddable":true,"href":"https:\/\/escoladigital.madeira.gov.pt\/ebspecalheta\/wp-json\/wp\/v2\/users\/78"}],"replies":[{"embeddable":true,"href":"https:\/\/escoladigital.madeira.gov.pt\/ebspecalheta\/wp-json\/wp\/v2\/comments?post=1050"}],"version-history":[{"count":44,"href":"https:\/\/escoladigital.madeira.gov.pt\/ebspecalheta\/wp-json\/wp\/v2\/pages\/1050\/revisions"}],"predecessor-version":[{"id":3990,"href":"https:\/\/escoladigital.madeira.gov.pt\/ebspecalheta\/wp-json\/wp\/v2\/pages\/1050\/revisions\/3990"}],"up":[{"embeddable":true,"href":"https:\/\/escoladigital.madeira.gov.pt\/ebspecalheta\/wp-json\/wp\/v2\/pages\/113"}],"wp:attachment":[{"href":"https:\/\/escoladigital.madeira.gov.pt\/ebspecalheta\/wp-json\/wp\/v2\/media?parent=1050"}],"curies":[{"name":"wp","href":"https:\/\/api.w.org\/{rel}","templated":true}]}}