{"id":1062,"date":"2025-01-06T15:39:05","date_gmt":"2025-01-06T15:39:05","guid":{"rendered":"https:\/\/escoladigital.madeira.gov.pt\/ebspecalheta\/?page_id=1062"},"modified":"2025-09-20T19:12:13","modified_gmt":"2025-09-20T19:12:13","slug":"bocas-rbes","status":"publish","type":"page","link":"https:\/\/escoladigital.madeira.gov.pt\/ebspecalheta\/projetos\/bocas-rbes\/","title":{"rendered":"Bocas &#8211; RBES"},"content":{"rendered":"\t\t<div data-elementor-type=\"wp-page\" data-elementor-id=\"1062\" class=\"elementor elementor-1062\">\n\t\t\t\t<div class=\"elementor-element elementor-element-3083670 e-flex e-con-boxed e-con e-parent\" data-id=\"3083670\" data-element_type=\"container\" data-e-type=\"container\">\n\t\t\t\t\t<div class=\"e-con-inner\">\n\t\t\t\t<div class=\"elementor-element elementor-element-f45016a elementor-widget elementor-widget-heading\" data-id=\"f45016a\" data-element_type=\"widget\" data-e-type=\"widget\" data-widget_type=\"heading.default\">\n\t\t\t\t<div class=\"elementor-widget-container\">\n\t\t\t\t\t<h3 class=\"elementor-heading-title elementor-size-default\">Bocas - RBES<\/h3>\t\t\t\t<\/div>\n\t\t\t\t<\/div>\n\t\t\t\t\t<\/div>\n\t\t\t\t<\/div>\n\t\t<div class=\"elementor-element elementor-element-10d4d67 e-flex e-con-boxed e-con e-parent\" data-id=\"10d4d67\" data-element_type=\"container\" data-e-type=\"container\">\n\t\t\t\t\t<div class=\"e-con-inner\">\n\t\t\t\t<div class=\"elementor-element elementor-element-436ecd7 elementor-widget elementor-widget-text-editor\" data-id=\"436ecd7\" data-element_type=\"widget\" data-e-type=\"widget\" data-widget_type=\"text-editor.default\">\n\t\t\t\t<div class=\"elementor-widget-container\">\n\t\t\t\t\t\t\t\t\t<p>Este projeto visa incutir nos alunos h\u00e1bitos saud\u00e1veis na \u00e1rea da alimenta\u00e7\u00e3o. Entre outras, este projeto desenvolve as seguintes atividades:<\/p><p>&#8211; confe\u00e7\u00e3o de receitas saud\u00e1veis;<\/p><p>&#8211; campanhas de consciencializa\u00e7\u00e3o da comunidade escolar sobre a higiene e seguran\u00e7a alimentar.<\/p>\t\t\t\t\t\t\t\t<\/div>\n\t\t\t\t<\/div>\n\t\t\t\t\t<\/div>\n\t\t\t\t<\/div>\n\t\t<div class=\"elementor-element elementor-element-64b686f e-flex e-con-boxed e-con e-parent\" data-id=\"64b686f\" data-element_type=\"container\" data-e-type=\"container\">\n\t\t\t\t\t<div class=\"e-con-inner\">\n\t\t\t\t<div class=\"elementor-element elementor-element-a949154 elementor-widget elementor-widget-html\" data-id=\"a949154\" data-element_type=\"widget\" data-e-type=\"widget\" data-widget_type=\"html.default\">\n\t\t\t\t<div class=\"elementor-widget-container\">\n\t\t\t\t\t<table style=\"border-collapse: collapse;width: 100%;font-family: Arial, sans-serif;text-align: center;border: 2px solid #517FAA\">\r\n  <thead>\r\n    <tr style=\"background-color: #517FAA;color: white\">\r\n      <th style=\"border: 1px solid white;padding: 8px\">Polo da Calheta<\/th>\r\n      <th style=\"border: 1px solid white;padding: 8px\">2.\u00aa Feira<\/th>\r\n      <th style=\"border: 1px solid white;padding: 8px\">3.\u00aa Feira<\/th>\r\n      <th style=\"border: 1px solid white;padding: 8px\">4.\u00aa Feira<\/th>\r\n      <th style=\"border: 1px solid white;padding: 8px\">5.\u00aa Feira<\/th>\r\n      <th style=\"border: 1px solid white;padding: 8px\">6.\u00aa Feira<\/th>\r\n    <\/tr>\r\n  <\/thead>\r\n  <tbody>\r\n    <tr style=\"background-color: #f2f2f2\">\r\n      <td style=\"border: 1px solid #517FAA;padding: 8px\">RBES \u2013 Bocas<br><\/td>\r\n      <td style=\"border: 1px solid #517FAA;padding: 8px\"><\/td>\r\n      <td style=\"border: 1px solid #517FAA;padding: 8px\"><\/td>\r\n      <td style=\"border: 1px solid #517FAA;padding: 8px\"><\/td>\r\n      <td style=\"border: 1px solid #517FAA;padding: 8px\"><\/td>\r\n      <td style=\"border: 1px solid #517FAA;padding: 8px\"><\/td>\r\n    <\/tr>\r\n  <\/tbody>\r\n<\/table>\r\n\t\t\t\t<\/div>\n\t\t\t\t<\/div>\n\t\t\t\t\t<\/div>\n\t\t\t\t<\/div>\n\t\t<div class=\"elementor-element elementor-element-10bac3a e-flex e-con-boxed e-con e-parent\" data-id=\"10bac3a\" data-element_type=\"container\" data-e-type=\"container\">\n\t\t\t\t\t<div class=\"e-con-inner\">\n\t\t\t\t\t<\/div>\n\t\t\t\t<\/div>\n\t\t<div class=\"elementor-element elementor-element-e66e9e5 e-flex e-con-boxed e-con e-parent\" data-id=\"e66e9e5\" data-element_type=\"container\" data-e-type=\"container\">\n\t\t\t\t\t<div class=\"e-con-inner\">\n\t\t\t\t<div class=\"elementor-element elementor-element-4cab71b elementor-grid-eael-col-4 elementor-grid-tablet-eael-col-2 elementor-grid-mobile-eael-col-1 elementor-widget elementor-widget-eael-post-grid\" data-id=\"4cab71b\" data-element_type=\"widget\" data-e-type=\"widget\" data-settings=\"{&quot;eael_post_grid_columns&quot;:&quot;eael-col-4&quot;,&quot;eael_post_grid_columns_tablet&quot;:&quot;eael-col-2&quot;,&quot;eael_post_grid_columns_mobile&quot;:&quot;eael-col-1&quot;}\" data-widget_type=\"eael-post-grid.default\">\n\t\t\t\t<div class=\"elementor-widget-container\">\n\t\t\t\t\t<div id=\"eael-post-grid-4cab71b\" class=\"eael-post-grid-container\">\n            <div class=\"eael-post-grid eael-post-appender eael-post-appender-4cab71b eael-post-grid-style-one\" data-layout-mode=\"grid\"><article class=\"eael-grid-post  eael-post-grid-column eael-pg-post-5393 category-bocas-rbes\" data-id=\"5393\">\n        <div class=\"eael-grid-post-holder\">\n            <div class=\"eael-grid-post-holder-inner\"><div class=\"eael-entry-media\"><div class=\"eael-entry-overlay fade-in\"><i class=\"fas fa-long-arrow-alt-right\" aria-hidden=\"true\"><\/i><a href=\"https:\/\/escoladigital.madeira.gov.pt\/ebspecalheta\/2026\/02\/11\/5393\/\"><\/a><\/div><div class=\"eael-entry-thumbnail \">\n                <img fetchpriority=\"high\" decoding=\"async\" width=\"300\" height=\"169\" src=\"https:\/\/escoladigital.madeira.gov.pt\/ebspecalheta\/wp-content\/uploads\/sites\/3\/2026\/02\/erva1-300x169.jpg\" class=\"attachment-medium size-medium wp-image-5396\" alt=\"\" srcset=\"https:\/\/escoladigital.madeira.gov.pt\/ebspecalheta\/wp-content\/uploads\/sites\/3\/2026\/02\/erva1-300x169.jpg 300w, https:\/\/escoladigital.madeira.gov.pt\/ebspecalheta\/wp-content\/uploads\/sites\/3\/2026\/02\/erva1-1024x576.jpg 1024w, https:\/\/escoladigital.madeira.gov.pt\/ebspecalheta\/wp-content\/uploads\/sites\/3\/2026\/02\/erva1-768x432.jpg 768w, https:\/\/escoladigital.madeira.gov.pt\/ebspecalheta\/wp-content\/uploads\/sites\/3\/2026\/02\/erva1.jpg 1280w\" sizes=\"(max-width: 300px) 100vw, 300px\" \/>\n            <\/div>\n        <\/div><div class=\"eael-entry-wrapper\"><header class=\"eael-entry-header\"><h2 class=\"eael-entry-title\"><a class=\"eael-grid-post-link\" href=\"https:\/\/escoladigital.madeira.gov.pt\/ebspecalheta\/2026\/02\/11\/5393\/\" title=\"Atividade com ervas arom\u00e1ticas\">Atividade com ervas arom\u00e1ticas<\/a><\/h2><\/header><div class=\"eael-entry-header-after\"><div class=\"eael-entry-meta\"><span class=\"eael-posted-on\"><time datetime=\"11 de Fevereiro, 2026\">11 de Fevereiro, 2026<\/time><\/span><\/div><\/div><div class=\"eael-entry-content\">\n                        <div class=\"eael-grid-post-excerpt\"><p>No dia 2 de fevereiro, os alunos do clube &#8220;O...<\/p><a href=\"https:\/\/escoladigital.madeira.gov.pt\/ebspecalheta\/2026\/02\/11\/5393\/\" class=\"eael-post-elements-readmore-btn\">Ler Mais<\/a><\/div>\n                    <\/div><\/div><\/div>\n        <\/div>\n    <\/article><article class=\"eael-grid-post  eael-post-grid-column eael-pg-post-5387 category-bocas-rbes\" data-id=\"5387\">\n        <div class=\"eael-grid-post-holder\">\n            <div class=\"eael-grid-post-holder-inner\"><div class=\"eael-entry-media\"><div class=\"eael-entry-overlay fade-in\"><i class=\"fas fa-long-arrow-alt-right\" aria-hidden=\"true\"><\/i><a href=\"https:\/\/escoladigital.madeira.gov.pt\/ebspecalheta\/2026\/02\/11\/acao-de-sensibilizacao-nas-turmas-do-5-o-ano-dos-polos-da-calheta-e-faja\/\"><\/a><\/div><div class=\"eael-entry-thumbnail \">\n                <img decoding=\"async\" width=\"300\" height=\"169\" src=\"https:\/\/escoladigital.madeira.gov.pt\/ebspecalheta\/wp-content\/uploads\/sites\/3\/2026\/02\/bocasfev1-300x169.jpg\" class=\"attachment-medium size-medium wp-image-5389\" alt=\"\" srcset=\"https:\/\/escoladigital.madeira.gov.pt\/ebspecalheta\/wp-content\/uploads\/sites\/3\/2026\/02\/bocasfev1-300x169.jpg 300w, https:\/\/escoladigital.madeira.gov.pt\/ebspecalheta\/wp-content\/uploads\/sites\/3\/2026\/02\/bocasfev1-1024x576.jpg 1024w, https:\/\/escoladigital.madeira.gov.pt\/ebspecalheta\/wp-content\/uploads\/sites\/3\/2026\/02\/bocasfev1-768x432.jpg 768w, https:\/\/escoladigital.madeira.gov.pt\/ebspecalheta\/wp-content\/uploads\/sites\/3\/2026\/02\/bocasfev1.jpg 1280w\" sizes=\"(max-width: 300px) 100vw, 300px\" \/>\n            <\/div>\n        <\/div><div class=\"eael-entry-wrapper\"><header class=\"eael-entry-header\"><h2 class=\"eael-entry-title\"><a class=\"eael-grid-post-link\" href=\"https:\/\/escoladigital.madeira.gov.pt\/ebspecalheta\/2026\/02\/11\/acao-de-sensibilizacao-nas-turmas-do-5-o-ano-dos-polos-da-calheta-e-faja\/\" title=\"A\u00e7\u00e3o de sensibiliza\u00e7\u00e3o nas turmas do 5.\u00ba ano dos Polos da Calheta e Faj\u00e3\">A\u00e7\u00e3o de sensibiliza\u00e7\u00e3o nas turmas do 5.\u00ba ano dos Polos da Calheta e Faj\u00e3<\/a><\/h2><\/header><div class=\"eael-entry-header-after\"><div class=\"eael-entry-meta\"><span class=\"eael-posted-on\"><time datetime=\"11 de Fevereiro, 2026\">11 de Fevereiro, 2026<\/time><\/span><\/div><\/div><div class=\"eael-entry-content\">\n                        <div class=\"eael-grid-post-excerpt\"><p>Entre os dias 2 e 6 de fevereiro, as turmas...<\/p><a href=\"https:\/\/escoladigital.madeira.gov.pt\/ebspecalheta\/2026\/02\/11\/acao-de-sensibilizacao-nas-turmas-do-5-o-ano-dos-polos-da-calheta-e-faja\/\" class=\"eael-post-elements-readmore-btn\">Ler Mais<\/a><\/div>\n                    <\/div><\/div><\/div>\n        <\/div>\n    <\/article><article class=\"eael-grid-post  eael-post-grid-column eael-pg-post-4784 category-bocas-rbes\" data-id=\"4784\">\n        <div class=\"eael-grid-post-holder\">\n            <div class=\"eael-grid-post-holder-inner\"><div class=\"eael-entry-media\"><div class=\"eael-entry-overlay fade-in\"><i class=\"fas fa-long-arrow-alt-right\" aria-hidden=\"true\"><\/i><a href=\"https:\/\/escoladigital.madeira.gov.pt\/ebspecalheta\/2025\/11\/25\/atividade-bocas-batidos-de-fruta\/\"><\/a><\/div><div class=\"eael-entry-thumbnail \">\n                <img decoding=\"async\" width=\"300\" height=\"169\" src=\"https:\/\/escoladigital.madeira.gov.pt\/ebspecalheta\/wp-content\/uploads\/sites\/3\/2025\/11\/bocasnovembro-300x169.jpg\" class=\"attachment-medium size-medium wp-image-4786\" alt=\"\" srcset=\"https:\/\/escoladigital.madeira.gov.pt\/ebspecalheta\/wp-content\/uploads\/sites\/3\/2025\/11\/bocasnovembro-300x169.jpg 300w, https:\/\/escoladigital.madeira.gov.pt\/ebspecalheta\/wp-content\/uploads\/sites\/3\/2025\/11\/bocasnovembro-1024x576.jpg 1024w, https:\/\/escoladigital.madeira.gov.pt\/ebspecalheta\/wp-content\/uploads\/sites\/3\/2025\/11\/bocasnovembro-768x432.jpg 768w, https:\/\/escoladigital.madeira.gov.pt\/ebspecalheta\/wp-content\/uploads\/sites\/3\/2025\/11\/bocasnovembro.jpg 1280w\" sizes=\"(max-width: 300px) 100vw, 300px\" \/>\n            <\/div>\n        <\/div><div class=\"eael-entry-wrapper\"><header class=\"eael-entry-header\"><h2 class=\"eael-entry-title\"><a class=\"eael-grid-post-link\" href=\"https:\/\/escoladigital.madeira.gov.pt\/ebspecalheta\/2025\/11\/25\/atividade-bocas-batidos-de-fruta\/\" title=\"Atividade Bocas &#8211; batidos de fruta\">Atividade Bocas &#8211; batidos de fruta<\/a><\/h2><\/header><div class=\"eael-entry-header-after\"><div class=\"eael-entry-meta\"><span class=\"eael-posted-on\"><time datetime=\"25 de Novembro, 2025\">25 de Novembro, 2025<\/time><\/span><\/div><\/div><div class=\"eael-entry-content\">\n                        <div class=\"eael-grid-post-excerpt\"><p>No dia 24 de novembro, os alunos que fazem parte...<\/p><a href=\"https:\/\/escoladigital.madeira.gov.pt\/ebspecalheta\/2025\/11\/25\/atividade-bocas-batidos-de-fruta\/\" class=\"eael-post-elements-readmore-btn\">Ler Mais<\/a><\/div>\n                    <\/div><\/div><\/div>\n        <\/div>\n    <\/article><article class=\"eael-grid-post  eael-post-grid-column eael-pg-post-4574 category-bocas-rbes\" data-id=\"4574\">\n        <div class=\"eael-grid-post-holder\">\n            <div class=\"eael-grid-post-holder-inner\"><div class=\"eael-entry-media\"><div class=\"eael-entry-overlay fade-in\"><i class=\"fas fa-long-arrow-alt-right\" aria-hidden=\"true\"><\/i><a href=\"https:\/\/escoladigital.madeira.gov.pt\/ebspecalheta\/2025\/11\/05\/4574\/\"><\/a><\/div><div class=\"eael-entry-thumbnail \">\n                <img loading=\"lazy\" decoding=\"async\" width=\"300\" height=\"169\" src=\"https:\/\/escoladigital.madeira.gov.pt\/ebspecalheta\/wp-content\/uploads\/sites\/3\/2025\/11\/panquecas-300x169.jpg\" class=\"attachment-medium size-medium wp-image-4575\" alt=\"\" srcset=\"https:\/\/escoladigital.madeira.gov.pt\/ebspecalheta\/wp-content\/uploads\/sites\/3\/2025\/11\/panquecas-300x169.jpg 300w, https:\/\/escoladigital.madeira.gov.pt\/ebspecalheta\/wp-content\/uploads\/sites\/3\/2025\/11\/panquecas-1024x576.jpg 1024w, https:\/\/escoladigital.madeira.gov.pt\/ebspecalheta\/wp-content\/uploads\/sites\/3\/2025\/11\/panquecas-768x432.jpg 768w, https:\/\/escoladigital.madeira.gov.pt\/ebspecalheta\/wp-content\/uploads\/sites\/3\/2025\/11\/panquecas.jpg 1280w\" sizes=\"(max-width: 300px) 100vw, 300px\" \/>\n            <\/div>\n        <\/div><div class=\"eael-entry-wrapper\"><header class=\"eael-entry-header\"><h2 class=\"eael-entry-title\"><a class=\"eael-grid-post-link\" href=\"https:\/\/escoladigital.madeira.gov.pt\/ebspecalheta\/2025\/11\/05\/4574\/\" title=\"Atividade Bocas P\u00e3o por Deus\">Atividade Bocas P\u00e3o por Deus<\/a><\/h2><\/header><div class=\"eael-entry-header-after\"><div class=\"eael-entry-meta\"><span class=\"eael-posted-on\"><time datetime=\"5 de Novembro, 2025\">5 de Novembro, 2025<\/time><\/span><\/div><\/div><div class=\"eael-entry-content\">\n                        <div class=\"eael-grid-post-excerpt\"><p>No passado dia 03 de novembro, no bar dos alunos,...<\/p><a href=\"https:\/\/escoladigital.madeira.gov.pt\/ebspecalheta\/2025\/11\/05\/4574\/\" class=\"eael-post-elements-readmore-btn\">Ler Mais<\/a><\/div>\n                    <\/div><\/div><\/div>\n        <\/div>\n    <\/article><\/div>\n            <div class=\"clearfix\"><\/div>\n        <\/div>            <div class=\"eael-load-more-button-wrap eael-force-hide\">\n                <button class=\"eael-load-more-button\" id=\"eael-load-more-btn-4cab71b\" data-widget-id=\"4cab71b\" data-widget=\"4cab71b\" data-page-id=\"1062\" data-template=\"{&quot;dir&quot;:&quot;lite&quot;,&quot;file_name&quot;:&quot;one.php&quot;,&quot;name&quot;:&quot;Post-Grid&quot;}\" data-class=\"Essential_Addons_Elementor\\Elements\\Post_Grid\" data-layout=\"grid\" data-page=\"1\" data-args=\"orderby=date&amp;order=desc&amp;ignore_sticky_posts=1&amp;post_status=publish&amp;posts_per_page=4&amp;offset=0&amp;post_type=post&amp;tax_query%5B0%5D%5Btaxonomy%5D=category&amp;tax_query%5B0%5D%5Bfield%5D=term_id&amp;tax_query%5B0%5D%5Bterms%5D%5B0%5D=42&amp;tax_query%5Brelation%5D=AND\" data-max-page=\"2\">\n                    <span class=\"eael-btn-loader button__loader\"><\/span>\n                    <span class=\"eael_load_more_text\">Load More<\/span>\n                <\/button>\n            <\/div>\n            \t\t\t\t<\/div>\n\t\t\t\t<\/div>\n\t\t\t\t\t<\/div>\n\t\t\t\t<\/div>\n\t\t\t\t<\/div>\n\t\t","protected":false},"excerpt":{"rendered":"<p>Bocas &#8211; RBES Este projeto visa incutir nos alunos h\u00e1bitos saud\u00e1veis na \u00e1rea da alimenta\u00e7\u00e3o. Entre outras, este projeto desenvolve as seguintes atividades: &#8211; confe\u00e7\u00e3o de receitas saud\u00e1veis; &#8211; campanhas de consciencializa\u00e7\u00e3o da comunidade escolar sobre a higiene e seguran\u00e7a alimentar. Polo da Calheta 2.\u00aa Feira 3.\u00aa Feira 4.\u00aa Feira 5.\u00aa Feira 6.\u00aa Feira RBES [&hellip;]<\/p>\n","protected":false},"author":78,"featured_media":0,"parent":113,"menu_order":0,"comment_status":"closed","ping_status":"closed","template":"","meta":{"site-sidebar-layout":"default","site-content-layout":"","ast-site-content-layout":"default","site-content-style":"default","site-sidebar-style":"default","ast-global-header-display":"","ast-banner-title-visibility":"","ast-main-header-display":"","ast-hfb-above-header-display":"","ast-hfb-below-header-display":"","ast-hfb-mobile-header-display":"","site-post-title":"","ast-breadcrumbs-content":"","ast-featured-img":"","footer-sml-layout":"","ast-disable-related-posts":"","theme-transparent-header-meta":"","adv-header-id-meta":"","stick-header-meta":"","header-above-stick-meta":"","header-main-stick-meta":"","header-below-stick-meta":"","astra-migrate-meta-layouts":"default","ast-page-background-enabled":"default","ast-page-background-meta":{"desktop":{"background-color":"var(--ast-global-color-4)","background-image":"","background-repeat":"repeat","background-position":"center center","background-size":"auto","background-attachment":"scroll","background-type":"","background-media":"","overlay-type":"","overlay-color":"","overlay-opacity":"","overlay-gradient":""},"tablet":{"background-color":"","background-image":"","background-repeat":"repeat","background-position":"center center","background-size":"auto","background-attachment":"scroll","background-type":"","background-media":"","overlay-type":"","overlay-color":"","overlay-opacity":"","overlay-gradient":""},"mobile":{"background-color":"","background-image":"","background-repeat":"repeat","background-position":"center center","background-size":"auto","background-attachment":"scroll","background-type":"","background-media":"","overlay-type":"","overlay-color":"","overlay-opacity":"","overlay-gradient":""}},"ast-content-background-meta":{"desktop":{"background-color":"var(--ast-global-color-5)","background-image":"","background-repeat":"repeat","background-position":"center center","background-size":"auto","background-attachment":"scroll","background-type":"","background-media":"","overlay-type":"","overlay-color":"","overlay-opacity":"","overlay-gradient":""},"tablet":{"background-color":"var(--ast-global-color-5)","background-image":"","background-repeat":"repeat","background-position":"center center","background-size":"auto","background-attachment":"scroll","background-type":"","background-media":"","overlay-type":"","overlay-color":"","overlay-opacity":"","overlay-gradient":""},"mobile":{"background-color":"var(--ast-global-color-5)","background-image":"","background-repeat":"repeat","background-position":"center center","background-size":"auto","background-attachment":"scroll","background-type":"","background-media":"","overlay-type":"","overlay-color":"","overlay-opacity":"","overlay-gradient":""}},"_themeisle_gutenberg_block_has_review":false,"footnotes":""},"class_list":["post-1062","page","type-page","status-publish","hentry"],"_links":{"self":[{"href":"https:\/\/escoladigital.madeira.gov.pt\/ebspecalheta\/wp-json\/wp\/v2\/pages\/1062","targetHints":{"allow":["GET"]}}],"collection":[{"href":"https:\/\/escoladigital.madeira.gov.pt\/ebspecalheta\/wp-json\/wp\/v2\/pages"}],"about":[{"href":"https:\/\/escoladigital.madeira.gov.pt\/ebspecalheta\/wp-json\/wp\/v2\/types\/page"}],"author":[{"embeddable":true,"href":"https:\/\/escoladigital.madeira.gov.pt\/ebspecalheta\/wp-json\/wp\/v2\/users\/78"}],"replies":[{"embeddable":true,"href":"https:\/\/escoladigital.madeira.gov.pt\/ebspecalheta\/wp-json\/wp\/v2\/comments?post=1062"}],"version-history":[{"count":57,"href":"https:\/\/escoladigital.madeira.gov.pt\/ebspecalheta\/wp-json\/wp\/v2\/pages\/1062\/revisions"}],"predecessor-version":[{"id":4002,"href":"https:\/\/escoladigital.madeira.gov.pt\/ebspecalheta\/wp-json\/wp\/v2\/pages\/1062\/revisions\/4002"}],"up":[{"embeddable":true,"href":"https:\/\/escoladigital.madeira.gov.pt\/ebspecalheta\/wp-json\/wp\/v2\/pages\/113"}],"wp:attachment":[{"href":"https:\/\/escoladigital.madeira.gov.pt\/ebspecalheta\/wp-json\/wp\/v2\/media?parent=1062"}],"curies":[{"name":"wp","href":"https:\/\/api.w.org\/{rel}","templated":true}]}}