{"id":1106,"date":"2025-01-07T09:50:29","date_gmt":"2025-01-07T09:50:29","guid":{"rendered":"https:\/\/escoladigital.madeira.gov.pt\/ebspecalheta\/?page_id=1106"},"modified":"2025-09-20T19:33:57","modified_gmt":"2025-09-20T19:33:57","slug":"clube-de-cinema-e-arte-digital","status":"publish","type":"page","link":"https:\/\/escoladigital.madeira.gov.pt\/ebspecalheta\/projetos\/clube-de-cinema-e-arte-digital\/","title":{"rendered":"Clube de Cinema e Arte Digital"},"content":{"rendered":"\t\t<div data-elementor-type=\"wp-page\" data-elementor-id=\"1106\" class=\"elementor elementor-1106\">\n\t\t\t\t<div class=\"elementor-element elementor-element-f813c2e e-flex e-con-boxed e-con e-parent\" data-id=\"f813c2e\" data-element_type=\"container\" data-e-type=\"container\">\n\t\t\t\t\t<div class=\"e-con-inner\">\n\t\t\t\t<div class=\"elementor-element elementor-element-b88dd5c elementor-widget elementor-widget-text-editor\" data-id=\"b88dd5c\" data-element_type=\"widget\" data-e-type=\"widget\" data-widget_type=\"text-editor.default\">\n\t\t\t\t<div class=\"elementor-widget-container\">\n\t\t\t\t\t\t\t\t\t<h2><span class=\"TextRun SCXW103721032 BCX0\" lang=\"PT-PT\" xml:lang=\"PT-PT\" data-contrast=\"auto\"><span class=\"NormalTextRun SCXW103721032 BCX0\">Clube de Cinema e Arte Digital <\/span><\/span><\/h2>\t\t\t\t\t\t\t\t<\/div>\n\t\t\t\t<\/div>\n\t\t\t\t\t<\/div>\n\t\t\t\t<\/div>\n\t\t<div class=\"elementor-element elementor-element-e43f025 e-flex e-con-boxed e-con e-parent\" data-id=\"e43f025\" data-element_type=\"container\" data-e-type=\"container\">\n\t\t\t\t\t<div class=\"e-con-inner\">\n\t\t\t\t<div class=\"elementor-element elementor-element-762cd8d elementor-widget elementor-widget-text-editor\" data-id=\"762cd8d\" data-element_type=\"widget\" data-e-type=\"widget\" data-widget_type=\"text-editor.default\">\n\t\t\t\t<div class=\"elementor-widget-container\">\n\t\t\t\t\t\t\t\t\t<p>Este projeto pretende evidenciar a import\u00e2ncia entre a educa\u00e7\u00e3o, o cinema e a Arte digital, atrav\u00e9s da produ\u00e7\u00e3o de v\u00eddeos e fotografia.<\/p>\t\t\t\t\t\t\t\t<\/div>\n\t\t\t\t<\/div>\n\t\t\t\t\t<\/div>\n\t\t\t\t<\/div>\n\t\t<div class=\"elementor-element elementor-element-d5b6f40 e-flex e-con-boxed e-con e-parent\" data-id=\"d5b6f40\" data-element_type=\"container\" data-e-type=\"container\">\n\t\t\t\t\t<div class=\"e-con-inner\">\n\t\t\t\t<div class=\"elementor-element elementor-element-78b3d11 elementor-widget elementor-widget-html\" data-id=\"78b3d11\" data-element_type=\"widget\" data-e-type=\"widget\" data-widget_type=\"html.default\">\n\t\t\t\t<div class=\"elementor-widget-container\">\n\t\t\t\t\t<table style=\"border-collapse: collapse;width: 100%;font-family: Arial, sans-serif;text-align: center;border: 2px solid #517FAA\">\r\n  <thead>\r\n    <tr style=\"background-color: #517FAA;color: white\">\r\n      <th style=\"border: 1px solid white;padding: 8px\">Polo da Calheta<\/th>\r\n      <th style=\"border: 1px solid white;padding: 8px\">2.\u00aa Feira<\/th>\r\n      <th style=\"border: 1px solid white;padding: 8px\">3.\u00aa Feira<\/th>\r\n      <th style=\"border: 1px solid white;padding: 8px\">4.\u00aa Feira<\/th>\r\n      <th style=\"border: 1px solid white;padding: 8px\">5.\u00aa Feira<\/th>\r\n      <th style=\"border: 1px solid white;padding: 8px\">6.\u00aa Feira<\/th>\r\n    <\/tr>\r\n  <\/thead>\r\n  <tbody>\r\n    <tr style=\"background-color: #f2f2f2\">\r\n      <td style=\"border: 1px solid #517FAA;padding: 8px\">Cinema e Arte Digital<br>(Prof.  Irene Maciel)<\/td>\r\n      <td style=\"border: 1px solid #517FAA;padding: 8px\"><\/td>\r\n      <td style=\"border: 1px solid #517FAA;padding: 8px\"><\/td>\r\n      <td style=\"border: 1px solid #517FAA;padding: 8px\"><\/td>\r\n      <td style=\"border: 1px solid #517FAA;padding: 8px\"><\/td>\r\n      <td style=\"border: 1px solid #517FAA;padding: 8px\"><\/td>\r\n    <\/tr>\r\n  <\/tbody>\r\n<\/table>\r\n\t\t\t\t<\/div>\n\t\t\t\t<\/div>\n\t\t\t\t\t<\/div>\n\t\t\t\t<\/div>\n\t\t<div class=\"elementor-element elementor-element-3ca20e2 e-flex e-con-boxed e-con e-parent\" data-id=\"3ca20e2\" data-element_type=\"container\" data-e-type=\"container\">\n\t\t\t\t\t<div class=\"e-con-inner\">\n\t\t\t\t<div class=\"elementor-element elementor-element-bb872ec elementor-grid-eael-col-4 elementor-grid-tablet-eael-col-2 elementor-grid-mobile-eael-col-1 elementor-widget elementor-widget-eael-post-grid\" data-id=\"bb872ec\" data-element_type=\"widget\" data-e-type=\"widget\" data-settings=\"{&quot;eael_post_grid_columns&quot;:&quot;eael-col-4&quot;,&quot;eael_post_grid_columns_tablet&quot;:&quot;eael-col-2&quot;,&quot;eael_post_grid_columns_mobile&quot;:&quot;eael-col-1&quot;}\" data-widget_type=\"eael-post-grid.default\">\n\t\t\t\t<div class=\"elementor-widget-container\">\n\t\t\t\t\t<div id=\"eael-post-grid-bb872ec\" class=\"eael-post-grid-container\">\n            <div class=\"eael-post-grid eael-post-appender eael-post-appender-bb872ec eael-post-grid-style-one\" data-layout-mode=\"grid\"><article class=\"eael-grid-post  eael-post-grid-column eael-pg-post-5366 category-clube-de-cinema-e-arte-digital-ebs-calheta-tv-web-radio\" data-id=\"5366\">\n        <div class=\"eael-grid-post-holder\">\n            <div class=\"eael-grid-post-holder-inner\"><div class=\"eael-entry-media\"><div class=\"eael-entry-overlay fade-in\"><i class=\"fas fa-long-arrow-alt-right\" aria-hidden=\"true\"><\/i><a href=\"https:\/\/escoladigital.madeira.gov.pt\/ebspecalheta\/2026\/02\/09\/escola-amiga-da-crianca\/\"><\/a><\/div><div class=\"eael-entry-thumbnail \">\n                <img fetchpriority=\"high\" decoding=\"async\" width=\"300\" height=\"208\" src=\"https:\/\/escoladigital.madeira.gov.pt\/ebspecalheta\/wp-content\/uploads\/sites\/3\/2026\/02\/Escola-Amiga-da-Crianca-300x208.gif\" class=\"attachment-medium size-medium wp-image-5369\" alt=\"\" \/>\n            <\/div>\n        <\/div><div class=\"eael-entry-wrapper\"><header class=\"eael-entry-header\"><h2 class=\"eael-entry-title\"><a class=\"eael-grid-post-link\" href=\"https:\/\/escoladigital.madeira.gov.pt\/ebspecalheta\/2026\/02\/09\/escola-amiga-da-crianca\/\" title=\"Escola amiga da crian\u00e7a\">Escola amiga da crian\u00e7a<\/a><\/h2><\/header><div class=\"eael-entry-header-after\"><div class=\"eael-entry-meta\"><span class=\"eael-posted-on\"><time datetime=\"9 de Fevereiro, 2026\">9 de Fevereiro, 2026<\/time><\/span><\/div><\/div><div class=\"eael-entry-content\">\n                        <div class=\"eael-grid-post-excerpt\"><p>A nossa escola foi distinguida na 8.\u00aa edi\u00e7\u00e3o do programa...<\/p><a href=\"https:\/\/escoladigital.madeira.gov.pt\/ebspecalheta\/2026\/02\/09\/escola-amiga-da-crianca\/\" class=\"eael-post-elements-readmore-btn\">Ler mais<\/a><\/div>\n                    <\/div><\/div><\/div>\n        <\/div>\n    <\/article><\/div>\n            <div class=\"clearfix\"><\/div>\n        <\/div>\t\t\t\t<\/div>\n\t\t\t\t<\/div>\n\t\t\t\t\t<\/div>\n\t\t\t\t<\/div>\n\t\t\t\t<\/div>\n\t\t","protected":false},"excerpt":{"rendered":"<p>Clube de Cinema e Arte Digital Este projeto pretende evidenciar a import\u00e2ncia entre a educa\u00e7\u00e3o, o cinema e a Arte digital, atrav\u00e9s da produ\u00e7\u00e3o de v\u00eddeos e fotografia. Polo da Calheta 2.\u00aa Feira 3.\u00aa Feira 4.\u00aa Feira 5.\u00aa Feira 6.\u00aa Feira Cinema e Arte Digital(Prof. Irene Maciel) No posts found!<\/p>\n","protected":false},"author":78,"featured_media":0,"parent":113,"menu_order":0,"comment_status":"closed","ping_status":"closed","template":"","meta":{"site-sidebar-layout":"default","site-content-layout":"","ast-site-content-layout":"default","site-content-style":"default","site-sidebar-style":"default","ast-global-header-display":"","ast-banner-title-visibility":"","ast-main-header-display":"","ast-hfb-above-header-display":"","ast-hfb-below-header-display":"","ast-hfb-mobile-header-display":"","site-post-title":"","ast-breadcrumbs-content":"","ast-featured-img":"","footer-sml-layout":"","ast-disable-related-posts":"","theme-transparent-header-meta":"","adv-header-id-meta":"","stick-header-meta":"","header-above-stick-meta":"","header-main-stick-meta":"","header-below-stick-meta":"","astra-migrate-meta-layouts":"default","ast-page-background-enabled":"default","ast-page-background-meta":{"desktop":{"background-color":"var(--ast-global-color-4)","background-image":"","background-repeat":"repeat","background-position":"center center","background-size":"auto","background-attachment":"scroll","background-type":"","background-media":"","overlay-type":"","overlay-color":"","overlay-opacity":"","overlay-gradient":""},"tablet":{"background-color":"","background-image":"","background-repeat":"repeat","background-position":"center center","background-size":"auto","background-attachment":"scroll","background-type":"","background-media":"","overlay-type":"","overlay-color":"","overlay-opacity":"","overlay-gradient":""},"mobile":{"background-color":"","background-image":"","background-repeat":"repeat","background-position":"center center","background-size":"auto","background-attachment":"scroll","background-type":"","background-media":"","overlay-type":"","overlay-color":"","overlay-opacity":"","overlay-gradient":""}},"ast-content-background-meta":{"desktop":{"background-color":"var(--ast-global-color-5)","background-image":"","background-repeat":"repeat","background-position":"center center","background-size":"auto","background-attachment":"scroll","background-type":"","background-media":"","overlay-type":"","overlay-color":"","overlay-opacity":"","overlay-gradient":""},"tablet":{"background-color":"var(--ast-global-color-5)","background-image":"","background-repeat":"repeat","background-position":"center center","background-size":"auto","background-attachment":"scroll","background-type":"","background-media":"","overlay-type":"","overlay-color":"","overlay-opacity":"","overlay-gradient":""},"mobile":{"background-color":"var(--ast-global-color-5)","background-image":"","background-repeat":"repeat","background-position":"center center","background-size":"auto","background-attachment":"scroll","background-type":"","background-media":"","overlay-type":"","overlay-color":"","overlay-opacity":"","overlay-gradient":""}},"_themeisle_gutenberg_block_has_review":false,"footnotes":""},"class_list":["post-1106","page","type-page","status-publish","hentry"],"_links":{"self":[{"href":"https:\/\/escoladigital.madeira.gov.pt\/ebspecalheta\/wp-json\/wp\/v2\/pages\/1106","targetHints":{"allow":["GET"]}}],"collection":[{"href":"https:\/\/escoladigital.madeira.gov.pt\/ebspecalheta\/wp-json\/wp\/v2\/pages"}],"about":[{"href":"https:\/\/escoladigital.madeira.gov.pt\/ebspecalheta\/wp-json\/wp\/v2\/types\/page"}],"author":[{"embeddable":true,"href":"https:\/\/escoladigital.madeira.gov.pt\/ebspecalheta\/wp-json\/wp\/v2\/users\/78"}],"replies":[{"embeddable":true,"href":"https:\/\/escoladigital.madeira.gov.pt\/ebspecalheta\/wp-json\/wp\/v2\/comments?post=1106"}],"version-history":[{"count":31,"href":"https:\/\/escoladigital.madeira.gov.pt\/ebspecalheta\/wp-json\/wp\/v2\/pages\/1106\/revisions"}],"predecessor-version":[{"id":4053,"href":"https:\/\/escoladigital.madeira.gov.pt\/ebspecalheta\/wp-json\/wp\/v2\/pages\/1106\/revisions\/4053"}],"up":[{"embeddable":true,"href":"https:\/\/escoladigital.madeira.gov.pt\/ebspecalheta\/wp-json\/wp\/v2\/pages\/113"}],"wp:attachment":[{"href":"https:\/\/escoladigital.madeira.gov.pt\/ebspecalheta\/wp-json\/wp\/v2\/media?parent=1106"}],"curies":[{"name":"wp","href":"https:\/\/api.w.org\/{rel}","templated":true}]}}