{"id":1118,"date":"2025-01-07T09:54:41","date_gmt":"2025-01-07T09:54:41","guid":{"rendered":"https:\/\/escoladigital.madeira.gov.pt\/ebspecalheta\/?page_id=1118"},"modified":"2025-02-07T12:50:59","modified_gmt":"2025-02-07T12:50:59","slug":"regulamento","status":"publish","type":"page","link":"https:\/\/escoladigital.madeira.gov.pt\/ebspecalheta\/alunos\/regulamento\/","title":{"rendered":"Regulamento"},"content":{"rendered":"\t\t<div data-elementor-type=\"wp-page\" data-elementor-id=\"1118\" class=\"elementor elementor-1118\">\n\t\t\t\t<div class=\"elementor-element elementor-element-5c35673 e-flex e-con-boxed e-con e-parent\" data-id=\"5c35673\" data-element_type=\"container\" data-e-type=\"container\">\n\t\t\t\t\t<div class=\"e-con-inner\">\n\t\t\t\t<div class=\"elementor-element elementor-element-a40a264 elementor-widget elementor-widget-heading\" data-id=\"a40a264\" data-element_type=\"widget\" data-e-type=\"widget\" data-widget_type=\"heading.default\">\n\t\t\t\t<div class=\"elementor-widget-container\">\n\t\t\t\t\t<h2 class=\"elementor-heading-title elementor-size-default\">Manuais Escolares<\/h2>\t\t\t\t<\/div>\n\t\t\t\t<\/div>\n\t\t\t\t\t<\/div>\n\t\t\t\t<\/div>\n\t\t<div class=\"elementor-element elementor-element-6209c99 e-flex e-con-boxed e-con e-parent\" data-id=\"6209c99\" data-element_type=\"container\" data-e-type=\"container\">\n\t\t\t\t\t<div class=\"e-con-inner\">\n\t\t\t\t<div class=\"elementor-element elementor-element-910602d elementor-widget elementor-widget-text-editor\" data-id=\"910602d\" data-element_type=\"widget\" data-e-type=\"widget\" data-widget_type=\"text-editor.default\">\n\t\t\t\t<div class=\"elementor-widget-container\">\n\t\t\t\t\t\t\t\t\t<p style=\"text-align: justify\"><span data-contrast=\"none\">No \u00e2mbito dos benef\u00edcios da A\u00e7\u00e3o Social Educativa a escola, estabelecido na <\/span><span data-contrast=\"auto\">Portaria n\u00ba 561\/2023, <\/span><span data-contrast=\"none\">publicada no JORAM I s\u00e9rie, n\u00ba 141 de 28 de julho, <\/span><span data-contrast=\"auto\">que procede \u00e0 primeira altera\u00e7\u00e3o da Portaria n.\u00ba 58\/2023, de 31 de janeiro<\/span><span data-contrast=\"none\">, apoia os alunos na aquisi\u00e7\u00e3o de manuais\/livros escolares obrigat\u00f3rios;<\/span><span data-ccp-props=\"{&quot;134233118&quot;:true,&quot;201341983&quot;:0,&quot;335551550&quot;:6,&quot;335551620&quot;:6,&quot;335557856&quot;:16777215,&quot;335559740&quot;:240}\">\u00a0<\/span><\/p><p style=\"text-align: justify\"><span data-contrast=\"auto\">S\u00e3o concedidos gratuitamente todos os livros escolares obrigat\u00f3rios (manuais e fichas) aos alunos que frequentem o 1.\u00ba ciclo do ensino b\u00e1sico em estabelecimentos p\u00fablicos.<\/span><span data-ccp-props=\"{&quot;134233118&quot;:true,&quot;201341983&quot;:0,&quot;335551550&quot;:6,&quot;335551620&quot;:6,&quot;335557856&quot;:16777215,&quot;335559740&quot;:240}\">\u00a0<\/span><\/p><p style=\"text-align: justify\"><span data-contrast=\"none\">O apoio na aquisi\u00e7\u00e3o de manuais \u00e9 atribu\u00eddo, em regra, em esp\u00e9cie, considerando o estipulado na <\/span><span data-contrast=\"auto\">Portaria n\u00ba 561\/2023, <\/span><span data-contrast=\"none\">publicada no JORAM I s\u00e9rie, n\u00ba 141 de 28 de julho, <\/span><span data-contrast=\"auto\">que procede \u00e0 primeira altera\u00e7\u00e3o da Portaria n.\u00ba 58\/2023, de 31 de janeiro<\/span><span data-contrast=\"none\">.<\/span><span data-ccp-props=\"{&quot;134233118&quot;:true,&quot;201341983&quot;:0,&quot;335551550&quot;:6,&quot;335551620&quot;:6,&quot;335557856&quot;:16777215,&quot;335559740&quot;:240}\">\u00a0<\/span><\/p><p style=\"text-align: justify\"><span data-contrast=\"none\">A comparticipa\u00e7\u00e3o m\u00e1xima da ASE na aquisi\u00e7\u00e3o de manuais\/livros obrigat\u00f3rios para os 1\u00ba,2\u00ba, 3\u00ba Ciclos e Ensino Secund\u00e1rio no ano letivo 2024\/2025 \u00e9 a seguinte:<\/span><span data-ccp-props=\"{&quot;134233118&quot;:true,&quot;201341983&quot;:0,&quot;335551550&quot;:6,&quot;335551620&quot;:6,&quot;335557856&quot;:16777215,&quot;335559740&quot;:240}\">\u00a0<\/span><\/p>\t\t\t\t\t\t\t\t<\/div>\n\t\t\t\t<\/div>\n\t\t\t\t\t<\/div>\n\t\t\t\t<\/div>\n\t\t<div class=\"elementor-element elementor-element-532ae89 e-flex e-con-boxed e-con e-parent\" data-id=\"532ae89\" data-element_type=\"container\" data-e-type=\"container\">\n\t\t\t\t\t<div class=\"e-con-inner\">\n\t\t\t\t<div class=\"elementor-element elementor-element-dcd3571 elementor-widget elementor-widget-html\" data-id=\"dcd3571\" data-element_type=\"widget\" data-e-type=\"widget\" data-widget_type=\"html.default\">\n\t\t\t\t<div class=\"elementor-widget-container\">\n\t\t\t\t\t<table style=\"border-collapse: collapse;width: 100%;text-align:center;font-family: Arial, sans-serif;border: 2px solid blue\">\r\n  <thead>\r\n    <tr style=\"background-color: #007bff;color: white\">\r\n      <th style=\"border: 1px solid black;padding: 8px\" rowspan=\"2\">Escal\u00f5es<\/th>\r\n      <th style=\"border: 1px solid black;padding: 8px\" colspan=\"3\">1\u00ba Ciclo<\/th>\r\n      <th style=\"border: 1px solid black;padding: 8px\" rowspan=\"2\">2\u00ba Ciclo<\/th>\r\n      <th style=\"border: 1px solid black;padding: 8px\" rowspan=\"2\">3\u00ba Ciclo e Secund\u00e1rio<\/th>\r\n    <\/tr>\r\n    <tr style=\"background-color: #007bff;color: white\">\r\n      <th style=\"border: 1px solid black;padding: 8px\">1\u00ba e 2\u00ba ano<\/th>\r\n      <th style=\"border: 1px solid black;padding: 8px\">3\u00ba e 4\u00ba ano<\/th>\r\n      <th style=\"border: 1px solid black;padding: 8px\">Material<br>Escolar<\/th>\r\n    <\/tr>\r\n  <\/thead>\r\n  <tbody>\r\n    <tr style=\"background-color: #f2f2f2\">\r\n      <td style=\"border: 1px solid black;padding: 8px\">Escal\u00e3o 0<\/td>\r\n      <td style=\"border: 1px solid black;padding: 8px\">n. a.<\/td>\r\n      <td style=\"border: 1px solid black;padding: 8px\">n. a.<\/td>\r\n      <td style=\"border: 1px solid black;padding: 8px\">n. a.<\/td>\r\n      <td style=\"border: 1px solid black;padding: 8px\">200,76 \u20ac<\/td>\r\n      <td style=\"border: 1px solid black;padding: 8px\">229,43 \u20ac<\/td>\r\n    <\/tr>\r\n    <tr>\r\n      <td style=\"border: 1px solid black;padding: 8px\">Escal\u00e3o 1<\/td>\r\n      <td style=\"border: 1px solid black;padding: 8px\">68,82 \u20ac<\/td>\r\n      <td style=\"border: 1px solid black;padding: 8px\">82,74 \u20ac <\/td>\r\n      <td style=\"border: 1px solid black;padding: 8px\">X <\/td>\r\n      <td style=\"border: 1px solid black;padding: 8px\">172,07 \u20ac<\/td>\r\n      <td style=\"border: 1px solid black;padding: 8px\">200,76 \u20ac<\/td>\r\n    <\/tr>\r\n    <tr style=\"background-color: #f2f2f2\">\r\n      <td style=\"border: 1px solid black;padding: 8px\">Escal\u00e3o 2<\/td>\r\n      <td style=\"border: 1px solid black;padding: 8px\">68,82 \u20ac<\/td>\r\n      <td style=\"border: 1px solid black;padding: 8px\">82,74 \u20ac <\/td>\r\n      <td style=\"border: 1px solid black;padding: 8px\">X<\/td>\r\n      <td style=\"border: 1px solid black;padding: 8px\">86,03 \u20ac<\/td>\r\n      <td style=\"border: 1px solid black;padding: 8px\">114,71 \u20ac<\/td>\r\n    <\/tr>\r\n    <tr>\r\n      <td style=\"border: 1px solid black;padding: 8px\">Escal\u00e3o 3<\/td>\r\n      <td style=\"border: 1px solid black;padding: 8px\">68,82 \u20ac<\/td>\r\n      <td style=\"border: 1px solid black;padding: 8px\">82,74 \u20ac <\/td>\r\n      <td style=\"border: 1px solid black;padding: 8px\">n. a.<\/td>\r\n      <td style=\"border: 1px solid black;padding: 8px\">57,36 \u20ac<\/td>\r\n      <td style=\"border: 1px solid black;padding: 8px\">86,03 \u20ac<\/td>\r\n    <\/tr>\r\n    <tr style=\"background-color: #f2f2f2\">\r\n      <td style=\"border: 1px solid black;padding: 8px\">Restantes<\/td>\r\n      <td style=\"border: 1px solid black;padding: 8px\">0,00\u20ac<\/td>\r\n      <td style=\"border: 1px solid black;padding: 8px\">0,00\u20ac<\/td>\r\n      <td style=\"border: 1px solid black;padding: 8px\">n. a.<\/td>\r\n      <td style=\"border: 1px solid black;padding: 8px\">0,00 \u20ac<\/td>\r\n      <td style=\"border: 1px solid black;padding: 8px\">0,00 \u20ac<\/td>\r\n    <\/tr>\r\n  <\/tbody>\r\n<\/table>\r\n\t\t\t\t<\/div>\n\t\t\t\t<\/div>\n\t\t\t\t\t<\/div>\n\t\t\t\t<\/div>\n\t\t<div class=\"elementor-element elementor-element-355229d e-flex e-con-boxed e-con e-parent\" data-id=\"355229d\" data-element_type=\"container\" data-e-type=\"container\">\n\t\t\t\t\t<div class=\"e-con-inner\">\n\t\t\t\t<div class=\"elementor-element elementor-element-72fb93f elementor-widget elementor-widget-text-editor\" data-id=\"72fb93f\" data-element_type=\"widget\" data-e-type=\"widget\" data-widget_type=\"text-editor.default\">\n\t\t\t\t<div class=\"elementor-widget-container\">\n\t\t\t\t\t\t\t\t\t<p style=\"text-align: justify\"><span data-contrast=\"none\">ME- Material escolar<\/span><span data-ccp-props=\"{&quot;134233118&quot;:true,&quot;201341983&quot;:0,&quot;335551550&quot;:6,&quot;335551620&quot;:6,&quot;335557856&quot;:16777215,&quot;335559740&quot;:240}\">\u00a0<\/span><\/p><p style=\"text-align: justify\"><b><span data-contrast=\"auto\">Pacote ME: 3 Esferogr\u00e1ficas azuis, 1 esferogr\u00e1fica vermelha, 3 l\u00e1pis, 1 borracha, 1 afia l\u00e1pis, 1 caixa cores pau (cx12), 2 cadernos linhas A4, 2 cadernos quadriculados A4<\/span><\/b><span data-ccp-props=\"{&quot;134233118&quot;:true,&quot;201341983&quot;:0,&quot;335551550&quot;:6,&quot;335551620&quot;:6,&quot;335557856&quot;:16777215,&quot;335559740&quot;:240}\">\u00a0<\/span><\/p><p style=\"text-align: justify\"><span data-contrast=\"none\">A Lista dos Manuais a distribuir aos alunos \u00e9 determinado pela escola e dada a conhecer aos mesmos pelos meios consideradas mais adequados;<\/span><span data-ccp-props=\"{&quot;134233118&quot;:true,&quot;201341983&quot;:0,&quot;335551550&quot;:6,&quot;335551620&quot;:6,&quot;335557856&quot;:16777215,&quot;335559740&quot;:240}\">\u00a0<\/span><\/p><p style=\"text-align: justify\"><span data-contrast=\"none\">A distribui\u00e7\u00e3o dos manuais ser\u00e1 feita pela ordem de chegada, no posto de carregamento da escola ou outro local a determinar pelo Conselho Executivo, em regra, antes do in\u00edcio do ano letivo, em data a definir anualmente.<\/span><span data-ccp-props=\"{&quot;134233118&quot;:true,&quot;201341983&quot;:0,&quot;335551550&quot;:6,&quot;335551620&quot;:6,&quot;335557856&quot;:16777215,&quot;335559740&quot;:240}\">\u00a0<\/span><\/p><p style=\"text-align: justify\"><span data-contrast=\"none\">No ato da distribui\u00e7\u00e3o, cada aluno\/encarregado de educa\u00e7\u00e3o preenche e assina uma declara\u00e7\u00e3o onde consta a lista de manuais que lhe forem entregues, em fun\u00e7\u00e3o do respetivo escal\u00e3o e da aplica\u00e7\u00e3o do sistema de empr\u00e9stimo de manuais implementado pela escola.<\/span><span data-ccp-props=\"{&quot;134233118&quot;:true,&quot;201341983&quot;:0,&quot;335551550&quot;:6,&quot;335551620&quot;:6,&quot;335557856&quot;:16777215,&quot;335559740&quot;:240}\">\u00a0<\/span><\/p><p style=\"text-align: justify\"><span data-contrast=\"none\">No final do ano letivo, os alunos apoiados pela ASE ter\u00e3o de devolver os manuais que lhes foram emprestados em condi\u00e7\u00f5es de serem reutilizados.<\/span><span data-ccp-props=\"{&quot;134233118&quot;:true,&quot;201341983&quot;:0,&quot;335551550&quot;:6,&quot;335551620&quot;:6,&quot;335557856&quot;:16777215,&quot;335559740&quot;:240}\">\u00a0<\/span><\/p><p style=\"text-align: justify\"><span data-contrast=\"auto\">Os alunos abrangidos pelo \u201cProjeto Manuais Digitais\u201d deixam de beneficiar do apoio relativo aos manuais e livros de fichas escolares previsto neste regulamento.<\/span><span data-ccp-props=\"{&quot;134233118&quot;:true,&quot;201341983&quot;:0,&quot;335551550&quot;:6,&quot;335551620&quot;:6,&quot;335557856&quot;:16777215,&quot;335559740&quot;:240}\">\u00a0<\/span><\/p>\t\t\t\t\t\t\t\t<\/div>\n\t\t\t\t<\/div>\n\t\t\t\t\t<\/div>\n\t\t\t\t<\/div>\n\t\t\t\t<\/div>\n\t\t","protected":false},"excerpt":{"rendered":"<p>Manuais Escolares No \u00e2mbito dos benef\u00edcios da A\u00e7\u00e3o Social Educativa a escola, estabelecido na Portaria n\u00ba 561\/2023, publicada no JORAM I s\u00e9rie, n\u00ba 141 de 28 de julho, que procede \u00e0 primeira altera\u00e7\u00e3o da Portaria n.\u00ba 58\/2023, de 31 de janeiro, apoia os alunos na aquisi\u00e7\u00e3o de manuais\/livros escolares obrigat\u00f3rios;\u00a0 S\u00e3o concedidos gratuitamente todos os [&hellip;]<\/p>\n","protected":false},"author":79,"featured_media":0,"parent":104,"menu_order":0,"comment_status":"closed","ping_status":"closed","template":"","meta":{"site-sidebar-layout":"default","site-content-layout":"","ast-site-content-layout":"default","site-content-style":"default","site-sidebar-style":"default","ast-global-header-display":"","ast-banner-title-visibility":"","ast-main-header-display":"","ast-hfb-above-header-display":"","ast-hfb-below-header-display":"","ast-hfb-mobile-header-display":"","site-post-title":"","ast-breadcrumbs-content":"","ast-featured-img":"","footer-sml-layout":"","ast-disable-related-posts":"","theme-transparent-header-meta":"","adv-header-id-meta":"","stick-header-meta":"","header-above-stick-meta":"","header-main-stick-meta":"","header-below-stick-meta":"","astra-migrate-meta-layouts":"default","ast-page-background-enabled":"default","ast-page-background-meta":{"desktop":{"background-color":"var(--ast-global-color-4)","background-image":"","background-repeat":"repeat","background-position":"center center","background-size":"auto","background-attachment":"scroll","background-type":"","background-media":"","overlay-type":"","overlay-color":"","overlay-opacity":"","overlay-gradient":""},"tablet":{"background-color":"","background-image":"","background-repeat":"repeat","background-position":"center center","background-size":"auto","background-attachment":"scroll","background-type":"","background-media":"","overlay-type":"","overlay-color":"","overlay-opacity":"","overlay-gradient":""},"mobile":{"background-color":"","background-image":"","background-repeat":"repeat","background-position":"center center","background-size":"auto","background-attachment":"scroll","background-type":"","background-media":"","overlay-type":"","overlay-color":"","overlay-opacity":"","overlay-gradient":""}},"ast-content-background-meta":{"desktop":{"background-color":"var(--ast-global-color-5)","background-image":"","background-repeat":"repeat","background-position":"center center","background-size":"auto","background-attachment":"scroll","background-type":"","background-media":"","overlay-type":"","overlay-color":"","overlay-opacity":"","overlay-gradient":""},"tablet":{"background-color":"var(--ast-global-color-5)","background-image":"","background-repeat":"repeat","background-position":"center center","background-size":"auto","background-attachment":"scroll","background-type":"","background-media":"","overlay-type":"","overlay-color":"","overlay-opacity":"","overlay-gradient":""},"mobile":{"background-color":"var(--ast-global-color-5)","background-image":"","background-repeat":"repeat","background-position":"center center","background-size":"auto","background-attachment":"scroll","background-type":"","background-media":"","overlay-type":"","overlay-color":"","overlay-opacity":"","overlay-gradient":""}},"_themeisle_gutenberg_block_has_review":false,"footnotes":""},"class_list":["post-1118","page","type-page","status-publish","hentry"],"_links":{"self":[{"href":"https:\/\/escoladigital.madeira.gov.pt\/ebspecalheta\/wp-json\/wp\/v2\/pages\/1118","targetHints":{"allow":["GET"]}}],"collection":[{"href":"https:\/\/escoladigital.madeira.gov.pt\/ebspecalheta\/wp-json\/wp\/v2\/pages"}],"about":[{"href":"https:\/\/escoladigital.madeira.gov.pt\/ebspecalheta\/wp-json\/wp\/v2\/types\/page"}],"author":[{"embeddable":true,"href":"https:\/\/escoladigital.madeira.gov.pt\/ebspecalheta\/wp-json\/wp\/v2\/users\/79"}],"replies":[{"embeddable":true,"href":"https:\/\/escoladigital.madeira.gov.pt\/ebspecalheta\/wp-json\/wp\/v2\/comments?post=1118"}],"version-history":[{"count":46,"href":"https:\/\/escoladigital.madeira.gov.pt\/ebspecalheta\/wp-json\/wp\/v2\/pages\/1118\/revisions"}],"predecessor-version":[{"id":2330,"href":"https:\/\/escoladigital.madeira.gov.pt\/ebspecalheta\/wp-json\/wp\/v2\/pages\/1118\/revisions\/2330"}],"up":[{"embeddable":true,"href":"https:\/\/escoladigital.madeira.gov.pt\/ebspecalheta\/wp-json\/wp\/v2\/pages\/104"}],"wp:attachment":[{"href":"https:\/\/escoladigital.madeira.gov.pt\/ebspecalheta\/wp-json\/wp\/v2\/media?parent=1118"}],"curies":[{"name":"wp","href":"https:\/\/api.w.org\/{rel}","templated":true}]}}