{"id":1207,"date":"2025-01-07T11:52:38","date_gmt":"2025-01-07T11:52:38","guid":{"rendered":"https:\/\/escoladigital.madeira.gov.pt\/ebspecalheta\/?page_id=1207"},"modified":"2025-09-20T19:00:52","modified_gmt":"2025-09-20T19:00:52","slug":"empatia-2","status":"publish","type":"page","link":"https:\/\/escoladigital.madeira.gov.pt\/ebspecalheta\/projetos\/empatia-2\/","title":{"rendered":"+ Empatia"},"content":{"rendered":"\t\t<div data-elementor-type=\"wp-page\" data-elementor-id=\"1207\" class=\"elementor elementor-1207\">\n\t\t\t\t<div class=\"elementor-element elementor-element-00ded4f e-flex e-con-boxed e-con e-parent\" data-id=\"00ded4f\" data-element_type=\"container\" data-e-type=\"container\">\n\t\t\t\t\t<div class=\"e-con-inner\">\n\t\t\t\t<div class=\"elementor-element elementor-element-70d170a elementor-widget elementor-widget-text-editor\" data-id=\"70d170a\" data-element_type=\"widget\" data-e-type=\"widget\" data-widget_type=\"text-editor.default\">\n\t\t\t\t<div class=\"elementor-widget-container\">\n\t\t\t\t\t\t\t\t\t<h2>+ Empatia<\/h2>\t\t\t\t\t\t\t\t<\/div>\n\t\t\t\t<\/div>\n\t\t\t\t\t<\/div>\n\t\t\t\t<\/div>\n\t\t<div class=\"elementor-element elementor-element-ddc2be6 e-flex e-con-boxed e-con e-parent\" data-id=\"ddc2be6\" data-element_type=\"container\" data-e-type=\"container\">\n\t\t\t\t\t<div class=\"e-con-inner\">\n\t\t\t\t<div class=\"elementor-element elementor-element-9572d49 elementor-widget elementor-widget-text-editor\" data-id=\"9572d49\" data-element_type=\"widget\" data-e-type=\"widget\" data-widget_type=\"text-editor.default\">\n\t\t\t\t<div class=\"elementor-widget-container\">\n\t\t\t\t\t\t\t\t\t<p style=\"text-align: justify\"><span class=\"TextRun SCXW66136252 BCX0\" lang=\"PT-PT\" xml:lang=\"PT-PT\" data-contrast=\"auto\"><span class=\"NormalTextRun SCXW66136252 BCX0\">Este projeto cria um espa\u00e7o din\u00e2mico e abrangente que permite promover um ambiente de maior empatia, toler\u00e2ncia, inclus\u00e3o, respeito (por si e pelos outros) e bem-estar na escola, contribuindo, desta forma, para a diminui\u00e7\u00e3o das situa\u00e7\u00f5es de indisciplina; envolver os alunos em atividades pr\u00e1ticas, diversificadas e <\/span><span class=\"NormalTextRun SCXW66136252 BCX0\">interessantes, com o prop\u00f3sito de os sensibilizar para as quest\u00f5es da empatia e toler\u00e2ncia.\u00a0<\/span><\/span><span class=\"EOP SCXW66136252 BCX0\" data-ccp-props=\"{}\">\u00a0<\/span><\/p>\t\t\t\t\t\t\t\t<\/div>\n\t\t\t\t<\/div>\n\t\t\t\t\t<\/div>\n\t\t\t\t<\/div>\n\t\t<div class=\"elementor-element elementor-element-40a44c0 e-flex e-con-boxed e-con e-parent\" data-id=\"40a44c0\" data-element_type=\"container\" data-e-type=\"container\">\n\t\t\t\t\t<div class=\"e-con-inner\">\n\t\t\t\t<div class=\"elementor-element elementor-element-4edf865 elementor-widget elementor-widget-html\" data-id=\"4edf865\" data-element_type=\"widget\" data-e-type=\"widget\" data-widget_type=\"html.default\">\n\t\t\t\t<div class=\"elementor-widget-container\">\n\t\t\t\t\t<table style=\"border-collapse: collapse;width: 100%;font-family: Arial, sans-serif;text-align: center;border: 2px solid #517FAA\">\r\n  <thead>\r\n    <tr style=\"background-color: #517FAA;color: white\">\r\n      <th style=\"border: 1px solid white;padding: 8px\">Polo da Calheta<\/th>\r\n      <th style=\"border: 1px solid white;padding: 8px\">2.\u00aa Feira<\/th>\r\n      <th style=\"border: 1px solid white;padding: 8px\">3.\u00aa Feira<\/th>\r\n      <th style=\"border: 1px solid white;padding: 8px\">4.\u00aa Feira<\/th>\r\n      <th style=\"border: 1px solid white;padding: 8px\">5.\u00aa Feira<\/th>\r\n      <th style=\"border: 1px solid white;padding: 8px\">6.\u00aa Feira<\/th>\r\n    <\/tr>\r\n  <\/thead>\r\n  <tbody>\r\n    <tr style=\"background-color: #f2f2f2\">\r\n      <td style=\"border: 1px solid #517FAA;padding: 8px\">+ Empatia <br>(Ana Isabel Serr\u00e3o)<\/td>\r\n      <td style=\"border: 1px solid #517FAA;padding: 8px\"><\/td>\r\n      <td style=\"border: 1px solid #517FAA;padding: 8px\"><\/td>\r\n      <td style=\"border: 1px solid #517FAA;padding: 8px\">15:15 - 16:45<\/td>\r\n      <td style=\"border: 1px solid #517FAA;padding: 8px\"><\/td>\r\n      <td style=\"border: 1px solid #517FAA;padding: 8px\"><\/td>\r\n    <\/tr>\r\n  <\/tbody>\r\n<\/table>\r\n\t\t\t\t<\/div>\n\t\t\t\t<\/div>\n\t\t\t\t\t<\/div>\n\t\t\t\t<\/div>\n\t\t<div class=\"elementor-element elementor-element-9bf0810 e-flex e-con-boxed e-con e-parent\" data-id=\"9bf0810\" data-element_type=\"container\" data-e-type=\"container\">\n\t\t\t\t\t<div class=\"e-con-inner\">\n\t\t\t\t<div class=\"elementor-element elementor-element-164522d elementor-grid-eael-col-4 elementor-grid-tablet-eael-col-2 elementor-grid-mobile-eael-col-1 elementor-widget elementor-widget-eael-post-grid\" data-id=\"164522d\" data-element_type=\"widget\" data-e-type=\"widget\" data-settings=\"{&quot;eael_post_grid_columns&quot;:&quot;eael-col-4&quot;,&quot;eael_post_grid_columns_tablet&quot;:&quot;eael-col-2&quot;,&quot;eael_post_grid_columns_mobile&quot;:&quot;eael-col-1&quot;}\" data-widget_type=\"eael-post-grid.default\">\n\t\t\t\t<div class=\"elementor-widget-container\">\n\t\t\t\t\t<div id=\"eael-post-grid-164522d\" class=\"eael-post-grid-container\">\n            <div class=\"eael-post-grid eael-post-appender eael-post-appender-164522d eael-post-grid-style-one\" data-layout-mode=\"grid\"><article class=\"eael-grid-post  eael-post-grid-column eael-pg-post-6013 category-empatia\" data-id=\"6013\">\n        <div class=\"eael-grid-post-holder\">\n            <div class=\"eael-grid-post-holder-inner\"><div class=\"eael-entry-media\"><div class=\"eael-entry-overlay fade-in\"><i class=\"fas fa-long-arrow-alt-right\" aria-hidden=\"true\"><\/i><a href=\"https:\/\/escoladigital.madeira.gov.pt\/ebspecalheta\/2026\/04\/14\/projeto-empatia\/\"><\/a><\/div><div class=\"eael-entry-thumbnail \">\n                <img fetchpriority=\"high\" decoding=\"async\" width=\"300\" height=\"300\" src=\"https:\/\/escoladigital.madeira.gov.pt\/ebspecalheta\/wp-content\/uploads\/sites\/3\/2026\/04\/violencia-criancas1-300x300.jpg\" class=\"attachment-medium size-medium wp-image-6015\" alt=\"\" srcset=\"https:\/\/escoladigital.madeira.gov.pt\/ebspecalheta\/wp-content\/uploads\/sites\/3\/2026\/04\/violencia-criancas1-300x300.jpg 300w, https:\/\/escoladigital.madeira.gov.pt\/ebspecalheta\/wp-content\/uploads\/sites\/3\/2026\/04\/violencia-criancas1-1024x1024.jpg 1024w, https:\/\/escoladigital.madeira.gov.pt\/ebspecalheta\/wp-content\/uploads\/sites\/3\/2026\/04\/violencia-criancas1-150x150.jpg 150w, https:\/\/escoladigital.madeira.gov.pt\/ebspecalheta\/wp-content\/uploads\/sites\/3\/2026\/04\/violencia-criancas1-768x768.jpg 768w, https:\/\/escoladigital.madeira.gov.pt\/ebspecalheta\/wp-content\/uploads\/sites\/3\/2026\/04\/violencia-criancas1.jpg 1200w\" sizes=\"(max-width: 300px) 100vw, 300px\" \/>\n            <\/div>\n        <\/div><div class=\"eael-entry-wrapper\"><header class=\"eael-entry-header\"><h2 class=\"eael-entry-title\"><a class=\"eael-grid-post-link\" href=\"https:\/\/escoladigital.madeira.gov.pt\/ebspecalheta\/2026\/04\/14\/projeto-empatia\/\" title=\"Preven\u00e7\u00e3o dos maus-tratos\u00a0na inf\u00e2ncia &#8211; Projeto +Empatia\">Preven\u00e7\u00e3o dos maus-tratos\u00a0na inf\u00e2ncia &#8211; Projeto +Empatia<\/a><\/h2><\/header><div class=\"eael-entry-header-after\"><div class=\"eael-entry-meta\"><span class=\"eael-posted-on\"><time datetime=\"14 de Abril, 2026\">14 de Abril, 2026<\/time><\/span><\/div><\/div><div class=\"eael-entry-content\">\n                        <div class=\"eael-grid-post-excerpt\"><p>Os maus-tratos infantis s\u00e3o um assunto que merece a nossa...<\/p><a href=\"https:\/\/escoladigital.madeira.gov.pt\/ebspecalheta\/2026\/04\/14\/projeto-empatia\/\" class=\"eael-post-elements-readmore-btn\">Ler mais<\/a><\/div>\n                    <\/div><\/div><\/div>\n        <\/div>\n    <\/article><article class=\"eael-grid-post  eael-post-grid-column eael-pg-post-5756 category-empatia\" data-id=\"5756\">\n        <div class=\"eael-grid-post-holder\">\n            <div class=\"eael-grid-post-holder-inner\"><div class=\"eael-entry-media\"><div class=\"eael-entry-overlay fade-in\"><i class=\"fas fa-long-arrow-alt-right\" aria-hidden=\"true\"><\/i><a href=\"https:\/\/escoladigital.madeira.gov.pt\/ebspecalheta\/2026\/03\/02\/projeto-empatia-sugestao-de-marco\/\"><\/a><\/div><div class=\"eael-entry-thumbnail \">\n                <img decoding=\"async\" width=\"300\" height=\"251\" src=\"https:\/\/escoladigital.madeira.gov.pt\/ebspecalheta\/wp-content\/uploads\/sites\/3\/2026\/03\/marco-26-300x251.png\" class=\"attachment-medium size-medium wp-image-5757\" alt=\"\" srcset=\"https:\/\/escoladigital.madeira.gov.pt\/ebspecalheta\/wp-content\/uploads\/sites\/3\/2026\/03\/marco-26-300x251.png 300w, https:\/\/escoladigital.madeira.gov.pt\/ebspecalheta\/wp-content\/uploads\/sites\/3\/2026\/03\/marco-26-768x644.png 768w, https:\/\/escoladigital.madeira.gov.pt\/ebspecalheta\/wp-content\/uploads\/sites\/3\/2026\/03\/marco-26.png 940w\" sizes=\"(max-width: 300px) 100vw, 300px\" \/>\n            <\/div>\n        <\/div><div class=\"eael-entry-wrapper\"><header class=\"eael-entry-header\"><h2 class=\"eael-entry-title\"><a class=\"eael-grid-post-link\" href=\"https:\/\/escoladigital.madeira.gov.pt\/ebspecalheta\/2026\/03\/02\/projeto-empatia-sugestao-de-marco\/\" title=\"Projeto +Empatia &#8211; Sugest\u00e3o de mar\u00e7o\">Projeto +Empatia &#8211; Sugest\u00e3o de mar\u00e7o<\/a><\/h2><\/header><div class=\"eael-entry-header-after\"><div class=\"eael-entry-meta\"><span class=\"eael-posted-on\"><time datetime=\"2 de Mar\u00e7o, 2026\">2 de Mar\u00e7o, 2026<\/time><\/span><\/div><\/div><div class=\"eael-entry-content\">\n                        <div class=\"eael-grid-post-excerpt\"><p>Para o m\u00eas de mar\u00e7o o projeto +Empatia traz o...<\/p><a href=\"https:\/\/escoladigital.madeira.gov.pt\/ebspecalheta\/2026\/03\/02\/projeto-empatia-sugestao-de-marco\/\" class=\"eael-post-elements-readmore-btn\">Ler mais<\/a><\/div>\n                    <\/div><\/div><\/div>\n        <\/div>\n    <\/article><article class=\"eael-grid-post  eael-post-grid-column eael-pg-post-5317 category-empatia\" data-id=\"5317\">\n        <div class=\"eael-grid-post-holder\">\n            <div class=\"eael-grid-post-holder-inner\"><div class=\"eael-entry-media\"><div class=\"eael-entry-overlay fade-in\"><i class=\"fas fa-long-arrow-alt-right\" aria-hidden=\"true\"><\/i><a href=\"https:\/\/escoladigital.madeira.gov.pt\/ebspecalheta\/2026\/02\/02\/sugestao-de-fevereiro-projeto-empatia\/\"><\/a><\/div><div class=\"eael-entry-thumbnail \">\n                <img decoding=\"async\" width=\"300\" height=\"251\" src=\"https:\/\/escoladigital.madeira.gov.pt\/ebspecalheta\/wp-content\/uploads\/sites\/3\/2026\/02\/fevereiro-26-300x251.png\" class=\"attachment-medium size-medium wp-image-5318\" alt=\"\" srcset=\"https:\/\/escoladigital.madeira.gov.pt\/ebspecalheta\/wp-content\/uploads\/sites\/3\/2026\/02\/fevereiro-26-300x251.png 300w, https:\/\/escoladigital.madeira.gov.pt\/ebspecalheta\/wp-content\/uploads\/sites\/3\/2026\/02\/fevereiro-26-768x644.png 768w, https:\/\/escoladigital.madeira.gov.pt\/ebspecalheta\/wp-content\/uploads\/sites\/3\/2026\/02\/fevereiro-26.png 940w\" sizes=\"(max-width: 300px) 100vw, 300px\" \/>\n            <\/div>\n        <\/div><div class=\"eael-entry-wrapper\"><header class=\"eael-entry-header\"><h2 class=\"eael-entry-title\"><a class=\"eael-grid-post-link\" href=\"https:\/\/escoladigital.madeira.gov.pt\/ebspecalheta\/2026\/02\/02\/sugestao-de-fevereiro-projeto-empatia\/\" title=\"Sugest\u00e3o de fevereiro &#8211; Projeto + Empatia\">Sugest\u00e3o de fevereiro &#8211; Projeto + Empatia<\/a><\/h2><\/header><div class=\"eael-entry-header-after\"><div class=\"eael-entry-meta\"><span class=\"eael-posted-on\"><time datetime=\"2 de Fevereiro, 2026\">2 de Fevereiro, 2026<\/time><\/span><\/div><\/div><div class=\"eael-entry-content\">\n                        <div class=\"eael-grid-post-excerpt\"><p>O m\u00eas de fevereiro, apesar de ser o mais curto...<\/p><a href=\"https:\/\/escoladigital.madeira.gov.pt\/ebspecalheta\/2026\/02\/02\/sugestao-de-fevereiro-projeto-empatia\/\" class=\"eael-post-elements-readmore-btn\">Ler mais<\/a><\/div>\n                    <\/div><\/div><\/div>\n        <\/div>\n    <\/article><article class=\"eael-grid-post  eael-post-grid-column eael-pg-post-5102 category-empatia\" data-id=\"5102\">\n        <div class=\"eael-grid-post-holder\">\n            <div class=\"eael-grid-post-holder-inner\"><div class=\"eael-entry-media\"><div class=\"eael-entry-overlay fade-in\"><i class=\"fas fa-long-arrow-alt-right\" aria-hidden=\"true\"><\/i><a href=\"https:\/\/escoladigital.madeira.gov.pt\/ebspecalheta\/2026\/01\/14\/novo-ano-novas-atitudes-10-formas-de-praticar-a-empatia-todos-os-dias\/\"><\/a><\/div><div class=\"eael-entry-thumbnail \">\n                <img loading=\"lazy\" decoding=\"async\" width=\"300\" height=\"300\" src=\"https:\/\/escoladigital.madeira.gov.pt\/ebspecalheta\/wp-content\/uploads\/sites\/3\/2026\/01\/Logoempatia-300x300.png\" class=\"attachment-medium size-medium wp-image-5107\" alt=\"\" srcset=\"https:\/\/escoladigital.madeira.gov.pt\/ebspecalheta\/wp-content\/uploads\/sites\/3\/2026\/01\/Logoempatia-300x300.png 300w, https:\/\/escoladigital.madeira.gov.pt\/ebspecalheta\/wp-content\/uploads\/sites\/3\/2026\/01\/Logoempatia-150x150.png 150w, https:\/\/escoladigital.madeira.gov.pt\/ebspecalheta\/wp-content\/uploads\/sites\/3\/2026\/01\/Logoempatia.png 500w\" sizes=\"(max-width: 300px) 100vw, 300px\" \/>\n            <\/div>\n        <\/div><div class=\"eael-entry-wrapper\"><header class=\"eael-entry-header\"><h2 class=\"eael-entry-title\"><a class=\"eael-grid-post-link\" href=\"https:\/\/escoladigital.madeira.gov.pt\/ebspecalheta\/2026\/01\/14\/novo-ano-novas-atitudes-10-formas-de-praticar-a-empatia-todos-os-dias\/\" title=\"Novo Ano, Novas Atitudes: 10 Formas de Praticar a Empatia Todos os Dias\">Novo Ano, Novas Atitudes: 10 Formas de Praticar a Empatia Todos os Dias<\/a><\/h2><\/header><div class=\"eael-entry-header-after\"><div class=\"eael-entry-meta\"><span class=\"eael-posted-on\"><time datetime=\"14 de Janeiro, 2026\">14 de Janeiro, 2026<\/time><\/span><\/div><\/div><div class=\"eael-entry-content\">\n                        <div class=\"eael-grid-post-excerpt\"><p>Numa altura em que surgem cada vez mais casos de...<\/p><a href=\"https:\/\/escoladigital.madeira.gov.pt\/ebspecalheta\/2026\/01\/14\/novo-ano-novas-atitudes-10-formas-de-praticar-a-empatia-todos-os-dias\/\" class=\"eael-post-elements-readmore-btn\">Ler mais<\/a><\/div>\n                    <\/div><\/div><\/div>\n        <\/div>\n    <\/article><\/div>\n            <div class=\"clearfix\"><\/div>\n        <\/div>            <div class=\"eael-load-more-button-wrap eael-force-hide\">\n                <button class=\"eael-load-more-button\" id=\"eael-load-more-btn-164522d\" data-widget-id=\"164522d\" data-widget=\"164522d\" data-page-id=\"1207\" data-template=\"{&quot;dir&quot;:&quot;lite&quot;,&quot;file_name&quot;:&quot;one.php&quot;,&quot;name&quot;:&quot;Post-Grid&quot;}\" data-class=\"Essential_Addons_Elementor\\Elements\\Post_Grid\" data-layout=\"grid\" data-page=\"1\" data-args=\"orderby=date&amp;order=desc&amp;ignore_sticky_posts=1&amp;post_status=publish&amp;posts_per_page=4&amp;offset=0&amp;post_type=post&amp;tax_query%5B0%5D%5Btaxonomy%5D=category&amp;tax_query%5B0%5D%5Bfield%5D=term_id&amp;tax_query%5B0%5D%5Bterms%5D%5B0%5D=63&amp;tax_query%5Brelation%5D=AND\" data-max-page=\"3\">\n                    <span class=\"eael-btn-loader button__loader\"><\/span>\n                    <span class=\"eael_load_more_text\">Load More<\/span>\n                <\/button>\n            <\/div>\n            \t\t\t\t<\/div>\n\t\t\t\t<\/div>\n\t\t\t\t\t<\/div>\n\t\t\t\t<\/div>\n\t\t\t\t<\/div>\n\t\t","protected":false},"excerpt":{"rendered":"<p>+ Empatia Este projeto cria um espa\u00e7o din\u00e2mico e abrangente que permite promover um ambiente de maior empatia, toler\u00e2ncia, inclus\u00e3o, respeito (por si e pelos outros) e bem-estar na escola, contribuindo, desta forma, para a diminui\u00e7\u00e3o das situa\u00e7\u00f5es de indisciplina; envolver os alunos em atividades pr\u00e1ticas, diversificadas e interessantes, com o prop\u00f3sito de os sensibilizar [&hellip;]<\/p>\n","protected":false},"author":78,"featured_media":0,"parent":113,"menu_order":0,"comment_status":"closed","ping_status":"closed","template":"","meta":{"site-sidebar-layout":"no-sidebar","site-content-layout":"","ast-site-content-layout":"full-width-container","site-content-style":"default","site-sidebar-style":"default","ast-global-header-display":"","ast-banner-title-visibility":"","ast-main-header-display":"","ast-hfb-above-header-display":"","ast-hfb-below-header-display":"","ast-hfb-mobile-header-display":"","site-post-title":"disabled","ast-breadcrumbs-content":"","ast-featured-img":"disabled","footer-sml-layout":"","ast-disable-related-posts":"","theme-transparent-header-meta":"","adv-header-id-meta":"","stick-header-meta":"","header-above-stick-meta":"","header-main-stick-meta":"","header-below-stick-meta":"","astra-migrate-meta-layouts":"default","ast-page-background-enabled":"default","ast-page-background-meta":{"desktop":{"background-color":"var(--ast-global-color-4)","background-image":"","background-repeat":"repeat","background-position":"center center","background-size":"auto","background-attachment":"scroll","background-type":"","background-media":"","overlay-type":"","overlay-color":"","overlay-opacity":"","overlay-gradient":""},"tablet":{"background-color":"","background-image":"","background-repeat":"repeat","background-position":"center center","background-size":"auto","background-attachment":"scroll","background-type":"","background-media":"","overlay-type":"","overlay-color":"","overlay-opacity":"","overlay-gradient":""},"mobile":{"background-color":"","background-image":"","background-repeat":"repeat","background-position":"center center","background-size":"auto","background-attachment":"scroll","background-type":"","background-media":"","overlay-type":"","overlay-color":"","overlay-opacity":"","overlay-gradient":""}},"ast-content-background-meta":{"desktop":{"background-color":"var(--ast-global-color-5)","background-image":"","background-repeat":"repeat","background-position":"center center","background-size":"auto","background-attachment":"scroll","background-type":"","background-media":"","overlay-type":"","overlay-color":"","overlay-opacity":"","overlay-gradient":""},"tablet":{"background-color":"var(--ast-global-color-5)","background-image":"","background-repeat":"repeat","background-position":"center center","background-size":"auto","background-attachment":"scroll","background-type":"","background-media":"","overlay-type":"","overlay-color":"","overlay-opacity":"","overlay-gradient":""},"mobile":{"background-color":"var(--ast-global-color-5)","background-image":"","background-repeat":"repeat","background-position":"center center","background-size":"auto","background-attachment":"scroll","background-type":"","background-media":"","overlay-type":"","overlay-color":"","overlay-opacity":"","overlay-gradient":""}},"_themeisle_gutenberg_block_has_review":false,"footnotes":""},"class_list":["post-1207","page","type-page","status-publish","hentry"],"_links":{"self":[{"href":"https:\/\/escoladigital.madeira.gov.pt\/ebspecalheta\/wp-json\/wp\/v2\/pages\/1207","targetHints":{"allow":["GET"]}}],"collection":[{"href":"https:\/\/escoladigital.madeira.gov.pt\/ebspecalheta\/wp-json\/wp\/v2\/pages"}],"about":[{"href":"https:\/\/escoladigital.madeira.gov.pt\/ebspecalheta\/wp-json\/wp\/v2\/types\/page"}],"author":[{"embeddable":true,"href":"https:\/\/escoladigital.madeira.gov.pt\/ebspecalheta\/wp-json\/wp\/v2\/users\/78"}],"replies":[{"embeddable":true,"href":"https:\/\/escoladigital.madeira.gov.pt\/ebspecalheta\/wp-json\/wp\/v2\/comments?post=1207"}],"version-history":[{"count":25,"href":"https:\/\/escoladigital.madeira.gov.pt\/ebspecalheta\/wp-json\/wp\/v2\/pages\/1207\/revisions"}],"predecessor-version":[{"id":3978,"href":"https:\/\/escoladigital.madeira.gov.pt\/ebspecalheta\/wp-json\/wp\/v2\/pages\/1207\/revisions\/3978"}],"up":[{"embeddable":true,"href":"https:\/\/escoladigital.madeira.gov.pt\/ebspecalheta\/wp-json\/wp\/v2\/pages\/113"}],"wp:attachment":[{"href":"https:\/\/escoladigital.madeira.gov.pt\/ebspecalheta\/wp-json\/wp\/v2\/media?parent=1207"}],"curies":[{"name":"wp","href":"https:\/\/api.w.org\/{rel}","templated":true}]}}