{"id":1290,"date":"2025-01-07T13:18:06","date_gmt":"2025-01-07T13:18:06","guid":{"rendered":"https:\/\/escoladigital.madeira.gov.pt\/ebspecalheta\/?page_id=1290"},"modified":"2025-09-30T22:12:15","modified_gmt":"2025-09-30T22:12:15","slug":"jogos-matematicos","status":"publish","type":"page","link":"https:\/\/escoladigital.madeira.gov.pt\/ebspecalheta\/projetos\/jogos-matematicos\/","title":{"rendered":"Jogos Matem\u00e1ticos"},"content":{"rendered":"\t\t<div data-elementor-type=\"wp-page\" data-elementor-id=\"1290\" class=\"elementor elementor-1290\">\n\t\t\t\t<div class=\"elementor-element elementor-element-715f1b1 e-flex e-con-boxed e-con e-parent\" data-id=\"715f1b1\" data-element_type=\"container\" data-e-type=\"container\">\n\t\t\t\t\t<div class=\"e-con-inner\">\n\t\t\t\t<div class=\"elementor-element elementor-element-079e7b0 elementor-widget elementor-widget-text-editor\" data-id=\"079e7b0\" data-element_type=\"widget\" data-e-type=\"widget\" data-widget_type=\"text-editor.default\">\n\t\t\t\t<div class=\"elementor-widget-container\">\n\t\t\t\t\t\t\t\t\t<h3 class=\"sp-module-title\">Jogos Matem\u00e1ticos<\/h3>\t\t\t\t\t\t\t\t<\/div>\n\t\t\t\t<\/div>\n\t\t\t\t\t<\/div>\n\t\t\t\t<\/div>\n\t\t<div class=\"elementor-element elementor-element-a41ab8f e-flex e-con-boxed e-con e-parent\" data-id=\"a41ab8f\" data-element_type=\"container\" data-e-type=\"container\">\n\t\t\t\t\t<div class=\"e-con-inner\">\n\t\t\t\t<div class=\"elementor-element elementor-element-97a004d elementor-widget elementor-widget-text-editor\" data-id=\"97a004d\" data-element_type=\"widget\" data-e-type=\"widget\" data-widget_type=\"text-editor.default\">\n\t\t\t\t<div class=\"elementor-widget-container\">\n\t\t\t\t\t\t\t\t\t<p style=\"text-align: justify\"><span class=\"TextRun SCXW237745763 BCX0\" lang=\"PT-PT\" xml:lang=\"PT-PT\" data-contrast=\"auto\"><span class=\"NormalTextRun SCXW237745763 BCX0\">Este projeto procura proporcionar aos alunos atividades l\u00fadicas e desafiadoras estimulando o gosto pela matem\u00e1tica atrav\u00e9s de jogos educativos e participa\u00e7\u00e3o em concursos.\u00a0<\/span><\/span><span class=\"EOP SCXW237745763 BCX0\" data-ccp-props=\"{}\">\u00a0<\/span><\/p>\t\t\t\t\t\t\t\t<\/div>\n\t\t\t\t<\/div>\n\t\t\t\t\t<\/div>\n\t\t\t\t<\/div>\n\t\t<div class=\"elementor-element elementor-element-1685eb4 e-flex e-con-boxed e-con e-parent\" data-id=\"1685eb4\" data-element_type=\"container\" data-e-type=\"container\">\n\t\t\t\t\t<div class=\"e-con-inner\">\n\t\t\t\t<div class=\"elementor-element elementor-element-5020c22 elementor-widget elementor-widget-html\" data-id=\"5020c22\" data-element_type=\"widget\" data-e-type=\"widget\" data-widget_type=\"html.default\">\n\t\t\t\t<div class=\"elementor-widget-container\">\n\t\t\t\t\t<table style=\"border-collapse: collapse;width: 100%;font-family: Arial, sans-serif;text-align: center;border: 2px solid #517FAA\">\r\n<thead>\r\n<tr style=\"background-color: #517faa;color: white\">\r\n<th style=\"border: 1px solid white;padding: 8px\">Polo da Calheta<\/th>\r\n<th style=\"border: 1px solid white;padding: 8px\">2.&ordf; Feira<\/th>\r\n<th style=\"border: 1px solid white;padding: 8px\">3.&ordf; Feira<\/th>\r\n<th style=\"border: 1px solid white;padding: 8px\">4.&ordf; Feira<\/th>\r\n<th style=\"border: 1px solid white;padding: 8px\">5.&ordf; Feira<\/th>\r\n<th style=\"border: 1px solid white;padding: 8px\">6.&ordf; Feira<\/th>\r\n<\/tr>\r\n<\/thead>\r\n<tbody>\r\n<tr style=\"background-color: #f2f2f2\">\r\n<td style=\"border: 1px solid #517FAA;padding: 8px\">Jogos Matem&aacute;ticos<br \/>(Prof. Marisa Silva)<\/td>\r\n<td style=\"border: 1px solid #517FAA;padding: 8px\">&nbsp;<\/td>\r\n<td style=\"border: 1px solid #517FAA;padding: 8px\">&nbsp;<\/td>\r\n<td style=\"border: 1px solid #517FAA;padding: 8px\">14:20 &agrave;s 16:00<\/td>\r\n<td style=\"border: 1px solid #517FAA;padding: 8px\">&nbsp;<\/td>\r\n<td style=\"border: 1px solid #517FAA;padding: 8px\">&nbsp;<\/td>\r\n<\/tr>\r\n<\/tbody>\r\n<\/table>\r\n\t\t\t\t<\/div>\n\t\t\t\t<\/div>\n\t\t\t\t\t<\/div>\n\t\t\t\t<\/div>\n\t\t<div class=\"elementor-element elementor-element-3836d5c e-flex e-con-boxed e-con e-parent\" data-id=\"3836d5c\" data-element_type=\"container\" data-e-type=\"container\">\n\t\t\t\t\t<div class=\"e-con-inner\">\n\t\t\t\t<div class=\"elementor-element elementor-element-428979c elementor-grid-eael-col-4 elementor-grid-tablet-eael-col-2 elementor-grid-mobile-eael-col-1 elementor-widget elementor-widget-eael-post-grid\" data-id=\"428979c\" data-element_type=\"widget\" data-e-type=\"widget\" data-settings=\"{&quot;eael_post_grid_columns&quot;:&quot;eael-col-4&quot;,&quot;eael_post_grid_columns_tablet&quot;:&quot;eael-col-2&quot;,&quot;eael_post_grid_columns_mobile&quot;:&quot;eael-col-1&quot;}\" data-widget_type=\"eael-post-grid.default\">\n\t\t\t\t<div class=\"elementor-widget-container\">\n\t\t\t\t\t<div id=\"eael-post-grid-428979c\" class=\"eael-post-grid-container\">\n            <div class=\"eael-post-grid eael-post-appender eael-post-appender-428979c eael-post-grid-style-two\" data-layout-mode=\"grid\"><article class=\"eael-grid-post  eael-post-grid-column eael-pg-post-5408 category-jogos-matematicos\" data-id=\"5408\">\n    <div class=\"eael-grid-post-holder\">\n        <div class=\"eael-grid-post-holder-inner\"><div class=\"eael-entry-media\"><div class=\"eael-entry-overlay fade-in\"><i class=\"fas fa-long-arrow-alt-right\" aria-hidden=\"true\"><\/i><a href=\"https:\/\/escoladigital.madeira.gov.pt\/ebspecalheta\/2026\/02\/13\/participacao-no-10o-campeonato-regional-de-jogos-matematicos-crjm\/\"><\/a><\/div><div class=\"eael-entry-thumbnail \">\n                            <img fetchpriority=\"high\" decoding=\"async\" width=\"300\" height=\"169\" src=\"https:\/\/escoladigital.madeira.gov.pt\/ebspecalheta\/wp-content\/uploads\/sites\/3\/2026\/02\/jogosmat2-300x169.jpg\" class=\"attachment-medium size-medium wp-image-5409\" alt=\"\" srcset=\"https:\/\/escoladigital.madeira.gov.pt\/ebspecalheta\/wp-content\/uploads\/sites\/3\/2026\/02\/jogosmat2-300x169.jpg 300w, https:\/\/escoladigital.madeira.gov.pt\/ebspecalheta\/wp-content\/uploads\/sites\/3\/2026\/02\/jogosmat2-1024x576.jpg 1024w, https:\/\/escoladigital.madeira.gov.pt\/ebspecalheta\/wp-content\/uploads\/sites\/3\/2026\/02\/jogosmat2-768x432.jpg 768w, https:\/\/escoladigital.madeira.gov.pt\/ebspecalheta\/wp-content\/uploads\/sites\/3\/2026\/02\/jogosmat2.jpg 1280w\" sizes=\"(max-width: 300px) 100vw, 300px\" \/>\n                            <\/div>\n                    <\/div><div class=\"eael-entry-wrapper\"><header class=\"eael-entry-header\"><h2 class=\"eael-entry-title\"><a class=\"eael-grid-post-link\" href=\"https:\/\/escoladigital.madeira.gov.pt\/ebspecalheta\/2026\/02\/13\/participacao-no-10o-campeonato-regional-de-jogos-matematicos-crjm\/\" title=\"Participa\u00e7\u00e3o no 10\u00ba Campeonato Regional de Jogos Matem\u00e1ticos (CRJM)\">Participa\u00e7\u00e3o no 10\u00ba Campeonato Regional de Jogos Matem\u00e1ticos (CRJM)<\/a><\/h2><\/header><div class=\"eael-entry-header-after style-two\"><div class=\"eael-entry-meta\"><span class=\"eael-posted-on eael-meta-posted-on\"><i class=\"far fa-clock\"><\/i><time datetime=\"13 de Fevereiro, 2026\">13 de Fevereiro, 2026<\/time><\/span><\/div><\/div><div class=\"eael-entry-content\">\n                                <div class=\"eael-grid-post-excerpt\"><p>No m\u00eas de janeiro, realizou-se na nossa escola o torneio...<\/p><a href=\"https:\/\/escoladigital.madeira.gov.pt\/ebspecalheta\/2026\/02\/13\/participacao-no-10o-campeonato-regional-de-jogos-matematicos-crjm\/\" class=\"eael-post-elements-readmore-btn\">Ler mais<\/a><\/div>\n                            <\/div><\/div><\/div>\n    <\/div>\n<\/article><article class=\"eael-grid-post  eael-post-grid-column eael-pg-post-4265 category-jogos-matematicos\" data-id=\"4265\">\n    <div class=\"eael-grid-post-holder\">\n        <div class=\"eael-grid-post-holder-inner\"><div class=\"eael-entry-media\"><div class=\"eael-entry-overlay fade-in\"><i class=\"fas fa-long-arrow-alt-right\" aria-hidden=\"true\"><\/i><a href=\"https:\/\/escoladigital.madeira.gov.pt\/ebspecalheta\/2025\/09\/30\/oficina-da-matematica\/\"><\/a><\/div><div class=\"eael-entry-thumbnail \">\n                            <img decoding=\"async\" width=\"212\" height=\"300\" src=\"https:\/\/escoladigital.madeira.gov.pt\/ebspecalheta\/wp-content\/uploads\/sites\/3\/2025\/09\/JogosMAT_25_26-212x300.jpg\" class=\"attachment-medium size-medium wp-image-4268\" alt=\"\" srcset=\"https:\/\/escoladigital.madeira.gov.pt\/ebspecalheta\/wp-content\/uploads\/sites\/3\/2025\/09\/JogosMAT_25_26-212x300.jpg 212w, https:\/\/escoladigital.madeira.gov.pt\/ebspecalheta\/wp-content\/uploads\/sites\/3\/2025\/09\/JogosMAT_25_26-724x1024.jpg 724w, https:\/\/escoladigital.madeira.gov.pt\/ebspecalheta\/wp-content\/uploads\/sites\/3\/2025\/09\/JogosMAT_25_26-768x1087.jpg 768w, https:\/\/escoladigital.madeira.gov.pt\/ebspecalheta\/wp-content\/uploads\/sites\/3\/2025\/09\/JogosMAT_25_26-1085x1536.jpg 1085w, https:\/\/escoladigital.madeira.gov.pt\/ebspecalheta\/wp-content\/uploads\/sites\/3\/2025\/09\/JogosMAT_25_26.jpg 1240w\" sizes=\"(max-width: 212px) 100vw, 212px\" \/>\n                            <\/div>\n                    <\/div><div class=\"eael-entry-wrapper\"><header class=\"eael-entry-header\"><h2 class=\"eael-entry-title\"><a class=\"eael-grid-post-link\" href=\"https:\/\/escoladigital.madeira.gov.pt\/ebspecalheta\/2025\/09\/30\/oficina-da-matematica\/\" title=\"Oficina da Matem\u00e1tica\">Oficina da Matem\u00e1tica<\/a><\/h2><\/header><div class=\"eael-entry-header-after style-two\"><div class=\"eael-entry-meta\"><span class=\"eael-posted-on eael-meta-posted-on\"><i class=\"far fa-clock\"><\/i><time datetime=\"30 de Setembro, 2025\">30 de Setembro, 2025<\/time><\/span><\/div><\/div><div class=\"eael-entry-content\">\n                                <div class=\"eael-grid-post-excerpt\"><p>Oficina da Matem\u00e1tica<\/p><a href=\"https:\/\/escoladigital.madeira.gov.pt\/ebspecalheta\/2025\/09\/30\/oficina-da-matematica\/\" class=\"eael-post-elements-readmore-btn\">Ler mais<\/a><\/div>\n                            <\/div><\/div><\/div>\n    <\/div>\n<\/article><\/div>\n            <div class=\"clearfix\"><\/div>\n        <\/div>\t\t\t\t<\/div>\n\t\t\t\t<\/div>\n\t\t\t\t\t<\/div>\n\t\t\t\t<\/div>\n\t\t\t\t<\/div>\n\t\t","protected":false},"excerpt":{"rendered":"<p>Jogos Matem\u00e1ticos Este projeto procura proporcionar aos alunos atividades l\u00fadicas e desafiadoras estimulando o gosto pela matem\u00e1tica atrav\u00e9s de jogos educativos e participa\u00e7\u00e3o em concursos.\u00a0\u00a0 Polo da Calheta 2.&ordf; Feira 3.&ordf; Feira 4.&ordf; Feira 5.&ordf; Feira 6.&ordf; Feira Jogos Matem&aacute;ticos(Prof. Marisa Silva) &nbsp; &nbsp; 14:20 &agrave;s 16:00 &nbsp; &nbsp; Oficina da Matem\u00e1tica 30 de Setembro, [&hellip;]<\/p>\n","protected":false},"author":78,"featured_media":0,"parent":113,"menu_order":0,"comment_status":"closed","ping_status":"closed","template":"","meta":{"site-sidebar-layout":"no-sidebar","site-content-layout":"","ast-site-content-layout":"full-width-container","site-content-style":"default","site-sidebar-style":"default","ast-global-header-display":"","ast-banner-title-visibility":"","ast-main-header-display":"","ast-hfb-above-header-display":"","ast-hfb-below-header-display":"","ast-hfb-mobile-header-display":"","site-post-title":"disabled","ast-breadcrumbs-content":"","ast-featured-img":"disabled","footer-sml-layout":"","ast-disable-related-posts":"","theme-transparent-header-meta":"","adv-header-id-meta":"","stick-header-meta":"","header-above-stick-meta":"","header-main-stick-meta":"","header-below-stick-meta":"","astra-migrate-meta-layouts":"default","ast-page-background-enabled":"default","ast-page-background-meta":{"desktop":{"background-color":"var(--ast-global-color-4)","background-image":"","background-repeat":"repeat","background-position":"center center","background-size":"auto","background-attachment":"scroll","background-type":"","background-media":"","overlay-type":"","overlay-color":"","overlay-opacity":"","overlay-gradient":""},"tablet":{"background-color":"","background-image":"","background-repeat":"repeat","background-position":"center center","background-size":"auto","background-attachment":"scroll","background-type":"","background-media":"","overlay-type":"","overlay-color":"","overlay-opacity":"","overlay-gradient":""},"mobile":{"background-color":"","background-image":"","background-repeat":"repeat","background-position":"center center","background-size":"auto","background-attachment":"scroll","background-type":"","background-media":"","overlay-type":"","overlay-color":"","overlay-opacity":"","overlay-gradient":""}},"ast-content-background-meta":{"desktop":{"background-color":"var(--ast-global-color-5)","background-image":"","background-repeat":"repeat","background-position":"center center","background-size":"auto","background-attachment":"scroll","background-type":"","background-media":"","overlay-type":"","overlay-color":"","overlay-opacity":"","overlay-gradient":""},"tablet":{"background-color":"var(--ast-global-color-5)","background-image":"","background-repeat":"repeat","background-position":"center center","background-size":"auto","background-attachment":"scroll","background-type":"","background-media":"","overlay-type":"","overlay-color":"","overlay-opacity":"","overlay-gradient":""},"mobile":{"background-color":"var(--ast-global-color-5)","background-image":"","background-repeat":"repeat","background-position":"center center","background-size":"auto","background-attachment":"scroll","background-type":"","background-media":"","overlay-type":"","overlay-color":"","overlay-opacity":"","overlay-gradient":""}},"_themeisle_gutenberg_block_has_review":false,"footnotes":""},"class_list":["post-1290","page","type-page","status-publish","hentry"],"_links":{"self":[{"href":"https:\/\/escoladigital.madeira.gov.pt\/ebspecalheta\/wp-json\/wp\/v2\/pages\/1290","targetHints":{"allow":["GET"]}}],"collection":[{"href":"https:\/\/escoladigital.madeira.gov.pt\/ebspecalheta\/wp-json\/wp\/v2\/pages"}],"about":[{"href":"https:\/\/escoladigital.madeira.gov.pt\/ebspecalheta\/wp-json\/wp\/v2\/types\/page"}],"author":[{"embeddable":true,"href":"https:\/\/escoladigital.madeira.gov.pt\/ebspecalheta\/wp-json\/wp\/v2\/users\/78"}],"replies":[{"embeddable":true,"href":"https:\/\/escoladigital.madeira.gov.pt\/ebspecalheta\/wp-json\/wp\/v2\/comments?post=1290"}],"version-history":[{"count":37,"href":"https:\/\/escoladigital.madeira.gov.pt\/ebspecalheta\/wp-json\/wp\/v2\/pages\/1290\/revisions"}],"predecessor-version":[{"id":4315,"href":"https:\/\/escoladigital.madeira.gov.pt\/ebspecalheta\/wp-json\/wp\/v2\/pages\/1290\/revisions\/4315"}],"up":[{"embeddable":true,"href":"https:\/\/escoladigital.madeira.gov.pt\/ebspecalheta\/wp-json\/wp\/v2\/pages\/113"}],"wp:attachment":[{"href":"https:\/\/escoladigital.madeira.gov.pt\/ebspecalheta\/wp-json\/wp\/v2\/media?parent=1290"}],"curies":[{"name":"wp","href":"https:\/\/api.w.org\/{rel}","templated":true}]}}