{"id":1316,"date":"2025-01-07T14:19:03","date_gmt":"2025-01-07T14:19:03","guid":{"rendered":"https:\/\/escoladigital.madeira.gov.pt\/ebspecalheta\/?page_id=1316"},"modified":"2025-02-25T15:40:18","modified_gmt":"2025-02-25T15:40:18","slug":"educacao-financeira","status":"publish","type":"page","link":"https:\/\/escoladigital.madeira.gov.pt\/ebspecalheta\/projetos\/educacao-financeira\/","title":{"rendered":"Educa\u00e7\u00e3o Financeira"},"content":{"rendered":"\t\t<div data-elementor-type=\"wp-page\" data-elementor-id=\"1316\" class=\"elementor elementor-1316\">\n\t\t\t\t<div class=\"elementor-element elementor-element-6c473ec e-flex e-con-boxed e-con e-parent\" data-id=\"6c473ec\" data-element_type=\"container\" data-e-type=\"container\">\n\t\t\t\t\t<div class=\"e-con-inner\">\n\t\t\t\t<div class=\"elementor-element elementor-element-03d73f1 elementor-widget elementor-widget-text-editor\" data-id=\"03d73f1\" data-element_type=\"widget\" data-e-type=\"widget\" data-widget_type=\"text-editor.default\">\n\t\t\t\t<div class=\"elementor-widget-container\">\n\t\t\t\t\t\t\t\t\t<h3 class=\"sp-module-title\">Educa\u00e7\u00e3o Financeira<\/h3>\t\t\t\t\t\t\t\t<\/div>\n\t\t\t\t<\/div>\n\t\t\t\t\t<\/div>\n\t\t\t\t<\/div>\n\t\t<div class=\"elementor-element elementor-element-4dcf218 e-flex e-con-boxed e-con e-parent\" data-id=\"4dcf218\" data-element_type=\"container\" data-e-type=\"container\">\n\t\t\t\t\t<div class=\"e-con-inner\">\n\t\t\t\t<div class=\"elementor-element elementor-element-c761519 elementor-widget elementor-widget-text-editor\" data-id=\"c761519\" data-element_type=\"widget\" data-e-type=\"widget\" data-widget_type=\"text-editor.default\">\n\t\t\t\t<div class=\"elementor-widget-container\">\n\t\t\t\t\t\t\t\t\t<div class=\"sp-module-content-top clearfix\"><div class=\"sp-module \"><div class=\"sp-module-content\"><div class=\"custom\"><div class=\"article-header\"><p>Tem como objetivo discutir literacia financeira\/finan\u00e7as pessoais, ensinar a gerir um or\u00e7amento, identificar objetivos de educa\u00e7\u00e3o e carreira, baseados nos interesses, valores e qualidades de cada aluno. Este ano letivo tem 2 sess\u00f5es de 45 minutos com todas as turmas de 5\u00ba, 6\u00ba, 8\u00ba e 9\u00ba anos.<\/p><\/div><\/div><\/div><\/div><\/div><div class=\"blog\"><p>N\u00e3o existem artigos nesta categoria mas podem existir artigos em subcategorias caso estejam listadas.<\/p><\/div>\t\t\t\t\t\t\t\t<\/div>\n\t\t\t\t<\/div>\n\t\t\t\t\t<\/div>\n\t\t\t\t<\/div>\n\t\t<div class=\"elementor-element elementor-element-31fd096 e-flex e-con-boxed e-con e-parent\" data-id=\"31fd096\" data-element_type=\"container\" data-e-type=\"container\">\n\t\t\t\t\t<div class=\"e-con-inner\">\n\t\t\t\t<div class=\"elementor-element elementor-element-7ff08f6 elementor-grid-eael-col-4 elementor-grid-tablet-eael-col-2 elementor-grid-mobile-eael-col-1 elementor-widget elementor-widget-eael-post-grid\" data-id=\"7ff08f6\" data-element_type=\"widget\" data-e-type=\"widget\" data-settings=\"{&quot;eael_post_grid_columns&quot;:&quot;eael-col-4&quot;,&quot;eael_post_grid_columns_tablet&quot;:&quot;eael-col-2&quot;,&quot;eael_post_grid_columns_mobile&quot;:&quot;eael-col-1&quot;}\" data-widget_type=\"eael-post-grid.default\">\n\t\t\t\t<div class=\"elementor-widget-container\">\n\t\t\t\t\t<div id=\"eael-post-grid-7ff08f6\" class=\"eael-post-grid-container\">\n            <div class=\"eael-post-grid eael-post-appender eael-post-appender-7ff08f6 eael-post-grid-style-one\" data-layout-mode=\"grid\"><p class=\"no-posts-found\">No posts found!<\/p><\/div>\n            <div class=\"clearfix\"><\/div>\n        <\/div>\t\t\t\t<\/div>\n\t\t\t\t<\/div>\n\t\t\t\t\t<\/div>\n\t\t\t\t<\/div>\n\t\t\t\t<\/div>\n\t\t","protected":false},"excerpt":{"rendered":"<p>Educa\u00e7\u00e3o Financeira Tem como objetivo discutir literacia financeira\/finan\u00e7as pessoais, ensinar a gerir um or\u00e7amento, identificar objetivos de educa\u00e7\u00e3o e carreira, baseados nos interesses, valores e qualidades de cada aluno. Este ano letivo tem 2 sess\u00f5es de 45 minutos com todas as turmas de 5\u00ba, 6\u00ba, 8\u00ba e 9\u00ba anos. N\u00e3o existem artigos nesta categoria mas [&hellip;]<\/p>\n","protected":false},"author":78,"featured_media":0,"parent":113,"menu_order":0,"comment_status":"closed","ping_status":"closed","template":"","meta":{"site-sidebar-layout":"no-sidebar","site-content-layout":"","ast-site-content-layout":"full-width-container","site-content-style":"default","site-sidebar-style":"default","ast-global-header-display":"","ast-banner-title-visibility":"","ast-main-header-display":"","ast-hfb-above-header-display":"","ast-hfb-below-header-display":"","ast-hfb-mobile-header-display":"","site-post-title":"disabled","ast-breadcrumbs-content":"","ast-featured-img":"disabled","footer-sml-layout":"","ast-disable-related-posts":"","theme-transparent-header-meta":"","adv-header-id-meta":"","stick-header-meta":"","header-above-stick-meta":"","header-main-stick-meta":"","header-below-stick-meta":"","astra-migrate-meta-layouts":"default","ast-page-background-enabled":"default","ast-page-background-meta":{"desktop":{"background-color":"var(--ast-global-color-4)","background-image":"","background-repeat":"repeat","background-position":"center center","background-size":"auto","background-attachment":"scroll","background-type":"","background-media":"","overlay-type":"","overlay-color":"","overlay-opacity":"","overlay-gradient":""},"tablet":{"background-color":"","background-image":"","background-repeat":"repeat","background-position":"center center","background-size":"auto","background-attachment":"scroll","background-type":"","background-media":"","overlay-type":"","overlay-color":"","overlay-opacity":"","overlay-gradient":""},"mobile":{"background-color":"","background-image":"","background-repeat":"repeat","background-position":"center center","background-size":"auto","background-attachment":"scroll","background-type":"","background-media":"","overlay-type":"","overlay-color":"","overlay-opacity":"","overlay-gradient":""}},"ast-content-background-meta":{"desktop":{"background-color":"var(--ast-global-color-5)","background-image":"","background-repeat":"repeat","background-position":"center center","background-size":"auto","background-attachment":"scroll","background-type":"","background-media":"","overlay-type":"","overlay-color":"","overlay-opacity":"","overlay-gradient":""},"tablet":{"background-color":"var(--ast-global-color-5)","background-image":"","background-repeat":"repeat","background-position":"center center","background-size":"auto","background-attachment":"scroll","background-type":"","background-media":"","overlay-type":"","overlay-color":"","overlay-opacity":"","overlay-gradient":""},"mobile":{"background-color":"var(--ast-global-color-5)","background-image":"","background-repeat":"repeat","background-position":"center center","background-size":"auto","background-attachment":"scroll","background-type":"","background-media":"","overlay-type":"","overlay-color":"","overlay-opacity":"","overlay-gradient":""}},"_themeisle_gutenberg_block_has_review":false,"footnotes":""},"class_list":["post-1316","page","type-page","status-publish","hentry"],"_links":{"self":[{"href":"https:\/\/escoladigital.madeira.gov.pt\/ebspecalheta\/wp-json\/wp\/v2\/pages\/1316","targetHints":{"allow":["GET"]}}],"collection":[{"href":"https:\/\/escoladigital.madeira.gov.pt\/ebspecalheta\/wp-json\/wp\/v2\/pages"}],"about":[{"href":"https:\/\/escoladigital.madeira.gov.pt\/ebspecalheta\/wp-json\/wp\/v2\/types\/page"}],"author":[{"embeddable":true,"href":"https:\/\/escoladigital.madeira.gov.pt\/ebspecalheta\/wp-json\/wp\/v2\/users\/78"}],"replies":[{"embeddable":true,"href":"https:\/\/escoladigital.madeira.gov.pt\/ebspecalheta\/wp-json\/wp\/v2\/comments?post=1316"}],"version-history":[{"count":10,"href":"https:\/\/escoladigital.madeira.gov.pt\/ebspecalheta\/wp-json\/wp\/v2\/pages\/1316\/revisions"}],"predecessor-version":[{"id":3504,"href":"https:\/\/escoladigital.madeira.gov.pt\/ebspecalheta\/wp-json\/wp\/v2\/pages\/1316\/revisions\/3504"}],"up":[{"embeddable":true,"href":"https:\/\/escoladigital.madeira.gov.pt\/ebspecalheta\/wp-json\/wp\/v2\/pages\/113"}],"wp:attachment":[{"href":"https:\/\/escoladigital.madeira.gov.pt\/ebspecalheta\/wp-json\/wp\/v2\/media?parent=1316"}],"curies":[{"name":"wp","href":"https:\/\/api.w.org\/{rel}","templated":true}]}}