{"id":1467,"date":"2025-01-09T09:50:48","date_gmt":"2025-01-09T09:50:48","guid":{"rendered":"https:\/\/escoladigital.madeira.gov.pt\/ebspecalheta\/?page_id=1467"},"modified":"2025-02-07T12:40:43","modified_gmt":"2025-02-07T12:40:43","slug":"legislacao-de-referencia","status":"publish","type":"page","link":"https:\/\/escoladigital.madeira.gov.pt\/ebspecalheta\/sobre-nos\/legislacao-de-referencia\/","title":{"rendered":"Legisla\u00e7\u00e3o de Refer\u00eancia"},"content":{"rendered":"\t\t<div data-elementor-type=\"wp-page\" data-elementor-id=\"1467\" class=\"elementor elementor-1467\">\n\t\t\t\t<div class=\"elementor-element elementor-element-ceeb873 e-flex e-con-boxed e-con e-parent\" data-id=\"ceeb873\" data-element_type=\"container\" data-e-type=\"container\">\n\t\t\t\t\t<div class=\"e-con-inner\">\n\t\t\t\t<div class=\"elementor-element elementor-element-c141d66 elementor-widget elementor-widget-heading\" data-id=\"c141d66\" data-element_type=\"widget\" data-e-type=\"widget\" data-widget_type=\"heading.default\">\n\t\t\t\t<div class=\"elementor-widget-container\">\n\t\t\t\t\t<h2 class=\"elementor-heading-title elementor-size-default\">Legisla\u00e7\u00e3o de Refer\u00eancia<\/h2>\t\t\t\t<\/div>\n\t\t\t\t<\/div>\n\t\t\t\t\t<\/div>\n\t\t\t\t<\/div>\n\t\t<div class=\"elementor-element elementor-element-015acdf e-flex e-con-boxed e-con e-parent\" data-id=\"015acdf\" data-element_type=\"container\" data-e-type=\"container\">\n\t\t\t\t\t<div class=\"e-con-inner\">\n\t\t\t\t<div class=\"elementor-element elementor-element-b1d2fd4 elementor-widget elementor-widget-text-editor\" data-id=\"b1d2fd4\" data-element_type=\"widget\" data-e-type=\"widget\" data-widget_type=\"text-editor.default\">\n\t\t\t\t<div class=\"elementor-widget-container\">\n\t\t\t\t\t\t\t\t\t<div class=\"shared-files-embed-69defd831168a shared-files-main-container\" data-elem-class=\"shared-files-embed-69defd831168a\" data-search-type=\"0\" data-post-id=\"1467\"><div class=\"shared-files-search\"><ul class=\"shared-files-main-file-list\"><li class=\"shared-files-card-1469\"><div class=\"shared-files-main-elements\"><div class=\"shared-files-main-elements-left\" style=\"background-image: url(https:\/\/escoladigital.madeira.gov.pt\/ebspecalheta\/wp-content\/plugins\/shared-files\/img\/2020\/pdf.svg);\"><\/div><div class=\"shared-files-main-elements-right\"><a class=\"shared-files-file-title\"  data-file-type=\"\"  data-file-url=\"\/ebspecalheta\/shared-files\/1469\/?Lei_n7_2009_02_12.pdf\"  data-external-url=\"\"  data-image-url=\"\" href=\"\/ebspecalheta\/shared-files\/1469\/?Lei_n7_2009_02_12.pdf\" target=\"_blank\">C\u00f3digo do trabalho<\/a><span class=\"shared-file-size\">4.81 MB<\/span><a href=\"https:\/\/escoladigital.madeira.gov.pt\/ebspecalheta\/shared-files\/1469\/?Lei_n7_2009_02_12.pdf\" target=\"_blank\" class=\"shared-files-preview-button\">Visualiza\u00e7\u00e3o<\/a><span class=\"shared-file-date\">9 de Janeiro, 2025<\/span><div class=\"shared-files-download-counter\"><span>Downloads: 538<\/span><\/div><div class=\"shared-files-tags-container\"><span>LR<\/span><\/div><div class=\"shared-files-download-button-container\"><a href=\"\/ebspecalheta\/shared-files\/1469\/?Lei_n7_2009_02_12.pdf&#038;download=1\" class=\"shared-files-download-button\"  download>Download<\/a><\/div><div class=\"shared-files-edit-actions\"><\/div><\/div><\/div><\/li><\/ul><\/div><\/div><div class=\"shared-files-embed-69defd8314ae5 shared-files-main-container\" data-elem-class=\"shared-files-embed-69defd8314ae5\" data-search-type=\"0\" data-post-id=\"1469\"><div class=\"shared-files-search\"><ul class=\"shared-files-main-file-list\"><li class=\"shared-files-card-1470\"><div class=\"shared-files-main-elements\"><div class=\"shared-files-main-elements-left\" style=\"background-image: url(https:\/\/escoladigital.madeira.gov.pt\/ebspecalheta\/wp-content\/plugins\/shared-files\/img\/2020\/pdf.svg);\"><\/div><div class=\"shared-files-main-elements-right\"><a class=\"shared-files-file-title\"  data-file-type=\"\"  data-file-url=\"\/ebspecalheta\/shared-files\/1470\/?Lei_n35_2014_20_06.pdf\"  data-external-url=\"\"  data-image-url=\"\" href=\"\/ebspecalheta\/shared-files\/1470\/?Lei_n35_2014_20_06.pdf\" target=\"_blank\">Lei geral de trabalho em fun\u00e7\u00f5es p\u00fablicas<\/a><span class=\"shared-file-size\">3.23 MB<\/span><a href=\"https:\/\/escoladigital.madeira.gov.pt\/ebspecalheta\/shared-files\/1470\/?Lei_n35_2014_20_06.pdf\" target=\"_blank\" class=\"shared-files-preview-button\">Visualiza\u00e7\u00e3o<\/a><span class=\"shared-file-date\">9 de Janeiro, 2025<\/span><div class=\"shared-files-download-counter\"><span>Downloads: 314<\/span><\/div><div class=\"shared-files-tags-container\"><span>LR<\/span><\/div><div class=\"shared-files-download-button-container\"><a href=\"\/ebspecalheta\/shared-files\/1470\/?Lei_n35_2014_20_06.pdf&#038;download=1\" class=\"shared-files-download-button\"  download>Download<\/a><\/div><div class=\"shared-files-edit-actions\"><\/div><\/div><\/div><\/li><\/ul><\/div><\/div><div class=\"shared-files-embed-69defd83163fd shared-files-main-container\" data-elem-class=\"shared-files-embed-69defd83163fd\" data-search-type=\"0\" data-post-id=\"1470\"><div class=\"shared-files-search\"><ul class=\"shared-files-main-file-list\"><li class=\"shared-files-card-1471\"><div class=\"shared-files-main-elements\"><div class=\"shared-files-main-elements-left\" style=\"background-image: url(https:\/\/escoladigital.madeira.gov.pt\/ebspecalheta\/wp-content\/plugins\/shared-files\/img\/2020\/pdf.svg);\"><\/div><div class=\"shared-files-main-elements-right\"><a class=\"shared-files-file-title\"  data-file-type=\"\"  data-file-url=\"\/ebspecalheta\/shared-files\/1471\/?DLR21-2013-M_25-06.pdf\"  data-external-url=\"\"  data-image-url=\"\" href=\"\/ebspecalheta\/shared-files\/1471\/?DLR21-2013-M_25-06.pdf\" target=\"_blank\">Estatuto do Aluno e \u00c9tica Escolar RAM<\/a><span class=\"shared-file-size\">288.00 KB<\/span><a href=\"https:\/\/escoladigital.madeira.gov.pt\/ebspecalheta\/shared-files\/1471\/?DLR21-2013-M_25-06.pdf\" target=\"_blank\" class=\"shared-files-preview-button\">Visualiza\u00e7\u00e3o<\/a><span class=\"shared-file-date\">9 de Janeiro, 2025<\/span><div class=\"shared-files-download-counter\"><span>Downloads: 301<\/span><\/div><div class=\"shared-files-tags-container\"><span>LR<\/span><\/div><div class=\"shared-files-download-button-container\"><a href=\"\/ebspecalheta\/shared-files\/1471\/?DLR21-2013-M_25-06.pdf&#038;download=1\" class=\"shared-files-download-button\"  download>Download<\/a><\/div><div class=\"shared-files-edit-actions\"><\/div><\/div><\/div><\/li><\/ul><\/div><\/div><div class=\"shared-files-embed-69defd8316f3f shared-files-main-container\" data-elem-class=\"shared-files-embed-69defd8316f3f\" data-search-type=\"0\" data-post-id=\"1471\"><div class=\"shared-files-search\"><ul class=\"shared-files-main-file-list\"><li class=\"shared-files-card-1472\"><div class=\"shared-files-main-elements\"><div class=\"shared-files-main-elements-left\" style=\"background-image: url(https:\/\/escoladigital.madeira.gov.pt\/ebspecalheta\/wp-content\/plugins\/shared-files\/img\/2020\/pdf.svg);\"><\/div><div class=\"shared-files-main-elements-right\"><a class=\"shared-files-file-title\"  data-file-type=\"\"  data-file-url=\"\/ebspecalheta\/shared-files\/1472\/?DL54_2018_06-07.pdf\"  data-external-url=\"\"  data-image-url=\"\" href=\"\/ebspecalheta\/shared-files\/1472\/?DL54_2018_06-07.pdf\" target=\"_blank\">Educa\u00e7\u00e3o Inclusiva<\/a><span class=\"shared-file-size\">459.05 KB<\/span><a href=\"https:\/\/escoladigital.madeira.gov.pt\/ebspecalheta\/shared-files\/1472\/?DL54_2018_06-07.pdf\" target=\"_blank\" class=\"shared-files-preview-button\">Visualiza\u00e7\u00e3o<\/a><span class=\"shared-file-date\">9 de Janeiro, 2025<\/span><div class=\"shared-files-download-counter\"><span>Downloads: 1290<\/span><\/div><div class=\"shared-files-tags-container\"><span>LR<\/span><\/div><div class=\"shared-files-download-button-container\"><a href=\"\/ebspecalheta\/shared-files\/1472\/?DL54_2018_06-07.pdf&#038;download=1\" class=\"shared-files-download-button\"  download>Download<\/a><\/div><div class=\"shared-files-edit-actions\"><\/div><\/div><\/div><\/li><\/ul><\/div><\/div><div class=\"shared-files-embed-69defd83177d4 shared-files-main-container\" data-elem-class=\"shared-files-embed-69defd83177d4\" data-search-type=\"0\" data-post-id=\"1472\"><div class=\"shared-files-search\"><ul class=\"shared-files-main-file-list\"><li class=\"shared-files-card-1473\"><div class=\"shared-files-main-elements\"><div class=\"shared-files-main-elements-left\" style=\"background-image: url(https:\/\/escoladigital.madeira.gov.pt\/ebspecalheta\/wp-content\/plugins\/shared-files\/img\/2020\/pdf.svg);\"><\/div><div class=\"shared-files-main-elements-right\"><a class=\"shared-files-file-title\"  data-file-type=\"\"  data-file-url=\"\/ebspecalheta\/shared-files\/1473\/?DL55_2018_6-07.pdf\"  data-external-url=\"\"  data-image-url=\"\" href=\"\/ebspecalheta\/shared-files\/1473\/?DL55_2018_6-07.pdf\" target=\"_blank\">Curr\u00edculo dos ensinos b\u00e1sico e secund\u00e1rio<\/a><span class=\"shared-file-size\">334.93 KB<\/span><a href=\"https:\/\/escoladigital.madeira.gov.pt\/ebspecalheta\/shared-files\/1473\/?DL55_2018_6-07.pdf\" target=\"_blank\" class=\"shared-files-preview-button\">Visualiza\u00e7\u00e3o<\/a><span class=\"shared-file-date\">9 de Janeiro, 2025<\/span><div class=\"shared-files-download-counter\"><span>Downloads: 427<\/span><\/div><div class=\"shared-files-tags-container\"><span>LR<\/span><\/div><div class=\"shared-files-download-button-container\"><a href=\"\/ebspecalheta\/shared-files\/1473\/?DL55_2018_6-07.pdf&#038;download=1\" class=\"shared-files-download-button\"  download>Download<\/a><\/div><div class=\"shared-files-edit-actions\"><\/div><\/div><\/div><\/li><\/ul><\/div><\/div><div class=\"shared-files-embed-69defd831816a shared-files-main-container\" data-elem-class=\"shared-files-embed-69defd831816a\" data-search-type=\"0\" data-post-id=\"1473\"><div class=\"shared-files-search\"><ul class=\"shared-files-main-file-list\"><li class=\"shared-files-card-1474\"><div class=\"shared-files-main-elements\"><div class=\"shared-files-main-elements-left\" style=\"background-image: url(https:\/\/escoladigital.madeira.gov.pt\/ebspecalheta\/wp-content\/plugins\/shared-files\/img\/2020\/pdf.svg);\"><\/div><div class=\"shared-files-main-elements-right\"><a class=\"shared-files-file-title\"  data-file-type=\"\"  data-file-url=\"\/ebspecalheta\/shared-files\/1474\/?DLR11-2020-M-adapatacao_RAM_DL_54_e_55.pdf\"  data-external-url=\"\"  data-image-url=\"\" href=\"\/ebspecalheta\/shared-files\/1474\/?DLR11-2020-M-adapatacao_RAM_DL_54_e_55.pdf\" target=\"_blank\">Adapta\u00e7\u00e3o \u00e0 RAM dos DL n.\u00ba 54\/20218 e 55\/2018<\/a><span class=\"shared-file-size\">2.36 MB<\/span><a href=\"https:\/\/escoladigital.madeira.gov.pt\/ebspecalheta\/shared-files\/1474\/?DLR11-2020-M-adapatacao_RAM_DL_54_e_55.pdf\" target=\"_blank\" class=\"shared-files-preview-button\">Visualiza\u00e7\u00e3o<\/a><span class=\"shared-file-date\">9 de Janeiro, 2025<\/span><div class=\"shared-files-download-counter\"><span>Downloads: 289<\/span><\/div><div class=\"shared-files-tags-container\"><span>LR<\/span><\/div><div class=\"shared-files-download-button-container\"><a href=\"\/ebspecalheta\/shared-files\/1474\/?DLR11-2020-M-adapatacao_RAM_DL_54_e_55.pdf&#038;download=1\" class=\"shared-files-download-button\"  download>Download<\/a><\/div><div class=\"shared-files-edit-actions\"><\/div><\/div><\/div><\/li><\/ul><\/div><\/div><div class=\"shared-files-embed-69defd8318b69 shared-files-main-container\" data-elem-class=\"shared-files-embed-69defd8318b69\" data-search-type=\"0\" data-post-id=\"1474\"><div class=\"shared-files-search\"><ul class=\"shared-files-main-file-list\"><li class=\"shared-files-card-1475\"><div class=\"shared-files-main-elements\"><div class=\"shared-files-main-elements-left\" style=\"background-image: url(https:\/\/escoladigital.madeira.gov.pt\/ebspecalheta\/wp-content\/plugins\/shared-files\/img\/2020\/pdf.svg);\"><\/div><div class=\"shared-files-main-elements-right\"><a class=\"shared-files-file-title\"  data-file-type=\"\"  data-file-url=\"\/ebspecalheta\/shared-files\/1475\/?Portaria_n223-A-2018_basico.pdf\"  data-external-url=\"\"  data-image-url=\"\" href=\"\/ebspecalheta\/shared-files\/1475\/?Portaria_n223-A-2018_basico.pdf\" target=\"_blank\">Regulamenta\u00e7\u00e3o das ofertas educativas do ensino b\u00e1sico, avalia\u00e7\u00e3o e certifica\u00e7\u00e3o<\/a><span class=\"shared-file-size\">298.17 KB<\/span><a href=\"https:\/\/escoladigital.madeira.gov.pt\/ebspecalheta\/shared-files\/1475\/?Portaria_n223-A-2018_basico.pdf\" target=\"_blank\" class=\"shared-files-preview-button\">Visualiza\u00e7\u00e3o<\/a><span class=\"shared-file-date\">9 de Janeiro, 2025<\/span><div class=\"shared-files-download-counter\"><span>Downloads: 395<\/span><\/div><div class=\"shared-files-tags-container\"><span>LR<\/span><\/div><div class=\"shared-files-download-button-container\"><a href=\"\/ebspecalheta\/shared-files\/1475\/?Portaria_n223-A-2018_basico.pdf&#038;download=1\" class=\"shared-files-download-button\"  download>Download<\/a><\/div><div class=\"shared-files-edit-actions\"><\/div><\/div><\/div><\/li><\/ul><\/div><\/div><div class=\"shared-files-embed-69defd8319542 shared-files-main-container\" data-elem-class=\"shared-files-embed-69defd8319542\" data-search-type=\"0\" data-post-id=\"1475\"><div class=\"shared-files-search\"><ul class=\"shared-files-main-file-list\"><li class=\"shared-files-card-1476\"><div class=\"shared-files-main-elements\"><div class=\"shared-files-main-elements-left\" style=\"background-image: url(https:\/\/escoladigital.madeira.gov.pt\/ebspecalheta\/wp-content\/plugins\/shared-files\/img\/2020\/pdf.svg);\"><\/div><div class=\"shared-files-main-elements-right\"><a class=\"shared-files-file-title\"  data-file-type=\"\"  data-file-url=\"\/ebspecalheta\/shared-files\/1476\/?Portaria_n226-A-2018_CCH.pdf\"  data-external-url=\"\"  data-image-url=\"\" href=\"\/ebspecalheta\/shared-files\/1476\/?Portaria_n226-A-2018_CCH.pdf\" target=\"_blank\">Regulamenta\u00e7\u00e3o das ofertas educativas do ensino secund\u00e1rio dos cursos cient\u00edfico-human\u00edsticos, avalia\u00e7\u00e3o e certifica\u00e7\u00e3o<\/a><span class=\"shared-file-size\">1.32 MB<\/span><a href=\"https:\/\/escoladigital.madeira.gov.pt\/ebspecalheta\/shared-files\/1476\/?Portaria_n226-A-2018_CCH.pdf\" target=\"_blank\" class=\"shared-files-preview-button\">Visualiza\u00e7\u00e3o<\/a><span class=\"shared-file-date\">9 de Janeiro, 2025<\/span><div class=\"shared-files-download-counter\"><span>Downloads: 283<\/span><\/div><div class=\"shared-files-tags-container\"><span>LR<\/span><\/div><div class=\"shared-files-download-button-container\"><a href=\"\/ebspecalheta\/shared-files\/1476\/?Portaria_n226-A-2018_CCH.pdf&#038;download=1\" class=\"shared-files-download-button\"  download>Download<\/a><\/div><div class=\"shared-files-edit-actions\"><\/div><\/div><\/div><\/li><\/ul><\/div><\/div><div class=\"shared-files-embed-69defd831c182 shared-files-main-container\" data-elem-class=\"shared-files-embed-69defd831c182\" data-search-type=\"0\" data-post-id=\"1476\"><div class=\"shared-files-search\"><ul class=\"shared-files-main-file-list\"><li class=\"shared-files-card-1477\"><div class=\"shared-files-main-elements\"><div class=\"shared-files-main-elements-left\" style=\"background-image: url(https:\/\/escoladigital.madeira.gov.pt\/ebspecalheta\/wp-content\/plugins\/shared-files\/img\/2020\/pdf.svg);\"><\/div><div class=\"shared-files-main-elements-right\"><a class=\"shared-files-file-title\"  data-file-type=\"\"  data-file-url=\"\/ebspecalheta\/shared-files\/1477\/?portaria235-A-2018%20de%2023-8_profissionais.pdf\"  data-external-url=\"\"  data-image-url=\"\" href=\"\/ebspecalheta\/shared-files\/1477\/?portaria235-A-2018%20de%2023-8_profissionais.pdf\" target=\"_blank\">Regulamenta\u00e7\u00e3o das ofertas educativas do ensino secund\u00e1rio dos cursos de dupla certifica\u00e7\u00e3o avalia\u00e7\u00e3o e certifica\u00e7\u00e3o<\/a><span class=\"shared-file-size\">307.79 KB<\/span><a href=\"https:\/\/escoladigital.madeira.gov.pt\/ebspecalheta\/shared-files\/1477\/?portaria235-A-2018%20de%2023-8_profissionais.pdf\" target=\"_blank\" class=\"shared-files-preview-button\">Visualiza\u00e7\u00e3o<\/a><span class=\"shared-file-date\">9 de Janeiro, 2025<\/span><div class=\"shared-files-download-counter\"><span>Downloads: 313<\/span><\/div><div class=\"shared-files-tags-container\"><span>LR<\/span><\/div><div class=\"shared-files-download-button-container\"><a href=\"\/ebspecalheta\/shared-files\/1477\/?portaria235-A-2018%20de%2023-8_profissionais.pdf&#038;download=1\" class=\"shared-files-download-button\"  download>Download<\/a><\/div><div class=\"shared-files-edit-actions\"><\/div><\/div><\/div><\/li><\/ul><\/div><\/div><p>\u00a0<\/p><p>\u00a0<\/p>\t\t\t\t\t\t\t\t<\/div>\n\t\t\t\t<\/div>\n\t\t\t\t\t<\/div>\n\t\t\t\t<\/div>\n\t\t\t\t<\/div>\n\t\t","protected":false},"excerpt":{"rendered":"<p>Legisla\u00e7\u00e3o de Refer\u00eancia \u00a0 \u00a0<\/p>\n","protected":false},"author":79,"featured_media":0,"parent":1903,"menu_order":0,"comment_status":"closed","ping_status":"closed","template":"","meta":{"site-sidebar-layout":"no-sidebar","site-content-layout":"","ast-site-content-layout":"full-width-container","site-content-style":"default","site-sidebar-style":"default","ast-global-header-display":"","ast-banner-title-visibility":"","ast-main-header-display":"","ast-hfb-above-header-display":"","ast-hfb-below-header-display":"","ast-hfb-mobile-header-display":"","site-post-title":"disabled","ast-breadcrumbs-content":"","ast-featured-img":"disabled","footer-sml-layout":"","ast-disable-related-posts":"","theme-transparent-header-meta":"","adv-header-id-meta":"","stick-header-meta":"","header-above-stick-meta":"","header-main-stick-meta":"","header-below-stick-meta":"","astra-migrate-meta-layouts":"default","ast-page-background-enabled":"default","ast-page-background-meta":{"desktop":{"background-color":"var(--ast-global-color-4)","background-image":"","background-repeat":"repeat","background-position":"center center","background-size":"auto","background-attachment":"scroll","background-type":"","background-media":"","overlay-type":"","overlay-color":"","overlay-opacity":"","overlay-gradient":""},"tablet":{"background-color":"","background-image":"","background-repeat":"repeat","background-position":"center center","background-size":"auto","background-attachment":"scroll","background-type":"","background-media":"","overlay-type":"","overlay-color":"","overlay-opacity":"","overlay-gradient":""},"mobile":{"background-color":"","background-image":"","background-repeat":"repeat","background-position":"center center","background-size":"auto","background-attachment":"scroll","background-type":"","background-media":"","overlay-type":"","overlay-color":"","overlay-opacity":"","overlay-gradient":""}},"ast-content-background-meta":{"desktop":{"background-color":"var(--ast-global-color-5)","background-image":"","background-repeat":"repeat","background-position":"center center","background-size":"auto","background-attachment":"scroll","background-type":"","background-media":"","overlay-type":"","overlay-color":"","overlay-opacity":"","overlay-gradient":""},"tablet":{"background-color":"var(--ast-global-color-5)","background-image":"","background-repeat":"repeat","background-position":"center center","background-size":"auto","background-attachment":"scroll","background-type":"","background-media":"","overlay-type":"","overlay-color":"","overlay-opacity":"","overlay-gradient":""},"mobile":{"background-color":"var(--ast-global-color-5)","background-image":"","background-repeat":"repeat","background-position":"center center","background-size":"auto","background-attachment":"scroll","background-type":"","background-media":"","overlay-type":"","overlay-color":"","overlay-opacity":"","overlay-gradient":""}},"_themeisle_gutenberg_block_has_review":false,"footnotes":""},"class_list":["post-1467","page","type-page","status-publish","hentry"],"_links":{"self":[{"href":"https:\/\/escoladigital.madeira.gov.pt\/ebspecalheta\/wp-json\/wp\/v2\/pages\/1467","targetHints":{"allow":["GET"]}}],"collection":[{"href":"https:\/\/escoladigital.madeira.gov.pt\/ebspecalheta\/wp-json\/wp\/v2\/pages"}],"about":[{"href":"https:\/\/escoladigital.madeira.gov.pt\/ebspecalheta\/wp-json\/wp\/v2\/types\/page"}],"author":[{"embeddable":true,"href":"https:\/\/escoladigital.madeira.gov.pt\/ebspecalheta\/wp-json\/wp\/v2\/users\/79"}],"replies":[{"embeddable":true,"href":"https:\/\/escoladigital.madeira.gov.pt\/ebspecalheta\/wp-json\/wp\/v2\/comments?post=1467"}],"version-history":[{"count":4,"href":"https:\/\/escoladigital.madeira.gov.pt\/ebspecalheta\/wp-json\/wp\/v2\/pages\/1467\/revisions"}],"predecessor-version":[{"id":1480,"href":"https:\/\/escoladigital.madeira.gov.pt\/ebspecalheta\/wp-json\/wp\/v2\/pages\/1467\/revisions\/1480"}],"up":[{"embeddable":true,"href":"https:\/\/escoladigital.madeira.gov.pt\/ebspecalheta\/wp-json\/wp\/v2\/pages\/1903"}],"wp:attachment":[{"href":"https:\/\/escoladigital.madeira.gov.pt\/ebspecalheta\/wp-json\/wp\/v2\/media?parent=1467"}],"curies":[{"name":"wp","href":"https:\/\/api.w.org\/{rel}","templated":true}]}}