{"id":1700,"date":"2025-01-10T10:00:37","date_gmt":"2025-01-10T10:00:37","guid":{"rendered":"https:\/\/escoladigital.madeira.gov.pt\/ebspecalheta\/?page_id=1700"},"modified":"2025-02-07T12:33:46","modified_gmt":"2025-02-07T12:33:46","slug":"conselho-executivo","status":"publish","type":"page","link":"https:\/\/escoladigital.madeira.gov.pt\/ebspecalheta\/sobre-nos\/organica\/conselho-executivo\/","title":{"rendered":"Conselho Executivo"},"content":{"rendered":"\t\t<div data-elementor-type=\"wp-page\" data-elementor-id=\"1700\" class=\"elementor elementor-1700\">\n\t\t\t\t<div class=\"elementor-element elementor-element-fc2a47b e-con-full e-flex e-con e-parent\" data-id=\"fc2a47b\" data-element_type=\"container\" data-e-type=\"container\">\n\t\t<div class=\"elementor-element elementor-element-c0d6268 e-con-full e-flex e-con e-child\" data-id=\"c0d6268\" data-element_type=\"container\" data-e-type=\"container\">\n\t\t\t\t<div class=\"elementor-element elementor-element-62a64b0 elementor-widget__width-inherit elementor-widget elementor-widget-heading\" data-id=\"62a64b0\" data-element_type=\"widget\" data-e-type=\"widget\" data-widget_type=\"heading.default\">\n\t\t\t\t<div class=\"elementor-widget-container\">\n\t\t\t\t\t<h2 class=\"elementor-heading-title elementor-size-default\">Conselho Executivo<\/h2>\t\t\t\t<\/div>\n\t\t\t\t<\/div>\n\t\t\t\t<div class=\"elementor-element elementor-element-fbb12ce elementor-widget elementor-widget-text-editor\" data-id=\"fbb12ce\" data-element_type=\"widget\" data-e-type=\"widget\" data-widget_type=\"text-editor.default\">\n\t\t\t\t<div class=\"elementor-widget-container\">\n\t\t\t\t\t\t\t\t\t<ul><li>Rela\u00e7\u00e3o da escola com outras institui\u00e7\u00f5es\/protocolos;<\/li><li>Correspond\u00eancia oficial da escola;<\/li><li>Coordena\u00e7\u00e3o da elabora\u00e7\u00e3o e acompanhamento da execu\u00e7\u00e3o do projeto educativo de escola;<\/li><li>Atribui\u00e7\u00e3o de equival\u00eancias de estudos;<\/li><li>Supervis\u00e3o do projeto do desporto escolar;<\/li><li>Supervis\u00e3o das \u00e1reas curriculares n\u00e3o disciplinares;<\/li><li>Supervis\u00e3o da aplica\u00e7\u00e3o do plano TIC e gest\u00e3o da p\u00e1gina web da escola;<\/li><li>Supervis\u00e3o das atividades de complemento curricular;<\/li><li>Elabora\u00e7\u00e3o\/coordena\u00e7\u00e3o dos relat\u00f3rios de atividades;<\/li><li>Recrutamento do pessoal docente;<\/li><li>Exerc\u00edcio do poder hier\u00e1rquico em rela\u00e7\u00e3o ao pessoal docente;<\/li><li>Distribui\u00e7\u00e3o de servi\u00e7o e aprecia\u00e7\u00e3o dos pedidos de justifica\u00e7\u00e3o de faltas do pessoal docente;<\/li><li>Supervis\u00e3o e coordena\u00e7\u00e3o da circula\u00e7\u00e3o e divulga\u00e7\u00e3o da informa\u00e7\u00e3o institucional (interna e externa);<\/li><li>Homologa\u00e7\u00e3o das atas de conselho de disciplina e departamentos;<\/li><li>Homologa\u00e7\u00e3o das avalia\u00e7\u00f5es dos alunos, pessoal docente e n\u00e3o docente;<\/li><li>Supervis\u00e3o das atividades de psicologia e orienta\u00e7\u00e3o vocacional;<\/li><li>Acompanhamento dos projetos e atividades relativos \u00e0 educa\u00e7\u00e3o especial;<\/li><li>Articula\u00e7\u00e3o com a assessoria jur\u00eddica;<\/li><li>Acompanhamento da aplica\u00e7\u00e3o do regime de carreiras e fun\u00e7\u00f5es dos trabalhadores em fun\u00e7\u00f5es p\u00fablicas:<\/li><li>Supervis\u00e3o dos processos individuais do pessoal docente e n\u00e3o docente;<\/li><li>Coordena\u00e7\u00e3o do processo de avalia\u00e7\u00e3o interna da escola;<\/li><li>Coordena\u00e7\u00e3o da elabora\u00e7\u00e3o de manuais de procedimentos e documentos modelo;<\/li><li>Supervis\u00e3o das atividades formativas do pessoal docente e n\u00e3o docente e encarregados de educa\u00e7\u00e3o.<\/li><\/ul>\t\t\t\t\t\t\t\t<\/div>\n\t\t\t\t<\/div>\n\t\t\t\t<\/div>\n\t\t<div class=\"elementor-element elementor-element-9e71114 e-con-full e-flex e-con e-child\" data-id=\"9e71114\" data-element_type=\"container\" data-e-type=\"container\" data-settings=\"{&quot;background_background&quot;:&quot;classic&quot;}\">\n\t\t\t\t<div class=\"elementor-element elementor-element-08583c4 elementor-widget elementor-widget-text-editor\" data-id=\"08583c4\" data-element_type=\"widget\" data-e-type=\"widget\" data-widget_type=\"text-editor.default\">\n\t\t\t\t<div class=\"elementor-widget-container\">\n\t\t\t\t\t\t\t\t\t<p><strong>Bernardo Gouveia<\/strong><\/p>\t\t\t\t\t\t\t\t<\/div>\n\t\t\t\t<\/div>\n\t\t\t\t<div class=\"elementor-element elementor-element-80f3496 elementor-widget elementor-widget-image\" data-id=\"80f3496\" data-element_type=\"widget\" data-e-type=\"widget\" data-widget_type=\"image.default\">\n\t\t\t\t<div class=\"elementor-widget-container\">\n\t\t\t\t\t\t\t\t\t\t\t\t\t\t\t<img decoding=\"async\" width=\"100\" height=\"133\" src=\"https:\/\/escoladigital.madeira.gov.pt\/ebspecalheta\/wp-content\/uploads\/sites\/3\/2025\/01\/bernardop.jpg\" class=\"attachment-full size-full wp-image-1002\" alt=\"\" \/>\t\t\t\t\t\t\t\t\t\t\t\t\t\t\t<\/div>\n\t\t\t\t<\/div>\n\t\t\t\t<div class=\"elementor-element elementor-element-c464ce1 elementor-widget elementor-widget-text-editor\" data-id=\"c464ce1\" data-element_type=\"widget\" data-e-type=\"widget\" data-widget_type=\"text-editor.default\">\n\t\t\t\t<div class=\"elementor-widget-container\">\n\t\t\t\t\t\t\t\t\t<p style=\"text-align: left\"><span id=\"cloak5a21e4dd18019def216ca6e6a7f73ce3\"><a href=\"mailto:bernardogouveia@live.madeira-edu.pt\">bernardogouveia@edu.madeira.gov.pt<\/a><\/span><\/p><p style=\"text-align: center\"><strong>(Presidente)<\/strong><\/p>\t\t\t\t\t\t\t\t<\/div>\n\t\t\t\t<\/div>\n\t\t\t\t<\/div>\n\t\t<div class=\"elementor-element elementor-element-11e6a09 e-con-full e-flex e-con e-child\" data-id=\"11e6a09\" data-element_type=\"container\" data-e-type=\"container\" data-settings=\"{&quot;background_background&quot;:&quot;classic&quot;}\">\n\t\t\t\t<div class=\"elementor-element elementor-element-f69826d elementor-widget elementor-widget-text-editor\" data-id=\"f69826d\" data-element_type=\"widget\" data-e-type=\"widget\" data-widget_type=\"text-editor.default\">\n\t\t\t\t<div class=\"elementor-widget-container\">\n\t\t\t\t\t\t\t\t\t<p><strong>Adriana Santos<\/strong><\/p>\t\t\t\t\t\t\t\t<\/div>\n\t\t\t\t<\/div>\n\t\t\t\t<div class=\"elementor-element elementor-element-de06f84 elementor-widget elementor-widget-image\" data-id=\"de06f84\" data-element_type=\"widget\" data-e-type=\"widget\" data-widget_type=\"image.default\">\n\t\t\t\t<div class=\"elementor-widget-container\">\n\t\t\t\t\t\t\t\t\t\t\t\t\t\t\t<img decoding=\"async\" width=\"100\" height=\"133\" src=\"https:\/\/escoladigital.madeira.gov.pt\/ebspecalheta\/wp-content\/uploads\/sites\/3\/2025\/01\/adrianap.jpg\" class=\"attachment-full size-full wp-image-1005\" alt=\"\" \/>\t\t\t\t\t\t\t\t\t\t\t\t\t\t\t<\/div>\n\t\t\t\t<\/div>\n\t\t\t\t<div class=\"elementor-element elementor-element-f63999b elementor-widget elementor-widget-text-editor\" data-id=\"f63999b\" data-element_type=\"widget\" data-e-type=\"widget\" data-widget_type=\"text-editor.default\">\n\t\t\t\t<div class=\"elementor-widget-container\">\n\t\t\t\t\t\t\t\t\t<p><span id=\"cloak0bc6ea8a1e41c0425fff82f22423eafd\"><a href=\"mailto:adrianasantos@live.madeira-edu.pt\">adrianasantos@edu.madeira.gov.pt<\/a><\/span><\/p><p style=\"text-align: center\"><strong>(Vice-Presidente)<\/strong><\/p>\t\t\t\t\t\t\t\t<\/div>\n\t\t\t\t<\/div>\n\t\t\t\t<\/div>\n\t\t<div class=\"elementor-element elementor-element-019f311 e-con-full e-flex e-con e-child\" data-id=\"019f311\" data-element_type=\"container\" data-e-type=\"container\">\n\t\t\t\t<div class=\"elementor-element elementor-element-1af77d0 elementor-widget elementor-widget-text-editor\" data-id=\"1af77d0\" data-element_type=\"widget\" data-e-type=\"widget\" data-widget_type=\"text-editor.default\">\n\t\t\t\t<div class=\"elementor-widget-container\">\n\t\t\t\t\t\t\t\t\t<ul><li>Coordena\u00e7\u00e3o dos cursos de educa\u00e7\u00e3o e forma\u00e7\u00e3o de adultos, cursos de educa\u00e7\u00e3o e forma\u00e7\u00e3o de jovens, cursos profissionais, percursos curriculares alternativos, forma\u00e7\u00f5es modulares, oferta de forma\u00e7\u00e3o para a comunidade e outros cursos com forma\u00e7\u00e3o profissional;<\/li><li>Coordena\u00e7\u00e3o de apoios pedag\u00f3gicos e programas de tutoria;<br \/>Exerc\u00edcio do poder disciplinar em rela\u00e7\u00e3o aos alunos, por delega\u00e7\u00e3o de compet\u00eancias;<\/li><li>Gest\u00e3o de todos os projetos e a\u00e7\u00f5es associados a quest\u00f5es disciplinares. Atividades de substitui\u00e7\u00e3o de docentes, ocupa\u00e7\u00e3o e acompanhamento de alunos;<\/li><li>Gest\u00e3o de recursos did\u00e1tico-pedag\u00f3gicos;<\/li><li>Exerc\u00edcio do poder hier\u00e1rquico, por delega\u00e7\u00e3o de compet\u00eancias, em rela\u00e7\u00e3o ao pessoal n\u00e3o docente \u2013 t\u00e9cnico superior e assistente t\u00e9cnico afetos ao servi\u00e7o de biblioteca, designadamente: distribui\u00e7\u00e3o de servi\u00e7o, avalia\u00e7\u00e3o e aprecia\u00e7\u00e3o dos pedidos de justifica\u00e7\u00e3o de faltas.<\/li><li>Gest\u00e3o do arquivo;<\/li><li>Gest\u00e3o do PLACE no que diz respeito aos cursos de educa\u00e7\u00e3o e forma\u00e7\u00e3o de adultos, cursos de educa\u00e7\u00e3o e forma\u00e7\u00e3o de jovens, cursos profissionais, percursos curriculares alternativos, forma\u00e7\u00f5es modulares;<\/li><li>Supervis\u00e3o.<\/li><\/ul>\t\t\t\t\t\t\t\t<\/div>\n\t\t\t\t<\/div>\n\t\t\t\t<\/div>\n\t\t\t\t<\/div>\n\t\t<div class=\"elementor-element elementor-element-70be0ea e-con-full e-flex e-con e-parent\" data-id=\"70be0ea\" data-element_type=\"container\" data-e-type=\"container\">\n\t\t<div class=\"elementor-element elementor-element-ae75127 e-con-full e-flex e-con e-child\" data-id=\"ae75127\" data-element_type=\"container\" data-e-type=\"container\">\n\t\t\t\t<div class=\"elementor-element elementor-element-4414cbf elementor-widget elementor-widget-text-editor\" data-id=\"4414cbf\" data-element_type=\"widget\" data-e-type=\"widget\" data-widget_type=\"text-editor.default\">\n\t\t\t\t<div class=\"elementor-widget-container\">\n\t\t\t\t\t\t\t\t\t<ul><li>Exerc\u00edcio do cargo de Vogal do Conselho Administrativo;<\/li><li>Coordena\u00e7\u00e3o da a\u00e7\u00e3o social escolar;<\/li><li>Gest\u00e3o dos processos de aquisi\u00e7\u00e3o do fundo escolar designadamente: vigil\u00e2ncia, papelaria, alimenta\u00e7\u00e3o, transportes e outros apoios<br \/>da a\u00e7\u00e3o social escolar;<\/li><li>Implementa\u00e7\u00e3o e monitoriza\u00e7\u00e3o do sistema de controlo interno na \u00e1rea da a\u00e7\u00e3o social escolar;<\/li><li>Coordena\u00e7\u00e3o\/supervis\u00e3o do funcionamento sistema TAB-POS (sistema do cart\u00e3o eletr\u00f3nico);<\/li><li>Exerc\u00edcio do poder hier\u00e1rquico, por delega\u00e7\u00e3o de compet\u00eancias, em rela\u00e7\u00e3o aos assistentes operacionais bem como o t\u00e9cnico superior afeto aos servi\u00e7os de administra\u00e7\u00e3o escolar, designadamente: distribui\u00e7\u00e3o de servi\u00e7o e aprecia\u00e7\u00e3o dos pedidos de justifica\u00e7\u00e3o de faltas;<\/li><li>Supervis\u00e3o da implementa\u00e7\u00e3o do HACCP (controlo de Higiene e seguran\u00e7a alimentar);<\/li><li>Coordena\u00e7\u00e3o dos servi\u00e7os de vigil\u00e2ncia interna;<\/li><li>Gest\u00e3o dos processos de contrata\u00e7\u00e3o p\u00fablica na respetiva plataforma eletr\u00f3nica.<\/li><\/ul>\t\t\t\t\t\t\t\t<\/div>\n\t\t\t\t<\/div>\n\t\t\t\t<\/div>\n\t\t<div class=\"elementor-element elementor-element-e535027 e-con-full e-flex e-con e-child\" data-id=\"e535027\" data-element_type=\"container\" data-e-type=\"container\" data-settings=\"{&quot;background_background&quot;:&quot;classic&quot;}\">\n\t\t\t\t<div class=\"elementor-element elementor-element-eb3dc2b elementor-widget elementor-widget-text-editor\" data-id=\"eb3dc2b\" data-element_type=\"widget\" data-e-type=\"widget\" data-widget_type=\"text-editor.default\">\n\t\t\t\t<div class=\"elementor-widget-container\">\n\t\t\t\t\t\t\t\t\t<p><strong>Gabriela Silva<\/strong><\/p>\t\t\t\t\t\t\t\t<\/div>\n\t\t\t\t<\/div>\n\t\t\t\t<div class=\"elementor-element elementor-element-a8af821 elementor-widget elementor-widget-image\" data-id=\"a8af821\" data-element_type=\"widget\" data-e-type=\"widget\" data-widget_type=\"image.default\">\n\t\t\t\t<div class=\"elementor-widget-container\">\n\t\t\t\t\t\t\t\t\t\t\t\t\t\t\t<img decoding=\"async\" width=\"100\" height=\"133\" src=\"https:\/\/escoladigital.madeira.gov.pt\/ebspecalheta\/wp-content\/uploads\/sites\/3\/2025\/01\/gabriela.jpg\" class=\"attachment-full size-full wp-image-1007\" alt=\"\" \/>\t\t\t\t\t\t\t\t\t\t\t\t\t\t\t<\/div>\n\t\t\t\t<\/div>\n\t\t\t\t<div class=\"elementor-element elementor-element-99ac83a elementor-widget elementor-widget-text-editor\" data-id=\"99ac83a\" data-element_type=\"widget\" data-e-type=\"widget\" data-widget_type=\"text-editor.default\">\n\t\t\t\t<div class=\"elementor-widget-container\">\n\t\t\t\t\t\t\t\t\t<p><span id=\"cloak80d31b7d3ca94bbff8a10c0e7c310dff\"><a href=\"mailto:gabrielasilva@live.madeira-edu.pt\">gabrielasilva@edu.madeira.gov.pt<\/a><\/span><\/p><p style=\"text-align: center\"><strong>(Vice-Presidente)<\/strong><\/p>\t\t\t\t\t\t\t\t<\/div>\n\t\t\t\t<\/div>\n\t\t\t\t<\/div>\n\t\t\t\t<\/div>\n\t\t<div class=\"elementor-element elementor-element-70bea2e e-con-full e-flex e-con e-parent\" data-id=\"70bea2e\" data-element_type=\"container\" data-e-type=\"container\">\n\t\t<div class=\"elementor-element elementor-element-cee9227 e-con-full e-flex e-con e-child\" data-id=\"cee9227\" data-element_type=\"container\" data-e-type=\"container\" data-settings=\"{&quot;background_background&quot;:&quot;classic&quot;}\">\n\t\t\t\t<div class=\"elementor-element elementor-element-7d6675e elementor-widget elementor-widget-text-editor\" data-id=\"7d6675e\" data-element_type=\"widget\" data-e-type=\"widget\" data-widget_type=\"text-editor.default\">\n\t\t\t\t<div class=\"elementor-widget-container\">\n\t\t\t\t\t\t\t\t\t<p><strong>Carlos Pestana<\/strong><\/p>\t\t\t\t\t\t\t\t<\/div>\n\t\t\t\t<\/div>\n\t\t\t\t<div class=\"elementor-element elementor-element-daeac1b elementor-widget elementor-widget-image\" data-id=\"daeac1b\" data-element_type=\"widget\" data-e-type=\"widget\" data-widget_type=\"image.default\">\n\t\t\t\t<div class=\"elementor-widget-container\">\n\t\t\t\t\t\t\t\t\t\t\t\t\t\t\t<img decoding=\"async\" src=\"https:\/\/escoladigital.madeira.gov.pt\/ebspecalheta\/wp-content\/uploads\/sites\/3\/elementor\/thumbs\/carlos-scaled-qzm1b57jcgypg1df2k30bxocqu5o74kj44kuyt008i.jpg\" title=\"rpt\" alt=\"rpt\" loading=\"lazy\" \/>\t\t\t\t\t\t\t\t\t\t\t\t\t\t\t<\/div>\n\t\t\t\t<\/div>\n\t\t\t\t<div class=\"elementor-element elementor-element-d61de65 elementor-widget elementor-widget-text-editor\" data-id=\"d61de65\" data-element_type=\"widget\" data-e-type=\"widget\" data-widget_type=\"text-editor.default\">\n\t\t\t\t<div class=\"elementor-widget-container\">\n\t\t\t\t\t\t\t\t\t<p><span id=\"cloakf062b010e9af494bac392730f849134a\"><a href=\"mailto:carlossousa@live.madeira-edu.pt\">carlospestana@edu.madeira.gov.pt<\/a><\/span><\/p><p style=\"text-align: center\"><strong>(Vice-Presidente)<\/strong><\/p>\t\t\t\t\t\t\t\t<\/div>\n\t\t\t\t<\/div>\n\t\t\t\t<\/div>\n\t\t<div class=\"elementor-element elementor-element-c994d4e e-con-full e-flex e-con e-child\" data-id=\"c994d4e\" data-element_type=\"container\" data-e-type=\"container\">\n\t\t\t\t<div class=\"elementor-element elementor-element-94ff961 elementor-widget elementor-widget-text-editor\" data-id=\"94ff961\" data-element_type=\"widget\" data-e-type=\"widget\" data-widget_type=\"text-editor.default\">\n\t\t\t\t<div class=\"elementor-widget-container\">\n\t\t\t\t\t\t\t\t\t<ul><li>Presid\u00eancia do Conselho Administrativo por delega\u00e7\u00e3o de compet\u00eancias estabelecidas nos termos do artigo 27\u00ba do Decreto Legislativo Regional n.\u00ba 21\/2006\/M, de 21 de Junho;<\/li><li>Gest\u00e3o dos processos de aquisi\u00e7\u00e3o do fundo escolar e funcionamento normal, designadamente: aquisi\u00e7\u00f5es da \u00e1rea pedag\u00f3gica, manuten\u00e7\u00e3o, equipamentos, reprografia, g\u00e1s, \u00e1gua, servi\u00e7os de telecomunica\u00e7\u00f5es, eletricidade e assist\u00eancia t\u00e9cnica;<\/li><li>Gest\u00e3o da manuten\u00e7\u00e3o de espa\u00e7os e equipamentos;<\/li><li>Gest\u00e3o do invent\u00e1rio;<\/li><li>Coordena\u00e7\u00e3o do plano de emerg\u00eancia;<\/li><li>Exerc\u00edcio do poder hier\u00e1rquico, por delega\u00e7\u00e3o de compet\u00eancias, em rela\u00e7\u00e3o ao pessoal n\u00e3o docente \u2013 chefe de departamento, t\u00e9cnico de inform\u00e1tica e trabalhadores da carreira de assistente t\u00e9cnico, designadamente: distribui\u00e7\u00e3o de servi\u00e7o, avalia\u00e7\u00e3o e aprecia\u00e7\u00e3o dos pedidos de justifica\u00e7\u00e3o de faltas;<\/li><li>Implementa\u00e7\u00e3o e monitoriza\u00e7\u00e3o do sistema de controlo interno;<\/li><li>Coordena\u00e7\u00e3o e supervis\u00e3o do SIAG (sistema integrado de apoio \u00e0 gest\u00e3o) e SIGORAM e BASE;<\/li><li>Elabora\u00e7\u00e3o do relat\u00f3rio da atividade financeira;<\/li><li>Supervis\u00e3o dos registos e opera\u00e7\u00f5es contabil\u00edsticas;<\/li><li>Supervis\u00e3o do processamento de remunera\u00e7\u00f5es e abonos;<\/li><li>Exerc\u00edcio das fun\u00e7\u00f5es de auditor e aprovador na plataforma eletr\u00f3nica da contrata\u00e7\u00e3o p\u00fablica;<\/li><li>Gest\u00e3o dos processos de candidatura aos fundos europeus.<\/li><\/ul>\t\t\t\t\t\t\t\t<\/div>\n\t\t\t\t<\/div>\n\t\t\t\t<\/div>\n\t\t\t\t<\/div>\n\t\t<div class=\"elementor-element elementor-element-80ef6df e-con-full e-flex e-con e-parent\" data-id=\"80ef6df\" data-element_type=\"container\" data-e-type=\"container\">\n\t\t<div class=\"elementor-element elementor-element-a796997 e-con-full e-flex e-con e-child\" data-id=\"a796997\" data-element_type=\"container\" data-e-type=\"container\">\n\t\t\t\t<div class=\"elementor-element elementor-element-0fb8d05 elementor-widget elementor-widget-text-editor\" data-id=\"0fb8d05\" data-element_type=\"widget\" data-e-type=\"widget\" data-widget_type=\"text-editor.default\">\n\t\t\t\t<div class=\"elementor-widget-container\">\n\t\t\t\t\t\t\t\t\t<ul><li>Supervis\u00e3o curricular dos percursos regulares do ensino b\u00e1sico e cursos cient\u00edfico-human\u00edsticos do secund\u00e1rio;<\/li><li>Coordena\u00e7\u00e3o do servi\u00e7o de exames;<\/li><li>Gest\u00e3o da constitui\u00e7\u00e3o de turmas;<\/li><li>Coordena\u00e7\u00e3o da avalia\u00e7\u00e3o dos alunos;<\/li><li>Coordena\u00e7\u00e3o da ado\u00e7\u00e3o de manuais escolares;<\/li><li>Homologa\u00e7\u00e3o das atas dos conselhos de turma;<\/li><li>Supervis\u00e3o dos projetos de turma em articula\u00e7\u00e3o com os coordenadores de ciclo;<\/li><li>Coordena\u00e7\u00e3o dos registos inform\u00e1ticos do percurso escolar dos alunos (Place, ENEB, ENES, PFEB) e processos individuais;<\/li><li>Orienta\u00e7\u00e3o das tarefas a desenvolver na \u00e1rea administrativa de alunos.<\/li><li>Coordena\u00e7\u00e3o das visitas de estudo;<\/li><li>Gest\u00e3o de ocupa\u00e7\u00e3o dos espa\u00e7os f\u00edsicos (salas e laborat\u00f3rios);<\/li><li>Elabora\u00e7\u00e3o e gest\u00e3o dos hor\u00e1rios dos alunos e pessoal docente;<\/li><li>Elabora\u00e7\u00e3o dos calend\u00e1rios de reuni\u00f5es de conselhos de turma;<\/li><li>Gest\u00e3o dos sum\u00e1rios eletr\u00f3nicos no PLACE.<\/li><\/ul>\t\t\t\t\t\t\t\t<\/div>\n\t\t\t\t<\/div>\n\t\t\t\t<\/div>\n\t\t<div class=\"elementor-element elementor-element-81c1945 e-con-full e-flex e-con e-child\" data-id=\"81c1945\" data-element_type=\"container\" data-e-type=\"container\" data-settings=\"{&quot;background_background&quot;:&quot;classic&quot;}\">\n\t\t\t\t<div class=\"elementor-element elementor-element-62d988c elementor-widget elementor-widget-text-editor\" data-id=\"62d988c\" data-element_type=\"widget\" data-e-type=\"widget\" data-widget_type=\"text-editor.default\">\n\t\t\t\t<div class=\"elementor-widget-container\">\n\t\t\t\t\t\t\t\t\t<p><strong>Isildo Gomes<\/strong><\/p>\t\t\t\t\t\t\t\t<\/div>\n\t\t\t\t<\/div>\n\t\t\t\t<div class=\"elementor-element elementor-element-0555be9 elementor-widget elementor-widget-image\" data-id=\"0555be9\" data-element_type=\"widget\" data-e-type=\"widget\" data-widget_type=\"image.default\">\n\t\t\t\t<div class=\"elementor-widget-container\">\n\t\t\t\t\t\t\t\t\t\t\t\t\t\t\t<img loading=\"lazy\" decoding=\"async\" width=\"100\" height=\"133\" src=\"https:\/\/escoladigital.madeira.gov.pt\/ebspecalheta\/wp-content\/uploads\/sites\/3\/2025\/01\/isildop.jpg\" class=\"attachment-full size-full wp-image-1011\" alt=\"\" \/>\t\t\t\t\t\t\t\t\t\t\t\t\t\t\t<\/div>\n\t\t\t\t<\/div>\n\t\t\t\t<div class=\"elementor-element elementor-element-f89176e elementor-widget elementor-widget-text-editor\" data-id=\"f89176e\" data-element_type=\"widget\" data-e-type=\"widget\" data-widget_type=\"text-editor.default\">\n\t\t\t\t<div class=\"elementor-widget-container\">\n\t\t\t\t\t\t\t\t\t<p style=\"text-align: center\"><span id=\"cloakb5ed0ba1338836c8057497970d4d9a8d\"><a href=\"mailto:isildogomes@live.madeira-edu.pt\">isildogomes@edu.madeira.gov.pt<\/a><\/span>\u00a0<\/p><p style=\"text-align: center\"><strong>(Vice-Presidente)<\/strong><\/p>\t\t\t\t\t\t\t\t<\/div>\n\t\t\t\t<\/div>\n\t\t\t\t<\/div>\n\t\t\t\t<\/div>\n\t\t\t\t<\/div>\n\t\t","protected":false},"excerpt":{"rendered":"<p>Conselho Executivo Rela\u00e7\u00e3o da escola com outras institui\u00e7\u00f5es\/protocolos; Correspond\u00eancia oficial da escola; Coordena\u00e7\u00e3o da elabora\u00e7\u00e3o e acompanhamento da execu\u00e7\u00e3o do projeto educativo de escola; Atribui\u00e7\u00e3o de equival\u00eancias de estudos; Supervis\u00e3o do projeto do desporto escolar; Supervis\u00e3o das \u00e1reas curriculares n\u00e3o disciplinares; Supervis\u00e3o da aplica\u00e7\u00e3o do plano TIC e gest\u00e3o da p\u00e1gina web da escola; Supervis\u00e3o [&hellip;]<\/p>\n","protected":false},"author":79,"featured_media":0,"parent":181,"menu_order":0,"comment_status":"closed","ping_status":"closed","template":"","meta":{"site-sidebar-layout":"no-sidebar","site-content-layout":"","ast-site-content-layout":"full-width-container","site-content-style":"default","site-sidebar-style":"default","ast-global-header-display":"","ast-banner-title-visibility":"","ast-main-header-display":"","ast-hfb-above-header-display":"","ast-hfb-below-header-display":"","ast-hfb-mobile-header-display":"","site-post-title":"disabled","ast-breadcrumbs-content":"","ast-featured-img":"disabled","footer-sml-layout":"","ast-disable-related-posts":"","theme-transparent-header-meta":"","adv-header-id-meta":"","stick-header-meta":"","header-above-stick-meta":"","header-main-stick-meta":"","header-below-stick-meta":"","astra-migrate-meta-layouts":"default","ast-page-background-enabled":"default","ast-page-background-meta":{"desktop":{"background-color":"var(--ast-global-color-4)","background-image":"","background-repeat":"repeat","background-position":"center center","background-size":"auto","background-attachment":"scroll","background-type":"","background-media":"","overlay-type":"","overlay-color":"","overlay-opacity":"","overlay-gradient":""},"tablet":{"background-color":"","background-image":"","background-repeat":"repeat","background-position":"center center","background-size":"auto","background-attachment":"scroll","background-type":"","background-media":"","overlay-type":"","overlay-color":"","overlay-opacity":"","overlay-gradient":""},"mobile":{"background-color":"","background-image":"","background-repeat":"repeat","background-position":"center center","background-size":"auto","background-attachment":"scroll","background-type":"","background-media":"","overlay-type":"","overlay-color":"","overlay-opacity":"","overlay-gradient":""}},"ast-content-background-meta":{"desktop":{"background-color":"var(--ast-global-color-5)","background-image":"","background-repeat":"repeat","background-position":"center center","background-size":"auto","background-attachment":"scroll","background-type":"","background-media":"","overlay-type":"","overlay-color":"","overlay-opacity":"","overlay-gradient":""},"tablet":{"background-color":"var(--ast-global-color-5)","background-image":"","background-repeat":"repeat","background-position":"center center","background-size":"auto","background-attachment":"scroll","background-type":"","background-media":"","overlay-type":"","overlay-color":"","overlay-opacity":"","overlay-gradient":""},"mobile":{"background-color":"var(--ast-global-color-5)","background-image":"","background-repeat":"repeat","background-position":"center center","background-size":"auto","background-attachment":"scroll","background-type":"","background-media":"","overlay-type":"","overlay-color":"","overlay-opacity":"","overlay-gradient":""}},"_themeisle_gutenberg_block_has_review":false,"footnotes":""},"class_list":["post-1700","page","type-page","status-publish","hentry"],"_links":{"self":[{"href":"https:\/\/escoladigital.madeira.gov.pt\/ebspecalheta\/wp-json\/wp\/v2\/pages\/1700","targetHints":{"allow":["GET"]}}],"collection":[{"href":"https:\/\/escoladigital.madeira.gov.pt\/ebspecalheta\/wp-json\/wp\/v2\/pages"}],"about":[{"href":"https:\/\/escoladigital.madeira.gov.pt\/ebspecalheta\/wp-json\/wp\/v2\/types\/page"}],"author":[{"embeddable":true,"href":"https:\/\/escoladigital.madeira.gov.pt\/ebspecalheta\/wp-json\/wp\/v2\/users\/79"}],"replies":[{"embeddable":true,"href":"https:\/\/escoladigital.madeira.gov.pt\/ebspecalheta\/wp-json\/wp\/v2\/comments?post=1700"}],"version-history":[{"count":13,"href":"https:\/\/escoladigital.madeira.gov.pt\/ebspecalheta\/wp-json\/wp\/v2\/pages\/1700\/revisions"}],"predecessor-version":[{"id":2593,"href":"https:\/\/escoladigital.madeira.gov.pt\/ebspecalheta\/wp-json\/wp\/v2\/pages\/1700\/revisions\/2593"}],"up":[{"embeddable":true,"href":"https:\/\/escoladigital.madeira.gov.pt\/ebspecalheta\/wp-json\/wp\/v2\/pages\/181"}],"wp:attachment":[{"href":"https:\/\/escoladigital.madeira.gov.pt\/ebspecalheta\/wp-json\/wp\/v2\/media?parent=1700"}],"curies":[{"name":"wp","href":"https:\/\/api.w.org\/{rel}","templated":true}]}}