{"id":1721,"date":"2025-01-10T10:47:22","date_gmt":"2025-01-10T10:47:22","guid":{"rendered":"https:\/\/escoladigital.madeira.gov.pt\/ebspecalheta\/?page_id=1721"},"modified":"2025-02-19T09:57:39","modified_gmt":"2025-02-19T09:57:39","slug":"conselho-pedagogico","status":"publish","type":"page","link":"https:\/\/escoladigital.madeira.gov.pt\/ebspecalheta\/sobre-nos\/organica\/conselho-pedagogico\/","title":{"rendered":"Conselho Pedag\u00f3gico"},"content":{"rendered":"\t\t<div data-elementor-type=\"wp-page\" data-elementor-id=\"1721\" class=\"elementor elementor-1721\">\n\t\t\t\t<div class=\"elementor-element elementor-element-ef54989 e-flex e-con-boxed e-con e-parent\" data-id=\"ef54989\" data-element_type=\"container\" data-e-type=\"container\">\n\t\t\t\t\t<div class=\"e-con-inner\">\n\t\t\t\t<div class=\"elementor-element elementor-element-6fdf725 elementor-widget elementor-widget-heading\" data-id=\"6fdf725\" data-element_type=\"widget\" data-e-type=\"widget\" data-widget_type=\"heading.default\">\n\t\t\t\t<div class=\"elementor-widget-container\">\n\t\t\t\t\t<h2 class=\"elementor-heading-title elementor-size-default\">Conselho Pedag\u00f3gico<\/h2>\t\t\t\t<\/div>\n\t\t\t\t<\/div>\n\t\t\t\t\t<\/div>\n\t\t\t\t<\/div>\n\t\t<div class=\"elementor-element elementor-element-afeff68 e-flex e-con-boxed e-con e-parent\" data-id=\"afeff68\" data-element_type=\"container\" data-e-type=\"container\">\n\t\t\t\t\t<div class=\"e-con-inner\">\n\t\t\t\t<div class=\"elementor-element elementor-element-7df9b65 elementor-widget elementor-widget-html\" data-id=\"7df9b65\" data-element_type=\"widget\" data-e-type=\"widget\" data-widget_type=\"html.default\">\n\t\t\t\t<div class=\"elementor-widget-container\">\n\t\t\t\t\t<table style=\"width: 100%;border-collapse: collapse;text-align: center;border: 2px solid #517FAA\">\r\n  <tr>\r\n    <td style=\"background-color: #517FAA;color: white;padding: 10px;font-weight: bold;width: 50%\">Presidente<\/td>\r\n    <td style=\"padding: 10px;border: 1px solid #F2F2F2;color: #7A7A7A;background-color:#f2f2f2;width: 50%\">Susana Silva<\/td>\r\n  <\/tr>\r\n  <tr>\r\n    <td style=\"background-color: #E7F6FF;color: #517FAA;padding: 10px;font-weight: bold;width: 50%\">Presidente do Conselho da Comunidade Educativa<\/td>\r\n    <td style=\"padding: 10px;border: 1px solid #F2F2F2;color: #7A7A7A;width: 50%\">Ant\u00f3nio Calado<\/td>\r\n  <\/tr>\r\n  <tr>\r\n    <td style=\"background-color: #517FAA;color: white;padding: 10px;font-weight: bold;width: 50%\">Presidente do Conselho Executivo<\/td>\r\n    <td style=\"padding: 10px;border: 1px solid #F2F2F2;color: #7A7A7A;background-color:#f2f2f2;width: 50%\">Bernardo Gouveia<\/td>\r\n  <\/tr>\r\n  <tr>\r\n    <td style=\"background-color: #E7F6FF;color: #517FAA;padding: 10px;font-weight: bold;width: 50%\">Coordenadora do Departamento de L\u00ednguas<\/td>\r\n    <td style=\"padding: 10px;border: 1px solid #F2F2F2;color: #7A7A7A;width: 50%\">Jo\u00e3o Silva<\/td>\r\n  <\/tr>\r\n  <tr>\r\n    <td style=\"background-color: #517FAA;color: white;padding: 10px;font-weight: bold;width: 50%\">Coordenadora do Departamento de Ci\u00eancias Humanas e Sociais<\/td>\r\n    <td style=\"padding: 10px;border: 1px solid #F2F2F2;color: #7A7A7A;background-color:#f2f2f2;width: 50%\">N\u00eddia Gaspar<\/td>\r\n  <\/tr>\r\n  <tr>\r\n    <td style=\"background-color: #E7F6FF;color: #517FAA;padding: 10px;font-weight: bold;width: 50%\">Coordenador do Departamento de Ci\u00eancias Exatas e da Natureza e Tecnologias<\/td>\r\n    <td style=\"padding: 10px;border: 1px solid #F2F2F2;color: #7A7A7A;width: 50%\">Alexandra Crist\u00f3v\u00e3o<\/td>\r\n  <\/tr>\r\n  <tr>\r\n    <td style=\"background-color: #517FAA;color: white;padding: 10px;font-weight: bold;width: 50%\">Coordenadora do Departamento de Express\u00f5es<\/td>\r\n    <td style=\"padding: 10px;border: 1px solid #F2F2F2;color: #7A7A7A;background-color:#f2f2f2;width: 50%\">Susana Silva<\/td>\r\n  <\/tr>\r\n  <tr>\r\n    <td style=\"background-color: #E7F6FF;color: #517FAA;padding: 10px;font-weight: bold;width: 50%\">Coordenadora do 2\u00ba ciclo<\/td>\r\n    <td style=\"padding: 10px;border: 1px solid #F2F2F2;color: #7A7A7A;width: 50%\">Ana Costa<\/td>\r\n  <\/tr>\r\n  <tr>\r\n    <td style=\"background-color: #517FAA;color: white;padding: 10px;font-weight: bold;width: 50%\">Coordenador do 3\u00ba ciclo<\/td>\r\n    <td style=\"padding: 10px;border: 1px solid #F2F2F2;color: #7A7A7A;background-color:#f2f2f2;width: 50%\">Ad\u00e9lia Jardin<\/td>\r\n  <\/tr>\r\n  <tr>\r\n    <td style=\"background-color: #E7F6FF;color: #517FAA;padding: 10px;font-weight: bold;width: 50%\">Coordenadora do Secund\u00e1rio<\/td>\r\n    <td style=\"padding: 10px;border: 1px solid #F2F2F2;color: #7A7A7A;width: 50%\">Teresa Moreira<\/td>\r\n  <\/tr>\r\n  <tr>\r\n    <td style=\"background-color: #517FAA;color: white;padding: 10px;font-weight: bold;width: 50%\">Coordenadora de Forma\u00e7\u00e3o Permanente<\/td>\r\n    <td style=\"padding: 10px;border: 1px solid #F2F2F2;color: #7A7A7A;background-color:#f2f2f2;width: 50%\">Helena Coelho<\/td>\r\n  <\/tr>\r\n  <tr>\r\n    <td style=\"background-color: #E7F6FF;color: #517FAA;padding: 10px;font-weight: bold;width: 50%\">Coordenador das Atividades de Enriquecimento Curricular<\/td>\r\n    <td style=\"padding: 10px;border: 1px solid #F2F2F2;color: #7A7A7A;width: 50%\">Liliana Nobre<\/td>\r\n  <\/tr>\r\n  <tr>\r\n    <td style=\"background-color: #517FAA;color: white;padding: 10px;font-weight: bold;width: 50%\">Coordenador do Desporto Escolar<\/td>\r\n    <td style=\"padding: 10px;border: 1px solid #F2F2F2;color: #7A7A7A;background-color:#f2f2f2;width: 50%\">Ricardo Nunes<\/td>\r\n  <\/tr>\r\n  <tr>\r\n    <td style=\"background-color: #E7F6FF;color: #517FAA;padding: 10px;font-weight: bold;width: 50%\">Coordenadora TIC<\/td>\r\n    <td style=\"padding: 10px;border: 1px solid #F2F2F2;color: #7A7A7A;width: 50%\">Mariela Silva<\/td>\r\n  <\/tr>\r\n  <tr>\r\n    <td style=\"background-color: #517FAA;color: white;padding: 10px;font-weight: bold;width: 50%\">Delegado de Educa\u00e7\u00e3o Especial<\/td>\r\n    <td style=\"padding: 10px;border: 1px solid #F2F2F2;color: #7A7A7A;background-color:#f2f2f2;width: 50%\">Ant\u00f3nio Mendes<\/td>\r\n  <\/tr>\r\n  <tr>\r\n    <td style=\"background-color: #E7F6FF;color: #517FAA;padding: 10px;font-weight: bold;width: 50%\">Coordenador do Ensino Profissional<\/td>\r\n    <td style=\"padding: 10px;border: 1px solid #F2F2F2;color: #7A7A7A;width: 50%\">Jos\u00e9 Mendes<\/td>\r\n  <\/tr>\r\n  <tr>\r\n    <td style=\"background-color: #517FAA;color: white;padding: 10px;font-weight: bold;width: 50%\">Coordenador do Conselho de Docentes do Pr\u00e9-escolar e 1\u00ba ciclo<\/td>\r\n    <td style=\"padding: 10px;border: 1px solid #F2F2F2;color: #7A7A7A;background-color:#f2f2f2;width: 50%\">H\u00e9lder Vinagre<\/td>\r\n  <\/tr>\r\n<\/table>\r\n\t\t\t\t<\/div>\n\t\t\t\t<\/div>\n\t\t\t\t\t<\/div>\n\t\t\t\t<\/div>\n\t\t\t\t<\/div>\n\t\t","protected":false},"excerpt":{"rendered":"<p>Conselho Pedag\u00f3gico Presidente Susana Silva Presidente do Conselho da Comunidade Educativa Ant\u00f3nio Calado Presidente do Conselho Executivo Bernardo Gouveia Coordenadora do Departamento de L\u00ednguas Jo\u00e3o Silva Coordenadora do Departamento de Ci\u00eancias Humanas e Sociais N\u00eddia Gaspar Coordenador do Departamento de Ci\u00eancias Exatas e da Natureza e Tecnologias Alexandra Crist\u00f3v\u00e3o Coordenadora do Departamento de Express\u00f5es Susana [&hellip;]<\/p>\n","protected":false},"author":79,"featured_media":0,"parent":181,"menu_order":0,"comment_status":"closed","ping_status":"closed","template":"","meta":{"site-sidebar-layout":"no-sidebar","site-content-layout":"","ast-site-content-layout":"full-width-container","site-content-style":"default","site-sidebar-style":"default","ast-global-header-display":"","ast-banner-title-visibility":"","ast-main-header-display":"","ast-hfb-above-header-display":"","ast-hfb-below-header-display":"","ast-hfb-mobile-header-display":"","site-post-title":"disabled","ast-breadcrumbs-content":"","ast-featured-img":"disabled","footer-sml-layout":"","ast-disable-related-posts":"","theme-transparent-header-meta":"","adv-header-id-meta":"","stick-header-meta":"","header-above-stick-meta":"","header-main-stick-meta":"","header-below-stick-meta":"","astra-migrate-meta-layouts":"default","ast-page-background-enabled":"default","ast-page-background-meta":{"desktop":{"background-color":"var(--ast-global-color-4)","background-image":"","background-repeat":"repeat","background-position":"center center","background-size":"auto","background-attachment":"scroll","background-type":"","background-media":"","overlay-type":"","overlay-color":"","overlay-opacity":"","overlay-gradient":""},"tablet":{"background-color":"","background-image":"","background-repeat":"repeat","background-position":"center center","background-size":"auto","background-attachment":"scroll","background-type":"","background-media":"","overlay-type":"","overlay-color":"","overlay-opacity":"","overlay-gradient":""},"mobile":{"background-color":"","background-image":"","background-repeat":"repeat","background-position":"center center","background-size":"auto","background-attachment":"scroll","background-type":"","background-media":"","overlay-type":"","overlay-color":"","overlay-opacity":"","overlay-gradient":""}},"ast-content-background-meta":{"desktop":{"background-color":"var(--ast-global-color-5)","background-image":"","background-repeat":"repeat","background-position":"center center","background-size":"auto","background-attachment":"scroll","background-type":"","background-media":"","overlay-type":"","overlay-color":"","overlay-opacity":"","overlay-gradient":""},"tablet":{"background-color":"var(--ast-global-color-5)","background-image":"","background-repeat":"repeat","background-position":"center center","background-size":"auto","background-attachment":"scroll","background-type":"","background-media":"","overlay-type":"","overlay-color":"","overlay-opacity":"","overlay-gradient":""},"mobile":{"background-color":"var(--ast-global-color-5)","background-image":"","background-repeat":"repeat","background-position":"center center","background-size":"auto","background-attachment":"scroll","background-type":"","background-media":"","overlay-type":"","overlay-color":"","overlay-opacity":"","overlay-gradient":""}},"_themeisle_gutenberg_block_has_review":false,"footnotes":""},"class_list":["post-1721","page","type-page","status-publish","hentry"],"_links":{"self":[{"href":"https:\/\/escoladigital.madeira.gov.pt\/ebspecalheta\/wp-json\/wp\/v2\/pages\/1721","targetHints":{"allow":["GET"]}}],"collection":[{"href":"https:\/\/escoladigital.madeira.gov.pt\/ebspecalheta\/wp-json\/wp\/v2\/pages"}],"about":[{"href":"https:\/\/escoladigital.madeira.gov.pt\/ebspecalheta\/wp-json\/wp\/v2\/types\/page"}],"author":[{"embeddable":true,"href":"https:\/\/escoladigital.madeira.gov.pt\/ebspecalheta\/wp-json\/wp\/v2\/users\/79"}],"replies":[{"embeddable":true,"href":"https:\/\/escoladigital.madeira.gov.pt\/ebspecalheta\/wp-json\/wp\/v2\/comments?post=1721"}],"version-history":[{"count":25,"href":"https:\/\/escoladigital.madeira.gov.pt\/ebspecalheta\/wp-json\/wp\/v2\/pages\/1721\/revisions"}],"predecessor-version":[{"id":3024,"href":"https:\/\/escoladigital.madeira.gov.pt\/ebspecalheta\/wp-json\/wp\/v2\/pages\/1721\/revisions\/3024"}],"up":[{"embeddable":true,"href":"https:\/\/escoladigital.madeira.gov.pt\/ebspecalheta\/wp-json\/wp\/v2\/pages\/181"}],"wp:attachment":[{"href":"https:\/\/escoladigital.madeira.gov.pt\/ebspecalheta\/wp-json\/wp\/v2\/media?parent=1721"}],"curies":[{"name":"wp","href":"https:\/\/api.w.org\/{rel}","templated":true}]}}