{"id":1757,"date":"2025-01-10T11:09:04","date_gmt":"2025-01-10T11:09:04","guid":{"rendered":"https:\/\/escoladigital.madeira.gov.pt\/ebspecalheta\/?page_id=1757"},"modified":"2025-11-06T15:56:07","modified_gmt":"2025-11-06T15:56:07","slug":"conselho-da-comunidade","status":"publish","type":"page","link":"https:\/\/escoladigital.madeira.gov.pt\/ebspecalheta\/sobre-nos\/organica\/conselho-da-comunidade\/","title":{"rendered":"Conselho da Comunidade"},"content":{"rendered":"\t\t<div data-elementor-type=\"wp-page\" data-elementor-id=\"1757\" class=\"elementor elementor-1757\">\n\t\t\t\t<div class=\"elementor-element elementor-element-ef54989 e-flex e-con-boxed e-con e-parent\" data-id=\"ef54989\" data-element_type=\"container\" data-e-type=\"container\">\n\t\t\t\t\t<div class=\"e-con-inner\">\n\t\t\t\t<div class=\"elementor-element elementor-element-6fdf725 elementor-widget elementor-widget-heading\" data-id=\"6fdf725\" data-element_type=\"widget\" data-e-type=\"widget\" data-widget_type=\"heading.default\">\n\t\t\t\t<div class=\"elementor-widget-container\">\n\t\t\t\t\t<h2 class=\"elementor-heading-title elementor-size-default\">Conselho da Comunidade<\/h2>\t\t\t\t<\/div>\n\t\t\t\t<\/div>\n\t\t\t\t\t<\/div>\n\t\t\t\t<\/div>\n\t\t<div class=\"elementor-element elementor-element-afeff68 e-flex e-con-boxed e-con e-parent\" data-id=\"afeff68\" data-element_type=\"container\" data-e-type=\"container\">\n\t\t\t\t\t<div class=\"e-con-inner\">\n\t\t\t\t<div class=\"elementor-element elementor-element-7df9b65 elementor-widget elementor-widget-html\" data-id=\"7df9b65\" data-element_type=\"widget\" data-e-type=\"widget\" data-widget_type=\"html.default\">\n\t\t\t\t<div class=\"elementor-widget-container\">\n\t\t\t\t\t<table style=\"width: 100%;border-collapse: collapse;text-align: center;border: 2px solid #517FAA\">\r\n  <tr>\r\n    <td style=\"background-color: #517FAA;color: #FFFFFA;padding: 10px;font-weight: bold\">Presidente do Conselho da Comunidade Educativa\/ Representante do Pessoal Docente<\/td>\r\n    <td style=\"padding: 10px;border: 1px solid #F2F2F2;color: #7A7A7A;background-color:#f2f2f2\">Ant\u00f3nio Manuel Ribeiro Calado<\/td>\r\n  <\/tr>\r\n  <tr>\r\n    <td style=\"background-color:#E7F6FF;color: #517FAA;padding: 10px;font-weight: bold\">Representante do Pessoal Docente (2\u00ba\/3\u00ba ciclos e secund\u00e1rio)<\/td>\r\n    <td style=\"padding: 10px;border: 1px solid #F2F2F2;color: #7A7A7A\">Ricardo Nuno Abreu Nunes<\/td>\r\n  <\/tr>\r\n  <tr>\r\n    <td style=\"background-color: #517FAA;color: #FFFFFA;padding: 10px;font-weight: bold\">Representante do Pessoal Docente(2\u00ba\/3\u00ba ciclos e secund\u00e1rio)<\/td>\r\n    <td style=\"padding: 10px;border: 1px solid #F2F2F2;color: #7A7A7A;background-color:#f2f2f2\">Ver\u00f3nica Leal Gomes Marques Alhinho Calado<\/td>\r\n  <\/tr>\r\n  <tr>\r\n    <td style=\"background-color: #E7F6FF;color: #517FAA;padding: 10px;font-weight: bold\">Representante do Pessoal Docente(2\u00ba\/3\u00ba ciclos e secund\u00e1rio)<\/td>\r\n    <td style=\"padding: 10px;border: 1px solid #F2F2F2;color: #7A7A7A\">Delfim Lu\u00eds D`Achada Louren\u00e7o<\/td>\r\n  <\/tr>\r\n  <tr>\r\n    <td style=\"background-color: #517FAA;color: #FFFFFA;padding: 10px;font-weight: bold\">Representante do Pessoal Docente(2\u00ba\/3\u00ba ciclos e secund\u00e1rio)<\/td>\r\n    <td style=\"padding: 10px;border: 1px solid #F2F2F2;color: #7A7A7A;background-color:#f2f2f2\">Rui Filipe Pinto Soares<\/td>\r\n  <\/tr>\r\n  <tr>\r\n    <td style=\"background-color: #E7F6FF;color: #517FAA;padding: 10px;font-weight: bold\">Representante do Pessoal Docente (1\u00ba ciclo)<\/td>\r\n    <td style=\"padding: 10px;border: 1px solid #F2F2F2;color: #7A7A7A\">Maria Lucinda M\u00e3o-Cheia Buraco Pereira<\/td>\r\n  <\/tr>\r\n  <tr>\r\n    <td style=\"background-color: #517FAA;color: #FFFFFA;padding: 10px;font-weight: bold\">Representante educadores de inf\u00e2ncia<\/td>\r\n    <td style=\"padding: 10px;border: 1px solid #F2F2F2;color: #7A7A7A;background-color:#f2f2f2\">S\u00edlvia da Concei\u00e7\u00e3o de Matos Pereira<\/td>\r\n  <\/tr>\r\n  <tr>\r\n    <td style=\"background-color: #E7F6FF;color: #517FAA;padding: 10px;font-weight: bold\">Representante do Pessoal N\u00e3o Docente<\/td>\r\n    <td style=\"padding: 10px;border: 1px solid #F2F2F2;color: #7A7A7A\">Ana Dilia Baeta Sousa Gomes<\/td>\r\n  <\/tr>\r\n  <tr>\r\n    <td style=\"background-color: #517FAA;color: #FFFFFA;padding: 10px;font-weight: bold\">Representante do Pessoal N\u00e3o Docente<\/td>\r\n    <td style=\"padding: 10px;border: 1px solid #F2F2F2;color: #7A7A7A;background-color:#f2f2f2\">Maria In\u00eas Sardinha<\/td>\r\n  <\/tr>\r\n  <tr>\r\n    <td style=\"background-color: #E7F6FF;color: #517FAA;padding: 10px;font-weight: bold\">Representante dos Alunos<\/td>\r\n    <td style=\"padding: 10px;border: 1px solid #F2F2F2;color: #7A7A7A\">J\u00e9nifer Gon\u00e7alves Tr\u00e9<\/td>\r\n  <\/tr>\r\n  <tr>\r\n    <td style=\"background-color: #517FAA;color: #FFFFFA;padding: 10px;font-weight: bold\">Representante dos Alunos<\/td>\r\n    <td style=\"padding: 10px;border: 1px solid #F2F2F2;color: #7A7A7A;background-color:#f2f2f2\">Nuno Duarte Pascoas Gouveia<\/td>\r\n  <\/tr>\r\n  <tr>\r\n    <td style=\"background-color: #E7F6FF;color: #517FAA;padding: 10px;font-weight: bold\">Representante dos Encarregados de Educa\u00e7\u00e3o<\/td>\r\n    <td style=\"padding: 10px;border: 1px solid #F2F2F2;color: #7A7A7A\">Ana Carolina dos Santos Sumares  <\/td>\r\n  <\/tr>\r\n<tr>\r\n    <td style=\"background-color: #517FAA;color: #FFFFFA;padding: 10px;font-weight: bold\">Representante dos Encarregados de Educa\u00e7\u00e3o<\/td>\r\n    <td style=\"padding: 10px;border: 1px solid #F2F2F2;color: #7A7A7A;background-color:#f2f2f2\">Susana Maria Reis Figueira da Cruz<\/td>\r\n  <\/tr>\r\n  <tr>\r\n    <td style=\"background-color: #E7F6FF;color: #517FAA;padding: 10px;font-weight: bold\">Representante da C\u00e2mara Municipal da Calheta<\/td>\r\n    <td style=\"padding: 10px;border: 1px solid #F2F2F2;color: #7A7A7A\">Cl\u00e1udia Barradas<\/td>\r\n  <\/tr>\r\n  <tr>\r\n    <td style=\"background-color: #517FAA;color: #FFFFFA;padding: 10px;font-weight: bold\">Representante da Educa\u00e7\u00e3o Especial<\/td>\r\n    <td style=\"padding: 10px;border: 1px solid #F2F2F2;color: #7A7A7A;background-color:#f2f2f2\">Ant\u00f3nio Jos\u00e9 Pereira de Sousa Mendes<\/td>\r\n  <\/tr>\r\n  <tr>\r\n    <td style=\"background-color: #E7F6FF;color: #517FAA;padding: 10px;font-weight: bold\">Representante da Forma\u00e7\u00e3o Profissional<\/td>\r\n    <td style=\"padding: 10px;border: 1px solid #F2F2F2;color: #7A7A7A\">N\u00eddia Isabel de Sousa<\/td>\r\n  <\/tr>\r\n  <tr>\r\n    <td style=\"background-color: #517FAA;color: #FFFFFA;padding: 10px;font-weight: bold\">Presidente do Conselho Pedag\u00f3gico<\/td>\r\n    <td style=\"padding: 10px;border: 1px solid #F2F2F2;color: #7A7A7A;background-color:#f2f2f2\">Susana Maria Ferreira Silva<\/td>\r\n  <\/tr>\r\n  <tr>\r\n    <td style=\"background-color: #E7F6FF;color: #517FAA;padding: 10px;font-weight: bold\">Presidente do Conselho Executivo<\/td>\r\n    <td style=\"padding: 10px;border: 1px solid #F2F2F2;color: #7A7A7A\">Jos\u00e9 Bernardo Ferreira Gouveia<\/td>\r\n  <\/tr>\r\n<\/table>\r\n\r\n\t\t\t\t<\/div>\n\t\t\t\t<\/div>\n\t\t\t\t\t<\/div>\n\t\t\t\t<\/div>\n\t\t\t\t<\/div>\n\t\t","protected":false},"excerpt":{"rendered":"<p>Conselho da Comunidade Presidente do Conselho da Comunidade Educativa\/ Representante do Pessoal Docente Ant\u00f3nio Manuel Ribeiro Calado Representante do Pessoal Docente (2\u00ba\/3\u00ba ciclos e secund\u00e1rio) Ricardo Nuno Abreu Nunes Representante do Pessoal Docente(2\u00ba\/3\u00ba ciclos e secund\u00e1rio) Ver\u00f3nica Leal Gomes Marques Alhinho Calado Representante do Pessoal Docente(2\u00ba\/3\u00ba ciclos e secund\u00e1rio) Delfim Lu\u00eds D`Achada Louren\u00e7o Representante do [&hellip;]<\/p>\n","protected":false},"author":79,"featured_media":0,"parent":181,"menu_order":0,"comment_status":"closed","ping_status":"closed","template":"","meta":{"site-sidebar-layout":"no-sidebar","site-content-layout":"","ast-site-content-layout":"full-width-container","site-content-style":"default","site-sidebar-style":"default","ast-global-header-display":"","ast-banner-title-visibility":"","ast-main-header-display":"","ast-hfb-above-header-display":"","ast-hfb-below-header-display":"","ast-hfb-mobile-header-display":"","site-post-title":"disabled","ast-breadcrumbs-content":"","ast-featured-img":"disabled","footer-sml-layout":"","ast-disable-related-posts":"","theme-transparent-header-meta":"","adv-header-id-meta":"","stick-header-meta":"","header-above-stick-meta":"","header-main-stick-meta":"","header-below-stick-meta":"","astra-migrate-meta-layouts":"default","ast-page-background-enabled":"default","ast-page-background-meta":{"desktop":{"background-color":"var(--ast-global-color-4)","background-image":"","background-repeat":"repeat","background-position":"center center","background-size":"auto","background-attachment":"scroll","background-type":"","background-media":"","overlay-type":"","overlay-color":"","overlay-opacity":"","overlay-gradient":""},"tablet":{"background-color":"","background-image":"","background-repeat":"repeat","background-position":"center center","background-size":"auto","background-attachment":"scroll","background-type":"","background-media":"","overlay-type":"","overlay-color":"","overlay-opacity":"","overlay-gradient":""},"mobile":{"background-color":"","background-image":"","background-repeat":"repeat","background-position":"center center","background-size":"auto","background-attachment":"scroll","background-type":"","background-media":"","overlay-type":"","overlay-color":"","overlay-opacity":"","overlay-gradient":""}},"ast-content-background-meta":{"desktop":{"background-color":"var(--ast-global-color-5)","background-image":"","background-repeat":"repeat","background-position":"center center","background-size":"auto","background-attachment":"scroll","background-type":"","background-media":"","overlay-type":"","overlay-color":"","overlay-opacity":"","overlay-gradient":""},"tablet":{"background-color":"var(--ast-global-color-5)","background-image":"","background-repeat":"repeat","background-position":"center center","background-size":"auto","background-attachment":"scroll","background-type":"","background-media":"","overlay-type":"","overlay-color":"","overlay-opacity":"","overlay-gradient":""},"mobile":{"background-color":"var(--ast-global-color-5)","background-image":"","background-repeat":"repeat","background-position":"center center","background-size":"auto","background-attachment":"scroll","background-type":"","background-media":"","overlay-type":"","overlay-color":"","overlay-opacity":"","overlay-gradient":""}},"_themeisle_gutenberg_block_has_review":false,"footnotes":""},"class_list":["post-1757","page","type-page","status-publish","hentry"],"_links":{"self":[{"href":"https:\/\/escoladigital.madeira.gov.pt\/ebspecalheta\/wp-json\/wp\/v2\/pages\/1757","targetHints":{"allow":["GET"]}}],"collection":[{"href":"https:\/\/escoladigital.madeira.gov.pt\/ebspecalheta\/wp-json\/wp\/v2\/pages"}],"about":[{"href":"https:\/\/escoladigital.madeira.gov.pt\/ebspecalheta\/wp-json\/wp\/v2\/types\/page"}],"author":[{"embeddable":true,"href":"https:\/\/escoladigital.madeira.gov.pt\/ebspecalheta\/wp-json\/wp\/v2\/users\/79"}],"replies":[{"embeddable":true,"href":"https:\/\/escoladigital.madeira.gov.pt\/ebspecalheta\/wp-json\/wp\/v2\/comments?post=1757"}],"version-history":[{"count":67,"href":"https:\/\/escoladigital.madeira.gov.pt\/ebspecalheta\/wp-json\/wp\/v2\/pages\/1757\/revisions"}],"predecessor-version":[{"id":4590,"href":"https:\/\/escoladigital.madeira.gov.pt\/ebspecalheta\/wp-json\/wp\/v2\/pages\/1757\/revisions\/4590"}],"up":[{"embeddable":true,"href":"https:\/\/escoladigital.madeira.gov.pt\/ebspecalheta\/wp-json\/wp\/v2\/pages\/181"}],"wp:attachment":[{"href":"https:\/\/escoladigital.madeira.gov.pt\/ebspecalheta\/wp-json\/wp\/v2\/media?parent=1757"}],"curies":[{"name":"wp","href":"https:\/\/api.w.org\/{rel}","templated":true}]}}