{"id":1822,"date":"2025-01-13T09:23:36","date_gmt":"2025-01-13T09:23:36","guid":{"rendered":"https:\/\/escoladigital.madeira.gov.pt\/ebspecalheta\/?page_id=1822"},"modified":"2025-02-07T12:58:25","modified_gmt":"2025-02-07T12:58:25","slug":"emaei","status":"publish","type":"page","link":"https:\/\/escoladigital.madeira.gov.pt\/ebspecalheta\/servicos\/emaei\/","title":{"rendered":"Equipa Multidisciplinar de Apoio \u00e0 Educa\u00e7\u00e3o Inclusiva &#8211; EMAEI"},"content":{"rendered":"\t\t<div data-elementor-type=\"wp-page\" data-elementor-id=\"1822\" class=\"elementor elementor-1822\">\n\t\t\t\t<div class=\"elementor-element elementor-element-e359ce8 e-flex e-con-boxed e-con e-parent\" data-id=\"e359ce8\" data-element_type=\"container\" data-e-type=\"container\">\n\t\t\t\t\t<div class=\"e-con-inner\">\n\t\t\t\t<div class=\"elementor-element elementor-element-cf1ebba elementor-widget elementor-widget-heading\" data-id=\"cf1ebba\" data-element_type=\"widget\" data-e-type=\"widget\" data-widget_type=\"heading.default\">\n\t\t\t\t<div class=\"elementor-widget-container\">\n\t\t\t\t\t<h2 class=\"elementor-heading-title elementor-size-default\">Equipa Multidisciplinar de Apoio \u00e0 Educa\u00e7\u00e3o Inclusiva - EMAEI<\/h2>\t\t\t\t<\/div>\n\t\t\t\t<\/div>\n\t\t\t\t\t<\/div>\n\t\t\t\t<\/div>\n\t\t<div class=\"elementor-element elementor-element-eabcefb e-flex e-con-boxed e-con e-parent\" data-id=\"eabcefb\" data-element_type=\"container\" data-e-type=\"container\">\n\t\t\t\t\t<div class=\"e-con-inner\">\n\t\t\t\t<div class=\"elementor-element elementor-element-a518f48 elementor-widget elementor-widget-text-editor\" data-id=\"a518f48\" data-element_type=\"widget\" data-e-type=\"widget\" data-widget_type=\"text-editor.default\">\n\t\t\t\t<div class=\"elementor-widget-container\">\n\t\t\t\t\t\t\t\t\t<p style=\"text-align: justify\"><span data-contrast=\"auto\">A Equipa Multidisciplinar de Apoio \u00e0 Educa\u00e7\u00e3o Inclusiva (EMAEI) \u00e9 uma equipa de composi\u00e7\u00e3o diversificada, que constitui um recurso educacional espec\u00edfico de apoio \u00e0 aprendizagem, tendo em vista uma leitura alargada, integrada e participada de todos os intervenientes no processo educativo.\u00a0<\/span><span data-ccp-props=\"{&quot;201341983&quot;:0,&quot;335551550&quot;:6,&quot;335551620&quot;:6,&quot;335559731&quot;:567,&quot;335559739&quot;:0,&quot;335559740&quot;:360}\">\u00a0<\/span><\/p><p style=\"text-align: justify\"><span data-contrast=\"auto\">Tem como fun\u00e7\u00e3o principal analisar e tomar decis\u00f5es quanto \u00e0 necessidade das medidas de suporte \u00e0 aprendizagem e \u00e0 inclus\u00e3o a implementar e fazer o acompanhamento e monitoriza\u00e7\u00e3o da sua efic\u00e1cia.\u00a0<\/span><span data-ccp-props=\"{&quot;201341983&quot;:0,&quot;335551550&quot;:6,&quot;335551620&quot;:6,&quot;335559731&quot;:567,&quot;335559739&quot;:0,&quot;335559740&quot;:360}\">\u00a0<\/span><\/p><p style=\"text-align: justify\"><span data-contrast=\"auto\">Esta equipa \u00e9 constitu\u00edda por elementos permanentes e elementos vari\u00e1veis. Os elementos permanentes que constituem a EMAEI s\u00e3o: Helena Azevedo (psic\u00f3loga e coordenadora da equipa); Isildo Gomes (vice-presidente do Conselho Executivo); Ant\u00f3nio Mendes (docente de educa\u00e7\u00e3o especial); Susana Silva (coordenadora do Departamento de Express\u00f5es); Ad\u00e9lia Jardin (coordenadora do 3\u00ba ciclo); H\u00e9lder Vinagre (coordenador do Pr\u00e9-escolar e 1\u00ba ciclo); N\u00eddia Gaspar (coordenadora do Departamento de Ci\u00eancias Humanas e Sociais). Os elementos vari\u00e1veis s\u00e3o identificados pela coordenadora da equipa, cuja participa\u00e7\u00e3o varia em fun\u00e7\u00e3o do aluno em quest\u00e3o. Estes intervenientes podem ser o educador de inf\u00e2ncia\/professor titular\/diretor de turma, outros docentes do aluno, docente de educa\u00e7\u00e3o especial, t\u00e9cnicos especializados, encarregado de educa\u00e7\u00e3o ou outros elementos.\u00a0<\/span><span data-ccp-props=\"{&quot;201341983&quot;:0,&quot;335551550&quot;:6,&quot;335551620&quot;:6,&quot;335559731&quot;:567,&quot;335559739&quot;:0,&quot;335559740&quot;:360}\">\u00a0<\/span><\/p><p style=\"text-align: justify\"><span data-contrast=\"auto\">S\u00e3o compet\u00eancias da EMAEI:\u00a0<\/span><span data-ccp-props=\"{&quot;201341983&quot;:0,&quot;335551550&quot;:6,&quot;335551620&quot;:6,&quot;335559685&quot;:567,&quot;335559739&quot;:0,&quot;335559740&quot;:360}\">\u00a0<\/span><\/p><ul style=\"text-align: justify\"><li data-leveltext=\"\uf0b7\" data-font=\"Symbol\" data-listid=\"2\" data-list-defn-props=\"{&quot;335552541&quot;:1,&quot;469769226&quot;:&quot;Symbol&quot;,&quot;469769242&quot;:[8226],&quot;469777803&quot;:&quot;left&quot;,&quot;469777804&quot;:&quot;\uf0b7&quot;,&quot;469777815&quot;:&quot;hybridMultilevel&quot;}\" data-aria-posinset=\"1\" data-aria-level=\"1\"><span data-contrast=\"auto\">Sensibilizar a comunidade educativa para a Educa\u00e7\u00e3o Inclusiva;\u00a0<\/span><span data-ccp-props=\"{&quot;201341983&quot;:0,&quot;335551550&quot;:6,&quot;335551620&quot;:6,&quot;335559685&quot;:567,&quot;335559731&quot;:426,&quot;335559739&quot;:0,&quot;335559740&quot;:360}\">\u00a0<\/span><\/li><\/ul><ul style=\"text-align: justify\"><li data-leveltext=\"\uf0b7\" data-font=\"Symbol\" data-listid=\"2\" data-list-defn-props=\"{&quot;335552541&quot;:1,&quot;469769226&quot;:&quot;Symbol&quot;,&quot;469769242&quot;:[8226],&quot;469777803&quot;:&quot;left&quot;,&quot;469777804&quot;:&quot;\uf0b7&quot;,&quot;469777815&quot;:&quot;hybridMultilevel&quot;}\" data-aria-posinset=\"2\" data-aria-level=\"1\"><span data-contrast=\"auto\">Analisar a informa\u00e7\u00e3o dispon\u00edvel, aquando de uma identifica\u00e7\u00e3o da necessidade de mobiliza\u00e7\u00e3o de medidas de suporte \u00e0 aprendizagem e \u00e0 inclus\u00e3o, nomeadamente os dados relativos aos contextos e \u00e0s especificidades do aluno;\u00a0<\/span><span data-ccp-props=\"{&quot;201341983&quot;:0,&quot;335551550&quot;:6,&quot;335551620&quot;:6,&quot;335559685&quot;:567,&quot;335559731&quot;:426,&quot;335559739&quot;:0,&quot;335559740&quot;:360}\">\u00a0<\/span><\/li><\/ul><ul style=\"text-align: justify\"><li data-leveltext=\"\uf0b7\" data-font=\"Symbol\" data-listid=\"2\" data-list-defn-props=\"{&quot;335552541&quot;:1,&quot;469769226&quot;:&quot;Symbol&quot;,&quot;469769242&quot;:[8226],&quot;469777803&quot;:&quot;left&quot;,&quot;469777804&quot;:&quot;\uf0b7&quot;,&quot;469777815&quot;:&quot;hybridMultilevel&quot;}\" data-aria-posinset=\"3\" data-aria-level=\"1\"><span data-contrast=\"auto\">Solicitar, sempre que considerar importante, mais informa\u00e7\u00f5es ou documentos junto do respons\u00e1vel pela identifica\u00e7\u00e3o da necessidade de medidas de suporte \u00e0 aprendizagem e \u00e0 inclus\u00e3o;\u00a0<\/span><span data-ccp-props=\"{&quot;201341983&quot;:0,&quot;335551550&quot;:6,&quot;335551620&quot;:6,&quot;335559685&quot;:567,&quot;335559731&quot;:426,&quot;335559739&quot;:0,&quot;335559740&quot;:360}\">\u00a0<\/span><\/li><\/ul><ul style=\"text-align: justify\"><li data-leveltext=\"\uf0b7\" data-font=\"Symbol\" data-listid=\"2\" data-list-defn-props=\"{&quot;335552541&quot;:1,&quot;469769226&quot;:&quot;Symbol&quot;,&quot;469769242&quot;:[8226],&quot;469777803&quot;:&quot;left&quot;,&quot;469777804&quot;:&quot;\uf0b7&quot;,&quot;469777815&quot;:&quot;hybridMultilevel&quot;}\" data-aria-posinset=\"4\" data-aria-level=\"1\"><span data-contrast=\"auto\">Solicitar, quando considerar necess\u00e1rio, avalia\u00e7\u00f5es especializadas, t\u00e9cnicas e pedag\u00f3gicas, identificando os intervenientes no processo;\u00a0<\/span><span data-ccp-props=\"{&quot;201341983&quot;:0,&quot;335551550&quot;:6,&quot;335551620&quot;:6,&quot;335559685&quot;:567,&quot;335559731&quot;:426,&quot;335559739&quot;:0,&quot;335559740&quot;:360}\">\u00a0<\/span><\/li><\/ul><ul style=\"text-align: justify\"><li data-leveltext=\"\uf0b7\" data-font=\"Symbol\" data-listid=\"2\" data-list-defn-props=\"{&quot;335552541&quot;:1,&quot;469769226&quot;:&quot;Symbol&quot;,&quot;469769242&quot;:[8226],&quot;469777803&quot;:&quot;left&quot;,&quot;469777804&quot;:&quot;\uf0b7&quot;,&quot;469777815&quot;:&quot;hybridMultilevel&quot;}\" data-aria-posinset=\"5\" data-aria-level=\"1\"><span data-contrast=\"auto\">Propor as medidas de suporte \u00e0 aprendizagem e \u00e0 inclus\u00e3o a mobilizar, em cada caso identificado;\u00a0<\/span><span data-ccp-props=\"{&quot;201341983&quot;:0,&quot;335551550&quot;:6,&quot;335551620&quot;:6,&quot;335559685&quot;:567,&quot;335559731&quot;:426,&quot;335559739&quot;:0,&quot;335559740&quot;:360}\">\u00a0<\/span><\/li><\/ul><ul style=\"text-align: justify\"><li data-leveltext=\"\uf0b7\" data-font=\"Symbol\" data-listid=\"2\" data-list-defn-props=\"{&quot;335552541&quot;:1,&quot;469769226&quot;:&quot;Symbol&quot;,&quot;469769242&quot;:[8226],&quot;469777803&quot;:&quot;left&quot;,&quot;469777804&quot;:&quot;\uf0b7&quot;,&quot;469777815&quot;:&quot;hybridMultilevel&quot;}\" data-aria-posinset=\"6\" data-aria-level=\"1\"><span data-contrast=\"auto\">Acompanhar e monitorizar a efic\u00e1cia da aplica\u00e7\u00e3o das medidas de suporte \u00e0 aprendizagem e \u00e0 inclus\u00e3o;\u00a0<\/span><span data-ccp-props=\"{&quot;201341983&quot;:0,&quot;335551550&quot;:6,&quot;335551620&quot;:6,&quot;335559685&quot;:567,&quot;335559731&quot;:426,&quot;335559739&quot;:0,&quot;335559740&quot;:360}\">\u00a0<\/span><\/li><\/ul><ul style=\"text-align: justify\"><li data-leveltext=\"\uf0b7\" data-font=\"Symbol\" data-listid=\"2\" data-list-defn-props=\"{&quot;335552541&quot;:1,&quot;469769226&quot;:&quot;Symbol&quot;,&quot;469769242&quot;:[8226],&quot;469777803&quot;:&quot;left&quot;,&quot;469777804&quot;:&quot;\uf0b7&quot;,&quot;469777815&quot;:&quot;hybridMultilevel&quot;}\" data-aria-posinset=\"7\" data-aria-level=\"1\"><span data-contrast=\"auto\">Envolver e garantir a participa\u00e7\u00e3o dos pais ou encarregados de educa\u00e7\u00e3o no processo educativo do seu educando;\u00a0<\/span><span data-ccp-props=\"{&quot;201341983&quot;:0,&quot;335551550&quot;:6,&quot;335551620&quot;:6,&quot;335559685&quot;:567,&quot;335559731&quot;:426,&quot;335559739&quot;:0,&quot;335559740&quot;:360}\">\u00a0<\/span><\/li><\/ul><ul style=\"text-align: justify\"><li data-leveltext=\"\uf0b7\" data-font=\"Symbol\" data-listid=\"2\" data-list-defn-props=\"{&quot;335552541&quot;:1,&quot;469769226&quot;:&quot;Symbol&quot;,&quot;469769242&quot;:[8226],&quot;469777803&quot;:&quot;left&quot;,&quot;469777804&quot;:&quot;\uf0b7&quot;,&quot;469777815&quot;:&quot;hybridMultilevel&quot;}\" data-aria-posinset=\"8\" data-aria-level=\"1\"><span data-contrast=\"auto\">Prestar aconselhamento aos docentes na implementa\u00e7\u00e3o de pr\u00e1ticas pedag\u00f3gicas inclusivas;\u00a0<\/span><span data-ccp-props=\"{&quot;201341983&quot;:0,&quot;335551550&quot;:6,&quot;335551620&quot;:6,&quot;335559685&quot;:567,&quot;335559731&quot;:426,&quot;335559739&quot;:0,&quot;335559740&quot;:360}\">\u00a0<\/span><\/li><\/ul><ul style=\"text-align: justify\"><li data-leveltext=\"\uf0b7\" data-font=\"Symbol\" data-listid=\"2\" data-list-defn-props=\"{&quot;335552541&quot;:1,&quot;469769226&quot;:&quot;Symbol&quot;,&quot;469769242&quot;:[8226],&quot;469777803&quot;:&quot;left&quot;,&quot;469777804&quot;:&quot;\uf0b7&quot;,&quot;469777815&quot;:&quot;hybridMultilevel&quot;}\" data-aria-posinset=\"9\" data-aria-level=\"1\"><span data-contrast=\"auto\">Elaborar o <\/span><i><span data-contrast=\"auto\">Relat\u00f3rio T\u00e9cnico Pedag\u00f3gico <\/span><\/i><span data-contrast=\"auto\">(RTP) e, se aplic\u00e1vel, o <\/span><i><span data-contrast=\"auto\">Programa Educativo Individual <\/span><\/i><span data-contrast=\"auto\">(PEI) e o <\/span><i><span data-contrast=\"auto\">Plano Individual de Transi\u00e7\u00e3o <\/span><\/i><span data-contrast=\"auto\">(PIT);\u00a0<\/span><span data-ccp-props=\"{&quot;201341983&quot;:0,&quot;335551550&quot;:6,&quot;335551620&quot;:6,&quot;335559685&quot;:567,&quot;335559731&quot;:426,&quot;335559739&quot;:0,&quot;335559740&quot;:360}\">\u00a0<\/span><\/li><\/ul><ul style=\"text-align: justify\"><li data-leveltext=\"\uf0b7\" data-font=\"Symbol\" data-listid=\"2\" data-list-defn-props=\"{&quot;335552541&quot;:1,&quot;469769226&quot;:&quot;Symbol&quot;,&quot;469769242&quot;:[8226],&quot;469777803&quot;:&quot;left&quot;,&quot;469777804&quot;:&quot;\uf0b7&quot;,&quot;469777815&quot;:&quot;hybridMultilevel&quot;}\" data-aria-posinset=\"10\" data-aria-level=\"1\"><span data-contrast=\"auto\">Articular com o CREE Ribeira Brava\/Ponta do Sol- n\u00facleo da Calheta e equipa de Interven\u00e7\u00e3o Precoce, solicitando a colabora\u00e7\u00e3o dos t\u00e9cnicos especializados para avalia\u00e7\u00e3o, interven\u00e7\u00e3o ou participa\u00e7\u00e3o na EMAEI.\u00a0<\/span><span data-ccp-props=\"{&quot;201341983&quot;:0,&quot;335551550&quot;:6,&quot;335551620&quot;:6,&quot;335559685&quot;:567,&quot;335559731&quot;:426,&quot;335559739&quot;:0,&quot;335559740&quot;:360}\">\u00a0<\/span><\/li><\/ul><p style=\"text-align: justify\"><span data-ccp-props=\"{}\">\u00a0<\/span><\/p>\t\t\t\t\t\t\t\t<\/div>\n\t\t\t\t<\/div>\n\t\t\t\t\t<\/div>\n\t\t\t\t<\/div>\n\t\t\t\t<\/div>\n\t\t","protected":false},"excerpt":{"rendered":"<p>Equipa Multidisciplinar de Apoio \u00e0 Educa\u00e7\u00e3o Inclusiva &#8211; EMAEI A Equipa Multidisciplinar de Apoio \u00e0 Educa\u00e7\u00e3o Inclusiva (EMAEI) \u00e9 uma equipa de composi\u00e7\u00e3o diversificada, que constitui um recurso educacional espec\u00edfico de apoio \u00e0 aprendizagem, tendo em vista uma leitura alargada, integrada e participada de todos os intervenientes no processo educativo.\u00a0\u00a0 Tem como fun\u00e7\u00e3o principal analisar [&hellip;]<\/p>\n","protected":false},"author":79,"featured_media":0,"parent":112,"menu_order":0,"comment_status":"closed","ping_status":"closed","template":"","meta":{"site-sidebar-layout":"no-sidebar","site-content-layout":"","ast-site-content-layout":"full-width-container","site-content-style":"default","site-sidebar-style":"default","ast-global-header-display":"","ast-banner-title-visibility":"","ast-main-header-display":"","ast-hfb-above-header-display":"","ast-hfb-below-header-display":"","ast-hfb-mobile-header-display":"","site-post-title":"disabled","ast-breadcrumbs-content":"","ast-featured-img":"disabled","footer-sml-layout":"","ast-disable-related-posts":"","theme-transparent-header-meta":"","adv-header-id-meta":"","stick-header-meta":"","header-above-stick-meta":"","header-main-stick-meta":"","header-below-stick-meta":"","astra-migrate-meta-layouts":"default","ast-page-background-enabled":"default","ast-page-background-meta":{"desktop":{"background-color":"var(--ast-global-color-4)","background-image":"","background-repeat":"repeat","background-position":"center center","background-size":"auto","background-attachment":"scroll","background-type":"","background-media":"","overlay-type":"","overlay-color":"","overlay-opacity":"","overlay-gradient":""},"tablet":{"background-color":"","background-image":"","background-repeat":"repeat","background-position":"center center","background-size":"auto","background-attachment":"scroll","background-type":"","background-media":"","overlay-type":"","overlay-color":"","overlay-opacity":"","overlay-gradient":""},"mobile":{"background-color":"","background-image":"","background-repeat":"repeat","background-position":"center center","background-size":"auto","background-attachment":"scroll","background-type":"","background-media":"","overlay-type":"","overlay-color":"","overlay-opacity":"","overlay-gradient":""}},"ast-content-background-meta":{"desktop":{"background-color":"var(--ast-global-color-5)","background-image":"","background-repeat":"repeat","background-position":"center center","background-size":"auto","background-attachment":"scroll","background-type":"","background-media":"","overlay-type":"","overlay-color":"","overlay-opacity":"","overlay-gradient":""},"tablet":{"background-color":"var(--ast-global-color-5)","background-image":"","background-repeat":"repeat","background-position":"center center","background-size":"auto","background-attachment":"scroll","background-type":"","background-media":"","overlay-type":"","overlay-color":"","overlay-opacity":"","overlay-gradient":""},"mobile":{"background-color":"var(--ast-global-color-5)","background-image":"","background-repeat":"repeat","background-position":"center center","background-size":"auto","background-attachment":"scroll","background-type":"","background-media":"","overlay-type":"","overlay-color":"","overlay-opacity":"","overlay-gradient":""}},"_themeisle_gutenberg_block_has_review":false,"footnotes":""},"class_list":["post-1822","page","type-page","status-publish","hentry"],"_links":{"self":[{"href":"https:\/\/escoladigital.madeira.gov.pt\/ebspecalheta\/wp-json\/wp\/v2\/pages\/1822","targetHints":{"allow":["GET"]}}],"collection":[{"href":"https:\/\/escoladigital.madeira.gov.pt\/ebspecalheta\/wp-json\/wp\/v2\/pages"}],"about":[{"href":"https:\/\/escoladigital.madeira.gov.pt\/ebspecalheta\/wp-json\/wp\/v2\/types\/page"}],"author":[{"embeddable":true,"href":"https:\/\/escoladigital.madeira.gov.pt\/ebspecalheta\/wp-json\/wp\/v2\/users\/79"}],"replies":[{"embeddable":true,"href":"https:\/\/escoladigital.madeira.gov.pt\/ebspecalheta\/wp-json\/wp\/v2\/comments?post=1822"}],"version-history":[{"count":5,"href":"https:\/\/escoladigital.madeira.gov.pt\/ebspecalheta\/wp-json\/wp\/v2\/pages\/1822\/revisions"}],"predecessor-version":[{"id":1828,"href":"https:\/\/escoladigital.madeira.gov.pt\/ebspecalheta\/wp-json\/wp\/v2\/pages\/1822\/revisions\/1828"}],"up":[{"embeddable":true,"href":"https:\/\/escoladigital.madeira.gov.pt\/ebspecalheta\/wp-json\/wp\/v2\/pages\/112"}],"wp:attachment":[{"href":"https:\/\/escoladigital.madeira.gov.pt\/ebspecalheta\/wp-json\/wp\/v2\/media?parent=1822"}],"curies":[{"name":"wp","href":"https:\/\/api.w.org\/{rel}","templated":true}]}}