{"id":189,"date":"2024-02-13T18:10:51","date_gmt":"2024-02-13T18:10:51","guid":{"rendered":"https:\/\/escoladigital.madeira.gov.pt\/ebspecalheta\/?page_id=189"},"modified":"2025-01-07T09:51:52","modified_gmt":"2025-01-07T09:51:52","slug":"manuais-escolares","status":"publish","type":"page","link":"https:\/\/escoladigital.madeira.gov.pt\/ebspecalheta\/manuais-escolares\/","title":{"rendered":"Manuais Escolares"},"content":{"rendered":"\t\t<div data-elementor-type=\"wp-page\" data-elementor-id=\"189\" class=\"elementor elementor-189\">\n\t\t\t\t<div class=\"elementor-element elementor-element-a92dcf5 e-flex e-con-boxed e-con e-parent\" data-id=\"a92dcf5\" data-element_type=\"container\" data-e-type=\"container\">\n\t\t\t\t\t<div class=\"e-con-inner\">\n\t\t\t\t<div class=\"elementor-element elementor-element-d95e9df elementor-widget elementor-widget-text-editor\" data-id=\"d95e9df\" data-element_type=\"widget\" data-e-type=\"widget\" data-widget_type=\"text-editor.default\">\n\t\t\t\t<div class=\"elementor-widget-container\">\n\t\t\t\t\t\t\t\t\t<h2 style=\"margin-bottom: 1.25rem;font-weight: 500;line-height: 1.2;font-size: 1.375rem;color: #000000;font-family: system-ui, -apple-system, 'Segoe UI', Roboto, 'Helvetica Neue', Arial, 'Noto Sans', 'Liberation Sans', sans-serif, 'Apple Color Emoji', 'Segoe UI Emoji', 'Segoe UI Symbol', 'Noto Color Emoji';font-style: normal\"><a style=\"color: #0b529e\" href=\"https:\/\/www.ebscalheta.net\/ebscalheta\/index.php\/servicos\/ase\/manuais-escolares\/82-regulamento-2\">Regulamento<\/a><\/h2>\n<div><span style=\"color: #000000;font-family: system-ui, -apple-system, 'Segoe UI', Roboto, 'Helvetica Neue', Arial, 'Noto Sans', 'Liberation Sans', sans-serif, 'Apple Color Emoji', 'Segoe UI Emoji', 'Segoe UI Symbol', 'Noto Color Emoji';font-size: 13.008px\">01 mar\u00e7o 2019<\/span><\/div>\n<div>\n<p style=\"margin-bottom: 1rem;color: #000000;font-family: system-ui, -apple-system, 'Segoe UI', Roboto, 'Helvetica Neue', Arial, 'Noto Sans', 'Liberation Sans', sans-serif, 'Apple Color Emoji', 'Segoe UI Emoji', 'Segoe UI Symbol', 'Noto Color Emoji';font-size: 16px;font-style: normal;font-weight: 400;text-align: justify\"><span style=\"font-size: 11pt\">No \u00e2mbito dos benef\u00edcios da A\u00e7\u00e3o Social Educativa a escola, nos termos da na Portaria n.\u00ba 202\/2018 de 28 de junho e respectiva Declara\u00e7\u00e3o de rectifica\u00e7\u00e3o n.\u00ba 8\/2018 publicada no JORAM I s\u00e9rie\u00a0 n\u00ba 104 de 5 de julho e Portaria n\u00ba 2\/2019 de 2 de janeiro , apoia os alunos na aquisi\u00e7\u00e3o de manuais\/livros \u00a0escolares obrigat\u00f3rios;<\/span><\/p>\n<p style=\"margin-bottom: 1rem;color: #000000;font-family: system-ui, -apple-system, 'Segoe UI', Roboto, 'Helvetica Neue', Arial, 'Noto Sans', 'Liberation Sans', sans-serif, 'Apple Color Emoji', 'Segoe UI Emoji', 'Segoe UI Symbol', 'Noto Color Emoji';font-size: 16px;font-style: normal;font-weight: 400;text-align: justify\"><span style=\"font-size: 11pt\">O apoio na aquisi\u00e7\u00e3o de manuais \u00e9 atribu\u00eddo, em regra, em esp\u00e9cie, considerando o estipulado na na Portaria n.\u00ba 202\/2018 de 28 de junho e respectiva Declara\u00e7\u00e3o de rectifica\u00e7\u00e3o n.\u00ba 8\/2018 publicada no JORAM I s\u00e9rie\u00a0 n\u00ba 104 de 5 de julho e Portaria n\u00ba 2\/2019 de 2 de janeiro.<\/span><\/p>\n<p style=\"margin-bottom: 1rem;color: #000000;font-family: system-ui, -apple-system, 'Segoe UI', Roboto, 'Helvetica Neue', Arial, 'Noto Sans', 'Liberation Sans', sans-serif, 'Apple Color Emoji', 'Segoe UI Emoji', 'Segoe UI Symbol', 'Noto Color Emoji';font-size: 16px;font-style: normal;font-weight: 400;text-align: justify\"><span style=\"font-size: 11pt\">A comparticipa\u00e7\u00e3o m\u00e1xima da ASE na aquisi\u00e7\u00e3o de manuais\/livros obrigat\u00f3rios para os 1\u00ba,2\u00ba, 3\u00ba Ciclos e Ensino Secund\u00e1rio no ano letivo 2019\/2020 \u00e9 a seguinte:<\/span><\/p>\n<\/div>\t\t\t\t\t\t\t\t<\/div>\n\t\t\t\t<\/div>\n\t\t\t\t\t<\/div>\n\t\t\t\t<\/div>\n\t\t<div class=\"elementor-element elementor-element-14f36b0 e-flex e-con-boxed e-con e-parent\" data-id=\"14f36b0\" data-element_type=\"container\" data-e-type=\"container\">\n\t\t\t\t\t<div class=\"e-con-inner\">\n\t\t\t\t<div class=\"elementor-element elementor-element-f480f8f elementor-widget elementor-widget-text-editor\" data-id=\"f480f8f\" data-element_type=\"widget\" data-e-type=\"widget\" data-widget_type=\"text-editor.default\">\n\t\t\t\t<div class=\"elementor-widget-container\">\n\t\t\t\t\t\t\t\t\t<table border=\"2\" width=\"580\" cellspacing=\"1\" cellpadding=\"1\">\n<tbody>\n<tr>\n<td rowspan=\"2\" width=\"106\">\n<p><strong>Escal\u00f5es<\/strong><\/p>\n<\/td>\n<td colspan=\"3\" width=\"284\">\n<p><strong>1\u00ba Ciclo<\/strong><\/p>\n<\/td>\n<td rowspan=\"2\" width=\"89\">\n<p><strong>2.\u00ba ciclo<\/strong><\/p>\n<\/td>\n<td rowspan=\"2\" width=\"117\">\n<p><strong>3.\u00ba ciclo e secund\u00e1rio<\/strong><\/p>\n<\/td>\n<\/tr>\n<tr>\n<td width=\"123\">\n<p><strong>1\u00ba e 2\u00ba ano<\/strong><\/p>\n<\/td>\n<td width=\"76\">\n<p><strong>3\u00ba e 4\u00ba ano<\/strong><\/p>\n<\/td>\n<td width=\"85\">\n<p><strong>\u00a0<\/strong><\/p>\n<\/td>\n<\/tr>\n<tr>\n<td width=\"106\">\n<p><strong>Escal\u00e3o 0<\/strong><\/p>\n<\/td>\n<td width=\"123\">\n<p>n. a.<\/p>\n<\/td>\n<td width=\"76\">\n<p>n. a.<\/p>\n<\/td>\n<td width=\"85\">\n<p>n. a.<\/p>\n<\/td>\n<td width=\"89\">\n<p>192,41 \u20ac<\/p>\n<\/td>\n<td width=\"117\">\n<p>219,89 \u20ac<\/p>\n<\/td>\n<\/tr>\n<tr>\n<td width=\"106\">\n<p><strong>Escal\u00e3o 1<\/strong><\/p>\n<\/td>\n<td width=\"123\">\n<p>54,98 \u20ac<\/p>\n<\/td>\n<td width=\"76\">\n<p>66,09 \u20ac<\/p>\n<\/td>\n<td width=\"85\">\n<p>Pac. ME<\/p>\n<\/td>\n<td width=\"89\">\n<p>164,91 \u20ac<\/p>\n<\/td>\n<td width=\"117\">\n<p>192,41 \u20ac<\/p>\n<\/td>\n<\/tr>\n<tr>\n<td width=\"106\">\n<p><strong>Escal\u00e3o 2<\/strong><\/p>\n<\/td>\n<td width=\"123\">\n<p>54,98 \u20ac<\/p>\n<\/td>\n<td width=\"76\">\n<p>66,09 \u20ac<\/p>\n<\/td>\n<td width=\"85\">\n<p>Pac. ME<\/p>\n<\/td>\n<td width=\"89\">\n<p>82,46 \u20ac<\/p>\n<\/td>\n<td width=\"117\">\n<p>109,94 \u20ac<\/p>\n<\/td>\n<\/tr>\n<tr>\n<td width=\"106\">\n<p><strong>Escal\u00e3o 3<\/strong><\/p>\n<\/td>\n<td width=\"123\">\n<p>54,98 \u20ac<\/p>\n<\/td>\n<td width=\"76\">\n<p>66,09 \u20ac<\/p>\n<\/td>\n<td width=\"85\">\n<p>Pac. ME<\/p>\n<\/td>\n<td width=\"89\">\n<p>54,98 \u20ac<\/p>\n<\/td>\n<td width=\"117\">\n<p>82,46 \u20ac<\/p>\n<\/td>\n<\/tr>\n<tr>\n<td width=\"106\">\n<p><strong>Restantes<\/strong><\/p>\n<\/td>\n<td width=\"123\">\n<p>\u00a0<\/p>\n<\/td>\n<td width=\"76\">\n<p>\u00a0<\/p>\n<\/td>\n<td width=\"85\">\n<p>\u00a0<\/p>\n<\/td>\n<td width=\"89\">\n<p>0,00 \u20ac<\/p>\n<\/td>\n<td width=\"117\">\n<p>0,00 \u20ac<\/p>\n<\/td>\n<\/tr>\n<\/tbody>\n<\/table>\t\t\t\t\t\t\t\t<\/div>\n\t\t\t\t<\/div>\n\t\t\t\t\t<\/div>\n\t\t\t\t<\/div>\n\t\t<div class=\"elementor-element elementor-element-b940bd5 e-flex e-con-boxed e-con e-parent\" data-id=\"b940bd5\" data-element_type=\"container\" data-e-type=\"container\">\n\t\t\t\t\t<div class=\"e-con-inner\">\n\t\t\t\t<div class=\"elementor-element elementor-element-c4d8618 elementor-widget elementor-widget-text-editor\" data-id=\"c4d8618\" data-element_type=\"widget\" data-e-type=\"widget\" data-widget_type=\"text-editor.default\">\n\t\t\t\t<div class=\"elementor-widget-container\">\n\t\t\t\t\t\t\t\t\t<p>ME- Material escolar<\/p>\n<p>\u00a0<\/p>\n<p>A Lista dos Manuais a distribuir aos alunos \u00e9 determinado pela escola e dada a conhecer aos mesmos pelos meios consideradas mais adequados;<\/p>\n<p>A distribui\u00e7\u00e3o dos manuais ser\u00e1 feita pela ordem de chegada, no posto de carregamento da escola ou outro local a determinar pelo Conselho Executivo, em regra, antes do in\u00edcio do ano letivo, em data a definir anualmente.<\/p>\n<p>No ato da distribui\u00e7\u00e3o, cada aluno\/encarregado de educa\u00e7\u00e3o preenche e assina uma declara\u00e7\u00e3o onde consta a lista de manuais que lhe forem entregues, em fun\u00e7\u00e3o do respetivo escal\u00e3o e da aplica\u00e7\u00e3o do sistema de empr\u00e9stimo de manuais implementado pela escola.<\/p>\n<p>No final do ano letivo, os alunos apoiados pela ASE ter\u00e3o de devolver os manuais que lhes foram emprestados em condi\u00e7\u00f5es de serem reutilizados.<\/p>\t\t\t\t\t\t\t\t<\/div>\n\t\t\t\t<\/div>\n\t\t\t\t\t<\/div>\n\t\t\t\t<\/div>\n\t\t\t\t<\/div>\n\t\t","protected":false},"excerpt":{"rendered":"<p>Regulamento 01 mar\u00e7o 2019 No \u00e2mbito dos benef\u00edcios da A\u00e7\u00e3o Social Educativa a escola, nos termos da na Portaria n.\u00ba 202\/2018 de 28 de junho e respectiva Declara\u00e7\u00e3o de rectifica\u00e7\u00e3o n.\u00ba 8\/2018 publicada no JORAM I s\u00e9rie\u00a0 n\u00ba 104 de 5 de julho e Portaria n\u00ba 2\/2019 de 2 de janeiro , apoia os alunos [&hellip;]<\/p>\n","protected":false},"author":4,"featured_media":0,"parent":0,"menu_order":0,"comment_status":"closed","ping_status":"closed","template":"","meta":{"site-sidebar-layout":"no-sidebar","site-content-layout":"","ast-site-content-layout":"full-width-container","site-content-style":"default","site-sidebar-style":"default","ast-global-header-display":"","ast-banner-title-visibility":"","ast-main-header-display":"","ast-hfb-above-header-display":"","ast-hfb-below-header-display":"","ast-hfb-mobile-header-display":"","site-post-title":"disabled","ast-breadcrumbs-content":"","ast-featured-img":"disabled","footer-sml-layout":"","ast-disable-related-posts":"","theme-transparent-header-meta":"","adv-header-id-meta":"","stick-header-meta":"","header-above-stick-meta":"","header-main-stick-meta":"","header-below-stick-meta":"","astra-migrate-meta-layouts":"default","ast-page-background-enabled":"default","ast-page-background-meta":{"desktop":{"background-color":"var(--ast-global-color-4)","background-image":"","background-repeat":"repeat","background-position":"center center","background-size":"auto","background-attachment":"scroll","background-type":"","background-media":"","overlay-type":"","overlay-color":"","overlay-opacity":"","overlay-gradient":""},"tablet":{"background-color":"","background-image":"","background-repeat":"repeat","background-position":"center center","background-size":"auto","background-attachment":"scroll","background-type":"","background-media":"","overlay-type":"","overlay-color":"","overlay-opacity":"","overlay-gradient":""},"mobile":{"background-color":"","background-image":"","background-repeat":"repeat","background-position":"center center","background-size":"auto","background-attachment":"scroll","background-type":"","background-media":"","overlay-type":"","overlay-color":"","overlay-opacity":"","overlay-gradient":""}},"ast-content-background-meta":{"desktop":{"background-color":"var(--ast-global-color-5)","background-image":"","background-repeat":"repeat","background-position":"center center","background-size":"auto","background-attachment":"scroll","background-type":"","background-media":"","overlay-type":"","overlay-color":"","overlay-opacity":"","overlay-gradient":""},"tablet":{"background-color":"var(--ast-global-color-5)","background-image":"","background-repeat":"repeat","background-position":"center center","background-size":"auto","background-attachment":"scroll","background-type":"","background-media":"","overlay-type":"","overlay-color":"","overlay-opacity":"","overlay-gradient":""},"mobile":{"background-color":"var(--ast-global-color-5)","background-image":"","background-repeat":"repeat","background-position":"center center","background-size":"auto","background-attachment":"scroll","background-type":"","background-media":"","overlay-type":"","overlay-color":"","overlay-opacity":"","overlay-gradient":""}},"_themeisle_gutenberg_block_has_review":false,"footnotes":""},"class_list":["post-189","page","type-page","status-publish","hentry"],"_links":{"self":[{"href":"https:\/\/escoladigital.madeira.gov.pt\/ebspecalheta\/wp-json\/wp\/v2\/pages\/189","targetHints":{"allow":["GET"]}}],"collection":[{"href":"https:\/\/escoladigital.madeira.gov.pt\/ebspecalheta\/wp-json\/wp\/v2\/pages"}],"about":[{"href":"https:\/\/escoladigital.madeira.gov.pt\/ebspecalheta\/wp-json\/wp\/v2\/types\/page"}],"author":[{"embeddable":true,"href":"https:\/\/escoladigital.madeira.gov.pt\/ebspecalheta\/wp-json\/wp\/v2\/users\/4"}],"replies":[{"embeddable":true,"href":"https:\/\/escoladigital.madeira.gov.pt\/ebspecalheta\/wp-json\/wp\/v2\/comments?post=189"}],"version-history":[{"count":5,"href":"https:\/\/escoladigital.madeira.gov.pt\/ebspecalheta\/wp-json\/wp\/v2\/pages\/189\/revisions"}],"predecessor-version":[{"id":1115,"href":"https:\/\/escoladigital.madeira.gov.pt\/ebspecalheta\/wp-json\/wp\/v2\/pages\/189\/revisions\/1115"}],"wp:attachment":[{"href":"https:\/\/escoladigital.madeira.gov.pt\/ebspecalheta\/wp-json\/wp\/v2\/media?parent=189"}],"curies":[{"name":"wp","href":"https:\/\/api.w.org\/{rel}","templated":true}]}}