{"id":193,"date":"2024-02-13T18:10:51","date_gmt":"2024-02-13T18:10:51","guid":{"rendered":"https:\/\/escoladigital.madeira.gov.pt\/ebspecalheta\/?page_id=193"},"modified":"2025-10-13T16:20:27","modified_gmt":"2025-10-13T16:20:27","slug":"horarios-dos-servicos","status":"publish","type":"page","link":"https:\/\/escoladigital.madeira.gov.pt\/ebspecalheta\/horarios-dos-servicos\/","title":{"rendered":"Hor\u00e1rios"},"content":{"rendered":"\t\t<div data-elementor-type=\"wp-page\" data-elementor-id=\"193\" class=\"elementor elementor-193\">\n\t\t\t\t<div class=\"elementor-element elementor-element-c3de3ed e-flex e-con-boxed e-con e-parent\" data-id=\"c3de3ed\" data-element_type=\"container\" data-e-type=\"container\">\n\t\t\t\t\t<div class=\"e-con-inner\">\n\t\t\t\t<div class=\"elementor-element elementor-element-97836cb elementor-widget elementor-widget-heading\" data-id=\"97836cb\" data-element_type=\"widget\" data-e-type=\"widget\" data-widget_type=\"heading.default\">\n\t\t\t\t<div class=\"elementor-widget-container\">\n\t\t\t\t\t<h1 class=\"elementor-heading-title elementor-size-default\">Hor\u00e1rios<\/h1>\t\t\t\t<\/div>\n\t\t\t\t<\/div>\n\t\t\t\t\t<\/div>\n\t\t\t\t<\/div>\n\t\t<div class=\"elementor-element elementor-element-871166c e-flex e-con-boxed e-con e-parent\" data-id=\"871166c\" data-element_type=\"container\" data-e-type=\"container\">\n\t\t\t\t\t<div class=\"e-con-inner\">\n\t\t\t\t<div class=\"elementor-element elementor-element-b2d4290 elementor-widget elementor-widget-text-editor\" data-id=\"b2d4290\" data-element_type=\"widget\" data-e-type=\"widget\" data-widget_type=\"text-editor.default\">\n\t\t\t\t<div class=\"elementor-widget-container\">\n\t\t\t\t\t\t\t\t\t<h2 style=\"text-align: center\"><strong>Hor\u00e1rios dos Servi\u00e7os<\/strong><\/h2>\t\t\t\t\t\t\t\t<\/div>\n\t\t\t\t<\/div>\n\t\t\t\t\t<\/div>\n\t\t\t\t<\/div>\n\t\t<div class=\"elementor-element elementor-element-09a5f53 e-flex e-con-boxed e-con e-parent\" data-id=\"09a5f53\" data-element_type=\"container\" data-e-type=\"container\">\n\t\t\t\t\t<div class=\"e-con-inner\">\n\t\t\t\t<div class=\"elementor-element elementor-element-6ca5797 elementor-widget elementor-widget-text-editor\" data-id=\"6ca5797\" data-element_type=\"widget\" data-e-type=\"widget\" data-widget_type=\"text-editor.default\">\n\t\t\t\t<div class=\"elementor-widget-container\">\n\t\t\t\t\t\t\t\t\t<h3 style=\"text-align: center\"><strong>Polo da Calheta 2\u00ba, 3\u00ba ciclos e secund\u00e1rio<\/strong><\/h3>\t\t\t\t\t\t\t\t<\/div>\n\t\t\t\t<\/div>\n\t\t\t\t\t<\/div>\n\t\t\t\t<\/div>\n\t\t<div class=\"elementor-element elementor-element-254b632 e-flex e-con-boxed e-con e-parent\" data-id=\"254b632\" data-element_type=\"container\" data-e-type=\"container\">\n\t\t\t\t\t<div class=\"e-con-inner\">\n\t\t\t\t<div class=\"elementor-element elementor-element-86eb9f9 elementor-widget elementor-widget-text-editor\" data-id=\"86eb9f9\" data-element_type=\"widget\" data-e-type=\"widget\" data-widget_type=\"text-editor.default\">\n\t\t\t\t<div class=\"elementor-widget-container\">\n\t\t\t\t\t\t\t\t\t<table style=\"border-collapse: collapse;width: 100%;text-align: left;font-family: Arial, sans-serif;border: 2px solid #517FAA\"><thead><tr style=\"background-color: #517faa;color: white\"><th style=\"border: 1px solid black;padding: 8px\">Servi\u00e7o<\/th><th style=\"border: 1px solid black;padding: 8px\">Hor\u00e1rio de funcionamento<\/th><th style=\"border: 1px solid black;padding: 8px\">Hor\u00e1rio de atendimento<\/th><\/tr><\/thead><tbody><tr style=\"background-color: #f2f2f2\"><td style=\"border: 1px solid black;padding: 8px\">Portaria<\/td><td style=\"border: 1px solid black;padding: 8px\">07:00 \u2013 20:30<\/td><td style=\"border: 1px solid black;padding: 8px\">07:00 \u2013 20:30<\/td><\/tr><tr><td style=\"border: 1px solid black;padding: 8px\">Bufete alunos<\/td><td style=\"border: 1px solid black;padding: 8px\">07:00 \u2013 17:30<\/td><td style=\"border: 1px solid black;padding: 8px\">07:45 \u2013 17:05 20:00 \u2013 21:00<\/td><\/tr><tr style=\"background-color: #f2f2f2\"><td style=\"border: 1px solid black;padding: 8px\">Reprografia<\/td><td style=\"border: 1px solid black;padding: 8px\">08:00 -12:00 e 13:00 -17:00<\/td><td style=\"border: 1px solid black;padding: 8px\">08:00 -12:00 e 13:00 -17:00<\/td><\/tr><tr><td style=\"border: 1px solid black;padding: 8px\">Bufete professores\/comunidade escolar<\/td><td style=\"border: 1px solid black;padding: 8px\">08:00 &#8211; 18:00<\/td><td style=\"border: 1px solid black;padding: 8px\">08:30 \u2013 17:30<\/td><\/tr><tr style=\"background-color: #f2f2f2\"><td style=\"border: 1px solid black;padding: 8px\">Posto de carregamentos<\/td><td style=\"border: 1px solid black;padding: 8px\">08:00 &#8211; 17:00<\/td><td style=\"border: 1px solid black;padding: 8px\">08:00 \u2013 17:00<\/td><\/tr><tr><td style=\"border: 1px solid black;padding: 8px\">Telefone<\/td><td style=\"border: 1px solid black;padding: 8px\">08:00 &#8211; 19:00<\/td><td style=\"border: 1px solid black;padding: 8px\">08:00 \u2013 19:00<\/td><\/tr><tr style=\"background-color: #f2f2f2\"><td style=\"border: 1px solid black;padding: 8px\">Biblioteca<\/td><td style=\"border: 1px solid black;padding: 8px\">08:00 &#8211; 17:00<\/td><td style=\"border: 1px solid black;padding: 8px\">08:00 \u2013 17:00<\/td><\/tr><tr><td style=\"border: 1px solid black;padding: 8px\">Cantina<\/td><td style=\"border: 1px solid black;padding: 8px\">08:30 \u2013 17:00<\/td><td style=\"border: 1px solid black;padding: 8px\">Lanche 09:45 \u2013 10:10 Almo\u00e7o 12:30 \u2013 14:00 Lanche 16:45 \u2013 17:05<\/td><\/tr><tr style=\"background-color: #f2f2f2\"><td style=\"border: 1px solid black;padding: 8px\">Servi\u00e7os de administra\u00e7\u00e3o escolar<\/td><td style=\"border: 1px solid black;padding: 8px\">08:30 \u2013 17:30<\/td><td style=\"border: 1px solid black;padding: 8px\">09:00 \u2013 17:00<\/td><\/tr><tr><td style=\"border: 1px solid black;padding: 8px\">Atividades escolares<\/td><td style=\"border: 1px solid black;padding: 8px\" colspan=\"2\" align=\"center\">08:15 \u2013 18:35<\/td><\/tr><\/tbody><\/table>\t\t\t\t\t\t\t\t<\/div>\n\t\t\t\t<\/div>\n\t\t\t\t\t<\/div>\n\t\t\t\t<\/div>\n\t\t<div class=\"elementor-element elementor-element-8c32092 e-flex e-con-boxed e-con e-parent\" data-id=\"8c32092\" data-element_type=\"container\" data-e-type=\"container\">\n\t\t\t\t\t<div class=\"e-con-inner\">\n\t\t\t\t<div class=\"elementor-element elementor-element-1957d76 elementor-widget elementor-widget-spacer\" data-id=\"1957d76\" data-element_type=\"widget\" data-e-type=\"widget\" data-widget_type=\"spacer.default\">\n\t\t\t\t<div class=\"elementor-widget-container\">\n\t\t\t\t\t\t\t<div class=\"elementor-spacer\">\n\t\t\t<div class=\"elementor-spacer-inner\"><\/div>\n\t\t<\/div>\n\t\t\t\t\t\t<\/div>\n\t\t\t\t<\/div>\n\t\t\t\t\t<\/div>\n\t\t\t\t<\/div>\n\t\t<div class=\"elementor-element elementor-element-959b6ff e-flex e-con-boxed e-con e-parent\" data-id=\"959b6ff\" data-element_type=\"container\" data-e-type=\"container\">\n\t\t\t\t\t<div class=\"e-con-inner\">\n\t\t\t\t<div class=\"elementor-element elementor-element-be346c7 elementor-widget elementor-widget-text-editor\" data-id=\"be346c7\" data-element_type=\"widget\" data-e-type=\"widget\" data-widget_type=\"text-editor.default\">\n\t\t\t\t<div class=\"elementor-widget-container\">\n\t\t\t\t\t\t\t\t\t<h3 style=\"text-align: center\"><strong>\u00a0Polo da Faj\u00e3 &#8211; pr\u00e9-escolar, 1\u00ba, 2\u00ba e 3\u00ba ciclos<\/strong><\/h3>\t\t\t\t\t\t\t\t<\/div>\n\t\t\t\t<\/div>\n\t\t\t\t\t<\/div>\n\t\t\t\t<\/div>\n\t\t<div class=\"elementor-element elementor-element-61ee22c e-flex e-con-boxed e-con e-parent\" data-id=\"61ee22c\" data-element_type=\"container\" data-e-type=\"container\">\n\t\t\t\t\t<div class=\"e-con-inner\">\n\t\t\t\t<div class=\"elementor-element elementor-element-3195860 elementor-widget elementor-widget-text-editor\" data-id=\"3195860\" data-element_type=\"widget\" data-e-type=\"widget\" data-widget_type=\"text-editor.default\">\n\t\t\t\t<div class=\"elementor-widget-container\">\n\t\t\t\t\t\t\t\t\t<table style=\"border-collapse: collapse;width: 100%;text-align: left;font-family: Arial, sans-serif;border: 2px solid #517FAA\">\n<thead>\n<tr style=\"background-color: #517faa;color: white\">\n<th style=\"border: 1px solid black;padding: 8px\">Servi\u00e7o<\/th>\n<th style=\"border: 1px solid black;padding: 8px\">Hor\u00e1rio de funcionamento<\/th>\n<th style=\"border: 1px solid black;padding: 8px\">Hor\u00e1rio de atendimento<\/th>\n<\/tr>\n<\/thead>\n<tbody>\n<tr style=\"background-color: #f2f2f2\">\n<td style=\"border: 1px solid black;padding: 8px\">Portaria<\/td>\n<td style=\"border: 1px solid black;padding: 8px\">07:30 \u2013 18:30<\/td>\n<td style=\"border: 1px solid black;padding: 8px\">07:30 \u2013 18:30<\/td>\n<\/tr>\n<tr>\n<td style=\"border: 1px solid black;padding: 8px\">Cantina<\/td>\n<td style=\"border: 1px solid black;padding: 8px\">09:00 \u2013 17:05<\/td>\n<td style=\"border: 1px solid black;padding: 8px\">Lanche 09:45 \u2013 10:45\nAlmo\u00e7o 13:00 \u2013 14:20\nLanche 16:30 \u2013 17:05<\/td>\n<\/tr>\n<tr style=\"background-color: #f2f2f2\">\n<td style=\"border: 1px solid black;padding: 8px\">Bufete professores\/alunos\/ comunidade escolar<\/td>\n<td style=\"border: 1px solid black;padding: 8px\">09:00 &#8211; 17:15<\/td>\n<td style=\"border: 1px solid black;padding: 8px\">09:45 \u2013 17:00<\/td>\n<\/tr>\n<tr>\n<td style=\"border: 1px solid black;padding: 8px\">Reprografia<\/td>\n<td style=\"border: 1px solid black;padding: 8px\">09:00-12:00 e 13:15-17:15<\/td>\n<td style=\"border: 1px solid black;padding: 8px\">09:00-12:00 e 13:15-17:05<\/td>\n<\/tr>\n<tr style=\"background-color: #f2f2f2\">\n<td style=\"border: 1px solid black;padding: 8px\">Servi\u00e7os de administra\u00e7\u00e3o escolar<\/td>\n<td style=\"border: 1px solid black;padding: 8px\">09:00 \u2013 17:30<\/td>\n<td style=\"border: 1px solid black;padding: 8px\">09:00 \u2013 17:00<\/td>\n<\/tr>\n<tr>\n<td style=\"border: 1px solid black;padding: 8px\">Telefone<\/td>\n<td style=\"border: 1px solid black;padding: 8px\">09:00 &#8211; 17:00<\/td>\n<td style=\"border: 1px solid black;padding: 8px\">09:00 &#8211; 17:00<\/td>\n<\/tr>\n<tr style=\"background-color: #f2f2f2\">\n<td style=\"border: 1px solid black;padding: 8px\">Biblioteca<\/td>\n<td style=\"border: 1px solid black;padding: 8px\">09:00 \u2013 15:30<\/td>\n<td style=\"border: 1px solid black;padding: 8px\">09:00 \u2013 15:30<\/td>\n<\/tr>\n<tr>\n<td style=\"border: 1px solid black;padding: 8px\">Atividades escolares<\/td>\n<td style=\"border: 1px solid black;padding: 8px\" colspan=\"2\">\n<p style=\"text-align: center\">Pr\u00e9-escolar e 1\u00ba ciclo \u2013 08:30 \u2013 18:30<\/p>\n<p style=\"text-align: center\">2\u00ba e 3\u00ba ciclos \u2013 08:15 \u2013 17:50<\/p>\n<\/td>\n<\/tr>\n<\/tbody>\n<\/table>\t\t\t\t\t\t\t\t<\/div>\n\t\t\t\t<\/div>\n\t\t\t\t\t<\/div>\n\t\t\t\t<\/div>\n\t\t\t\t<\/div>\n\t\t","protected":false},"excerpt":{"rendered":"<p>Hor\u00e1rios Hor\u00e1rios dos Servi\u00e7os Polo da Calheta 2\u00ba, 3\u00ba ciclos e secund\u00e1rio Servi\u00e7o Hor\u00e1rio de funcionamento Hor\u00e1rio de atendimento Portaria 07:00 \u2013 20:30 07:00 \u2013 20:30 Bufete alunos 07:00 \u2013 17:30 07:45 \u2013 17:05 20:00 \u2013 21:00 Reprografia 08:00 -12:00 e 13:00 -17:00 08:00 -12:00 e 13:00 -17:00 Bufete professores\/comunidade escolar 08:00 &#8211; 18:00 08:30 [&hellip;]<\/p>\n","protected":false},"author":4,"featured_media":0,"parent":0,"menu_order":0,"comment_status":"closed","ping_status":"closed","template":"","meta":{"site-sidebar-layout":"default","site-content-layout":"","ast-site-content-layout":"default","site-content-style":"default","site-sidebar-style":"default","ast-global-header-display":"","ast-banner-title-visibility":"","ast-main-header-display":"","ast-hfb-above-header-display":"","ast-hfb-below-header-display":"","ast-hfb-mobile-header-display":"","site-post-title":"","ast-breadcrumbs-content":"","ast-featured-img":"","footer-sml-layout":"","ast-disable-related-posts":"","theme-transparent-header-meta":"","adv-header-id-meta":"","stick-header-meta":"","header-above-stick-meta":"","header-main-stick-meta":"","header-below-stick-meta":"","astra-migrate-meta-layouts":"default","ast-page-background-enabled":"default","ast-page-background-meta":{"desktop":{"background-color":"var(--ast-global-color-4)","background-image":"","background-repeat":"repeat","background-position":"center center","background-size":"auto","background-attachment":"scroll","background-type":"","background-media":"","overlay-type":"","overlay-color":"","overlay-opacity":"","overlay-gradient":""},"tablet":{"background-color":"","background-image":"","background-repeat":"repeat","background-position":"center center","background-size":"auto","background-attachment":"scroll","background-type":"","background-media":"","overlay-type":"","overlay-color":"","overlay-opacity":"","overlay-gradient":""},"mobile":{"background-color":"","background-image":"","background-repeat":"repeat","background-position":"center center","background-size":"auto","background-attachment":"scroll","background-type":"","background-media":"","overlay-type":"","overlay-color":"","overlay-opacity":"","overlay-gradient":""}},"ast-content-background-meta":{"desktop":{"background-color":"var(--ast-global-color-5)","background-image":"","background-repeat":"repeat","background-position":"center center","background-size":"auto","background-attachment":"scroll","background-type":"","background-media":"","overlay-type":"","overlay-color":"","overlay-opacity":"","overlay-gradient":""},"tablet":{"background-color":"var(--ast-global-color-5)","background-image":"","background-repeat":"repeat","background-position":"center center","background-size":"auto","background-attachment":"scroll","background-type":"","background-media":"","overlay-type":"","overlay-color":"","overlay-opacity":"","overlay-gradient":""},"mobile":{"background-color":"var(--ast-global-color-5)","background-image":"","background-repeat":"repeat","background-position":"center center","background-size":"auto","background-attachment":"scroll","background-type":"","background-media":"","overlay-type":"","overlay-color":"","overlay-opacity":"","overlay-gradient":""}},"_themeisle_gutenberg_block_has_review":false,"footnotes":""},"class_list":["post-193","page","type-page","status-publish","hentry"],"_links":{"self":[{"href":"https:\/\/escoladigital.madeira.gov.pt\/ebspecalheta\/wp-json\/wp\/v2\/pages\/193","targetHints":{"allow":["GET"]}}],"collection":[{"href":"https:\/\/escoladigital.madeira.gov.pt\/ebspecalheta\/wp-json\/wp\/v2\/pages"}],"about":[{"href":"https:\/\/escoladigital.madeira.gov.pt\/ebspecalheta\/wp-json\/wp\/v2\/types\/page"}],"author":[{"embeddable":true,"href":"https:\/\/escoladigital.madeira.gov.pt\/ebspecalheta\/wp-json\/wp\/v2\/users\/4"}],"replies":[{"embeddable":true,"href":"https:\/\/escoladigital.madeira.gov.pt\/ebspecalheta\/wp-json\/wp\/v2\/comments?post=193"}],"version-history":[{"count":53,"href":"https:\/\/escoladigital.madeira.gov.pt\/ebspecalheta\/wp-json\/wp\/v2\/pages\/193\/revisions"}],"predecessor-version":[{"id":4372,"href":"https:\/\/escoladigital.madeira.gov.pt\/ebspecalheta\/wp-json\/wp\/v2\/pages\/193\/revisions\/4372"}],"wp:attachment":[{"href":"https:\/\/escoladigital.madeira.gov.pt\/ebspecalheta\/wp-json\/wp\/v2\/media?parent=193"}],"curies":[{"name":"wp","href":"https:\/\/api.w.org\/{rel}","templated":true}]}}