{"id":202,"date":"2024-02-13T18:12:25","date_gmt":"2024-02-13T18:12:25","guid":{"rendered":"https:\/\/escoladigital.madeira.gov.pt\/ebspecalheta\/?page_id=202"},"modified":"2025-10-03T21:54:24","modified_gmt":"2025-10-03T21:54:24","slug":"spo","status":"publish","type":"page","link":"https:\/\/escoladigital.madeira.gov.pt\/ebspecalheta\/servicos\/spo\/","title":{"rendered":"Servi\u00e7o de Psicologia e Orienta\u00e7\u00e3o"},"content":{"rendered":"\t\t<div data-elementor-type=\"wp-page\" data-elementor-id=\"202\" class=\"elementor elementor-202\">\n\t\t\t\t<div class=\"elementor-element elementor-element-8fe021d e-flex e-con-boxed e-con e-parent\" data-id=\"8fe021d\" data-element_type=\"container\" data-e-type=\"container\">\n\t\t\t\t\t<div class=\"e-con-inner\">\n\t\t\t\t<div class=\"elementor-element elementor-element-457b458 elementor-widget elementor-widget-heading\" data-id=\"457b458\" data-element_type=\"widget\" data-e-type=\"widget\" data-widget_type=\"heading.default\">\n\t\t\t\t<div class=\"elementor-widget-container\">\n\t\t\t\t\t<h2 class=\"elementor-heading-title elementor-size-default\">Servi\u00e7o de Psicologia e Orienta\u00e7\u00e3o<\/h2>\t\t\t\t<\/div>\n\t\t\t\t<\/div>\n\t\t\t\t\t<\/div>\n\t\t\t\t<\/div>\n\t\t<div class=\"elementor-element elementor-element-16bde4e4 e-flex e-con-boxed e-con e-parent\" data-id=\"16bde4e4\" data-element_type=\"container\" data-e-type=\"container\">\n\t\t\t\t\t<div class=\"e-con-inner\">\n\t\t\t\t<div class=\"elementor-element elementor-element-1a41af74 elementor-widget elementor-widget-text-editor\" data-id=\"1a41af74\" data-element_type=\"widget\" data-e-type=\"widget\" data-widget_type=\"text-editor.default\">\n\t\t\t\t<div class=\"elementor-widget-container\">\n\t\t\t\t\t\t\t\t\t<p style=\"text-align: justify\"><strong><span data-contrast=\"auto\">O QUE \u00c9 O SERVI\u00c7O DE PSICOLOGIA E ORIENTA\u00c7\u00c3O (SPO)?<\/span><\/strong><span data-ccp-props=\"{&quot;335551550&quot;:6,&quot;335551620&quot;:6}\">\u00a0<\/span><\/p>\n<p style=\"text-align: justify\">\u00c9 uma estrutura especializada de apoio e de orienta\u00e7\u00e3o educativa, com autonomia t\u00e9cnica e dever de confidencialidade.\u202f\u00a0<\/p>\n<p style=\"text-align: justify\">As psic\u00f3logas do SPO colaboram com o \u00f3rg\u00e3o de gest\u00e3o, docentes, outros profissionais de educa\u00e7\u00e3o, fam\u00edlias e intervenientes comunit\u00e1rios, oferecendo um conjunto abrangente e integrado de servi\u00e7os, cujo prop\u00f3sito \u00e9 apoiar o sucesso educativo, promover o comportamento positivo, o bem-estar socioemocional, a sa\u00fade f\u00edsica e mental e a inclus\u00e3o de todos os alunos.\u00a0<\/p>\n<p style=\"text-align: justify\">\u00c9 privilegiado um modelo de interven\u00e7\u00e3o sist\u00e9mica que permita uma atua\u00e7\u00e3o, n\u00e3o s\u00f3 no microssistema de cada indiv\u00edduo, mas preferencialmente nos contextos e intera\u00e7\u00f5es, que promovam o desenvolvimento integral e bem-estar psicol\u00f3gico dos alunos e restantes protagonistas do sistema educativo.\u00a0<\/p>\n<p style=\"text-align: justify\"><strong><span data-contrast=\"auto\">QUAIS AS \u00c1REAS DE INTERVEN\u00c7\u00c3O?<\/span><\/strong><span data-ccp-props=\"{&quot;335551550&quot;:6,&quot;335551620&quot;:6}\">\u00a0<\/span><\/p>\n<p style=\"text-align: justify\"><span data-contrast=\"auto\">As psic\u00f3logas da escola atuam em tr\u00eas dom\u00ednios distintos, mas complementares: <\/span><span data-ccp-props=\"{&quot;335551550&quot;:6,&quot;335551620&quot;:6}\">\u00a0<\/span><\/p>\n<p style=\"text-align: justify\"><span data-contrast=\"auto\">&#8211; O apoio e aconselhamento psicol\u00f3gico;\u00a0<\/span><span data-ccp-props=\"{&quot;335551550&quot;:6,&quot;335551620&quot;:6}\">\u00a0<\/span><\/p>\n<p style=\"text-align: justify\"><span data-contrast=\"auto\">&#8211; O desenvolvimento do sistema de rela\u00e7\u00f5es da comunidade educativa;\u00a0<\/span><span data-ccp-props=\"{&quot;335551550&quot;:6,&quot;335551620&quot;:6}\">\u00a0<\/span><\/p>\n<p style=\"text-align: justify\"><span data-contrast=\"auto\">&#8211; O desenvolvimento vocacional e de carreira.<\/span><span data-ccp-props=\"{&quot;335551550&quot;:6,&quot;335551620&quot;:6}\">\u00a0<\/span><\/p>\n<p style=\"text-align: justify\"><span data-contrast=\"auto\">Em cada um destes dom\u00ednios, as a\u00e7\u00f5es a desenvolver s\u00e3o planeadas atendendo ao contexto, aos recursos dispon\u00edveis e \u00e0s prioridades estabelecidas. <\/span><\/p>\n<p style=\"text-align: justify\"><span data-contrast=\"auto\">A psic\u00f3loga Helena Azevedo, coordena, ainda, a Equipa Multidisciplinar de Apoio \u00e0 Educa\u00e7\u00e3o Inclusiva (EMAEI).<\/span><span data-ccp-props=\"{&quot;335551550&quot;:6,&quot;335551620&quot;:6}\">\u00a0<\/span><\/p>\n<p style=\"text-align: justify\"><strong><span data-contrast=\"auto\">QUE ATIVIDADES DESENVOLVE?<\/span><\/strong><span data-ccp-props=\"{&quot;335551550&quot;:6,&quot;335551620&quot;:6}\">\u00a0<\/span><\/p>\n<p style=\"text-align: justify\"><span data-contrast=\"auto\">No \u00e2mbito da sua atua\u00e7\u00e3o no SPO, as psic\u00f3logas:<\/span><span data-ccp-props=\"{&quot;335551550&quot;:6,&quot;335551620&quot;:6}\">\u00a0<\/span><\/p>\n<ul style=\"text-align: justify\">\n<li data-leveltext=\"\uf0b7\" data-font=\"Symbol\" data-listid=\"2\" data-list-defn-props=\"{&quot;335552541&quot;:1,&quot;335559685&quot;:720,&quot;335559991&quot;:360,&quot;469769226&quot;:&quot;Symbol&quot;,&quot;469769242&quot;:[8226],&quot;469777803&quot;:&quot;left&quot;,&quot;469777804&quot;:&quot;\uf0b7&quot;,&quot;469777815&quot;:&quot;multilevel&quot;}\" data-aria-posinset=\"1\" data-aria-level=\"1\"><span data-contrast=\"auto\">Avaliam e interv\u00eam no dom\u00ednio psicol\u00f3gico e educacional, propondo medidas e respostas educativas alinhadas com as necessidades de desenvolvimento de crian\u00e7as e jovens, nas \u00e1reas acad\u00e9mica, social, emocional, comportamental, vocacional e demais relevantes;<\/span><span data-ccp-props=\"{&quot;335551550&quot;:6,&quot;335551620&quot;:6}\">\u00a0<\/span><\/li>\n<\/ul>\n<ul style=\"text-align: justify\">\n<li data-leveltext=\"\uf0b7\" data-font=\"Symbol\" data-listid=\"2\" data-list-defn-props=\"{&quot;335552541&quot;:1,&quot;335559685&quot;:720,&quot;335559991&quot;:360,&quot;469769226&quot;:&quot;Symbol&quot;,&quot;469769242&quot;:[8226],&quot;469777803&quot;:&quot;left&quot;,&quot;469777804&quot;:&quot;\uf0b7&quot;,&quot;469777815&quot;:&quot;multilevel&quot;}\" data-aria-posinset=\"2\" data-aria-level=\"1\"><span data-contrast=\"auto\">Participam, integradas em equipas multidisciplinares, em processos de identifica\u00e7\u00e3o de necessidades e respostas adequadas (medidas de suporte \u00e0 aprendizagem e \u00e0 inclus\u00e3o), propondo e realizando interven\u00e7\u00f5es que visam melhorar as condi\u00e7\u00f5es educativas, as dificuldades e as necessidades identificadas;<\/span><span data-ccp-props=\"{&quot;335551550&quot;:6,&quot;335551620&quot;:6}\">\u00a0<\/span><\/li>\n<\/ul>\n<ul style=\"text-align: justify\">\n<li data-leveltext=\"\uf0b7\" data-font=\"Symbol\" data-listid=\"2\" data-list-defn-props=\"{&quot;335552541&quot;:1,&quot;335559685&quot;:720,&quot;335559991&quot;:360,&quot;469769226&quot;:&quot;Symbol&quot;,&quot;469769242&quot;:[8226],&quot;469777803&quot;:&quot;left&quot;,&quot;469777804&quot;:&quot;\uf0b7&quot;,&quot;469777815&quot;:&quot;multilevel&quot;}\" data-aria-posinset=\"3\" data-aria-level=\"1\"><span data-contrast=\"auto\">Concebem e implementam interven\u00e7\u00f5es focadas no desenvolvimento vocacional, apoiando os alunos na gest\u00e3o da sua forma\u00e7\u00e3o e percurso profissional, nas transi\u00e7\u00f5es inerentes ao sistema educativo e na transi\u00e7\u00e3o para o mundo do trabalho;<\/span><span data-ccp-props=\"{&quot;335551550&quot;:6,&quot;335551620&quot;:6}\">\u00a0<\/span><\/li>\n<\/ul>\n<ul style=\"text-align: justify\">\n<li data-leveltext=\"\uf0b7\" data-font=\"Symbol\" data-listid=\"2\" data-list-defn-props=\"{&quot;335552541&quot;:1,&quot;335559685&quot;:720,&quot;335559991&quot;:360,&quot;469769226&quot;:&quot;Symbol&quot;,&quot;469769242&quot;:[8226],&quot;469777803&quot;:&quot;left&quot;,&quot;469777804&quot;:&quot;\uf0b7&quot;,&quot;469777815&quot;:&quot;multilevel&quot;}\" data-aria-posinset=\"4\" data-aria-level=\"1\"><span data-contrast=\"auto\">Prop\u00f5em e desenvolvem atividades no \u00e2mbito do plano de atividades da escola em colabora\u00e7\u00e3o com os diversos intervenientes da comunidade educativa;<\/span><span data-ccp-props=\"{&quot;335551550&quot;:6,&quot;335551620&quot;:6}\">\u00a0<\/span><\/li>\n<\/ul>\n<ul style=\"text-align: justify\">\n<li data-leveltext=\"\uf0b7\" data-font=\"Symbol\" data-listid=\"2\" data-list-defn-props=\"{&quot;335552541&quot;:1,&quot;335559685&quot;:720,&quot;335559991&quot;:360,&quot;469769226&quot;:&quot;Symbol&quot;,&quot;469769242&quot;:[8226],&quot;469777803&quot;:&quot;left&quot;,&quot;469777804&quot;:&quot;\uf0b7&quot;,&quot;469777815&quot;:&quot;multilevel&quot;}\" data-aria-posinset=\"5\" data-aria-level=\"1\"><span data-contrast=\"auto\">Apoiam tecnicamente e cientificamente, de modo colaborativo, os profissionais da escola na tomada de decis\u00f5es pedag\u00f3gicas e no desenvolvimento e capacita\u00e7\u00e3o dos profissionais de educa\u00e7\u00e3o;<\/span><span data-ccp-props=\"{&quot;335551550&quot;:6,&quot;335551620&quot;:6}\">\u00a0<\/span><\/li>\n<\/ul>\n<ul style=\"text-align: justify\">\n<li data-leveltext=\"\uf0b7\" data-font=\"Symbol\" data-listid=\"2\" data-list-defn-props=\"{&quot;335552541&quot;:1,&quot;335559685&quot;:720,&quot;335559991&quot;:360,&quot;469769226&quot;:&quot;Symbol&quot;,&quot;469769242&quot;:[8226],&quot;469777803&quot;:&quot;left&quot;,&quot;469777804&quot;:&quot;\uf0b7&quot;,&quot;469777815&quot;:&quot;multilevel&quot;}\" data-aria-posinset=\"6\" data-aria-level=\"1\"><span data-contrast=\"auto\">Colaboram com as fam\u00edlias e com outros elementos e servi\u00e7os da comunidade, designadamente, no estabelecimento de parcerias e na capacita\u00e7\u00e3o dos diferentes intervenientes, visando a cria\u00e7\u00e3o de um ambiente de aprendizagem positivo, seguro e saud\u00e1vel, que aumente as oportunidades de envolvimento e participa\u00e7\u00e3o de todos na vida escolar;<\/span><span data-ccp-props=\"{&quot;335551550&quot;:6,&quot;335551620&quot;:6}\">\u00a0<\/span><\/li>\n<\/ul>\n<ul style=\"text-align: justify\">\n<li data-leveltext=\"\uf0b7\" data-font=\"Symbol\" data-listid=\"2\" data-list-defn-props=\"{&quot;335552541&quot;:1,&quot;335559685&quot;:720,&quot;335559991&quot;:360,&quot;469769226&quot;:&quot;Symbol&quot;,&quot;469769242&quot;:[8226],&quot;469777803&quot;:&quot;left&quot;,&quot;469777804&quot;:&quot;\uf0b7&quot;,&quot;469777815&quot;:&quot;multilevel&quot;}\" data-aria-posinset=\"7\" data-aria-level=\"1\"><span data-contrast=\"auto\">Interv\u00eam em situa\u00e7\u00f5es de crise planificando e implementando a\u00e7\u00f5es, em articula\u00e7\u00e3o com os v\u00e1rios elementos da comunidade educativa e a fam\u00edlia, dirigidas a responder a tais eventos;<\/span><span data-ccp-props=\"{&quot;335551550&quot;:6,&quot;335551620&quot;:6}\">\u00a0<\/span><\/li>\n<\/ul>\n<ul style=\"text-align: justify\">\n<li style=\"text-align: justify\" data-leveltext=\"\uf0b7\" data-font=\"Symbol\" data-listid=\"2\" data-list-defn-props=\"{&quot;335552541&quot;:1,&quot;335559685&quot;:720,&quot;335559991&quot;:360,&quot;469769226&quot;:&quot;Symbol&quot;,&quot;469769242&quot;:[8226],&quot;469777803&quot;:&quot;left&quot;,&quot;469777804&quot;:&quot;\uf0b7&quot;,&quot;469777815&quot;:&quot;multilevel&quot;}\" data-aria-posinset=\"8\" data-aria-level=\"1\"><span data-contrast=\"auto\">T\u00eam um papel formativo e colaboram na forma\u00e7\u00e3o psicopedag\u00f3gica dos agentes educativos, contribuindo para a atualiza\u00e7\u00e3o dos seus conhecimentos nas \u00e1reas desenvolvimentais, cognitivas, afetivas, comportamentais e psicossociais.<\/span><span data-ccp-props=\"{&quot;335551550&quot;:6,&quot;335551620&quot;:6}\">\u00a0<\/span><\/li>\n<\/ul>\n<p style=\"text-align: justify\"><strong><span data-contrast=\"auto\">CONTACTOS<\/span><\/strong><span data-ccp-props=\"{&quot;335551550&quot;:6,&quot;335551620&quot;:6}\">\u00a0<\/span><\/p>\n<p style=\"text-align: justify\"><span data-contrast=\"auto\">O gabinete do SPO localiza-se no Pavilh\u00e3o 1, ao lado da reprografia da escola.<\/span><span data-ccp-props=\"{&quot;335551550&quot;:6,&quot;335551620&quot;:6}\">\u00a0<\/span><\/p>\n<p style=\"text-align: justify\"><span data-contrast=\"auto\">Psic\u00f3logas:\u00a0<\/span><\/p>\n<p style=\"text-align: justify\"><span data-contrast=\"auto\">\u00a0 \u00a0 Helena Azevedo<\/span><span data-ccp-props=\"{&quot;335551550&quot;:6,&quot;335551620&quot;:6}\">\u00a0&#8211;<\/span><span style=\"font-size: 1rem\" data-contrast=\"auto\">\u00a0<\/span><span data-contrast=\"none\">helenaazevedo@edu.madeira.gov.pt<\/span><span style=\"font-size: 1rem\" data-ccp-props=\"{&quot;335551550&quot;:6,&quot;335551620&quot;:6}\">\u00a0<\/span><\/p>\n<p style=\"text-align: justify\"><span data-ccp-props=\"{&quot;335551550&quot;:6,&quot;335551620&quot;:6}\">\u00a0 \u00a0 N\u00e9lia Maria Teixeira Abreu\u00a0 &#8211; <span style=\"font-size: 1rem\" data-contrast=\"auto\">\u00a0<\/span>neliaabreu@edu.madeira.gov.pt<a href=\"mailto:neliaabreu@edu.madeira.gov.pt\">\u00a0<\/a><\/span><span style=\"font-style: inherit;font-weight: inherit\">\u00a0<\/span><\/p>\t\t\t\t\t\t\t\t<\/div>\n\t\t\t\t<\/div>\n\t\t\t\t\t<\/div>\n\t\t\t\t<\/div>\n\t\t\t\t<\/div>\n\t\t","protected":false},"excerpt":{"rendered":"<p>Servi\u00e7o de Psicologia e Orienta\u00e7\u00e3o O QUE \u00c9 O SERVI\u00c7O DE PSICOLOGIA E ORIENTA\u00c7\u00c3O (SPO)?\u00a0 \u00c9 uma estrutura especializada de apoio e de orienta\u00e7\u00e3o educativa, com autonomia t\u00e9cnica e dever de confidencialidade.\u202f\u00a0 As psic\u00f3logas do SPO colaboram com o \u00f3rg\u00e3o de gest\u00e3o, docentes, outros profissionais de educa\u00e7\u00e3o, fam\u00edlias e intervenientes comunit\u00e1rios, oferecendo um conjunto abrangente [&hellip;]<\/p>\n","protected":false},"author":4,"featured_media":0,"parent":112,"menu_order":0,"comment_status":"closed","ping_status":"closed","template":"","meta":{"site-sidebar-layout":"default","site-content-layout":"","ast-site-content-layout":"default","site-content-style":"default","site-sidebar-style":"default","ast-global-header-display":"","ast-banner-title-visibility":"","ast-main-header-display":"","ast-hfb-above-header-display":"","ast-hfb-below-header-display":"","ast-hfb-mobile-header-display":"","site-post-title":"","ast-breadcrumbs-content":"","ast-featured-img":"","footer-sml-layout":"","ast-disable-related-posts":"","theme-transparent-header-meta":"","adv-header-id-meta":"","stick-header-meta":"","header-above-stick-meta":"","header-main-stick-meta":"","header-below-stick-meta":"","astra-migrate-meta-layouts":"default","ast-page-background-enabled":"default","ast-page-background-meta":{"desktop":{"background-color":"var(--ast-global-color-4)","background-image":"","background-repeat":"repeat","background-position":"center center","background-size":"auto","background-attachment":"scroll","background-type":"","background-media":"","overlay-type":"","overlay-color":"","overlay-opacity":"","overlay-gradient":""},"tablet":{"background-color":"","background-image":"","background-repeat":"repeat","background-position":"center center","background-size":"auto","background-attachment":"scroll","background-type":"","background-media":"","overlay-type":"","overlay-color":"","overlay-opacity":"","overlay-gradient":""},"mobile":{"background-color":"","background-image":"","background-repeat":"repeat","background-position":"center center","background-size":"auto","background-attachment":"scroll","background-type":"","background-media":"","overlay-type":"","overlay-color":"","overlay-opacity":"","overlay-gradient":""}},"ast-content-background-meta":{"desktop":{"background-color":"var(--ast-global-color-5)","background-image":"","background-repeat":"repeat","background-position":"center center","background-size":"auto","background-attachment":"scroll","background-type":"","background-media":"","overlay-type":"","overlay-color":"","overlay-opacity":"","overlay-gradient":""},"tablet":{"background-color":"var(--ast-global-color-5)","background-image":"","background-repeat":"repeat","background-position":"center center","background-size":"auto","background-attachment":"scroll","background-type":"","background-media":"","overlay-type":"","overlay-color":"","overlay-opacity":"","overlay-gradient":""},"mobile":{"background-color":"var(--ast-global-color-5)","background-image":"","background-repeat":"repeat","background-position":"center center","background-size":"auto","background-attachment":"scroll","background-type":"","background-media":"","overlay-type":"","overlay-color":"","overlay-opacity":"","overlay-gradient":""}},"_themeisle_gutenberg_block_has_review":false,"footnotes":""},"class_list":["post-202","page","type-page","status-publish","hentry"],"_links":{"self":[{"href":"https:\/\/escoladigital.madeira.gov.pt\/ebspecalheta\/wp-json\/wp\/v2\/pages\/202","targetHints":{"allow":["GET"]}}],"collection":[{"href":"https:\/\/escoladigital.madeira.gov.pt\/ebspecalheta\/wp-json\/wp\/v2\/pages"}],"about":[{"href":"https:\/\/escoladigital.madeira.gov.pt\/ebspecalheta\/wp-json\/wp\/v2\/types\/page"}],"author":[{"embeddable":true,"href":"https:\/\/escoladigital.madeira.gov.pt\/ebspecalheta\/wp-json\/wp\/v2\/users\/4"}],"replies":[{"embeddable":true,"href":"https:\/\/escoladigital.madeira.gov.pt\/ebspecalheta\/wp-json\/wp\/v2\/comments?post=202"}],"version-history":[{"count":24,"href":"https:\/\/escoladigital.madeira.gov.pt\/ebspecalheta\/wp-json\/wp\/v2\/pages\/202\/revisions"}],"predecessor-version":[{"id":4341,"href":"https:\/\/escoladigital.madeira.gov.pt\/ebspecalheta\/wp-json\/wp\/v2\/pages\/202\/revisions\/4341"}],"up":[{"embeddable":true,"href":"https:\/\/escoladigital.madeira.gov.pt\/ebspecalheta\/wp-json\/wp\/v2\/pages\/112"}],"wp:attachment":[{"href":"https:\/\/escoladigital.madeira.gov.pt\/ebspecalheta\/wp-json\/wp\/v2\/media?parent=202"}],"curies":[{"name":"wp","href":"https:\/\/api.w.org\/{rel}","templated":true}]}}