{"id":2338,"date":"2025-01-17T15:47:28","date_gmt":"2025-01-17T15:47:28","guid":{"rendered":"https:\/\/escoladigital.madeira.gov.pt\/ebspecalheta\/?page_id=2338"},"modified":"2025-02-07T12:57:15","modified_gmt":"2025-02-07T12:57:15","slug":"escalao","status":"publish","type":"page","link":"https:\/\/escoladigital.madeira.gov.pt\/ebspecalheta\/servicos\/ase\/escalao\/","title":{"rendered":"Escal\u00f5es"},"content":{"rendered":"\t\t<div data-elementor-type=\"wp-page\" data-elementor-id=\"2338\" class=\"elementor elementor-2338\">\n\t\t\t\t<div class=\"elementor-element elementor-element-2eb821b e-flex e-con-boxed e-con e-parent\" data-id=\"2eb821b\" data-element_type=\"container\" data-e-type=\"container\">\n\t\t\t\t\t<div class=\"e-con-inner\">\n\t\t\t\t<div class=\"elementor-element elementor-element-2257f91 elementor-widget elementor-widget-heading\" data-id=\"2257f91\" data-element_type=\"widget\" data-e-type=\"widget\" data-widget_type=\"heading.default\">\n\t\t\t\t<div class=\"elementor-widget-container\">\n\t\t\t\t\t<h2 class=\"elementor-heading-title elementor-size-default\">Escal\u00f5es<\/h2>\t\t\t\t<\/div>\n\t\t\t\t<\/div>\n\t\t\t\t\t<\/div>\n\t\t\t\t<\/div>\n\t\t<div class=\"elementor-element elementor-element-a6392c0 e-flex e-con-boxed e-con e-parent\" data-id=\"a6392c0\" data-element_type=\"container\" data-e-type=\"container\">\n\t\t\t\t\t<div class=\"e-con-inner\">\n\t\t\t\t<div class=\"elementor-element elementor-element-3ec2d1e elementor-widget elementor-widget-text-editor\" data-id=\"3ec2d1e\" data-element_type=\"widget\" data-e-type=\"widget\" data-widget_type=\"text-editor.default\">\n\t\t\t\t<div class=\"elementor-widget-container\">\n\t\t\t\t\t\t\t\t\t<p style=\"text-align: justify\"><span data-contrast=\"none\">Em fun\u00e7\u00e3o do escal\u00e3o de rendimento e do grau de ensino em que se integram, as crian\u00e7as e alunos t\u00eam direito aos seguintes apoios e benef\u00edcios, em regime de comparticipa\u00e7\u00e3o: a alimenta\u00e7\u00e3o, o transporte escolar, o seguro escolar, utiliza\u00e7\u00e3o de papelarias escolares, <\/span><span data-contrast=\"auto\">comparticipa\u00e7\u00e3o para a aquisi\u00e7\u00e3o das pr\u00f3teses e ort\u00f3teses indispens\u00e1veis \u00e0 sua integra\u00e7\u00e3o na escola; apoios para livros e outro material escolar no ensino b\u00e1sico e secund\u00e1rio<\/span><span data-contrast=\"none\">, isen\u00e7\u00e3o de propinas e taxas de inscri\u00e7\u00e3o, e comparticipa\u00e7\u00e3o no pagamento de mensalidades nos estabelecimentos p\u00fablicos e privados.<\/span><span data-ccp-props=\"{&quot;134233118&quot;:true,&quot;201341983&quot;:0,&quot;335551550&quot;:6,&quot;335551620&quot;:6,&quot;335557856&quot;:16777215,&quot;335559740&quot;:240}\">\u00a0<\/span><\/p><p style=\"text-align: justify\"><span data-contrast=\"none\">A escola disp\u00f5e, ainda, no \u00e2mbito da ASE e do seu Projeto Educativo, de um servi\u00e7o de apoio individual ao aluno que, em colabora\u00e7\u00e3o com toda a comunidade escolar, visa o atendimento, encaminhamento e apoio a todos os alunos que, pelas raz\u00f5es mais diversas, necessitem de um acompanhamento individual e personalizado.<\/span><span data-ccp-props=\"{&quot;134233118&quot;:true,&quot;201341983&quot;:0,&quot;335551550&quot;:6,&quot;335551620&quot;:6,&quot;335557856&quot;:16777215,&quot;335559740&quot;:240}\">\u00a0<\/span><\/p><p style=\"text-align: justify\"><span data-contrast=\"none\">Todos os alunos matriculados neste estabelecimento de ensino &#8211; Escola B\u00e1sica e Secund\u00e1ria com Pr\u00e9-Escolar da Calheta &#8211; podem candidatar-se e recorrer aos apoios e servi\u00e7os proporcionados pela ASE.<\/span><span data-ccp-props=\"{&quot;134233118&quot;:true,&quot;201341983&quot;:0,&quot;335551550&quot;:6,&quot;335551620&quot;:6,&quot;335557856&quot;:16777215,&quot;335559740&quot;:240}\">\u00a0<\/span><\/p><p style=\"text-align: justify\"><span data-contrast=\"none\">A A\u00e7\u00e3o Social Educativa, sem preju\u00edzo do estabelecido na <\/span><span data-contrast=\"auto\">Portaria n\u00ba 561\/2023, <\/span><span data-contrast=\"none\">publicada no JORAM I s\u00e9rie, n\u00ba 141 de 28 de julho, <\/span><span data-contrast=\"auto\">que procede \u00e0 primeira altera\u00e7\u00e3o da Portaria n.\u00ba 58\/2023, de 31 de janeiro<\/span><span data-contrast=\"none\">, \u00e9 regulamentada pelo estabelecido no Regulamento Interno da Escola B\u00e1sica e Secund\u00e1ria com Pr\u00e9-Escolar da Calheta, bem como pelo determinado pelos Conselho Executivo e Conselho Administrativo da escola.<\/span><span data-ccp-props=\"{&quot;134233118&quot;:true,&quot;201341983&quot;:0,&quot;335551550&quot;:6,&quot;335551620&quot;:6,&quot;335557856&quot;:16777215,&quot;335559740&quot;:240}\">\u00a0<\/span><\/p><p style=\"text-align: justify\"><span data-contrast=\"none\">Toda a informa\u00e7\u00e3o essencial relativa \u00e0 A\u00e7\u00e3o Social Educativa \u00e9 publicada e atualizada nesta p\u00e1gina.<\/span><span data-ccp-props=\"{&quot;134233118&quot;:true,&quot;201341983&quot;:0,&quot;335551550&quot;:6,&quot;335551620&quot;:6,&quot;335557856&quot;:16777215,&quot;335559740&quot;:240}\">\u00a0<\/span><\/p><p style=\"text-align: justify\"><span data-contrast=\"none\">\u202fO Servi\u00e7o de A\u00e7\u00e3o Social Educativa (ASE) tem por objetivo melhorar as condi\u00e7\u00f5es de frequ\u00eancia da escola de todos os alunos, numa perspetiva de corre\u00e7\u00e3o das desigualdades sociais, enquanto instrumento promotor de melhor e mais justo acesso \u00e0 Educa\u00e7\u00e3o e ao Ensino, proporcionando apoios socioeducativos em fun\u00e7\u00e3o das necessidades de cada um.<\/span><span data-ccp-props=\"{&quot;134233118&quot;:true,&quot;201341983&quot;:0,&quot;335551550&quot;:6,&quot;335551620&quot;:6,&quot;335557856&quot;:16777215,&quot;335559740&quot;:240}\">\u00a0<\/span><\/p>\t\t\t\t\t\t\t\t<\/div>\n\t\t\t\t<\/div>\n\t\t\t\t\t<\/div>\n\t\t\t\t<\/div>\n\t\t\t\t<\/div>\n\t\t","protected":false},"excerpt":{"rendered":"<p>Escal\u00f5es Em fun\u00e7\u00e3o do escal\u00e3o de rendimento e do grau de ensino em que se integram, as crian\u00e7as e alunos t\u00eam direito aos seguintes apoios e benef\u00edcios, em regime de comparticipa\u00e7\u00e3o: a alimenta\u00e7\u00e3o, o transporte escolar, o seguro escolar, utiliza\u00e7\u00e3o de papelarias escolares, comparticipa\u00e7\u00e3o para a aquisi\u00e7\u00e3o das pr\u00f3teses e ort\u00f3teses indispens\u00e1veis \u00e0 sua integra\u00e7\u00e3o [&hellip;]<\/p>\n","protected":false},"author":79,"featured_media":0,"parent":1079,"menu_order":0,"comment_status":"closed","ping_status":"closed","template":"","meta":{"site-sidebar-layout":"no-sidebar","site-content-layout":"","ast-site-content-layout":"full-width-container","site-content-style":"default","site-sidebar-style":"default","ast-global-header-display":"","ast-banner-title-visibility":"","ast-main-header-display":"","ast-hfb-above-header-display":"","ast-hfb-below-header-display":"","ast-hfb-mobile-header-display":"","site-post-title":"disabled","ast-breadcrumbs-content":"","ast-featured-img":"disabled","footer-sml-layout":"","ast-disable-related-posts":"","theme-transparent-header-meta":"","adv-header-id-meta":"","stick-header-meta":"","header-above-stick-meta":"","header-main-stick-meta":"","header-below-stick-meta":"","astra-migrate-meta-layouts":"default","ast-page-background-enabled":"default","ast-page-background-meta":{"desktop":{"background-color":"var(--ast-global-color-4)","background-image":"","background-repeat":"repeat","background-position":"center center","background-size":"auto","background-attachment":"scroll","background-type":"","background-media":"","overlay-type":"","overlay-color":"","overlay-opacity":"","overlay-gradient":""},"tablet":{"background-color":"","background-image":"","background-repeat":"repeat","background-position":"center center","background-size":"auto","background-attachment":"scroll","background-type":"","background-media":"","overlay-type":"","overlay-color":"","overlay-opacity":"","overlay-gradient":""},"mobile":{"background-color":"","background-image":"","background-repeat":"repeat","background-position":"center center","background-size":"auto","background-attachment":"scroll","background-type":"","background-media":"","overlay-type":"","overlay-color":"","overlay-opacity":"","overlay-gradient":""}},"ast-content-background-meta":{"desktop":{"background-color":"var(--ast-global-color-5)","background-image":"","background-repeat":"repeat","background-position":"center center","background-size":"auto","background-attachment":"scroll","background-type":"","background-media":"","overlay-type":"","overlay-color":"","overlay-opacity":"","overlay-gradient":""},"tablet":{"background-color":"var(--ast-global-color-5)","background-image":"","background-repeat":"repeat","background-position":"center center","background-size":"auto","background-attachment":"scroll","background-type":"","background-media":"","overlay-type":"","overlay-color":"","overlay-opacity":"","overlay-gradient":""},"mobile":{"background-color":"var(--ast-global-color-5)","background-image":"","background-repeat":"repeat","background-position":"center center","background-size":"auto","background-attachment":"scroll","background-type":"","background-media":"","overlay-type":"","overlay-color":"","overlay-opacity":"","overlay-gradient":""}},"_themeisle_gutenberg_block_has_review":false,"footnotes":""},"class_list":["post-2338","page","type-page","status-publish","hentry"],"_links":{"self":[{"href":"https:\/\/escoladigital.madeira.gov.pt\/ebspecalheta\/wp-json\/wp\/v2\/pages\/2338","targetHints":{"allow":["GET"]}}],"collection":[{"href":"https:\/\/escoladigital.madeira.gov.pt\/ebspecalheta\/wp-json\/wp\/v2\/pages"}],"about":[{"href":"https:\/\/escoladigital.madeira.gov.pt\/ebspecalheta\/wp-json\/wp\/v2\/types\/page"}],"author":[{"embeddable":true,"href":"https:\/\/escoladigital.madeira.gov.pt\/ebspecalheta\/wp-json\/wp\/v2\/users\/79"}],"replies":[{"embeddable":true,"href":"https:\/\/escoladigital.madeira.gov.pt\/ebspecalheta\/wp-json\/wp\/v2\/comments?post=2338"}],"version-history":[{"count":7,"href":"https:\/\/escoladigital.madeira.gov.pt\/ebspecalheta\/wp-json\/wp\/v2\/pages\/2338\/revisions"}],"predecessor-version":[{"id":2345,"href":"https:\/\/escoladigital.madeira.gov.pt\/ebspecalheta\/wp-json\/wp\/v2\/pages\/2338\/revisions\/2345"}],"up":[{"embeddable":true,"href":"https:\/\/escoladigital.madeira.gov.pt\/ebspecalheta\/wp-json\/wp\/v2\/pages\/1079"}],"wp:attachment":[{"href":"https:\/\/escoladigital.madeira.gov.pt\/ebspecalheta\/wp-json\/wp\/v2\/media?parent=2338"}],"curies":[{"name":"wp","href":"https:\/\/api.w.org\/{rel}","templated":true}]}}