{"id":2560,"date":"2025-02-04T12:25:35","date_gmt":"2025-02-04T12:25:35","guid":{"rendered":"https:\/\/escoladigital.madeira.gov.pt\/ebspecalheta\/?page_id=2560"},"modified":"2025-02-04T12:28:23","modified_gmt":"2025-02-04T12:28:23","slug":"aviso-de-cookies","status":"publish","type":"page","link":"https:\/\/escoladigital.madeira.gov.pt\/ebspecalheta\/aviso-de-cookies\/","title":{"rendered":"Aviso de Cookies"},"content":{"rendered":"\t\t<div data-elementor-type=\"wp-page\" data-elementor-id=\"2560\" class=\"elementor elementor-2560\">\n\t\t\t\t<div class=\"elementor-element elementor-element-cc53cf9 e-flex e-con-boxed e-con e-parent\" data-id=\"cc53cf9\" data-element_type=\"container\" data-e-type=\"container\">\n\t\t\t\t\t<div class=\"e-con-inner\">\n\t\t\t\t<div class=\"elementor-element elementor-element-cc88052 elementor-widget elementor-widget-heading\" data-id=\"cc88052\" data-element_type=\"widget\" data-e-type=\"widget\" data-widget_type=\"heading.default\">\n\t\t\t\t<div class=\"elementor-widget-container\">\n\t\t\t\t\t<h2 class=\"elementor-heading-title elementor-size-default\">Aviso de Cookies e Tecnologias Semelhantes<\/h2>\t\t\t\t<\/div>\n\t\t\t\t<\/div>\n\t\t\t\t\t<\/div>\n\t\t\t\t<\/div>\n\t\t<div class=\"elementor-element elementor-element-a319f7f e-flex e-con-boxed e-con e-parent\" data-id=\"a319f7f\" data-element_type=\"container\" data-e-type=\"container\">\n\t\t\t\t\t<div class=\"e-con-inner\">\n\t\t\t\t<div class=\"elementor-element elementor-element-290537b elementor-widget elementor-widget-text-editor\" data-id=\"290537b\" data-element_type=\"widget\" data-e-type=\"widget\" data-widget_type=\"text-editor.default\">\n\t\t\t\t<div class=\"elementor-widget-container\">\n\t\t\t\t\t\t\t\t\t<p style=\"text-align: justify\">Este Aviso de Cookies fornece informa\u00e7\u00f5es abrangentes sobre os cookies utilizados pelo S\u00edtio da Escola B\u00e1sica e Secund\u00e1ria com Pr\u00e9-Escolar da Calheta\u00a0e as finalidades para a sua utiliza\u00e7\u00e3o.<\/p><p style=\"text-align: justify\"><strong>O que s\u00e3o os\u00a0<em>cookies?<\/em><\/strong><\/p><p style=\"text-align: justify\">Quando o utilizador inicia a sua navega\u00e7\u00e3o no s\u00edtio web, portal ou plataforma digitais, ser\u00e1 pedido ao seu navegador (browser) para que se efetue o armazenamento de um pequeno arquivo de texto no seu dispositivo m\u00f3vel ou computador. As configura\u00e7\u00f5es dos cookies armazenados no dispositivo do utilizador poder\u00e3o ser geridas na se\u00e7\u00e3o de \u201cgest\u00e3o de cookies na parte inferior deste Aviso de Cookies\u201d ou alterando as configura\u00e7\u00f5es do navegador.<\/p><p style=\"text-align: justify\"><br \/><strong>Tipologia de\u00a0<em>Cookies<\/em><\/strong><\/p><p style=\"text-align: justify\"><em><u>Cookies<\/u><\/em><u>\u00a0prim\u00e1rios:<\/u>\u00a0s\u00e3o os\u00a0<em>cookies<\/em>\u00a0definidos pelo s\u00edtio web ou plataforma digital que o utilizador esteja a visitar e s\u00f3 esse dom\u00ednio ter\u00e1 acesso \u00e0s informa\u00e7\u00f5es deles retiradas.<\/p><p style=\"text-align: justify\"><em><u>Cookies<\/u><\/em><u>\u00a0de terceiros:<\/u>\u00a0s\u00e3o os\u00a0<em>cookies<\/em>\u00a0definidos por um dom\u00ednio diferente daquele que administra o s\u00edtio web ou plataforma digital que o utilizador esteja a visitar, embora use esse s\u00edtio web ou plataforma para definir um\u00a0<em>cookie<\/em>.<br \/><br \/>No caso do s\u00edtio da Internet da Escola B\u00e1sica e Secund\u00e1ria com Pr\u00e9-Escolar da Calheta, ser\u00e3o apenas utilizadas\u00a0<em>cookies<\/em>\u00a0prim\u00e1rios.<br \/><br \/><em><u>Cookies<\/u><\/em><u>\u00a0persistentes:<\/u>\u00a0s\u00e3o os\u00a0<em>cookies<\/em>\u00a0que permanecem no dispositivo do utilizador por um per\u00edodo de tempo espec\u00edfico e s\u00e3o ativados por cada vez que o utilizador visita o s\u00edtio web ou plataforma digital que inseriu esse\u00a0<em>cookie<\/em>\u00a0espec\u00edfico.<br \/><br \/><em><u>Cookies<\/u><\/em><u>\u00a0de sess\u00e3o:<\/u>\u00a0s\u00e3o os\u00a0<em>cookies<\/em>\u00a0que permitem que os administradores do s\u00edtio web ou plataforma digital vinculem as a\u00e7\u00f5es do utilizador durante uma sess\u00e3o do navegador (a sess\u00e3o tem in\u00edcio no momento em que o utilizador abre a janela do navegador e termina quando fecha essa janela). Estes\u00a0<em>cookies<\/em>\u00a0s\u00e3o criados temporariamente e, ao fechar o navegador, todos s\u00e3o exclu\u00eddos do dispositivo m\u00f3vel ou computador do utilizador.<br \/><br \/>No caso do s\u00edtio da Internet, da Escola B\u00e1sica e Secund\u00e1ria com Pr\u00e9-Escolar da Calheta, poder\u00e1 decorrer a inser\u00e7\u00e3o de\u00a0<em>cookies<\/em>\u00a0persistentes e\/ou\u00a0<em>cookies<\/em>\u00a0de sess\u00e3o,\u00a0<u>consoante os servi\u00e7os solicitados.<\/u><\/p><p style=\"text-align: justify\"><em><u>Cookies\u00a0<\/u><\/em><u>necess\u00e1rios:<\/u>\u00a0s\u00e3o\u00a0cookies\u00a0aplic\u00e1veis diretamente quando o utilizador abre a navega\u00e7\u00e3o pelo s\u00edtio da Internet, sob pena de n\u00e3o ser poss\u00edvel o fornecimento dos servi\u00e7os solicitados. Permitem que o utilizador navegue com os recursos essenciais, nomeadamente, para a navega\u00e7\u00e3o e para o acesso com os mecanismos de seguran\u00e7a.<\/p><p style=\"text-align: justify\">O s\u00edtio da Internet da Escola B\u00e1sica e Secund\u00e1ria com Pr\u00e9-Escolar da Calheta utiliza os\u00a0cookies\u00a0necess\u00e1rios para proceder \u00e0 autentica\u00e7\u00e3o do utilizador, quando tal seja necess\u00e1rio para aceder\u00a0\u00e0 \u00e1rea reservada\u00a0e para fins de seguran\u00e7a cibern\u00e9tica. Tem o prop\u00f3sito de garantir o correto funcionamento do s\u00edtio. N\u00e3o carece de fundamenta\u00e7\u00e3o legal para a sua aplica\u00e7\u00e3o.<\/p><p style=\"text-align: justify\"><em><u>Cookies<\/u><\/em><u>\u00a0de desempenho:<\/u>\u00a0s\u00e3o\u00a0cookies\u00a0que permitem a monitoriza\u00e7\u00e3o do fluxo de visitas e fontes de tr\u00e1fego, para que seja poss\u00edvel melhorar a efic\u00e1cia do desempenho dos servi\u00e7os prestados. Relevam, inclusive, para o administrador do s\u00edtio web,\u00a0recolher dados estat\u00edsticos sobre quais as p\u00e1ginas mais ou menos visitadas, qual o movimento usual dos utilizadores no espa\u00e7o digital, quais as regi\u00f5es de acesso, para gest\u00e3o de erros que ocorram durante a navega\u00e7\u00e3o, et cetera. Estes cookies n\u00e3o efetuam, em geral, a recolha de dados pessoais sobre uma pessoa diretamente identific\u00e1vel. Poder\u00e1 surgir a identifica\u00e7\u00e3o por cruzamento de dados, quando ocorra o acesso atrav\u00e9s de credenciais. Todavia ser\u00e3o aplicadas medidas t\u00e9cnicas e organizacionais para evitar a recolha de dados comportamentais, exceto se solicitados pelas autoridades competentes para investiga\u00e7\u00e3o criminal.<\/p><p style=\"text-align: justify\"><br \/>A Escola B\u00e1sica e Secund\u00e1ria com Pr\u00e9-Escolar da Calheta, atrav\u00e9s do CPanel, tem acesso ao\u00a0Webalizer,\u00a0Awstats e\u00a0Analog Stats para permitir a monitoriza\u00e7\u00e3o do desempenho do s\u00edtio da Internet, fornecendo dados estat\u00edsticos com o prop\u00f3sito de melhoria de efic\u00e1cia dos servi\u00e7os solicitados pelo utilizador e efici\u00eancia nas respostas a efetuar.<\/p><p style=\"text-align: justify\">Esta informa\u00e7\u00e3o \u00e9 utilizada apenas para relat\u00f3rios estat\u00edsticos do n\u00famero de visitantes, e n\u00e3o cont\u00eam quaisquer dados pessoais.<\/p><p style=\"text-align: justify\"><em><u>Cookies<\/u><\/em><u>\u00a0funcionais:<\/u>\u00a0s\u00e3o\u00a0<em>cookies<\/em>\u00a0de aperfei\u00e7oamento de navega\u00e7\u00e3o para que o utilizador usufrua de personaliza\u00e7\u00e3o aprimorada. Permitem que o s\u00edtio web memorize informa\u00e7\u00f5es que mudam o comportamento ou o aspeto na navega\u00e7\u00e3o, como por exemplo o idioma preferido do utilizador.<\/p><p style=\"text-align: justify\"><em><u>Cookies<\/u><\/em><u>\u00a0de direcionamento:<\/u>\u00a0s\u00e3o\u00a0<em>cookies<\/em>\u00a0que permitem o compartilhamento de conte\u00fado para s\u00edtios web de terceiros, inclusive redes sociais. No momento que o utilizador compartilhar, ser\u00e1 direcionado para um s\u00edtio web com pol\u00edtica de cookies distinta.<\/p><p style=\"text-align: justify\">No caso dos\u00a0<em>cookies<\/em>\u00a0definidos por servi\u00e7os de redes sociais, s\u00e3o capazes de rastrear o navegador em outros s\u00edtios web e construir um perfil comportamental, podendo afetar o conte\u00fado e as mensagens que o utilizador recebam nos demais s\u00edtios web.<\/p><p style=\"text-align: justify\"><strong>Como excluir e bloquear os\u00a0<em>cookies<\/em>?<\/strong><\/p><p style=\"text-align: justify\">Para efetuar o bloqueio de\u00a0<em>cookies<\/em>, o utilizador poder\u00e1 ativar uma configura\u00e7\u00e3o no seu navegador que permite recusar a configura\u00e7\u00e3o de todos ou de alguns\u00a0<em>cookies<\/em>. Estas configura\u00e7\u00f5es est\u00e3o, geralmente, localizadas nos menus \u201cajuda\u201d, \u201cop\u00e7\u00f5es\u201d ou \u201cprefer\u00eancias\u201d do navegador de Internet. No entanto, se utilizar as configura\u00e7\u00f5es do navegador para bloquear todos os cookies (incluindo\u00a0<em>cookies<\/em>\u00a0necess\u00e1rios), o utilizador n\u00e3o conseguir\u00e1 aceder a todo ou a parte do s\u00edtio web.<\/p><p style=\"text-align: justify\">Se os\u00a0<em>cookies<\/em>\u00a0forem alvo de bloqueio pelo utilizador, as informa\u00e7\u00f5es coletadas anteriormente poder\u00e3o ser utilizadas. No entanto, com os\u00a0<em>cookies<\/em>\u00a0desativados n\u00e3o haver\u00e1 recolha de informa\u00e7\u00f5es adicionais sobre a experi\u00eancia e\/ou prefer\u00eancias do utilizador. O utilizador poder\u00e1 obter informa\u00e7\u00f5es detalhadas sobre como excluir ou bloquear\u00a0<em>cookies<\/em>, consoante o navegador que utilize, em\u00a0<a href=\"https:\/\/www.aboutcookies.org\/Default.aspx?page=2\" target=\"_blank\" rel=\"noopener noreferrer\">https:\/\/www.aboutcookies.org\/Default.aspx?page=2<\/a><\/p><p style=\"text-align: justify\"><strong>Quest\u00f5es adicionais<\/strong><\/p><p style=\"text-align: justify\">Para informa\u00e7\u00f5es adicionais sobre a presente pol\u00edtica, o utilizador poder\u00e1 contactar a\u00a0 Escola B\u00e1sica e Secund\u00e1ria com Pr\u00e9-Escolar da Calheta atrav\u00e9s do endere\u00e7o de email:\u00a0<span id=\"cloaka15819afec2c8c177c469bebb2bb6f44\"><a href=\"mailto:ebscalheta@edu.madeira.gov.pt\">ebscalheta@edu.madeira.gov.pt<\/a><\/span><br \/><br \/>Para outras quest\u00f5es \/ reclama\u00e7\u00f5es por favor contate o Gabinete para a Conformidade e Prote\u00e7\u00e3o de Dados (GCPD) atrav\u00e9s do endere\u00e7o de email:\u00a0<span id=\"cloak77f7a40900eae85f621728fe3d44feb3\"><a href=\"mailto:gegpd@madeira.gov.pt\">gcpd@madeira.gov.pt<\/a><\/span><\/p><p style=\"text-align: justify\"><br \/>Data de origem da pol\u00edtica de privacidade \u2013 15 de fevereiro de 2023<\/p>\t\t\t\t\t\t\t\t<\/div>\n\t\t\t\t<\/div>\n\t\t\t\t\t<\/div>\n\t\t\t\t<\/div>\n\t\t\t\t<\/div>\n\t\t","protected":false},"excerpt":{"rendered":"<p>Aviso de Cookies e Tecnologias Semelhantes Este Aviso de Cookies fornece informa\u00e7\u00f5es abrangentes sobre os cookies utilizados pelo S\u00edtio da Escola B\u00e1sica e Secund\u00e1ria com Pr\u00e9-Escolar da Calheta\u00a0e as finalidades para a sua utiliza\u00e7\u00e3o. O que s\u00e3o os\u00a0cookies? Quando o utilizador inicia a sua navega\u00e7\u00e3o no s\u00edtio web, portal ou plataforma digitais, ser\u00e1 pedido ao [&hellip;]<\/p>\n","protected":false},"author":79,"featured_media":0,"parent":0,"menu_order":0,"comment_status":"closed","ping_status":"closed","template":"","meta":{"site-sidebar-layout":"no-sidebar","site-content-layout":"","ast-site-content-layout":"full-width-container","site-content-style":"default","site-sidebar-style":"default","ast-global-header-display":"","ast-banner-title-visibility":"","ast-main-header-display":"","ast-hfb-above-header-display":"","ast-hfb-below-header-display":"","ast-hfb-mobile-header-display":"","site-post-title":"disabled","ast-breadcrumbs-content":"","ast-featured-img":"disabled","footer-sml-layout":"","ast-disable-related-posts":"","theme-transparent-header-meta":"","adv-header-id-meta":"","stick-header-meta":"","header-above-stick-meta":"","header-main-stick-meta":"","header-below-stick-meta":"","astra-migrate-meta-layouts":"default","ast-page-background-enabled":"default","ast-page-background-meta":{"desktop":{"background-color":"var(--ast-global-color-4)","background-image":"","background-repeat":"repeat","background-position":"center center","background-size":"auto","background-attachment":"scroll","background-type":"","background-media":"","overlay-type":"","overlay-color":"","overlay-opacity":"","overlay-gradient":""},"tablet":{"background-color":"","background-image":"","background-repeat":"repeat","background-position":"center center","background-size":"auto","background-attachment":"scroll","background-type":"","background-media":"","overlay-type":"","overlay-color":"","overlay-opacity":"","overlay-gradient":""},"mobile":{"background-color":"","background-image":"","background-repeat":"repeat","background-position":"center center","background-size":"auto","background-attachment":"scroll","background-type":"","background-media":"","overlay-type":"","overlay-color":"","overlay-opacity":"","overlay-gradient":""}},"ast-content-background-meta":{"desktop":{"background-color":"var(--ast-global-color-5)","background-image":"","background-repeat":"repeat","background-position":"center center","background-size":"auto","background-attachment":"scroll","background-type":"","background-media":"","overlay-type":"","overlay-color":"","overlay-opacity":"","overlay-gradient":""},"tablet":{"background-color":"var(--ast-global-color-5)","background-image":"","background-repeat":"repeat","background-position":"center center","background-size":"auto","background-attachment":"scroll","background-type":"","background-media":"","overlay-type":"","overlay-color":"","overlay-opacity":"","overlay-gradient":""},"mobile":{"background-color":"var(--ast-global-color-5)","background-image":"","background-repeat":"repeat","background-position":"center center","background-size":"auto","background-attachment":"scroll","background-type":"","background-media":"","overlay-type":"","overlay-color":"","overlay-opacity":"","overlay-gradient":""}},"_themeisle_gutenberg_block_has_review":false,"footnotes":""},"class_list":["post-2560","page","type-page","status-publish","hentry"],"_links":{"self":[{"href":"https:\/\/escoladigital.madeira.gov.pt\/ebspecalheta\/wp-json\/wp\/v2\/pages\/2560","targetHints":{"allow":["GET"]}}],"collection":[{"href":"https:\/\/escoladigital.madeira.gov.pt\/ebspecalheta\/wp-json\/wp\/v2\/pages"}],"about":[{"href":"https:\/\/escoladigital.madeira.gov.pt\/ebspecalheta\/wp-json\/wp\/v2\/types\/page"}],"author":[{"embeddable":true,"href":"https:\/\/escoladigital.madeira.gov.pt\/ebspecalheta\/wp-json\/wp\/v2\/users\/79"}],"replies":[{"embeddable":true,"href":"https:\/\/escoladigital.madeira.gov.pt\/ebspecalheta\/wp-json\/wp\/v2\/comments?post=2560"}],"version-history":[{"count":7,"href":"https:\/\/escoladigital.madeira.gov.pt\/ebspecalheta\/wp-json\/wp\/v2\/pages\/2560\/revisions"}],"predecessor-version":[{"id":2567,"href":"https:\/\/escoladigital.madeira.gov.pt\/ebspecalheta\/wp-json\/wp\/v2\/pages\/2560\/revisions\/2567"}],"wp:attachment":[{"href":"https:\/\/escoladigital.madeira.gov.pt\/ebspecalheta\/wp-json\/wp\/v2\/media?parent=2560"}],"curies":[{"name":"wp","href":"https:\/\/api.w.org\/{rel}","templated":true}]}}