{"id":3571,"date":"2025-03-07T09:43:34","date_gmt":"2025-03-07T09:43:34","guid":{"rendered":"https:\/\/escoladigital.madeira.gov.pt\/ebspecalheta\/?page_id=3571"},"modified":"2026-04-13T18:28:09","modified_gmt":"2026-04-13T18:28:09","slug":"exames-2026","status":"publish","type":"page","link":"https:\/\/escoladigital.madeira.gov.pt\/ebspecalheta\/exames-2026\/","title":{"rendered":"Exames 2026"},"content":{"rendered":"\t\t<div data-elementor-type=\"wp-page\" data-elementor-id=\"3571\" class=\"elementor elementor-3571\">\n\t\t\t\t<div class=\"elementor-element elementor-element-932ebac e-flex e-con-boxed e-con e-parent\" data-id=\"932ebac\" data-element_type=\"container\" data-e-type=\"container\">\n\t\t\t\t\t<div class=\"e-con-inner\">\n\t\t\t\t<div class=\"elementor-element elementor-element-84d1b73 elementor-widget elementor-widget-heading\" data-id=\"84d1b73\" data-element_type=\"widget\" data-e-type=\"widget\" data-widget_type=\"heading.default\">\n\t\t\t\t<div class=\"elementor-widget-container\">\n\t\t\t\t\t<h3 class=\"elementor-heading-title elementor-size-default\">Exames 2026<\/h3>\t\t\t\t<\/div>\n\t\t\t\t<\/div>\n\t\t\t\t\t<\/div>\n\t\t\t\t<\/div>\n\t\t<div class=\"elementor-element elementor-element-eb91cfc e-flex e-con-boxed e-con e-parent\" data-id=\"eb91cfc\" data-element_type=\"container\" data-e-type=\"container\">\n\t\t\t\t\t<div class=\"e-con-inner\">\n\t\t\t\t<div class=\"elementor-element elementor-element-4c9a857 elementor-widget elementor-widget-heading\" data-id=\"4c9a857\" data-element_type=\"widget\" data-e-type=\"widget\" data-widget_type=\"heading.default\">\n\t\t\t\t<div class=\"elementor-widget-container\">\n\t\t\t\t\t<h2 class=\"elementor-heading-title elementor-size-default\">Informa\u00e7\u00f5es gerais 2026<\/h2>\t\t\t\t<\/div>\n\t\t\t\t<\/div>\n\t\t\t\t\t<\/div>\n\t\t\t\t<\/div>\n\t\t<div class=\"elementor-element elementor-element-b4e1aab e-flex e-con-boxed e-con e-parent\" data-id=\"b4e1aab\" data-element_type=\"container\" data-e-type=\"container\">\n\t\t\t\t\t<div class=\"e-con-inner\">\n\t\t\t\t<div class=\"elementor-element elementor-element-62f1074 elementor-widget-divider--view-line elementor-widget elementor-widget-divider\" data-id=\"62f1074\" data-element_type=\"widget\" data-e-type=\"widget\" data-widget_type=\"divider.default\">\n\t\t\t\t<div class=\"elementor-widget-container\">\n\t\t\t\t\t\t\t<div class=\"elementor-divider\">\n\t\t\t<span class=\"elementor-divider-separator\">\n\t\t\t\t\t\t<\/span>\n\t\t<\/div>\n\t\t\t\t\t\t<\/div>\n\t\t\t\t<\/div>\n\t\t\t\t<div class=\"elementor-element elementor-element-f9c6603 elementor-widget elementor-widget-text-editor\" data-id=\"f9c6603\" data-element_type=\"widget\" data-e-type=\"widget\" data-widget_type=\"text-editor.default\">\n\t\t\t\t<div class=\"elementor-widget-container\">\n\t\t\t\t\t\t\t\t\t<p style=\"text-align: justify\"><strong>O processo de inscri\u00e7\u00e3o para a realiza\u00e7\u00e3o de provas e exames, no ano letivo 2025\/2026, efetua-se atrav\u00e9s da Plataforma de Inscri\u00e7\u00e3o Eletr\u00f3nica em Provas e Exames (PIEPE), dispon\u00edvel no endere\u00e7o:<\/strong><a href=\"https:\/\/jnepiepe.dge.mec.pt\/site\/login\" target=\"_blank\" rel=\"noopener\">\u00a0https:\/\/jnepiepe.dge.mec.pt\/site\/login<\/a><\/p><p style=\"text-align: center\"><strong><span style=\"color: #ff6600\">(1.\u00aa Fase: 6 a 19 de mar\u00e7o\u00a0\/ 2.\u00aa Fase: 14 a 15 de julho)<\/span><\/strong><\/p><p style=\"text-align: center\"><a href=\"\/ebspecalheta\/shared-files\/5822\/?manual_piepe_2026.pdf\" target=\"_blank\" rel=\"noopener\">Manual de apoio PIEPE<\/a><\/p><p style=\"text-align: center\"><a href=\"\/ebspecalheta\/shared-files\/5797\/?GuiaGeralExames2026.pdf\" target=\"_blank\" rel=\"noopener\">Guia Geral de Exames 2026<\/a><\/p>\t\t\t\t\t\t\t\t<\/div>\n\t\t\t\t<\/div>\n\t\t\t\t\t<\/div>\n\t\t\t\t<\/div>\n\t\t<div class=\"elementor-element elementor-element-7220304 e-flex e-con-boxed e-con e-parent\" data-id=\"7220304\" data-element_type=\"container\" data-e-type=\"container\">\n\t\t\t\t\t<div class=\"e-con-inner\">\n\t\t\t\t<div class=\"elementor-element elementor-element-62355ab elementor-widget elementor-widget-heading\" data-id=\"62355ab\" data-element_type=\"widget\" data-e-type=\"widget\" data-widget_type=\"heading.default\">\n\t\t\t\t<div class=\"elementor-widget-container\">\n\t\t\t\t\t<h2 class=\"elementor-heading-title elementor-size-default\">Calend\u00e1rios <\/h2>\t\t\t\t<\/div>\n\t\t\t\t<\/div>\n\t\t\t\t\t<\/div>\n\t\t\t\t<\/div>\n\t\t<div class=\"elementor-element elementor-element-3dbf982 e-flex e-con-boxed e-con e-parent\" data-id=\"3dbf982\" data-element_type=\"container\" data-e-type=\"container\">\n\t\t\t\t\t<div class=\"e-con-inner\">\n\t\t\t\t<div class=\"elementor-element elementor-element-22f35d6 elementor-widget elementor-widget-text-editor\" data-id=\"22f35d6\" data-element_type=\"widget\" data-e-type=\"widget\" data-widget_type=\"text-editor.default\">\n\t\t\t\t<div class=\"elementor-widget-container\">\n\t\t\t\t\t\t\t\t\t<p style=\"text-align: justify\"><a href=\"\/ebspecalheta\/shared-files\/5777\/?Despacho_14616-A-20259dezembro_calendario_exames.pdf\" target=\"_blank\" rel=\"noopener\">Despacho n.\u00ba 14616-A\/2025<\/a> &#8211; Aprova o calend\u00e1rio, para o ano letivo de 2025-2026, das provas de Monitoriza\u00e7\u00e3o da Aprendizagem, das provas finais do ensino b\u00e1sico, das provas de equival\u00eancia \u00e0 frequ\u00eancia do ensino b\u00e1sico, dos exames finais nacionais do ensino secund\u00e1rio e das provas de equival\u00eancia \u00e0 frequ\u00eancia do ensino secund\u00e1rio.<\/p>\t\t\t\t\t\t\t\t<\/div>\n\t\t\t\t<\/div>\n\t\t\t\t<div class=\"elementor-element elementor-element-aa5b2df elementor-widget-divider--view-line elementor-widget elementor-widget-divider\" data-id=\"aa5b2df\" data-element_type=\"widget\" data-e-type=\"widget\" data-widget_type=\"divider.default\">\n\t\t\t\t<div class=\"elementor-widget-container\">\n\t\t\t\t\t\t\t<div class=\"elementor-divider\">\n\t\t\t<span class=\"elementor-divider-separator\">\n\t\t\t\t\t\t<\/span>\n\t\t<\/div>\n\t\t\t\t\t\t<\/div>\n\t\t\t\t<\/div>\n\t\t\t\t\t<\/div>\n\t\t\t\t<\/div>\n\t\t<div class=\"elementor-element elementor-element-7e96957 e-flex e-con-boxed e-con e-parent\" data-id=\"7e96957\" data-element_type=\"container\" data-e-type=\"container\">\n\t\t\t\t\t<div class=\"e-con-inner\">\n\t\t\t\t<div class=\"elementor-element elementor-element-0c0e9c7 elementor-widget elementor-widget-heading\" data-id=\"0c0e9c7\" data-element_type=\"widget\" data-e-type=\"widget\" data-widget_type=\"heading.default\">\n\t\t\t\t<div class=\"elementor-widget-container\">\n\t\t\t\t\t<h2 class=\"elementor-heading-title elementor-size-default\">Pr\u00e9-requisitos <\/h2>\t\t\t\t<\/div>\n\t\t\t\t<\/div>\n\t\t\t\t<div class=\"elementor-element elementor-element-2022826 elementor-widget elementor-widget-text-editor\" data-id=\"2022826\" data-element_type=\"widget\" data-e-type=\"widget\" data-widget_type=\"text-editor.default\">\n\t\t\t\t<div class=\"elementor-widget-container\">\n\t\t\t\t\t\t\t\t\t<div class=\"shared-files-embed-69dfa5d718906 shared-files-main-container\" data-elem-class=\"shared-files-embed-69dfa5d718906\" data-search-type=\"0\" data-post-id=\"3571\"><div class=\"shared-files-search\"><ul class=\"shared-files-main-file-list\"><li class=\"shared-files-card-5946\"><div class=\"shared-files-main-elements\"><div class=\"shared-files-main-elements-left\" style=\"background-image: url(https:\/\/escoladigital.madeira.gov.pt\/ebspecalheta\/wp-content\/plugins\/shared-files\/img\/2020\/pdf.svg);\"><\/div><div class=\"shared-files-main-elements-right\"><a class=\"shared-files-file-title\"  data-file-type=\"\"  data-file-url=\"\/ebspecalheta\/shared-files\/5946\/?Deliberacao-454.2026_Pre.requisitos-2026.2027_10042026.pdf\"  data-external-url=\"\"  data-image-url=\"\" href=\"\/ebspecalheta\/shared-files\/5946\/?Deliberacao-454.2026_Pre.requisitos-2026.2027_10042026.pdf\" target=\"_blank\">Delibera\u00e7\u00e3o n.\u00ba 454\/2026 &#8211; Fixa os pr\u00e9-requisitos exigidos para a candidatura \u00e0 matr\u00edcula e inscri\u00e7\u00e3o no ensino superior no ano letivo de 2026-2027.<\/a><span class=\"shared-file-size\">14.93 MB<\/span><a href=\"https:\/\/escoladigital.madeira.gov.pt\/ebspecalheta\/shared-files\/5946\/?Deliberacao-454.2026_Pre.requisitos-2026.2027_10042026.pdf\" target=\"_blank\" class=\"shared-files-preview-button\">Visualiza\u00e7\u00e3o<\/a><span class=\"shared-file-date\">13 de Abril, 2026<\/span><div class=\"shared-files-download-counter\"><span>Downloads: 9<\/span><\/div><div class=\"shared-files-tags-container\"><span>exames<\/span><\/div><div class=\"shared-files-download-button-container\"><a href=\"\/ebspecalheta\/shared-files\/5946\/?Deliberacao-454.2026_Pre.requisitos-2026.2027_10042026.pdf&#038;download=1\" class=\"shared-files-download-button\"  download>Download<\/a><\/div><div class=\"shared-files-edit-actions\"><\/div><\/div><\/div><\/li><\/ul><\/div><\/div>\t\t\t\t\t\t\t\t<\/div>\n\t\t\t\t<\/div>\n\t\t\t\t<div class=\"elementor-element elementor-element-2e43589 elementor-widget-divider--view-line elementor-widget elementor-widget-divider\" data-id=\"2e43589\" data-element_type=\"widget\" data-e-type=\"widget\" data-widget_type=\"divider.default\">\n\t\t\t\t<div class=\"elementor-widget-container\">\n\t\t\t\t\t\t\t<div class=\"elementor-divider\">\n\t\t\t<span class=\"elementor-divider-separator\">\n\t\t\t\t\t\t<\/span>\n\t\t<\/div>\n\t\t\t\t\t\t<\/div>\n\t\t\t\t<\/div>\n\t\t\t\t\t<\/div>\n\t\t\t\t<\/div>\n\t\t<div class=\"elementor-element elementor-element-4275c6a e-flex e-con-boxed e-con e-parent\" data-id=\"4275c6a\" data-element_type=\"container\" data-e-type=\"container\">\n\t\t\t\t\t<div class=\"e-con-inner\">\n\t\t\t\t<div class=\"elementor-element elementor-element-519198c elementor-widget elementor-widget-heading\" data-id=\"519198c\" data-element_type=\"widget\" data-e-type=\"widget\" data-widget_type=\"heading.default\">\n\t\t\t\t<div class=\"elementor-widget-container\">\n\t\t\t\t\t<h2 class=\"elementor-heading-title elementor-size-default\">Normas<\/h2>\t\t\t\t<\/div>\n\t\t\t\t<\/div>\n\t\t\t\t\t<\/div>\n\t\t\t\t<\/div>\n\t\t<div class=\"elementor-element elementor-element-d5405de e-flex e-con-boxed e-con e-parent\" data-id=\"d5405de\" data-element_type=\"container\" data-e-type=\"container\">\n\t\t\t\t\t<div class=\"e-con-inner\">\n\t\t\t\t<div class=\"elementor-element elementor-element-7d340ad elementor-widget elementor-widget-text-editor\" data-id=\"7d340ad\" data-element_type=\"widget\" data-e-type=\"widget\" data-widget_type=\"text-editor.default\">\n\t\t\t\t<div class=\"elementor-widget-container\">\n\t\t\t\t\t\t\t\t\t<p style=\"text-align: justify\"><a href=\"\/ebspecalheta\/shared-files\/5778\/?norma_01_2026_inscricoes.pdf\" target=\"_blank\" rel=\"noopener\">Norma 01\/JNE\/2026<\/a>\u00a0 &#8211; Instru\u00e7\u00f5es para realiza\u00e7\u00e3o Provas e Exames do Ensino B\u00e1sico e do Ensino Secund\u00e1rio<\/p><div class=\"shared-files-embed-69dfa5d71b3b2 shared-files-main-container\" data-elem-class=\"shared-files-embed-69dfa5d71b3b2\" data-search-type=\"0\" data-post-id=\"5946\"><div class=\"shared-files-search\"><ul class=\"shared-files-main-file-list\"><li class=\"shared-files-card-5911\"><div class=\"shared-files-main-elements\"><div class=\"shared-files-main-elements-left\" style=\"background-image: url(https:\/\/escoladigital.madeira.gov.pt\/ebspecalheta\/wp-content\/plugins\/shared-files\/img\/2020\/pdf.svg);\"><\/div><div class=\"shared-files-main-elements-right\"><a class=\"shared-files-file-title\"  data-file-type=\"\"  data-file-url=\"\/ebspecalheta\/shared-files\/5911\/?Norma2JNE2026.pdf\"  data-external-url=\"\"  data-image-url=\"\" href=\"\/ebspecalheta\/shared-files\/5911\/?Norma2JNE2026.pdf\" target=\"_blank\">Norma 2\/JNE\/2026 &#8211; Instru\u00e7\u00f5es para realiza\u00e7\u00e3o Classifica\u00e7\u00e3o Reaprecia\u00e7\u00e3o Reclama\u00e7\u00e3o: Provas e Exames do Ensino B\u00e1sico e do Ensino Secund\u00e1rio<\/a><span class=\"shared-file-size\">6.85 MB<\/span><a href=\"https:\/\/escoladigital.madeira.gov.pt\/ebspecalheta\/shared-files\/5911\/?Norma2JNE2026.pdf\" target=\"_blank\" class=\"shared-files-preview-button\">Visualiza\u00e7\u00e3o<\/a><span class=\"shared-file-date\">25 de Mar\u00e7o, 2026<\/span><div class=\"shared-files-download-counter\"><span>Downloads: 37<\/span><\/div><div class=\"shared-files-tags-container\"><span>exames<\/span><\/div><div class=\"shared-files-download-button-container\"><a href=\"\/ebspecalheta\/shared-files\/5911\/?Norma2JNE2026.pdf&#038;download=1\" class=\"shared-files-download-button\"  download>Download<\/a><\/div><div class=\"shared-files-edit-actions\"><\/div><\/div><\/div><\/li><\/ul><\/div><\/div>\t\t\t\t\t\t\t\t<\/div>\n\t\t\t\t<\/div>\n\t\t\t\t<div class=\"elementor-element elementor-element-5aa99de elementor-widget-divider--view-line elementor-widget elementor-widget-divider\" data-id=\"5aa99de\" data-element_type=\"widget\" data-e-type=\"widget\" data-widget_type=\"divider.default\">\n\t\t\t\t<div class=\"elementor-widget-container\">\n\t\t\t\t\t\t\t<div class=\"elementor-divider\">\n\t\t\t<span class=\"elementor-divider-separator\">\n\t\t\t\t\t\t<\/span>\n\t\t<\/div>\n\t\t\t\t\t\t<\/div>\n\t\t\t\t<\/div>\n\t\t\t\t\t<\/div>\n\t\t\t\t<\/div>\n\t\t<div class=\"elementor-element elementor-element-812b2ec e-flex e-con-boxed e-con e-parent\" data-id=\"812b2ec\" data-element_type=\"container\" data-e-type=\"container\">\n\t\t\t\t\t<div class=\"e-con-inner\">\n\t\t\t\t<div class=\"elementor-element elementor-element-6579194 elementor-widget elementor-widget-heading\" data-id=\"6579194\" data-element_type=\"widget\" data-e-type=\"widget\" data-widget_type=\"heading.default\">\n\t\t\t\t<div class=\"elementor-widget-container\">\n\t\t\t\t\t<h2 class=\"elementor-heading-title elementor-size-default\"> Modelos<\/h2>\t\t\t\t<\/div>\n\t\t\t\t<\/div>\n\t\t\t\t<div class=\"elementor-element elementor-element-a0d5584 elementor-widget-divider--view-line elementor-widget elementor-widget-divider\" data-id=\"a0d5584\" data-element_type=\"widget\" data-e-type=\"widget\" data-widget_type=\"divider.default\">\n\t\t\t\t<div class=\"elementor-widget-container\">\n\t\t\t\t\t\t\t<div class=\"elementor-divider\">\n\t\t\t<span class=\"elementor-divider-separator\">\n\t\t\t\t\t\t<\/span>\n\t\t<\/div>\n\t\t\t\t\t\t<\/div>\n\t\t\t\t<\/div>\n\t\t\t\t\t<\/div>\n\t\t\t\t<\/div>\n\t\t<div class=\"elementor-element elementor-element-e050578 e-flex e-con-boxed e-con e-parent\" data-id=\"e050578\" data-element_type=\"container\" data-e-type=\"container\">\n\t\t\t\t\t<div class=\"e-con-inner\">\n\t\t\t\t<div class=\"elementor-element elementor-element-41b0522 elementor-widget elementor-widget-heading\" data-id=\"41b0522\" data-element_type=\"widget\" data-e-type=\"widget\" data-widget_type=\"heading.default\">\n\t\t\t\t<div class=\"elementor-widget-container\">\n\t\t\t\t\t<h2 class=\"elementor-heading-title elementor-size-default\">Calculadoras<\/h2>\t\t\t\t<\/div>\n\t\t\t\t<\/div>\n\t\t\t\t<div class=\"elementor-element elementor-element-4874049 elementor-widget-divider--view-line elementor-widget elementor-widget-divider\" data-id=\"4874049\" data-element_type=\"widget\" data-e-type=\"widget\" data-widget_type=\"divider.default\">\n\t\t\t\t<div class=\"elementor-widget-container\">\n\t\t\t\t\t\t\t<div class=\"elementor-divider\">\n\t\t\t<span class=\"elementor-divider-separator\">\n\t\t\t\t\t\t<\/span>\n\t\t<\/div>\n\t\t\t\t\t\t<\/div>\n\t\t\t\t<\/div>\n\t\t\t\t\t<\/div>\n\t\t\t\t<\/div>\n\t\t<div class=\"elementor-element elementor-element-875f92e e-flex e-con-boxed e-con e-parent\" data-id=\"875f92e\" data-element_type=\"container\" data-e-type=\"container\">\n\t\t\t\t\t<div class=\"e-con-inner\">\n\t\t\t\t<div class=\"elementor-element elementor-element-b6ffff8 elementor-widget elementor-widget-heading\" data-id=\"b6ffff8\" data-element_type=\"widget\" data-e-type=\"widget\" data-widget_type=\"heading.default\">\n\t\t\t\t<div class=\"elementor-widget-container\">\n\t\t\t\t\t<h2 class=\"elementor-heading-title elementor-size-default\">Despachos<\/h2>\t\t\t\t<\/div>\n\t\t\t\t<\/div>\n\t\t\t\t\t<\/div>\n\t\t\t\t<\/div>\n\t\t<div class=\"elementor-element elementor-element-46c8a12 e-flex e-con-boxed e-con e-parent\" data-id=\"46c8a12\" data-element_type=\"container\" data-e-type=\"container\">\n\t\t\t\t\t<div class=\"e-con-inner\">\n\t\t\t\t<div class=\"elementor-element elementor-element-bd6ef6c elementor-widget elementor-widget-text-editor\" data-id=\"bd6ef6c\" data-element_type=\"widget\" data-e-type=\"widget\" data-widget_type=\"text-editor.default\">\n\t\t\t\t<div class=\"elementor-widget-container\">\n\t\t\t\t\t\t\t\t\t<p style=\"text-align: justify\"><a href=\"\/ebspecalheta\/shared-files\/5776\/?RegulamentoProvasExamesDespacho3-2026.pdf\" target=\"_blank\" rel=\"noopener\">Despacho Normativo n.\u00ba 3\/2026<\/a> &#8211; Regulamento das Provas de Avalia\u00e7\u00e3o Externa e das Provas de Equival\u00eancia \u00e0 Frequ\u00eancia dos Ensinos B\u00e1sico e Secund\u00e1rio para os anos letivos de 2025-2026 a 2027-2028 (e revoga o Despacho Normativo n.\u00ba 2-A\/2025, de 3 de mar\u00e7o.)<\/p>\t\t\t\t\t\t\t\t<\/div>\n\t\t\t\t<\/div>\n\t\t\t\t<div class=\"elementor-element elementor-element-91a59b0 elementor-widget-divider--view-line elementor-widget elementor-widget-divider\" data-id=\"91a59b0\" data-element_type=\"widget\" data-e-type=\"widget\" data-widget_type=\"divider.default\">\n\t\t\t\t<div class=\"elementor-widget-container\">\n\t\t\t\t\t\t\t<div class=\"elementor-divider\">\n\t\t\t<span class=\"elementor-divider-separator\">\n\t\t\t\t\t\t<\/span>\n\t\t<\/div>\n\t\t\t\t\t\t<\/div>\n\t\t\t\t<\/div>\n\t\t\t\t\t<\/div>\n\t\t\t\t<\/div>\n\t\t\t\t<\/div>\n\t\t","protected":false},"excerpt":{"rendered":"<p>Exames 2026 Informa\u00e7\u00f5es gerais 2026 O processo de inscri\u00e7\u00e3o para a realiza\u00e7\u00e3o de provas e exames, no ano letivo 2025\/2026, efetua-se atrav\u00e9s da Plataforma de Inscri\u00e7\u00e3o Eletr\u00f3nica em Provas e Exames (PIEPE), dispon\u00edvel no endere\u00e7o:\u00a0https:\/\/jnepiepe.dge.mec.pt\/site\/login (1.\u00aa Fase: 6 a 19 de mar\u00e7o\u00a0\/ 2.\u00aa Fase: 14 a 15 de julho) Manual de apoio PIEPE Guia Geral [&hellip;]<\/p>\n","protected":false},"author":79,"featured_media":0,"parent":0,"menu_order":0,"comment_status":"closed","ping_status":"closed","template":"","meta":{"site-sidebar-layout":"no-sidebar","site-content-layout":"","ast-site-content-layout":"full-width-container","site-content-style":"default","site-sidebar-style":"default","ast-global-header-display":"","ast-banner-title-visibility":"","ast-main-header-display":"","ast-hfb-above-header-display":"","ast-hfb-below-header-display":"","ast-hfb-mobile-header-display":"","site-post-title":"disabled","ast-breadcrumbs-content":"","ast-featured-img":"disabled","footer-sml-layout":"","ast-disable-related-posts":"","theme-transparent-header-meta":"","adv-header-id-meta":"","stick-header-meta":"","header-above-stick-meta":"","header-main-stick-meta":"","header-below-stick-meta":"","astra-migrate-meta-layouts":"default","ast-page-background-enabled":"default","ast-page-background-meta":{"desktop":{"background-color":"var(--ast-global-color-4)","background-image":"","background-repeat":"repeat","background-position":"center center","background-size":"auto","background-attachment":"scroll","background-type":"","background-media":"","overlay-type":"","overlay-color":"","overlay-opacity":"","overlay-gradient":""},"tablet":{"background-color":"","background-image":"","background-repeat":"repeat","background-position":"center center","background-size":"auto","background-attachment":"scroll","background-type":"","background-media":"","overlay-type":"","overlay-color":"","overlay-opacity":"","overlay-gradient":""},"mobile":{"background-color":"","background-image":"","background-repeat":"repeat","background-position":"center center","background-size":"auto","background-attachment":"scroll","background-type":"","background-media":"","overlay-type":"","overlay-color":"","overlay-opacity":"","overlay-gradient":""}},"ast-content-background-meta":{"desktop":{"background-color":"var(--ast-global-color-5)","background-image":"","background-repeat":"repeat","background-position":"center center","background-size":"auto","background-attachment":"scroll","background-type":"","background-media":"","overlay-type":"","overlay-color":"","overlay-opacity":"","overlay-gradient":""},"tablet":{"background-color":"var(--ast-global-color-5)","background-image":"","background-repeat":"repeat","background-position":"center center","background-size":"auto","background-attachment":"scroll","background-type":"","background-media":"","overlay-type":"","overlay-color":"","overlay-opacity":"","overlay-gradient":""},"mobile":{"background-color":"var(--ast-global-color-5)","background-image":"","background-repeat":"repeat","background-position":"center center","background-size":"auto","background-attachment":"scroll","background-type":"","background-media":"","overlay-type":"","overlay-color":"","overlay-opacity":"","overlay-gradient":""}},"_themeisle_gutenberg_block_has_review":false,"footnotes":""},"class_list":["post-3571","page","type-page","status-publish","hentry"],"_links":{"self":[{"href":"https:\/\/escoladigital.madeira.gov.pt\/ebspecalheta\/wp-json\/wp\/v2\/pages\/3571","targetHints":{"allow":["GET"]}}],"collection":[{"href":"https:\/\/escoladigital.madeira.gov.pt\/ebspecalheta\/wp-json\/wp\/v2\/pages"}],"about":[{"href":"https:\/\/escoladigital.madeira.gov.pt\/ebspecalheta\/wp-json\/wp\/v2\/types\/page"}],"author":[{"embeddable":true,"href":"https:\/\/escoladigital.madeira.gov.pt\/ebspecalheta\/wp-json\/wp\/v2\/users\/79"}],"replies":[{"embeddable":true,"href":"https:\/\/escoladigital.madeira.gov.pt\/ebspecalheta\/wp-json\/wp\/v2\/comments?post=3571"}],"version-history":[{"count":53,"href":"https:\/\/escoladigital.madeira.gov.pt\/ebspecalheta\/wp-json\/wp\/v2\/pages\/3571\/revisions"}],"predecessor-version":[{"id":5949,"href":"https:\/\/escoladigital.madeira.gov.pt\/ebspecalheta\/wp-json\/wp\/v2\/pages\/3571\/revisions\/5949"}],"wp:attachment":[{"href":"https:\/\/escoladigital.madeira.gov.pt\/ebspecalheta\/wp-json\/wp\/v2\/media?parent=3571"}],"curies":[{"name":"wp","href":"https:\/\/api.w.org\/{rel}","templated":true}]}}