{"id":4801,"date":"2025-12-02T17:49:41","date_gmt":"2025-12-02T17:49:41","guid":{"rendered":"https:\/\/escoladigital.madeira.gov.pt\/ebspecalheta\/?page_id=4801"},"modified":"2025-12-02T17:53:25","modified_gmt":"2025-12-02T17:53:25","slug":"ecoescolas","status":"publish","type":"page","link":"https:\/\/escoladigital.madeira.gov.pt\/ebspecalheta\/projetos\/ecoescolas\/","title":{"rendered":"Eco Escolas"},"content":{"rendered":"\t\t<div data-elementor-type=\"wp-page\" data-elementor-id=\"4801\" class=\"elementor elementor-4801\">\n\t\t\t\t<div class=\"elementor-element elementor-element-00ded4f e-flex e-con-boxed e-con e-parent\" data-id=\"00ded4f\" data-element_type=\"container\" data-e-type=\"container\">\n\t\t\t\t\t<div class=\"e-con-inner\">\n\t\t\t\t<div class=\"elementor-element elementor-element-70d170a elementor-widget elementor-widget-text-editor\" data-id=\"70d170a\" data-element_type=\"widget\" data-e-type=\"widget\" data-widget_type=\"text-editor.default\">\n\t\t\t\t<div class=\"elementor-widget-container\">\n\t\t\t\t\t\t\t\t\t<h2>Eco Escolas<\/h2>\t\t\t\t\t\t\t\t<\/div>\n\t\t\t\t<\/div>\n\t\t\t\t\t<\/div>\n\t\t\t\t<\/div>\n\t\t<div class=\"elementor-element elementor-element-ddc2be6 e-flex e-con-boxed e-con e-parent\" data-id=\"ddc2be6\" data-element_type=\"container\" data-e-type=\"container\">\n\t\t\t\t\t<div class=\"e-con-inner\">\n\t\t\t\t<div class=\"elementor-element elementor-element-9572d49 elementor-widget elementor-widget-text-editor\" data-id=\"9572d49\" data-element_type=\"widget\" data-e-type=\"widget\" data-widget_type=\"text-editor.default\">\n\t\t\t\t<div class=\"elementor-widget-container\">\n\t\t\t\t\t\t\t\t\t<p>Os objetivos deste projeto centram-se no respeito pelo ambiente e pelo desenvolvimento sustent\u00e1vel. Durante o ano letivo, desenvolve algumas atividades como:<\/p><p>&#8211;\u00a0 participa\u00e7\u00e3o em concursos relacionados com o ambiente;<\/p><p>&#8211; visitas de estudo;<\/p><p>&#8211; desenvolvimento de a\u00e7\u00f5es de sensibiliza\u00e7\u00e3o sobre o ambiente (cartazes, v\u00eddeos&#8230;).<\/p>\t\t\t\t\t\t\t\t<\/div>\n\t\t\t\t<\/div>\n\t\t\t\t\t<\/div>\n\t\t\t\t<\/div>\n\t\t<div class=\"elementor-element elementor-element-40a44c0 e-flex e-con-boxed e-con e-parent\" data-id=\"40a44c0\" data-element_type=\"container\" data-e-type=\"container\">\n\t\t\t\t\t<div class=\"e-con-inner\">\n\t\t\t\t<div class=\"elementor-element elementor-element-4edf865 elementor-widget elementor-widget-html\" data-id=\"4edf865\" data-element_type=\"widget\" data-e-type=\"widget\" data-widget_type=\"html.default\">\n\t\t\t\t<div class=\"elementor-widget-container\">\n\t\t\t\t\t<table style=\"border-collapse: collapse;width: 101.008%;font-family: Arial, sans-serif;text-align: center;border: 2px solid #517faa\">\r\n<thead>\r\n<tr style=\"background-color: #517faa;color: white\">\r\n<th style=\"border: 1px solid white;padding: 8px;width: 24.3914%\">Polo da Calheta<\/th>\r\n<th style=\"border: 1px solid white;padding: 8px;width: 12.6895%\">2.&ordf; Feira<\/th>\r\n<th style=\"border: 1px solid white;padding: 8px;width: 16.1359%\">3.&ordf; Feira<\/th>\r\n<th style=\"border: 1px solid white;padding: 8px;width: 17.9646%\">4.&ordf; Feira<\/th>\r\n<th style=\"border: 1px solid white;padding: 8px;width: 16.0014%\">5.&ordf; Feira<\/th>\r\n<th style=\"border: 1px solid white;padding: 8px;width: 13.535%\">6.&ordf; Feira<\/th>\r\n<\/tr>\r\n<\/thead>\r\n<tbody>\r\n<tr style=\"background-color: #f2f2f2\">\r\n<td style=\"border: 1px solid #517faa;padding: 8px;width: 24.3914%\">Eco-Escolas<br \/>(Andrea N&oacute;brega\/Daniel Jardim)<\/td>\r\n<td style=\"border: 1px solid #517faa;padding: 1px;width: 12.6895%\">&nbsp;<\/td>\r\n<td style=\"border: 1px solid #517faa;padding: 1px;width: 16.1359%\">12:35 &agrave;s 13:20<br \/>e<br \/>13:35 &agrave;s 14:20<\/td>\r\n<td style=\"border: 1px solid #517faa;padding: 8px;width: 17.9646%\">12:35 &agrave;s 13:20<br \/>e<br \/>13:35 &agrave;s 14:20<\/td>\r\n<td style=\"border: 1px solid #517faa;padding: 8px;width: 16.0014%\">12:35 &agrave;s 13:20<br \/>e<br \/>13:35 &agrave;s 14:20<\/td>\r\n<td style=\"border: 1px solid #517faa;padding: 0px;width: 13.535%\">&nbsp;<\/td>\r\n<\/tr>\r\n<\/tbody>\r\n<\/table>\r\n\r\n\t\t\t\t<\/div>\n\t\t\t\t<\/div>\n\t\t<div class=\"elementor-element elementor-element-9238e4c e-con-full e-flex e-con e-child\" data-id=\"9238e4c\" data-element_type=\"container\" data-e-type=\"container\">\n\t\t\t\t<div class=\"elementor-element elementor-element-0192b11 elementor-widget elementor-widget-text-editor\" data-id=\"0192b11\" data-element_type=\"widget\" data-e-type=\"widget\" data-widget_type=\"text-editor.default\">\n\t\t\t\t<div class=\"elementor-widget-container\">\n\t\t\t\t\t\t\t\t\t<table style=\"border-collapse: collapse;width: 100%;font-family: Arial, sans-serif;text-align: center;border: 2px solid #517FAA\">\n<thead>\n<tr style=\"background-color: #517faa;color: white\">\n<th style=\"border: 1px solid white;padding: 8px\">Polo da Faj&atilde;<\/th>\n<th style=\"border: 1px solid white;padding: 8px\">2.&ordf; Feira<\/th>\n<th style=\"border: 1px solid white;padding: 8px\">3.&ordf; Feira<\/th>\n<th style=\"border: 1px solid white;padding: 8px\">4.&ordf; Feira<\/th>\n<th style=\"border: 1px solid white;padding: 8px\">5.&ordf; Feira<\/th>\n<th style=\"border: 1px solid white;padding: 8px\">6.&ordf; Feira<\/th>\n<\/tr>\n<\/thead>\n<tbody>\n<tr style=\"background-color: #f2f2f2\">\n<td style=\"border: 1px solid #517FAA;padding: 8px\">Eco-Escolas<br \/>(Sandra Meneses)<\/td>\n<td style=\"border: 1px solid #517FAA;padding: 8px\">&nbsp;<\/td>\n<td style=\"border: 1px solid #517FAA;padding: 8px\">&nbsp;<\/td>\n<td style=\"border: 1px solid #517FAA;padding: 8px\">&nbsp;<\/td>\n<td style=\"border: 1px solid #517FAA;padding: 8px\">13:35 &agrave;s 14:20<\/td>\n<td style=\"border: 1px solid #517FAA;padding: 8px\">&nbsp;<\/td>\n<\/tr>\n<\/tbody>\n<\/table>\n\t\t\t\t\t\t\t\t<\/div>\n\t\t\t\t<\/div>\n\t\t\t\t<\/div>\n\t\t\t\t\t<\/div>\n\t\t\t\t<\/div>\n\t\t<div class=\"elementor-element elementor-element-9bf0810 e-flex e-con-boxed e-con e-parent\" data-id=\"9bf0810\" data-element_type=\"container\" data-e-type=\"container\">\n\t\t\t\t\t<div class=\"e-con-inner\">\n\t\t\t\t<div class=\"elementor-element elementor-element-164522d elementor-grid-eael-col-4 elementor-grid-tablet-eael-col-2 elementor-grid-mobile-eael-col-1 elementor-widget elementor-widget-eael-post-grid\" data-id=\"164522d\" data-element_type=\"widget\" data-e-type=\"widget\" data-settings=\"{&quot;eael_post_grid_columns&quot;:&quot;eael-col-4&quot;,&quot;eael_post_grid_columns_tablet&quot;:&quot;eael-col-2&quot;,&quot;eael_post_grid_columns_mobile&quot;:&quot;eael-col-1&quot;}\" data-widget_type=\"eael-post-grid.default\">\n\t\t\t\t<div class=\"elementor-widget-container\">\n\t\t\t\t\t<div id=\"eael-post-grid-164522d\" class=\"eael-post-grid-container\">\n            <div class=\"eael-post-grid eael-post-appender eael-post-appender-164522d eael-post-grid-style-one\" data-layout-mode=\"grid\"><article class=\"eael-grid-post  eael-post-grid-column eael-pg-post-5925 category-eco-escolas\" data-id=\"5925\">\n        <div class=\"eael-grid-post-holder\">\n            <div class=\"eael-grid-post-holder-inner\"><div class=\"eael-entry-media\"><div class=\"eael-entry-overlay fade-in\"><i class=\"fas fa-long-arrow-alt-right\" aria-hidden=\"true\"><\/i><a href=\"https:\/\/escoladigital.madeira.gov.pt\/ebspecalheta\/2026\/03\/27\/sensibilizar-para-poupar-sessao-sobre-energia-e-sustentabilidade-na-escola\/\"><\/a><\/div><div class=\"eael-entry-thumbnail \">\n                <img fetchpriority=\"high\" decoding=\"async\" width=\"300\" height=\"169\" src=\"https:\/\/escoladigital.madeira.gov.pt\/ebspecalheta\/wp-content\/uploads\/sites\/3\/2026\/03\/energia1-300x169.jpg\" class=\"attachment-medium size-medium wp-image-5928\" alt=\"\" srcset=\"https:\/\/escoladigital.madeira.gov.pt\/ebspecalheta\/wp-content\/uploads\/sites\/3\/2026\/03\/energia1-300x169.jpg 300w, https:\/\/escoladigital.madeira.gov.pt\/ebspecalheta\/wp-content\/uploads\/sites\/3\/2026\/03\/energia1-1024x576.jpg 1024w, https:\/\/escoladigital.madeira.gov.pt\/ebspecalheta\/wp-content\/uploads\/sites\/3\/2026\/03\/energia1-768x432.jpg 768w, https:\/\/escoladigital.madeira.gov.pt\/ebspecalheta\/wp-content\/uploads\/sites\/3\/2026\/03\/energia1.jpg 1280w\" sizes=\"(max-width: 300px) 100vw, 300px\" \/>\n            <\/div>\n        <\/div><div class=\"eael-entry-wrapper\"><header class=\"eael-entry-header\"><h2 class=\"eael-entry-title\"><a class=\"eael-grid-post-link\" href=\"https:\/\/escoladigital.madeira.gov.pt\/ebspecalheta\/2026\/03\/27\/sensibilizar-para-poupar-sessao-sobre-energia-e-sustentabilidade-na-escola\/\" title=\"Sensibilizar para Poupar: Sess\u00e3o sobre Energia e Sustentabilidade na Escola\">Sensibilizar para Poupar: Sess\u00e3o sobre Energia e Sustentabilidade na Escola<\/a><\/h2><\/header><div class=\"eael-entry-header-after\"><div class=\"eael-entry-meta\"><span class=\"eael-posted-on\"><time datetime=\"27 de Mar\u00e7o, 2026\">27 de Mar\u00e7o, 2026<\/time><\/span><\/div><\/div><div class=\"eael-entry-content\">\n                        <div class=\"eael-grid-post-excerpt\"><p>No passado dia 26 de mar\u00e7o, realizou-se na nossa escola...<\/p><a href=\"https:\/\/escoladigital.madeira.gov.pt\/ebspecalheta\/2026\/03\/27\/sensibilizar-para-poupar-sessao-sobre-energia-e-sustentabilidade-na-escola\/\" class=\"eael-post-elements-readmore-btn\">Ler mais<\/a><\/div>\n                    <\/div><\/div><\/div>\n        <\/div>\n    <\/article><article class=\"eael-grid-post  eael-post-grid-column eael-pg-post-5564 category-eco-escolas\" data-id=\"5564\">\n        <div class=\"eael-grid-post-holder\">\n            <div class=\"eael-grid-post-holder-inner\"><div class=\"eael-entry-media\"><div class=\"eael-entry-overlay fade-in\"><i class=\"fas fa-long-arrow-alt-right\" aria-hidden=\"true\"><\/i><a href=\"https:\/\/escoladigital.madeira.gov.pt\/ebspecalheta\/2026\/02\/23\/campanha-de-recolha-programa-escola-eletrao-polo-da-faja\/\"><\/a><\/div><div class=\"eael-entry-thumbnail \">\n                <img decoding=\"async\" width=\"300\" height=\"300\" src=\"https:\/\/escoladigital.madeira.gov.pt\/ebspecalheta\/wp-content\/uploads\/sites\/3\/2026\/02\/eletrao-300x300.png\" class=\"attachment-medium size-medium wp-image-5566\" alt=\"\" srcset=\"https:\/\/escoladigital.madeira.gov.pt\/ebspecalheta\/wp-content\/uploads\/sites\/3\/2026\/02\/eletrao-300x300.png 300w, https:\/\/escoladigital.madeira.gov.pt\/ebspecalheta\/wp-content\/uploads\/sites\/3\/2026\/02\/eletrao-1024x1024.png 1024w, https:\/\/escoladigital.madeira.gov.pt\/ebspecalheta\/wp-content\/uploads\/sites\/3\/2026\/02\/eletrao-150x150.png 150w, https:\/\/escoladigital.madeira.gov.pt\/ebspecalheta\/wp-content\/uploads\/sites\/3\/2026\/02\/eletrao-768x768.png 768w, https:\/\/escoladigital.madeira.gov.pt\/ebspecalheta\/wp-content\/uploads\/sites\/3\/2026\/02\/eletrao.png 1080w\" sizes=\"(max-width: 300px) 100vw, 300px\" \/>\n            <\/div>\n        <\/div><div class=\"eael-entry-wrapper\"><header class=\"eael-entry-header\"><h2 class=\"eael-entry-title\"><a class=\"eael-grid-post-link\" href=\"https:\/\/escoladigital.madeira.gov.pt\/ebspecalheta\/2026\/02\/23\/campanha-de-recolha-programa-escola-eletrao-polo-da-faja\/\" title=\"Campanha de Recolha &#8211; Programa Escola Eletr\u00e3o (Polo da Faj\u00e3)\">Campanha de Recolha &#8211; Programa Escola Eletr\u00e3o (Polo da Faj\u00e3)<\/a><\/h2><\/header><div class=\"eael-entry-header-after\"><div class=\"eael-entry-meta\"><span class=\"eael-posted-on\"><time datetime=\"23 de Fevereiro, 2026\">23 de Fevereiro, 2026<\/time><\/span><\/div><\/div><div class=\"eael-entry-content\">\n                        <div class=\"eael-grid-post-excerpt\"><p><\/p><a href=\"https:\/\/escoladigital.madeira.gov.pt\/ebspecalheta\/2026\/02\/23\/campanha-de-recolha-programa-escola-eletrao-polo-da-faja\/\" class=\"eael-post-elements-readmore-btn\">Ler mais<\/a><\/div>\n                    <\/div><\/div><\/div>\n        <\/div>\n    <\/article><article class=\"eael-grid-post  eael-post-grid-column eael-pg-post-5191 category-eco-escolas\" data-id=\"5191\">\n        <div class=\"eael-grid-post-holder\">\n            <div class=\"eael-grid-post-holder-inner\"><div class=\"eael-entry-media\"><div class=\"eael-entry-overlay fade-in\"><i class=\"fas fa-long-arrow-alt-right\" aria-hidden=\"true\"><\/i><a href=\"https:\/\/escoladigital.madeira.gov.pt\/ebspecalheta\/2026\/01\/28\/polos-da-calheta-e-faja-da-ovelha-distinguidos-com-bandeira-verde-eco-escolas\/\"><\/a><\/div><div class=\"eael-entry-thumbnail \">\n                <img decoding=\"async\" width=\"300\" height=\"169\" src=\"https:\/\/escoladigital.madeira.gov.pt\/ebspecalheta\/wp-content\/uploads\/sites\/3\/2026\/01\/eco27jan-300x169.jpg\" class=\"attachment-medium size-medium wp-image-5192\" alt=\"\" srcset=\"https:\/\/escoladigital.madeira.gov.pt\/ebspecalheta\/wp-content\/uploads\/sites\/3\/2026\/01\/eco27jan-300x169.jpg 300w, https:\/\/escoladigital.madeira.gov.pt\/ebspecalheta\/wp-content\/uploads\/sites\/3\/2026\/01\/eco27jan-1024x576.jpg 1024w, https:\/\/escoladigital.madeira.gov.pt\/ebspecalheta\/wp-content\/uploads\/sites\/3\/2026\/01\/eco27jan-768x432.jpg 768w, https:\/\/escoladigital.madeira.gov.pt\/ebspecalheta\/wp-content\/uploads\/sites\/3\/2026\/01\/eco27jan.jpg 1280w\" sizes=\"(max-width: 300px) 100vw, 300px\" \/>\n            <\/div>\n        <\/div><div class=\"eael-entry-wrapper\"><header class=\"eael-entry-header\"><h2 class=\"eael-entry-title\"><a class=\"eael-grid-post-link\" href=\"https:\/\/escoladigital.madeira.gov.pt\/ebspecalheta\/2026\/01\/28\/polos-da-calheta-e-faja-da-ovelha-distinguidos-com-bandeira-verde-eco-escolas\/\" title=\"Polos da Calheta e Faj\u00e3 da Ovelha distinguidos com Bandeira Verde Eco-Escolas\">Polos da Calheta e Faj\u00e3 da Ovelha distinguidos com Bandeira Verde Eco-Escolas<\/a><\/h2><\/header><div class=\"eael-entry-header-after\"><div class=\"eael-entry-meta\"><span class=\"eael-posted-on\"><time datetime=\"28 de Janeiro, 2026\">28 de Janeiro, 2026<\/time><\/span><\/div><\/div><div class=\"eael-entry-content\">\n                        <div class=\"eael-grid-post-excerpt\"><p>Os Polos da Calheta e da Faj\u00e3 da Ovelha foram...<\/p><a href=\"https:\/\/escoladigital.madeira.gov.pt\/ebspecalheta\/2026\/01\/28\/polos-da-calheta-e-faja-da-ovelha-distinguidos-com-bandeira-verde-eco-escolas\/\" class=\"eael-post-elements-readmore-btn\">Ler mais<\/a><\/div>\n                    <\/div><\/div><\/div>\n        <\/div>\n    <\/article><article class=\"eael-grid-post  eael-post-grid-column eael-pg-post-4253 category-eco-escolas\" data-id=\"4253\">\n        <div class=\"eael-grid-post-holder\">\n            <div class=\"eael-grid-post-holder-inner\"><div class=\"eael-entry-media\"><div class=\"eael-entry-overlay fade-in\"><i class=\"fas fa-long-arrow-alt-right\" aria-hidden=\"true\"><\/i><a href=\"https:\/\/escoladigital.madeira.gov.pt\/ebspecalheta\/2025\/09\/30\/projeto-eco-escolas-polo-calheta\/\"><\/a><\/div><div class=\"eael-entry-thumbnail \">\n                <img loading=\"lazy\" decoding=\"async\" width=\"212\" height=\"300\" src=\"https:\/\/escoladigital.madeira.gov.pt\/ebspecalheta\/wp-content\/uploads\/sites\/3\/2025\/09\/DivulgacaoEco-212x300.png\" class=\"attachment-medium size-medium wp-image-4255\" alt=\"\" srcset=\"https:\/\/escoladigital.madeira.gov.pt\/ebspecalheta\/wp-content\/uploads\/sites\/3\/2025\/09\/DivulgacaoEco-212x300.png 212w, https:\/\/escoladigital.madeira.gov.pt\/ebspecalheta\/wp-content\/uploads\/sites\/3\/2025\/09\/DivulgacaoEco-724x1024.png 724w, https:\/\/escoladigital.madeira.gov.pt\/ebspecalheta\/wp-content\/uploads\/sites\/3\/2025\/09\/DivulgacaoEco-768x1086.png 768w, https:\/\/escoladigital.madeira.gov.pt\/ebspecalheta\/wp-content\/uploads\/sites\/3\/2025\/09\/DivulgacaoEco-1086x1536.png 1086w, https:\/\/escoladigital.madeira.gov.pt\/ebspecalheta\/wp-content\/uploads\/sites\/3\/2025\/09\/DivulgacaoEco-1448x2048.png 1448w, https:\/\/escoladigital.madeira.gov.pt\/ebspecalheta\/wp-content\/uploads\/sites\/3\/2025\/09\/DivulgacaoEco.png 1587w\" sizes=\"(max-width: 212px) 100vw, 212px\" \/>\n            <\/div>\n        <\/div><div class=\"eael-entry-wrapper\"><header class=\"eael-entry-header\"><h2 class=\"eael-entry-title\"><a class=\"eael-grid-post-link\" href=\"https:\/\/escoladigital.madeira.gov.pt\/ebspecalheta\/2025\/09\/30\/projeto-eco-escolas-polo-calheta\/\" title=\"Projeto Eco-Escolas (Polo Calheta)\">Projeto Eco-Escolas (Polo Calheta)<\/a><\/h2><\/header><div class=\"eael-entry-header-after\"><div class=\"eael-entry-meta\"><span class=\"eael-posted-on\"><time datetime=\"30 de Setembro, 2025\">30 de Setembro, 2025<\/time><\/span><\/div><\/div><div class=\"eael-entry-content\">\n                        <div class=\"eael-grid-post-excerpt\"><p>Projeto Eco-Escolas (Polo da Calheta)<\/p><a href=\"https:\/\/escoladigital.madeira.gov.pt\/ebspecalheta\/2025\/09\/30\/projeto-eco-escolas-polo-calheta\/\" class=\"eael-post-elements-readmore-btn\">Ler mais<\/a><\/div>\n                    <\/div><\/div><\/div>\n        <\/div>\n    <\/article><\/div>\n            <div class=\"clearfix\"><\/div>\n        <\/div>            <div class=\"eael-load-more-button-wrap eael-force-hide\">\n                <button class=\"eael-load-more-button\" id=\"eael-load-more-btn-164522d\" data-widget-id=\"164522d\" data-widget=\"164522d\" data-page-id=\"4801\" data-template=\"{&quot;dir&quot;:&quot;lite&quot;,&quot;file_name&quot;:&quot;one.php&quot;,&quot;name&quot;:&quot;Post-Grid&quot;}\" data-class=\"Essential_Addons_Elementor\\Elements\\Post_Grid\" data-layout=\"grid\" data-page=\"1\" data-args=\"orderby=date&amp;order=desc&amp;ignore_sticky_posts=1&amp;post_status=publish&amp;posts_per_page=4&amp;offset=0&amp;post_type=post&amp;tax_query%5B0%5D%5Btaxonomy%5D=category&amp;tax_query%5B0%5D%5Bfield%5D=term_id&amp;tax_query%5B0%5D%5Bterms%5D%5B0%5D=56&amp;tax_query%5Brelation%5D=AND\" data-max-page=\"2\">\n                    <span class=\"eael-btn-loader button__loader\"><\/span>\n                    <span class=\"eael_load_more_text\">Load More<\/span>\n                <\/button>\n            <\/div>\n            \t\t\t\t<\/div>\n\t\t\t\t<\/div>\n\t\t\t\t\t<\/div>\n\t\t\t\t<\/div>\n\t\t\t\t<\/div>\n\t\t","protected":false},"excerpt":{"rendered":"<p>Eco Escolas Os objetivos deste projeto centram-se no respeito pelo ambiente e pelo desenvolvimento sustent\u00e1vel. Durante o ano letivo, desenvolve algumas atividades como: &#8211;\u00a0 participa\u00e7\u00e3o em concursos relacionados com o ambiente; &#8211; visitas de estudo; &#8211; desenvolvimento de a\u00e7\u00f5es de sensibiliza\u00e7\u00e3o sobre o ambiente (cartazes, v\u00eddeos&#8230;). Polo da Calheta 2.&ordf; Feira 3.&ordf; Feira 4.&ordf; Feira [&hellip;]<\/p>\n","protected":false},"author":4,"featured_media":0,"parent":113,"menu_order":0,"comment_status":"closed","ping_status":"closed","template":"","meta":{"site-sidebar-layout":"no-sidebar","site-content-layout":"","ast-site-content-layout":"full-width-container","site-content-style":"default","site-sidebar-style":"default","ast-global-header-display":"","ast-banner-title-visibility":"","ast-main-header-display":"","ast-hfb-above-header-display":"","ast-hfb-below-header-display":"","ast-hfb-mobile-header-display":"","site-post-title":"disabled","ast-breadcrumbs-content":"","ast-featured-img":"disabled","footer-sml-layout":"","ast-disable-related-posts":"","theme-transparent-header-meta":"","adv-header-id-meta":"","stick-header-meta":"","header-above-stick-meta":"","header-main-stick-meta":"","header-below-stick-meta":"","astra-migrate-meta-layouts":"default","ast-page-background-enabled":"default","ast-page-background-meta":{"desktop":{"background-color":"var(--ast-global-color-4)","background-image":"","background-repeat":"repeat","background-position":"center center","background-size":"auto","background-attachment":"scroll","background-type":"","background-media":"","overlay-type":"","overlay-color":"","overlay-opacity":"","overlay-gradient":""},"tablet":{"background-color":"","background-image":"","background-repeat":"repeat","background-position":"center center","background-size":"auto","background-attachment":"scroll","background-type":"","background-media":"","overlay-type":"","overlay-color":"","overlay-opacity":"","overlay-gradient":""},"mobile":{"background-color":"","background-image":"","background-repeat":"repeat","background-position":"center center","background-size":"auto","background-attachment":"scroll","background-type":"","background-media":"","overlay-type":"","overlay-color":"","overlay-opacity":"","overlay-gradient":""}},"ast-content-background-meta":{"desktop":{"background-color":"var(--ast-global-color-5)","background-image":"","background-repeat":"repeat","background-position":"center center","background-size":"auto","background-attachment":"scroll","background-type":"","background-media":"","overlay-type":"","overlay-color":"","overlay-opacity":"","overlay-gradient":""},"tablet":{"background-color":"var(--ast-global-color-5)","background-image":"","background-repeat":"repeat","background-position":"center center","background-size":"auto","background-attachment":"scroll","background-type":"","background-media":"","overlay-type":"","overlay-color":"","overlay-opacity":"","overlay-gradient":""},"mobile":{"background-color":"var(--ast-global-color-5)","background-image":"","background-repeat":"repeat","background-position":"center center","background-size":"auto","background-attachment":"scroll","background-type":"","background-media":"","overlay-type":"","overlay-color":"","overlay-opacity":"","overlay-gradient":""}},"_themeisle_gutenberg_block_has_review":false,"footnotes":""},"class_list":["post-4801","page","type-page","status-publish","hentry"],"_links":{"self":[{"href":"https:\/\/escoladigital.madeira.gov.pt\/ebspecalheta\/wp-json\/wp\/v2\/pages\/4801","targetHints":{"allow":["GET"]}}],"collection":[{"href":"https:\/\/escoladigital.madeira.gov.pt\/ebspecalheta\/wp-json\/wp\/v2\/pages"}],"about":[{"href":"https:\/\/escoladigital.madeira.gov.pt\/ebspecalheta\/wp-json\/wp\/v2\/types\/page"}],"author":[{"embeddable":true,"href":"https:\/\/escoladigital.madeira.gov.pt\/ebspecalheta\/wp-json\/wp\/v2\/users\/4"}],"replies":[{"embeddable":true,"href":"https:\/\/escoladigital.madeira.gov.pt\/ebspecalheta\/wp-json\/wp\/v2\/comments?post=4801"}],"version-history":[{"count":4,"href":"https:\/\/escoladigital.madeira.gov.pt\/ebspecalheta\/wp-json\/wp\/v2\/pages\/4801\/revisions"}],"predecessor-version":[{"id":4805,"href":"https:\/\/escoladigital.madeira.gov.pt\/ebspecalheta\/wp-json\/wp\/v2\/pages\/4801\/revisions\/4805"}],"up":[{"embeddable":true,"href":"https:\/\/escoladigital.madeira.gov.pt\/ebspecalheta\/wp-json\/wp\/v2\/pages\/113"}],"wp:attachment":[{"href":"https:\/\/escoladigital.madeira.gov.pt\/ebspecalheta\/wp-json\/wp\/v2\/media?parent=4801"}],"curies":[{"name":"wp","href":"https:\/\/api.w.org\/{rel}","templated":true}]}}