{"id":1148,"date":"2026-01-28T15:43:38","date_gmt":"2026-01-28T15:43:38","guid":{"rendered":"https:\/\/escoladigital.madeira.gov.pt\/ebspmalvares\/?page_id=1148"},"modified":"2026-04-20T07:58:08","modified_gmt":"2026-04-20T07:58:08","slug":"1148-2","status":"publish","type":"page","link":"https:\/\/escoladigital.madeira.gov.pt\/ebspmalvares\/1148-2\/","title":{"rendered":"ARTIGOS NOT\u00cdCIAS"},"content":{"rendered":"\n<p><\/p>\n\n\n<div class=\" is-style-boxed wp-block-themeisle-blocks-posts-grid\" id=\"wp-block-themeisle-blocks-posts-grid-d962a120\"><div class=\"is-grid o-posts-grid-columns-3\"><div class=\"o-posts-grid-post-blog o-posts-grid-post-plain\"><div class=\"o-posts-grid-post\"><div class=\"o-posts-grid-post-image\"><a href=\"https:\/\/escoladigital.madeira.gov.pt\/ebspmalvares\/informacao-util\/pensar-o-futuro-do-trabalho\/\"><img fetchpriority=\"high\" decoding=\"async\" width=\"300\" height=\"225\" src=\"https:\/\/escoladigital.madeira.gov.pt\/ebspmalvares\/wp-content\/uploads\/sites\/4\/2026\/05\/IMG_8785-1-300x225.jpg\" class=\"attachment-medium size-medium\" alt=\"Pensar o futuro do trabalho\" srcset=\"https:\/\/escoladigital.madeira.gov.pt\/ebspmalvares\/wp-content\/uploads\/sites\/4\/2026\/05\/IMG_8785-1-300x225.jpg 300w, https:\/\/escoladigital.madeira.gov.pt\/ebspmalvares\/wp-content\/uploads\/sites\/4\/2026\/05\/IMG_8785-1-1024x768.jpg 1024w, https:\/\/escoladigital.madeira.gov.pt\/ebspmalvares\/wp-content\/uploads\/sites\/4\/2026\/05\/IMG_8785-1-768x576.jpg 768w, https:\/\/escoladigital.madeira.gov.pt\/ebspmalvares\/wp-content\/uploads\/sites\/4\/2026\/05\/IMG_8785-1-1536x1152.jpg 1536w, https:\/\/escoladigital.madeira.gov.pt\/ebspmalvares\/wp-content\/uploads\/sites\/4\/2026\/05\/IMG_8785-1-2048x1536.jpg 2048w\" sizes=\"(max-width: 300px) 100vw, 300px\" \/><\/a><\/div><div class=\"o-posts-grid-post-body\"><h5 class=\"o-posts-grid-post-title\"><a href=\"https:\/\/escoladigital.madeira.gov.pt\/ebspmalvares\/informacao-util\/pensar-o-futuro-do-trabalho\/\">Pensar o futuro do trabalho<\/a><\/h5><p class=\"o-posts-grid-post-meta\">  <time datetime=\"2026-05-05T08:49:22+00:00\">5 de Maio, 2026<\/time> by <a href=\"https:\/\/escoladigital.madeira.gov.pt\/ebspmalvares\/author\/ebspmalvares\/\">ebspmalvares<\/a><\/p><div class=\"o-posts-grid-post-description\"><p>A nossa escola promoveu mais uma iniciativa do Projeto Mare Nostrum, envolvendo alunos do 11.\u00ba ano n\u2026<\/p><\/div><\/div><\/div><\/div><div class=\"o-posts-grid-post-blog o-posts-grid-post-plain\"><div class=\"o-posts-grid-post\"><div class=\"o-posts-grid-post-image\"><a href=\"https:\/\/escoladigital.madeira.gov.pt\/ebspmalvares\/informacao-util\/celebracao-dos-52-anos-do-25-de-abril-na-nossa-escola\/\"><img decoding=\"async\" width=\"300\" height=\"230\" src=\"https:\/\/escoladigital.madeira.gov.pt\/ebspmalvares\/wp-content\/uploads\/sites\/4\/2026\/05\/1777585726372-300x230.jpg\" class=\"attachment-medium size-medium\" alt=\"Celebra\u00e7\u00e3o dos 52 Anos do 25 de Abril na Nossa Escola\" srcset=\"https:\/\/escoladigital.madeira.gov.pt\/ebspmalvares\/wp-content\/uploads\/sites\/4\/2026\/05\/1777585726372-300x230.jpg 300w, https:\/\/escoladigital.madeira.gov.pt\/ebspmalvares\/wp-content\/uploads\/sites\/4\/2026\/05\/1777585726372-1024x785.jpg 1024w, https:\/\/escoladigital.madeira.gov.pt\/ebspmalvares\/wp-content\/uploads\/sites\/4\/2026\/05\/1777585726372-768x589.jpg 768w, https:\/\/escoladigital.madeira.gov.pt\/ebspmalvares\/wp-content\/uploads\/sites\/4\/2026\/05\/1777585726372-1536x1178.jpg 1536w, https:\/\/escoladigital.madeira.gov.pt\/ebspmalvares\/wp-content\/uploads\/sites\/4\/2026\/05\/1777585726372.jpg 1600w\" sizes=\"(max-width: 300px) 100vw, 300px\" \/><\/a><\/div><div class=\"o-posts-grid-post-body\"><h5 class=\"o-posts-grid-post-title\"><a href=\"https:\/\/escoladigital.madeira.gov.pt\/ebspmalvares\/informacao-util\/celebracao-dos-52-anos-do-25-de-abril-na-nossa-escola\/\">Celebra\u00e7\u00e3o dos 52 Anos do 25 de Abril na Nossa Escola<\/a><\/h5><p class=\"o-posts-grid-post-meta\">  <time datetime=\"2026-05-05T08:31:54+00:00\">5 de Maio, 2026<\/time> by <a href=\"https:\/\/escoladigital.madeira.gov.pt\/ebspmalvares\/author\/ebspmalvares\/\">ebspmalvares<\/a><\/p><div class=\"o-posts-grid-post-description\"><p>No \u00e2mbito do subdom\u00ednio O 25 de Abril e a constru\u00e7\u00e3o da Democracia e inserido no Plano Anual de Ativ\u2026<\/p><\/div><\/div><\/div><\/div><div class=\"o-posts-grid-post-blog o-posts-grid-post-plain\"><div class=\"o-posts-grid-post\"><div class=\"o-posts-grid-post-image\"><a href=\"https:\/\/escoladigital.madeira.gov.pt\/ebspmalvares\/informacao-util\/a-nossa-escola-cuida-do-ambiente-e-tu\/\"><img decoding=\"async\" width=\"169\" height=\"300\" src=\"https:\/\/escoladigital.madeira.gov.pt\/ebspmalvares\/wp-content\/uploads\/sites\/4\/2026\/05\/Return-Box-Final-169x300.png\" class=\"attachment-medium size-medium\" alt=\"A nossa escola cuida do ambiente e tu?\u00a0\" srcset=\"https:\/\/escoladigital.madeira.gov.pt\/ebspmalvares\/wp-content\/uploads\/sites\/4\/2026\/05\/Return-Box-Final-169x300.png 169w, https:\/\/escoladigital.madeira.gov.pt\/ebspmalvares\/wp-content\/uploads\/sites\/4\/2026\/05\/Return-Box-Final-576x1024.png 576w, https:\/\/escoladigital.madeira.gov.pt\/ebspmalvares\/wp-content\/uploads\/sites\/4\/2026\/05\/Return-Box-Final-768x1365.png 768w, https:\/\/escoladigital.madeira.gov.pt\/ebspmalvares\/wp-content\/uploads\/sites\/4\/2026\/05\/Return-Box-Final-864x1536.png 864w, https:\/\/escoladigital.madeira.gov.pt\/ebspmalvares\/wp-content\/uploads\/sites\/4\/2026\/05\/Return-Box-Final.png 941w\" sizes=\"(max-width: 169px) 100vw, 169px\" \/><\/a><\/div><div class=\"o-posts-grid-post-body\"><h5 class=\"o-posts-grid-post-title\"><a href=\"https:\/\/escoladigital.madeira.gov.pt\/ebspmalvares\/informacao-util\/a-nossa-escola-cuida-do-ambiente-e-tu\/\">A nossa escola cuida do ambiente e tu?\u00a0<\/a><\/h5><p class=\"o-posts-grid-post-meta\">  <time datetime=\"2026-05-01T11:36:40+00:00\">1 de Maio, 2026<\/time> by <a href=\"https:\/\/escoladigital.madeira.gov.pt\/ebspmalvares\/author\/ebspmalvares\/\">ebspmalvares<\/a><\/p><div class=\"o-posts-grid-post-description\"><p>\u00a0\ud83c\udf92\ud83c\udf3f J\u00e1 temos um ponto de recolha para canetas e marcadores na reprografia. Passa por l\u00e1, deixa o teu\u2026<\/p><\/div><\/div><\/div><\/div><div class=\"o-posts-grid-post-blog o-posts-grid-post-plain\"><div class=\"o-posts-grid-post\"><div class=\"o-posts-grid-post-image\"><a href=\"https:\/\/escoladigital.madeira.gov.pt\/ebspmalvares\/informacao-util\/costurar-naninhas-pequenas-almofadas-em-forma-de-boneco\/\"><img loading=\"lazy\" decoding=\"async\" width=\"298\" height=\"300\" src=\"https:\/\/escoladigital.madeira.gov.pt\/ebspmalvares\/wp-content\/uploads\/sites\/4\/2026\/04\/1-298x300.jpg\" class=\"attachment-medium size-medium\" alt=\"Costurar naninhas \u2014 pequenas almofadas em forma de boneco.\" srcset=\"https:\/\/escoladigital.madeira.gov.pt\/ebspmalvares\/wp-content\/uploads\/sites\/4\/2026\/04\/1-298x300.jpg 298w, https:\/\/escoladigital.madeira.gov.pt\/ebspmalvares\/wp-content\/uploads\/sites\/4\/2026\/04\/1-150x150.jpg 150w, https:\/\/escoladigital.madeira.gov.pt\/ebspmalvares\/wp-content\/uploads\/sites\/4\/2026\/04\/1.jpg 747w\" sizes=\"(max-width: 298px) 100vw, 298px\" \/><\/a><\/div><div class=\"o-posts-grid-post-body\"><h5 class=\"o-posts-grid-post-title\"><a href=\"https:\/\/escoladigital.madeira.gov.pt\/ebspmalvares\/informacao-util\/costurar-naninhas-pequenas-almofadas-em-forma-de-boneco\/\">Costurar naninhas \u2014 pequenas almofadas em forma de boneco.<\/a><\/h5><p class=\"o-posts-grid-post-meta\">  <time datetime=\"2026-04-28T17:34:12+00:00\">28 de Abril, 2026<\/time> by <a href=\"https:\/\/escoladigital.madeira.gov.pt\/ebspmalvares\/author\/ebspmalvares\/\">ebspmalvares<\/a><\/p><div class=\"o-posts-grid-post-description\"><p>A turma do 8.\u00baD abra\u00e7ou um desafio especial: costurar naninhas \u2014 pequenas almofadas em forma de bone\u2026<\/p><\/div><\/div><\/div><\/div><div class=\"o-posts-grid-post-blog o-posts-grid-post-plain\"><div class=\"o-posts-grid-post\"><div class=\"o-posts-grid-post-image\"><a href=\"https:\/\/escoladigital.madeira.gov.pt\/ebspmalvares\/informacao-util\/feira-dos-fosseis-e-minerais\/\"><img loading=\"lazy\" decoding=\"async\" width=\"242\" height=\"300\" src=\"https:\/\/escoladigital.madeira.gov.pt\/ebspmalvares\/wp-content\/uploads\/sites\/4\/2026\/04\/Imagem-Feira-de-Fosseis-e-MInerais-2026-VF-242x300.png\" class=\"attachment-medium size-medium\" alt=\"Feira dos F\u00f3sseis e Minerais\" srcset=\"https:\/\/escoladigital.madeira.gov.pt\/ebspmalvares\/wp-content\/uploads\/sites\/4\/2026\/04\/Imagem-Feira-de-Fosseis-e-MInerais-2026-VF-242x300.png 242w, https:\/\/escoladigital.madeira.gov.pt\/ebspmalvares\/wp-content\/uploads\/sites\/4\/2026\/04\/Imagem-Feira-de-Fosseis-e-MInerais-2026-VF-825x1024.png 825w, https:\/\/escoladigital.madeira.gov.pt\/ebspmalvares\/wp-content\/uploads\/sites\/4\/2026\/04\/Imagem-Feira-de-Fosseis-e-MInerais-2026-VF-768x953.png 768w, https:\/\/escoladigital.madeira.gov.pt\/ebspmalvares\/wp-content\/uploads\/sites\/4\/2026\/04\/Imagem-Feira-de-Fosseis-e-MInerais-2026-VF.png 928w\" sizes=\"(max-width: 242px) 100vw, 242px\" \/><\/a><\/div><div class=\"o-posts-grid-post-body\"><h5 class=\"o-posts-grid-post-title\"><a href=\"https:\/\/escoladigital.madeira.gov.pt\/ebspmalvares\/informacao-util\/feira-dos-fosseis-e-minerais\/\">Feira dos F\u00f3sseis e Minerais<\/a><\/h5><p class=\"o-posts-grid-post-meta\">  <time datetime=\"2026-04-28T17:25:55+00:00\">28 de Abril, 2026<\/time> by <a href=\"https:\/\/escoladigital.madeira.gov.pt\/ebspmalvares\/author\/ebspmalvares\/\">ebspmalvares<\/a><\/p><div class=\"o-posts-grid-post-description\"><p>Organiza\u00e7\u00e3o do grupo de Biologia \/ Geologia.<\/p><\/div><\/div><\/div><\/div><div class=\"o-posts-grid-post-blog o-posts-grid-post-plain\"><div class=\"o-posts-grid-post\"><div class=\"o-posts-grid-post-image\"><a href=\"https:\/\/escoladigital.madeira.gov.pt\/ebspmalvares\/informacao-util\/v-semana-da-cultura-da-ribeira-brava-a-recriacao-da-cabotagem\/\"><img loading=\"lazy\" decoding=\"async\" width=\"300\" height=\"225\" src=\"https:\/\/escoladigital.madeira.gov.pt\/ebspmalvares\/wp-content\/uploads\/sites\/4\/2026\/04\/20260425_094307-300x225.jpg\" class=\"attachment-medium size-medium\" alt=\"V Semana da Cultura da Ribeira Brava: a Recria\u00e7\u00e3o da Cabotagem\" srcset=\"https:\/\/escoladigital.madeira.gov.pt\/ebspmalvares\/wp-content\/uploads\/sites\/4\/2026\/04\/20260425_094307-300x225.jpg 300w, https:\/\/escoladigital.madeira.gov.pt\/ebspmalvares\/wp-content\/uploads\/sites\/4\/2026\/04\/20260425_094307-1024x768.jpg 1024w, https:\/\/escoladigital.madeira.gov.pt\/ebspmalvares\/wp-content\/uploads\/sites\/4\/2026\/04\/20260425_094307-768x576.jpg 768w, https:\/\/escoladigital.madeira.gov.pt\/ebspmalvares\/wp-content\/uploads\/sites\/4\/2026\/04\/20260425_094307-1536x1152.jpg 1536w, https:\/\/escoladigital.madeira.gov.pt\/ebspmalvares\/wp-content\/uploads\/sites\/4\/2026\/04\/20260425_094307-2048x1536.jpg 2048w\" sizes=\"(max-width: 300px) 100vw, 300px\" \/><\/a><\/div><div class=\"o-posts-grid-post-body\"><h5 class=\"o-posts-grid-post-title\"><a href=\"https:\/\/escoladigital.madeira.gov.pt\/ebspmalvares\/informacao-util\/v-semana-da-cultura-da-ribeira-brava-a-recriacao-da-cabotagem\/\">V Semana da Cultura da Ribeira Brava: a Recria\u00e7\u00e3o da Cabotagem<\/a><\/h5><p class=\"o-posts-grid-post-meta\">  <time datetime=\"2026-04-27T09:09:58+00:00\">27 de Abril, 2026<\/time> by <a href=\"https:\/\/escoladigital.madeira.gov.pt\/ebspmalvares\/author\/ebspmalvares\/\">ebspmalvares<\/a><\/p><div class=\"o-posts-grid-post-description\"><p>No dia 25 de abril do presente ano um grupo de 18 alunos da nossa escola participou na atividade que\u2026<\/p><\/div><\/div><\/div><\/div><\/div> <\/div>\n\n\n<p><\/p>\n\n\n\n<p class=\"has-small-font-size\"><\/p>\n","protected":false},"excerpt":{"rendered":"","protected":false},"author":7,"featured_media":0,"parent":0,"menu_order":0,"comment_status":"closed","ping_status":"closed","template":"","meta":{"site-sidebar-layout":"default","site-content-layout":"","ast-site-content-layout":"default","site-content-style":"default","site-sidebar-style":"default","ast-global-header-display":"","ast-banner-title-visibility":"","ast-main-header-display":"","ast-hfb-above-header-display":"","ast-hfb-below-header-display":"","ast-hfb-mobile-header-display":"","site-post-title":"","ast-breadcrumbs-content":"","ast-featured-img":"","footer-sml-layout":"","ast-disable-related-posts":"","theme-transparent-header-meta":"","adv-header-id-meta":"","stick-header-meta":"","header-above-stick-meta":"","header-main-stick-meta":"","header-below-stick-meta":"","astra-migrate-meta-layouts":"default","ast-page-background-enabled":"default","ast-page-background-meta":{"desktop":{"background-color":"var(--ast-global-color-4)","background-image":"","background-repeat":"repeat","background-position":"center center","background-size":"auto","background-attachment":"scroll","background-type":"","background-media":"","overlay-type":"","overlay-color":"","overlay-opacity":"","overlay-gradient":""},"tablet":{"background-color":"","background-image":"","background-repeat":"repeat","background-position":"center center","background-size":"auto","background-attachment":"scroll","background-type":"","background-media":"","overlay-type":"","overlay-color":"","overlay-opacity":"","overlay-gradient":""},"mobile":{"background-color":"","background-image":"","background-repeat":"repeat","background-position":"center center","background-size":"auto","background-attachment":"scroll","background-type":"","background-media":"","overlay-type":"","overlay-color":"","overlay-opacity":"","overlay-gradient":""}},"ast-content-background-meta":{"desktop":{"background-color":"var(--ast-global-color-5)","background-image":"","background-repeat":"repeat","background-position":"center center","background-size":"auto","background-attachment":"scroll","background-type":"","background-media":"","overlay-type":"","overlay-color":"","overlay-opacity":"","overlay-gradient":""},"tablet":{"background-color":"var(--ast-global-color-5)","background-image":"","background-repeat":"repeat","background-position":"center center","background-size":"auto","background-attachment":"scroll","background-type":"","background-media":"","overlay-type":"","overlay-color":"","overlay-opacity":"","overlay-gradient":""},"mobile":{"background-color":"var(--ast-global-color-5)","background-image":"","background-repeat":"repeat","background-position":"center center","background-size":"auto","background-attachment":"scroll","background-type":"","background-media":"","overlay-type":"","overlay-color":"","overlay-opacity":"","overlay-gradient":""}},"_themeisle_gutenberg_block_has_review":false,"footnotes":""},"class_list":["post-1148","page","type-page","status-publish","hentry"],"_links":{"self":[{"href":"https:\/\/escoladigital.madeira.gov.pt\/ebspmalvares\/wp-json\/wp\/v2\/pages\/1148","targetHints":{"allow":["GET"]}}],"collection":[{"href":"https:\/\/escoladigital.madeira.gov.pt\/ebspmalvares\/wp-json\/wp\/v2\/pages"}],"about":[{"href":"https:\/\/escoladigital.madeira.gov.pt\/ebspmalvares\/wp-json\/wp\/v2\/types\/page"}],"author":[{"embeddable":true,"href":"https:\/\/escoladigital.madeira.gov.pt\/ebspmalvares\/wp-json\/wp\/v2\/users\/7"}],"replies":[{"embeddable":true,"href":"https:\/\/escoladigital.madeira.gov.pt\/ebspmalvares\/wp-json\/wp\/v2\/comments?post=1148"}],"version-history":[{"count":7,"href":"https:\/\/escoladigital.madeira.gov.pt\/ebspmalvares\/wp-json\/wp\/v2\/pages\/1148\/revisions"}],"predecessor-version":[{"id":3260,"href":"https:\/\/escoladigital.madeira.gov.pt\/ebspmalvares\/wp-json\/wp\/v2\/pages\/1148\/revisions\/3260"}],"wp:attachment":[{"href":"https:\/\/escoladigital.madeira.gov.pt\/ebspmalvares\/wp-json\/wp\/v2\/media?parent=1148"}],"curies":[{"name":"wp","href":"https:\/\/api.w.org\/{rel}","templated":true}]}}