{"id":265,"date":"2024-04-05T18:38:19","date_gmt":"2024-04-05T18:38:19","guid":{"rendered":"https:\/\/escoladigital.madeira.gov.pt\/ebspmalvares\/?page_id=265"},"modified":"2026-03-24T08:53:45","modified_gmt":"2026-03-24T08:53:45","slug":"265-2","status":"publish","type":"page","link":"https:\/\/escoladigital.madeira.gov.pt\/ebspmalvares\/","title":{"rendered":"Inicio"},"content":{"rendered":"\n<div id=\"wp-block-themeisle-blocks-advanced-columns-e6264d5a\" class=\"wp-block-themeisle-blocks-advanced-columns alignwide has-1-columns has-desktop-oneTwo-layout has-tablet-equal-layout has-mobile-collapsedRows-layout has-vertical-unset\"><div class=\"wp-block-themeisle-blocks-advanced-columns-overlay\"><\/div><div class=\"innerblocks-wrap\">\n<div id=\"wp-block-themeisle-blocks-advanced-column-1a608599\" class=\"wp-block-themeisle-blocks-advanced-column\"><\/div>\n<\/div><\/div>\n\n\n\n<div class=\"wp-block-group is-layout-constrained wp-block-group-is-layout-constrained\">\n<div class=\"wp-block-columns is-layout-flex wp-container-core-columns-is-layout-28f84493 wp-block-columns-is-layout-flex\">\n<div class=\"wp-block-column is-layout-flow wp-block-column-is-layout-flow\" style=\"flex-basis:100%\">\n<div id=\"wp-block-themeisle-blocks-slider-e81e8fef\" class=\"wp-block-themeisle-blocks-slider glide\" data-per-view=\"1\" data-gap=\"0\" data-peek=\"0\" data-autoplay=\"5000\" data-height=\"350px\" data-hide-arrows=\"true\"><div class=\"glide__track\" data-glide-el=\"track\"><div class=\"glide__slides\"><div class=\"wp-block-themeisle-blocks-slider-item-wrapper glide__slide\"><figure><img decoding=\"async\" class=\"wp-block-themeisle-blocks-slider-item\" src=\"https:\/\/escoladigital.madeira.gov.pt\/ebspmalvares\/wp-content\/uploads\/sites\/4\/2026\/02\/foto-escola.jpg\" alt=\"\" title=\"\" data-id=\"2683\" \/><\/figure><\/div><div class=\"wp-block-themeisle-blocks-slider-item-wrapper glide__slide\"><figure><img decoding=\"async\" class=\"wp-block-themeisle-blocks-slider-item\" src=\"https:\/\/escoladigital.madeira.gov.pt\/ebspmalvares\/wp-content\/uploads\/sites\/4\/2026\/02\/Foto-5-1-scaled-1-e1773135335747.jpg\" alt=\"\" title=\"\" data-id=\"2682\" \/><\/figure><\/div><div class=\"wp-block-themeisle-blocks-slider-item-wrapper glide__slide\"><figure><img decoding=\"async\" class=\"wp-block-themeisle-blocks-slider-item\" src=\"https:\/\/escoladigital.madeira.gov.pt\/ebspmalvares\/wp-content\/uploads\/sites\/4\/2026\/02\/IMAGEM-9-e1773135297707.jpg\" alt=\"\" title=\"\" data-id=\"2681\" \/><\/figure><\/div><div class=\"wp-block-themeisle-blocks-slider-item-wrapper glide__slide\"><figure><img decoding=\"async\" class=\"wp-block-themeisle-blocks-slider-item\" src=\"https:\/\/escoladigital.madeira.gov.pt\/ebspmalvares\/wp-content\/uploads\/sites\/4\/2026\/02\/eSBPMA-1.jpg\" alt=\"\" title=\"\" data-id=\"2680\" \/><figcaption>default<\/figcaption><\/figure><\/div><div class=\"wp-block-themeisle-blocks-slider-item-wrapper glide__slide\"><figure><img decoding=\"async\" class=\"wp-block-themeisle-blocks-slider-item\" src=\"https:\/\/escoladigital.madeira.gov.pt\/ebspmalvares\/wp-content\/uploads\/sites\/4\/2026\/02\/16-e1773135350350.jpg\" alt=\"\" title=\"\" data-id=\"2679\" \/><\/figure><\/div><div class=\"wp-block-themeisle-blocks-slider-item-wrapper glide__slide\"><figure><img decoding=\"async\" class=\"wp-block-themeisle-blocks-slider-item\" src=\"https:\/\/escoladigital.madeira.gov.pt\/ebspmalvares\/wp-content\/uploads\/sites\/4\/2026\/02\/IMG_2482-scaled-1.jpg\" alt=\"\" title=\"\" data-id=\"2678\" \/><\/figure><\/div><div class=\"wp-block-themeisle-blocks-slider-item-wrapper glide__slide\"><figure><img decoding=\"async\" class=\"wp-block-themeisle-blocks-slider-item\" src=\"https:\/\/escoladigital.madeira.gov.pt\/ebspmalvares\/wp-content\/uploads\/sites\/4\/2026\/02\/2.jpg\" alt=\"\" title=\"\" data-id=\"2677\" \/><\/figure><\/div><div class=\"wp-block-themeisle-blocks-slider-item-wrapper glide__slide\"><figure><img decoding=\"async\" class=\"wp-block-themeisle-blocks-slider-item\" src=\"https:\/\/escoladigital.madeira.gov.pt\/ebspmalvares\/wp-content\/uploads\/sites\/4\/2026\/02\/8-e1773135365445.jpg\" alt=\"\" title=\"\" data-id=\"2676\" \/><\/figure><\/div><div class=\"wp-block-themeisle-blocks-slider-item-wrapper glide__slide\"><figure><img decoding=\"async\" class=\"wp-block-themeisle-blocks-slider-item\" src=\"https:\/\/escoladigital.madeira.gov.pt\/ebspmalvares\/wp-content\/uploads\/sites\/4\/2026\/03\/14-IMG-20260313.jpg\" alt=\"\" title=\"\" data-id=\"2925\" \/><\/figure><\/div><\/div><div class=\"glide__bullets\" data-glide-el=\"controls[nav]\"><button class=\"glide__bullet\" data-glide-dir=\"=0\"><\/button><button class=\"glide__bullet\" data-glide-dir=\"=1\"><\/button><button class=\"glide__bullet\" data-glide-dir=\"=2\"><\/button><button class=\"glide__bullet\" data-glide-dir=\"=3\"><\/button><button class=\"glide__bullet\" data-glide-dir=\"=4\"><\/button><button class=\"glide__bullet\" data-glide-dir=\"=5\"><\/button><button class=\"glide__bullet\" data-glide-dir=\"=6\"><\/button><button class=\"glide__bullet\" data-glide-dir=\"=7\"><\/button><button class=\"glide__bullet\" data-glide-dir=\"=8\"><\/button><\/div><\/div><\/div>\n<\/div>\n<\/div>\n<\/div>\n\n\n<div class=\"alignwide has-light-bg is-style-boxed wp-block-themeisle-blocks-posts-grid\" id=\"wp-block-themeisle-blocks-posts-grid-61cd2e5e\"><div class=\"alignwide is-grid o-posts-grid-columns-3\"><div class=\"o-posts-grid-post-blog o-posts-grid-post-plain\"><div class=\"o-posts-grid-post\"><div class=\"o-posts-grid-post-image\"><a href=\"https:\/\/escoladigital.madeira.gov.pt\/ebspmalvares\/informacao-util\/alunos-do-secundario-representam-escola-nas-olimpiadas-de-fisica\/\"><img fetchpriority=\"high\" decoding=\"async\" width=\"1024\" height=\"768\" src=\"https:\/\/escoladigital.madeira.gov.pt\/ebspmalvares\/wp-content\/uploads\/sites\/4\/2026\/03\/anfiteatro_entrega_premios_14-1024x768.jpg\" class=\"attachment-large size-large\" alt=\"Alunos do Secund\u00e1rio representam Escola nas Olimp\u00edadas de F\u00edsica\" srcset=\"https:\/\/escoladigital.madeira.gov.pt\/ebspmalvares\/wp-content\/uploads\/sites\/4\/2026\/03\/anfiteatro_entrega_premios_14-1024x768.jpg 1024w, https:\/\/escoladigital.madeira.gov.pt\/ebspmalvares\/wp-content\/uploads\/sites\/4\/2026\/03\/anfiteatro_entrega_premios_14-300x225.jpg 300w, https:\/\/escoladigital.madeira.gov.pt\/ebspmalvares\/wp-content\/uploads\/sites\/4\/2026\/03\/anfiteatro_entrega_premios_14-768x576.jpg 768w, https:\/\/escoladigital.madeira.gov.pt\/ebspmalvares\/wp-content\/uploads\/sites\/4\/2026\/03\/anfiteatro_entrega_premios_14-1536x1152.jpg 1536w, https:\/\/escoladigital.madeira.gov.pt\/ebspmalvares\/wp-content\/uploads\/sites\/4\/2026\/03\/anfiteatro_entrega_premios_14-2048x1536.jpg 2048w\" sizes=\"(max-width: 1024px) 100vw, 1024px\" \/><\/a><\/div><div class=\"o-posts-grid-post-body\"><h6 class=\"o-posts-grid-post-title\"><a href=\"https:\/\/escoladigital.madeira.gov.pt\/ebspmalvares\/informacao-util\/alunos-do-secundario-representam-escola-nas-olimpiadas-de-fisica\/\">Alunos do Secund\u00e1rio representam Escola nas Olimp\u00edadas de F\u00edsica<\/a><\/h6><div class=\"o-posts-grid-post-description\"><p>\u00c9 com enorme entusiasmo que partilhamos a participa\u00e7\u00e3o dos nossos alunos Diogo Loureiro e Jo\u00e3o Barro\u2026<\/p><\/div><\/div><\/div><\/div><div class=\"o-posts-grid-post-blog o-posts-grid-post-plain\"><div class=\"o-posts-grid-post\"><div class=\"o-posts-grid-post-image\"><a href=\"https:\/\/escoladigital.madeira.gov.pt\/ebspmalvares\/informacao-util\/i-love-2-help-mostra-do-filme-solidario\/\"><img decoding=\"async\" width=\"1024\" height=\"672\" src=\"https:\/\/escoladigital.madeira.gov.pt\/ebspmalvares\/wp-content\/uploads\/sites\/4\/2026\/03\/20260317_1-1024x672.jpg\" class=\"attachment-large size-large\" alt=\"I LOVE 2 HELP \u2013 Mostra do Filme Solid\u00e1rio\" srcset=\"https:\/\/escoladigital.madeira.gov.pt\/ebspmalvares\/wp-content\/uploads\/sites\/4\/2026\/03\/20260317_1-1024x672.jpg 1024w, https:\/\/escoladigital.madeira.gov.pt\/ebspmalvares\/wp-content\/uploads\/sites\/4\/2026\/03\/20260317_1-300x197.jpg 300w, https:\/\/escoladigital.madeira.gov.pt\/ebspmalvares\/wp-content\/uploads\/sites\/4\/2026\/03\/20260317_1-768x504.jpg 768w, https:\/\/escoladigital.madeira.gov.pt\/ebspmalvares\/wp-content\/uploads\/sites\/4\/2026\/03\/20260317_1.jpg 1080w\" sizes=\"(max-width: 1024px) 100vw, 1024px\" \/><\/a><\/div><div class=\"o-posts-grid-post-body\"><h6 class=\"o-posts-grid-post-title\"><a href=\"https:\/\/escoladigital.madeira.gov.pt\/ebspmalvares\/informacao-util\/i-love-2-help-mostra-do-filme-solidario\/\">I LOVE 2 HELP \u2013 Mostra do Filme Solid\u00e1rio<\/a><\/h6><div class=\"o-posts-grid-post-description\"><p>A\u00a0Help\u00a0Imagens\u00a0\u00e9 uma associa\u00e7\u00e3o sem fins lucrativos que utiliza a comunica\u00e7\u00e3o visual para o bem soci\u2026<\/p><\/div><\/div><\/div><\/div><div class=\"o-posts-grid-post-blog o-posts-grid-post-plain\"><div class=\"o-posts-grid-post\"><div class=\"o-posts-grid-post-image\"><a href=\"https:\/\/escoladigital.madeira.gov.pt\/ebspmalvares\/informacao-util\/afonso-faria-do-6-o-c-apurou-se-para-a-fase-regional-do-triatlo-literario-tl-do-2-o-ciclo\/\"><img decoding=\"async\" width=\"1024\" height=\"576\" src=\"https:\/\/escoladigital.madeira.gov.pt\/ebspmalvares\/wp-content\/uploads\/sites\/4\/2026\/03\/1-1024x576.jpg\" class=\"attachment-large size-large\" alt=\"Afonso Faria, do 6.\u00ba C, apurou-se para a Fase Regional do Triatlo Liter\u00e1rio (TL) do 2.\u00ba ciclo\" srcset=\"https:\/\/escoladigital.madeira.gov.pt\/ebspmalvares\/wp-content\/uploads\/sites\/4\/2026\/03\/1-1024x576.jpg 1024w, https:\/\/escoladigital.madeira.gov.pt\/ebspmalvares\/wp-content\/uploads\/sites\/4\/2026\/03\/1-300x169.jpg 300w, https:\/\/escoladigital.madeira.gov.pt\/ebspmalvares\/wp-content\/uploads\/sites\/4\/2026\/03\/1-768x432.jpg 768w, https:\/\/escoladigital.madeira.gov.pt\/ebspmalvares\/wp-content\/uploads\/sites\/4\/2026\/03\/1-1536x864.jpg 1536w, https:\/\/escoladigital.madeira.gov.pt\/ebspmalvares\/wp-content\/uploads\/sites\/4\/2026\/03\/1-2048x1152.jpg 2048w\" sizes=\"(max-width: 1024px) 100vw, 1024px\" \/><\/a><\/div><div class=\"o-posts-grid-post-body\"><h6 class=\"o-posts-grid-post-title\"><a href=\"https:\/\/escoladigital.madeira.gov.pt\/ebspmalvares\/informacao-util\/afonso-faria-do-6-o-c-apurou-se-para-a-fase-regional-do-triatlo-literario-tl-do-2-o-ciclo\/\">Afonso Faria, do 6.\u00ba C, apurou-se para a Fase Regional do Triatlo Liter\u00e1rio (TL) do 2.\u00ba ciclo<\/a><\/h6><div class=\"o-posts-grid-post-description\"><p>A Fase Interm\u00e9dia do TL decorreu no dia 10 de mar\u00e7o, no audit\u00f3rio do Arquivo e Biblioteca da Madeira\u2026<\/p><\/div><\/div><\/div><\/div><div class=\"o-posts-grid-post-blog o-posts-grid-post-plain\"><div class=\"o-posts-grid-post\"><div class=\"o-posts-grid-post-image\"><a href=\"https:\/\/escoladigital.madeira.gov.pt\/ebspmalvares\/informacao-util\/exposicao-dos-trabalhos-de-cidadania-e-desenvolvimento\/\"><img loading=\"lazy\" decoding=\"async\" width=\"1024\" height=\"461\" src=\"https:\/\/escoladigital.madeira.gov.pt\/ebspmalvares\/wp-content\/uploads\/sites\/4\/2026\/03\/1000093067-1024x461.jpg\" class=\"attachment-large size-large\" alt=\"Exposi\u00e7\u00e3o dos trabalhos de Cidadania e Desenvolvimento\" srcset=\"https:\/\/escoladigital.madeira.gov.pt\/ebspmalvares\/wp-content\/uploads\/sites\/4\/2026\/03\/1000093067-1024x461.jpg 1024w, https:\/\/escoladigital.madeira.gov.pt\/ebspmalvares\/wp-content\/uploads\/sites\/4\/2026\/03\/1000093067-300x135.jpg 300w, https:\/\/escoladigital.madeira.gov.pt\/ebspmalvares\/wp-content\/uploads\/sites\/4\/2026\/03\/1000093067-768x346.jpg 768w, https:\/\/escoladigital.madeira.gov.pt\/ebspmalvares\/wp-content\/uploads\/sites\/4\/2026\/03\/1000093067-1536x691.jpg 1536w, https:\/\/escoladigital.madeira.gov.pt\/ebspmalvares\/wp-content\/uploads\/sites\/4\/2026\/03\/1000093067.jpg 2000w\" sizes=\"(max-width: 1024px) 100vw, 1024px\" \/><\/a><\/div><div class=\"o-posts-grid-post-body\"><h6 class=\"o-posts-grid-post-title\"><a href=\"https:\/\/escoladigital.madeira.gov.pt\/ebspmalvares\/informacao-util\/exposicao-dos-trabalhos-de-cidadania-e-desenvolvimento\/\">Exposi\u00e7\u00e3o dos trabalhos de Cidadania e Desenvolvimento<\/a><\/h6><div class=\"o-posts-grid-post-description\"><p>O 7.\u00ba ano explorou o tema \u201cEncontro de Culturas\u201d, o 8.\u00ba ano refletiu sobre \u201cDesconstruir Estere\u00f3tipo\u2026<\/p><\/div><\/div><\/div><\/div><div class=\"o-posts-grid-post-blog o-posts-grid-post-plain\"><div class=\"o-posts-grid-post\"><div class=\"o-posts-grid-post-image\"><a href=\"https:\/\/escoladigital.madeira.gov.pt\/ebspmalvares\/informacao-util\/parlamento-dos-jovens-do-ensino-secundario\/\"><img loading=\"lazy\" decoding=\"async\" width=\"1024\" height=\"768\" src=\"https:\/\/escoladigital.madeira.gov.pt\/ebspmalvares\/wp-content\/uploads\/sites\/4\/2026\/03\/IMG-20260305-WA0019-1024x768.jpg\" class=\"attachment-large size-large\" alt=\"Parlamento dos Jovens do Ensino Secund\u00e1rio\" srcset=\"https:\/\/escoladigital.madeira.gov.pt\/ebspmalvares\/wp-content\/uploads\/sites\/4\/2026\/03\/IMG-20260305-WA0019-1024x768.jpg 1024w, https:\/\/escoladigital.madeira.gov.pt\/ebspmalvares\/wp-content\/uploads\/sites\/4\/2026\/03\/IMG-20260305-WA0019-300x225.jpg 300w, https:\/\/escoladigital.madeira.gov.pt\/ebspmalvares\/wp-content\/uploads\/sites\/4\/2026\/03\/IMG-20260305-WA0019-768x576.jpg 768w, https:\/\/escoladigital.madeira.gov.pt\/ebspmalvares\/wp-content\/uploads\/sites\/4\/2026\/03\/IMG-20260305-WA0019.jpg 1516w\" sizes=\"(max-width: 1024px) 100vw, 1024px\" \/><\/a><\/div><div class=\"o-posts-grid-post-body\"><h6 class=\"o-posts-grid-post-title\"><a href=\"https:\/\/escoladigital.madeira.gov.pt\/ebspmalvares\/informacao-util\/parlamento-dos-jovens-do-ensino-secundario\/\">Parlamento dos Jovens do Ensino Secund\u00e1rio<\/a><\/h6><div class=\"o-posts-grid-post-description\"><p>&nbsp;&nbsp;&nbsp;&nbsp; No dia 3 de mar\u00e7o de 2026, decorreu a Sess\u00e3o Regional do Parlamento dos Jov\u2026<\/p><\/div><\/div><\/div><\/div><div class=\"o-posts-grid-post-blog o-posts-grid-post-plain\"><div class=\"o-posts-grid-post\"><div class=\"o-posts-grid-post-image\"><a href=\"https:\/\/escoladigital.madeira.gov.pt\/ebspmalvares\/informacao-util\/parlamento-dos-jovens-do-ensino-basico\/\"><img loading=\"lazy\" decoding=\"async\" width=\"1024\" height=\"768\" src=\"https:\/\/escoladigital.madeira.gov.pt\/ebspmalvares\/wp-content\/uploads\/sites\/4\/2026\/03\/IMG-20260305-WA0017-1024x768.jpg\" class=\"attachment-large size-large\" alt=\"Parlamento dos Jovens do Ensino B\u00e1sico\" srcset=\"https:\/\/escoladigital.madeira.gov.pt\/ebspmalvares\/wp-content\/uploads\/sites\/4\/2026\/03\/IMG-20260305-WA0017-1024x768.jpg 1024w, https:\/\/escoladigital.madeira.gov.pt\/ebspmalvares\/wp-content\/uploads\/sites\/4\/2026\/03\/IMG-20260305-WA0017-300x225.jpg 300w, https:\/\/escoladigital.madeira.gov.pt\/ebspmalvares\/wp-content\/uploads\/sites\/4\/2026\/03\/IMG-20260305-WA0017-768x576.jpg 768w, https:\/\/escoladigital.madeira.gov.pt\/ebspmalvares\/wp-content\/uploads\/sites\/4\/2026\/03\/IMG-20260305-WA0017-1536x1152.jpg 1536w, https:\/\/escoladigital.madeira.gov.pt\/ebspmalvares\/wp-content\/uploads\/sites\/4\/2026\/03\/IMG-20260305-WA0017.jpg 2048w\" sizes=\"(max-width: 1024px) 100vw, 1024px\" \/><\/a><\/div><div class=\"o-posts-grid-post-body\"><h6 class=\"o-posts-grid-post-title\"><a href=\"https:\/\/escoladigital.madeira.gov.pt\/ebspmalvares\/informacao-util\/parlamento-dos-jovens-do-ensino-basico\/\">Parlamento dos Jovens do Ensino B\u00e1sico<\/a><\/h6><div class=\"o-posts-grid-post-description\"><p>No dia 2 de mar\u00e7o de 2026, a Escola B\u00e1sica e Secund\u00e1ria Padre Manuel \u00c1lvares participou na Sess\u00e3o Re\u2026<\/p><\/div><\/div><\/div><\/div><div class=\"o-posts-grid-post-blog o-posts-grid-post-plain\"><div class=\"o-posts-grid-post\"><div class=\"o-posts-grid-post-image\"><a href=\"https:\/\/escoladigital.madeira.gov.pt\/ebspmalvares\/informacao-util\/ebspma-brilha-na-final-nacional-de-jogos-matematicos-em-aveiro\/\"><img loading=\"lazy\" decoding=\"async\" width=\"1024\" height=\"768\" src=\"https:\/\/escoladigital.madeira.gov.pt\/ebspmalvares\/wp-content\/uploads\/sites\/4\/2026\/03\/03-IMG-20260312-1024x768.jpg\" class=\"attachment-large size-large\" alt=\"EBSPMA brilha na Final Nacional de Jogos Matem\u00e1ticos, em Aveiro\" srcset=\"https:\/\/escoladigital.madeira.gov.pt\/ebspmalvares\/wp-content\/uploads\/sites\/4\/2026\/03\/03-IMG-20260312-1024x768.jpg 1024w, https:\/\/escoladigital.madeira.gov.pt\/ebspmalvares\/wp-content\/uploads\/sites\/4\/2026\/03\/03-IMG-20260312-300x225.jpg 300w, https:\/\/escoladigital.madeira.gov.pt\/ebspmalvares\/wp-content\/uploads\/sites\/4\/2026\/03\/03-IMG-20260312-768x576.jpg 768w, https:\/\/escoladigital.madeira.gov.pt\/ebspmalvares\/wp-content\/uploads\/sites\/4\/2026\/03\/03-IMG-20260312-1536x1152.jpg 1536w, https:\/\/escoladigital.madeira.gov.pt\/ebspmalvares\/wp-content\/uploads\/sites\/4\/2026\/03\/03-IMG-20260312.jpg 1600w\" sizes=\"(max-width: 1024px) 100vw, 1024px\" \/><\/a><\/div><div class=\"o-posts-grid-post-body\"><h6 class=\"o-posts-grid-post-title\"><a href=\"https:\/\/escoladigital.madeira.gov.pt\/ebspmalvares\/informacao-util\/ebspma-brilha-na-final-nacional-de-jogos-matematicos-em-aveiro\/\">EBSPMA brilha na Final Nacional de Jogos Matem\u00e1ticos, em Aveiro<\/a><\/h6><div class=\"o-posts-grid-post-description\"><p>A nossa escola fez-se representar pelos alunos, Jo\u00e3o Tom\u00e1s Ara\u00fajo, do 5.\u00ba AC, e o Mateus Garanito, d\u2026<\/p><\/div><\/div><\/div><\/div><div class=\"o-posts-grid-post-blog o-posts-grid-post-plain\"><div class=\"o-posts-grid-post\"><div class=\"o-posts-grid-post-image\"><a href=\"https:\/\/escoladigital.madeira.gov.pt\/ebspmalvares\/informacao-util\/encontro-intergeracional-no-lar-de-s-bento-ribeira-brava\/\"><img loading=\"lazy\" decoding=\"async\" width=\"1024\" height=\"461\" src=\"https:\/\/escoladigital.madeira.gov.pt\/ebspmalvares\/wp-content\/uploads\/sites\/4\/2026\/03\/1000093302-1024x461.jpg\" class=\"attachment-large size-large\" alt=\"Encontro Intergeracional no Lar de S. Bento \u2013 Ribeira Brava\" srcset=\"https:\/\/escoladigital.madeira.gov.pt\/ebspmalvares\/wp-content\/uploads\/sites\/4\/2026\/03\/1000093302-1024x461.jpg 1024w, https:\/\/escoladigital.madeira.gov.pt\/ebspmalvares\/wp-content\/uploads\/sites\/4\/2026\/03\/1000093302-300x135.jpg 300w, https:\/\/escoladigital.madeira.gov.pt\/ebspmalvares\/wp-content\/uploads\/sites\/4\/2026\/03\/1000093302-768x346.jpg 768w, https:\/\/escoladigital.madeira.gov.pt\/ebspmalvares\/wp-content\/uploads\/sites\/4\/2026\/03\/1000093302-1536x691.jpg 1536w, https:\/\/escoladigital.madeira.gov.pt\/ebspmalvares\/wp-content\/uploads\/sites\/4\/2026\/03\/1000093302-2048x922.jpg 2048w\" sizes=\"(max-width: 1024px) 100vw, 1024px\" \/><\/a><\/div><div class=\"o-posts-grid-post-body\"><h6 class=\"o-posts-grid-post-title\"><a href=\"https:\/\/escoladigital.madeira.gov.pt\/ebspmalvares\/informacao-util\/encontro-intergeracional-no-lar-de-s-bento-ribeira-brava\/\">Encontro Intergeracional no Lar de S. Bento \u2013 Ribeira Brava<\/a><\/h6><div class=\"o-posts-grid-post-description\"><p>No passado dia 4 de mar\u00e7o, pelas 10h00, os alunos da turma do 12.\u00ba CT1\/2 realizaram uma visita ao La\u2026<\/p><\/div><\/div><\/div><\/div><div class=\"o-posts-grid-post-blog o-posts-grid-post-plain\"><div class=\"o-posts-grid-post\"><div class=\"o-posts-grid-post-image\"><a href=\"https:\/\/escoladigital.madeira.gov.pt\/ebspmalvares\/informacao-util\/%f0%9f%94%ac-olimpiadas-portuguesas-de-biologia-junior-2026\/\"><img loading=\"lazy\" decoding=\"async\" width=\"1024\" height=\"683\" src=\"https:\/\/escoladigital.madeira.gov.pt\/ebspmalvares\/wp-content\/uploads\/sites\/4\/2026\/03\/Foto-Redes-2a-Olimpiadas-da-Biologia_a-1024x683.png\" class=\"attachment-large size-large\" alt=\"\ud83d\udd2c\u00a0Olimp\u00edadas Portuguesas de Biologia J\u00fanior 2026\" srcset=\"https:\/\/escoladigital.madeira.gov.pt\/ebspmalvares\/wp-content\/uploads\/sites\/4\/2026\/03\/Foto-Redes-2a-Olimpiadas-da-Biologia_a-1024x683.png 1024w, https:\/\/escoladigital.madeira.gov.pt\/ebspmalvares\/wp-content\/uploads\/sites\/4\/2026\/03\/Foto-Redes-2a-Olimpiadas-da-Biologia_a-300x200.png 300w, https:\/\/escoladigital.madeira.gov.pt\/ebspmalvares\/wp-content\/uploads\/sites\/4\/2026\/03\/Foto-Redes-2a-Olimpiadas-da-Biologia_a-768x512.png 768w, https:\/\/escoladigital.madeira.gov.pt\/ebspmalvares\/wp-content\/uploads\/sites\/4\/2026\/03\/Foto-Redes-2a-Olimpiadas-da-Biologia_a-1536x1024.png 1536w, https:\/\/escoladigital.madeira.gov.pt\/ebspmalvares\/wp-content\/uploads\/sites\/4\/2026\/03\/Foto-Redes-2a-Olimpiadas-da-Biologia_a.png 1725w\" sizes=\"(max-width: 1024px) 100vw, 1024px\" \/><\/a><\/div><div class=\"o-posts-grid-post-body\"><h6 class=\"o-posts-grid-post-title\"><a href=\"https:\/\/escoladigital.madeira.gov.pt\/ebspmalvares\/informacao-util\/%f0%9f%94%ac-olimpiadas-portuguesas-de-biologia-junior-2026\/\">\ud83d\udd2c\u00a0Olimp\u00edadas Portuguesas de Biologia J\u00fanior 2026<\/a><\/h6><div class=\"o-posts-grid-post-description\"><p>Cinco alunos da&nbsp;Escola B\u00e1sica e Secund\u00e1ria Padre Manuel \u00c1lvares (EBSPMA)&nbsp;participaram na&amp;n\u2026<\/p><\/div><\/div><\/div><\/div><\/div> <div class=\"o-posts-grid-pag\"><span aria-current=\"page\" class=\"page-numbers current\">1<\/span>\n<a class=\"page-numbers\" href=\"https:\/\/escoladigital.madeira.gov.pt\/ebspmalvares\/wp-json\/wp\/v2\/pages\/265\/?paged=2\">2<\/a>\n<a class=\"page-numbers\" href=\"https:\/\/escoladigital.madeira.gov.pt\/ebspmalvares\/wp-json\/wp\/v2\/pages\/265\/?paged=3\">3<\/a>\n<a class=\"next page-numbers\" href=\"https:\/\/escoladigital.madeira.gov.pt\/ebspmalvares\/wp-json\/wp\/v2\/pages\/265\/?paged=2\">Next<\/a><\/div><\/div>\n\n\n<p><\/p>\n","protected":false},"excerpt":{"rendered":"","protected":false},"author":8,"featured_media":0,"parent":0,"menu_order":1,"comment_status":"closed","ping_status":"closed","template":"elementor_theme","meta":{"site-sidebar-layout":"default","site-content-layout":"","ast-site-content-layout":"default","site-content-style":"boxed","site-sidebar-style":"default","ast-global-header-display":"","ast-banner-title-visibility":"","ast-main-header-display":"","ast-hfb-above-header-display":"","ast-hfb-below-header-display":"","ast-hfb-mobile-header-display":"","site-post-title":"disabled","ast-breadcrumbs-content":"","ast-featured-img":"","footer-sml-layout":"","ast-disable-related-posts":"","theme-transparent-header-meta":"default","adv-header-id-meta":"","stick-header-meta":"","header-above-stick-meta":"","header-main-stick-meta":"","header-below-stick-meta":"","astra-migrate-meta-layouts":"default","ast-page-background-enabled":"default","ast-page-background-meta":{"desktop":{"background-color":"var(--ast-global-color-4)","background-image":"","background-repeat":"repeat","background-position":"center center","background-size":"auto","background-attachment":"scroll","background-type":"","background-media":"","overlay-type":"","overlay-color":"","overlay-opacity":"","overlay-gradient":""},"tablet":{"background-color":"","background-image":"","background-repeat":"repeat","background-position":"center center","background-size":"auto","background-attachment":"scroll","background-type":"","background-media":"","overlay-type":"","overlay-color":"","overlay-opacity":"","overlay-gradient":""},"mobile":{"background-color":"","background-image":"","background-repeat":"repeat","background-position":"center center","background-size":"auto","background-attachment":"scroll","background-type":"","background-media":"","overlay-type":"","overlay-color":"","overlay-opacity":"","overlay-gradient":""}},"ast-content-background-meta":{"desktop":{"background-color":"var(--ast-global-color-5)","background-image":"","background-repeat":"repeat","background-position":"center center","background-size":"auto","background-attachment":"scroll","background-type":"","background-media":"","overlay-type":"","overlay-color":"","overlay-opacity":"","overlay-gradient":""},"tablet":{"background-color":"var(--ast-global-color-5)","background-image":"","background-repeat":"repeat","background-position":"center center","background-size":"auto","background-attachment":"scroll","background-type":"","background-media":"","overlay-type":"","overlay-color":"","overlay-opacity":"","overlay-gradient":""},"mobile":{"background-color":"var(--ast-global-color-5)","background-image":"","background-repeat":"repeat","background-position":"center center","background-size":"auto","background-attachment":"scroll","background-type":"","background-media":"","overlay-type":"","overlay-color":"","overlay-opacity":"","overlay-gradient":""}},"_themeisle_gutenberg_block_has_review":false,"footnotes":""},"class_list":["post-265","page","type-page","status-publish","hentry"],"_links":{"self":[{"href":"https:\/\/escoladigital.madeira.gov.pt\/ebspmalvares\/wp-json\/wp\/v2\/pages\/265","targetHints":{"allow":["GET"]}}],"collection":[{"href":"https:\/\/escoladigital.madeira.gov.pt\/ebspmalvares\/wp-json\/wp\/v2\/pages"}],"about":[{"href":"https:\/\/escoladigital.madeira.gov.pt\/ebspmalvares\/wp-json\/wp\/v2\/types\/page"}],"author":[{"embeddable":true,"href":"https:\/\/escoladigital.madeira.gov.pt\/ebspmalvares\/wp-json\/wp\/v2\/users\/8"}],"replies":[{"embeddable":true,"href":"https:\/\/escoladigital.madeira.gov.pt\/ebspmalvares\/wp-json\/wp\/v2\/comments?post=265"}],"version-history":[{"count":209,"href":"https:\/\/escoladigital.madeira.gov.pt\/ebspmalvares\/wp-json\/wp\/v2\/pages\/265\/revisions"}],"predecessor-version":[{"id":3015,"href":"https:\/\/escoladigital.madeira.gov.pt\/ebspmalvares\/wp-json\/wp\/v2\/pages\/265\/revisions\/3015"}],"wp:attachment":[{"href":"https:\/\/escoladigital.madeira.gov.pt\/ebspmalvares\/wp-json\/wp\/v2\/media?parent=265"}],"curies":[{"name":"wp","href":"https:\/\/api.w.org\/{rel}","templated":true}]}}