{"id":326,"date":"2024-04-05T20:44:57","date_gmt":"2024-04-05T20:44:57","guid":{"rendered":"https:\/\/escoladigital.madeira.gov.pt\/ebspmalvares\/?page_id=326"},"modified":"2026-02-25T09:26:47","modified_gmt":"2026-02-25T09:26:47","slug":"documentos-publicos","status":"publish","type":"page","link":"https:\/\/escoladigital.madeira.gov.pt\/ebspmalvares\/documentos-publicos\/","title":{"rendered":"Documentos P\u00fablicos:"},"content":{"rendered":"\n<div class=\"wp-block-file\"><a id=\"wp-block-file--media-0b670d17-3029-4821-865f-07fae38c8f37\" href=\"https:\/\/escoladigital.madeira.gov.pt\/ebspmalvares\/wp-content\/uploads\/sites\/4\/2024\/04\/PROJETO-EDUCATIVO-2022-2026.pdf\" target=\"_blank\" rel=\"noreferrer noopener\">PROJETO EDUCATIVO 2022-2026<\/a><a href=\"https:\/\/escoladigital.madeira.gov.pt\/ebspmalvares\/wp-content\/uploads\/sites\/4\/2024\/04\/PROJETO-EDUCATIVO-2022-2026.pdf\" class=\"wp-block-file__button wp-element-button\" download aria-describedby=\"wp-block-file--media-0b670d17-3029-4821-865f-07fae38c8f37\">Descarregar<\/a><\/div>\n\n\n\n<div class=\"wp-block-file\"><a id=\"wp-block-file--media-abb365b5-6ffb-477d-9ea1-a63770b8aa0e\" href=\"https:\/\/escoladigital.madeira.gov.pt\/ebspmalvares\/wp-content\/uploads\/sites\/4\/2024\/09\/REGULAMENTO_INTERNO_1a_Alteracao_-23_julho_2024.pdf\" target=\"_blank\" rel=\"noreferrer noopener\">REGULAMENTO INTERNO 1\u00aa Altera\u00e7\u00e3o: 23 julho 2024<\/a><a href=\"https:\/\/escoladigital.madeira.gov.pt\/ebspmalvares\/wp-content\/uploads\/sites\/4\/2024\/09\/REGULAMENTO_INTERNO_1a_Alteracao_-23_julho_2024.pdf\" class=\"wp-block-file__button wp-element-button\" download aria-describedby=\"wp-block-file--media-abb365b5-6ffb-477d-9ea1-a63770b8aa0e\">Descarregar<\/a><\/div>\n\n\n\n<div class=\"wp-block-file\"><a id=\"wp-block-file--media-7faa378a-c415-4331-bb12-d2a744be6f62\" href=\"https:\/\/escoladigital.madeira.gov.pt\/ebspmalvares\/wp-content\/uploads\/sites\/4\/2025\/10\/Adenda-RI-23-07-2025.pdf\" target=\"_blank\" rel=\"noreferrer noopener\">ADENDA AO REGULAMENTO INTERNO DE 20 DE JULHO DE 2023. ALTERADO EM 23 DE JULHO DE 2024<\/a><a href=\"https:\/\/escoladigital.madeira.gov.pt\/ebspmalvares\/wp-content\/uploads\/sites\/4\/2025\/10\/Adenda-RI-23-07-2025.pdf\" class=\"wp-block-file__button wp-element-button\" download aria-describedby=\"wp-block-file--media-7faa378a-c415-4331-bb12-d2a744be6f62\">Descarregar<\/a><\/div>\n\n\n\n<div class=\"wp-block-file\"><a id=\"wp-block-file--media-1c42b123-7d67-4c83-ba14-2315ad146c46\" href=\"https:\/\/escoladigital.madeira.gov.pt\/ebspmalvares\/wp-content\/uploads\/sites\/4\/2024\/12\/Codigo-de-conduta-EBSPMA.pdf\" target=\"_blank\" rel=\"noreferrer noopener\">C\u00d3DIGO DE CONDUTA<\/a><a href=\"https:\/\/escoladigital.madeira.gov.pt\/ebspmalvares\/wp-content\/uploads\/sites\/4\/2024\/12\/Codigo-de-conduta-EBSPMA.pdf\" class=\"wp-block-file__button wp-element-button\" download aria-describedby=\"wp-block-file--media-1c42b123-7d67-4c83-ba14-2315ad146c46\">Descarregar<\/a><\/div>\n\n\n\n<div class=\"wp-block-file\"><a id=\"wp-block-file--media-7e3c084f-e75c-4ff7-b076-540f65290b71\" href=\"https:\/\/escoladigital.madeira.gov.pt\/ebspmalvares\/wp-content\/uploads\/sites\/4\/2026\/01\/PLANO-ANUAL-DA-ESCOLA-Ano-letivo-2025-26.pdf\" target=\"_blank\" rel=\"noreferrer noopener\">PLANO ANUAL DA ESCOLA &#8211; 2025-26<\/a><a href=\"https:\/\/escoladigital.madeira.gov.pt\/ebspmalvares\/wp-content\/uploads\/sites\/4\/2026\/01\/PLANO-ANUAL-DA-ESCOLA-Ano-letivo-2025-26.pdf\" class=\"wp-block-file__button wp-element-button\" download aria-describedby=\"wp-block-file--media-7e3c084f-e75c-4ff7-b076-540f65290b71\">Descarregar<\/a><\/div>\n\n\n\n<div class=\"wp-block-file\"><a id=\"wp-block-file--media-84e9d42c-21fe-4d82-b603-5469f4ba3cfb\" href=\"https:\/\/escoladigital.madeira.gov.pt\/ebspmalvares\/wp-content\/uploads\/sites\/4\/2024\/04\/RELATORIO-DE-AUTOAVALIACAO-2018-2022.pdf\" target=\"_blank\" rel=\"noreferrer noopener\">RELAT\u00d3RIO DE AUTOAVALIA\u00c7\u00c3O 2018-2022<\/a><a href=\"https:\/\/escoladigital.madeira.gov.pt\/ebspmalvares\/wp-content\/uploads\/sites\/4\/2024\/04\/RELATORIO-DE-AUTOAVALIACAO-2018-2022.pdf\" class=\"wp-block-file__button wp-element-button\" download aria-describedby=\"wp-block-file--media-84e9d42c-21fe-4d82-b603-5469f4ba3cfb\">Descarregar<\/a><\/div>\n\n\n\n<div class=\"wp-block-file\"><a id=\"wp-block-file--media-a1a31796-84cf-404d-aa84-6ea4d40c179c\" href=\"https:\/\/escoladigital.madeira.gov.pt\/ebspmalvares\/wp-content\/uploads\/sites\/4\/2026\/02\/Declaracao-de-compromissos-plurianuais-a-31_12_2025-1.pdf\" target=\"_blank\" rel=\"noreferrer noopener\">DECLARA\u00c7\u00c3O DE COMPROMISSOS PLURIANUAIS A 31-12-2025<\/a><a href=\"https:\/\/escoladigital.madeira.gov.pt\/ebspmalvares\/wp-content\/uploads\/sites\/4\/2026\/02\/Declaracao-de-compromissos-plurianuais-a-31_12_2025-1.pdf\" class=\"wp-block-file__button wp-element-button\" download aria-describedby=\"wp-block-file--media-a1a31796-84cf-404d-aa84-6ea4d40c179c\">Descarregar<\/a><\/div>\n\n\n\n<div class=\"wp-block-file\"><a id=\"wp-block-file--media-de8449a4-7942-4f2b-b973-85e6c131f647\" href=\"https:\/\/escoladigital.madeira.gov.pt\/ebspmalvares\/wp-content\/uploads\/sites\/4\/2026\/02\/Declaracao-de-pagamentos-em-atraso-a-31_12_2025.pdf\" target=\"_blank\" rel=\"noreferrer noopener\">DECLARA\u00c7\u00c3O DE PAGAMENTOS EM ATRASO A 31-12-2025<\/a><a href=\"https:\/\/escoladigital.madeira.gov.pt\/ebspmalvares\/wp-content\/uploads\/sites\/4\/2026\/02\/Declaracao-de-pagamentos-em-atraso-a-31_12_2025.pdf\" class=\"wp-block-file__button wp-element-button\" download aria-describedby=\"wp-block-file--media-de8449a4-7942-4f2b-b973-85e6c131f647\">Descarregar<\/a><\/div>\n\n\n\n<div class=\"wp-block-file\"><a id=\"wp-block-file--media-2a1b06cb-5b01-437f-ab6f-7f1bd032ff40\" href=\"https:\/\/escoladigital.madeira.gov.pt\/ebspmalvares\/wp-content\/uploads\/sites\/4\/2026\/02\/Declaracao-de-recebimentos-em-atraso-a-31_12_2025.pdf\" target=\"_blank\" rel=\"noreferrer noopener\">DECLARA\u00c7\u00c3O DE RECEBIMENTOS EM ATRASO A 31-12-2025<\/a><a href=\"https:\/\/escoladigital.madeira.gov.pt\/ebspmalvares\/wp-content\/uploads\/sites\/4\/2026\/02\/Declaracao-de-recebimentos-em-atraso-a-31_12_2025.pdf\" class=\"wp-block-file__button wp-element-button\" download aria-describedby=\"wp-block-file--media-2a1b06cb-5b01-437f-ab6f-7f1bd032ff40\">Descarregar<\/a><\/div>\n\n\n\n<div class=\"wp-block-file\"><a id=\"wp-block-file--media-e2d49107-e6af-48f6-bd40-82e48bd14224\" href=\"https:\/\/escoladigital.madeira.gov.pt\/ebspmalvares\/wp-content\/uploads\/sites\/4\/2024\/07\/BALANCO-ANUAL-2023-2024-PAFC.pdf\" target=\"_blank\" rel=\"noreferrer noopener\">BALAN\u00c7O ANUAL PROJETO DE AUTONOMIA E FLEIBILIDADE CURRICULAR 2023 2024<\/a><a href=\"https:\/\/escoladigital.madeira.gov.pt\/ebspmalvares\/wp-content\/uploads\/sites\/4\/2024\/07\/BALANCO-ANUAL-2023-2024-PAFC.pdf\" class=\"wp-block-file__button wp-element-button\" download aria-describedby=\"wp-block-file--media-e2d49107-e6af-48f6-bd40-82e48bd14224\">Descarregar<\/a><\/div>\n\n\n\n<div class=\"wp-block-file\"><a id=\"wp-block-file--media-331eeb4b-8e2c-486b-b3c2-8957f58d4c83\" href=\"https:\/\/escoladigital.madeira.gov.pt\/ebspmalvares\/wp-content\/uploads\/sites\/4\/2024\/10\/Relatorio_PGRCIC_AVALIACAO-2022-2023.pdf\" target=\"_blank\" rel=\"noreferrer noopener\">RELAT\u00d3RIO PLANO DE GEST\u00c3O DE RISCOS DE CORRUP\u00c7\u00c3O E INFRA\u00c7\u00d5ES CONEXAS AVALIA\u00c7\u00c3O 2022-2023<\/a><a href=\"https:\/\/escoladigital.madeira.gov.pt\/ebspmalvares\/wp-content\/uploads\/sites\/4\/2024\/10\/Relatorio_PGRCIC_AVALIACAO-2022-2023.pdf\" class=\"wp-block-file__button wp-element-button\" download aria-describedby=\"wp-block-file--media-331eeb4b-8e2c-486b-b3c2-8957f58d4c83\">Descarregar<\/a><\/div>\n\n\n\n<div class=\"wp-block-file\"><a id=\"wp-block-file--media-f6ff14e1-7e86-4a11-9344-9e2d402c8435\" href=\"https:\/\/escoladigital.madeira.gov.pt\/ebspmalvares\/wp-content\/uploads\/sites\/4\/2024\/12\/PGRCIC-EBSPMA.pdf\" target=\"_blank\" rel=\"noreferrer noopener\">PLANO DE GEST\u00c3O DE RISCOS DE CORRUP\u00c7\u00c3O E INFRA\u00c7\u00d5ES CONEXAS<\/a><a href=\"https:\/\/escoladigital.madeira.gov.pt\/ebspmalvares\/wp-content\/uploads\/sites\/4\/2024\/12\/PGRCIC-EBSPMA.pdf\" class=\"wp-block-file__button wp-element-button\" download aria-describedby=\"wp-block-file--media-f6ff14e1-7e86-4a11-9344-9e2d402c8435\">Descarregar<\/a><\/div>\n\n\n\n<div class=\"wp-block-file\"><a id=\"wp-block-file--media-50218aed-c283-48a1-af7b-cdbebbc3c5f3\" href=\"https:\/\/escoladigital.madeira.gov.pt\/ebspmalvares\/wp-content\/uploads\/sites\/4\/2024\/12\/Formacao-Anticorrupcao-EBSPMA.pdf\" target=\"_blank\" rel=\"noreferrer noopener\">PLANO DE FORMA\u00c7\u00c3O E COMUNICA\u00c7\u00c3O PGRCIC<\/a><a href=\"https:\/\/escoladigital.madeira.gov.pt\/ebspmalvares\/wp-content\/uploads\/sites\/4\/2024\/12\/Formacao-Anticorrupcao-EBSPMA.pdf\" class=\"wp-block-file__button wp-element-button\" download aria-describedby=\"wp-block-file--media-50218aed-c283-48a1-af7b-cdbebbc3c5f3\">Descarregar<\/a><\/div>\n\n\n\n<p><\/p>\n","protected":false},"excerpt":{"rendered":"","protected":false},"author":8,"featured_media":0,"parent":0,"menu_order":0,"comment_status":"closed","ping_status":"closed","template":"","meta":{"site-sidebar-layout":"default","site-content-layout":"","ast-site-content-layout":"default","site-content-style":"default","site-sidebar-style":"default","ast-global-header-display":"","ast-banner-title-visibility":"","ast-main-header-display":"","ast-hfb-above-header-display":"","ast-hfb-below-header-display":"","ast-hfb-mobile-header-display":"","site-post-title":"","ast-breadcrumbs-content":"","ast-featured-img":"","footer-sml-layout":"","ast-disable-related-posts":"","theme-transparent-header-meta":"","adv-header-id-meta":"","stick-header-meta":"","header-above-stick-meta":"","header-main-stick-meta":"","header-below-stick-meta":"","astra-migrate-meta-layouts":"default","ast-page-background-enabled":"default","ast-page-background-meta":{"desktop":{"background-color":"var(--ast-global-color-4)","background-image":"","background-repeat":"repeat","background-position":"center center","background-size":"auto","background-attachment":"scroll","background-type":"","background-media":"","overlay-type":"","overlay-color":"","overlay-opacity":"","overlay-gradient":""},"tablet":{"background-color":"","background-image":"","background-repeat":"repeat","background-position":"center center","background-size":"auto","background-attachment":"scroll","background-type":"","background-media":"","overlay-type":"","overlay-color":"","overlay-opacity":"","overlay-gradient":""},"mobile":{"background-color":"","background-image":"","background-repeat":"repeat","background-position":"center center","background-size":"auto","background-attachment":"scroll","background-type":"","background-media":"","overlay-type":"","overlay-color":"","overlay-opacity":"","overlay-gradient":""}},"ast-content-background-meta":{"desktop":{"background-color":"var(--ast-global-color-5)","background-image":"","background-repeat":"repeat","background-position":"center center","background-size":"auto","background-attachment":"scroll","background-type":"","background-media":"","overlay-type":"","overlay-color":"","overlay-opacity":"","overlay-gradient":""},"tablet":{"background-color":"var(--ast-global-color-5)","background-image":"","background-repeat":"repeat","background-position":"center center","background-size":"auto","background-attachment":"scroll","background-type":"","background-media":"","overlay-type":"","overlay-color":"","overlay-opacity":"","overlay-gradient":""},"mobile":{"background-color":"var(--ast-global-color-5)","background-image":"","background-repeat":"repeat","background-position":"center center","background-size":"auto","background-attachment":"scroll","background-type":"","background-media":"","overlay-type":"","overlay-color":"","overlay-opacity":"","overlay-gradient":""}},"_themeisle_gutenberg_block_has_review":false,"footnotes":""},"class_list":["post-326","page","type-page","status-publish","hentry"],"_links":{"self":[{"href":"https:\/\/escoladigital.madeira.gov.pt\/ebspmalvares\/wp-json\/wp\/v2\/pages\/326","targetHints":{"allow":["GET"]}}],"collection":[{"href":"https:\/\/escoladigital.madeira.gov.pt\/ebspmalvares\/wp-json\/wp\/v2\/pages"}],"about":[{"href":"https:\/\/escoladigital.madeira.gov.pt\/ebspmalvares\/wp-json\/wp\/v2\/types\/page"}],"author":[{"embeddable":true,"href":"https:\/\/escoladigital.madeira.gov.pt\/ebspmalvares\/wp-json\/wp\/v2\/users\/8"}],"replies":[{"embeddable":true,"href":"https:\/\/escoladigital.madeira.gov.pt\/ebspmalvares\/wp-json\/wp\/v2\/comments?post=326"}],"version-history":[{"count":100,"href":"https:\/\/escoladigital.madeira.gov.pt\/ebspmalvares\/wp-json\/wp\/v2\/pages\/326\/revisions"}],"predecessor-version":[{"id":2755,"href":"https:\/\/escoladigital.madeira.gov.pt\/ebspmalvares\/wp-json\/wp\/v2\/pages\/326\/revisions\/2755"}],"wp:attachment":[{"href":"https:\/\/escoladigital.madeira.gov.pt\/ebspmalvares\/wp-json\/wp\/v2\/media?parent=326"}],"curies":[{"name":"wp","href":"https:\/\/api.w.org\/{rel}","templated":true}]}}