{"id":397,"date":"2024-04-06T08:34:14","date_gmt":"2024-04-06T08:34:14","guid":{"rendered":"https:\/\/escoladigital.madeira.gov.pt\/ebspmalvares\/?page_id=397"},"modified":"2024-04-06T11:03:34","modified_gmt":"2024-04-06T11:03:34","slug":"397-2","status":"publish","type":"page","link":"https:\/\/escoladigital.madeira.gov.pt\/ebspmalvares\/397-2\/","title":{"rendered":"Localiza\u00e7\u00e3o"},"content":{"rendered":"\n<div id=\"wp-block-themeisle-blocks-advanced-columns-bc742838\" class=\"wp-block-themeisle-blocks-advanced-columns has-2-columns has-desktop-equal-layout has-tablet-equal-layout has-mobile-collapsedRows-layout has-vertical-unset\"><div class=\"wp-block-themeisle-blocks-advanced-columns-overlay\"><\/div><div class=\"innerblocks-wrap\">\n<div id=\"wp-block-themeisle-blocks-advanced-column-b83cf674\" class=\"wp-block-themeisle-blocks-advanced-column\">\n<details class=\"wp-block-details is-layout-flow wp-block-details-is-layout-flow\" open><summary>Edif\u00edcio da Ribeira Brava<\/summary>\n<p>Escola B\u00e1sica e Secund\u00e1ria Padre Manuel \u00c1lvares<br>Rua de S\u00e3o Francisco, 2<br>9350-211 Ribeira Brava<\/p>\n<\/details>\n<\/div>\n\n\n\n<div id=\"wp-block-themeisle-blocks-advanced-column-ff8598ee\" class=\"wp-block-themeisle-blocks-advanced-column\"><\/div>\n<\/div><\/div>\n\n\n<div style=\"height:400pxpx;\" class=\"wp-block-themeisle-blocks-leaflet-map\" id=\"wp-block-themeisle-blocks-leaflet-map-7d56747c\"><\/div>\n<script type=\"text\/javascript\">\n\t\/* <![CDATA[ *\/\n\t\tif ( ! window.themeisleLeafletMaps ) window.themeisleLeafletMaps =[];\n\t\twindow.themeisleLeafletMaps.push( { container: \"wp-block-themeisle-blocks-leaflet-map-7d56747c\", attributes: {\"id\":\"wp-block-themeisle-blocks-leaflet-map-7d56747c\",\"latitude\":\"32.673482862744166\",\"longitude\":\"-17.063956260681156\",\"bbox\":\"-17.06737875938416,32.67257974690159,-17.060528397560123,32.674385969457305\",\"zoom\":18,\"markers\":[{\"id\":\"81ca5290-b8d7-475b-8b26-f6feb0d8c882\",\"latitude\":32.67353253385066,\"longitude\":-17.063307166099552,\"title\":\"Escola B\\u00e1sica e Secund\\u00e1ria Padre Manuel \\u00c1lvares\",\"description\":\"<p>Rua de S\\u00e3o Francisco, 2<\\\/p>\\n<p>9350-211 Ribira Brava<\\\/p>\"}],\"location\":\"La Sagrada Familia, Barcelona, Spain\",\"height\":\"400px\",\"zoomControl\":true,\"draggable\":true,\"hasCustomCSS\":false,\"customCSS\":\"\",\"otterConditions\":[]} } );\n\t\/* ]]> *\/\n<\/script>\n\n\n\n<details class=\"wp-block-details is-layout-flow wp-block-details-is-layout-flow\" open><summary>Edif\u00edcio do Campan\u00e1rio<\/summary>\n<p>Escola B\u00e1sica e Secund\u00e1ria Padre Manuel \u00c1lvares<br>Estrada da Lapa<br>9350 Campan\u00e1rio<\/p>\n<\/details>\n\n\n<div style=\"height:400pxpx;\" class=\"wp-block-themeisle-blocks-leaflet-map\" id=\"wp-block-themeisle-blocks-leaflet-map-4f022b37\"><\/div>\n<script type=\"text\/javascript\">\n\t\/* <![CDATA[ *\/\n\t\tif ( ! window.themeisleLeafletMaps ) window.themeisleLeafletMaps =[];\n\t\twindow.themeisleLeafletMaps.push( { container: \"wp-block-themeisle-blocks-leaflet-map-4f022b37\", attributes: {\"id\":\"wp-block-themeisle-blocks-leaflet-map-4f022b37\",\"latitude\":\"32.66460483781881\",\"longitude\":\"-17.033223509788517\",\"bbox\":\"-17.03664600849152,32.663701632240695,-17.029795646667484,32.665508034268775\",\"zoom\":18,\"markers\":[{\"id\":\"0726ff92-ae10-49ee-b8b3-cddfbb653cff\",\"latitude\":32.664649997858106,\"longitude\":-17.03267633914948,\"title\":\"Escola B\\u00e1sica e Secund\\u00e1ria Padre Manuel \\u00c1lvares\",\"description\":\"\"}],\"location\":\"La Sagrada Familia, Barcelona, Spain\",\"height\":\"400px\",\"zoomControl\":true,\"draggable\":true,\"hasCustomCSS\":false,\"customCSS\":\"\",\"otterConditions\":[]} } );\n\t\/* ]]> *\/\n<\/script>\n","protected":false},"excerpt":{"rendered":"","protected":false},"author":8,"featured_media":0,"parent":0,"menu_order":0,"comment_status":"closed","ping_status":"closed","template":"elementor_theme","meta":{"site-sidebar-layout":"default","site-content-layout":"","ast-site-content-layout":"default","site-content-style":"default","site-sidebar-style":"default","ast-global-header-display":"","ast-banner-title-visibility":"","ast-main-header-display":"","ast-hfb-above-header-display":"","ast-hfb-below-header-display":"","ast-hfb-mobile-header-display":"","site-post-title":"","ast-breadcrumbs-content":"","ast-featured-img":"","footer-sml-layout":"","ast-disable-related-posts":"","theme-transparent-header-meta":"","adv-header-id-meta":"","stick-header-meta":"","header-above-stick-meta":"","header-main-stick-meta":"","header-below-stick-meta":"","astra-migrate-meta-layouts":"default","ast-page-background-enabled":"default","ast-page-background-meta":{"desktop":{"background-color":"var(--ast-global-color-4)","background-image":"","background-repeat":"repeat","background-position":"center center","background-size":"auto","background-attachment":"scroll","background-type":"","background-media":"","overlay-type":"","overlay-color":"","overlay-opacity":"","overlay-gradient":""},"tablet":{"background-color":"","background-image":"","background-repeat":"repeat","background-position":"center center","background-size":"auto","background-attachment":"scroll","background-type":"","background-media":"","overlay-type":"","overlay-color":"","overlay-opacity":"","overlay-gradient":""},"mobile":{"background-color":"","background-image":"","background-repeat":"repeat","background-position":"center center","background-size":"auto","background-attachment":"scroll","background-type":"","background-media":"","overlay-type":"","overlay-color":"","overlay-opacity":"","overlay-gradient":""}},"ast-content-background-meta":{"desktop":{"background-color":"var(--ast-global-color-5)","background-image":"","background-repeat":"repeat","background-position":"center center","background-size":"auto","background-attachment":"scroll","background-type":"","background-media":"","overlay-type":"","overlay-color":"","overlay-opacity":"","overlay-gradient":""},"tablet":{"background-color":"var(--ast-global-color-5)","background-image":"","background-repeat":"repeat","background-position":"center center","background-size":"auto","background-attachment":"scroll","background-type":"","background-media":"","overlay-type":"","overlay-color":"","overlay-opacity":"","overlay-gradient":""},"mobile":{"background-color":"var(--ast-global-color-5)","background-image":"","background-repeat":"repeat","background-position":"center center","background-size":"auto","background-attachment":"scroll","background-type":"","background-media":"","overlay-type":"","overlay-color":"","overlay-opacity":"","overlay-gradient":""}},"_themeisle_gutenberg_block_has_review":false,"footnotes":""},"class_list":["post-397","page","type-page","status-publish","hentry"],"_links":{"self":[{"href":"https:\/\/escoladigital.madeira.gov.pt\/ebspmalvares\/wp-json\/wp\/v2\/pages\/397","targetHints":{"allow":["GET"]}}],"collection":[{"href":"https:\/\/escoladigital.madeira.gov.pt\/ebspmalvares\/wp-json\/wp\/v2\/pages"}],"about":[{"href":"https:\/\/escoladigital.madeira.gov.pt\/ebspmalvares\/wp-json\/wp\/v2\/types\/page"}],"author":[{"embeddable":true,"href":"https:\/\/escoladigital.madeira.gov.pt\/ebspmalvares\/wp-json\/wp\/v2\/users\/8"}],"replies":[{"embeddable":true,"href":"https:\/\/escoladigital.madeira.gov.pt\/ebspmalvares\/wp-json\/wp\/v2\/comments?post=397"}],"version-history":[{"count":8,"href":"https:\/\/escoladigital.madeira.gov.pt\/ebspmalvares\/wp-json\/wp\/v2\/pages\/397\/revisions"}],"predecessor-version":[{"id":418,"href":"https:\/\/escoladigital.madeira.gov.pt\/ebspmalvares\/wp-json\/wp\/v2\/pages\/397\/revisions\/418"}],"wp:attachment":[{"href":"https:\/\/escoladigital.madeira.gov.pt\/ebspmalvares\/wp-json\/wp\/v2\/media?parent=397"}],"curies":[{"name":"wp","href":"https:\/\/api.w.org\/{rel}","templated":true}]}}