{"id":897,"date":"2024-05-02T16:14:09","date_gmt":"2024-05-02T16:14:09","guid":{"rendered":"https:\/\/escoladigital.madeira.gov.pt\/ebspmalvares\/?page_id=897"},"modified":"2024-05-02T16:16:10","modified_gmt":"2024-05-02T16:16:10","slug":"desporto-escolar","status":"publish","type":"page","link":"https:\/\/escoladigital.madeira.gov.pt\/ebspmalvares\/desporto-escolar\/","title":{"rendered":"Desporto Escolar"},"content":{"rendered":"\n<h2 class=\"wp-block-heading\">Hor\u00e1rios<\/h2>\n\n\n\n<div data-wp-interactive=\"core\/file\" class=\"wp-block-file\"><object data-wp-bind--hidden=\"!state.hasPdfPreview\" hidden class=\"wp-block-file__embed\" data=\"https:\/\/escoladigital.madeira.gov.pt\/ebspmalvares\/wp-content\/uploads\/sites\/4\/2024\/05\/Horarios-DE-23-24.pdf\" type=\"application\/pdf\" style=\"width:100%;height:1010px\" aria-label=\"Incorpora\u00e7\u00e3o de Hor\u00e1rios do Desporto Escolar 23-24.\"><\/object><a id=\"wp-block-file--media-0dd2a063-4b90-4843-bb7d-750af28bdc95\" href=\"https:\/\/escoladigital.madeira.gov.pt\/ebspmalvares\/wp-content\/uploads\/sites\/4\/2024\/05\/Horarios-DE-23-24.pdf\" target=\"_blank\" rel=\"noreferrer noopener\">Hor\u00e1rios do Desporto Escolar 23-24<\/a><a href=\"https:\/\/escoladigital.madeira.gov.pt\/ebspmalvares\/wp-content\/uploads\/sites\/4\/2024\/05\/Horarios-DE-23-24.pdf\" class=\"wp-block-file__button wp-element-button\" download aria-describedby=\"wp-block-file--media-0dd2a063-4b90-4843-bb7d-750af28bdc95\">Descarregar<\/a><\/div>\n","protected":false},"excerpt":{"rendered":"<p>Hor\u00e1rios<\/p>\n","protected":false},"author":7,"featured_media":0,"parent":0,"menu_order":0,"comment_status":"closed","ping_status":"closed","template":"","meta":{"site-sidebar-layout":"default","site-content-layout":"","ast-site-content-layout":"default","site-content-style":"default","site-sidebar-style":"default","ast-global-header-display":"","ast-banner-title-visibility":"","ast-main-header-display":"","ast-hfb-above-header-display":"","ast-hfb-below-header-display":"","ast-hfb-mobile-header-display":"","site-post-title":"","ast-breadcrumbs-content":"","ast-featured-img":"","footer-sml-layout":"","ast-disable-related-posts":"","theme-transparent-header-meta":"","adv-header-id-meta":"","stick-header-meta":"","header-above-stick-meta":"","header-main-stick-meta":"","header-below-stick-meta":"","astra-migrate-meta-layouts":"default","ast-page-background-enabled":"default","ast-page-background-meta":{"desktop":{"background-color":"var(--ast-global-color-4)","background-image":"","background-repeat":"repeat","background-position":"center center","background-size":"auto","background-attachment":"scroll","background-type":"","background-media":"","overlay-type":"","overlay-color":"","overlay-opacity":"","overlay-gradient":""},"tablet":{"background-color":"","background-image":"","background-repeat":"repeat","background-position":"center center","background-size":"auto","background-attachment":"scroll","background-type":"","background-media":"","overlay-type":"","overlay-color":"","overlay-opacity":"","overlay-gradient":""},"mobile":{"background-color":"","background-image":"","background-repeat":"repeat","background-position":"center center","background-size":"auto","background-attachment":"scroll","background-type":"","background-media":"","overlay-type":"","overlay-color":"","overlay-opacity":"","overlay-gradient":""}},"ast-content-background-meta":{"desktop":{"background-color":"var(--ast-global-color-5)","background-image":"","background-repeat":"repeat","background-position":"center center","background-size":"auto","background-attachment":"scroll","background-type":"","background-media":"","overlay-type":"","overlay-color":"","overlay-opacity":"","overlay-gradient":""},"tablet":{"background-color":"var(--ast-global-color-5)","background-image":"","background-repeat":"repeat","background-position":"center center","background-size":"auto","background-attachment":"scroll","background-type":"","background-media":"","overlay-type":"","overlay-color":"","overlay-opacity":"","overlay-gradient":""},"mobile":{"background-color":"var(--ast-global-color-5)","background-image":"","background-repeat":"repeat","background-position":"center center","background-size":"auto","background-attachment":"scroll","background-type":"","background-media":"","overlay-type":"","overlay-color":"","overlay-opacity":"","overlay-gradient":""}},"_themeisle_gutenberg_block_has_review":false,"footnotes":""},"class_list":["post-897","page","type-page","status-publish","hentry"],"_links":{"self":[{"href":"https:\/\/escoladigital.madeira.gov.pt\/ebspmalvares\/wp-json\/wp\/v2\/pages\/897","targetHints":{"allow":["GET"]}}],"collection":[{"href":"https:\/\/escoladigital.madeira.gov.pt\/ebspmalvares\/wp-json\/wp\/v2\/pages"}],"about":[{"href":"https:\/\/escoladigital.madeira.gov.pt\/ebspmalvares\/wp-json\/wp\/v2\/types\/page"}],"author":[{"embeddable":true,"href":"https:\/\/escoladigital.madeira.gov.pt\/ebspmalvares\/wp-json\/wp\/v2\/users\/7"}],"replies":[{"embeddable":true,"href":"https:\/\/escoladigital.madeira.gov.pt\/ebspmalvares\/wp-json\/wp\/v2\/comments?post=897"}],"version-history":[{"count":3,"href":"https:\/\/escoladigital.madeira.gov.pt\/ebspmalvares\/wp-json\/wp\/v2\/pages\/897\/revisions"}],"predecessor-version":[{"id":903,"href":"https:\/\/escoladigital.madeira.gov.pt\/ebspmalvares\/wp-json\/wp\/v2\/pages\/897\/revisions\/903"}],"wp:attachment":[{"href":"https:\/\/escoladigital.madeira.gov.pt\/ebspmalvares\/wp-json\/wp\/v2\/media?parent=897"}],"curies":[{"name":"wp","href":"https:\/\/api.w.org\/{rel}","templated":true}]}}