{"id":2341,"date":"2025-06-29T15:37:53","date_gmt":"2025-06-29T15:37:53","guid":{"rendered":"https:\/\/escoladigital.madeira.gov.pt\/ebspmoniz\/?page_id=2341"},"modified":"2026-04-23T10:51:34","modified_gmt":"2026-04-23T10:51:34","slug":"documentos","status":"publish","type":"page","link":"https:\/\/escoladigital.madeira.gov.pt\/ebspmoniz\/documentos\/","title":{"rendered":"Documentos"},"content":{"rendered":"\t\t<div data-elementor-type=\"wp-page\" data-elementor-id=\"2341\" class=\"elementor elementor-2341\">\n\t\t\t\t<div class=\"elementor-element elementor-element-0cedee7 e-flex e-con-boxed e-con e-parent\" data-id=\"0cedee7\" data-element_type=\"container\" data-e-type=\"container\">\n\t\t\t\t\t<div class=\"e-con-inner\">\n\t\t<div class=\"elementor-element elementor-element-2695836 e-con-full e-flex e-con e-child\" data-id=\"2695836\" data-element_type=\"container\" data-e-type=\"container\">\n\t\t<div class=\"elementor-element elementor-element-4d1ee1e e-con-full e-flex e-con e-child\" data-id=\"4d1ee1e\" data-element_type=\"container\" data-e-type=\"container\">\n\t\t\t\t<div class=\"elementor-element elementor-element-6076442 elementor-widget elementor-widget-heading\" data-id=\"6076442\" data-element_type=\"widget\" data-e-type=\"widget\" data-widget_type=\"heading.default\">\n\t\t\t\t<div class=\"elementor-widget-container\">\n\t\t\t\t\t<h5 class=\"elementor-heading-title elementor-size-default\">Regulamentos<\/h5>\t\t\t\t<\/div>\n\t\t\t\t<\/div>\n\t\t\t\t<div class=\"elementor-element elementor-element-ea61b56 elementor-widget elementor-widget-text-editor\" data-id=\"ea61b56\" data-element_type=\"widget\" data-e-type=\"widget\" data-widget_type=\"text-editor.default\">\n\t\t\t\t<div class=\"elementor-widget-container\">\n\t\t\t\t\t\t\t\t\t<ul><li><a href=\"https:\/\/escoladigital.madeira.gov.pt\/ebspmoniz\/wp-content\/uploads\/sites\/35\/2025\/06\/Regulamento-Interno-4.Ao-atualizaA\u00a7Ao.pdf\" target=\"_blank\" rel=\"noopener\">Regulamento Interno &#8211; 4.\u00aa atualiza\u00e7\u00e3o<\/a><ul><li><a href=\"https:\/\/escoladigital.madeira.gov.pt\/ebspmoniz\/wp-content\/uploads\/sites\/35\/2025\/10\/adenda-RI.pdf\" target=\"_blank\" rel=\"noopener\">Adenda ao Regulamento Interno<\/a><\/li><\/ul><\/li><li><a href=\"https:\/\/escoladigital.madeira.gov.pt\/ebspmoniz\/wp-content\/uploads\/sites\/35\/2025\/06\/7-Regulamento-Equipamentos-InformA\u00a1ticos-3.Aa-atualizaA\u00a7Ao.pdf\" target=\"_blank\" rel=\"noopener\">Regulamento de Utiliza\u00e7\u00e3o dos Equipamentos Inform\u00e1ticos Educativos<\/a><\/li><li><a href=\"https:\/\/escoladigital.madeira.gov.pt\/ebspmoniz\/wp-content\/uploads\/sites\/35\/2025\/06\/2-Regulamento-de-utilizaA\u00a7Ao-dos-Surfaces-1.Aa-atualizaA\u00a7Ao.pdf\" target=\"_blank\" rel=\"noopener\">Regulamento de Utiliza\u00e7\u00e3o dos Surfaces<\/a><\/li><li><a href=\"https:\/\/escoladigital.madeira.gov.pt\/ebspmoniz\/wp-content\/uploads\/sites\/35\/2025\/06\/Regulamento-sala-AIA-pr\u201a.pdf\" target=\"_blank\" rel=\"noopener\">Regulamento &#8211; Sala AIA &#8211; Pr\u00e9<\/a><\/li><li><a href=\"https:\/\/escoladigital.madeira.gov.pt\/ebspmoniz\/wp-content\/uploads\/sites\/35\/2025\/06\/2-Regulamento-sala-AIA-Makerspace-1.Aa-atualizaA\u00a7Ao.pdf\" target=\"_blank\" rel=\"noopener\">Regulamento &#8211; Sala AIA<\/a><\/li><li><a href=\"https:\/\/escoladigital.madeira.gov.pt\/ebspmoniz\/wp-content\/uploads\/sites\/35\/2025\/06\/Regulamento-Utilizacao-do-Cartao-de-Identificacao.pdf\" target=\"_blank\" rel=\"noopener\">Regulamento do Cart\u00e3o de Identifica\u00e7\u00e3o<\/a><\/li><\/ul>\t\t\t\t\t\t\t\t<\/div>\n\t\t\t\t<\/div>\n\t\t\t\t<\/div>\n\t\t<div class=\"elementor-element elementor-element-07a39f1 e-con-full e-flex e-con e-child\" data-id=\"07a39f1\" data-element_type=\"container\" data-e-type=\"container\">\n\t\t\t\t<div class=\"elementor-element elementor-element-371b3d8 elementor-widget elementor-widget-heading\" data-id=\"371b3d8\" data-element_type=\"widget\" data-e-type=\"widget\" data-widget_type=\"heading.default\">\n\t\t\t\t<div class=\"elementor-widget-container\">\n\t\t\t\t\t<h5 class=\"elementor-heading-title elementor-size-default\">Planos e Projeto Educativo<\/h5>\t\t\t\t<\/div>\n\t\t\t\t<\/div>\n\t\t\t\t<div class=\"elementor-element elementor-element-620d538 elementor-widget elementor-widget-text-editor\" data-id=\"620d538\" data-element_type=\"widget\" data-e-type=\"widget\" data-widget_type=\"text-editor.default\">\n\t\t\t\t<div class=\"elementor-widget-container\">\n\t\t\t\t\t\t\t\t\t<ul><li><a href=\"https:\/\/escoladigital.madeira.gov.pt\/ebspmoniz\/wp-content\/uploads\/sites\/35\/2025\/06\/Projeto-Educativo-2022-2026.pdf\" target=\"_blank\" rel=\"noopener\">Projeto Educativo &#8211; 2022\/2026<\/a><\/li><li><a href=\"https:\/\/escoladigital.madeira.gov.pt\/ebspmoniz\/wp-content\/uploads\/sites\/35\/2025\/11\/PLANO-ANUAL-DE-ESCOLA-2025-2026.pdf\" target=\"_blank\" rel=\"noopener\">Plano Anual de Escola 2025\/2026<\/a><\/li><li><a href=\"https:\/\/escoladigital.madeira.gov.pt\/ebspmoniz\/wp-content\/uploads\/sites\/35\/2025\/10\/PLANOTIC2526.pdf\" target=\"_blank\" rel=\"noopener\">Plano TIC 2025\/2026<\/a><\/li><li><a href=\"https:\/\/escoladigital.madeira.gov.pt\/ebspmoniz\/wp-content\/uploads\/sites\/35\/2025\/10\/Plano-de-Formacao.pdf\" target=\"_blank\" rel=\"noopener\">Plano de Forma\u00e7\u00e3o 2025\/2026<\/a><\/li><\/ul>\t\t\t\t\t\t\t\t<\/div>\n\t\t\t\t<\/div>\n\t\t\t\t<\/div>\n\t\t<div class=\"elementor-element elementor-element-4744116 e-con-full e-flex e-con e-child\" data-id=\"4744116\" data-element_type=\"container\" data-e-type=\"container\">\n\t\t\t\t<div class=\"elementor-element elementor-element-06a71ca elementor-widget elementor-widget-heading\" data-id=\"06a71ca\" data-element_type=\"widget\" data-e-type=\"widget\" data-widget_type=\"heading.default\">\n\t\t\t\t<div class=\"elementor-widget-container\">\n\t\t\t\t\t<h5 class=\"elementor-heading-title elementor-size-default\">Oferta Curricular<\/h5>\t\t\t\t<\/div>\n\t\t\t\t<\/div>\n\t\t\t\t<div class=\"elementor-element elementor-element-f0390b1 elementor-widget elementor-widget-text-editor\" data-id=\"f0390b1\" data-element_type=\"widget\" data-e-type=\"widget\" data-widget_type=\"text-editor.default\">\n\t\t\t\t<div class=\"elementor-widget-container\">\n\t\t\t\t\t\t\t\t\t<ul><li><a href=\"https:\/\/escoladigital.madeira.gov.pt\/ebspmoniz\/wp-content\/uploads\/sites\/35\/2025\/10\/IV-Oferta-Curricular-25-26.pdf\" target=\"_blank\" rel=\"noopener\">Oferta Curricular 2025\/2026<\/a><\/li><\/ul>\t\t\t\t\t\t\t\t<\/div>\n\t\t\t\t<\/div>\n\t\t\t\t<\/div>\n\t\t\t\t<\/div>\n\t\t\t\t\t<\/div>\n\t\t\t\t<\/div>\n\t\t<div class=\"elementor-element elementor-element-8559f64 e-flex e-con-boxed e-con e-parent\" data-id=\"8559f64\" data-element_type=\"container\" data-e-type=\"container\">\n\t\t\t\t\t<div class=\"e-con-inner\">\n\t\t<div class=\"elementor-element elementor-element-c6e7f93 e-con-full e-flex e-con e-child\" data-id=\"c6e7f93\" data-element_type=\"container\" data-e-type=\"container\">\n\t\t<div class=\"elementor-element elementor-element-859caf3 e-con-full e-flex e-con e-child\" data-id=\"859caf3\" data-element_type=\"container\" data-e-type=\"container\">\n\t\t\t\t<div class=\"elementor-element elementor-element-83137d8 elementor-widget elementor-widget-heading\" data-id=\"83137d8\" data-element_type=\"widget\" data-e-type=\"widget\" data-widget_type=\"heading.default\">\n\t\t\t\t<div class=\"elementor-widget-container\">\n\t\t\t\t\t<h5 class=\"elementor-heading-title elementor-size-default\">Mapas de Pessoal N\u00e3o Docente<\/h5>\t\t\t\t<\/div>\n\t\t\t\t<\/div>\n\t\t\t\t<div class=\"elementor-element elementor-element-c6c3138 elementor-widget elementor-widget-text-editor\" data-id=\"c6c3138\" data-element_type=\"widget\" data-e-type=\"widget\" data-widget_type=\"text-editor.default\">\n\t\t\t\t<div class=\"elementor-widget-container\">\n\t\t\t\t\t\t\t\t\t<ul><li><a href=\"https:\/\/escoladigital.madeira.gov.pt\/ebspmoniz\/wp-content\/uploads\/sites\/35\/2025\/06\/MapatransPND-1.pdf\" target=\"_blank\" rel=\"noopener\">Mapa de Transi\u00e7\u00e3o do Pessoal N\u00e3o Docente<\/a><\/li><li><a href=\"https:\/\/escoladigital.madeira.gov.pt\/ebspmoniz\/wp-content\/uploads\/sites\/35\/2025\/06\/MapaPessoal2014-1.pdf\" target=\"_blank\" rel=\"noopener\">Mapa de Pessoal 2014<\/a><\/li><li><a href=\"https:\/\/escoladigital.madeira.gov.pt\/ebspmoniz\/wp-content\/uploads\/sites\/35\/2025\/06\/MapaPessoal-2015-1.pdf\" target=\"_blank\" rel=\"noopener\">Mapa de Pessoal N\u00e3o Docente 2015<\/a><\/li><li><a href=\"https:\/\/escoladigital.madeira.gov.pt\/ebspmoniz\/wp-content\/uploads\/sites\/35\/2025\/06\/atas-da-comissao-paritaria2016-1.pdf\" target=\"_blank\" rel=\"noopener\">Ata da comiss\u00e3o parit\u00e1ria &#8211; 2016<\/a><\/li><li><a href=\"https:\/\/escoladigital.madeira.gov.pt\/ebspmoniz\/wp-content\/uploads\/sites\/35\/2025\/06\/Despacho-da-comissao-paritaria2016-1.pdf\" target=\"_blank\" rel=\"noopener\">Despacho da comiss\u00e3o parit\u00e1ria &#8211; 2016<\/a><\/li><li><a href=\"https:\/\/escoladigital.madeira.gov.pt\/ebspmoniz\/wp-content\/uploads\/sites\/35\/2025\/06\/Mapa-Pessoal-Nao-Docente2016-1.pdf\" target=\"_blank\" rel=\"noopener\">Mapa de Pessoal N\u00e3o Docente &#8211; 2016<\/a><\/li><li><a href=\"https:\/\/escoladigital.madeira.gov.pt\/ebspmoniz\/wp-content\/uploads\/sites\/35\/2025\/06\/pessoal2017-1.pdf\" target=\"_blank\" rel=\"noopener\">Mapa de Pessoal N\u00e3o Docente &#8211; 2017<\/a><\/li><li><a href=\"https:\/\/escoladigital.madeira.gov.pt\/ebspmoniz\/wp-content\/uploads\/sites\/35\/2025\/06\/Mapa-Pessoal-Nao-Docente-2018-1.pdf\" target=\"_blank\" rel=\"noopener\">Mapa de Pessoal N\u00e3o Docente &#8211; 2018<\/a><\/li><li><a href=\"https:\/\/escoladigital.madeira.gov.pt\/ebspmoniz\/wp-content\/uploads\/sites\/35\/2025\/06\/mapa2019-1.pdf\" target=\"_blank\" rel=\"noopener\">Mapa de Pessoal N\u00e3o Docente &#8211; 2019<\/a><\/li><li><a href=\"https:\/\/escoladigital.madeira.gov.pt\/ebspmoniz\/wp-content\/uploads\/sites\/35\/2025\/06\/Mapade-pessoalhomo2020-1.pdf\" target=\"_blank\" rel=\"noopener\">Mapa de Pessoal N\u00e3o Docente &#8211; 2020<\/a><\/li><li><a href=\"https:\/\/escoladigital.madeira.gov.pt\/ebspmoniz\/wp-content\/uploads\/sites\/35\/2025\/06\/nDocente2021-1.pdf\" target=\"_blank\" rel=\"noopener\">Mapa de Pessoal\u00a0 N\u00e3o Docente &#8211; 2021<\/a><\/li><li><a href=\"https:\/\/escoladigital.madeira.gov.pt\/ebspmoniz\/wp-content\/uploads\/sites\/35\/2025\/06\/nd2022-1.pdf\" target=\"_blank\" rel=\"noopener\">Mapa de\u00a0 Pessoal N\u00e3o Docente &#8211; 2022<\/a><\/li><li><a href=\"https:\/\/escoladigital.madeira.gov.pt\/ebspmoniz\/wp-content\/uploads\/sites\/35\/2025\/06\/Mapa-Pessoal-Nao-Docente2023-1.pdf\" target=\"_blank\" rel=\"noopener\">Mapa de\u00a0 Pessoal N\u00e3o Docente &#8211; 2023<\/a><\/li><li><a href=\"https:\/\/escoladigital.madeira.gov.pt\/ebspmoniz\/wp-content\/uploads\/sites\/35\/2025\/06\/Mapa-de-Pessoal2024-1.pdf\" target=\"_blank\" rel=\"noopener\">Mapa de\u00a0 Pessoal N\u00e3o Docente &#8211; 2024<\/a><\/li><li><a href=\"https:\/\/escoladigital.madeira.gov.pt\/ebspmoniz\/wp-content\/uploads\/sites\/35\/2025\/10\/Mapa-Pessoal-N-Docente-2025.pdf\" target=\"_blank\" rel=\"noopener\">Mapa de\u00a0 Pessoal N\u00e3o Docente &#8211; 2025<\/a><\/li><\/ul>\t\t\t\t\t\t\t\t<\/div>\n\t\t\t\t<\/div>\n\t\t\t\t<\/div>\n\t\t<div class=\"elementor-element elementor-element-099a109 e-con-full e-flex e-con e-child\" data-id=\"099a109\" data-element_type=\"container\" data-e-type=\"container\">\n\t\t\t\t<div class=\"elementor-element elementor-element-4bad150 elementor-widget elementor-widget-heading\" data-id=\"4bad150\" data-element_type=\"widget\" data-e-type=\"widget\" data-widget_type=\"heading.default\">\n\t\t\t\t<div class=\"elementor-widget-container\">\n\t\t\t\t\t<h5 class=\"elementor-heading-title elementor-size-default\">Balan\u00e7os Sociais<\/h5>\t\t\t\t<\/div>\n\t\t\t\t<\/div>\n\t\t\t\t<div class=\"elementor-element elementor-element-a13c0dc elementor-widget elementor-widget-text-editor\" data-id=\"a13c0dc\" data-element_type=\"widget\" data-e-type=\"widget\" data-widget_type=\"text-editor.default\">\n\t\t\t\t<div class=\"elementor-widget-container\">\n\t\t\t\t\t\t\t\t\t<ul><li><a href=\"https:\/\/escoladigital.madeira.gov.pt\/ebspmoniz\/wp-content\/uploads\/sites\/35\/2025\/06\/Balanco-Social-2011.pdf\" target=\"_blank\" rel=\"noopener\">Balan\u00e7o Social de 2011<\/a><\/li><li><a href=\"https:\/\/escoladigital.madeira.gov.pt\/ebspmoniz\/wp-content\/uploads\/sites\/35\/2025\/06\/bs2012.pdf\" target=\"_blank\" rel=\"noopener\">Balan\u00e7o Social de 2012<\/a><\/li><li><a href=\"https:\/\/escoladigital.madeira.gov.pt\/ebspmoniz\/wp-content\/uploads\/sites\/35\/2025\/06\/Balanco-Social-2014.pdf\" target=\"_blank\" rel=\"noopener\">Balan\u00e7o Social de 2014<\/a><\/li><li><a href=\"https:\/\/escoladigital.madeira.gov.pt\/ebspmoniz\/wp-content\/uploads\/sites\/35\/2025\/06\/BS2015.xlsx\" target=\"_blank\" rel=\"noopener\">Balan\u00e7o Social de 2015<\/a><\/li><li><a href=\"https:\/\/escoladigital.madeira.gov.pt\/ebspmoniz\/wp-content\/uploads\/sites\/35\/2025\/06\/bal2016.pdf\" target=\"_blank\" rel=\"noopener\">Balan\u00e7o Social de 2016<\/a><\/li><li><a href=\"https:\/\/escoladigital.madeira.gov.pt\/ebspmoniz\/wp-content\/uploads\/sites\/35\/2025\/06\/Balanco_Social_v3.3.5-2017.xlsx\" target=\"_blank\" rel=\"noopener\">Balan\u00e7o Social de 2017<\/a><\/li><li><a href=\"https:\/\/escoladigital.madeira.gov.pt\/ebspmoniz\/wp-content\/uploads\/sites\/35\/2025\/06\/Balanco_Social-2018.xlsx\" target=\"_blank\" rel=\"noopener\">Balan\u00e7o Social de 2018<\/a><\/li><li><a href=\"https:\/\/escoladigital.madeira.gov.pt\/ebspmoniz\/wp-content\/uploads\/sites\/35\/2025\/06\/Balanco_Social_v3.3.6-PMZ-2019.xlsx\" target=\"_blank\" rel=\"noopener\">Balan\u00e7o Social de 2019<\/a><\/li><li><a href=\"https:\/\/escoladigital.madeira.gov.pt\/ebspmoniz\/wp-content\/uploads\/sites\/35\/2025\/06\/Balanco-Social-2020.xlsx\" target=\"_blank\" rel=\"noopener\">Balan\u00e7o Social de 2020<\/a><\/li><li><a href=\"https:\/\/escoladigital.madeira.gov.pt\/ebspmoniz\/wp-content\/uploads\/sites\/35\/2025\/06\/Balanco_Social_v3.3.7-2021.xlsx\" target=\"_blank\" rel=\"noopener\">Balan\u00e7o Social de 2021<\/a><\/li><li><a href=\"https:\/\/escoladigital.madeira.gov.pt\/ebspmoniz\/wp-content\/uploads\/sites\/35\/2025\/06\/Balanco_Social_v3.4.2.0-2022.xlsx\" target=\"_blank\" rel=\"noopener\">Balan\u00e7o Social de 2022<\/a><\/li><\/ul>\t\t\t\t\t\t\t\t<\/div>\n\t\t\t\t<\/div>\n\t\t\t\t<\/div>\n\t\t<div class=\"elementor-element elementor-element-710e1f3 e-con-full e-flex e-con e-child\" data-id=\"710e1f3\" data-element_type=\"container\" data-e-type=\"container\">\n\t\t\t\t<div class=\"elementor-element elementor-element-30b69fc elementor-widget elementor-widget-heading\" data-id=\"30b69fc\" data-element_type=\"widget\" data-e-type=\"widget\" data-widget_type=\"heading.default\">\n\t\t\t\t<div class=\"elementor-widget-container\">\n\t\t\t\t\t<h5 class=\"elementor-heading-title elementor-size-default\">Declara\u00e7\u00f5es<\/h5>\t\t\t\t<\/div>\n\t\t\t\t<\/div>\n\t\t\t\t<div class=\"elementor-element elementor-element-b16d2de elementor-widget elementor-widget-text-editor\" data-id=\"b16d2de\" data-element_type=\"widget\" data-e-type=\"widget\" data-widget_type=\"text-editor.default\">\n\t\t\t\t<div class=\"elementor-widget-container\">\n\t\t\t\t\t\t\t\t\t<ul><li><a href=\"https:\/\/escoladigital.madeira.gov.pt\/ebspmoniz\/wp-content\/uploads\/sites\/35\/2025\/06\/2011.pdf\" target=\"_blank\" rel=\"noopener\">Declara\u00e7\u00f5es 2011<\/a><\/li><li><a href=\"https:\/\/escoladigital.madeira.gov.pt\/ebspmoniz\/wp-content\/uploads\/sites\/35\/2025\/06\/2014.pdf\" target=\"_blank\" rel=\"noopener\">Declara\u00e7\u00f5es 2014<\/a><\/li><li><a href=\"https:\/\/escoladigital.madeira.gov.pt\/ebspmoniz\/wp-content\/uploads\/sites\/35\/2025\/06\/2016.pdf\" target=\"_blank\" rel=\"noopener\">Declara\u00e7\u00f5es 2016<\/a><\/li><li><a href=\"https:\/\/escoladigital.madeira.gov.pt\/ebspmoniz\/wp-content\/uploads\/sites\/35\/2025\/06\/2017.pdf\" target=\"_blank\" rel=\"noopener\">Declara\u00e7\u00f5es 2017<\/a><\/li><li><a href=\"https:\/\/escoladigital.madeira.gov.pt\/ebspmoniz\/wp-content\/uploads\/sites\/35\/2025\/06\/2018.pdf\" target=\"_blank\" rel=\"noopener\">Declara\u00e7\u00f5es 2018<\/a><\/li><li><a href=\"https:\/\/escoladigital.madeira.gov.pt\/ebspmoniz\/wp-content\/uploads\/sites\/35\/2025\/06\/Declaracoes2019.pdf\" target=\"_blank\" rel=\"noopener\">Declara\u00e7\u00f5es 2019<\/a><\/li><li><a href=\"https:\/\/escoladigital.madeira.gov.pt\/ebspmoniz\/wp-content\/uploads\/sites\/35\/2025\/06\/Declaracoes2020.pdf\" target=\"_blank\" rel=\"noopener\">Declara\u00e7\u00f5es 2020<\/a><\/li><li><a href=\"https:\/\/escoladigital.madeira.gov.pt\/ebspmoniz\/wp-content\/uploads\/sites\/35\/2025\/06\/Declaracao2021.pdf\" target=\"_blank\" rel=\"noopener\">Declara\u00e7\u00f5es 2021<\/a><\/li><li><a href=\"https:\/\/escoladigital.madeira.gov.pt\/ebspmoniz\/wp-content\/uploads\/sites\/35\/2025\/06\/Declaracoes-Lei-8.2012_2023.pdf\" target=\"_blank\" rel=\"noopener\">Declara\u00e7\u00f5es 2023<\/a><\/li><li><a href=\"https:\/\/escoladigital.madeira.gov.pt\/ebspmoniz\/wp-content\/uploads\/sites\/35\/2025\/06\/Declaracoes-2024.pdf\" target=\"_blank\" rel=\"noopener\">Declara\u00e7\u00f5es 2024<\/a><\/li><li><a href=\"https:\/\/escoladigital.madeira.gov.pt\/ebspmoniz\/wp-content\/uploads\/sites\/35\/2026\/01\/Declaroes-31.12.2025.pdf\" target=\"_blank\" rel=\"noopener\">Declara\u00e7\u00f5es 2025<\/a><\/li><li><a href=\"https:\/\/escoladigital.madeira.gov.pt\/ebspmoniz\/wp-content\/uploads\/sites\/35\/2026\/02\/Declaracao-In-Sub-2026.pdf\" target=\"_blank\" rel=\"noopener\">Declara\u00e7\u00e3o de Inexist\u00eancia de Subven\u00e7\u00f5es- 2026<\/a><\/li><\/ul>\t\t\t\t\t\t\t\t<\/div>\n\t\t\t\t<\/div>\n\t\t\t\t<\/div>\n\t\t\t\t<\/div>\n\t\t\t\t\t<\/div>\n\t\t\t\t<\/div>\n\t\t<div class=\"elementor-element elementor-element-bc8e569 e-flex e-con-boxed e-con e-parent\" data-id=\"bc8e569\" data-element_type=\"container\" data-e-type=\"container\">\n\t\t\t\t\t<div class=\"e-con-inner\">\n\t\t<div class=\"elementor-element elementor-element-71db574 e-con-full e-flex e-con e-child\" data-id=\"71db574\" data-element_type=\"container\" data-e-type=\"container\">\n\t\t<div class=\"elementor-element elementor-element-448ae31 e-con-full e-flex e-con e-child\" data-id=\"448ae31\" data-element_type=\"container\" data-e-type=\"container\">\n\t\t\t\t<div class=\"elementor-element elementor-element-811fdf6 elementor-widget elementor-widget-heading\" data-id=\"811fdf6\" data-element_type=\"widget\" data-e-type=\"widget\" data-widget_type=\"heading.default\">\n\t\t\t\t<div class=\"elementor-widget-container\">\n\t\t\t\t\t<h5 class=\"elementor-heading-title elementor-size-default\">Contas de Ger\u00eancia<\/h5>\t\t\t\t<\/div>\n\t\t\t\t<\/div>\n\t\t\t\t<div class=\"elementor-element elementor-element-b90ef4f elementor-widget elementor-widget-text-editor\" data-id=\"b90ef4f\" data-element_type=\"widget\" data-e-type=\"widget\" data-widget_type=\"text-editor.default\">\n\t\t\t\t<div class=\"elementor-widget-container\">\n\t\t\t\t\t\t\t\t\t<ul><li><a href=\"https:\/\/escoladigital.madeira.gov.pt\/ebspmoniz\/wp-content\/uploads\/sites\/35\/2026\/04\/Mapa-de-contas-2024.zip\" target=\"_blank\" rel=\"noopener\">Mapa de Contas &#8211; 2024;<\/a><\/li><li><a href=\"https:\/\/escoladigital.madeira.gov.pt\/ebspmoniz\/wp-content\/uploads\/sites\/35\/2026\/04\/Prestacao-de-contas-2024-1parte.zip\" target=\"_blank\" rel=\"noopener\">Presta\u00e7\u00e3o de Contas &#8211; 2024 (1.\u00aa parte);<\/a><\/li><li><a href=\"https:\/\/escoladigital.madeira.gov.pt\/ebspmoniz\/wp-content\/uploads\/sites\/35\/2026\/04\/Prestacao-de-contas-2024-2parte.zip\" target=\"_blank\" rel=\"noopener\">Presta\u00e7\u00e3o de Contas &#8211; 2024 (2.\u00aa parte).<\/a><\/li><\/ul>\t\t\t\t\t\t\t\t<\/div>\n\t\t\t\t<\/div>\n\t\t\t\t<\/div>\n\t\t<div class=\"elementor-element elementor-element-dde71d7 e-con-full e-flex e-con e-child\" data-id=\"dde71d7\" data-element_type=\"container\" data-e-type=\"container\">\n\t\t\t\t<div class=\"elementor-element elementor-element-cc2de7d elementor-widget elementor-widget-heading\" data-id=\"cc2de7d\" data-element_type=\"widget\" data-e-type=\"widget\" data-widget_type=\"heading.default\">\n\t\t\t\t<div class=\"elementor-widget-container\">\n\t\t\t\t\t<h5 class=\"elementor-heading-title elementor-size-default\">Outros<\/h5>\t\t\t\t<\/div>\n\t\t\t\t<\/div>\n\t\t\t\t<div class=\"elementor-element elementor-element-522f82f elementor-widget elementor-widget-text-editor\" data-id=\"522f82f\" data-element_type=\"widget\" data-e-type=\"widget\" data-widget_type=\"text-editor.default\">\n\t\t\t\t<div class=\"elementor-widget-container\">\n\t\t\t\t\t\t\t\t\t<ul><li><a href=\"https:\/\/escoladigital.madeira.gov.pt\/ebspmoniz\/wp-content\/uploads\/sites\/35\/2025\/06\/Requisicao-Docentes-2022.23.pdf\" target=\"_blank\" rel=\"noopener\">Mapa de situa\u00e7\u00e3o e requisi\u00e7\u00e3o de docentes &#8211; 2022\/2023<\/a><\/li><li><a href=\"https:\/\/escoladigital.madeira.gov.pt\/ebspmoniz\/wp-content\/uploads\/sites\/35\/2025\/06\/apoio14_20.pdf\" target=\"_blank\" rel=\"noopener\">Apoios concedidos pelo Fundo Europeu Programa Madeira 14-20<\/a><\/li><\/ul><p>\u00a0<\/p>\t\t\t\t\t\t\t\t<\/div>\n\t\t\t\t<\/div>\n\t\t\t\t<\/div>\n\t\t\t\t<\/div>\n\t\t\t\t\t<\/div>\n\t\t\t\t<\/div>\n\t\t\t\t<\/div>\n\t\t","protected":false},"excerpt":{"rendered":"<p>Regulamentos Regulamento Interno &#8211; 4.\u00aa atualiza\u00e7\u00e3o Adenda ao Regulamento Interno Regulamento de Utiliza\u00e7\u00e3o dos Equipamentos Inform\u00e1ticos Educativos Regulamento de Utiliza\u00e7\u00e3o [&hellip;]<\/p>\n","protected":false},"author":47,"featured_media":0,"parent":0,"menu_order":0,"comment_status":"closed","ping_status":"closed","template":"","meta":{"site-sidebar-layout":"no-sidebar","site-content-layout":"","ast-site-content-layout":"full-width-container","site-content-style":"default","site-sidebar-style":"default","ast-global-header-display":"","ast-banner-title-visibility":"","ast-main-header-display":"","ast-hfb-above-header-display":"","ast-hfb-below-header-display":"","ast-hfb-mobile-header-display":"","site-post-title":"","ast-breadcrumbs-content":"","ast-featured-img":"disabled","footer-sml-layout":"","ast-disable-related-posts":"","theme-transparent-header-meta":"","adv-header-id-meta":"","stick-header-meta":"","header-above-stick-meta":"","header-main-stick-meta":"","header-below-stick-meta":"","astra-migrate-meta-layouts":"default","ast-page-background-enabled":"default","ast-page-background-meta":{"desktop":{"background-color":"var(--ast-global-color-5)","background-image":"","background-repeat":"repeat","background-position":"center center","background-size":"auto","background-attachment":"scroll","background-type":"","background-media":"","overlay-type":"","overlay-color":"","overlay-opacity":"","overlay-gradient":""},"tablet":{"background-color":"","background-image":"","background-repeat":"repeat","background-position":"center center","background-size":"auto","background-attachment":"scroll","background-type":"","background-media":"","overlay-type":"","overlay-color":"","overlay-opacity":"","overlay-gradient":""},"mobile":{"background-color":"","background-image":"","background-repeat":"repeat","background-position":"center center","background-size":"auto","background-attachment":"scroll","background-type":"","background-media":"","overlay-type":"","overlay-color":"","overlay-opacity":"","overlay-gradient":""}},"ast-content-background-meta":{"desktop":{"background-color":"var(--ast-global-color-4)","background-image":"","background-repeat":"repeat","background-position":"center center","background-size":"auto","background-attachment":"scroll","background-type":"","background-media":"","overlay-type":"","overlay-color":"","overlay-opacity":"","overlay-gradient":""},"tablet":{"background-color":"var(--ast-global-color-4)","background-image":"","background-repeat":"repeat","background-position":"center center","background-size":"auto","background-attachment":"scroll","background-type":"","background-media":"","overlay-type":"","overlay-color":"","overlay-opacity":"","overlay-gradient":""},"mobile":{"background-color":"var(--ast-global-color-4)","background-image":"","background-repeat":"repeat","background-position":"center center","background-size":"auto","background-attachment":"scroll","background-type":"","background-media":"","overlay-type":"","overlay-color":"","overlay-opacity":"","overlay-gradient":""}},"_themeisle_gutenberg_block_has_review":false,"footnotes":""},"class_list":["post-2341","page","type-page","status-publish","hentry"],"_links":{"self":[{"href":"https:\/\/escoladigital.madeira.gov.pt\/ebspmoniz\/wp-json\/wp\/v2\/pages\/2341","targetHints":{"allow":["GET"]}}],"collection":[{"href":"https:\/\/escoladigital.madeira.gov.pt\/ebspmoniz\/wp-json\/wp\/v2\/pages"}],"about":[{"href":"https:\/\/escoladigital.madeira.gov.pt\/ebspmoniz\/wp-json\/wp\/v2\/types\/page"}],"author":[{"embeddable":true,"href":"https:\/\/escoladigital.madeira.gov.pt\/ebspmoniz\/wp-json\/wp\/v2\/users\/47"}],"replies":[{"embeddable":true,"href":"https:\/\/escoladigital.madeira.gov.pt\/ebspmoniz\/wp-json\/wp\/v2\/comments?post=2341"}],"version-history":[{"count":97,"href":"https:\/\/escoladigital.madeira.gov.pt\/ebspmoniz\/wp-json\/wp\/v2\/pages\/2341\/revisions"}],"predecessor-version":[{"id":4312,"href":"https:\/\/escoladigital.madeira.gov.pt\/ebspmoniz\/wp-json\/wp\/v2\/pages\/2341\/revisions\/4312"}],"wp:attachment":[{"href":"https:\/\/escoladigital.madeira.gov.pt\/ebspmoniz\/wp-json\/wp\/v2\/media?parent=2341"}],"curies":[{"name":"wp","href":"https:\/\/api.w.org\/{rel}","templated":true}]}}