{"id":794,"date":"2025-06-05T10:00:46","date_gmt":"2025-06-05T10:00:46","guid":{"rendered":"https:\/\/escoladigital.madeira.gov.pt\/ebspmoniz\/?page_id=794"},"modified":"2025-10-23T16:26:55","modified_gmt":"2025-10-23T16:26:55","slug":"professores","status":"publish","type":"page","link":"https:\/\/escoladigital.madeira.gov.pt\/ebspmoniz\/professores\/","title":{"rendered":"Professores"},"content":{"rendered":"\t\t<div data-elementor-type=\"wp-page\" data-elementor-id=\"794\" class=\"elementor elementor-794\">\n\t\t\t\t<div class=\"elementor-element elementor-element-472954c e-flex e-con-boxed e-con e-parent\" data-id=\"472954c\" data-element_type=\"container\" data-e-type=\"container\">\n\t\t\t\t\t<div class=\"e-con-inner\">\n\t\t<div class=\"elementor-element elementor-element-e62f8c0 e-con-full e-flex e-con e-child\" data-id=\"e62f8c0\" data-element_type=\"container\" data-e-type=\"container\">\n\t\t<div class=\"elementor-element elementor-element-da5ca33 e-con-full e-flex e-con e-child\" data-id=\"da5ca33\" data-element_type=\"container\" data-e-type=\"container\">\n\t\t<div class=\"elementor-element elementor-element-2c47ee5 e-con-full e-flex e-con e-child\" data-id=\"2c47ee5\" data-element_type=\"container\" data-e-type=\"container\">\n\t\t\t\t<div class=\"elementor-element elementor-element-a0e4d46 elementor-widget elementor-widget-text-editor\" data-id=\"a0e4d46\" data-element_type=\"widget\" data-e-type=\"widget\" data-widget_type=\"text-editor.default\">\n\t\t\t\t<div class=\"elementor-widget-container\">\n\t\t\t\t\t\t\t\t\t<table width=\"1204\">\n<tbody>\n<tr>\n<td width=\"342\">\n<h6><strong>Nome<\/strong><\/h6>\n<\/td>\n<td width=\"61\">\n<h6><strong>Grupo<\/strong><\/h6>\n<\/td>\n<td width=\"227\">&nbsp;<\/td>\n<td width=\"377\">\n<h6><strong>Cargos<\/strong><\/h6>\n<\/td>\n<td width=\"197\">\n<h6><strong>Turmas\/Disciplina<\/strong><\/h6>\n<\/td>\n<\/tr>\n<tr>\n<td width=\"342\">Ana Am\u00e9lia Guedes Teixeira Costa<\/td>\n<td width=\"61\">100<\/td>\n<td width=\"227\">Educa\u00e7\u00e3o Pr\u00e9-escolar<\/td>\n<td width=\"377\">Coordenadora Educativa Creche, Pr\u00e9-escolar e 1.\u00ba Ciclo<\/td>\n<td width=\"197\">&nbsp;<\/td>\n<\/tr>\n<tr>\n<td width=\"342\">Ana Carolina Rodrigues Pestana<\/td>\n<td width=\"61\">420<\/td>\n<td width=\"227\">Geografia<\/td>\n<td width=\"377\">Representante de disciplina de Geografia<\/td>\n<td width=\"197\">3.\u00ba ciclo<br>10.\u00ba \/ 11.\u00ba e 12.\u00ba ano<\/td>\n<\/tr>\n<tr>\n<td width=\"342\">Ana Fl\u00e1via dos Santos Brand\u00e3o Coelho Valente<\/td>\n<td width=\"61\">110<\/td>\n<td width=\"227\">1.\u00ba Ciclo do Ensino B\u00e1sico<\/td>\n<td width=\"377\">Titular de turma<\/td>\n<td width=\"197\">1.\u00ba ano &#8211; Curricular<\/td>\n<\/tr>\n<tr>\n<td width=\"342\">Ana Helena Lira Caldeira<\/td>\n<td width=\"61\">620<\/td>\n<td width=\"227\">Educa\u00e7\u00e3o F\u00edsica<\/td>\n<td width=\"377\">Coordenadora da Atividade Interna<br>Carta da Convivialidade<\/td>\n<td width=\"197\">11.\u00ba e 12.\u00ba ano <br>4.\u00ba ano<br>CC 7.\u00ba e 8.\u00ba ano<\/td>\n<\/tr>\n<tr>\n<td width=\"342\">Ana Maria Caldeira Cavaleiro<\/td>\n<td width=\"61\">500<\/td>\n<td width=\"227\">Matem\u00e1tica<br>Matem\u00e1tica A<\/td>\n<td width=\"377\">&nbsp;<\/td>\n<td width=\"197\">8.\u00ba ano<br>11.\u00ba e 12.\u00ba ano<br>SE Mat. 8.\u00ba \/ 11.\u00ba e 12.\u00ba ano<\/td>\n<\/tr>\n<tr>\n<td width=\"342\">Ana Maria Mendes Andrade Mendeiros<\/td>\n<td width=\"61\">&nbsp;<\/td>\n<td width=\"227\">T\u00e9cnica Superior<\/td>\n<td width=\"377\">&nbsp;<\/td>\n<td width=\"197\">Pr\u00e9-escolar 1 e 2<br>OTL 1.\u00ba e 3.\u00ba ano<br>Biblioteca 1.\u00ba ciclo<br>Ba\u00fa de Leitura<br>Eco-Escolas 1.\u00ba ano<\/td>\n<\/tr>\n<tr>\n<td width=\"342\">Ana Paula Gouveia F\u00e9lix Queiroz<\/td>\n<td width=\"61\">100<\/td>\n<td width=\"227\">Educa\u00e7\u00e3o Pr\u00e9-escolar<\/td>\n<td width=\"377\">Titular do grupo do Ber\u00e7ario<\/td>\n<td width=\"197\">Creche &#8211; Ber\u00e7\u00e1rio<\/td>\n<\/tr>\n<tr>\n<td width=\"342\">Ana Rita In\u00e1cio Ant\u00f3nio<\/td>\n<td width=\"61\">300<\/td>\n<td width=\"227\">Portugu\u00eas<\/td>\n<td width=\"377\">Projeto &#8220;Ler com Amor&#8221;<\/td>\n<td width=\"197\">PLNM &#8211; 2.\u00ba \/ 3.\u00ba ciclo<br>PLNM &#8211; 10.\u00ba ano<br>AP 11.\u00ba ano<\/td>\n<\/tr>\n<tr>\n<td width=\"342\">Ana Sofia Martins Costa Ramos<\/td>\n<td width=\"61\">620<\/td>\n<td width=\"227\">Educa\u00e7\u00e3o F\u00edsica<\/td>\n<td width=\"377\">Coordenadora do Desporto Escolar<br>N\u00facleo Desportivo de Nata\u00e7\u00e3o<br>Atividade Externa\/Orientador de Equipa<br>Prote\u00e7\u00e3o de Dados<\/td>\n<td width=\"197\">5.\u00ba ano<br>9.\u00ba ano<\/td>\n<\/tr>\n<tr>\n<td width=\"342\">Andr\u00e9 Rafael Gouveia Andrade<\/td>\n<td width=\"61\">620<\/td>\n<td width=\"227\">Educa\u00e7\u00e3o F\u00edsica<\/td>\n<td width=\"377\">Diretor de turma &#8211; 7.\u00ba ano<\/td>\n<td width=\"197\">Pr\u00e9-escolar<br>1.\u00ba \/ 2.\u00ba e 3.\u00ba ano<br>7.\u00ba ano<br>SQ Coord. <br>SQ. &#8211; 3.\u00ba e 4.\u00ba ano<br>Nata\u00e7\u00e3o &#8211; 1.\u00ba \/ 2.\u00ba e 3.\u00ba ano<br>Coadjuvante Nata\u00e7\u00e3o &#8211; 4.\u00ba A e 4.\u00ba B<\/td>\n<\/tr>\n<tr>\n<td width=\"342\">Andre\u00edna F\u00e1tima Santos Delgado<\/td>\n<td width=\"61\">100<\/td>\n<td width=\"227\">Educa\u00e7\u00e3o Pr\u00e9-escolar<\/td>\n<td width=\"377\">&nbsp;<\/td>\n<td width=\"197\">Pr\u00e9-escolar 2<\/td>\n<\/tr>\n<tr>\n<td width=\"342\">\u00c2ngela Marisa Ferreira Dami\u00e3o&nbsp;<\/td>\n<td width=\"61\">230<\/td>\n<td width=\"227\">Matem\u00e1tica e Ci\u00eancia de Natureza<\/td>\n<td width=\"377\">Coordenadora do 2.\u00ba e 3.\u00ba ciclos<br>Representante do grupo disciplinar 230<br>PASE- Projeto de Avalia\u00e7\u00e3o do Sistema Educativo<br>EMAEI &#8211; Educa\u00e7\u00e3o Inclusiva<\/td>\n<td width=\"197\">Mat. 5.\u00ba ano<br>CN 5.\u00ba ano<br>APA Mat. 5.\u00ba ano<br>SE Mat 5.\u00ba ano<\/td>\n<\/tr>\n<tr>\n<td width=\"342\">Arminda Cec\u00edlia da Costa Valente<\/td>\n<td width=\"61\">110<\/td>\n<td width=\"227\">1.\u00ba Ciclo do Ensino B\u00e1sico<\/td>\n<td width=\"377\">Coordenadora Eco-Escolas<\/td>\n<td width=\"197\">1.\u00ba ciclo<br>Eco-Escolas<br>Express\u00e3o Pl\u00e1stica<\/td>\n<\/tr>\n<tr>\n<td width=\"342\">C\u00e2ndida de Jesus Caseiro Dias Gouveia<\/td>\n<td width=\"61\">110<\/td>\n<td width=\"227\">1.\u00ba Ciclo do Ensino B\u00e1sico<\/td>\n<td width=\"377\">Titular de turma<\/td>\n<td width=\"197\">3.\u00ba ano &#8211; Curricular<\/td>\n<\/tr>\n<tr>\n<td width=\"342\">Carla Maria Rodrigues Marcos Os\u00f3rio<\/td>\n<td width=\"61\">110<\/td>\n<td width=\"227\">1.\u00ba Ciclo do Ensino B\u00e1sico<\/td>\n<td width=\"377\">Titular de turma<\/td>\n<td width=\"197\">4.\u00ba B ano &#8211; Curricular<\/td>\n<\/tr>\n<tr>\n<td width=\"342\">Carla Sofia Dias de Azevedo<\/td>\n<td width=\"61\">120\/220<\/td>\n<td width=\"227\">Ingl\u00eas&nbsp;<\/td>\n<td width=\"377\">Representante de disciplina de Ingl\u00eas<\/td>\n<td width=\"197\">1.\u00ba ciclo<br>2.\u00ba ciclo<br>AP Ingl\u00eas 5.\u00ba e 6.\u00ba ano<\/td>\n<\/tr>\n<tr>\n<td width=\"342\">Carla Susana Fernandes da Silva<\/td>\n<td width=\"61\">300<\/td>\n<td width=\"227\">Portugu\u00eas<\/td>\n<td width=\"377\">Coordenadora do Departamento de L\u00ednguas<br>Delegada de Grupo Disciplinar de Portugu\u00eas<br>Diretora de Turma do 12.\u00ba ano<\/td>\n<td width=\"197\">7.\u00ba ano \/ 10.\u00ba e 12.\u00ba ano <br>SE Port. 12.\u00ba ano&nbsp;<\/td>\n<\/tr>\n<tr>\n<td width=\"342\">Cristina Maria de Jesus Dami\u00e3o<\/td>\n<td width=\"61\">100<\/td>\n<td width=\"227\">Educa\u00e7\u00e3o Pr\u00e9-escolar<\/td>\n<td width=\"377\">Titular do grupo Pr\u00e9-escolar 2<\/td>\n<td width=\"197\">Pr\u00e9-escolar 2<\/td>\n<\/tr>\n<tr>\n<td width=\"342\">Edna Patr\u00edcia Teixeira Martins<\/td>\n<td width=\"61\">510<\/td>\n<td width=\"227\">F\u00edsica e Qu\u00edmica<\/td>\n<td width=\"377\">PASE- Projeto de Avalia\u00e7\u00e3o do Sistema Educativo<br>Orienta\u00e7\u00e3o Educativa<\/td>\n<td width=\"197\">3. ciclo<br>OE 6.\u00ba e 10.\u00ba ano<\/td>\n<\/tr>\n<tr>\n<td width=\"342\">Elisabete dos Santos Silva<\/td>\n<td width=\"61\">320<\/td>\n<td width=\"227\">Franc\u00eas<\/td>\n<td width=\"377\">Representante de disciplina de Franc\u00eas<\/td>\n<td width=\"197\">3.\u00ba ciclo<br>10.\u00ba e 11.\u00ba ano <br>APA 10.\u00ba ano&nbsp;<\/td>\n<\/tr>\n<tr>\n<td width=\"342\">Filipe Miguel da Costa Pedro&nbsp;<\/td>\n<td width=\"61\">240<\/td>\n<td width=\"227\">Educa\u00e7\u00e3o Visual e Tecnol\u00f3gica<\/td>\n<td width=\"377\">Delegado de disciplina de Educa\u00e7\u00e3o Visual e Tecnol\u00f3gica<br>Coordenador Departamento de Express\u00f5es<br>Proj. Educa\u00e7\u00e3o para a Seguran\u00e7a e Preven\u00e7\u00e3o de Riscos<br>Coordenador da Equipa de interven\u00e7\u00e3o Disciplinar<\/td>\n<td width=\"197\">EV 2.\u00ba ciclo<br>ET 2.\u00ba ciclo<br>PESPR 2.\u00ba ciclo<\/td>\n<\/tr>\n<tr>\n<td width=\"342\">Frederico Alberto Ferreira de Carvalho Barros<\/td>\n<td width=\"61\">330<\/td>\n<td width=\"227\">Ingl\u00eas<\/td>\n<td width=\"377\">PASE- Projeto de Avalia\u00e7\u00e3o do Sistema Educativo<\/td>\n<td width=\"197\">3.\u00ba ciclo<br>10.\u00ba e 11.\u00ba ano <br>AP Ing. 7.\u00ba \/8.\u00ba e 9.\u00ba ano<\/td>\n<\/tr>\n<tr>\n<td width=\"342\">Guida Maria Aveiro Ornelas<\/td>\n<td width=\"61\">110<\/td>\n<td width=\"227\">1.\u00ba Ciclo do Ensino B\u00e1sico<\/td>\n<td width=\"377\">&nbsp;<\/td>\n<td width=\"197\">APA 1.\u00ba ciclo<br>Substitui\u00e7\u00f5es<\/td>\n<\/tr>\n<tr>\n<td width=\"342\">Jo\u00e3o de Abreu Gon\u00e7alves Fiqueli<\/td>\n<td width=\"61\">620<\/td>\n<td width=\"227\">Educa\u00e7\u00e3o F\u00edsica<\/td>\n<td width=\"377\">Diretor de turma 8.\u00ba ano<br>Atividade Externa\/Orientador de Equipa<br>N\u00facleo Desportivo MadeiraBall<\/td>\n<td width=\"197\">Pr\u00e9-escolar 1 e 2<br>8.\u00ba ano<br>10.\u00ba ano <br>Coadjuvante Nata\u00e7\u00e3o &#8211; 1.\u00ba \/2.\u00ba e 3.\u00ba ano<br>AP 11.\u00ba<\/td>\n<\/tr>\n<tr>\n<td width=\"342\">Jo\u00e3o Domingos Freitas Gouveia<\/td>\n<td width=\"61\">520\/230<\/td>\n<td width=\"227\">Biologia e Geologia<br>Ci\u00eancias Naturais<\/td>\n<td width=\"377\">Projeto Eco-escolas,<\/td>\n<td width=\"197\">CN 3.\u00ba ciclo<\/td>\n<\/tr>\n<tr>\n<td width=\"342\">Jo\u00e3o Paulo Vieira Lousada Novo<\/td>\n<td width=\"61\">110<\/td>\n<td width=\"227\">1.\u00ba Ciclo do Ensino B\u00e1sico<\/td>\n<td width=\"377\">&nbsp;<\/td>\n<td width=\"197\">Ci\u00eancias de Computa\u00e7\u00e3o 1.\u00ba ano<br>TIC 1.\u00ba \/ 3.\u00ba \/ 4.\u00baA e 4.\u00bab<\/td>\n<\/tr>\n<tr>\n<td width=\"342\">Jo\u00e3o Ricardo Nunes Freitas Macedo<\/td>\n<td width=\"61\">500<\/td>\n<td width=\"227\">Matem\u00e1tica <br>Economia C<\/td>\n<td width=\"377\">Coordenador do Departamento Ci\u00eancias Humanas e Sociais<br>Representante de disciplinar de Economia<br>TutorIA<\/td>\n<td width=\"197\">Mat. 6.\u00ba e 9.\u00ba ano<br>Eco. 12.\u00ba ano <br>SE Mat. 6.\u00ba&nbsp; e 9.\u00baano<br>APA Mat. 6.\u00ba e 9.\u00ba ano<\/td>\n<\/tr>\n<tr>\n<td width=\"342\">Joana Cristina Sousa Raimundo<\/td>\n<td width=\"61\">600<\/td>\n<td width=\"227\">Artes Visuais&nbsp;<\/td>\n<td width=\"377\">Dire\u00e7\u00e3o Turma do 9.\u00ba ano<br>Projeto Eco-escolas<br>Projeto ponto e virgula, a tua vez \u00e9 verde, plantar o futuro<br>Projeto Artes<\/td>\n<td width=\"197\">EV 3.\u00ba ciclo<\/td>\n<\/tr>\n<tr>\n<td width=\"342\">Jorge Rodrigo Cipriano dos Santos Alves<\/td>\n<td width=\"61\">400\/410<\/td>\n<td width=\"227\">Filosofia<br>Pscicologia<\/td>\n<td width=\"377\">Representante de disciplina de Filosofia<br>Diretor de turma 10.\u00ba ano <br>Orienta\u00e7\u00e3o Educativa<\/td>\n<td width=\"197\">Fil. 10.\u00ba e 11.\u00ba ano <br>Psic. 12.\u00ba ano<br>SE Fil. 11.\u00ba ano <br>OE 5.\u00ba \/ 6.\u00ba \/8.\u00ba e 9.\u00ba ano<br>OE 11.\u00ba ano<\/td>\n<\/tr>\n<tr>\n<td width=\"342\">Jos\u00e9 Roberto Freitas Sousa<\/td>\n<td width=\"61\">400<\/td>\n<td width=\"227\">Hist\u00f3ria<\/td>\n<td width=\"377\">Representante de disciplina de Hist\u00f3ria<\/td>\n<td width=\"197\">3.\u00ba ciclo<br>10.\u00ba \/ 11.\u00ba e 12.\u00ba ano&nbsp;<\/td>\n<\/tr>\n<tr>\n<td width=\"342\">Jos\u00e9 Sequeira da Costa<\/td>\n<td width=\"61\">510<\/td>\n<td width=\"227\">F\u00edsica e Qu\u00edmica<\/td>\n<td width=\"377\">Diretor<br>Presidente do Conselho Administrativo<\/td>\n<td width=\"197\">&nbsp;<\/td>\n<\/tr>\n<tr>\n<td width=\"342\">Justino Jos\u00e9 Pereira Jardim<\/td>\n<td width=\"61\">550<\/td>\n<td width=\"227\">Inform\u00e1tica<\/td>\n<td width=\"377\">Coordenador Departamento Ci\u00eancias Exatas e Tecnologias<br>Representante da disciplina de Inform\u00e1tica<br>Projeto de Manuten\u00e7\u00e3o da P\u00e1gina da Internet<br>Projeto Moodle<br>Coordenador do Projeto Manuais Digitais<br>TutorIA<\/td>\n<td width=\"197\">2.\u00ba ciclo<br>3.\u00ba ciclo<\/td>\n<\/tr>\n<tr>\n<td width=\"342\">L\u00edlia Maria Sousa Camacho<\/td>\n<td width=\"61\">510<\/td>\n<td width=\"227\">F\u00edsica e Qu\u00edmica<\/td>\n<td width=\"377\">Representante de disciplina de F\u00edsica e Quimica<br>Projeto Eco-Escolas<\/td>\n<td width=\"197\">10.\u00ba e 11.\u00ba ano <br>SE 11.\u00ba ano&nbsp;<\/td>\n<\/tr>\n<tr>\n<td width=\"342\">Lino Filipe Pereira da Concei\u00e7\u00e3o&nbsp;<\/td>\n<td width=\"61\">160\/260<\/td>\n<td width=\"227\">Educa\u00e7\u00e3o F\u00edsica<\/td>\n<td width=\"377\">Diretor de Instala\u00e7\u00f5es Desportivas<br>Delegado de disciplina de Educa\u00e7\u00e3o F\u00edsica<br>Diretor de turma 6.\u00ba ano<br>PASE- Projeto de Avalia\u00e7\u00e3o do Sistema Educativo<\/td>\n<td width=\"197\">4.\u00ba A e 4.\u00ba B<br>6.\u00ba ano<br>Nucleo &#8211; 4.\u00ba ano<br>Nata\u00e7\u00e3o &#8211; 4.\u00ba A e 4.\u00ba B<\/td>\n<\/tr>\n<tr>\n<td width=\"342\">Lu\u00eds Bernardo Gomes Soto<\/td>\n<td width=\"61\">520<\/td>\n<td width=\"227\">Biologia e Geologia<\/td>\n<td width=\"377\">Representante de disciplina de Biologia e Geologia<\/td>\n<td width=\"197\">10.\u00ba \/ 11.\u00ba e 12.\u00ba ano <br>SE BG 11.\u00ba ano&nbsp;<\/td>\n<\/tr>\n<tr>\n<td width=\"342\">Magda Isabel Ferreira Dami\u00e3o<\/td>\n<td width=\"61\">500<\/td>\n<td width=\"227\">Matem\u00e1tica<\/td>\n<td width=\"377\">PASE- Projeto de Avalia\u00e7\u00e3o do Sistema Educativo<br>Delegada do grupo disciplinar de Matem\u00e1tica<br>Coordenadora do Ensino Secund\u00e1rio<br>EMAEI &#8211; Educa\u00e7\u00e3o Inclusiva<\/td>\n<td width=\"197\">10.\u00ba ano<br>SE Mat. 10.\u00ba ano<\/td>\n<\/tr>\n<tr>\n<td width=\"342\">Maria Alexandra de Olim Andrade<\/td>\n<td width=\"61\">100EE<\/td>\n<td width=\"227\">Educa\u00e7\u00e3o Pr\u00e9-escolar &#8211; Educa\u00e7\u00e3o Especial<\/td>\n<td width=\"377\">&nbsp;<\/td>\n<td width=\"197\">Pr\u00e9-Escolar 1 e 2<br>AP 2.\u00ba \/ 3.\u00ba e 4.\u00baA ano<\/td>\n<\/tr>\n<tr>\n<td width=\"342\">Maria do Carmo Dias Lima Fernandes<\/td>\n<td width=\"61\">100<\/td>\n<td width=\"227\">Educa\u00e7\u00e3o Pr\u00e9-escolar<\/td>\n<td width=\"377\">Titular do grupo Pr\u00e9-escolar 1<\/td>\n<td width=\"197\">Pr\u00e9-escolar 1<\/td>\n<\/tr>\n<tr>\n<td width=\"342\">Maria Isabel Nunes Abreu<\/td>\n<td width=\"61\">100<\/td>\n<td width=\"227\">Educa\u00e7\u00e3o Pr\u00e9-escolar<\/td>\n<td width=\"377\">&nbsp;<\/td>\n<td width=\"197\">Pr\u00e9-escolar 1<\/td>\n<\/tr>\n<tr>\n<td width=\"342\">Mariana Isabel Dias Igreja Andr\u00e9<\/td>\n<td width=\"61\">100<\/td>\n<td width=\"227\">Educa\u00e7\u00e3o Pr\u00e9-escolar<\/td>\n<td width=\"377\">&nbsp;<\/td>\n<td width=\"197\">Creche Transi\u00e7\u00e3o<\/td>\n<\/tr>\n<tr>\n<td width=\"342\">Marisa Isabel Martins Afonso<\/td>\n<td width=\"61\">110<\/td>\n<td width=\"227\">1.\u00ba Ciclo do Ensino B\u00e1sico<\/td>\n<td width=\"377\">Adjunta do Diretor<br>Coordenadora da EMAEI<br>Equipa Prote\u00e7\u00e3o de Dados<\/td>\n<td width=\"197\">&nbsp;<\/td>\n<\/tr>\n<tr>\n<td width=\"342\">Marta Patr\u00edcia Reis Franco<\/td>\n<td width=\"61\">110<\/td>\n<td width=\"227\">1.\u00ba Ciclo do Ensino B\u00e1sico<\/td>\n<td width=\"377\">Presidente do Conselho da Comunidade Educativa<br>Titular de turma<\/td>\n<td width=\"197\">2.\u00ba ano &#8211; Curricular<\/td>\n<\/tr>\n<tr>\n<td width=\"342\">Melissa Christiana Sousa Jardim Tim\u00f3teo<\/td>\n<td width=\"61\">200<\/td>\n<td width=\"227\">Hist\u00f3ria e Geografia de Portugal<br>Portugu\u00eas&nbsp;<\/td>\n<td width=\"377\">Representante de disciplina de Cidadania e Desenvolvimento<br>Diretora de turma 5.\u00ba ano<br>Projeto ponto e virgula, a tua vez \u00e9 verde, plantar o futuro<\/td>\n<td width=\"197\">HGP &#8211; 2.\u00ba ciclo<br>Port. &#8211; 5.\u00ba<br>SE Port. 5.\u00ba<br>CD 5.\u00ba e 6.\u00ba<\/td>\n<\/tr>\n<tr>\n<td width=\"342\">M\u00f3nica Alexandra Ferreira de Sousa<\/td>\n<td width=\"61\">110<\/td>\n<td width=\"227\">1.\u00ba Ciclo do Ensino B\u00e1sico<\/td>\n<td width=\"377\">&nbsp;<\/td>\n<td width=\"197\">Ci\u00eancias de Computa\u00e7\u00e3o 2.\u00ba \/ 3.\u00ba e 4.\u00ba ano<br>Riscos\/PR 4.\u00ba B <br>TIC 2.\u00ba ano<br>SE 4.\u00ba B<br>APA 3.\u00ba ano<br>OTL 2.\u00ba \/ 3.\u00ba \/ 4.\u00baA e 4.\u00baB<\/td>\n<\/tr>\n<tr>\n<td width=\"342\">Nat\u00e1lia Raquel Alves Lima<\/td>\n<td width=\"61\">110EE<\/td>\n<td width=\"227\">1.\u00ba Ciclo do Ensino B\u00e1sico &#8211; Educa\u00e7\u00e3o Especial<\/td>\n<td width=\"377\">Delegada do grupo disciplinar de Educa\u00e7\u00e3o Especial<\/td>\n<td width=\"197\">AP Port. 6.\u00ba \/ 7.\u00ba&nbsp; e 9.\u00ba ano<br>AP Mat. 6.\u00ba ano<br>AP HGP 6.\u00ba \/ 8.\u00ba ano<br>AP 6.\u00ba \/ 7.\u00ba \/ 8.\u00ba \/ 9.\u00ba e 10.\u00ba ano&nbsp;<\/td>\n<\/tr>\n<tr>\n<td width=\"342\">Nuno Fernando Pereira Moutinho<\/td>\n<td width=\"61\">200<\/td>\n<td width=\"227\">Hist\u00f3ria e Geografia de Portugal<br>Portugu\u00eas&nbsp;<\/td>\n<td width=\"377\">Projeto ponto e virgula, a tua vez \u00e9 verde, plantar o futuro<\/td>\n<td width=\"197\">PLNM &#8211; 1.\u00ba ciclo<br>6.\u00ba ano<br>SE Portugu\u00eas- 6.\u00ba ano<br>SE Portugu\u00eas- 9.\u00ba ano<br>CD 7.\u00ba \/ 8.\u00ba \/ e 9.\u00ba<br>APA 6.\u00ba \/ 8.\u00ba \/ 9.\u00ba<\/td>\n<\/tr>\n<tr>\n<td width=\"342\">Paula Susana B\u00f4to Rodrigues<\/td>\n<td width=\"61\">220<\/td>\n<td width=\"227\">Portugu\u00eas e Ingl\u00eas<\/td>\n<td width=\"377\">Adjunta do Diretor<br>Presidente do Conselho Pedag\u00f3gico<br>Coordenadora TIC<br>Coordenadora PASE<\/td>\n<td width=\"197\">&nbsp;<\/td>\n<\/tr>\n<tr>\n<td width=\"342\">Ros\u00e1ria da Concei\u00e7\u00e3o Cardoso Viveiros<\/td>\n<td width=\"61\">110<\/td>\n<td width=\"227\">1.\u00ba Ciclo do Ensino B\u00e1sico<\/td>\n<td width=\"377\">Titular de turma<\/td>\n<td width=\"197\">4.\u00ba A ano &#8211; Curricular<\/td>\n<\/tr>\n<tr>\n<td width=\"342\">Sandra Maria Caires Pestana<\/td>\n<td width=\"61\">110<\/td>\n<td width=\"227\">1.\u00ba Ciclo do Ensino B\u00e1sico<\/td>\n<td width=\"377\">&nbsp;<\/td>\n<td width=\"197\">Estudo do Meio 3.\u00ba \/ 4.\u00baA<br>Escola Azul 1.\u00ba ciclo<br>OTL 1.\u00ba \/ 3.\u00ba \/ 4.\u00baA \/ 4.\u00baB<br>APA 2.\u00ba \/ 3.\u00ba \/ 4.\u00baB ano<br>Carta de Convivialidade 1.\u00ba ano<br>EMRC 2.\u00ba e 3.\u00ba ano<\/td>\n<\/tr>\n<tr>\n<td width=\"342\">S\u00edlvia Paula Amaral de Amorim Tavares<\/td>\n<td width=\"61\">100EE<\/td>\n<td width=\"227\">Educa\u00e7\u00e3o Pr\u00e9-escolar &#8211; Educa\u00e7\u00e3o Especial<\/td>\n<td width=\"377\">EMAEI &#8211; Educa\u00e7\u00e3o Inclusiva<\/td>\n<td width=\"197\">AP 1.\u00ba \/ 4.\u00baB ano<br>APE 4.\u00baB<\/td>\n<\/tr>\n<tr>\n<td width=\"342\">Sim\u00e3o Gabriel Rodrigues C\u00e2mara<\/td>\n<td width=\"61\">150\/250<\/td>\n<td width=\"227\">Express\u00e3o Musical e Dram\u00e1tica\/\u00c1reas Art\u00edsticas <br>Educa\u00e7\u00e3o Misical<\/td>\n<td width=\"377\">Representante de disciplina de Educa\u00e7\u00e3o Musical<br>Projeto de Expr. Artisticas &#8211; Cordofones Madeirenses<\/td>\n<td width=\"197\">1.\u00ba ciclo<br>2.\u00ba ciclo<br>3.\u00ba ciclo<br>Proj. M\u00fasica 1.\u00ba ciclo<\/td>\n<\/tr>\n<tr>\n<td width=\"342\">Steven Ferreira Cardoso<\/td>\n<td width=\"61\">500<\/td>\n<td width=\"227\">Matem\u00e1tica<br>MACS<\/td>\n<td width=\"377\">&nbsp;<\/td>\n<td width=\"197\">Mat. 7.\u00ba e 8,\u00ba ano<br>MACS 11.\u00ba ano <br>SE Mat. 7.\u00ba ano<br>SE MACS 11.\u00ba ano <br>APA Mat. 7.\u00ba e 8.\u00ba ano<br>Proj. Mat 7.\u00ba \/ 8.\u00ba e 9.\u00ba ano<\/td>\n<\/tr>\n<tr>\n<td width=\"342\">Susana Maria N\u00f3brega Melim Botas<\/td>\n<td width=\"61\">100EE<\/td>\n<td width=\"227\">Educa\u00e7\u00e3o Pr\u00e9-escolar &#8211; Educa\u00e7\u00e3o Especial<\/td>\n<td width=\"377\">&nbsp;<\/td>\n<td width=\"197\">AP 1.\u00ba ano e 11.\u00ba ano <br>APE 1.\u00ba ano e 11.\u00ba ano&nbsp;<\/td>\n<\/tr>\n<tr>\n<td width=\"342\">Susana Patr\u00edcia Alegria Marques da Silva<\/td>\n<td width=\"61\">300<\/td>\n<td width=\"227\">Portugu\u00eas<\/td>\n<td width=\"377\">Diretora de Turma 11.\u00ba ano&nbsp;<\/td>\n<td width=\"197\">8.\u00ba&nbsp; \/ 9.\u00ba \/ 10.\u00ba e 11.\u00ba<br>SE 7.\u00ba e 8.\u00ba ano<br>APA 5.\u00ba e 7.\u00ba ano<\/td>\n<\/tr>\n<tr>\n<td width=\"342\">Teresa Maria Pita Garc\u00eas<\/td>\n<td width=\"61\">100<\/td>\n<td width=\"227\">Educa\u00e7\u00e3o Pr\u00e9-escolar<\/td>\n<td width=\"377\">Titular do grupo de Transi\u00e7\u00e3o<\/td>\n<td width=\"197\">Creche Transi\u00e7\u00e3o<\/td>\n<\/tr>\n<tr>\n<td width=\"342\">V\u00e2nia S\u00f3nia Nunes da Silva<\/td>\n<td width=\"61\">110<\/td>\n<td width=\"227\">1.\u00ba Ciclo do Ensino B\u00e1sico<\/td>\n<td width=\"377\">&nbsp;<\/td>\n<td width=\"197\">SE 1.\u00ba \/ 2.\u00ba \/3.\u00ba e 4.\u00baA<br>Risco\/PR 1.\u00ba \/ 2.\u00ba \/3.\u00ba e 4.\u00baA<br>OTL 1.\u00ba \/ 2.\u00ba e 4.\u00baA<br>Orienta\u00e7\u00e3o Educativa<\/td>\n<\/tr>\n<\/tbody>\n<\/table>\t\t\t\t\t\t\t\t<\/div>\n\t\t\t\t<\/div>\n\t\t\t\t<\/div>\n\t\t\t\t<\/div>\n\t\t\t\t<\/div>\n\t\t<div class=\"elementor-element elementor-element-8a92e30 e-con-full e-flex e-con e-child\" data-id=\"8a92e30\" data-element_type=\"container\" data-e-type=\"container\">\n\t\t\t\t<\/div>\n\t\t\t\t\t<\/div>\n\t\t\t\t<\/div>\n\t\t\t\t<\/div>\n\t\t","protected":false},"excerpt":{"rendered":"<p>Nome Grupo &nbsp; Cargos Turmas\/Disciplina Ana Am\u00e9lia Guedes Teixeira Costa 100 Educa\u00e7\u00e3o Pr\u00e9-escolar Coordenadora Educativa Creche, Pr\u00e9-escolar e 1.\u00ba Ciclo [&hellip;]<\/p>\n","protected":false},"author":47,"featured_media":0,"parent":0,"menu_order":0,"comment_status":"closed","ping_status":"closed","template":"","meta":{"site-sidebar-layout":"no-sidebar","site-content-layout":"","ast-site-content-layout":"full-width-container","site-content-style":"default","site-sidebar-style":"default","ast-global-header-display":"","ast-banner-title-visibility":"","ast-main-header-display":"","ast-hfb-above-header-display":"","ast-hfb-below-header-display":"","ast-hfb-mobile-header-display":"","site-post-title":"","ast-breadcrumbs-content":"","ast-featured-img":"disabled","footer-sml-layout":"","ast-disable-related-posts":"","theme-transparent-header-meta":"","adv-header-id-meta":"","stick-header-meta":"","header-above-stick-meta":"","header-main-stick-meta":"","header-below-stick-meta":"","astra-migrate-meta-layouts":"default","ast-page-background-enabled":"default","ast-page-background-meta":{"desktop":{"background-color":"var(--ast-global-color-5)","background-image":"","background-repeat":"repeat","background-position":"center center","background-size":"auto","background-attachment":"scroll","background-type":"","background-media":"","overlay-type":"","overlay-color":"","overlay-opacity":"","overlay-gradient":""},"tablet":{"background-color":"","background-image":"","background-repeat":"repeat","background-position":"center center","background-size":"auto","background-attachment":"scroll","background-type":"","background-media":"","overlay-type":"","overlay-color":"","overlay-opacity":"","overlay-gradient":""},"mobile":{"background-color":"","background-image":"","background-repeat":"repeat","background-position":"center center","background-size":"auto","background-attachment":"scroll","background-type":"","background-media":"","overlay-type":"","overlay-color":"","overlay-opacity":"","overlay-gradient":""}},"ast-content-background-meta":{"desktop":{"background-color":"var(--ast-global-color-4)","background-image":"","background-repeat":"repeat","background-position":"center center","background-size":"auto","background-attachment":"scroll","background-type":"","background-media":"","overlay-type":"","overlay-color":"","overlay-opacity":"","overlay-gradient":""},"tablet":{"background-color":"var(--ast-global-color-4)","background-image":"","background-repeat":"repeat","background-position":"center center","background-size":"auto","background-attachment":"scroll","background-type":"","background-media":"","overlay-type":"","overlay-color":"","overlay-opacity":"","overlay-gradient":""},"mobile":{"background-color":"var(--ast-global-color-4)","background-image":"","background-repeat":"repeat","background-position":"center center","background-size":"auto","background-attachment":"scroll","background-type":"","background-media":"","overlay-type":"","overlay-color":"","overlay-opacity":"","overlay-gradient":""}},"_themeisle_gutenberg_block_has_review":false,"footnotes":""},"class_list":["post-794","page","type-page","status-publish","hentry"],"_links":{"self":[{"href":"https:\/\/escoladigital.madeira.gov.pt\/ebspmoniz\/wp-json\/wp\/v2\/pages\/794","targetHints":{"allow":["GET"]}}],"collection":[{"href":"https:\/\/escoladigital.madeira.gov.pt\/ebspmoniz\/wp-json\/wp\/v2\/pages"}],"about":[{"href":"https:\/\/escoladigital.madeira.gov.pt\/ebspmoniz\/wp-json\/wp\/v2\/types\/page"}],"author":[{"embeddable":true,"href":"https:\/\/escoladigital.madeira.gov.pt\/ebspmoniz\/wp-json\/wp\/v2\/users\/47"}],"replies":[{"embeddable":true,"href":"https:\/\/escoladigital.madeira.gov.pt\/ebspmoniz\/wp-json\/wp\/v2\/comments?post=794"}],"version-history":[{"count":40,"href":"https:\/\/escoladigital.madeira.gov.pt\/ebspmoniz\/wp-json\/wp\/v2\/pages\/794\/revisions"}],"predecessor-version":[{"id":3009,"href":"https:\/\/escoladigital.madeira.gov.pt\/ebspmoniz\/wp-json\/wp\/v2\/pages\/794\/revisions\/3009"}],"wp:attachment":[{"href":"https:\/\/escoladigital.madeira.gov.pt\/ebspmoniz\/wp-json\/wp\/v2\/media?parent=794"}],"curies":[{"name":"wp","href":"https:\/\/api.w.org\/{rel}","templated":true}]}}