{"id":165,"date":"2024-09-13T13:28:41","date_gmt":"2024-09-13T13:28:41","guid":{"rendered":"https:\/\/escoladigital.madeira.gov.pt\/ebspsol\/?page_id=165"},"modified":"2024-11-21T16:35:14","modified_gmt":"2024-11-21T16:35:14","slug":"historia","status":"publish","type":"page","link":"https:\/\/escoladigital.madeira.gov.pt\/ebspsol\/historia\/","title":{"rendered":"Hist\u00f3ria da Nossa Escola"},"content":{"rendered":"\n<hr class=\"wp-block-separator alignwide has-alpha-channel-opacity is-style-wide\" \/>\n\n\n\n<figure class=\"wp-block-image aligncenter size-full\"><img fetchpriority=\"high\" decoding=\"async\" width=\"440\" height=\"330\" src=\"https:\/\/escoladigital.madeira.gov.pt\/ebspsol\/wp-content\/uploads\/sites\/40\/2024\/09\/escola.jpg\" alt=\"\" class=\"wp-image-85\" srcset=\"https:\/\/escoladigital.madeira.gov.pt\/ebspsol\/wp-content\/uploads\/sites\/40\/2024\/09\/escola.jpg 440w, https:\/\/escoladigital.madeira.gov.pt\/ebspsol\/wp-content\/uploads\/sites\/40\/2024\/09\/escola-300x225.jpg 300w\" sizes=\"(max-width: 440px) 100vw, 440px\" \/><\/figure>\n\n\n\n<p><\/p>\n\n\n\n<p>A escola foi fundada no dia 5 de janeiro de 1977, com a denomina\u00e7\u00e3o de Escola Preparat\u00f3ria da Ponta do Sol. Funcionou no edif\u00edcio designado \u201cO Patronato\u201d, situado na rua Padre Le\u00e3o Henriques, onde se lecionava apenas o ensino preparat\u00f3rio.<\/p>\n\n\n\n<p>\u200bCom a regionaliza\u00e7\u00e3o do ensino, chegou a designar-se Escola Preparat\u00f3ria Rodrigo Enes, em homenagem \u00e0quele que se considera ser um dos mais antigos povoadores da Ponta do Sol e que se fixou nesta localidade por volta de 1440.<\/p>\n\n\n\n<p>A partir de 1987, com o alargamento da escolaridade para nove anos, passa a funcionar com o anexo no Solar dos Esmeraldos, na Lombada da Ponta do Sol, onde era ministrado o 3\u00ba ciclo unificado.<\/p>\n\n\n\n<p>\u200bA Escola B\u00e1sica e Secund\u00e1ria da Ponta do Sol entrou em funcionamento no ano letivo 2000\/2001. No dia 5 de mar\u00e7o de 2001 foi inaugurado o presente edif\u00edcio.<\/p>\n\n\n\n<p><\/p>\n","protected":false},"excerpt":{"rendered":"<p>A escola foi fundada no dia 5 de janeiro de 1977, com a denomina\u00e7\u00e3o de Escola Preparat\u00f3ria da Ponta do Sol. Funcionou no edif\u00edcio designado \u201cO Patronato\u201d, situado na rua Padre Le\u00e3o Henriques, onde se lecionava apenas o ensino preparat\u00f3rio. \u200bCom a regionaliza\u00e7\u00e3o do ensino, chegou a designar-se Escola Preparat\u00f3ria Rodrigo Enes, em homenagem \u00e0quele [&hellip;]<\/p>\n","protected":false},"author":53,"featured_media":0,"parent":0,"menu_order":0,"comment_status":"closed","ping_status":"closed","template":"","meta":{"_themeisle_gutenberg_block_has_review":false,"footnotes":""},"class_list":["post-165","page","type-page","status-publish","hentry"],"_links":{"self":[{"href":"https:\/\/escoladigital.madeira.gov.pt\/ebspsol\/wp-json\/wp\/v2\/pages\/165","targetHints":{"allow":["GET"]}}],"collection":[{"href":"https:\/\/escoladigital.madeira.gov.pt\/ebspsol\/wp-json\/wp\/v2\/pages"}],"about":[{"href":"https:\/\/escoladigital.madeira.gov.pt\/ebspsol\/wp-json\/wp\/v2\/types\/page"}],"author":[{"embeddable":true,"href":"https:\/\/escoladigital.madeira.gov.pt\/ebspsol\/wp-json\/wp\/v2\/users\/53"}],"replies":[{"embeddable":true,"href":"https:\/\/escoladigital.madeira.gov.pt\/ebspsol\/wp-json\/wp\/v2\/comments?post=165"}],"version-history":[{"count":6,"href":"https:\/\/escoladigital.madeira.gov.pt\/ebspsol\/wp-json\/wp\/v2\/pages\/165\/revisions"}],"predecessor-version":[{"id":468,"href":"https:\/\/escoladigital.madeira.gov.pt\/ebspsol\/wp-json\/wp\/v2\/pages\/165\/revisions\/468"}],"wp:attachment":[{"href":"https:\/\/escoladigital.madeira.gov.pt\/ebspsol\/wp-json\/wp\/v2\/media?parent=165"}],"curies":[{"name":"wp","href":"https:\/\/api.w.org\/{rel}","templated":true}]}}