{"id":227,"date":"2024-10-16T15:09:05","date_gmt":"2024-10-16T15:09:05","guid":{"rendered":"https:\/\/escoladigital.madeira.gov.pt\/ebspsol\/?page_id=227"},"modified":"2025-06-04T15:03:37","modified_gmt":"2025-06-04T15:03:37","slug":"exames","status":"publish","type":"page","link":"https:\/\/escoladigital.madeira.gov.pt\/ebspsol\/exames\/","title":{"rendered":"Exames"},"content":{"rendered":"\n<hr class=\"wp-block-separator has-alpha-channel-opacity\" \/>\n\n\n\n<div style=\"height:19px\" aria-hidden=\"true\" class=\"wp-block-spacer\"><\/div>\n\n\n\n<p>Modelos a utilizar para reclama\u00e7\u00f5es de provas, reaprecia\u00e7\u00f5es de prova e requerimentos. Link:\u00a0<a href=\"https:\/\/dge.mec.pt\/modelos\" target=\"_blank\" rel=\"noreferrer noopener\">https:\/\/dge.mec.pt\/modelos<\/a>\u00a0<\/p>\n\n\n\n<div style=\"height:19px\" aria-hidden=\"true\" class=\"wp-block-spacer\"><\/div>\n\n\n\n<hr class=\"wp-block-separator has-alpha-channel-opacity\" \/>\n\n\n\n<h2 class=\"wp-block-heading has-text-align-center\"><strong>Informa\u00e7\u00f5es<\/strong> <strong>para as provas do ano letivo 2024\/2025<\/strong><\/h2>\n\n\n\n<div data-wp-interactive=\"core\/file\" class=\"wp-block-file\"><object data-wp-bind--hidden=\"!state.hasPdfPreview\" hidden class=\"wp-block-file__embed\" data=\"https:\/\/escoladigital.madeira.gov.pt\/ebspsol\/wp-content\/uploads\/sites\/40\/2025\/04\/Provas-de-Avaliacao-Externa-2024_2025.pdf\" type=\"application\/pdf\" style=\"width:100%;height:600px\" aria-label=\"Incorpora\u00e7\u00e3o de Provas de Avalia\u00e7\u00e3o Externa  2024_2025.\"><\/object><a id=\"wp-block-file--media-44d36bab-55e5-4d5b-9c12-a60f938d6ded\" href=\"https:\/\/escoladigital.madeira.gov.pt\/ebspsol\/wp-content\/uploads\/sites\/40\/2025\/04\/Provas-de-Avaliacao-Externa-2024_2025.pdf\">Provas de Avalia\u00e7\u00e3o Externa  2024_2025<\/a><\/div>\n\n\n\n<div class=\"wp-block-file\"><a id=\"wp-block-file--media-20c2e339-f9b6-477e-afc2-9026adcb69cd\" href=\"https:\/\/escoladigital.madeira.gov.pt\/ebspsol\/wp-content\/uploads\/sites\/40\/2024\/11\/IP-Geral-2025_18nov_2.pdf\"><br><br>IP-Geral-2025_18nov_2<\/a><\/div>\n\n\n\n<div class=\"wp-block-file\"><a id=\"wp-block-file--media-9194db25-4016-4876-ab37-f1864a5080bf\" href=\"https:\/\/escoladigital.madeira.gov.pt\/ebspsol\/wp-content\/uploads\/sites\/40\/2025\/03\/Deliberacao-Pre-requisitos-2025.pdf\" target=\"_blank\" rel=\"noreferrer noopener\"><strong>Delibera\u00e7\u00e3o Pr\u00e9-requisitos 2025<\/strong><\/a><\/div>\n\n\n\n<div class=\"wp-block-group has-global-padding is-layout-constrained wp-block-group-is-layout-constrained\">\n<hr class=\"wp-block-separator has-alpha-channel-opacity is-style-wide\" \/>\n<\/div>\n\n\n\n<div style=\"height:18px\" aria-hidden=\"true\" class=\"wp-block-spacer\"><\/div>\n\n\n\n<div style=\"height:18px\" aria-hidden=\"true\" class=\"wp-block-spacer\"><\/div>\n\n\n\n<ul class=\"wp-block-list\">\n<li><strong>Provas de Monitoriza\u00e7\u00e3o da Aprendizagem (ModA): <\/strong>\n<ul class=\"wp-block-list\">\n<li>Hist\u00f3ria e Geografia de Portugal,<\/li>\n\n\n\n<li>Matem\u00e1tica e Ci\u00eancias Naturais, <\/li>\n\n\n\n<li>Portugu\u00eas, <\/li>\n\n\n\n<li>Portugu\u00eas L\u00edngua N\u00e3o Materna (n\u00edvel A2);<\/li>\n<\/ul>\n<\/li>\n<\/ul>\n\n\n\n<p><\/p>\n\n\n\n<ul class=\"wp-block-list\">\n<li><strong>As provas finais de ciclo do ensino b\u00e1sico: <\/strong>\n<ul class=\"wp-block-list\">\n<li><a href=\"https:\/\/iave.pt\/wp-content\/uploads\/2024\/11\/IP-PF-Mat92-2025_2.pdf\" target=\"_blank\" rel=\"noreferrer noopener\">Matem\u00e1tica<\/a>, <\/li>\n\n\n\n<li><a href=\"https:\/\/iave.pt\/wp-content\/uploads\/2024\/10\/IP-PF-Port91-2025.pdf\" target=\"_blank\" rel=\"noreferrer noopener\">Portugu\u00eas<\/a>,<\/li>\n\n\n\n<li><a href=\"https:\/\/iave.pt\/wp-content\/uploads\/2024\/10\/IP-PF-EX-PLNM93-94-2025.pdf\" data-type=\"link\" data-id=\"https:\/\/iave.pt\/wp-content\/uploads\/2024\/10\/IP-PF-EX-PLNM93-94-2025.pdf\" target=\"_blank\" rel=\"noreferrer noopener\">Portugu\u00eas L\u00edngua N\u00e3o Materna<\/a> (93 e 94);<\/li>\n<\/ul>\n<\/li>\n<\/ul>\n\n\n\n<div data-wp-interactive=\"core\/file\" class=\"wp-block-file\"><object data-wp-bind--hidden=\"!state.hasPdfPreview\" hidden class=\"wp-block-file__embed\" data=\"https:\/\/escoladigital.madeira.gov.pt\/ebspsol\/wp-content\/uploads\/sites\/40\/2025\/03\/documentacao-basico-2025-1.pdf\" type=\"application\/pdf\" style=\"width:100%;height:600px\" aria-label=\"Incorpora\u00e7\u00e3o de documenta\u00e7\u00e3o b\u00e1sico 2025.\"><\/object><a id=\"wp-block-file--media-c6d83bef-2d23-4d04-bf07-d0fd199e4ff1\" href=\"https:\/\/escoladigital.madeira.gov.pt\/ebspsol\/wp-content\/uploads\/sites\/40\/2025\/03\/documentacao-basico-2025-1.pdf\">documenta\u00e7\u00e3o b\u00e1sico 2025<\/a><\/div>\n\n\n\n<div data-wp-interactive=\"core\/file\" class=\"wp-block-file\"><object data-wp-bind--hidden=\"!state.hasPdfPreview\" hidden class=\"wp-block-file__embed\" data=\"https:\/\/escoladigital.madeira.gov.pt\/ebspsol\/wp-content\/uploads\/sites\/40\/2025\/03\/Prazos-inscricao-basico-2025.pdf\" type=\"application\/pdf\" style=\"width:100%;height:600px\" aria-label=\"Incorpora\u00e7\u00e3o de Prazos inscri\u00e7\u00e3o b\u00e1sico 2025.\"><\/object><a id=\"wp-block-file--media-1d7ce5df-f762-4ef6-830c-bd217912e048\" href=\"https:\/\/escoladigital.madeira.gov.pt\/ebspsol\/wp-content\/uploads\/sites\/40\/2025\/03\/Prazos-inscricao-basico-2025.pdf\">Prazos inscri\u00e7\u00e3o b\u00e1sico 2025<\/a><\/div>\n\n\n\n<div style=\"height:32px\" aria-hidden=\"true\" class=\"wp-block-spacer\"><\/div>\n\n\n\n<ul class=\"wp-block-list\">\n<li><strong>Os exames finais nacionais do ensino secund\u00e1rio:<\/strong>\n<ul class=\"wp-block-list\">\n<li><a href=\"https:\/\/iave.pt\/wp-content\/uploads\/2024\/10\/IP-EX-BG702-2025.pdf\" target=\"_blank\" rel=\"noreferrer noopener\">Biologia e Geologia<\/a>,<\/li>\n\n\n\n<li><a href=\"https:\/\/iave.pt\/wp-content\/uploads\/2024\/10\/IP-EX-EconA712-2025.pdf\" target=\"_blank\" rel=\"noreferrer noopener\">Economia A<\/a>,<\/li>\n\n\n\n<li><a href=\"https:\/\/escoladigital.madeira.gov.pt\/ebspsol\/exames\/\" target=\"_blank\" rel=\"noreferrer noopener\">Filosofia<\/a>,<\/li>\n\n\n\n<li><a href=\"https:\/\/iave.pt\/wp-content\/uploads\/2024\/10\/IP-EX-FQA715-2025.pdf\" target=\"_blank\" rel=\"noreferrer noopener\">F\u00edsica e Qu\u00edmica<\/a>,<\/li>\n\n\n\n<li><a href=\"https:\/\/iave.pt\/wp-content\/uploads\/2024\/10\/IP-EX-GeoA719-2025.pdf\" target=\"_blank\" rel=\"noreferrer noopener\">Geografia A<\/a>,<\/li>\n\n\n\n<li><a href=\"https:\/\/iave.pt\/wp-content\/uploads\/2024\/10\/IP-EX-HistA623-2025.pdf\" target=\"_blank\" rel=\"noreferrer noopener\">Hist\u00f3ria A<\/a>,<\/li>\n\n\n\n<li><a href=\"https:\/\/iave.pt\/wp-content\/uploads\/2024\/10\/IP-EX-Linguas-estrangeiras-2025.pdf\" target=\"_blank\" rel=\"noreferrer noopener\">L\u00ednguas Estrangeiras<\/a>,<\/li>\n\n\n\n<li><a href=\"https:\/\/iave.pt\/wp-content\/uploads\/2024\/10\/IP-EX-MatA635-2025.pdf\" target=\"_blank\" rel=\"noreferrer noopener\">Matem\u00e1tica A<\/a>,<\/li>\n\n\n\n<li><a href=\"https:\/\/iave.pt\/wp-content\/uploads\/2024\/10\/IP-EX-MACS835-2025.pdf\" target=\"_blank\" rel=\"noreferrer noopener\">MACS<\/a>,<\/li>\n\n\n\n<li><a href=\"https:\/\/iave.pt\/wp-content\/uploads\/2024\/10\/IP-EX-MatB735-2025.pdf\" target=\"_blank\" rel=\"noreferrer noopener\">Matem\u00e1tica B<\/a><\/li>\n\n\n\n<li><a href=\"https:\/\/iave.pt\/wp-content\/uploads\/2024\/10\/IP-EX-Port639-2025.pdf\" target=\"_blank\" rel=\"noreferrer noopener\">Portugu\u00eas<\/a>.<\/li>\n<\/ul>\n<\/li>\n<\/ul>\n\n\n\n<div data-wp-interactive=\"core\/file\" class=\"wp-block-file\"><object data-wp-bind--hidden=\"!state.hasPdfPreview\" hidden class=\"wp-block-file__embed\" data=\"https:\/\/escoladigital.madeira.gov.pt\/ebspsol\/wp-content\/uploads\/sites\/40\/2025\/03\/Documentacao-secundario.pdf\" type=\"application\/pdf\" style=\"width:100%;height:600px\" aria-label=\"Incorpora\u00e7\u00e3o de Documenta\u00e7\u00e3o secund\u00e1rio.\"><\/object><a id=\"wp-block-file--media-2bdfc8ca-eb96-4ded-96b2-bd64d6adfa3b\" href=\"https:\/\/escoladigital.madeira.gov.pt\/ebspsol\/wp-content\/uploads\/sites\/40\/2025\/03\/Documentacao-secundario.pdf\">Documenta\u00e7\u00e3o secund\u00e1rio<\/a><\/div>\n\n\n\n<div data-wp-interactive=\"core\/file\" class=\"wp-block-file\"><object data-wp-bind--hidden=\"!state.hasPdfPreview\" hidden class=\"wp-block-file__embed\" data=\"https:\/\/escoladigital.madeira.gov.pt\/ebspsol\/wp-content\/uploads\/sites\/40\/2025\/03\/Prazos-inscricao-secundario-2025.pdf\" type=\"application\/pdf\" style=\"width:100%;height:600px\" aria-label=\"Incorpora\u00e7\u00e3o de Prazos inscri\u00e7\u00e3o secund\u00e1rio 2025.\"><\/object><a id=\"wp-block-file--media-9f926c6d-5aca-4bfc-8e54-a8ff71c54362\" href=\"https:\/\/escoladigital.madeira.gov.pt\/ebspsol\/wp-content\/uploads\/sites\/40\/2025\/03\/Prazos-inscricao-secundario-2025.pdf\">Prazos inscri\u00e7\u00e3o secund\u00e1rio 2025<\/a><\/div>\n\n\n\n<p><\/p>\n","protected":false},"excerpt":{"rendered":"<p>Modelos a utilizar para reclama\u00e7\u00f5es de provas, reaprecia\u00e7\u00f5es de prova e requerimentos. Link:\u00a0https:\/\/dge.mec.pt\/modelos\u00a0 Informa\u00e7\u00f5es para as provas do ano letivo 2024\/2025<\/p>\n","protected":false},"author":53,"featured_media":0,"parent":0,"menu_order":0,"comment_status":"closed","ping_status":"closed","template":"","meta":{"_themeisle_gutenberg_block_has_review":false,"footnotes":""},"class_list":["post-227","page","type-page","status-publish","hentry"],"_links":{"self":[{"href":"https:\/\/escoladigital.madeira.gov.pt\/ebspsol\/wp-json\/wp\/v2\/pages\/227","targetHints":{"allow":["GET"]}}],"collection":[{"href":"https:\/\/escoladigital.madeira.gov.pt\/ebspsol\/wp-json\/wp\/v2\/pages"}],"about":[{"href":"https:\/\/escoladigital.madeira.gov.pt\/ebspsol\/wp-json\/wp\/v2\/types\/page"}],"author":[{"embeddable":true,"href":"https:\/\/escoladigital.madeira.gov.pt\/ebspsol\/wp-json\/wp\/v2\/users\/53"}],"replies":[{"embeddable":true,"href":"https:\/\/escoladigital.madeira.gov.pt\/ebspsol\/wp-json\/wp\/v2\/comments?post=227"}],"version-history":[{"count":26,"href":"https:\/\/escoladigital.madeira.gov.pt\/ebspsol\/wp-json\/wp\/v2\/pages\/227\/revisions"}],"predecessor-version":[{"id":683,"href":"https:\/\/escoladigital.madeira.gov.pt\/ebspsol\/wp-json\/wp\/v2\/pages\/227\/revisions\/683"}],"wp:attachment":[{"href":"https:\/\/escoladigital.madeira.gov.pt\/ebspsol\/wp-json\/wp\/v2\/media?parent=227"}],"curies":[{"name":"wp","href":"https:\/\/api.w.org\/{rel}","templated":true}]}}