{"id":50,"date":"2024-09-11T15:02:08","date_gmt":"2024-09-11T15:02:08","guid":{"rendered":"https:\/\/escoladigital.madeira.gov.pt\/ebspsol\/?page_id=50"},"modified":"2025-10-14T16:03:07","modified_gmt":"2025-10-14T16:03:07","slug":"orgaos","status":"publish","type":"page","link":"https:\/\/escoladigital.madeira.gov.pt\/ebspsol\/orgaos\/","title":{"rendered":"Org\u00e3os"},"content":{"rendered":"\n<div style=\"height:34px\" aria-hidden=\"true\" class=\"wp-block-spacer\"><\/div>\n\n\n\n<h4 class=\"wp-block-heading\"><strong>Conselho da Comunidade Educativa<\/strong><\/h4>\n\n\n\n<hr class=\"wp-block-separator has-alpha-channel-opacity is-style-wide\" \/>\n\n\n\n<p>\u00c9 o \u00f3rg\u00e3o de dire\u00e7\u00e3o respons\u00e1vel pela defini\u00e7\u00e3o da pol\u00edtica educativa de escola.<\/p>\n\n\n\n<p><strong>Presidente:&nbsp;<\/strong>Clara Maria dos Santos Diogo<\/p>\n\n\n\n<div style=\"height:34px\" aria-hidden=\"true\" class=\"wp-block-spacer\"><\/div>\n\n\n\n<h4 class=\"wp-block-heading\"><strong>Conselho Executivo<\/strong><\/h4>\n\n\n\n<hr class=\"wp-block-separator has-alpha-channel-opacity is-style-wide\" \/>\n\n\n\n<p>\u00c9 o \u00f3rg\u00e3o de gest\u00e3o da escola na \u00e1rea pedag\u00f3gica, cultural, administrativa e financeira.&nbsp;<\/p>\n\n\n\n<p><strong>Presidente:<\/strong>&nbsp;Ricardina Estef\u00e2nia Xavier de Andrade<\/p>\n\n\n\n<p><\/p>\n\n\n\n<p><strong>Vice-Presidente:&nbsp;<\/strong>Sandra Aracy Alfaia Pequen\u00e3o Minh\u00f3s<\/p>\n\n\n\n<p><strong>Vice-Presidente:&nbsp;<\/strong>Jo\u00e3o Jos\u00e9 Gon\u00e7alves<\/p>\n\n\n\n<div style=\"height:34px\" aria-hidden=\"true\" class=\"wp-block-spacer\"><\/div>\n\n\n\n<h4 class=\"wp-block-heading\"><strong>Conselho Administrativo<\/strong><\/h4>\n\n\n\n<hr class=\"wp-block-separator has-alpha-channel-opacity is-style-wide\" \/>\n\n\n\n<p>\u00c9 o \u00f3rg\u00e3o deliberativo em mat\u00e9ria administrativo-financeira da escola.<\/p>\n\n\n\n<p><strong>Presidente:&nbsp;<\/strong>Ricardina Estef\u00e2nia Xavier de Andrade<\/p>\n\n\n\n<p><strong>Vice-Presidente do Conselho Administrativo:<\/strong>&nbsp;Jo\u00e3o Jos\u00e9 Gon\u00e7alves<\/p>\n\n\n\n<p><strong>Coordenadora dos Servi\u00e7os Administrativos Escolares:&nbsp;<\/strong>Maria Fernanda de Sousa Alves<\/p>\n\n\n\n<div style=\"height:34px\" aria-hidden=\"true\" class=\"wp-block-spacer\"><\/div>\n\n\n\n<h4 class=\"wp-block-heading\"><strong>Conselho Pedag\u00f3gico<\/strong><\/h4>\n\n\n\n<hr class=\"wp-block-separator has-alpha-channel-opacity is-style-wide\" \/>\n\n\n\n<p>\u00c9 o \u00f3rg\u00e3o de coordena\u00e7\u00e3o e orienta\u00e7\u00e3o educativa da escola.<br><strong>Presidente:<\/strong>&nbsp;Edis Fernando Ascens\u00e3o Coelho<\/p>\n\n\n\n<div style=\"height:34px\" aria-hidden=\"true\" class=\"wp-block-spacer\"><\/div>\n\n\n\n<h4 class=\"wp-block-heading\"><strong>Coordenadores<\/strong><\/h4>\n\n\n\n<hr class=\"wp-block-separator has-alpha-channel-opacity is-style-wide\" \/>\n\n\n\n<p><strong>Departamento das Ci\u00eancias Humanas e Sociais\/Cidadania e Desenvolvimento<\/strong>: Ana Cristina Gouveia de Olival&nbsp;<\/p>\n\n\n\n<p><strong>Coordenadora da Equipa de Cidadania e Desenvolvimento:&nbsp;<\/strong>Ana Paula Varela<\/p>\n\n\n\n<p><strong>Departamento das Ci\u00eancias Exatas e Tecnologias:&nbsp;<\/strong>Carlos Alberto Pestana Gon\u00e7alves<\/p>\n\n\n\n<p><strong>Departamento de L\u00ednguas:<\/strong>&nbsp;Ricardo Gilberto Ribeiro Caroto<\/p>\n\n\n\n<p><strong>Departamento de Express\u00f5es<\/strong>: Carla Isabel Jorge e Castro Gomes Barbosa<\/p>\n\n\n\n<p><strong>Diretores de Turma (2\u00ba Ciclo):<\/strong>&nbsp;Ana Salom\u00e9 Faro Fernandes<\/p>\n\n\n\n<p><strong>Diretores de Turma (3\u00ba Ciclo):&nbsp;<\/strong>Ana Paula Varela<\/p>\n\n\n\n<p><strong>Diretores de Turma (Secund\u00e1rio):<\/strong>\u00a0 Dora Maria Jardim C\u00e2mara<\/p>\n\n\n\n<p><strong>Coordenador de Tutorias:<\/strong>&nbsp;Edis Fernando Ascen\u00e7\u00e3o Coelho<\/p>\n\n\n\n<p><strong>Cursos Profissionais:<\/strong>&nbsp;Ricardo Manuel de Oliveira Lopes<\/p>\n\n\n\n<p><strong>Apoios:<\/strong>&nbsp;Clara Maria dos Santos Diogo<\/p>\n\n\n\n<p><strong>Atividades de Enriquecimento Curricular:&nbsp;<\/strong>T\u00e2nia Maria Freitas Gon\u00e7alves da Silva<\/p>\n\n\n\n<p><strong>Equipa Multidisciplinar:<\/strong>&nbsp;Ana Maria Quinteiro Morais<\/p>\n\n\n\n<p><strong>Coordenador TIC:<\/strong>&nbsp;F\u00e1tima Ferreira Caldeira<\/p>\n\n\n\n<p><\/p>\n","protected":false},"excerpt":{"rendered":"<p>Conselho da Comunidade Educativa \u00c9 o \u00f3rg\u00e3o de dire\u00e7\u00e3o respons\u00e1vel pela defini\u00e7\u00e3o da pol\u00edtica educativa de escola. Presidente:&nbsp;Clara Maria dos Santos Diogo Conselho Executivo \u00c9 o \u00f3rg\u00e3o de gest\u00e3o da escola na \u00e1rea pedag\u00f3gica, cultural, administrativa e financeira.&nbsp; Presidente:&nbsp;Ricardina Estef\u00e2nia Xavier de Andrade Vice-Presidente:&nbsp;Sandra Aracy Alfaia Pequen\u00e3o Minh\u00f3s Vice-Presidente:&nbsp;Jo\u00e3o Jos\u00e9 Gon\u00e7alves Conselho Administrativo \u00c9 o [&hellip;]<\/p>\n","protected":false},"author":53,"featured_media":0,"parent":0,"menu_order":0,"comment_status":"closed","ping_status":"closed","template":"","meta":{"_themeisle_gutenberg_block_has_review":false,"footnotes":""},"class_list":["post-50","page","type-page","status-publish","hentry"],"_links":{"self":[{"href":"https:\/\/escoladigital.madeira.gov.pt\/ebspsol\/wp-json\/wp\/v2\/pages\/50","targetHints":{"allow":["GET"]}}],"collection":[{"href":"https:\/\/escoladigital.madeira.gov.pt\/ebspsol\/wp-json\/wp\/v2\/pages"}],"about":[{"href":"https:\/\/escoladigital.madeira.gov.pt\/ebspsol\/wp-json\/wp\/v2\/types\/page"}],"author":[{"embeddable":true,"href":"https:\/\/escoladigital.madeira.gov.pt\/ebspsol\/wp-json\/wp\/v2\/users\/53"}],"replies":[{"embeddable":true,"href":"https:\/\/escoladigital.madeira.gov.pt\/ebspsol\/wp-json\/wp\/v2\/comments?post=50"}],"version-history":[{"count":12,"href":"https:\/\/escoladigital.madeira.gov.pt\/ebspsol\/wp-json\/wp\/v2\/pages\/50\/revisions"}],"predecessor-version":[{"id":715,"href":"https:\/\/escoladigital.madeira.gov.pt\/ebspsol\/wp-json\/wp\/v2\/pages\/50\/revisions\/715"}],"wp:attachment":[{"href":"https:\/\/escoladigital.madeira.gov.pt\/ebspsol\/wp-json\/wp\/v2\/media?parent=50"}],"curies":[{"name":"wp","href":"https:\/\/api.w.org\/{rel}","templated":true}]}}