{"id":56,"date":"2024-09-11T15:02:08","date_gmt":"2024-09-11T15:02:08","guid":{"rendered":"https:\/\/escoladigital.madeira.gov.pt\/ebspsol\/?page_id=56"},"modified":"2026-01-12T11:28:47","modified_gmt":"2026-01-12T11:28:47","slug":"documentos-administrativos","status":"publish","type":"page","link":"https:\/\/escoladigital.madeira.gov.pt\/ebspsol\/documentos-administrativos\/","title":{"rendered":"Documentos Administrativos"},"content":{"rendered":"\n<div style=\"height:42px\" aria-hidden=\"true\" class=\"wp-block-spacer\"><\/div>\n\n\n\n<h3 class=\"wp-block-heading\"><strong>Documentos do ano 2025<\/strong><\/h3>\n\n\n\n<div class=\"wp-block-group has-global-padding is-layout-constrained wp-block-group-is-layout-constrained\">\n<div class=\"wp-block-group has-global-padding is-layout-constrained wp-block-group-is-layout-constrained\">\n<div class=\"wp-block-columns is-layout-flex wp-container-core-columns-is-layout-28f84493 wp-block-columns-is-layout-flex\">\n<div class=\"wp-block-column is-layout-flow wp-block-column-is-layout-flow\" style=\"flex-basis:100%\">\n<div class=\"wp-block-group alignwide has-global-padding is-layout-constrained wp-block-group-is-layout-constrained\">\n<hr class=\"wp-block-separator alignwide has-alpha-channel-opacity is-style-default\" \/>\n<\/div>\n<\/div>\n<\/div>\n<\/div>\n<\/div>\n\n\n\n<div class=\"wp-block-file\"><a id=\"wp-block-file--media-3a9e4fe4-27c1-4af9-bf86-3d9481cd7079\" href=\"https:\/\/escoladigital.madeira.gov.pt\/ebspsol\/wp-content\/uploads\/sites\/40\/2026\/01\/Declaracao-de-recebimentos-em-atraso-de-dezembro-de-2025.pdf\">Declara\u00e7\u00e3o de recebimentos em atraso de dezembro de 2025<\/a><\/div>\n\n\n\n<div class=\"wp-block-file\"><a id=\"wp-block-file--media-735d7aac-6797-4189-8748-c1e5f6e5e52c\" href=\"https:\/\/escoladigital.madeira.gov.pt\/ebspsol\/wp-content\/uploads\/sites\/40\/2026\/01\/Declaracao-de-compromissos-plurianuais-dezembro-de-2025.pdf\">Declara\u00e7\u00e3o de compromissos plurianuais dezembro de 2025<\/a><\/div>\n\n\n\n<div class=\"wp-block-file\"><a id=\"wp-block-file--media-224ed2a5-0d6e-43c9-bdb5-b5f9907a6d69\" href=\"https:\/\/escoladigital.madeira.gov.pt\/ebspsol\/wp-content\/uploads\/sites\/40\/2026\/01\/Declaracao-de-pagamentos-em-atraso-de-dezembro-de-2025.pdf\">Declara\u00e7\u00e3o de pagamentos em atraso de dezembro de 2025<\/a><\/div>\n\n\n\n<div class=\"wp-block-file\"><a id=\"wp-block-file--media-21d7a2d5-a794-4a92-8649-89802fd719ab\" href=\"https:\/\/escoladigital.madeira.gov.pt\/ebspsol\/wp-content\/uploads\/sites\/40\/2026\/01\/Declaracao-de-pagamentos-em-atraso-de-2025.pdf\">Declara\u00e7\u00e3o de pagamentos em atraso de 2025<\/a><\/div>\n\n\n\n<div class=\"wp-block-file\"><a id=\"wp-block-file--media-1d35ef4a-4331-43ea-af03-c32c6735ddd6\" href=\"https:\/\/escoladigital.madeira.gov.pt\/ebspsol\/wp-content\/uploads\/sites\/40\/2026\/01\/Declaracao-de-recebimentos-em-atraso-de-2025.pdf\">Declara\u00e7\u00e3o de recebimentos em atraso de 2025<\/a><\/div>\n\n\n\n<div class=\"wp-block-file\"><a id=\"wp-block-file--media-e1147a5c-de09-4847-9854-f908bfafe4d7\" href=\"https:\/\/escoladigital.madeira.gov.pt\/ebspsol\/wp-content\/uploads\/sites\/40\/2025\/01\/Declaracao-de-recebimentos-em-atraso-2025.pdf\" target=\"_blank\" rel=\"noreferrer noopener\">Declara\u00e7\u00e3o de recebimentos em atraso 2025<\/a><\/div>\n\n\n\n<div class=\"wp-block-file\"><a id=\"wp-block-file--media-3e497f88-4a51-4552-93a9-c59b1373f841\" href=\"https:\/\/escoladigital.madeira.gov.pt\/ebspsol\/wp-content\/uploads\/sites\/40\/2025\/01\/Declaracao-de-pagamentos-em-atraso-2025.pdf\" target=\"_blank\" rel=\"noreferrer noopener\">Declara\u00e7\u00e3o de pagamentos em atraso 2025<\/a><\/div>\n\n\n\n<div class=\"wp-block-file\"><a id=\"wp-block-file--media-1618b885-400b-4c41-b6ee-81ef0646d7f0\" href=\"https:\/\/escoladigital.madeira.gov.pt\/ebspsol\/wp-content\/uploads\/sites\/40\/2025\/01\/Declaracao-de-inexistencia-de-subvencoes-2025.pdf\" target=\"_blank\" rel=\"noreferrer noopener\">Declara\u00e7\u00e3o de inexist\u00eancia de subven\u00e7\u00f5es 2025<\/a><\/div>\n\n\n\n<div class=\"wp-block-file\"><a id=\"wp-block-file--media-118e31f8-0511-4ceb-ac2a-7baa742d238f\" href=\"https:\/\/escoladigital.madeira.gov.pt\/ebspsol\/wp-content\/uploads\/sites\/40\/2025\/01\/Declaracao-de-compromissos-plurianuais-2025.pdf\" target=\"_blank\" rel=\"noreferrer noopener\">Declara\u00e7\u00e3o de compromissos plurianuais 2025<\/a><\/div>\n\n\n\n<div class=\"wp-block-file\"><a id=\"wp-block-file--media-b86d5b80-4360-45f5-8a73-add0c4292f37\" href=\"https:\/\/escoladigital.madeira.gov.pt\/ebspsol\/wp-content\/uploads\/sites\/40\/2025\/07\/Requisicao-horarios_25_26.pdf\" target=\"_blank\" rel=\"noreferrer noopener\">Requisi\u00e7\u00e3o hor\u00e1rios_25_26<\/a><\/div>\n\n\n\n<div class=\"wp-block-file\"><a id=\"wp-block-file--media-c0af9629-b130-4715-a6e8-672ea15c06d9\" href=\"https:\/\/escoladigital.madeira.gov.pt\/ebspsol\/wp-content\/uploads\/sites\/40\/2025\/08\/Mapa-pessoal-ND.pdf\">Mapa pessoal ND<\/a><\/div>\n\n\n\n<div style=\"height:34px\" aria-hidden=\"true\" class=\"wp-block-spacer\"><\/div>\n\n\n\n<h3 class=\"wp-block-heading\"><strong>Documentos do ano 2024<\/strong><\/h3>\n\n\n\n<div class=\"wp-block-group alignwide has-global-padding is-layout-constrained wp-block-group-is-layout-constrained\">\n<hr class=\"wp-block-separator alignwide has-alpha-channel-opacity is-style-wide\" \/>\n<\/div>\n\n\n\n<div class=\"wp-block-file\"><a id=\"wp-block-file--media-c5975da5-7d11-4ace-ae44-88e7b299865a\" href=\"https:\/\/escoladigital.madeira.gov.pt\/ebspsol\/wp-content\/uploads\/sites\/40\/2025\/02\/Balanco_Social_2024.pdf\">Balanco_Social_2024<\/a><\/div>\n\n\n\n<div class=\"wp-block-file\"><a id=\"wp-block-file--media-9226021c-629e-47ca-b817-98f4daeca697\" href=\"https:\/\/escoladigital.madeira.gov.pt\/ebspsol\/wp-content\/uploads\/sites\/40\/2025\/02\/Doacoes-2024.pdf\">Doa\u00e7\u00f5es 2024<\/a><\/div>\n\n\n\n<div class=\"wp-block-group alignwide has-global-padding is-layout-constrained wp-block-group-is-layout-constrained\">\n<div class=\"wp-block-file alignfull\" style=\"margin-top:0;margin-bottom:0;padding-top:0;padding-right:0;padding-bottom:0;padding-left:0\"><a id=\"wp-block-file--media-24d00cc7-6379-4405-9e96-d5ad9599160a\" href=\"https:\/\/escoladigital.madeira.gov.pt\/ebspsol\/wp-content\/uploads\/sites\/40\/2024\/09\/declaracaode-compromisso-plurianuais-existentes-em-31_12_2013-1.pdf\" target=\"_blank\" rel=\"noreferrer noopener\">Declara\u00e7\u00e3o compromissos plurianuais 2023.pdf<\/a><\/div>\n<\/div>\n\n\n\n<div class=\"wp-block-file\"><a id=\"wp-block-file--media-f3c72812-47f7-4531-acec-54b468190bcd\" href=\"https:\/\/escoladigital.madeira.gov.pt\/ebspsol\/documentos-administrativos\/declaracao-recebimentos-em-atraso-2024\/\">Declara\u00e7\u00e3o recebimentos em atraso 2024<\/a><\/div>\n\n\n\n<div class=\"wp-block-file\"><a id=\"wp-block-file--media-efa6f73a-a9e2-488c-a2d7-98bd38058cf2\" href=\"https:\/\/escoladigital.madeira.gov.pt\/ebspsol\/wp-content\/uploads\/sites\/40\/2024\/09\/Declaracao-de-pagamentos-em-atraso-2024.pdf\">Declara\u00e7\u00e3o de pagamentos em atraso 2024<\/a><\/div>\n\n\n\n<div class=\"wp-block-file\"><a id=\"wp-block-file--media-7e427188-fe34-41e0-a0da-9216ae21d6a9\" href=\"https:\/\/escoladigital.madeira.gov.pt\/ebspsol\/wp-content\/uploads\/sites\/40\/2024\/09\/Declaracao-subvencoes-ou-beneficios-2023.pdf\">Declara\u00e7\u00e3o subven\u00e7\u00f5es ou benef\u00edcios 2023<\/a><\/div>\n\n\n\n<div class=\"wp-block-file\"><a id=\"wp-block-file--media-b97f5b6d-e1d7-4301-9939-3a3f34ff041d\" href=\"https:\/\/escoladigital.madeira.gov.pt\/ebspsol\/wp-content\/uploads\/sites\/40\/2024\/09\/Mapa-de-Pessoal-Nao-Docente.pdf\">Mapa de Pessoal N\u00e3o Docente<\/a><\/div>\n\n\n\n<div class=\"wp-block-file\"><a id=\"wp-block-file--media-8afa3e45-cfe4-47f5-ac95-e1efbaf8058b\" href=\"https:\/\/escoladigital.madeira.gov.pt\/ebspsol\/wp-content\/uploads\/sites\/40\/2025\/02\/Orcamento-despesas-FN-siag.pdf\">Or\u00e7amento + despesas FN siag<\/a><\/div>\n\n\n\n<div class=\"wp-block-file\"><a id=\"wp-block-file--media-a670e193-4dd2-4fbb-b64d-fa92555eec12\" href=\"https:\/\/escoladigital.madeira.gov.pt\/ebspsol\/wp-content\/uploads\/sites\/40\/2025\/02\/Orcamento-2024-aprovado.pdf\">Or\u00e7amento 2024 aprovado<\/a><\/div>\n\n\n\n<div class=\"wp-block-file\"><a id=\"wp-block-file--media-ddbaf8da-657a-438a-bd10-b8df0c8292b1\" href=\"https:\/\/escoladigital.madeira.gov.pt\/ebspsol\/wp-content\/uploads\/sites\/40\/2025\/02\/Orcamentodespesa-Investimento-SIAG.pdf\">Or\u00e7amento+despesa Investimento SIAG<\/a><\/div>\n\n\n\n<div style=\"height:33px\" aria-hidden=\"true\" class=\"wp-block-spacer\"><\/div>\n\n\n\n<h3 class=\"wp-block-heading\"><strong>Documentos do ano 2023<\/strong><\/h3>\n\n\n\n<div class=\"wp-block-group has-global-padding is-layout-constrained wp-block-group-is-layout-constrained\">\n<hr class=\"wp-block-separator alignwide has-alpha-channel-opacity is-style-default\" \/>\n<\/div>\n\n\n\n<div class=\"wp-block-file\"><a id=\"wp-block-file--media-83add80c-d2c9-427f-a08b-20b2e85b6971\" href=\"https:\/\/escoladigital.madeira.gov.pt\/ebspsol\/wp-content\/uploads\/sites\/40\/2024\/12\/Mapa-de-Pessoal-Nao-Docente.pdf\">Mapa de Pessoal N\u00e3o Docente<\/a><\/div>\n\n\n\n<div style=\"height:32px\" aria-hidden=\"true\" class=\"wp-block-spacer\"><\/div>\n\n\n\n<h3 class=\"wp-block-heading\"><strong>Documentos do ano 2022<\/strong><\/h3>\n\n\n\n<div class=\"wp-block-group has-global-padding is-layout-constrained wp-block-group-is-layout-constrained\">\n<div class=\"wp-block-group has-global-padding is-layout-constrained wp-block-group-is-layout-constrained\">\n<hr class=\"wp-block-separator alignwide has-alpha-channel-opacity\" \/>\n<\/div>\n<\/div>\n\n\n\n<div class=\"wp-block-file\"><a id=\"wp-block-file--media-0aaacc26-5e80-4ece-b8c6-3940cc5a05f4\" href=\"https:\/\/escoladigital.madeira.gov.pt\/ebspsol\/wp-content\/uploads\/sites\/40\/2024\/12\/Declacao-de-pagamentos-em-atraso.pdf\">Declara\u00e7\u00e3o de pagamentos em atraso<\/a><\/div>\n\n\n\n<div class=\"wp-block-file\"><a id=\"wp-block-file--media-a15433bc-c20e-4b73-bc24-81745fbe7781\" href=\"https:\/\/escoladigital.madeira.gov.pt\/ebspsol\/wp-content\/uploads\/sites\/40\/2024\/12\/Declaracao-de-compromisso-plurianuais-existente.pdf\">Declara\u00e7\u00e3o de compromisso plurianuais existente<\/a><\/div>\n\n\n\n<div class=\"wp-block-file\"><a id=\"wp-block-file--media-ae7617e0-c503-485b-b1ac-1e03f1afbda1\" href=\"https:\/\/escoladigital.madeira.gov.pt\/ebspsol\/wp-content\/uploads\/sites\/40\/2024\/12\/Declaracao-de-recebimentos-em-atraso.pdf\">Declara\u00e7\u00e3o de recebimentos em atraso<\/a><\/div>\n\n\n\n<div class=\"wp-block-file\"><a id=\"wp-block-file--media-6e459915-b670-4310-bddd-bbf46959958b\" href=\"https:\/\/escoladigital.madeira.gov.pt\/ebspsol\/wp-content\/uploads\/sites\/40\/2024\/12\/Declaracao-de-recebimentos-em-atraso_1.pdf\">Declara\u00e7\u00e3o de recebimentos em atraso_1<\/a><\/div>\n\n\n\n<div style=\"height:35px\" aria-hidden=\"true\" class=\"wp-block-spacer\"><\/div>\n\n\n\n<h3 class=\"wp-block-heading\"><strong>Documentos do ano 2021<\/strong><\/h3>\n\n\n\n<div class=\"wp-block-group has-global-padding is-layout-constrained wp-block-group-is-layout-constrained\">\n<hr class=\"wp-block-separator alignwide has-alpha-channel-opacity\" \/>\n<\/div>\n\n\n\n<div class=\"wp-block-file\"><a id=\"wp-block-file--media-e4c40839-77dc-4c24-a5bd-e09394307c71\" href=\"https:\/\/escoladigital.madeira.gov.pt\/ebspsol\/wp-content\/uploads\/sites\/40\/2024\/12\/Declaracao-de-compromisso-plurianuais-existente-1.pdf\">Declara\u00e7\u00e3o de compromisso plurianuais existente<\/a><\/div>\n\n\n\n<div class=\"wp-block-file\"><a id=\"wp-block-file--media-887cabdc-c18c-4312-be05-b7735499edf4\" href=\"https:\/\/escoladigital.madeira.gov.pt\/ebspsol\/wp-content\/uploads\/sites\/40\/2024\/12\/Declaracao-de-pagamento-em-atraso.pdf\">Declara\u00e7\u00e3o de pagamento em atraso<\/a><\/div>\n\n\n\n<div class=\"wp-block-file\"><a id=\"wp-block-file--media-7d6ce5ce-0787-4a44-8d84-6c1c5871bf68\" href=\"https:\/\/escoladigital.madeira.gov.pt\/ebspsol\/wp-content\/uploads\/sites\/40\/2024\/12\/Declaracao-recebimentos-atraso.pdf\">Declara\u00e7\u00e3o recebimentos atraso<\/a><\/div>\n\n\n\n<div class=\"wp-block-file\"><a id=\"wp-block-file--media-cfb49d41-2962-4d3b-a3c8-75e94a9c92d3\" href=\"https:\/\/escoladigital.madeira.gov.pt\/ebspsol\/wp-content\/uploads\/sites\/40\/2024\/12\/Mapa-de-Pessoal-Nao-Docente-1.pdf\">Mapa de Pessoal N\u00e3o Docente<\/a><\/div>\n\n\n\n<div style=\"height:36px\" aria-hidden=\"true\" class=\"wp-block-spacer\"><\/div>\n\n\n\n<h3 id=\"wp-block-themeisle-blocks-advanced-heading-1ccc350d\" class=\"wp-block-themeisle-blocks-advanced-heading wp-block-themeisle-blocks-advanced-heading-1ccc350d\"><strong>Documentos do ano 2020<\/strong><\/h3>\n\n\n\n<div class=\"wp-block-group has-global-padding is-layout-constrained wp-block-group-is-layout-constrained\">\n<hr class=\"wp-block-separator alignwide has-alpha-channel-opacity\" \/>\n<\/div>\n\n\n\n<div class=\"wp-block-file\"><a id=\"wp-block-file--media-2c4b106f-caa4-40f6-9294-0473a35b5dd2\" href=\"https:\/\/escoladigital.madeira.gov.pt\/ebspsol\/wp-content\/uploads\/sites\/40\/2025\/01\/Mapa-de-Pessoal.pdf\">Mapa de Pessoal<\/a><\/div>\n\n\n\n<div class=\"wp-block-file\"><a id=\"wp-block-file--media-5c11aeb0-3f9e-4df4-9e7f-0925870231c7\" href=\"https:\/\/escoladigital.madeira.gov.pt\/ebspsol\/wp-content\/uploads\/sites\/40\/2025\/01\/Declaracao-de-pagamentos-em-atraso.pdf\">Declara\u00e7\u00e3o de pagamentos em atraso<\/a><\/div>\n\n\n\n<div class=\"wp-block-file\"><a id=\"wp-block-file--media-f8cb5b75-2a32-447b-8f25-5fa86cd5845c\" href=\"https:\/\/escoladigital.madeira.gov.pt\/ebspsol\/wp-content\/uploads\/sites\/40\/2025\/01\/Declaracao-de-recebimentos-em-atraso-existentes-1.pdf\">Declara\u00e7\u00e3o de recebimentos em atraso existentes 1<\/a><\/div>\n\n\n\n<div class=\"wp-block-file\"><a id=\"wp-block-file--media-75520eed-ec58-41fd-89a0-fd8e654f84eb\" href=\"https:\/\/escoladigital.madeira.gov.pt\/ebspsol\/wp-content\/uploads\/sites\/40\/2025\/01\/Declaracao-de-recebimentos-em-atraso-existentes.pdf\">Declara\u00e7\u00e3o de recebimentos em atraso existentes<\/a><\/div>\n\n\n\n<div class=\"wp-block-file\"><a id=\"wp-block-file--media-6d07e858-6b98-435a-9cf8-f1ae70a8f67e\" href=\"https:\/\/escoladigital.madeira.gov.pt\/ebspsol\/wp-content\/uploads\/sites\/40\/2025\/01\/Declaracao-de-recebimentos-em-atraso.pdf\">Declara\u00e7\u00e3o de recebimentos em atraso<\/a><\/div>\n\n\n\n<div class=\"wp-block-file\"><a id=\"wp-block-file--media-cb421f85-dcc9-4e77-a1d3-3a7e154171e6\" href=\"https:\/\/escoladigital.madeira.gov.pt\/ebspsol\/wp-content\/uploads\/sites\/40\/2025\/02\/balanco-social-2020.pdf\">balan\u00e7o social 2020<\/a><\/div>\n\n\n\n<div style=\"height:39px\" aria-hidden=\"true\" class=\"wp-block-spacer\"><\/div>\n\n\n\n<h3 class=\"wp-block-heading\"><strong>Documentos do ano 2019<\/strong><\/h3>\n\n\n\n<div class=\"wp-block-group has-global-padding is-layout-constrained wp-block-group-is-layout-constrained\">\n<hr class=\"wp-block-separator alignwide has-alpha-channel-opacity\" \/>\n<\/div>\n\n\n\n<div class=\"wp-block-file\"><a id=\"wp-block-file--media-cec49bcf-0677-4368-a558-833e073248fe\" href=\"https:\/\/escoladigital.madeira.gov.pt\/ebspsol\/wp-content\/uploads\/sites\/40\/2025\/01\/Balanco-Social.pdf\">Balan\u00e7o Social<\/a><\/div>\n\n\n\n<div class=\"wp-block-file\"><a id=\"wp-block-file--media-b3ce37f2-ab03-4db3-9a14-dd224168ba52\" href=\"https:\/\/escoladigital.madeira.gov.pt\/ebspsol\/wp-content\/uploads\/sites\/40\/2025\/01\/Declaracao-compromissos-plurianuais-1.pdf\">Declara\u00e7\u00e3o compromissos plurianuais 1<\/a><\/div>\n\n\n\n<div class=\"wp-block-file\"><a id=\"wp-block-file--media-61af6c08-19c8-404e-9d85-76affd34027d\" href=\"https:\/\/escoladigital.madeira.gov.pt\/ebspsol\/wp-content\/uploads\/sites\/40\/2025\/01\/Declaracao-compromissos-plurianuais.pdf\">Declara\u00e7\u00e3o compromissos plurianuais<\/a><\/div>\n\n\n\n<div class=\"wp-block-file\"><a id=\"wp-block-file--media-32084a7c-603f-4f8d-9d45-033727b5a619\" href=\"https:\/\/escoladigital.madeira.gov.pt\/ebspsol\/wp-content\/uploads\/sites\/40\/2025\/01\/Declaracao-de-pagamentos.pdf\">Declara\u00e7\u00e3o de pagamentos<\/a><\/div>\n\n\n\n<div class=\"wp-block-file\"><a id=\"wp-block-file--media-b6cb6956-1c8a-4e76-a38e-6c2c4c5dc36c\" href=\"https:\/\/escoladigital.madeira.gov.pt\/ebspsol\/wp-content\/uploads\/sites\/40\/2025\/01\/Declaracao-de-recebimentos.pdf\">Declara\u00e7\u00e3o de recebimentos<\/a><\/div>\n\n\n\n<div class=\"wp-block-file\"><a id=\"wp-block-file--media-7363169e-fd88-4556-b523-f8c78945fdc8\" href=\"https:\/\/escoladigital.madeira.gov.pt\/ebspsol\/wp-content\/uploads\/sites\/40\/2025\/01\/Declaracao-subvencao.pdf\">Declara\u00e7\u00e3o subven\u00e7\u00e3o<\/a><\/div>\n\n\n\n<div style=\"height:36px\" aria-hidden=\"true\" class=\"wp-block-spacer\"><\/div>\n\n\n\n<h3 class=\"wp-block-heading\"><strong>Documentos do ano 2018<\/strong><\/h3>\n\n\n\n<div class=\"wp-block-group has-global-padding is-layout-constrained wp-block-group-is-layout-constrained\">\n<hr class=\"wp-block-separator alignwide has-alpha-channel-opacity\" \/>\n<\/div>\n\n\n\n<div class=\"wp-block-file\"><a id=\"wp-block-file--media-dbc49b41-54a8-423e-8ae5-6de9daec0495\" href=\"https:\/\/escoladigital.madeira.gov.pt\/ebspsol\/wp-content\/uploads\/sites\/40\/2025\/01\/Balanco-Social-1.pdf\">Balan\u00e7o Social<\/a><\/div>\n\n\n\n<div class=\"wp-block-file\"><a id=\"wp-block-file--media-54761630-e707-463d-a121-0efcdb3d758a\" href=\"https:\/\/escoladigital.madeira.gov.pt\/ebspsol\/wp-content\/uploads\/sites\/40\/2025\/01\/Declaracao-de-compromissos-plurianuais.pdf\">Declara\u00e7\u00e3o de compromissos plurianuais<\/a><\/div>\n\n\n\n<div class=\"wp-block-file\"><a id=\"wp-block-file--media-4aad9a47-c9b2-4020-8ce6-5659ac126cd8\" href=\"https:\/\/escoladigital.madeira.gov.pt\/ebspsol\/wp-content\/uploads\/sites\/40\/2025\/01\/Declaracao-de-pagamentos-1.pdf\">Declara\u00e7\u00e3o de pagamentos<\/a><\/div>\n\n\n\n<div class=\"wp-block-file\"><a id=\"wp-block-file--media-eb60eca1-7b3b-41b2-a3c9-d6180c4a1020\" href=\"https:\/\/escoladigital.madeira.gov.pt\/ebspsol\/wp-content\/uploads\/sites\/40\/2025\/01\/Declaracao-de-recebimentos-1.pdf\">Declara\u00e7\u00e3o de recebimentos<\/a><\/div>\n\n\n\n<div class=\"wp-block-file\"><a id=\"wp-block-file--media-a3414372-bb60-458c-9cca-69a493f29d02\" href=\"https:\/\/escoladigital.madeira.gov.pt\/ebspsol\/wp-content\/uploads\/sites\/40\/2025\/01\/Declaracao-de-subvencao.pdf\">Declara\u00e7\u00e3o de subven\u00e7\u00e3o<\/a><\/div>\n\n\n\n<div class=\"wp-block-file\"><a id=\"wp-block-file--media-24c97611-9d46-4096-af4c-26e8a009a06b\" href=\"https:\/\/escoladigital.madeira.gov.pt\/ebspsol\/wp-content\/uploads\/sites\/40\/2025\/01\/Mapa-de-Pessoal-Nao-Docente.pdf\">Mapa de Pessoal N\u00e3o Docente<\/a><\/div>\n\n\n\n<div style=\"height:33px\" aria-hidden=\"true\" class=\"wp-block-spacer\"><\/div>\n\n\n\n<h3 class=\"wp-block-heading\"><strong>Documentos do ano 2017<\/strong><\/h3>\n\n\n\n<div class=\"wp-block-group has-global-padding is-layout-constrained wp-block-group-is-layout-constrained\">\n<hr class=\"wp-block-separator alignwide has-alpha-channel-opacity\" \/>\n<\/div>\n\n\n\n<div class=\"wp-block-file\"><a id=\"wp-block-file--media-6648092d-c545-4606-9873-9c01d79c6189\" href=\"https:\/\/escoladigital.madeira.gov.pt\/ebspsol\/wp-content\/uploads\/sites\/40\/2025\/01\/Balanco-social.pdf\">Balan\u00e7o social<\/a><\/div>\n\n\n\n<div class=\"wp-block-file\"><a id=\"wp-block-file--media-0bbd88da-eb45-4bd5-907d-c02b4f1cfc2d\" href=\"https:\/\/escoladigital.madeira.gov.pt\/ebspsol\/wp-content\/uploads\/sites\/40\/2025\/01\/Declaracao-de-pagamentos-em-atraso-1.pdf\">Declara\u00e7\u00e3o de pagamentos em atraso<\/a><\/div>\n\n\n\n<div class=\"wp-block-file\"><a id=\"wp-block-file--media-5adb993a-e176-450d-8895-cc7b2fcb2f12\" href=\"https:\/\/escoladigital.madeira.gov.pt\/ebspsol\/wp-content\/uploads\/sites\/40\/2025\/01\/Declaracao-de-recebimentos-em-atraso-1.pdf\">Declara\u00e7\u00e3o de recebimentos em atraso<\/a><\/div>\n\n\n\n<div class=\"wp-block-file\"><a id=\"wp-block-file--media-434164b6-2c64-4dc7-ac87-59fe354624c2\" href=\"https:\/\/escoladigital.madeira.gov.pt\/ebspsol\/wp-content\/uploads\/sites\/40\/2025\/01\/Mapa-de-Pessoal-2.pdf\">Mapa de Pessoal<\/a><\/div>\n\n\n\n<div style=\"height:34px\" aria-hidden=\"true\" class=\"wp-block-spacer\"><\/div>\n\n\n\n<h3 id=\"wp-block-themeisle-blocks-advanced-heading-82da5cc4\" class=\"wp-block-themeisle-blocks-advanced-heading wp-block-themeisle-blocks-advanced-heading-82da5cc4\"><strong>Documentos do ano 2016<\/strong><\/h3>\n\n\n\n<div class=\"wp-block-group has-global-padding is-layout-constrained wp-block-group-is-layout-constrained\">\n<hr class=\"wp-block-separator alignwide has-alpha-channel-opacity\" \/>\n<\/div>\n\n\n\n<div class=\"wp-block-file\"><a id=\"wp-block-file--media-1bd91685-627c-40f2-aa34-23d1223d5042\" href=\"https:\/\/escoladigital.madeira.gov.pt\/ebspsol\/wp-content\/uploads\/sites\/40\/2025\/01\/Declaracao-de-pagamentos-em-atraso-Funcionamento-Normal.pdf\">Declarac\u0327a\u0303o de pagamentos em atraso Funcionamento Normal<\/a><\/div>\n\n\n\n<div class=\"wp-block-file\"><a id=\"wp-block-file--media-9cc91e6b-0d0e-45f8-94b5-0ece62a03507\" href=\"https:\/\/escoladigital.madeira.gov.pt\/ebspsol\/wp-content\/uploads\/sites\/40\/2025\/01\/Declaracao-de-pagamentos-em-atraso-Fundo-Escolar.pdf\">Declarac\u0327a\u0303o de pagamentos em atraso Fundo Escolar<\/a><\/div>\n\n\n\n<div class=\"wp-block-file\"><a id=\"wp-block-file--media-d6a1c647-44bf-49f2-8c35-0d4c6f142eb6\" href=\"https:\/\/escoladigital.madeira.gov.pt\/ebspsol\/wp-content\/uploads\/sites\/40\/2025\/01\/Mapa-de-Pessoal-3.pdf\">Mapa de Pessoal<\/a><\/div>\n\n\n\n<div class=\"wp-block-file\"><a id=\"wp-block-file--media-3207c0a6-d800-4485-ad64-234dc58e1a32\" href=\"https:\/\/escoladigital.madeira.gov.pt\/ebspsol\/wp-content\/uploads\/sites\/40\/2025\/01\/Orcamento-Funcionamento-Normal.pdf\">Or\u00e7amento Funcionamento Normal<\/a><\/div>\n\n\n\n<div class=\"wp-block-file\"><a id=\"wp-block-file--media-5a554809-ed3a-4d9a-b019-a099535b6274\" href=\"https:\/\/escoladigital.madeira.gov.pt\/ebspsol\/wp-content\/uploads\/sites\/40\/2025\/01\/Orcamento-Fundo-Escolar-Rumos.pdf\">Or\u00e7amento Fundo Escolar &#8211; Rumos<\/a><\/div>\n\n\n\n<div class=\"wp-block-file\"><a id=\"wp-block-file--media-ccbb7b13-7640-4222-97f2-4f6a8c877259\" href=\"https:\/\/escoladigital.madeira.gov.pt\/ebspsol\/wp-content\/uploads\/sites\/40\/2025\/01\/Orcamento-Fundo-Escolar.pdf\">Or\u00e7amento Fundo Escolar<\/a><\/div>\n\n\n\n<div style=\"height:43px\" aria-hidden=\"true\" class=\"wp-block-spacer\"><\/div>\n\n\n\n<h3 id=\"wp-block-themeisle-blocks-advanced-heading-c6f03fb1\" class=\"wp-block-themeisle-blocks-advanced-heading wp-block-themeisle-blocks-advanced-heading-c6f03fb1\"><strong>Documentos do ano 2015<\/strong><\/h3>\n\n\n\n<div class=\"wp-block-group has-global-padding is-layout-constrained wp-block-group-is-layout-constrained\">\n<hr class=\"wp-block-separator alignwide has-alpha-channel-opacity\" \/>\n<\/div>\n\n\n\n<div class=\"wp-block-file\"><a id=\"wp-block-file--media-55b70eff-7337-4a62-8322-2c5cbfdcaf78\" href=\"https:\/\/escoladigital.madeira.gov.pt\/ebspsol\/wp-content\/uploads\/sites\/40\/2025\/01\/Declaracao-de-pagamentos-2.pdf\">Declara\u00e7\u00e3o de pagamentos<\/a><\/div>\n\n\n\n<div class=\"wp-block-file\"><a id=\"wp-block-file--media-9035ea9c-bf00-4551-a67a-c9af9db516a0\" href=\"https:\/\/escoladigital.madeira.gov.pt\/ebspsol\/wp-content\/uploads\/sites\/40\/2025\/01\/Declaracao-de-recebimentos-2.pdf\">Declara\u00e7\u00e3o de recebimentos<\/a><\/div>\n\n\n\n<div class=\"wp-block-file\"><a id=\"wp-block-file--media-42cafbef-5237-412e-8aaf-3dcc80b268e7\" href=\"https:\/\/escoladigital.madeira.gov.pt\/ebspsol\/wp-content\/uploads\/sites\/40\/2025\/01\/balanco-social-2015.xlsx\">balan\u00e7o-social-2015<\/a><\/div>\n\n\n\n<p><\/p>\n","protected":false},"excerpt":{"rendered":"<p>Documentos do ano 2025 Documentos do ano 2024 Documentos do ano 2023 Documentos do ano 2022 Documentos do ano 2021 Documentos do ano 2019 Documentos do ano 2018 Documentos do ano 2017<\/p>\n","protected":false},"author":53,"featured_media":0,"parent":0,"menu_order":0,"comment_status":"closed","ping_status":"closed","template":"","meta":{"_themeisle_gutenberg_block_has_review":false,"footnotes":""},"class_list":["post-56","page","type-page","status-publish","hentry"],"_links":{"self":[{"href":"https:\/\/escoladigital.madeira.gov.pt\/ebspsol\/wp-json\/wp\/v2\/pages\/56","targetHints":{"allow":["GET"]}}],"collection":[{"href":"https:\/\/escoladigital.madeira.gov.pt\/ebspsol\/wp-json\/wp\/v2\/pages"}],"about":[{"href":"https:\/\/escoladigital.madeira.gov.pt\/ebspsol\/wp-json\/wp\/v2\/types\/page"}],"author":[{"embeddable":true,"href":"https:\/\/escoladigital.madeira.gov.pt\/ebspsol\/wp-json\/wp\/v2\/users\/53"}],"replies":[{"embeddable":true,"href":"https:\/\/escoladigital.madeira.gov.pt\/ebspsol\/wp-json\/wp\/v2\/comments?post=56"}],"version-history":[{"count":30,"href":"https:\/\/escoladigital.madeira.gov.pt\/ebspsol\/wp-json\/wp\/v2\/pages\/56\/revisions"}],"predecessor-version":[{"id":770,"href":"https:\/\/escoladigital.madeira.gov.pt\/ebspsol\/wp-json\/wp\/v2\/pages\/56\/revisions\/770"}],"wp:attachment":[{"href":"https:\/\/escoladigital.madeira.gov.pt\/ebspsol\/wp-json\/wp\/v2\/media?parent=56"}],"curies":[{"name":"wp","href":"https:\/\/api.w.org\/{rel}","templated":true}]}}