{"id":616,"date":"2025-02-07T16:21:54","date_gmt":"2025-02-07T16:21:54","guid":{"rendered":"https:\/\/escoladigital.madeira.gov.pt\/ebspsol\/?page_id=616"},"modified":"2026-04-16T10:24:54","modified_gmt":"2026-04-16T10:24:54","slug":"documentos-orientadores","status":"publish","type":"page","link":"https:\/\/escoladigital.madeira.gov.pt\/ebspsol\/documentos-orientadores\/","title":{"rendered":"Documentos Orientadores"},"content":{"rendered":"\n<hr class=\"wp-block-separator aligncenter has-alpha-channel-opacity is-style-wide\" \/>\n\n\n\n<div class=\"wp-block-file\"><a id=\"wp-block-file--media-7b3458f0-10a2-4b94-9680-d5216661090a\" href=\"https:\/\/escoladigital.madeira.gov.pt\/ebspsol\/wp-content\/uploads\/sites\/40\/2025\/02\/Plano-Educativo-de-Escola.pdf\">Plano Educativo de Escola<\/a><\/div>\n\n\n\n<div class=\"wp-block-file\"><a id=\"wp-block-file--media-0d5a0f28-3ff9-4fb7-8fc3-d3e3ef4d708a\" href=\"https:\/\/escoladigital.madeira.gov.pt\/ebspsol\/wp-content\/uploads\/sites\/40\/2025\/02\/Regulamento-Interno.pdf\">Regulamento Interno<\/a><\/div>\n\n\n\n<div class=\"wp-block-file\"><a id=\"wp-block-file--media-9fcc1b41-a020-4bb0-98e0-15676dd9e446\" href=\"https:\/\/escoladigital.madeira.gov.pt\/ebspsol\/wp-content\/uploads\/sites\/40\/2025\/12\/Plano-Anual-de-Escola.pdf\">Plano Anual de Escola<\/a><\/div>\n\n\n\n<div class=\"wp-block-file\"><a id=\"wp-block-file--media-77609c4c-1c9a-4525-8f36-d5edee7a58ea\" href=\"https:\/\/escoladigital.madeira.gov.pt\/ebspsol\/wp-content\/uploads\/sites\/40\/2025\/02\/Plano-Prevencao-Riscos-de-corrupcao-e-infracoes-conexas_EBSPSOL_2025_2028.pdf\">Plano Preven\u00e7\u00e3o Riscos de corrup\u00e7\u00e3o e infra\u00e7\u00f5es conexas_EBSPSOL_2025_2028<\/a><\/div>\n\n\n\n<div class=\"wp-block-file\"><a id=\"wp-block-file--media-ec28cdf8-ed2f-4d09-9507-3605eefa0bfe\" href=\"https:\/\/escoladigital.madeira.gov.pt\/ebspsol\/wp-content\/uploads\/sites\/40\/2025\/02\/Codigo-de-Conduta-EBSPS_2025_2028.pdf\">C\u00f3digo de Conduta EBSPS_2025_2028<\/a><\/div>\n\n\n\n<div class=\"wp-block-file\"><a id=\"wp-block-file--media-d95f9996-ed0b-413e-9e69-589228c34b19\" href=\"https:\/\/escoladigital.madeira.gov.pt\/ebspsol\/wp-content\/uploads\/sites\/40\/2025\/02\/Manual-de-Procedimentos-dos-SA.pdf\">Manual de Procedimentos dos SA<\/a><\/div>\n\n\n\n<div class=\"wp-block-file\"><a id=\"wp-block-file--media-1a286de0-feee-4e41-bbef-881de05fb87a\" href=\"https:\/\/escoladigital.madeira.gov.pt\/ebspsol\/wp-content\/uploads\/sites\/40\/2025\/02\/Relatorio-Autoavaliacao.pdf\">Relatorio Autoavalia\u00e7\u00e3o<\/a><\/div>\n\n\n\n<div class=\"wp-block-file\"><a id=\"wp-block-file--media-36999396-59ef-4761-b2e6-cc23a921417d\" href=\"https:\/\/escoladigital.madeira.gov.pt\/ebspsol\/wp-content\/uploads\/sites\/40\/2025\/12\/Plano-de-TIC.pdf\">Plano de TIC<\/a><\/div>\n\n\n\n<div class=\"wp-block-file\"><a id=\"wp-block-file--media-d02d46c0-8222-47e2-ba8c-33527c374dac\" href=\"https:\/\/escoladigital.madeira.gov.pt\/ebspsol\/wp-content\/uploads\/sites\/40\/2026\/04\/Regulamento-Aluguer-Espacos-EBSPSOL-2026_2030.pdf\">Regulamento Aluguer Espa\u00e7os EBSPSOL 2026_2030<\/a><\/div>\n","protected":false},"excerpt":{"rendered":"","protected":false},"author":53,"featured_media":0,"parent":0,"menu_order":0,"comment_status":"closed","ping_status":"closed","template":"","meta":{"_themeisle_gutenberg_block_has_review":false,"footnotes":""},"class_list":["post-616","page","type-page","status-publish","hentry"],"_links":{"self":[{"href":"https:\/\/escoladigital.madeira.gov.pt\/ebspsol\/wp-json\/wp\/v2\/pages\/616","targetHints":{"allow":["GET"]}}],"collection":[{"href":"https:\/\/escoladigital.madeira.gov.pt\/ebspsol\/wp-json\/wp\/v2\/pages"}],"about":[{"href":"https:\/\/escoladigital.madeira.gov.pt\/ebspsol\/wp-json\/wp\/v2\/types\/page"}],"author":[{"embeddable":true,"href":"https:\/\/escoladigital.madeira.gov.pt\/ebspsol\/wp-json\/wp\/v2\/users\/53"}],"replies":[{"embeddable":true,"href":"https:\/\/escoladigital.madeira.gov.pt\/ebspsol\/wp-json\/wp\/v2\/comments?post=616"}],"version-history":[{"count":6,"href":"https:\/\/escoladigital.madeira.gov.pt\/ebspsol\/wp-json\/wp\/v2\/pages\/616\/revisions"}],"predecessor-version":[{"id":817,"href":"https:\/\/escoladigital.madeira.gov.pt\/ebspsol\/wp-json\/wp\/v2\/pages\/616\/revisions\/817"}],"wp:attachment":[{"href":"https:\/\/escoladigital.madeira.gov.pt\/ebspsol\/wp-json\/wp\/v2\/media?parent=616"}],"curies":[{"name":"wp","href":"https:\/\/api.w.org\/{rel}","templated":true}]}}