{"id":716,"date":"2025-11-18T11:19:14","date_gmt":"2025-11-18T11:19:14","guid":{"rendered":"https:\/\/escoladigital.madeira.gov.pt\/ebspsol\/?page_id=716"},"modified":"2025-11-18T12:29:40","modified_gmt":"2025-11-18T12:29:40","slug":"criterios-de-avaliacao","status":"publish","type":"page","link":"https:\/\/escoladigital.madeira.gov.pt\/ebspsol\/criterios-de-avaliacao\/","title":{"rendered":"Crit\u00e9rios de Avalia\u00e7\u00e3o"},"content":{"rendered":"\n<div style=\"height:50px\" aria-hidden=\"true\" class=\"wp-block-spacer\"><\/div>\n\n\n\n<h3 class=\"wp-block-heading has-contrast-color has-text-color has-link-color wp-elements-8c4405292de09b39fdc74ab9d3f5eb10\"><strong>2\u00ba. Ciclo<\/strong><\/h3>\n\n\n\n<div class=\"wp-block-file\" style=\"padding-top:0;padding-right:0;padding-bottom:0;padding-left:0\"><a id=\"wp-block-file--media-4f2ddf07-e4e4-4665-ac11-3f4da435be18\" href=\"https:\/\/escoladigital.madeira.gov.pt\/ebspsol\/wp-content\/uploads\/sites\/40\/2025\/11\/criterios-avaliacao-5o-ano.pdf\"><strong>crit\u00e9rios avalia\u00e7\u00e3o 5\u00ba ano<\/strong><\/a><a href=\"https:\/\/escoladigital.madeira.gov.pt\/ebspsol\/wp-content\/uploads\/sites\/40\/2025\/11\/criterios-avaliacao-5o-ano.pdf\" class=\"wp-block-file__button wp-element-button\" download aria-describedby=\"wp-block-file--media-4f2ddf07-e4e4-4665-ac11-3f4da435be18\">Descarregar<\/a><\/div>\n\n\n\n<div class=\"wp-block-file\"><a id=\"wp-block-file--media-04e3d015-0536-4fe6-97f0-4943f8c65c67\" href=\"https:\/\/escoladigital.madeira.gov.pt\/ebspsol\/wp-content\/uploads\/sites\/40\/2025\/11\/criterios-avaliacao-6o-ano.pdf\"><strong>crit\u00e9rios avalia\u00e7\u00e3o 6\u00ba ano<\/strong><\/a><a href=\"https:\/\/escoladigital.madeira.gov.pt\/ebspsol\/wp-content\/uploads\/sites\/40\/2025\/11\/criterios-avaliacao-6o-ano.pdf\" class=\"wp-block-file__button wp-element-button\" download aria-describedby=\"wp-block-file--media-04e3d015-0536-4fe6-97f0-4943f8c65c67\">Descarregar<\/a><\/div>\n\n\n\n<div style=\"height:77px\" aria-hidden=\"true\" class=\"wp-block-spacer\"><\/div>\n\n\n\n<h3 class=\"wp-block-heading\"><strong>3\u00ba. Ciclo<\/strong><\/h3>\n\n\n\n<div class=\"wp-block-file\"><a id=\"wp-block-file--media-b61e2e4b-98bc-4702-9d5c-cc103d0e9efe\" href=\"https:\/\/escoladigital.madeira.gov.pt\/ebspsol\/wp-content\/uploads\/sites\/40\/2025\/11\/criterios-avaliacao-7o-ano.pdf\"><strong>crit\u00e9rios avalia\u00e7\u00e3o 7\u00ba ano<\/strong><\/a><a href=\"https:\/\/escoladigital.madeira.gov.pt\/ebspsol\/wp-content\/uploads\/sites\/40\/2025\/11\/criterios-avaliacao-7o-ano.pdf\" class=\"wp-block-file__button wp-element-button\" download aria-describedby=\"wp-block-file--media-b61e2e4b-98bc-4702-9d5c-cc103d0e9efe\">Descarregar<\/a><\/div>\n\n\n\n<div class=\"wp-block-file\"><a id=\"wp-block-file--media-10b715cb-820b-4ec8-9b33-a7012d4234e8\" href=\"https:\/\/escoladigital.madeira.gov.pt\/ebspsol\/wp-content\/uploads\/sites\/40\/2025\/11\/criterios-avaliacao-8o-ano.pdf\"><strong>crit\u00e9rios avalia\u00e7\u00e3o 8\u00ba ano<\/strong><\/a><a href=\"https:\/\/escoladigital.madeira.gov.pt\/ebspsol\/wp-content\/uploads\/sites\/40\/2025\/11\/criterios-avaliacao-8o-ano.pdf\" class=\"wp-block-file__button wp-element-button\" download aria-describedby=\"wp-block-file--media-10b715cb-820b-4ec8-9b33-a7012d4234e8\">Descarregar<\/a><\/div>\n\n\n\n<div class=\"wp-block-file\"><a id=\"wp-block-file--media-8b93f94b-7351-4fa5-b960-c22d7fb0836b\" href=\"https:\/\/escoladigital.madeira.gov.pt\/ebspsol\/wp-content\/uploads\/sites\/40\/2025\/11\/criterios-avaliacao-9o-ano.pdf\"><strong>crit\u00e9rios avalia\u00e7\u00e3o 9\u00ba ano<\/strong><\/a><a href=\"https:\/\/escoladigital.madeira.gov.pt\/ebspsol\/wp-content\/uploads\/sites\/40\/2025\/11\/criterios-avaliacao-9o-ano.pdf\" class=\"wp-block-file__button wp-element-button\" download aria-describedby=\"wp-block-file--media-8b93f94b-7351-4fa5-b960-c22d7fb0836b\">Descarregar<\/a><\/div>\n\n\n\n<div style=\"height:77px\" aria-hidden=\"true\" class=\"wp-block-spacer\"><\/div>\n\n\n\n<h3 class=\"wp-block-heading\"><strong>Secund\u00e1rio<\/strong><\/h3>\n\n\n\n<div class=\"wp-block-file\"><a id=\"wp-block-file--media-c7e23803-2d26-48d2-93c9-c887f12e4d3f\" href=\"https:\/\/escoladigital.madeira.gov.pt\/ebspsol\/wp-content\/uploads\/sites\/40\/2025\/11\/criterios-avaliacao-10o-ano.pdf\"><strong>crit\u00e9rios avalia\u00e7\u00e3o 10\u00ba ano<\/strong><\/a><a href=\"https:\/\/escoladigital.madeira.gov.pt\/ebspsol\/wp-content\/uploads\/sites\/40\/2025\/11\/criterios-avaliacao-10o-ano.pdf\" class=\"wp-block-file__button wp-element-button\" download aria-describedby=\"wp-block-file--media-c7e23803-2d26-48d2-93c9-c887f12e4d3f\">Descarregar<\/a><\/div>\n\n\n\n<div class=\"wp-block-file\"><a id=\"wp-block-file--media-61452f78-7bc0-4388-9124-4794a0f920ff\" href=\"https:\/\/escoladigital.madeira.gov.pt\/ebspsol\/wp-content\/uploads\/sites\/40\/2025\/11\/criterios-avaliacao-11o-ano.pdf\"><strong>crit\u00e9rios avalia\u00e7\u00e3o 11\u00ba ano<\/strong><\/a><a href=\"https:\/\/escoladigital.madeira.gov.pt\/ebspsol\/wp-content\/uploads\/sites\/40\/2025\/11\/criterios-avaliacao-11o-ano.pdf\" class=\"wp-block-file__button wp-element-button\" download aria-describedby=\"wp-block-file--media-61452f78-7bc0-4388-9124-4794a0f920ff\">Descarregar<\/a><\/div>\n\n\n\n<div class=\"wp-block-file\"><a id=\"wp-block-file--media-4976230e-ae4e-419c-85be-5b90f1256198\" href=\"https:\/\/escoladigital.madeira.gov.pt\/ebspsol\/wp-content\/uploads\/sites\/40\/2025\/11\/criterios-avaliacao-12o-ano.pdf\"><strong>crit\u00e9rios avalia\u00e7\u00e3o 12\u00ba ano<\/strong><\/a><a href=\"https:\/\/escoladigital.madeira.gov.pt\/ebspsol\/wp-content\/uploads\/sites\/40\/2025\/11\/criterios-avaliacao-12o-ano.pdf\" class=\"wp-block-file__button wp-element-button\" download aria-describedby=\"wp-block-file--media-4976230e-ae4e-419c-85be-5b90f1256198\">Descarregar<\/a><\/div>\n\n\n\n<div style=\"height:77px\" aria-hidden=\"true\" class=\"wp-block-spacer\"><\/div>\n\n\n\n<h3 class=\"wp-block-heading\"><strong>Cursos Profissionais<\/strong><\/h3>\n\n\n\n<div class=\"wp-block-file\"><a id=\"wp-block-file--media-1c162b5e-a389-4a02-beee-80e0110a9cdd\" href=\"https:\/\/escoladigital.madeira.gov.pt\/ebspsol\/wp-content\/uploads\/sites\/40\/2025\/11\/criterios-avaliacao-1o-ano-cursos-profissionais.pdf\"><strong>crit\u00e9rios avalia\u00e7\u00e3o 1\u00ba ano cursos profissionais<\/strong><\/a><a href=\"https:\/\/escoladigital.madeira.gov.pt\/ebspsol\/wp-content\/uploads\/sites\/40\/2025\/11\/criterios-avaliacao-1o-ano-cursos-profissionais.pdf\" class=\"wp-block-file__button wp-element-button\" download aria-describedby=\"wp-block-file--media-1c162b5e-a389-4a02-beee-80e0110a9cdd\">Descarregar<\/a><\/div>\n\n\n\n<div class=\"wp-block-file\"><a id=\"wp-block-file--media-2dff3121-d89c-414c-bc05-b55018193e58\" href=\"https:\/\/escoladigital.madeira.gov.pt\/ebspsol\/wp-content\/uploads\/sites\/40\/2025\/11\/criterios-avaliacao-2o-ano-cursos-profissionais.pdf\"><strong>crit\u00e9rios avalia\u00e7\u00e3o 2\u00ba ano cursos profissionais<\/strong><\/a><a href=\"https:\/\/escoladigital.madeira.gov.pt\/ebspsol\/wp-content\/uploads\/sites\/40\/2025\/11\/criterios-avaliacao-2o-ano-cursos-profissionais.pdf\" class=\"wp-block-file__button wp-element-button\" download aria-describedby=\"wp-block-file--media-2dff3121-d89c-414c-bc05-b55018193e58\">Descarregar<\/a><\/div>\n\n\n\n<div class=\"wp-block-file\"><a id=\"wp-block-file--media-7712150f-2aa3-479a-8778-6b88bc0f9bd6\" href=\"https:\/\/escoladigital.madeira.gov.pt\/ebspsol\/wp-content\/uploads\/sites\/40\/2025\/11\/criterios-avaliacao-3o-ano-cursos-profissionais.pdf\"><strong>crit\u00e9rios avalia\u00e7\u00e3o 3\u00ba ano cursos profissionais<\/strong><\/a><a href=\"https:\/\/escoladigital.madeira.gov.pt\/ebspsol\/wp-content\/uploads\/sites\/40\/2025\/11\/criterios-avaliacao-3o-ano-cursos-profissionais.pdf\" class=\"wp-block-file__button wp-element-button\" download aria-describedby=\"wp-block-file--media-7712150f-2aa3-479a-8778-6b88bc0f9bd6\">Descarregar<\/a><\/div>\n\n\n\n<p><\/p>\n","protected":false},"excerpt":{"rendered":"<p>2\u00ba. Ciclo 3\u00ba. Ciclo Secund\u00e1rio Cursos Profissionais<\/p>\n","protected":false},"author":53,"featured_media":0,"parent":0,"menu_order":0,"comment_status":"closed","ping_status":"closed","template":"","meta":{"_themeisle_gutenberg_block_has_review":false,"footnotes":""},"class_list":["post-716","page","type-page","status-publish","hentry"],"_links":{"self":[{"href":"https:\/\/escoladigital.madeira.gov.pt\/ebspsol\/wp-json\/wp\/v2\/pages\/716","targetHints":{"allow":["GET"]}}],"collection":[{"href":"https:\/\/escoladigital.madeira.gov.pt\/ebspsol\/wp-json\/wp\/v2\/pages"}],"about":[{"href":"https:\/\/escoladigital.madeira.gov.pt\/ebspsol\/wp-json\/wp\/v2\/types\/page"}],"author":[{"embeddable":true,"href":"https:\/\/escoladigital.madeira.gov.pt\/ebspsol\/wp-json\/wp\/v2\/users\/53"}],"replies":[{"embeddable":true,"href":"https:\/\/escoladigital.madeira.gov.pt\/ebspsol\/wp-json\/wp\/v2\/comments?post=716"}],"version-history":[{"count":8,"href":"https:\/\/escoladigital.madeira.gov.pt\/ebspsol\/wp-json\/wp\/v2\/pages\/716\/revisions"}],"predecessor-version":[{"id":751,"href":"https:\/\/escoladigital.madeira.gov.pt\/ebspsol\/wp-json\/wp\/v2\/pages\/716\/revisions\/751"}],"wp:attachment":[{"href":"https:\/\/escoladigital.madeira.gov.pt\/ebspsol\/wp-json\/wp\/v2\/media?parent=716"}],"curies":[{"name":"wp","href":"https:\/\/api.w.org\/{rel}","templated":true}]}}