{"id":717,"date":"2026-03-10T12:48:51","date_gmt":"2026-03-10T12:48:51","guid":{"rendered":"https:\/\/escoladigital.madeira.gov.pt\/ebspsol\/?page_id=717"},"modified":"2026-04-14T10:34:34","modified_gmt":"2026-04-14T10:34:34","slug":"exames-2026","status":"publish","type":"page","link":"https:\/\/escoladigital.madeira.gov.pt\/ebspsol\/exames-2026\/","title":{"rendered":"Exames 2026"},"content":{"rendered":"\n<div style=\"height:51px\" aria-hidden=\"true\" class=\"wp-block-spacer\"><\/div>\n\n\n\n<h3 class=\"wp-block-heading\"><strong>Pr\u00e9-requisitos para cursos superiores<\/strong><\/h3>\n\n\n\n<div class=\"wp-block-file\"><a id=\"wp-block-file--media-b91a3675-0564-4a5f-82c1-1a9e64fcc824\" href=\"https:\/\/escoladigital.madeira.gov.pt\/ebspsol\/wp-content\/uploads\/sites\/40\/2026\/04\/Pre.requisitos-cursos-superiores-2026.2027-1.pdf\">Pre.requisitos cursos superiores 2026.2027<\/a><\/div>\n\n\n\n<div style=\"height:56px\" aria-hidden=\"true\" class=\"wp-block-spacer\"><\/div>\n\n\n\n<h3 class=\"wp-block-heading\"><strong>Guia Geral de Exames:<\/strong><\/h3>\n\n\n\n<p><a href=\"https:\/\/area.dge.mec.pt\/jnedoc\/doc\/595.PDF\">https:\/\/area.dge.mec.pt\/jnedoc\/doc\/595.PDF<\/a><\/p>\n\n\n\n<div style=\"height:26px\" aria-hidden=\"true\" class=\"wp-block-spacer\"><\/div>\n\n\n\n<h3 class=\"wp-block-heading\"><strong>Perguntas Frequentes: <\/strong><\/h3>\n\n\n\n<p><a href=\"https:\/\/www.dge.mec.pt\/perguntas-frequentes-faqs\">https:\/\/www.dge.mec.pt\/perguntas-frequentes-faqs<\/a><\/p>\n\n\n\n<div style=\"height:17px\" aria-hidden=\"true\" class=\"wp-block-spacer\"><\/div>\n\n\n\n<hr class=\"wp-block-separator has-alpha-channel-opacity is-style-wide\" \/>\n\n\n\n<div style=\"height:29px\" aria-hidden=\"true\" class=\"wp-block-spacer\"><\/div>\n\n\n\n<h3 class=\"wp-block-heading\"><strong>Calend\u00e1rios:<\/strong><\/h3>\n\n\n\n<div class=\"wp-block-file\"><a id=\"wp-block-file--media-2265e7a5-0a17-4b1d-845e-2df73c214976\" href=\"https:\/\/escoladigital.madeira.gov.pt\/ebspsol\/wp-content\/uploads\/sites\/40\/2026\/03\/Calendario-provas-finais-ensino-basico-1a-fase.pdf\">Calend\u00e1rio provas finais ensino b\u00e1sico &#8211; 1\u00aa fase<\/a><\/div>\n\n\n\n<div class=\"wp-block-file\"><a id=\"wp-block-file--media-642c0553-21a4-490f-9577-aa04647cc5b0\" href=\"https:\/\/escoladigital.madeira.gov.pt\/ebspsol\/wp-content\/uploads\/sites\/40\/2026\/03\/Calendario-provas-finais-ensino-basico-2a-fase.pdf\">Calend\u00e1rio provas finais ensino b\u00e1sico &#8211; 2\u00aa fase<\/a><\/div>\n\n\n\n<div class=\"wp-block-file\"><a id=\"wp-block-file--media-14221c0d-e64c-4993-8a93-e5f9374099bc\" href=\"https:\/\/escoladigital.madeira.gov.pt\/ebspsol\/wp-content\/uploads\/sites\/40\/2026\/03\/Calendario-PEF-basico.pdf\">Calend\u00e1rio PEF b\u00e1sico<\/a><\/div>\n\n\n\n<div class=\"wp-block-file\"><a id=\"wp-block-file--media-c11c8227-bbb4-4eb1-bf0c-8d33f6ecea49\" href=\"https:\/\/escoladigital.madeira.gov.pt\/ebspsol\/wp-content\/uploads\/sites\/40\/2026\/03\/Calendario-ModA.pdf\">Calend\u00e1rio ModA<\/a><\/div>\n\n\n\n<div class=\"wp-block-file\"><a id=\"wp-block-file--media-08d44a37-90a8-4508-84a2-986121bebb2f\" href=\"https:\/\/escoladigital.madeira.gov.pt\/ebspsol\/wp-content\/uploads\/sites\/40\/2026\/03\/Calendario-exames-nacionais-secundario-1a-fase.pdf\">Calend\u00e1rio exames nacionais secund\u00e1rio &#8211; 1\u00aa fase<\/a><\/div>\n\n\n\n<div class=\"wp-block-file\"><a id=\"wp-block-file--media-ca3d8f3c-3fc7-4cc5-a72a-a9e0ba378684\" href=\"https:\/\/escoladigital.madeira.gov.pt\/ebspsol\/wp-content\/uploads\/sites\/40\/2026\/03\/Calendario-exames-nacionais-secundario-2a-fase.pdf\">Calend\u00e1rio exames nacionais secund\u00e1rio &#8211; 2\u00aa fase<\/a><\/div>\n\n\n\n<div class=\"wp-block-file\"><a id=\"wp-block-file--media-43bf77b8-2bd0-46e6-b577-07234163cf6e\" href=\"https:\/\/escoladigital.madeira.gov.pt\/ebspsol\/wp-content\/uploads\/sites\/40\/2026\/03\/Calendario-PEF-secundario.pdf\">Calend\u00e1rio PEF secund\u00e1rio<\/a><\/div>\n\n\n\n<div style=\"height:25px\" aria-hidden=\"true\" class=\"wp-block-spacer\"><\/div>\n\n\n\n<hr class=\"wp-block-separator has-alpha-channel-opacity is-style-wide\" \/>\n\n\n\n<div style=\"height:27px\" aria-hidden=\"true\" class=\"wp-block-spacer\"><\/div>\n\n\n\n<h3 class=\"wp-block-heading\"><strong>Documenta\u00e7\u00e3o:<\/strong><\/h3>\n\n\n\n<div class=\"wp-block-file\"><a id=\"wp-block-file--media-c2070a5d-d004-4199-9239-309351da5362\" href=\"https:\/\/escoladigital.madeira.gov.pt\/ebspsol\/wp-content\/uploads\/sites\/40\/2026\/03\/Prazos-de-inscricao-para-as-provas-ensino-basico.pdf\">Prazos de inscri\u00e7\u00e3o para as provas ensino b\u00e1sico<\/a><\/div>\n\n\n\n<div class=\"wp-block-file\"><a id=\"wp-block-file--media-c1917f18-ebbc-44a5-a471-47b60c7d3d97\" href=\"https:\/\/escoladigital.madeira.gov.pt\/ebspsol\/wp-content\/uploads\/sites\/40\/2026\/03\/Documentacao-e-encargos-para-inscricoes-basico.pdf\">Documenta\u00e7\u00e3o e encargos para inscri\u00e7\u00f5es &#8211; b\u00e1sico<\/a><\/div>\n\n\n\n<div class=\"wp-block-file\"><a id=\"wp-block-file--media-c63bd353-f5a7-46fd-a190-7423e02b7071\" href=\"https:\/\/escoladigital.madeira.gov.pt\/ebspsol\/wp-content\/uploads\/sites\/40\/2026\/03\/Prazos-de-inscricao-para-as-provas-ensino-secundario.pdf\">Prazos de inscri\u00e7\u00e3o para as provas ensino secund\u00e1rio<\/a><\/div>\n\n\n\n<div class=\"wp-block-file\"><a id=\"wp-block-file--media-d6676246-adfa-4612-8f69-dfe77850bfd9\" href=\"https:\/\/escoladigital.madeira.gov.pt\/ebspsol\/wp-content\/uploads\/sites\/40\/2026\/03\/Documentacao-e-encargos-para-inscricoes-secundario.pdf\">Documenta\u00e7\u00e3o e encargos para inscri\u00e7\u00f5es -secund\u00e1rio<\/a><\/div>\n\n\n\n<div class=\"wp-block-file\"><a id=\"wp-block-file--media-80ed5cd3-279f-4c4a-96af-b49c979d71b8\" href=\"https:\/\/escoladigital.madeira.gov.pt\/ebspsol\/wp-content\/uploads\/sites\/40\/2026\/03\/Norma-1-JNE.pdf\">Norma 1-JNE<\/a><\/div>\n\n\n\n<p><\/p>\n","protected":false},"excerpt":{"rendered":"<p>Pr\u00e9-requisitos para cursos superiores Guia Geral de Exames: https:\/\/area.dge.mec.pt\/jnedoc\/doc\/595.PDF Perguntas Frequentes: https:\/\/www.dge.mec.pt\/perguntas-frequentes-faqs Calend\u00e1rios: Documenta\u00e7\u00e3o:<\/p>\n","protected":false},"author":53,"featured_media":0,"parent":0,"menu_order":0,"comment_status":"closed","ping_status":"closed","template":"","meta":{"_themeisle_gutenberg_block_has_review":false,"footnotes":""},"class_list":["post-717","page","type-page","status-publish","hentry"],"_links":{"self":[{"href":"https:\/\/escoladigital.madeira.gov.pt\/ebspsol\/wp-json\/wp\/v2\/pages\/717","targetHints":{"allow":["GET"]}}],"collection":[{"href":"https:\/\/escoladigital.madeira.gov.pt\/ebspsol\/wp-json\/wp\/v2\/pages"}],"about":[{"href":"https:\/\/escoladigital.madeira.gov.pt\/ebspsol\/wp-json\/wp\/v2\/types\/page"}],"author":[{"embeddable":true,"href":"https:\/\/escoladigital.madeira.gov.pt\/ebspsol\/wp-json\/wp\/v2\/users\/53"}],"replies":[{"embeddable":true,"href":"https:\/\/escoladigital.madeira.gov.pt\/ebspsol\/wp-json\/wp\/v2\/comments?post=717"}],"version-history":[{"count":9,"href":"https:\/\/escoladigital.madeira.gov.pt\/ebspsol\/wp-json\/wp\/v2\/pages\/717\/revisions"}],"predecessor-version":[{"id":810,"href":"https:\/\/escoladigital.madeira.gov.pt\/ebspsol\/wp-json\/wp\/v2\/pages\/717\/revisions\/810"}],"wp:attachment":[{"href":"https:\/\/escoladigital.madeira.gov.pt\/ebspsol\/wp-json\/wp\/v2\/media?parent=717"}],"curies":[{"name":"wp","href":"https:\/\/api.w.org\/{rel}","templated":true}]}}