{"id":1013,"date":"2024-09-27T10:17:46","date_gmt":"2024-09-27T10:17:46","guid":{"rendered":"https:\/\/escoladigital.madeira.gov.pt\/ebsscruz\/?page_id=1013"},"modified":"2025-09-19T07:00:46","modified_gmt":"2025-09-19T07:00:46","slug":"clube-desportivo","status":"publish","type":"page","link":"https:\/\/escoladigital.madeira.gov.pt\/ebsscruz\/clubes-e-projetos\/clube-desportivo\/","title":{"rendered":"\ud83c\udfc5Clube Desportivo"},"content":{"rendered":"\n<figure class=\"wp-block-image aligncenter size-full\"><img fetchpriority=\"high\" decoding=\"async\" width=\"225\" height=\"225\" src=\"https:\/\/escoladigital.madeira.gov.pt\/ebsscruz\/wp-content\/uploads\/sites\/6\/2024\/09\/image-5.png\" alt=\"\" class=\"wp-image-1046\" srcset=\"https:\/\/escoladigital.madeira.gov.pt\/ebsscruz\/wp-content\/uploads\/sites\/6\/2024\/09\/image-5.png 225w, https:\/\/escoladigital.madeira.gov.pt\/ebsscruz\/wp-content\/uploads\/sites\/6\/2024\/09\/image-5-150x150.png 150w\" sizes=\"(max-width: 225px) 100vw, 225px\" \/><\/figure>\n\n\n\n<div id=\"wp-block-themeisle-blocks-accordion-f38ee33d\" class=\"wp-block-themeisle-blocks-accordion exclusive\">\n<details class=\"wp-block-themeisle-blocks-accordion-item\"><summary class=\"wp-block-themeisle-blocks-accordion-item__title\"><div><strong>Origem do Clube<\/strong><\/div><\/summary><div class=\"wp-block-themeisle-blocks-accordion-item__content\">\n<p>O Clube Desportivo Escola B\u00e1sica e Secund\u00e1ria de Santa Cruz surgiu em Novembro de 1999 para dar continuidade a um trabalho consistente realizado ao n\u00edvel do desporto escolar, na modalidade de T\u00e9nis de Mesa. Assim foi poss\u00edvel dar melhores condi\u00e7\u00f5es aos nossos atletas que at\u00e9 ent\u00e3o participavam apenas no Desporto Escolar. Mas o objetivo principal deste projeto foi formar um Clube-Escola onde a filosofia inerente a este, tivesse por base a forma\u00e7\u00e3o integral dos seus atletas, ajudando-os a construir o seu projeto de vida, paralelamente ao seu percurso desportivo.<br>Assim sendo, continuaremos a fazer um trabalho de consolida\u00e7\u00e3o e de continuidade de tudo o que foi realizado anteriormente, n\u00e3o s\u00f3 a n\u00edvel desportivo mas tamb\u00e9m a n\u00edvel social. Pretendemos manter as cinco se\u00e7\u00f5es j\u00e1 existentes nas \u00e9pocas transatas: T\u00e9nis de mesa, Caminhadas, Gin\u00e1stica nas suas duas vertentes (Gin\u00e1stica Para Todos-GPT e Acrob\u00e1tica), Karat\u00e9 e Voleibol.<br><br>Este Clube enquadra-se no Projeto Educativo da Escola B\u00e1sica e Secund\u00e1ria de Santa Cruz, sendo a mesma o seu principal parceiro. O Clube direciona as suas linhas de atua\u00e7\u00e3o em fun\u00e7\u00e3o das orienta\u00e7\u00f5es pedag\u00f3gicas da mesma.<br>Existe uma rela\u00e7\u00e3o forte entre o Clube e o Conselho Executiva da Escola. Uma grande parte dos elementos pertencentes aos \u00f3rg\u00e3os sociais s\u00e3o docentes a exercer fun\u00e7\u00f5es na Escola B\u00e1sica e Secund\u00e1ria de Santa Cruz. Deste modo, julgamos que est\u00e3o reunidas as condi\u00e7\u00f5es que garantem a estabilidade e a continuidade do projeto.<br><\/p>\n<\/div><\/details>\n\n\n\n<details class=\"wp-block-themeisle-blocks-accordion-item\"><summary class=\"wp-block-themeisle-blocks-accordion-item__title\"><div><strong>Acompanhamento Escolar<\/strong><\/div><\/summary><div class=\"wp-block-themeisle-blocks-accordion-item__content\">\n<p>\u00c9 ponto de honra deste projeto acompanhar os seus atletas no seu percurso escolar. Assim existe uma sala de estudo (oficina de aprendizagem) com uma equipa de professores destinada a apoiar estes atletas. Em termos operacionais, os treinadores s\u00e3o os primeiros a fazer este controlo dos seus atletas. Logo que s\u00e3o diagnosticados os casos \u00e9 estabelecido um di\u00e1logo entre o gestor do projeto e o diretor de turma do mesmo.<br>Muitos dos casos diagnosticados prendem-se com dificuldades de concentra\u00e7\u00e3o e falta de motiva\u00e7\u00e3o para o estudo. Assim o treinador e os restantes professores tentar\u00e3o em sintonia ajudar o atleta a ir ao encontro das suas motiva\u00e7\u00f5es, utilizando os temas relacionados com o desporto em quest\u00e3o para motiv\u00e1-los para as outras disciplinas.<\/p>\n<\/div><\/details>\n\n\n\n<details class=\"wp-block-themeisle-blocks-accordion-item\"><summary class=\"wp-block-themeisle-blocks-accordion-item__title\"><div><strong>Organiza\u00e7\u00e3o de Eventos<\/strong><\/div><\/summary><div class=\"wp-block-themeisle-blocks-accordion-item__content\">\n<h3 class=\"wp-block-heading\">1 &#8211; Encontro de Andebol de bambis \u2013 \u201cFestand\u201d<\/h3>\n\n\n\n<p>Esta sec\u00e7\u00e3o tem ainda a seu cargo a organiza\u00e7\u00e3o regional de um torneio (FESTAND), destinado ao escal\u00e3o mais baixo do Andebol, os bambis.<br>Com este evento procura-se sensibilizar as crian\u00e7as para a pr\u00e1tica do desporto em geral e especificamente para o Andebol.<br>Neste torneio participam cerca de 160 atletas de toda a Regi\u00e3o Aut\u00f3nomo da Madeira com uma participa\u00e7\u00e3o de mais de 13 clubes e envolve uma equipa de cerca de 20 pessoas na organiza\u00e7\u00e3o e realiza\u00e7\u00e3o do mesmo.<br>Este \u00e9 um evento que n\u00e3o temos receitas nenhumas, pelo contr\u00e1rio, s\u00f3 temos custos e muito boa vontade dos colaboradores.<\/p>\n\n\n\n<h3 class=\"wp-block-heading\">2 &#8211; Torneio de T\u00e9nis de mesa<\/h3>\n\n\n\n<p>Cabe a esta sec\u00e7\u00e3o organizar o \u201cXI Torneio de T\u00e9nis de Mesa, cidade de Santa Cruz\u201d. Este torneio regional tem sido realizado em conjunto com a A.T.M. e com a C\u00e2mara Municipal de Santa Cruz. Todos os anos este evento movimenta cerca de 100 pessoas de toda a regi\u00e3o (atletas, treinadores e colaboradores). Na \u00faltima \u00e9poca n\u00e3o foi poss\u00edvel a realiza\u00e7\u00e3o do mesmo, pelo facto da C\u00e2mara Municipal, n\u00e3o ter verbas para nos apoiar com trof\u00e9us. Gostar\u00edamos de retomar este evento, sendo que a nossa sugest\u00e3o seja contemplar no nosso contrato programa uma verba j\u00e1 destinada \u00e0 compra dos trof\u00e9us.<br>\u00c9  mais um evento que conta com cerca de 20 colaboradores para as diferentes esta\u00e7\u00f5es que apresentamos nesta atividade.<br>Salientamos que este \u00e9 outro evento que s\u00f3 temos despesas.<\/p>\n<\/div><\/details>\n\n\n\n<details class=\"wp-block-themeisle-blocks-accordion-item\"><summary class=\"wp-block-themeisle-blocks-accordion-item__title\"><div><strong>Se\u00e7\u00f5es\/Modalidades<\/strong><\/div><\/summary><div class=\"wp-block-themeisle-blocks-accordion-item__content\">\n<h3 class=\"wp-block-heading\"><strong>1 &#8211; Lazer e recrea\u00e7\u00e3o  <\/strong><\/h3>\n\n\n\n<p>Incutir valores associados \u00e0 preserva\u00e7\u00e3o e respeito pela natureza, fomentar as rela\u00e7\u00f5es interpessoais em contextos informais e promover melhores h\u00e1bitos de sa\u00fade associados ao exerc\u00edcio f\u00edsico s\u00e3o objetivos desta sec\u00e7\u00e3o.<br>Consideramos a exist\u00eancia desta sec\u00e7\u00e3o pertinente, uma vez que pretendemos dinamizar toda a comunidade escolar e a comunidade em geral do Conselho de Santa Cruz. Ao oferecermos um leque de atividades de lazer, tais como, <strong>caminhadas<\/strong>, <strong>gin\u00e1stica<\/strong>, <strong>passeios<\/strong> e <strong>conv\u00edvios <\/strong>julgamos que estas ir\u00e3o constituir excelentes argumentos de facilita\u00e7\u00e3o rela\u00e7\u00e3o professor\/Encarregado de Educa\u00e7\u00e3o\/Funcion\u00e1rio e popula\u00e7\u00e3o em geral.<br>Os espa\u00e7os livres, naturais e informais contribuem por si s\u00f3 para o conv\u00edvio e para o di\u00e1logo mais fluido, uma vez que n\u00e3o existem barreiras institucionais que normalmente restringem as rela\u00e7\u00f5es humanas.<br>A sec\u00e7\u00e3o de Lazer e Recrea\u00e7\u00e3o ir\u00e1 fazer uma parceria com a <strong>Anima\u00e7\u00e3o Cultural da Escola<\/strong>, para que a divulga\u00e7\u00e3o e realiza\u00e7\u00e3o das atividades seja mais abrangente.<\/p>\n\n\n\n<p><strong>Atividades<\/strong><\/p>\n\n\n\n<div id=\"wp-block-themeisle-blocks-accordion-ba9ea8f3\" class=\"wp-block-themeisle-blocks-accordion exclusive\">\n<details class=\"wp-block-themeisle-blocks-accordion-item\"><summary class=\"wp-block-themeisle-blocks-accordion-item__title\"><div><strong>Gin\u00e1stica<\/strong><\/div><\/summary><div class=\"wp-block-themeisle-blocks-accordion-item__content\">\n<h3 class=\"wp-block-heading\"><strong>2 &#8211;&nbsp;Andebol<\/strong><\/h3>\n\n\n\n<p>Esta atividade acontece duas vezes por semana, no gin\u00e1sio do pavilh\u00e3o de Santa Cruz, para toda a comunidade escolar e para toda a popula\u00e7\u00e3o do Concelho. <br>Esta sec\u00e7\u00e3o conta com cerca de 20 participantes.<\/p>\n<\/div><\/details>\n\n\n\n<details class=\"wp-block-themeisle-blocks-accordion-item\"><summary class=\"wp-block-themeisle-blocks-accordion-item__title\"><div><strong>Caminhadas ou passeios de barco<\/strong><\/div><\/summary><div class=\"wp-block-themeisle-blocks-accordion-item__content\">\n<p>Este tipo de atividade acontece uma vez por m\u00eas, com os objetivos que j\u00e1 foram descritos. Nestas atividades normalmente temos uma m\u00e9dia de 30 a 40 participantes.<\/p>\n<\/div><\/details>\n\n\n\n<details class=\"wp-block-themeisle-blocks-accordion-item\"><summary class=\"wp-block-themeisle-blocks-accordion-item__title\"><div><strong>Conv\u00edvios<\/strong><\/div><\/summary><div class=\"wp-block-themeisle-blocks-accordion-item__content\">\n<p>No Natal e no final de cada \u00e9poca ser\u00e1 feito um conv\u00edvio para todos os atletas e encarregados de educa\u00e7\u00e3o, assim como para todos os atletas e encarregados de educa\u00e7\u00e3o, assim como para todos os treinadores, monitores e s\u00f3cios. Nestes conv\u00edvios contamos com cerca de 150 pessoas.<\/p>\n<\/div><\/details>\n<\/div>\n\n\n\n<div id=\"wp-block-themeisle-blocks-advanced-columns-a9a55eec\" class=\"wp-block-themeisle-blocks-advanced-columns has-1-columns has-desktop-equal-layout has-tablet-equal-layout has-mobile-collapsedRows-layout has-vertical-unset\"><div class=\"wp-block-themeisle-blocks-advanced-columns-overlay\"><\/div><div class=\"innerblocks-wrap\">\n<div id=\"wp-block-themeisle-blocks-advanced-column-ac452e9b\" class=\"wp-block-themeisle-blocks-advanced-column\">\n<h3 class=\"wp-block-heading\"><strong>2 &#8211;&nbsp;Andebol<\/strong><\/h3>\n\n\n\n<p>O andebol tem sido a modalidade com mais express\u00e3o no nosso Clube. No entanto, nesta \u00e9poca sentimos necessidade de repensar os escal\u00f5es de iniciados, juvenis e juniores, pelo facto destes grupos n\u00e3o apresentarem o n\u00famero suficiente de atletas, o que em anos anteriores provocou-nos problemas de ordem log\u00edstica e at\u00e9 faltas de compar\u00eancia. Assim, para esta \u00e9poca apresent\u00e1mos 3 escal\u00f5es (bambis, minis e infantis) de ambos os sexos, num total de 5 equipas.<br>Os treinos ser\u00e3o assegurados por tr\u00eas treinadores, sendo todos eles ex-atletas do nosso Clube, com forma\u00e7\u00e3o espec\u00edfica de treinador de Andebol, fornecida pela Federa\u00e7\u00e3o de Andebol de Portugal e pela Associa\u00e7\u00e3o de Andebol da Madeira.<br>Neste Clube tentamos sempre que poss\u00edvel integrar os nossos atletas ou ex-atletas em fun\u00e7\u00f5es de treinador ou mesmo de dirigente. Isto pretende-se com o facto de pensarmos que a liga\u00e7\u00e3o emocional que j\u00e1 t\u00eam com o Clube, ser\u00e1 um motivo de maior motiva\u00e7\u00e3o e de entrega ao projeto.<br>Os treinos ir\u00e3o realizar-se no pavilh\u00e3o e polidesportivo da Escola B\u00e1sica e Secund\u00e1ria de Santa Cruz e tamb\u00e9m na Escola do 1.\u00ba Ciclo de Santa Cruz.<br>Iremos participar em todas as competi\u00e7\u00f5es regionais, organizadas pela Associa\u00e7\u00e3o de Andebol da Madeira para os diferentes escal\u00f5es, inclusive a ida ao Porto Santo, no escal\u00e3o de Infantis de ambos os sexos.<br>Esta modalidade conta com cerca de 50 atletas.<\/p>\n\n\n\n<h3 class=\"wp-block-heading\">3 &#8211; T\u00e9nis de Mesa<\/h3>\n\n\n\n<p>O T\u00e9nis de mesa foi uma modalidade que atravessou uma fase menos boa, mas que no entanto tem vindo sempre a crescer.<br>Os treinos ser\u00e3o administrados por um monitor e ir\u00e3o funcionar tr\u00eas vezes por semana em diferentes hor\u00e1rios de forma a contemplar o m\u00e1ximo de atletas nos diferentes escal\u00f5es et\u00e1rios.<br>No T\u00e9nis de mesa temos cerca de 15 atletas.<\/p>\n\n\n\n<h3 class=\"wp-block-heading\">4 &#8211;&nbsp;Karat\u00e9<\/h3>\n\n\n\n<p>Os objetivos destas atividades baseiam-se essencialmente na aprendizagem do Karat\u00e9 promovendo a pr\u00e1tica de atividades para o desenvolvimento mental, f\u00edsico e espiritual dos seus praticantes seguindo sempre o conte\u00fado do seu treinador (Car\u00e1cter, Sinceridade, Etiqueta, Esfor\u00e7o e Autocontrole).<br>O p\u00fablico-alvo s\u00e3o as crian\u00e7as, jovens e adultos, divididos em classes diferenciadas por escal\u00f5es et\u00e1rios para uma melhor gest\u00e3o e aproveitamento dos ensinamentos implementados.<br>Sugest\u00e3o por exemplifica\u00e7\u00e3o da distribui\u00e7\u00e3o dos escal\u00f5es et\u00e1rios:<\/p>\n\n\n\n<h6 class=\"wp-block-heading\">1.\u00ba Grupo: Idades compreendidas entre os 6 e os 12 anos;<br>2.\u00ba Grupo: Idades a partir dos 13 anos.<\/h6>\n\n\n\n<p>Nesta modalidade o n\u00famero de atletas \u00e9 de 15.<\/p>\n<\/div>\n<\/div><\/div>\n<\/div><\/details>\n\n\n\n<details class=\"wp-block-themeisle-blocks-accordion-item\"><summary class=\"wp-block-themeisle-blocks-accordion-item__title\"><div><strong>Liga\u00e7\u00e3o Desporto Escolar\/Desporto Federado<\/strong><\/div><\/summary><div class=\"wp-block-themeisle-blocks-accordion-item__content\">\n<p>Este projeto s\u00f3 faz sentido se tiver articulado com o projeto do <strong>Desporto Escolar <\/strong>da Escola. Assim os alunos t\u00eam mais oportunidades de escolha desportiva, n\u00e3o s\u00f3 a n\u00edvel de modalidades, mas tamb\u00e9m ao n\u00edvel do grau de exig\u00eancia que pretendem para a sua pr\u00e1tica.<br>Com a inclus\u00e3o dos federados nas provas do Desporto Escolar, alguns atletas ir\u00e3o participar nas duas provas, no escal\u00e3o de infantis e iniciados.<\/p>\n<\/div><\/details>\n<\/div>\n\n\n\n<p><\/p>\n","protected":false},"excerpt":{"rendered":"","protected":false},"author":37,"featured_media":0,"parent":876,"menu_order":0,"comment_status":"closed","ping_status":"closed","template":"","meta":{"site-sidebar-layout":"default","site-content-layout":"","ast-site-content-layout":"default","site-content-style":"default","site-sidebar-style":"default","ast-global-header-display":"","ast-banner-title-visibility":"","ast-main-header-display":"","ast-hfb-above-header-display":"","ast-hfb-below-header-display":"","ast-hfb-mobile-header-display":"","site-post-title":"","ast-breadcrumbs-content":"","ast-featured-img":"","footer-sml-layout":"","ast-disable-related-posts":"","theme-transparent-header-meta":"","adv-header-id-meta":"","stick-header-meta":"","header-above-stick-meta":"","header-main-stick-meta":"","header-below-stick-meta":"","astra-migrate-meta-layouts":"default","ast-page-background-enabled":"default","ast-page-background-meta":{"desktop":{"background-color":"var(--ast-global-color-4)","background-image":"","background-repeat":"repeat","background-position":"center center","background-size":"auto","background-attachment":"scroll","background-type":"","background-media":"","overlay-type":"","overlay-color":"","overlay-opacity":"","overlay-gradient":""},"tablet":{"background-color":"","background-image":"","background-repeat":"repeat","background-position":"center center","background-size":"auto","background-attachment":"scroll","background-type":"","background-media":"","overlay-type":"","overlay-color":"","overlay-opacity":"","overlay-gradient":""},"mobile":{"background-color":"","background-image":"","background-repeat":"repeat","background-position":"center center","background-size":"auto","background-attachment":"scroll","background-type":"","background-media":"","overlay-type":"","overlay-color":"","overlay-opacity":"","overlay-gradient":""}},"ast-content-background-meta":{"desktop":{"background-color":"var(--ast-global-color-5)","background-image":"","background-repeat":"repeat","background-position":"center center","background-size":"auto","background-attachment":"scroll","background-type":"","background-media":"","overlay-type":"","overlay-color":"","overlay-opacity":"","overlay-gradient":""},"tablet":{"background-color":"var(--ast-global-color-5)","background-image":"","background-repeat":"repeat","background-position":"center center","background-size":"auto","background-attachment":"scroll","background-type":"","background-media":"","overlay-type":"","overlay-color":"","overlay-opacity":"","overlay-gradient":""},"mobile":{"background-color":"var(--ast-global-color-5)","background-image":"","background-repeat":"repeat","background-position":"center center","background-size":"auto","background-attachment":"scroll","background-type":"","background-media":"","overlay-type":"","overlay-color":"","overlay-opacity":"","overlay-gradient":""}},"_themeisle_gutenberg_block_has_review":false,"footnotes":""},"class_list":["post-1013","page","type-page","status-publish","hentry"],"_links":{"self":[{"href":"https:\/\/escoladigital.madeira.gov.pt\/ebsscruz\/wp-json\/wp\/v2\/pages\/1013","targetHints":{"allow":["GET"]}}],"collection":[{"href":"https:\/\/escoladigital.madeira.gov.pt\/ebsscruz\/wp-json\/wp\/v2\/pages"}],"about":[{"href":"https:\/\/escoladigital.madeira.gov.pt\/ebsscruz\/wp-json\/wp\/v2\/types\/page"}],"author":[{"embeddable":true,"href":"https:\/\/escoladigital.madeira.gov.pt\/ebsscruz\/wp-json\/wp\/v2\/users\/37"}],"replies":[{"embeddable":true,"href":"https:\/\/escoladigital.madeira.gov.pt\/ebsscruz\/wp-json\/wp\/v2\/comments?post=1013"}],"version-history":[{"count":24,"href":"https:\/\/escoladigital.madeira.gov.pt\/ebsscruz\/wp-json\/wp\/v2\/pages\/1013\/revisions"}],"predecessor-version":[{"id":3835,"href":"https:\/\/escoladigital.madeira.gov.pt\/ebsscruz\/wp-json\/wp\/v2\/pages\/1013\/revisions\/3835"}],"up":[{"embeddable":true,"href":"https:\/\/escoladigital.madeira.gov.pt\/ebsscruz\/wp-json\/wp\/v2\/pages\/876"}],"wp:attachment":[{"href":"https:\/\/escoladigital.madeira.gov.pt\/ebsscruz\/wp-json\/wp\/v2\/media?parent=1013"}],"curies":[{"name":"wp","href":"https:\/\/api.w.org\/{rel}","templated":true}]}}