{"id":1083,"date":"2024-10-02T14:43:42","date_gmt":"2024-10-02T14:43:42","guid":{"rendered":"https:\/\/escoladigital.madeira.gov.pt\/ebsscruz\/?page_id=1083"},"modified":"2025-09-19T07:18:40","modified_gmt":"2025-09-19T07:18:40","slug":"biblioteca","status":"publish","type":"page","link":"https:\/\/escoladigital.madeira.gov.pt\/ebsscruz\/biblioteca\/","title":{"rendered":"\ud83d\udcda Biblioteca"},"content":{"rendered":"\n<div id=\"wp-block-themeisle-blocks-advanced-columns-fc74709d\" class=\"wp-block-themeisle-blocks-advanced-columns has-2-columns has-desktop-oneTwo-layout has-tablet-equal-layout has-mobile-collapsedRows-layout has-vertical-unset\"><div class=\"wp-block-themeisle-blocks-advanced-columns-overlay\"><\/div><div class=\"innerblocks-wrap\">\n<div id=\"wp-block-themeisle-blocks-advanced-column-982f1db5\" class=\"wp-block-themeisle-blocks-advanced-column\">\n<div id=\"wp-block-themeisle-blocks-advanced-columns-5026cfdc\" class=\"wp-block-themeisle-blocks-advanced-columns has-2-columns has-desktop-oneTwo-layout has-tablet-equal-layout has-mobile-collapsedRows-layout has-vertical-unset\"><div class=\"wp-block-themeisle-blocks-advanced-columns-overlay\"><\/div><div class=\"innerblocks-wrap\">\n<div id=\"wp-block-themeisle-blocks-advanced-column-6f0017ff\" class=\"wp-block-themeisle-blocks-advanced-column\"><\/div>\n\n\n\n<div id=\"wp-block-themeisle-blocks-advanced-column-73ee3fee\" class=\"wp-block-themeisle-blocks-advanced-column\">\n<figure class=\"wp-block-image aligncenter size-full is-resized\"><img decoding=\"async\" width=\"162\" height=\"280\" src=\"https:\/\/escoladigital.madeira.gov.pt\/ebsscruz\/wp-content\/uploads\/sites\/6\/2024\/09\/image-6.png\" alt=\"\" class=\"wp-image-1049\" style=\"width:162px;height:auto\" \/><\/figure>\n\n\n\n<h4 class=\"wp-block-heading\">Hor\u00e1rio de funcionamento<\/h4>\n\n\n\n<p>A biblioteca encontra-se aberta todos os dias \u00fateis no seguinte hor\u00e1rio:<br>8:00h -18:00h<br>19:00h &#8211; 21:00h<\/p>\n\n\n\n<h4 class=\"wp-block-heading\">Equipa t\u00e9cnica<\/h4>\n\n\n\n<p>Virg\u00ednia N\u00f3ia (T\u00e9cnica Superior)<br>Leonardo Fernandes (T\u00e9cnico Superior)<br>Lu\u00edsa Sardinha (T\u00e9cnica Superior)<\/p>\n\n\n\n<h4 class=\"wp-block-heading\">Documentos<\/h4>\n\n\n\n<p><a href=\"https:\/\/escoladigital.madeira.gov.pt\/ebsscruz\/wp-content\/uploads\/sites\/6\/2024\/10\/Biblioteca_RegulamentoInterno-1.pdf\" target=\"_blank\" rel=\"noreferrer noopener\">Regulamento Interno<\/a><\/p>\n\n\n\n<p><a href=\"https:\/\/escoladigital.madeira.gov.pt\/ebsscruz\/wp-content\/uploads\/sites\/6\/2024\/10\/Plano-Anual.pdf\" data-type=\"link\" data-id=\"https:\/\/escoladigital.madeira.gov.pt\/ebsscruz\/wp-content\/uploads\/sites\/6\/2024\/10\/Plano-Anual.pdf\" target=\"_blank\" rel=\"noreferrer noopener\">Plano Anual<\/a><\/p>\n\n\n\n<p><a href=\"https:\/\/escoladigital.madeira.gov.pt\/ebsscruz\/wp-content\/uploads\/sites\/6\/2024\/10\/RegrasBiblioteca.pdf\" target=\"_blank\" rel=\"noreferrer noopener\">Regras<\/a><\/p>\n<\/div>\n<\/div><\/div>\n<\/div>\n\n\n\n<div id=\"wp-block-themeisle-blocks-advanced-column-5a4c845a\" class=\"wp-block-themeisle-blocks-advanced-column\">\n<div class=\"wp-block-group is-layout-constrained wp-block-group-is-layout-constrained\">\n<h2 class=\"wp-block-heading\">Not\u00edcias<\/h2>\n\n\n\n<div class=\"wp-block-query is-layout-flow wp-block-query-is-layout-flow\"><ul class=\"wp-block-post-template is-layout-flow wp-block-post-template-is-layout-flow\"><li class=\"wp-block-post post-5922 post type-post status-publish format-standard hentry category-biblioteca category-noticiasbiblioteca category-pp\">\n\n<p><\/p>\n\n\n\n<div class=\"wp-block-group is-layout-constrained wp-block-group-is-layout-constrained\"><h2 style=\"text-transform:none; padding-top:var(--wp--preset--spacing--20);padding-bottom:var(--wp--preset--spacing--20);padding-left:var(--wp--preset--spacing--20);padding-right:var(--wp--preset--spacing--20);margin-top:0;margin-bottom:0;margin-left:0;margin-right:0;\" class=\"has-link-color ticss-8292264e wp-elements-0d6c45226271d9ca79f66c09b48bf47a wp-block-post-title has-text-color has-ast-global-color-2-color has-medium-font-size\"><a href=\"https:\/\/escoladigital.madeira.gov.pt\/ebsscruz\/2026\/04\/15\/autor-do-mes-de-abril\/\" target=\"_blank\" >Autor do m\u00eas<\/a><\/h2><\/div>\n\n\n<div class=\"wp-block-post-excerpt\"><p class=\"wp-block-post-excerpt__excerpt\">Isabel Al\u00e7ada nasceu em Lisboa a 29 de maio de 1950, sendo a mais velha de tr\u00eas irm\u00e3s. A casa [&hellip;] <\/p><\/div>\n<\/li><li class=\"wp-block-post post-5917 post type-post status-publish format-standard hentry category-noticiasbiblioteca category-pp\">\n\n<p><\/p>\n\n\n\n<div class=\"wp-block-group is-layout-constrained wp-block-group-is-layout-constrained\"><h2 style=\"text-transform:none; padding-top:var(--wp--preset--spacing--20);padding-bottom:var(--wp--preset--spacing--20);padding-left:var(--wp--preset--spacing--20);padding-right:var(--wp--preset--spacing--20);margin-top:0;margin-bottom:0;margin-left:0;margin-right:0;\" class=\"has-link-color ticss-8292264e wp-elements-0d6c45226271d9ca79f66c09b48bf47a wp-block-post-title has-text-color has-ast-global-color-2-color has-medium-font-size\"><a href=\"https:\/\/escoladigital.madeira.gov.pt\/ebsscruz\/2026\/04\/15\/autor-do-mes-de-marco\/\" target=\"_blank\" >Autor do m\u00eas<\/a><\/h2><\/div>\n\n\n<div class=\"wp-block-post-excerpt\"><p class=\"wp-block-post-excerpt__excerpt\">Ana Maria Magalh\u00e3es nasceu em 14 de abril de 1946, no seio de uma enorme fam\u00edlia onde as crian\u00e7as ocupavam [&hellip;] <\/p><\/div>\n<\/li><li class=\"wp-block-post post-5904 post type-post status-publish format-standard hentry category-noticiasbiblioteca category-pp\">\n\n<p><\/p>\n\n\n\n<div class=\"wp-block-group is-layout-constrained wp-block-group-is-layout-constrained\"><h2 style=\"text-transform:none; padding-top:var(--wp--preset--spacing--20);padding-bottom:var(--wp--preset--spacing--20);padding-left:var(--wp--preset--spacing--20);padding-right:var(--wp--preset--spacing--20);margin-top:0;margin-bottom:0;margin-left:0;margin-right:0;\" class=\"has-link-color ticss-8292264e wp-elements-0d6c45226271d9ca79f66c09b48bf47a wp-block-post-title has-text-color has-ast-global-color-2-color has-medium-font-size\"><a href=\"https:\/\/escoladigital.madeira.gov.pt\/ebsscruz\/2026\/03\/31\/encontro-com-o-escritor-ezequiel-vieira\/\" target=\"_blank\" >Encontro com o escritor Ezequiel Vieira<\/a><\/h2><\/div>\n\n\n<div class=\"wp-block-post-excerpt\"><p class=\"wp-block-post-excerpt__excerpt\">Decorreu, no dia 25 de mar\u00e7o, entre as 11:40 e as 11:25, um encontro com o escritor Ezequiel Vieira, no [&hellip;] <\/p><\/div>\n<\/li><li class=\"wp-block-post post-5655 post type-post status-publish format-standard hentry category-noticiasbiblioteca category-pp\">\n\n<p><\/p>\n\n\n\n<div class=\"wp-block-group is-layout-constrained wp-block-group-is-layout-constrained\"><h2 style=\"text-transform:none; padding-top:var(--wp--preset--spacing--20);padding-bottom:var(--wp--preset--spacing--20);padding-left:var(--wp--preset--spacing--20);padding-right:var(--wp--preset--spacing--20);margin-top:0;margin-bottom:0;margin-left:0;margin-right:0;\" class=\"has-link-color ticss-8292264e wp-elements-0d6c45226271d9ca79f66c09b48bf47a wp-block-post-title has-text-color has-ast-global-color-2-color has-medium-font-size\"><a href=\"https:\/\/escoladigital.madeira.gov.pt\/ebsscruz\/2026\/03\/04\/autor-do-mes-2\/\" target=\"_blank\" >Autor do m\u00eas<\/a><\/h2><\/div>\n\n\n<div class=\"wp-block-post-excerpt\"><p class=\"wp-block-post-excerpt__excerpt\">Gon\u00e7alo M. Tavares \u00e9 autor de uma vasta obra que est\u00e1 a ser traduzida em mais de sessenta pa\u00edses. A [&hellip;] <\/p><\/div>\n<\/li><li class=\"wp-block-post post-5549 post type-post status-publish format-standard hentry category-biblioteca category-noticiasbiblioteca category-pp\">\n\n<p><\/p>\n\n\n\n<div class=\"wp-block-group is-layout-constrained wp-block-group-is-layout-constrained\"><h2 style=\"text-transform:none; padding-top:var(--wp--preset--spacing--20);padding-bottom:var(--wp--preset--spacing--20);padding-left:var(--wp--preset--spacing--20);padding-right:var(--wp--preset--spacing--20);margin-top:0;margin-bottom:0;margin-left:0;margin-right:0;\" class=\"has-link-color ticss-8292264e wp-elements-0d6c45226271d9ca79f66c09b48bf47a wp-block-post-title has-text-color has-ast-global-color-2-color has-medium-font-size\"><a href=\"https:\/\/escoladigital.madeira.gov.pt\/ebsscruz\/2026\/02\/13\/vencedoras-do-concurso-de-sao-valentim-%f0%9f%92%9d\/\" target=\"_blank\" >Vencedoras do Concurso de S\u00e3o Valentim \ud83d\udc9d<\/a><\/h2><\/div>\n\n\n<div class=\"wp-block-post-excerpt\"><p class=\"wp-block-post-excerpt__excerpt\">No \u00e2mbito do Concurso de S\u00e3o Valentim, organizado pela biblioteca da nossa escola, foram distinguidas tr\u00eas alunas pelo seu talento [&hellip;] <\/p><\/div>\n<\/li><li class=\"wp-block-post post-5527 post type-post status-publish format-standard hentry category-noticiasbiblioteca category-pp\">\n\n<p><\/p>\n\n\n\n<div class=\"wp-block-group is-layout-constrained wp-block-group-is-layout-constrained\"><h2 style=\"text-transform:none; padding-top:var(--wp--preset--spacing--20);padding-bottom:var(--wp--preset--spacing--20);padding-left:var(--wp--preset--spacing--20);padding-right:var(--wp--preset--spacing--20);margin-top:0;margin-bottom:0;margin-left:0;margin-right:0;\" class=\"has-link-color ticss-8292264e wp-elements-0d6c45226271d9ca79f66c09b48bf47a wp-block-post-title has-text-color has-ast-global-color-2-color has-medium-font-size\"><a href=\"https:\/\/escoladigital.madeira.gov.pt\/ebsscruz\/2026\/02\/11\/autor-do-mes-fevereiro\/\" target=\"_blank\" >Autor do m\u00eas &#8211; Fevereiro<\/a><\/h2><\/div>\n\n\n<div class=\"wp-block-post-excerpt\"><p class=\"wp-block-post-excerpt__excerpt\">Alice Vieira nasceu em 1943 em Lisboa. Desde 1979 tem vindo a publicar regularmente tendo editado na Caminho mais de [&hellip;] <\/p><\/div>\n<\/li><li class=\"wp-block-post post-5372 post type-post status-publish format-standard hentry category-noticiasbiblioteca category-pp\">\n\n<p><\/p>\n\n\n\n<div class=\"wp-block-group is-layout-constrained wp-block-group-is-layout-constrained\"><h2 style=\"text-transform:none; padding-top:var(--wp--preset--spacing--20);padding-bottom:var(--wp--preset--spacing--20);padding-left:var(--wp--preset--spacing--20);padding-right:var(--wp--preset--spacing--20);margin-top:0;margin-bottom:0;margin-left:0;margin-right:0;\" class=\"has-link-color ticss-8292264e wp-elements-0d6c45226271d9ca79f66c09b48bf47a wp-block-post-title has-text-color has-ast-global-color-2-color has-medium-font-size\"><a href=\"https:\/\/escoladigital.madeira.gov.pt\/ebsscruz\/2026\/01\/14\/biblioteca-promove-exposicao-sobre-a-tradicao-do-santo-amaro-em-santa-cruz\/\" target=\"_blank\" >Biblioteca promove exposi\u00e7\u00e3o sobre a tradi\u00e7\u00e3o do Santo Amaro em Santa Cruz<\/a><\/h2><\/div>\n\n\n<div class=\"wp-block-post-excerpt\"><p class=\"wp-block-post-excerpt__excerpt\">A equipa da Biblioteca realizou uma pequena exposi\u00e7\u00e3o dedicada \u00e0 tradi\u00e7\u00e3o do Santo Amaro, uma manifesta\u00e7\u00e3o cultural profundamente enraizada na [&hellip;] <\/p><\/div>\n<\/li><li class=\"wp-block-post post-5356 post type-post status-publish format-standard hentry category-noticiasbiblioteca category-pp\">\n\n<p><\/p>\n\n\n\n<div class=\"wp-block-group is-layout-constrained wp-block-group-is-layout-constrained\"><h2 style=\"text-transform:none; padding-top:var(--wp--preset--spacing--20);padding-bottom:var(--wp--preset--spacing--20);padding-left:var(--wp--preset--spacing--20);padding-right:var(--wp--preset--spacing--20);margin-top:0;margin-bottom:0;margin-left:0;margin-right:0;\" class=\"has-link-color ticss-8292264e wp-elements-0d6c45226271d9ca79f66c09b48bf47a wp-block-post-title has-text-color has-ast-global-color-2-color has-medium-font-size\"><a href=\"https:\/\/escoladigital.madeira.gov.pt\/ebsscruz\/2026\/01\/13\/autor-do-mes\/\" target=\"_blank\" >Autor do m\u00eas<\/a><\/h2><\/div>\n\n\n<div class=\"wp-block-post-excerpt\"><p class=\"wp-block-post-excerpt__excerpt\">Verg\u00edlio Ferreira nasceu em 1916, em Melo (Gouveia), e morreu em 1996 em Lisboa. Estudou no Semin\u00e1rio do Fund\u00e3o, licenciou-se [&hellip;] <\/p><\/div>\n<\/li><li class=\"wp-block-post post-5188 post type-post status-publish format-standard hentry category-noticiasbiblioteca category-pp\">\n\n<p><\/p>\n\n\n\n<div class=\"wp-block-group is-layout-constrained wp-block-group-is-layout-constrained\"><h2 style=\"text-transform:none; padding-top:var(--wp--preset--spacing--20);padding-bottom:var(--wp--preset--spacing--20);padding-left:var(--wp--preset--spacing--20);padding-right:var(--wp--preset--spacing--20);margin-top:0;margin-bottom:0;margin-left:0;margin-right:0;\" class=\"has-link-color ticss-8292264e wp-elements-0d6c45226271d9ca79f66c09b48bf47a wp-block-post-title has-text-color has-ast-global-color-2-color has-medium-font-size\"><a href=\"https:\/\/escoladigital.madeira.gov.pt\/ebsscruz\/2025\/12\/15\/atividade-da-biblioteca-da-ebssc\/\" target=\"_blank\" >Atividade da biblioteca da EBSSC<\/a><\/h2><\/div>\n\n\n<div class=\"wp-block-post-excerpt\"><p class=\"wp-block-post-excerpt__excerpt\">Decorreu, no dia 11 de dezembro, entre as 10h40 e as 11h25, um encontro com o escritor M\u00e1rcio Sousa que [&hellip;] <\/p><\/div>\n<\/li><li class=\"wp-block-post post-5131 post type-post status-publish format-standard hentry category-noticiasbiblioteca category-pp\">\n\n<p><\/p>\n\n\n\n<div class=\"wp-block-group is-layout-constrained wp-block-group-is-layout-constrained\"><h2 style=\"text-transform:none; padding-top:var(--wp--preset--spacing--20);padding-bottom:var(--wp--preset--spacing--20);padding-left:var(--wp--preset--spacing--20);padding-right:var(--wp--preset--spacing--20);margin-top:0;margin-bottom:0;margin-left:0;margin-right:0;\" class=\"has-link-color ticss-8292264e wp-elements-0d6c45226271d9ca79f66c09b48bf47a wp-block-post-title has-text-color has-ast-global-color-2-color has-medium-font-size\"><a href=\"https:\/\/escoladigital.madeira.gov.pt\/ebsscruz\/2025\/12\/10\/autora-do-mes-de-dezembro\/\" target=\"_blank\" >Autora do m\u00eas de dezembro&#8230;.<\/a><\/h2><\/div>\n\n\n<div class=\"wp-block-post-excerpt\"><p class=\"wp-block-post-excerpt__excerpt\">Sophia de Mello Breyner Andresen nasceu neste dia 6 de novembro de 1919, no Porto. Em 1940 publicou os seus [&hellip;] <\/p><\/div>\n<\/li><li class=\"wp-block-post post-4945 post type-post status-publish format-standard hentry category-noticiasbiblioteca category-pp\">\n\n<p><\/p>\n\n\n\n<div class=\"wp-block-group is-layout-constrained wp-block-group-is-layout-constrained\"><h2 style=\"text-transform:none; padding-top:var(--wp--preset--spacing--20);padding-bottom:var(--wp--preset--spacing--20);padding-left:var(--wp--preset--spacing--20);padding-right:var(--wp--preset--spacing--20);margin-top:0;margin-bottom:0;margin-left:0;margin-right:0;\" class=\"has-link-color ticss-8292264e wp-elements-0d6c45226271d9ca79f66c09b48bf47a wp-block-post-title has-text-color has-ast-global-color-2-color has-medium-font-size\"><a href=\"https:\/\/escoladigital.madeira.gov.pt\/ebsscruz\/2025\/11\/24\/coloquio-literario-na-biblioteca-da-ebssc\/\" target=\"_blank\" >Col\u00f3quio Liter\u00e1rio na biblioteca da EBSSC<\/a><\/h2><\/div>\n\n\n<div class=\"wp-block-post-excerpt\"><p class=\"wp-block-post-excerpt__excerpt\">Decorreu no dia 24 de novembro um col\u00f3quio liter\u00e1rio com o escritor convidado Ezequiel Ant\u00f3nio Sp\u00ednola Vieira. Esta atividade foi [&hellip;] <\/p><\/div>\n<\/li><li class=\"wp-block-post post-4515 post type-post status-publish format-standard hentry category-noticiasbiblioteca category-pp\">\n\n<p><\/p>\n\n\n\n<div class=\"wp-block-group is-layout-constrained wp-block-group-is-layout-constrained\"><h2 style=\"text-transform:none; padding-top:var(--wp--preset--spacing--20);padding-bottom:var(--wp--preset--spacing--20);padding-left:var(--wp--preset--spacing--20);padding-right:var(--wp--preset--spacing--20);margin-top:0;margin-bottom:0;margin-left:0;margin-right:0;\" class=\"has-link-color ticss-8292264e wp-elements-0d6c45226271d9ca79f66c09b48bf47a wp-block-post-title has-text-color has-ast-global-color-2-color has-medium-font-size\"><a href=\"https:\/\/escoladigital.madeira.gov.pt\/ebsscruz\/2025\/11\/04\/autor-do-mes-novembro\/\" target=\"_blank\" >Autor do M\u00eas &#8211; Novembro<\/a><\/h2><\/div>\n\n\n<div class=\"wp-block-post-excerpt\"><p class=\"wp-block-post-excerpt__excerpt\">Nobel da Literatura distingue L\u00e1szl\u00f3 Krasznahorkai O Pr\u00e9mio Nobel de Literatura de 2025 \u00e9 concedido a L\u00e1szl\u00f3 Krasznahorkai &#8220;pela sua [&hellip;] <\/p><\/div>\n<\/li><li class=\"wp-block-post post-4412 post type-post status-publish format-standard hentry category-noticiasbiblioteca category-pp\">\n\n<p><\/p>\n\n\n\n<div class=\"wp-block-group is-layout-constrained wp-block-group-is-layout-constrained\"><h2 style=\"text-transform:none; padding-top:var(--wp--preset--spacing--20);padding-bottom:var(--wp--preset--spacing--20);padding-left:var(--wp--preset--spacing--20);padding-right:var(--wp--preset--spacing--20);margin-top:0;margin-bottom:0;margin-left:0;margin-right:0;\" class=\"has-link-color ticss-8292264e wp-elements-0d6c45226271d9ca79f66c09b48bf47a wp-block-post-title has-text-color has-ast-global-color-2-color has-medium-font-size\"><a href=\"https:\/\/escoladigital.madeira.gov.pt\/ebsscruz\/2025\/10\/31\/%f0%9f%a5%96-pao-por-deus-%f0%9f%8d%ac\/\" target=\"_blank\" >\ud83c\udf30 P\u00e3o por Deus \ud83c\udf6c<\/a><\/h2><\/div>\n\n\n<div class=\"wp-block-post-excerpt\"><p class=\"wp-block-post-excerpt__excerpt\">A Biblioteca Escolar encontra-se decorada para celebrar a tradi\u00e7\u00e3o do P\u00e3o por Deus, uma das mais antigas e queridas tradi\u00e7\u00f5es [&hellip;] <\/p><\/div>\n<\/li><li class=\"wp-block-post post-4407 post type-post status-publish format-standard hentry category-noticiasbiblioteca category-pp\">\n\n<p><\/p>\n\n\n\n<div class=\"wp-block-group is-layout-constrained wp-block-group-is-layout-constrained\"><h2 style=\"text-transform:none; padding-top:var(--wp--preset--spacing--20);padding-bottom:var(--wp--preset--spacing--20);padding-left:var(--wp--preset--spacing--20);padding-right:var(--wp--preset--spacing--20);margin-top:0;margin-bottom:0;margin-left:0;margin-right:0;\" class=\"has-link-color ticss-8292264e wp-elements-0d6c45226271d9ca79f66c09b48bf47a wp-block-post-title has-text-color has-ast-global-color-2-color has-medium-font-size\"><a href=\"https:\/\/escoladigital.madeira.gov.pt\/ebsscruz\/2025\/10\/31\/semana-da-biblioteca-escolar\/\" target=\"_blank\" >Semana da Biblioteca Escolar<\/a><\/h2><\/div>\n\n\n<div class=\"wp-block-post-excerpt\"><p class=\"wp-block-post-excerpt__excerpt\">No \u00e2mbito da Semana da Biblioteca Escolar, ao longo da semana, os alunos dos 2.\u00ba e 3.\u00ba ciclos tiveram a [&hellip;] <\/p><\/div>\n<\/li><li class=\"wp-block-post post-4251 post type-post status-publish format-standard hentry category-noticiasbiblioteca category-pp\">\n\n<p><\/p>\n\n\n\n<div class=\"wp-block-group is-layout-constrained wp-block-group-is-layout-constrained\"><h2 style=\"text-transform:none; padding-top:var(--wp--preset--spacing--20);padding-bottom:var(--wp--preset--spacing--20);padding-left:var(--wp--preset--spacing--20);padding-right:var(--wp--preset--spacing--20);margin-top:0;margin-bottom:0;margin-left:0;margin-right:0;\" class=\"has-link-color ticss-8292264e wp-elements-0d6c45226271d9ca79f66c09b48bf47a wp-block-post-title has-text-color has-ast-global-color-2-color has-medium-font-size\"><a href=\"https:\/\/escoladigital.madeira.gov.pt\/ebsscruz\/2025\/10\/27\/%f0%9f%93%9asemana-da-biblioteca-escolar\/\" target=\"_blank\" >\ud83d\udcdaSemana da Biblioteca Escolar<\/a><\/h2><\/div>\n\n\n<div class=\"wp-block-post-excerpt\"><p class=\"wp-block-post-excerpt__excerpt\">\ud83d\udcc6Entre os dias 27 e 31 de outubro, a biblioteca da escola comemora a Semana da Biblioteca Escolar, que integra [&hellip;] <\/p><\/div>\n<\/li><li class=\"wp-block-post post-4050 post type-post status-publish format-standard hentry category-noticiasbiblioteca\">\n\n<p><\/p>\n\n\n\n<div class=\"wp-block-group is-layout-constrained wp-block-group-is-layout-constrained\"><h2 style=\"text-transform:none; padding-top:var(--wp--preset--spacing--20);padding-bottom:var(--wp--preset--spacing--20);padding-left:var(--wp--preset--spacing--20);padding-right:var(--wp--preset--spacing--20);margin-top:0;margin-bottom:0;margin-left:0;margin-right:0;\" class=\"has-link-color ticss-8292264e wp-elements-0d6c45226271d9ca79f66c09b48bf47a wp-block-post-title has-text-color has-ast-global-color-2-color has-medium-font-size\"><a href=\"https:\/\/escoladigital.madeira.gov.pt\/ebsscruz\/2025\/10\/03\/a-implantacao-da-republica\/\" target=\"_blank\" >A Implanta\u00e7\u00e3o da Rep\u00fablica<\/a><\/h2><\/div>\n\n\n<div class=\"wp-block-post-excerpt\"><p class=\"wp-block-post-excerpt__excerpt\">Na madrugada de 4 de Outubro de 1910, iniciou-se, em Lisboa, a revolu\u00e7\u00e3o republicana. Foi a primeira grande revolu\u00e7\u00e3o portuguesa [&hellip;] <\/p><\/div>\n<\/li><li class=\"wp-block-post post-3863 post type-post status-publish format-standard hentry category-noticiasbiblioteca category-pp\">\n\n<p><\/p>\n\n\n\n<div class=\"wp-block-group is-layout-constrained wp-block-group-is-layout-constrained\"><h2 style=\"text-transform:none; padding-top:var(--wp--preset--spacing--20);padding-bottom:var(--wp--preset--spacing--20);padding-left:var(--wp--preset--spacing--20);padding-right:var(--wp--preset--spacing--20);margin-top:0;margin-bottom:0;margin-left:0;margin-right:0;\" class=\"has-link-color ticss-8292264e wp-elements-0d6c45226271d9ca79f66c09b48bf47a wp-block-post-title has-text-color has-ast-global-color-2-color has-medium-font-size\"><a href=\"https:\/\/escoladigital.madeira.gov.pt\/ebsscruz\/2025\/09\/10\/%f0%9f%93%9a%e2%9c%a8-regresso-as-aulas-na-escola-basica-e-secundaria-de-santa-cruz-%e2%9c%a8%f0%9f%93%9a\/\" target=\"_blank\" >\ud83d\udcda\u2728 Regresso \u00e0s Aulas na Escola B\u00e1sica e Secund\u00e1ria de Santa Cruz \u2728\ud83d\udcda<\/a><\/h2><\/div>\n\n\n<div class=\"wp-block-post-excerpt\"><p class=\"wp-block-post-excerpt__excerpt\">A Escola B\u00e1sica e Secund\u00e1ria de Santa Cruz abriu novamente as suas portas para receber os alunos, professores e toda [&hellip;] <\/p><\/div>\n<\/li><\/ul>\n\n\n\n<\/div>\n<\/div>\n<\/div>\n<\/div><\/div>\n\n\n\n<p><\/p>\n","protected":false},"excerpt":{"rendered":"","protected":false},"author":37,"featured_media":0,"parent":0,"menu_order":0,"comment_status":"closed","ping_status":"closed","template":"","meta":{"site-sidebar-layout":"default","site-content-layout":"","ast-site-content-layout":"default","site-content-style":"default","site-sidebar-style":"default","ast-global-header-display":"","ast-banner-title-visibility":"","ast-main-header-display":"","ast-hfb-above-header-display":"","ast-hfb-below-header-display":"","ast-hfb-mobile-header-display":"","site-post-title":"","ast-breadcrumbs-content":"","ast-featured-img":"","footer-sml-layout":"","ast-disable-related-posts":"","theme-transparent-header-meta":"","adv-header-id-meta":"","stick-header-meta":"","header-above-stick-meta":"","header-main-stick-meta":"","header-below-stick-meta":"","astra-migrate-meta-layouts":"default","ast-page-background-enabled":"default","ast-page-background-meta":{"desktop":{"background-color":"var(--ast-global-color-4)","background-image":"","background-repeat":"repeat","background-position":"center center","background-size":"auto","background-attachment":"scroll","background-type":"","background-media":"","overlay-type":"","overlay-color":"","overlay-opacity":"","overlay-gradient":""},"tablet":{"background-color":"","background-image":"","background-repeat":"repeat","background-position":"center center","background-size":"auto","background-attachment":"scroll","background-type":"","background-media":"","overlay-type":"","overlay-color":"","overlay-opacity":"","overlay-gradient":""},"mobile":{"background-color":"","background-image":"","background-repeat":"repeat","background-position":"center center","background-size":"auto","background-attachment":"scroll","background-type":"","background-media":"","overlay-type":"","overlay-color":"","overlay-opacity":"","overlay-gradient":""}},"ast-content-background-meta":{"desktop":{"background-color":"var(--ast-global-color-5)","background-image":"","background-repeat":"repeat","background-position":"center center","background-size":"auto","background-attachment":"scroll","background-type":"","background-media":"","overlay-type":"","overlay-color":"","overlay-opacity":"","overlay-gradient":""},"tablet":{"background-color":"var(--ast-global-color-5)","background-image":"","background-repeat":"repeat","background-position":"center center","background-size":"auto","background-attachment":"scroll","background-type":"","background-media":"","overlay-type":"","overlay-color":"","overlay-opacity":"","overlay-gradient":""},"mobile":{"background-color":"var(--ast-global-color-5)","background-image":"","background-repeat":"repeat","background-position":"center center","background-size":"auto","background-attachment":"scroll","background-type":"","background-media":"","overlay-type":"","overlay-color":"","overlay-opacity":"","overlay-gradient":""}},"_themeisle_gutenberg_block_has_review":false,"footnotes":""},"class_list":["post-1083","page","type-page","status-publish","hentry"],"_links":{"self":[{"href":"https:\/\/escoladigital.madeira.gov.pt\/ebsscruz\/wp-json\/wp\/v2\/pages\/1083","targetHints":{"allow":["GET"]}}],"collection":[{"href":"https:\/\/escoladigital.madeira.gov.pt\/ebsscruz\/wp-json\/wp\/v2\/pages"}],"about":[{"href":"https:\/\/escoladigital.madeira.gov.pt\/ebsscruz\/wp-json\/wp\/v2\/types\/page"}],"author":[{"embeddable":true,"href":"https:\/\/escoladigital.madeira.gov.pt\/ebsscruz\/wp-json\/wp\/v2\/users\/37"}],"replies":[{"embeddable":true,"href":"https:\/\/escoladigital.madeira.gov.pt\/ebsscruz\/wp-json\/wp\/v2\/comments?post=1083"}],"version-history":[{"count":14,"href":"https:\/\/escoladigital.madeira.gov.pt\/ebsscruz\/wp-json\/wp\/v2\/pages\/1083\/revisions"}],"predecessor-version":[{"id":3857,"href":"https:\/\/escoladigital.madeira.gov.pt\/ebsscruz\/wp-json\/wp\/v2\/pages\/1083\/revisions\/3857"}],"wp:attachment":[{"href":"https:\/\/escoladigital.madeira.gov.pt\/ebsscruz\/wp-json\/wp\/v2\/media?parent=1083"}],"curies":[{"name":"wp","href":"https:\/\/api.w.org\/{rel}","templated":true}]}}