{"id":1715,"date":"2025-01-22T14:55:59","date_gmt":"2025-01-22T14:55:59","guid":{"rendered":"https:\/\/escoladigital.madeira.gov.pt\/ebsscruz\/?page_id=1715"},"modified":"2026-03-19T16:30:44","modified_gmt":"2026-03-19T16:30:44","slug":"publicacoes-obrigatorias","status":"publish","type":"page","link":"https:\/\/escoladigital.madeira.gov.pt\/ebsscruz\/publicacoes-obrigatorias\/","title":{"rendered":"\ud83d\udce2Publica\u00e7\u00f5es obrigat\u00f3rias"},"content":{"rendered":"\n<div>\n    <h1 style=\"text-align: center;padding: 20px 0;background-color: #f0f5ff;border-bottom: 3px solid #207cca\">\n      \ud83d\udcc4 Publica\u00e7\u00f5es Obrigat\u00f3rias\n    <\/h1>\n    <p style=\"text-align: center;font-size: 1.1em;margin-bottom: 20px\">\n     Documentos oficiais dispon\u00edveis para consulta\nNos termos da Lei n.\u00ba 8\/2012, de 21 de fevereiro, os dirigentes das entidades p\u00fablicas devem declarar, no prazo legalmente estabelecido e de forma anual, a regularidade dos compromissos plurianuais, bem como dos pagamentos e recebimentos em atraso, reportados a 31 de dezembro do ano anterior, assegurando o cumprimento da disciplina or\u00e7amental.\n    <\/p>\n\n    \n        <div style=\"display: grid;grid-template-columns: repeat(auto-fit, minmax(280px, 1fr));gap: 20px;margin: 20px 0\">\n            <div style=\"background: white;padding: 20px;border-radius: 8px;border-top: 4px solid #764ba2\">\n                <h4 style=\"color: #667eea;margin-bottom: 10px;margin-top: 0;font-size: 1.2em\">\ud83d\udcdd Declara\u00e7\u00e3o de compromissos plurianuais <\/h4>\n              <ul>\n                <li> <a href=\"https:\/\/escoladigital.madeira.gov.pt\/ebsscruz\/wp-content\/uploads\/sites\/6\/2025\/01\/Declaracao_Lei_8-2012-compromissos-plurianuais_2024.pdf\" class=\"doc-button\" target=\"_blank\" rel=\"noopener noreferrer\"> 2024<\/a><\/li>\n                    <li> <a href=\"https:\/\/escoladigital.madeira.gov.pt\/ebsscruz\/wp-content\/uploads\/sites\/6\/2026\/03\/Declaracao_Lei_8-2012-Pagamentos-em-atraso_2025-1.pdf\" class=\"doc-button\" target=\"_blank\" rel=\"noopener noreferrer\"> 2025<\/a><\/li>\n                    \n                    <\/ul>\n                <\/div>\n            <div style=\"background: white;padding: 20px;border-radius: 8px;border-top: 4px solid #764ba2\">\n                <h4 style=\"color: #667eea;margin-bottom: 10px;margin-top: 0;font-size: 1.2em\">\ud83d\udcdc Declara\u00e7\u00e3o de pagamentos em atraso<\/h4>\n                <ul>\n                       <li> <a href=\"https:\/\/escoladigital.madeira.gov.pt\/ebsscruz\/wp-content\/uploads\/sites\/6\/2025\/01\/Declaracao_Lei_8-2012-Pagamentos-em-atraso_2024.pdf\" class=\"doc-button\" target=\"_blank\" rel=\"noopener noreferrer\">2024<\/a><\/li>\n                       <li> <a href=\"https:\/\/escoladigital.madeira.gov.pt\/ebsscruz\/wp-content\/uploads\/sites\/6\/2025\/11\/Codigo-de-Conduta-EBSSC-1.pdf\" class=\"doc-button\" target=\"_blank\" rel=\"noopener noreferrer\">2025<\/a><\/li>\n <ul>\n                   <\/ul>\n                    <\/ul>\n                <\/div>\n            <div style=\"background: white;padding: 20px;border-radius: 8px;border-top: 4px solid #764ba2\">\n                <h4 style=\"color: #667eea;margin-bottom: 10px;margin-top: 0;font-size: 1.2em\">\ud83d\udcdd Declara\u00e7\u00e3o de recebimentos em atraso<\/h4>\n               <ul> \n                     <li> <a href=\"https:\/\/escoladigital.madeira.gov.pt\/ebsscruz\/wp-content\/uploads\/sites\/6\/2025\/01\/Declaracao_Lei_8-2012-Recebimentos-em-atraso_2024.pdf\" class=\"doc-button\" target=\"_blank\" rel=\"noopener noreferrer\"> 2024<\/a><\/li>\n                    <li> <a href=\"https:\/\/escoladigital.madeira.gov.pt\/ebsscruz\/wp-content\/uploads\/sites\/6\/2026\/03\/Declaracao_Lei_8-2012-Recebimentos-em-atraso_2025.pdf\" class=\"doc-button\" target=\"_blank\" rel=\"noopener noreferrer\"> 2025 <\/a><\/li>\n                                                         \n                    <\/ul>\n                <\/div>\n                         \n            <\/div>\n    <\/div>\n","protected":false},"excerpt":{"rendered":"<p>\ud83d\udcc4 Publica\u00e7\u00f5es Obrigat\u00f3rias Documentos oficiais dispon\u00edveis para consulta Nos termos da Lei n.\u00ba 8\/2012, de 21 de fevereiro, os dirigentes [&hellip;]<\/p>\n","protected":false},"author":37,"featured_media":0,"parent":0,"menu_order":0,"comment_status":"closed","ping_status":"closed","template":"","meta":{"site-sidebar-layout":"default","site-content-layout":"","ast-site-content-layout":"default","site-content-style":"default","site-sidebar-style":"default","ast-global-header-display":"","ast-banner-title-visibility":"","ast-main-header-display":"","ast-hfb-above-header-display":"","ast-hfb-below-header-display":"","ast-hfb-mobile-header-display":"","site-post-title":"disabled","ast-breadcrumbs-content":"","ast-featured-img":"","footer-sml-layout":"","ast-disable-related-posts":"","theme-transparent-header-meta":"","adv-header-id-meta":"","stick-header-meta":"","header-above-stick-meta":"","header-main-stick-meta":"","header-below-stick-meta":"","astra-migrate-meta-layouts":"default","ast-page-background-enabled":"default","ast-page-background-meta":{"desktop":{"background-color":"var(--ast-global-color-4)","background-image":"","background-repeat":"repeat","background-position":"center center","background-size":"auto","background-attachment":"scroll","background-type":"","background-media":"","overlay-type":"","overlay-color":"","overlay-opacity":"","overlay-gradient":""},"tablet":{"background-color":"","background-image":"","background-repeat":"repeat","background-position":"center center","background-size":"auto","background-attachment":"scroll","background-type":"","background-media":"","overlay-type":"","overlay-color":"","overlay-opacity":"","overlay-gradient":""},"mobile":{"background-color":"","background-image":"","background-repeat":"repeat","background-position":"center center","background-size":"auto","background-attachment":"scroll","background-type":"","background-media":"","overlay-type":"","overlay-color":"","overlay-opacity":"","overlay-gradient":""}},"ast-content-background-meta":{"desktop":{"background-color":"var(--ast-global-color-5)","background-image":"","background-repeat":"repeat","background-position":"center center","background-size":"auto","background-attachment":"scroll","background-type":"","background-media":"","overlay-type":"","overlay-color":"","overlay-opacity":"","overlay-gradient":""},"tablet":{"background-color":"var(--ast-global-color-5)","background-image":"","background-repeat":"repeat","background-position":"center center","background-size":"auto","background-attachment":"scroll","background-type":"","background-media":"","overlay-type":"","overlay-color":"","overlay-opacity":"","overlay-gradient":""},"mobile":{"background-color":"var(--ast-global-color-5)","background-image":"","background-repeat":"repeat","background-position":"center center","background-size":"auto","background-attachment":"scroll","background-type":"","background-media":"","overlay-type":"","overlay-color":"","overlay-opacity":"","overlay-gradient":""}},"_themeisle_gutenberg_block_has_review":false,"footnotes":""},"class_list":["post-1715","page","type-page","status-publish","hentry"],"_links":{"self":[{"href":"https:\/\/escoladigital.madeira.gov.pt\/ebsscruz\/wp-json\/wp\/v2\/pages\/1715","targetHints":{"allow":["GET"]}}],"collection":[{"href":"https:\/\/escoladigital.madeira.gov.pt\/ebsscruz\/wp-json\/wp\/v2\/pages"}],"about":[{"href":"https:\/\/escoladigital.madeira.gov.pt\/ebsscruz\/wp-json\/wp\/v2\/types\/page"}],"author":[{"embeddable":true,"href":"https:\/\/escoladigital.madeira.gov.pt\/ebsscruz\/wp-json\/wp\/v2\/users\/37"}],"replies":[{"embeddable":true,"href":"https:\/\/escoladigital.madeira.gov.pt\/ebsscruz\/wp-json\/wp\/v2\/comments?post=1715"}],"version-history":[{"count":15,"href":"https:\/\/escoladigital.madeira.gov.pt\/ebsscruz\/wp-json\/wp\/v2\/pages\/1715\/revisions"}],"predecessor-version":[{"id":5786,"href":"https:\/\/escoladigital.madeira.gov.pt\/ebsscruz\/wp-json\/wp\/v2\/pages\/1715\/revisions\/5786"}],"wp:attachment":[{"href":"https:\/\/escoladigital.madeira.gov.pt\/ebsscruz\/wp-json\/wp\/v2\/media?parent=1715"}],"curies":[{"name":"wp","href":"https:\/\/api.w.org\/{rel}","templated":true}]}}