{"id":2373,"date":"2025-04-16T08:36:49","date_gmt":"2025-04-16T08:36:49","guid":{"rendered":"https:\/\/escoladigital.madeira.gov.pt\/ebsscruz\/?page_id=2373"},"modified":"2026-01-14T16:34:28","modified_gmt":"2026-01-14T16:34:28","slug":"noticias-pais","status":"publish","type":"page","link":"https:\/\/escoladigital.madeira.gov.pt\/ebsscruz\/noticias-pais\/","title":{"rendered":"Not\u00edcias para Encarregados de Educa\u00e7\u00e3o"},"content":{"rendered":"\n<section style=\"margin: 50px 0;padding: 20px;background-color: #f0fdf4;border-radius: 12px\">\n  <h2 style=\"font-size: 1.8rem;color: #1b5e20;text-align: center;margin-bottom: 30px;border-bottom: 3px solid #388e3c;padding-bottom: 10px\">\n    \ud83d\udce2 Todas as Not\u00edcias para Encarregados de Educa\u00e7\u00e3o\n  <\/h2>\n  <!-- Janeiro 2026 -->\n  <div style=\"margin-top: 40px;margin-bottom: 20px;background-color: #e6f4ea;border-left: 6px solid #2e7d32;padding: 10px 15px;border-radius: 8px\">\n    <h3 style=\"margin: 0;font-size: 1.3rem;color: #1b5e20\">\ud83d\uddd3\ufe0f Janeiro 2026<\/h3>\n  <\/div>\n  <!-- Not\u00edcia: T\u00e9rmino das Aulas -->\n  <div id=\"noticia-termino-aulas\" style=\"background: #ffffff;border: 2px solid #66bb6a;border-radius: 12px;padding: 25px;margin-bottom: 30px\">\n    <div style=\"font-weight: bold;color: #2e7d32;font-size: 1rem;margin-bottom: 8px\">\ud83d\udcc5 Publicado: 14 de janeiro de 2026<\/div>\n    <h3 style=\"font-size: 1.4rem;color: #1b5e20;margin: 12px 0\">\ud83d\uded1 T\u00c9RMINO DAS AULAS &#8211; 14 JANEIRO &#8211; 16H40<\/h3>\n    <p style=\"font-size: 1rem;color: #333333\">\n      Informa-se que, tendo em conta o edital emitido pela <strong>C\u00e2mara Municipal de Santa Cruz<\/strong> a informar que os transportes p\u00fablicos n\u00e3o poder\u00e3o circular no centro de Santa Cruz devido \u00e0 realiza\u00e7\u00e3o das <strong>Festas de Santo Amaro<\/strong>, as aulas de hoje terminam \u00e0s <strong>16h40<\/strong>.\n    <\/p>\n    <p style=\"font-size: 1rem;color: #333333;margin-top: 10px\">\n      Mais se informa que a partir das <strong>16h30<\/strong> os alunos que v\u00e3o de autocarro ter\u00e3o de se dirigir at\u00e9 \u00e0 rotunda de Santo Amaro.\n    <\/p>\n  <\/div>\n  <!-- Agosto 2025 -->\n  <div style=\"margin-top: 40px;margin-bottom: 20px;background-color: #e6f4ea;border-left: 6px solid #2e7d32;padding: 10px 15px;border-radius: 8px\">\n    <h3 style=\"margin: 0;font-size: 1.3rem;color: #1b5e20\">\ud83d\uddd3\ufe0f Agosto 2025<\/h3>\n  <\/div>\n\n  <!-- Not\u00edcia: In\u00edcio do ano letivo -->\n  <div id=\"noticia-inicio-ano\" style=\"background: #ffffff;border: 2px solid #66bb6a;border-radius: 12px;padding: 25px;margin-bottom: 30px\">\n    <div style=\"font-weight: bold;color: #2e7d32;font-size: 1rem;margin-bottom: 8px\">\ud83d\udcc5 Publicado: 18 de agosto de 2025<\/div>\n    <h3 style=\"font-size: 1.4rem;color: #1b5e20;margin: 12px 0\">\ud83d\udcda Preparar com Sucesso o In\u00edcio do Ano Letivo 2025\/2026<\/h3>\n    <p style=\"font-size: 1rem;color: #333333\">Caros Encarregados de Educa\u00e7\u00e3o, est\u00e1 a chegar um novo ano escolar cheio de desafios e oportunidades! Abaixo encontra toda a informa\u00e7\u00e3o essencial para garantir um regresso tranquilo \u00e0s aulas.<\/p>\n    \n    <details style=\"margin-top: 15px\">\n      <summary style=\"color:#2e7d32;font-weight: bold;text-decoration: underline;cursor: pointer\">\ud83d\udcdd Clique aqui para ver todos os detalhes<\/summary>\n      <div style=\"margin-top: 15px\">\n\n        <p style=\"font-size: 1rem;color: #333333\"><strong>1.\u00ba \u2013 A\u00e7\u00e3o Social Escolar (ASE)<\/strong><br>\n        \ud83d\udccc <strong>Afixa\u00e7\u00e3o dos escal\u00f5es ASE:<\/strong> <mark style=\"background-color: #e8f5e9\">12 de agosto de 2025<\/mark><br>\n        \ud83d\udcec <em>Pedidos de revis\u00e3o do escal\u00e3o:<\/em> at\u00e9 <strong>27 de agosto de 2025<\/strong><br><br>\n        \ud83d\udcb3 <strong>Pagamentos de almo\u00e7os e lanches:<\/strong><br>\n        \u25b8 <strong>04 de setembro<\/strong> \u2013 5.\u00ba e 6.\u00ba anos<br>\n        \u25b8 <strong>05 de setembro<\/strong> \u2013 7.\u00ba e 8.\u00ba anos<br>\n        \u25b8 <strong>08 de setembro<\/strong> \u2013 9.\u00ba ano, CEF e Secund\u00e1rio<br><br>\n        \ud83d\udd58 <strong>Hor\u00e1rio de atendimento da A\u00e7\u00e3o Social:<\/strong> das <strong>9h00 \u00e0s 16h30<\/strong> (sem interrup\u00e7\u00e3o para almo\u00e7o)<\/p>\n\n        <p style=\"font-size: 1rem;color: #333333\"><strong>2.\u00ba \u2013 Afixa\u00e7\u00e3o das Turmas:<\/strong> <mark style=\"background-color: #e8f5e9\">29 de agosto de 2025<\/mark><\/p>\n        \n        <p style=\"font-size: 1rem;color: #333333\"><strong>3.\u00ba \u2013 Afixa\u00e7\u00e3o dos Hor\u00e1rios das Turmas:<\/strong> <mark style=\"background-color: #e8f5e9\">2 de setembro de 2025<\/mark><\/p>\n\n        <p style=\"font-size: 1rem;color: #333333\"><strong>4.\u00ba \u2013 Reuni\u00e3o com Encarregados de Educa\u00e7\u00e3o e Alunos do 5.\u00ba ano: <\/strong><mark style=\"background-color: #e8f5e9\">9 de setembro de 2025<\/mark> <br>\n        \ud83d\udccd Sala de Sess\u00f5es<br>\n        \u25b8 5.\u00ba A e 5.\u00ba B \u2013 09h00<br>\n        \u25b8 5.\u00ba C \u2013 10h00<br>\n        \u25b8 5.\u00ba D e 5.\u00ba E \u2013 11h00<br>\n        \ud83d\udc49 Um momento importante para esclarecer d\u00favidas e receber orienta\u00e7\u00f5es!<\/p>\n\n        <p style=\"font-size: 1rem;color: #333333\"><strong>5.\u00ba \u2013 In\u00edcio das Aulas:<\/strong><br>\n        \ud83d\udcc6 <strong>10 de setembro de 2025<\/strong><br>\n        \ud83c\udfeb Para todos os anos de escolaridade, incluindo os <strong>Cursos EFA (Noturno)<\/strong><\/p>\n\n        <p style=\"font-size: 1rem;color: #333333\"><em>Contamos com a vossa colabora\u00e7\u00e3o para um arranque sereno, organizado e motivador!<\/em><\/p>\n\n        <p style=\"font-size: 1rem;color: #2e7d32\"><em>O Conselho Executivo,<br>Teresa Mata<\/em><\/p>\n      <\/div>\n    <\/details>\n  <\/div>\n\n  <!-- Not\u00edcia: Calend\u00e1rio Escolar -->\n  <div id=\"noticia-calendario-escolar\" style=\"background: #ffffff;border: 2px solid #66bb6a;border-radius: 12px;padding: 25px;margin-bottom: 30px\">\n    <div style=\"font-weight: bold;color: #2e7d32;font-size: 1rem;margin-bottom: 8px\">\ud83d\udcc5 Publicado: 18 de agosto de 2025<\/div>\n    <h3 style=\"font-size: 1.4rem;color: #1b5e20;margin: 12px 0\">\ud83d\uddd3\ufe0f Calend\u00e1rio Escolar 2025\/2026<\/h3>\n    <p style=\"font-size: 1rem;color: #333333\">\n      Est\u00e1 dispon\u00edvel o <strong>calend\u00e1rio letivo oficial<\/strong> para o ano 2025\/2026. Consulte os <strong>per\u00edodos letivos<\/strong>, <strong>interrup\u00e7\u00f5es escolares<\/strong> e <strong>feriados<\/strong> da Escola B\u00e1sica e Secund\u00e1ria de Santa Cruz.\n    <\/p>\n    <p style=\"font-size: 1rem;margin-top: 15px\">\n      \ud83d\udcce <a href=\"https:\/\/escoladigital.madeira.gov.pt\/ebsscruz\/wp-content\/uploads\/sites\/6\/2025\/09\/calendario-final.png\" target=\"_blank\" rel=\"noopener noreferrer\" style=\"color: #2e7d32;font-weight: bold;text-decoration: underline\">\n        Clicar aqui para ver o Calend\u00e1rio Escolar 2025\/2026\n      <\/a>\n    <\/p>\n  <\/div>\n\n  <!-- Not\u00edcia: Exames e Provas -->\n  <div id=\"noticia-exames-provas\" style=\"background: #ffffff;border: 2px solid #66bb6a;border-radius: 12px;padding: 25px;margin-bottom: 30px\">\n    <div style=\"font-weight: bold;color: #2e7d32;font-size: 1rem;margin-bottom: 8px\">\ud83d\udcc5 Publicado: 18 de agosto de 2025<\/div>\n    <h3 style=\"font-size: 1.4rem;color: #1b5e20;margin: 12px 0\">\ud83e\uddea Exames e Provas 2025\/2026<\/h3>\n    <p style=\"font-size: 1rem;color: #333333\">\n      Est\u00e1 dispon\u00edvel a <strong>calendariza\u00e7\u00e3o das provas de monitoriza\u00e7\u00e3o (4.\u00ba e 6.\u00ba ano)<\/strong>, <strong>provas finais de 9.\u00ba ano<\/strong> e <strong>exames nacionais do ensino secund\u00e1rio<\/strong>.\n    <\/p>\n    <p style=\"font-size: 1rem;color: #2e7d32\">\n      \ud83d\udd17 <a href=\"https:\/\/escoladigital.madeira.gov.pt\/ebsscruz\/calendarizacao-exames-e-provas\/\" target=\"_blank\" rel=\"noopener noreferrer\" style=\"color:#2e7d32;text-decoration: underline;font-weight: bold\">\n        Ver todas as datas dos exames e provas\n      <\/a>\n    <\/p>\n  <\/div>\n\n  <!-- Not\u00edcia: Lista de Material 5.\u00ba Ano -->\n  <div id=\"noticia-material-5ano\" style=\"background: #ffffff;border: 2px solid #66bb6a;border-radius: 12px;padding: 25px;margin-bottom: 30px\">\n    <div style=\"font-weight: bold;color: #2e7d32;font-size: 1rem;margin-bottom: 8px\">\ud83d\udcc5 Publicado: 20 de agosto de 2025<\/div>\n    <h3 style=\"font-size: 1.4rem;color: #1b5e20;margin: 12px 0\">\ud83d\udcdd Lista de Material Escolar \u2013 5.\u00ba Ano<\/h3>\n    <p style=\"font-size: 1rem;color: #333333\">\n      J\u00e1 est\u00e1 dispon\u00edvel a <strong>lista de material escolar<\/strong> necess\u00e1ria para os alunos do <strong>5.\u00ba ano<\/strong>.  \n    <\/p>\n    <p style=\"font-size: 1rem;color: #2e7d32\">\n      \ud83d\udcce <a href=\"https:\/\/escoladigital.madeira.gov.pt\/ebsscruz\/wp-content\/uploads\/sites\/6\/2025\/08\/Lista-de-Material-Escolar-5.o-Ano_final.png\" target=\"_blank\" rel=\"noopener noreferrer\" style=\"color:#2e7d32;text-decoration: underline;font-weight: bold\">\n        Clicar aqui para ver o Cartaz com a Lista de Material\n      <\/a>\n    <\/p>\n  <\/div>\n<\/section>\n","protected":false},"excerpt":{"rendered":"<p>\ud83d\udce2 Todas as Not\u00edcias para Encarregados de Educa\u00e7\u00e3o \ud83d\uddd3\ufe0f Janeiro 2026 \ud83d\udcc5 Publicado: 14 de janeiro de 2026 \ud83d\uded1 T\u00c9RMINO [&hellip;]<\/p>\n","protected":false},"author":89,"featured_media":0,"parent":0,"menu_order":0,"comment_status":"closed","ping_status":"closed","template":"","meta":{"site-sidebar-layout":"default","site-content-layout":"","ast-site-content-layout":"default","site-content-style":"default","site-sidebar-style":"default","ast-global-header-display":"","ast-banner-title-visibility":"","ast-main-header-display":"","ast-hfb-above-header-display":"","ast-hfb-below-header-display":"","ast-hfb-mobile-header-display":"","site-post-title":"","ast-breadcrumbs-content":"","ast-featured-img":"","footer-sml-layout":"","ast-disable-related-posts":"","theme-transparent-header-meta":"","adv-header-id-meta":"","stick-header-meta":"","header-above-stick-meta":"","header-main-stick-meta":"","header-below-stick-meta":"","astra-migrate-meta-layouts":"default","ast-page-background-enabled":"default","ast-page-background-meta":{"desktop":{"background-color":"var(--ast-global-color-4)","background-image":"","background-repeat":"repeat","background-position":"center center","background-size":"auto","background-attachment":"scroll","background-type":"","background-media":"","overlay-type":"","overlay-color":"","overlay-opacity":"","overlay-gradient":""},"tablet":{"background-color":"","background-image":"","background-repeat":"repeat","background-position":"center center","background-size":"auto","background-attachment":"scroll","background-type":"","background-media":"","overlay-type":"","overlay-color":"","overlay-opacity":"","overlay-gradient":""},"mobile":{"background-color":"","background-image":"","background-repeat":"repeat","background-position":"center center","background-size":"auto","background-attachment":"scroll","background-type":"","background-media":"","overlay-type":"","overlay-color":"","overlay-opacity":"","overlay-gradient":""}},"ast-content-background-meta":{"desktop":{"background-color":"var(--ast-global-color-5)","background-image":"","background-repeat":"repeat","background-position":"center center","background-size":"auto","background-attachment":"scroll","background-type":"","background-media":"","overlay-type":"","overlay-color":"","overlay-opacity":"","overlay-gradient":""},"tablet":{"background-color":"var(--ast-global-color-5)","background-image":"","background-repeat":"repeat","background-position":"center center","background-size":"auto","background-attachment":"scroll","background-type":"","background-media":"","overlay-type":"","overlay-color":"","overlay-opacity":"","overlay-gradient":""},"mobile":{"background-color":"var(--ast-global-color-5)","background-image":"","background-repeat":"repeat","background-position":"center center","background-size":"auto","background-attachment":"scroll","background-type":"","background-media":"","overlay-type":"","overlay-color":"","overlay-opacity":"","overlay-gradient":""}},"_themeisle_gutenberg_block_has_review":false,"footnotes":""},"class_list":["post-2373","page","type-page","status-publish","hentry"],"_links":{"self":[{"href":"https:\/\/escoladigital.madeira.gov.pt\/ebsscruz\/wp-json\/wp\/v2\/pages\/2373","targetHints":{"allow":["GET"]}}],"collection":[{"href":"https:\/\/escoladigital.madeira.gov.pt\/ebsscruz\/wp-json\/wp\/v2\/pages"}],"about":[{"href":"https:\/\/escoladigital.madeira.gov.pt\/ebsscruz\/wp-json\/wp\/v2\/types\/page"}],"author":[{"embeddable":true,"href":"https:\/\/escoladigital.madeira.gov.pt\/ebsscruz\/wp-json\/wp\/v2\/users\/89"}],"replies":[{"embeddable":true,"href":"https:\/\/escoladigital.madeira.gov.pt\/ebsscruz\/wp-json\/wp\/v2\/comments?post=2373"}],"version-history":[{"count":29,"href":"https:\/\/escoladigital.madeira.gov.pt\/ebsscruz\/wp-json\/wp\/v2\/pages\/2373\/revisions"}],"predecessor-version":[{"id":5362,"href":"https:\/\/escoladigital.madeira.gov.pt\/ebsscruz\/wp-json\/wp\/v2\/pages\/2373\/revisions\/5362"}],"wp:attachment":[{"href":"https:\/\/escoladigital.madeira.gov.pt\/ebsscruz\/wp-json\/wp\/v2\/media?parent=2373"}],"curies":[{"name":"wp","href":"https:\/\/api.w.org\/{rel}","templated":true}]}}