{"id":2506,"date":"2025-04-22T16:03:02","date_gmt":"2025-04-22T16:03:02","guid":{"rendered":"https:\/\/escoladigital.madeira.gov.pt\/ebsscruz\/?page_id=2506"},"modified":"2025-04-22T16:19:47","modified_gmt":"2025-04-22T16:19:47","slug":"cronograma-%f0%9f%8c%8aprojeto-escola-azul","status":"publish","type":"page","link":"https:\/\/escoladigital.madeira.gov.pt\/ebsscruz\/cronograma-%f0%9f%8c%8aprojeto-escola-azul\/","title":{"rendered":"Cronograma \ud83c\udf0aProjeto Escola Azul"},"content":{"rendered":"\n<div id=\"wp-block-themeisle-blocks-timeline-ca14a666\" class=\"wp-block-themeisle-blocks-timeline ticss-ca14a666\"><div class=\"o-timeline-root\">\n<div id=\"wp-block-themeisle-blocks-timeline-item-95929fbe\" class=\"wp-block-themeisle-blocks-timeline-item\"><div class=\"o-timeline-container\"><div class=\"o-timeline-icon\"><i class=\"fas fa-circle\"><\/i><\/div><div class=\"o-timeline-content\">\n<p class=\"has-small-font-size\">Ano Letivo 2024\/2025<\/p>\n\n\n\n<h3 class=\"wp-block-heading\">\ud83d\udcc5 <strong>Linha do Tempo \u2013 Datas Importantes sobre o Mar<\/strong><\/h3>\n\n\n\n<ul class=\"wp-block-list\">\n<li>\ud83c\udf0a Aqui vai uma <strong>linha do tempo (timeline)<\/strong> com <strong>datas importantes relacionadas com o mar<\/strong>, identificando as atividades a desenvolver pelo projeto <strong>Escola Azul<\/strong> (inclui exposi\u00e7\u00f5es, apresenta\u00e7\u00f5es, entre outras atividades desenvolvidas com os alunos).<\/li>\n<\/ul>\n<\/div><\/div><\/div>\n\n\n\n<div id=\"wp-block-themeisle-blocks-timeline-item-069bbaed\" class=\"wp-block-themeisle-blocks-timeline-item\"><div class=\"o-timeline-container\"><div class=\"o-timeline-icon\"><i class=\"fas fa-circle\"><\/i><\/div><div class=\"o-timeline-content\">\n<p class=\"has-small-font-size\">\ud83d\udcc5 <strong>19 de setembro <\/strong><\/p>\n\n\n\n<h3 class=\"wp-block-heading\"><strong>Dia Internacional da Limpeza Costeira<\/strong><\/h3>\n\n\n\n<ul class=\"wp-block-list\">\n<li>Promovido por organiza\u00e7\u00f5es como a Funda\u00e7\u00e3o Oceano Azul e Ocean Conservancy<\/li>\n<\/ul>\n\n\n\n<ul class=\"wp-block-list\">\n<li>Milhares de volunt\u00e1rios recolhem lixo marinho em praias, rios e margens.<\/li>\n<\/ul>\n<\/div><\/div><\/div>\n\n\n\n<div id=\"wp-block-themeisle-blocks-timeline-item-06c056df\" class=\"wp-block-themeisle-blocks-timeline-item\"><div class=\"o-timeline-container\"><div class=\"o-timeline-icon\"><i class=\"fas fa-circle\"><\/i><\/div><div class=\"o-timeline-content\">\n<p class=\"has-small-font-size\">\ud83d\udcc5 <strong>29 de setembro<\/strong><\/p>\n\n\n\n<h3 class=\"wp-block-heading\">Dia Mar\u00edtimo Mundial<\/h3>\n\n\n\n<ul class=\"wp-block-list\">\n<li>Criado pela Organiza\u00e7\u00e3o Mar\u00edtima Internacional (IMO)<\/li>\n<\/ul>\n\n\n\n<ul class=\"wp-block-list\">\n<li>Destaca a import\u00e2ncia do transporte mar\u00edtimo para a economia mundial e seguran\u00e7a mar\u00edtima.<\/li>\n<\/ul>\n<\/div><\/div><\/div>\n\n\n\n<div id=\"wp-block-themeisle-blocks-timeline-item-aff7b662\" class=\"wp-block-themeisle-blocks-timeline-item\"><div class=\"o-timeline-container\"><div class=\"o-timeline-icon\"><i class=\"fas fa-circle\"><\/i><\/div><div class=\"o-timeline-content\">\n<p class=\"has-small-font-size\">\ud83d\udcc5 <strong>20 de maio<\/strong><\/p>\n\n\n\n<h3 class=\"wp-block-heading\">Dia Europeu do Mar<\/h3>\n\n\n\n<ul class=\"wp-block-list\">\n<li>Celebrado pela Uni\u00e3o Europeia<\/li>\n<\/ul>\n\n\n\n<ul class=\"wp-block-list\">\n<li>Refor\u00e7a o papel dos oceanos no desenvolvimento econ\u00f3mico e sustent\u00e1vel da Europa.<\/li>\n<\/ul>\n<\/div><\/div><\/div>\n\n\n\n<div id=\"wp-block-themeisle-blocks-timeline-item-99c072ab\" class=\"wp-block-themeisle-blocks-timeline-item\"><div class=\"o-timeline-container\"><div class=\"o-timeline-icon\"><i class=\"fas fa-circle\"><\/i><\/div><div class=\"o-timeline-content\">\n<p class=\"has-small-font-size\">\ud83d\udcc5 <strong>5 de junho<\/strong><\/p>\n\n\n\n<h3 class=\"wp-block-heading\">Dia Mundial do Ambiente<\/h3>\n\n\n\n<ul class=\"wp-block-list\">\n<li>Embora n\u00e3o seja exclusivo do mar, chama a aten\u00e7\u00e3o para a polui\u00e7\u00e3o marinha e o impacto ambiental nos ecossistemas costeiros.<\/li>\n<\/ul>\n<\/div><\/div><\/div>\n\n\n\n<div id=\"wp-block-themeisle-blocks-timeline-item-f5525b90\" class=\"wp-block-themeisle-blocks-timeline-item\"><div class=\"o-timeline-container\"><div class=\"o-timeline-icon\"><i class=\"fas fa-circle\"><\/i><\/div><div class=\"o-timeline-content\">\n<p class=\"has-small-font-size\">\ud83d\udcc5 <strong>8 de junho<\/strong><\/p>\n\n\n\n<h3 class=\"wp-block-heading\"><strong>Dia Mundial dos Oceano<\/strong><\/h3>\n\n\n\n<ul class=\"wp-block-list\">\n<li>Criado pela ONU em 2008<\/li>\n<\/ul>\n\n\n\n<ul class=\"wp-block-list\">\n<li>Tem como objetivo sensibilizar para a prote\u00e7\u00e3o dos oceanos e a sua import\u00e2ncia no equil\u00edbrio do planeta.<\/li>\n<\/ul>\n<\/div><\/div><\/div>\n<\/div><\/div>\n","protected":false},"excerpt":{"rendered":"","protected":false},"author":37,"featured_media":0,"parent":0,"menu_order":0,"comment_status":"closed","ping_status":"closed","template":"","meta":{"site-sidebar-layout":"default","site-content-layout":"","ast-site-content-layout":"default","site-content-style":"default","site-sidebar-style":"default","ast-global-header-display":"","ast-banner-title-visibility":"","ast-main-header-display":"","ast-hfb-above-header-display":"","ast-hfb-below-header-display":"","ast-hfb-mobile-header-display":"","site-post-title":"","ast-breadcrumbs-content":"","ast-featured-img":"","footer-sml-layout":"","ast-disable-related-posts":"","theme-transparent-header-meta":"","adv-header-id-meta":"","stick-header-meta":"","header-above-stick-meta":"","header-main-stick-meta":"","header-below-stick-meta":"","astra-migrate-meta-layouts":"default","ast-page-background-enabled":"default","ast-page-background-meta":{"desktop":{"background-color":"var(--ast-global-color-4)","background-image":"","background-repeat":"repeat","background-position":"center center","background-size":"auto","background-attachment":"scroll","background-type":"","background-media":"","overlay-type":"","overlay-color":"","overlay-opacity":"","overlay-gradient":""},"tablet":{"background-color":"","background-image":"","background-repeat":"repeat","background-position":"center center","background-size":"auto","background-attachment":"scroll","background-type":"","background-media":"","overlay-type":"","overlay-color":"","overlay-opacity":"","overlay-gradient":""},"mobile":{"background-color":"","background-image":"","background-repeat":"repeat","background-position":"center center","background-size":"auto","background-attachment":"scroll","background-type":"","background-media":"","overlay-type":"","overlay-color":"","overlay-opacity":"","overlay-gradient":""}},"ast-content-background-meta":{"desktop":{"background-color":"var(--ast-global-color-5)","background-image":"","background-repeat":"repeat","background-position":"center center","background-size":"auto","background-attachment":"scroll","background-type":"","background-media":"","overlay-type":"","overlay-color":"","overlay-opacity":"","overlay-gradient":""},"tablet":{"background-color":"var(--ast-global-color-5)","background-image":"","background-repeat":"repeat","background-position":"center center","background-size":"auto","background-attachment":"scroll","background-type":"","background-media":"","overlay-type":"","overlay-color":"","overlay-opacity":"","overlay-gradient":""},"mobile":{"background-color":"var(--ast-global-color-5)","background-image":"","background-repeat":"repeat","background-position":"center center","background-size":"auto","background-attachment":"scroll","background-type":"","background-media":"","overlay-type":"","overlay-color":"","overlay-opacity":"","overlay-gradient":""}},"_themeisle_gutenberg_block_has_review":false,"footnotes":""},"class_list":["post-2506","page","type-page","status-publish","hentry"],"_links":{"self":[{"href":"https:\/\/escoladigital.madeira.gov.pt\/ebsscruz\/wp-json\/wp\/v2\/pages\/2506","targetHints":{"allow":["GET"]}}],"collection":[{"href":"https:\/\/escoladigital.madeira.gov.pt\/ebsscruz\/wp-json\/wp\/v2\/pages"}],"about":[{"href":"https:\/\/escoladigital.madeira.gov.pt\/ebsscruz\/wp-json\/wp\/v2\/types\/page"}],"author":[{"embeddable":true,"href":"https:\/\/escoladigital.madeira.gov.pt\/ebsscruz\/wp-json\/wp\/v2\/users\/37"}],"replies":[{"embeddable":true,"href":"https:\/\/escoladigital.madeira.gov.pt\/ebsscruz\/wp-json\/wp\/v2\/comments?post=2506"}],"version-history":[{"count":3,"href":"https:\/\/escoladigital.madeira.gov.pt\/ebsscruz\/wp-json\/wp\/v2\/pages\/2506\/revisions"}],"predecessor-version":[{"id":2516,"href":"https:\/\/escoladigital.madeira.gov.pt\/ebsscruz\/wp-json\/wp\/v2\/pages\/2506\/revisions\/2516"}],"wp:attachment":[{"href":"https:\/\/escoladigital.madeira.gov.pt\/ebsscruz\/wp-json\/wp\/v2\/media?parent=2506"}],"curies":[{"name":"wp","href":"https:\/\/api.w.org\/{rel}","templated":true}]}}