{"id":2654,"date":"2025-04-30T14:30:46","date_gmt":"2025-04-30T14:30:46","guid":{"rendered":"https:\/\/escoladigital.madeira.gov.pt\/ebsscruz\/?page_id=2654"},"modified":"2025-09-29T15:35:00","modified_gmt":"2025-09-29T15:35:00","slug":"servicos-escolares","status":"publish","type":"page","link":"https:\/\/escoladigital.madeira.gov.pt\/ebsscruz\/servicos-escolares\/","title":{"rendered":"\ud83d\udece\ufe0fServi\u00e7os Escolares"},"content":{"rendered":"\n<section style=\"padding: 20px;background-color: #f9f9f9;border-radius: 12px\">\n\n  <h2 style=\"text-align: center;color: #003366;font-size: 1.8rem;border-bottom: 3px solid #0073e6;padding-bottom: 10px\">\ud83d\udd5b Servi\u00e7os EBSSC<\/h2>\n\n  <!-- Alunos-->\n  <div style=\"margin-top: 40px\">\n    <h3 style=\"color: #004080;border-left: 5px solid #0073e6;padding-left: 10px\">\ud83d\udc68\u200d\ud83c\udf93  \u00c1rea dos Alunos<\/h3>\n    <table style=\"width: 100%;border-collapse: collapse;margin-top: 10px\">\n      <tr style=\"background-color: #e6f0ff\">\n        <th style=\"padding: 10px;border: 1px solid #ccc\">Servi\u00e7o<\/th>\n        <th style=\"padding: 10px;border: 1px solid #ccc\">Hor\u00e1rio<\/th>\n      <\/tr>\n      <tr>\n        <td style=\"padding: 10px;border: 1px solid #ccc\">Bar dos Alunos (Piso 1)<\/td>\n        <td style=\"padding: 10px;border: 1px solid #ccc\">07h30 \u00e0s 12h00 | 12h30 \u00e0s 17h00<\/td>\n      <\/tr>\n      <tr>\n        <td style=\"padding: 10px;border: 1px solid #ccc\">Cantina (Piso 1)<\/td>\n        <td style=\"padding: 10px;border: 1px solid #ccc\">12h00 \u00e0s 14h15<\/td>\n      <\/tr>\n <tr>\n        <td style=\"padding: 10px;border: 1px solid #ccc\">A\u00e7\u00e3o Social (Piso 1)<\/td>\n        <td style=\"padding: 10px;border: 1px solid #ccc\">09h00 \u00e0s 16h30<\/td>\n      <\/tr>\n      <tr>\n        <td style=\"padding: 10px;border: 1px solid #ccc\">Reprografia (Piso 1)<\/td>\n        <td style=\"padding: 10px;border: 1px solid #ccc\">08h00 \u00e0s 12h00 | 13h00 \u00e0s 16h00<\/td>\n      <\/tr>\n <tr>\n        <td style=\"padding: 10px;border: 1px solid #ccc\">Biblioteca (Piso 2)<\/td>\n        <td style=\"padding: 10px;border: 1px solid #ccc\">08h30 \u00e0s 17h00<\/td>\n      <\/tr>\n <tr>\n        <td style=\"padding: 10px;border: 1px solid #ccc\">Servi\u00e7os Administrativos (Piso 2)<\/td>\n        <td style=\"padding: 10px;border: 1px solid #ccc\">09h00 \u00e0s 16h30<\/td>\n      <\/tr>\n    <\/table>\n  <\/div>\n\n  <!-- Professores -->\n   <div style=\"margin-top: 40px\">\n    <h3 style=\"color: #004080;border-left: 5px solid #0073e6;padding-left: 10px\"> \ud83d\udc68\u200d\ud83c\udfeb \u00c1rea dos Professores <\/h3>\n    <table style=\"width: 100%;border-collapse: collapse;margin-top: 10px\">\n      <tr style=\"background-color: #e6f0ff\">\n        <th style=\"padding: 10px;border: 1px solid #ccc\">Servi\u00e7o<\/th>\n        <th style=\"padding: 10px;border: 1px solid #ccc\">Hor\u00e1rio<\/th>\n      <\/tr>\n      <tr>\n\n        <td style=\"padding: 10px;border: 1px solid #ccc\">Bar dos Professores (Piso 2)<\/td>\n        <td style=\"padding: 10px;border: 1px solid #ccc\">07h30 \u00e0s 17h30<\/td>\n      <\/tr>\n      <tr>\n        <td style=\"padding: 10px;border: 1px solid #ccc\">Cantina (Piso 1)<\/td>\n        <td style=\"padding: 10px;border: 1px solid #ccc\">12h00 \u00e0s 14h15<\/td>\n      <\/tr>\n      <tr>\n        <td style=\"padding: 10px;border: 1px solid #ccc\">Reprografia (Piso 2)<\/td>\n        <td style=\"padding: 10px;border: 1px solid #ccc\">07h45 \u00e0s 18h30 | 19h00 \u00e0s 22h00<\/td>\n      <\/tr>\n      <tr>\n        <td style=\"padding: 10px;border: 1px solid #ccc\">Servi\u00e7os Administrativos (Piso 2)<\/td>\n        <td style=\"padding: 10px;border: 1px solid #ccc\">09h30 \u00e0s 16h30<\/td>\n      <\/tr>\n    <\/table>\n  <\/div>\n\n \n<\/section>\n    <footer style=\"text-align: center;padding: 20px;margin-top: 30px;color: #666;font-size: 0.9em\">\n        <p>\u00a9 2025 Escola B\u00e1sica e Secund\u00e1ria de Santa Cruz<\/p>\n    <\/footer>\n\n\n\n<p><\/p>\n","protected":false},"excerpt":{"rendered":"<p>\ud83d\udd5b Servi\u00e7os EBSSC \ud83d\udc68\u200d\ud83c\udf93 \u00c1rea dos Alunos Servi\u00e7o Hor\u00e1rio Bar dos Alunos (Piso 1) 07h30 \u00e0s 12h00 | 12h30 \u00e0s [&hellip;]<\/p>\n","protected":false},"author":37,"featured_media":0,"parent":0,"menu_order":0,"comment_status":"closed","ping_status":"closed","template":"","meta":{"site-sidebar-layout":"default","site-content-layout":"","ast-site-content-layout":"","site-content-style":"default","site-sidebar-style":"default","ast-global-header-display":"","ast-banner-title-visibility":"","ast-main-header-display":"","ast-hfb-above-header-display":"","ast-hfb-below-header-display":"","ast-hfb-mobile-header-display":"","site-post-title":"disabled","ast-breadcrumbs-content":"","ast-featured-img":"","footer-sml-layout":"","ast-disable-related-posts":"","theme-transparent-header-meta":"","adv-header-id-meta":"","stick-header-meta":"","header-above-stick-meta":"","header-main-stick-meta":"","header-below-stick-meta":"","astra-migrate-meta-layouts":"default","ast-page-background-enabled":"default","ast-page-background-meta":{"desktop":{"background-color":"var(--ast-global-color-4)","background-image":"","background-repeat":"repeat","background-position":"center center","background-size":"auto","background-attachment":"scroll","background-type":"","background-media":"","overlay-type":"","overlay-color":"","overlay-opacity":"","overlay-gradient":""},"tablet":{"background-color":"","background-image":"","background-repeat":"repeat","background-position":"center center","background-size":"auto","background-attachment":"scroll","background-type":"","background-media":"","overlay-type":"","overlay-color":"","overlay-opacity":"","overlay-gradient":""},"mobile":{"background-color":"","background-image":"","background-repeat":"repeat","background-position":"center center","background-size":"auto","background-attachment":"scroll","background-type":"","background-media":"","overlay-type":"","overlay-color":"","overlay-opacity":"","overlay-gradient":""}},"ast-content-background-meta":{"desktop":{"background-color":"var(--ast-global-color-5)","background-image":"","background-repeat":"repeat","background-position":"center center","background-size":"auto","background-attachment":"scroll","background-type":"","background-media":"","overlay-type":"","overlay-color":"","overlay-opacity":"","overlay-gradient":""},"tablet":{"background-color":"var(--ast-global-color-5)","background-image":"","background-repeat":"repeat","background-position":"center center","background-size":"auto","background-attachment":"scroll","background-type":"","background-media":"","overlay-type":"","overlay-color":"","overlay-opacity":"","overlay-gradient":""},"mobile":{"background-color":"var(--ast-global-color-5)","background-image":"","background-repeat":"repeat","background-position":"center center","background-size":"auto","background-attachment":"scroll","background-type":"","background-media":"","overlay-type":"","overlay-color":"","overlay-opacity":"","overlay-gradient":""}},"_themeisle_gutenberg_block_has_review":false,"footnotes":""},"class_list":["post-2654","page","type-page","status-publish","hentry"],"_links":{"self":[{"href":"https:\/\/escoladigital.madeira.gov.pt\/ebsscruz\/wp-json\/wp\/v2\/pages\/2654","targetHints":{"allow":["GET"]}}],"collection":[{"href":"https:\/\/escoladigital.madeira.gov.pt\/ebsscruz\/wp-json\/wp\/v2\/pages"}],"about":[{"href":"https:\/\/escoladigital.madeira.gov.pt\/ebsscruz\/wp-json\/wp\/v2\/types\/page"}],"author":[{"embeddable":true,"href":"https:\/\/escoladigital.madeira.gov.pt\/ebsscruz\/wp-json\/wp\/v2\/users\/37"}],"replies":[{"embeddable":true,"href":"https:\/\/escoladigital.madeira.gov.pt\/ebsscruz\/wp-json\/wp\/v2\/comments?post=2654"}],"version-history":[{"count":17,"href":"https:\/\/escoladigital.madeira.gov.pt\/ebsscruz\/wp-json\/wp\/v2\/pages\/2654\/revisions"}],"predecessor-version":[{"id":3974,"href":"https:\/\/escoladigital.madeira.gov.pt\/ebsscruz\/wp-json\/wp\/v2\/pages\/2654\/revisions\/3974"}],"wp:attachment":[{"href":"https:\/\/escoladigital.madeira.gov.pt\/ebsscruz\/wp-json\/wp\/v2\/media?parent=2654"}],"curies":[{"name":"wp","href":"https:\/\/api.w.org\/{rel}","templated":true}]}}