{"id":2755,"date":"2025-05-07T13:53:10","date_gmt":"2025-05-07T13:53:10","guid":{"rendered":"https:\/\/escoladigital.madeira.gov.pt\/ebsscruz\/?page_id=2755"},"modified":"2025-11-01T11:29:49","modified_gmt":"2025-11-01T11:29:49","slug":"2755-2","status":"publish","type":"page","link":"https:\/\/escoladigital.madeira.gov.pt\/ebsscruz\/2755-2\/","title":{"rendered":"\ud83d\udcdaOferta Educativa e Formativa"},"content":{"rendered":"\n<section style=\"background:#f4f7fa;padding:40px 20px;text-align:center\">\n        <h2 style=\"text-align: center;color: #003366;font-size: 1.8rem;border-bottom: 3px solid #0073e6;padding-bottom: 10px\">Oferta Educativa e Formativa<\/h2>\n        <p style=\"font-size:18px;max-width:700px;margin:20px auto;color:#444\">\n            A Escola B\u00e1sica e Secund\u00e1ria de Santa Cruz oferece um percurso educativo completo e diversificado, adaptado \u00e0s necessidades e interesses dos nossos alunos.\n        <\/p>\n    <\/section>\n\n    <section style=\"padding:40px 20px;background:white\">\n        <h3 style=\"color: #004080;border-left: 5px solid #0073e6;padding-left: 10px\">Ensino B\u00e1sico<\/h3>\n        <div style=\"display:flex;flex-wrap:wrap;gap:20px;justify-content:center;margin-top:30px\">\n            <div style=\"background:#edf8c5;padding:20px;border-radius:8px;max-width:300px\">\n                <h3 style=\"text-align:center\">2.\u00ba Ciclo (5.\u00ba e 6.\u00ba anos)<\/h3>\n                <p>Foco no desenvolvimento das compet\u00eancias b\u00e1sicas e integra\u00e7\u00e3o dos alunos no ambiente escolar.<\/p>\n                <br>\n                <a href=\"https:\/\/www.dge.mec.pt\/matriz-curricular-do-2o-ciclo\" target=\"_blank\" style=\"background:#1e5ea0;color:#ffffff;padding:12px 24px;text-decoration:none;border-radius:5px;font-weight:bold;display:inline-block;margin-top:15px\">Ver a Matriz Curricular<\/a>\n            <\/div>\n            <div style=\"background:#edf8c5;padding:20px;border-radius:8px;max-width:300px\">\n                <h3 style=\"text-align:center\">3.\u00ba Ciclo (7.\u00ba ao 9.\u00ba ano)<\/h3>\n                <p>Consolida\u00e7\u00e3o de conhecimentos, prepara\u00e7\u00e3o para o ensino secund\u00e1rio e desenvolvimento pessoal.<\/p>\n                <a href=\"https:\/\/www.dge.mec.pt\/matriz-curricular-do-3o-ciclo\" target=\"_blank\" style=\"background:#1e5ea0;color:#ffffff;padding:12px 24px;text-decoration:none;border-radius:5px;font-weight:bold;display:inline-block;margin-top:15px\">Ver a Matriz Curricular<\/a>\n            <\/div>\n<div style=\"background:#edf8c5;padding:20px;border-radius:8px;max-width:300px\">\n                <h3 style=\"text-align:center\">CEF Operador de Inform\u00e1tica T2 (2025-2027)<\/h3>\n                <p>Curso de Educa\u00e7\u00e3o e Forma\u00e7\u00e3o que proporciona uma qualifica\u00e7\u00e3o de n\u00edvel 2, preparando os alunos para o mundo do trabalho na \u00e1rea da inform\u00e1tica e tecnologias.<\/p>\n                <a href=\"https:\/\/catalogo.anqep.gov.pt\/qualificacoesDetalhe\/894\" target=\"_blank\" style=\"background:#1e5ea0;color:#ffffff;padding:12px 24px;text-decoration:none;border-radius:5px;font-weight:bold;display:inline-block;margin-top:15px\">Ver Cat\u00e1logo Nacional de Qualifica\u00e7\u00f5es<\/a>\n        <\/div>\n    <\/section>\n\n    <section style=\"padding:40px 20px;background:white\">\n        <h3 style=\"color: #004080;border-left: 5px solid #0073e6;padding-left: 10px\">Ensino Secund\u00e1rio<\/h3>\n        <div style=\"display:flex;flex-wrap:wrap;gap:20px;justify-content:center;margin-top:30px\">\n            <div style=\"background:#79c891;padding:20px;border-radius:8px;max-width:300px\">\n                <h3 style=\"text-align:center\">Ci\u00eancias e Tecnologias<\/h3>\n                <p>Curso orientado para as \u00e1reas cient\u00edficas e tecnol\u00f3gicas, preparando para o ensino superior.<\/p>\n                <br>\n                <a href=\"https:\/\/www.dge.mec.pt\/curso-de-ciencias-e-tecnologias-0\" target=\"_blank\" style=\"background:#1e5ea0;color:#ffffff;padding:12px 24px;text-decoration:none;border-radius:5px;font-weight:bold;display:inline-block;margin-top:15px\">Ver a Matriz Curricular<\/a>\n            <\/div>\n            <div style=\"background:#79c891;padding:20px;border-radius:8px;max-width:300px\">\n                <h3 style=\"text-align:center\">L\u00ednguas e Humanidades<\/h3>\n                <p>Curso centrado nas ci\u00eancias sociais, literatura e l\u00ednguas. Excelente base para jornalismo, direito, educa\u00e7\u00e3o e turismo.<\/p>\n                <a href=\"https:\/\/www.dge.mec.pt\/curso-de-linguas-e-humanidades\" target=\"_blank\" style=\"background:#1e5ea0;color:#ffffff;padding:12px 24px;text-decoration:none;border-radius:5px;font-weight:bold;display:inline-block;margin-top:15px\">Ver a Matriz Curricular<\/a>\n            <\/div>\n            <div style=\"background:#79c891;padding:20px;border-radius:8px;max-width:300px\">\n                <h3 style=\"text-align:center\">Artes Visuais<\/h3>\n                <p>Curso criativo voltado para as artes pl\u00e1sticas, design, arquitetura e comunica\u00e7\u00e3o visual.<\/p>\n                <br>\n                <a href=\"https:\/\/www.dge.mec.pt\/curso-de-artes-visuais\" target=\"_blank\" style=\"background:#1e5ea0;color:#ffffff;padding:12px 24px;text-decoration:none;border-radius:5px;font-weight:bold;display:inline-block;margin-top:15px\">Ver a Matriz Curricular<\/a>\n            <\/div>\n        <\/div>\n    <\/section>\n\n    <section style=\"padding:40px 20px;background:#ffffff\">\n        <h3 style=\"color: #004080;border-left: 5px solid #0073e6;padding-left: 10px\">Cursos Profissionais<\/h3>\n        <div style=\"display:flex;flex-wrap:wrap;gap:20px;justify-content:center;margin-top:30px\">\n            <div style=\"background:#dff5e1;padding:20px;border-radius:8px;max-width:300px\">\n                <h3 style=\"text-align:center\">T\u00e9cnico de Desporto 2024-2027| 2025-2028<\/h3>\n                <p>Curso profissional que prepara t\u00e9cnicos para atividades f\u00edsicas, anima\u00e7\u00e3o desportiva e organiza\u00e7\u00e3o de eventos desportivos.<\/p>\n                <a href=\"https:\/\/catalogo.anqep.gov.pt\/qualificacoesDetalhe\/7341\" target=\"_blank\" style=\"background:#1e5ea0;color:#ffffff;padding:12px 24px;text-decoration:none;border-radius:5px;font-weight:bold;display:inline-block;margin-top:15px\">Ver Cat\u00e1logo Nacional de Qualifica\u00e7\u00f5es<\/a>\n            <\/div>\n            <div style=\"background:#dff5e1;padding:20px;border-radius:8px;max-width:300px\">\n                <h3 style=\"text-align:center\">T\u00e9cnico de Eletr\u00f3nica, Automa\u00e7\u00e3o e Computadores 2023-2026 <\/h3>\n                <p>Capacita\u00e7\u00e3o para trabalhar em sistemas eletr\u00f3nicos, automatismos e tecnologias digitais.<\/p>\n                <a href=\"https:\/\/catalogo.anqep.gov.pt\/qualificacoesDetalhe\/7261\" target=\"_blank\" style=\"background:#1e5ea0;color:#ffffff;padding:12px 24px;text-decoration:none;border-radius:5px;font-weight:bold;display:inline-block;margin-top:15px\">Ver Cat\u00e1logo Nacional de Qualifica\u00e7\u00f5es<\/a>\n            <\/div>\n            <div style=\"background:#dff5e1;padding:20px;border-radius:8px;max-width:300px\">\n                <h3 style=\"text-align:center\">T\u00e9cnico de Inform\u00e1tica, Instala\u00e7\u00e3o e Gest\u00e3o de Redes 2024-2027<\/h3>\n                <p>Capacita\u00e7\u00e3o para a gest\u00e3o de redes inform\u00e1ticas.<\/p>\n                <a href=\"https:\/\/catalogo.anqep.gov.pt\/qualificacoesDetalhe\/1746\" target=\"_blank\" style=\"background:#1e5ea0;color:#ffffff;padding:12px 24px;text-decoration:none;border-radius:5px;font-weight:bold;display:inline-block;margin-top:15px\">Ver Cat\u00e1logo Nacional de Qualifica\u00e7\u00f5es<\/a>\n            <\/div>\n        <\/div>\n    <\/section>\n\n<section style=\"padding:40px 20px;background:white\">\n        <h3 style=\"color: #004080;border-left: 5px solid #0073e6;padding-left: 10px\">EFA &#8211; Educa\u00e7\u00e3o e Forma\u00e7\u00e3o de Adultos<\/h3>\n        <div style=\"display:flex;flex-wrap:wrap;gap:20px;justify-content:center;margin-top:30px\">\n            <div style=\"background:#e6f0f7;padding:20px;border-radius:8px;max-width:300px\">\n                <h3 style=\"text-align:center\">EFA B3 (2024-2026)<\/h3>\n                <p>Educa\u00e7\u00e3o e Forma\u00e7\u00e3o de Adultos de n\u00edvel b\u00e1sico (equivalente ao 9.\u00ba ano), que permite obter uma certifica\u00e7\u00e3o escolar e profissional em regime noturno.<\/p>\n                <br>\n                <a href=\"https:\/\/escoladigital.madeira.gov.pt\/ebsscruz\/wp-content\/uploads\/sites\/6\/2025\/11\/ANQEP_Referencial_Competencias_Chave_Niv.pdf\" target=\"_blank\" style=\"background:#1e5ea0;color:#ffffff;padding:12px 24px;text-decoration:none;border-radius:5px;font-weight:bold;display:inline-block;margin-top:15px\">Ver Referencial de Compet\u00eancias-Chave<\/a>\n            <\/div>\n            <div style=\"background:#e6f0f7;padding:20px;border-radius:8px;max-width:300px\">\n                <h3 style=\"text-align:center\">EFA Secund\u00e1rio (2025-2027)<\/h3>\n                <p>Educa\u00e7\u00e3o e Forma\u00e7\u00e3o de Adultos de n\u00edvel secund\u00e1rio, permitindo obter certifica\u00e7\u00e3o equivalente ao 12.\u00ba ano, com qualifica\u00e7\u00e3o profissional em regime noturno.<\/p>\n                <a href=\"https:\/\/escoladigital.madeira.gov.pt\/ebsscruz\/wp-content\/uploads\/sites\/6\/2025\/11\/Ref_Comp_Chave_NS___pub.pdf\" target=\"_blank\" style=\"background:#1e5ea0;color:#ffffff;padding:12px 24px;text-decoration:none;border-radius:5px;font-weight:bold;display:inline-block;margin-top:15px\">Ver Referencial de Compet\u00eancias-Chave<\/a>\n            <\/div>\n<div style=\"background:#e6f0f7;padding:20px;border-radius:8px;max-width:300px\">\n                <h3 style=\"text-align:center\">Portugu\u00eas L\u00edngua de Acolhimento<\/h3>\n                <h3 style=\"text-align:center\">PLA A1 | PLA A2<\/h3>\n                <p>Os cursos de Portugu\u00eas L\u00edngua de Acolhimento destinam-se a cidad\u00e3os estrangeiros\/as residentes em Portugal, com idade igual ou superior a 16 anos, cuja l\u00edngua materna n\u00e3o \u00e9 a l\u00edngua portuguesa e\/ou que n\u00e3o detenham compet\u00eancias b\u00e1sicas, interm\u00e9dias ou avan\u00e7adas em l\u00edngua portuguesa.<\/p>\n                <a href=\"https:\/\/europass.europa.eu\/pt\/common-european-framework-reference-language-skills\" target=\"_blank\" style=\"background:#1e5ea0;color:#ffffff;padding:12px 24px;text-decoration:none;border-radius:5px;font-weight:bold;display:inline-block;margin-top:15px\">Ver grelha de autoavalia\u00e7\u00e3o do QECR <\/a>\n        <\/div>\n    <\/section>\n\n    <section style=\"background:#f4f7fa;color:black;padding:30px 20px;text-align:center\">\n        <p style=\"font-size:16px\">Para mais informa\u00e7\u00f5es sobre matr\u00edculas e planos curriculares, contacte a escola ou visite os nossos servi\u00e7os administrativos.<\/p>\n        <a href=\"mailto:ebsscruz@edu.madeira.gov.pt\" style=\"background:#1e5ea0;color:#ffffff;padding:12px 24px;text-decoration:none;border-radius:5px;font-weight:bold;display:inline-block;margin-top:15px\">Contactar a Escola<\/a>\n        <footer>\n            <p>&copy; 2025 Escola B\u00e1sica e Secund\u00e1ria de Santa Cruz<\/p>\n        <\/footer>\n    <\/section>\n\n\n\n<p><\/p>\n","protected":false},"excerpt":{"rendered":"<p>Oferta Educativa e Formativa A Escola B\u00e1sica e Secund\u00e1ria de Santa Cruz oferece um percurso educativo completo e diversificado, adaptado [&hellip;]<\/p>\n","protected":false},"author":37,"featured_media":0,"parent":0,"menu_order":0,"comment_status":"closed","ping_status":"closed","template":"","meta":{"site-sidebar-layout":"default","site-content-layout":"","ast-site-content-layout":"default","site-content-style":"default","site-sidebar-style":"default","ast-global-header-display":"","ast-banner-title-visibility":"","ast-main-header-display":"","ast-hfb-above-header-display":"","ast-hfb-below-header-display":"","ast-hfb-mobile-header-display":"","site-post-title":"","ast-breadcrumbs-content":"","ast-featured-img":"","footer-sml-layout":"","ast-disable-related-posts":"","theme-transparent-header-meta":"","adv-header-id-meta":"","stick-header-meta":"","header-above-stick-meta":"","header-main-stick-meta":"","header-below-stick-meta":"","astra-migrate-meta-layouts":"default","ast-page-background-enabled":"default","ast-page-background-meta":{"desktop":{"background-color":"var(--ast-global-color-4)","background-image":"","background-repeat":"repeat","background-position":"center center","background-size":"auto","background-attachment":"scroll","background-type":"","background-media":"","overlay-type":"","overlay-color":"","overlay-opacity":"","overlay-gradient":""},"tablet":{"background-color":"","background-image":"","background-repeat":"repeat","background-position":"center center","background-size":"auto","background-attachment":"scroll","background-type":"","background-media":"","overlay-type":"","overlay-color":"","overlay-opacity":"","overlay-gradient":""},"mobile":{"background-color":"","background-image":"","background-repeat":"repeat","background-position":"center center","background-size":"auto","background-attachment":"scroll","background-type":"","background-media":"","overlay-type":"","overlay-color":"","overlay-opacity":"","overlay-gradient":""}},"ast-content-background-meta":{"desktop":{"background-color":"var(--ast-global-color-5)","background-image":"","background-repeat":"repeat","background-position":"center center","background-size":"auto","background-attachment":"scroll","background-type":"","background-media":"","overlay-type":"","overlay-color":"","overlay-opacity":"","overlay-gradient":""},"tablet":{"background-color":"var(--ast-global-color-5)","background-image":"","background-repeat":"repeat","background-position":"center center","background-size":"auto","background-attachment":"scroll","background-type":"","background-media":"","overlay-type":"","overlay-color":"","overlay-opacity":"","overlay-gradient":""},"mobile":{"background-color":"var(--ast-global-color-5)","background-image":"","background-repeat":"repeat","background-position":"center center","background-size":"auto","background-attachment":"scroll","background-type":"","background-media":"","overlay-type":"","overlay-color":"","overlay-opacity":"","overlay-gradient":""}},"_themeisle_gutenberg_block_has_review":false,"footnotes":""},"class_list":["post-2755","page","type-page","status-publish","hentry"],"_links":{"self":[{"href":"https:\/\/escoladigital.madeira.gov.pt\/ebsscruz\/wp-json\/wp\/v2\/pages\/2755","targetHints":{"allow":["GET"]}}],"collection":[{"href":"https:\/\/escoladigital.madeira.gov.pt\/ebsscruz\/wp-json\/wp\/v2\/pages"}],"about":[{"href":"https:\/\/escoladigital.madeira.gov.pt\/ebsscruz\/wp-json\/wp\/v2\/types\/page"}],"author":[{"embeddable":true,"href":"https:\/\/escoladigital.madeira.gov.pt\/ebsscruz\/wp-json\/wp\/v2\/users\/37"}],"replies":[{"embeddable":true,"href":"https:\/\/escoladigital.madeira.gov.pt\/ebsscruz\/wp-json\/wp\/v2\/comments?post=2755"}],"version-history":[{"count":30,"href":"https:\/\/escoladigital.madeira.gov.pt\/ebsscruz\/wp-json\/wp\/v2\/pages\/2755\/revisions"}],"predecessor-version":[{"id":4442,"href":"https:\/\/escoladigital.madeira.gov.pt\/ebsscruz\/wp-json\/wp\/v2\/pages\/2755\/revisions\/4442"}],"wp:attachment":[{"href":"https:\/\/escoladigital.madeira.gov.pt\/ebsscruz\/wp-json\/wp\/v2\/media?parent=2755"}],"curies":[{"name":"wp","href":"https:\/\/api.w.org\/{rel}","templated":true}]}}