{"id":292,"date":"2024-03-07T13:10:39","date_gmt":"2024-03-07T13:10:39","guid":{"rendered":"https:\/\/escoladigital.madeira.gov.pt\/ebsscruz\/?page_id=292"},"modified":"2025-09-29T15:33:19","modified_gmt":"2025-09-29T15:33:19","slug":"orgaos-da-escola","status":"publish","type":"page","link":"https:\/\/escoladigital.madeira.gov.pt\/ebsscruz\/escola\/orgaos-da-escola\/","title":{"rendered":"\ud83c\udfeb\u00d3rg\u00e3os da escola"},"content":{"rendered":"\n<title>\u00d3rg\u00e3os da Escola<\/title>\n<div>\n    <h1 style=\"text-align: center;padding: 20px 0;background-color: #f0f5ff;border-bottom: 3px solid #207cca\">\n        \ud83c\udfeb \u00d3rg\u00e3os da Escola\n    <\/h1>\n    <p style=\"text-align: center;font-size: 1.1em;margin-bottom: 40px\">\n        Estrutura Organizacional\n    <\/p>\n\n\n       <main>\n        <!-- Conselho Executivo -->\n        <section style=\"background: white;padding: 25px;margin-bottom: 25px;border-radius: 8px\">\n            <h2 style=\"color: #667eea;border-bottom: 3px solid #667eea;padding-bottom: 10px;margin-top: 0\">\n                \ud83d\udc68\ud83c\udffb\u200d\ud83d\udcbc Conselho Executivo\n            <\/h2>\n            <table style=\"width: 100%;border-collapse: collapse\">\n                <tr style=\"background-color: #f8f9fa\">\n                    <td style=\"padding: 15px;font-weight: bold;width: 30%\">Presidente:<\/td>\n                    <td style=\"padding: 15px\">Rui Herculano Lobo de Freitas<\/td>\n                <\/tr>\n                <tr>\n                    <td style=\"padding: 15px;font-weight: bold\">Vice-Presidente:<\/td>\n                    <td style=\"padding: 15px\">Teresa Maria Gouveia da Mata<\/td>\n                <\/tr>\n                <tr style=\"background-color: #f8f9fa\">\n                    <td style=\"padding: 15px;font-weight: bold\">Vice-Presidente:<\/td>\n                    <td style=\"padding: 15px\">\u00c9lvio de N\u00f3brega Le\u00e7a<\/td>\n                <\/tr>\n            <\/table>\n        <\/section>\n\n        <!-- Conselhos -->\n        <div style=\"display: grid;grid-template-columns: repeat(auto-fit, minmax(300px, 1fr));gap: 20px;margin-bottom: 25px\">\n            <section style=\"background: white;padding: 20px;border-radius: 8px\">\n                <h3 style=\"color: #764ba2;margin-top: 0\">\ud83e\udd1d Conselho da Comunidade Educativa<\/h3>\n                <p style=\"margin: 0\"><strong>Presidente:<\/strong><br>Lina Maria Gon\u00e7alves Andrade Pestana<\/p>\n            <\/section>\n\n            <section style=\"background: white;padding: 20px;border-radius: 8px\">\n                <h3 style=\"color: #764ba2;margin-top: 0\">\ud83d\udcda Conselho Pedag\u00f3gico<\/h3>\n                <p style=\"margin: 0\"><strong>Presidente:<\/strong><br>\u00c9lvio de N\u00f3brega Le\u00e7a<\/p>\n            <\/section>\n        <\/div>\n\n       \n        <!-- Conselho Administrativo -->\n        <section style=\"background: white;padding: 25px;margin-bottom: 25px;border-radius: 8px\">\n            <h2 style=\"color: #667eea;border-bottom: 3px solid #667eea;padding-bottom: 10px;margin-top: 0\">\n                \ud83d\udcbc Conselho Administrativo\n            <\/h2>\n            <table style=\"width: 100%;border-collapse: collapse\">\n                <tr style=\"background-color: #f8f9fa\">\n                    <td style=\"padding: 15px;font-weight: bold;width: 30%\">Presidente:<\/td>\n                    <td style=\"padding: 15px\">Rui Herculano Lobo de Freitas<\/td>\n                <\/tr>\n                <tr>\n                    <td style=\"padding: 15px;font-weight: bold\">Vice-Presidente:<\/td>\n                    <td style=\"padding: 15px\">Teresa Maria Gouveia da Mata<\/td>\n                <\/tr>\n                <tr style=\"background-color: #f8f9fa\">\n                    <td style=\"padding: 15px;font-weight: bold\">Secret\u00e1rio:<\/td>\n                    <td style=\"padding: 15px\">Jos\u00e9 Laurentino Fernandes de Sousa<br><small style=\"color: #666\">(Chefe de Departamento)<\/small><\/td>\n                <\/tr>\n            <\/table>\n        <\/section>\n\n        <!-- Coordena\u00e7\u00e3o dos Departamentos -->\n        <section style=\"background: white;padding: 25px;margin-bottom: 25px;border-radius: 8px\">\n            <h2 style=\"color: #667eea;border-bottom: 3px solid #667eea;padding-bottom: 10px;margin-top: 0\">\n                \ud83c\udf93 Coordena\u00e7\u00e3o dos Departamentos Curriculares\n            <\/h2>\n            <table style=\"width: 100%;border-collapse: collapse\">\n                <tr style=\"background-color: #f8f9fa\">\n                    <td style=\"padding: 15px;font-weight: bold;width: 50%\">\ud83d\udd2c Ci\u00eancias Exatas, da Natureza e das Tecnologias<\/td>\n                    <td style=\"padding: 15px\">Concei\u00e7\u00e3o de Jesus Rodrigues Carvalho<\/td>\n                <\/tr>\n                <tr>\n                    <td style=\"padding: 15px;font-weight: bold\">\ud83c\udf0d Ci\u00eancias Sociais e Humanas<\/td>\n                    <td style=\"padding: 15px\">Maria de Lurdes Conde F. Fernandes<\/td>\n                <\/tr>\n                <tr style=\"background-color: #f8f9fa\">\n                    <td style=\"padding: 15px;font-weight: bold\">\ud83c\udfa8 Express\u00f5es<\/td>\n                    <td style=\"padding: 15px\">Ana Isabel Rodrigues Caldeira<\/td>\n                <\/tr>\n                <tr>\n                    <td style=\"padding: 15px;font-weight: bold\">\ud83d\udde3\ufe0f L\u00ednguas<\/td>\n                    <td style=\"padding: 15px\">Magna Jos\u00e9 Marques Silva Vasconcelos<\/td>\n                <\/tr>\n                <tr style=\"background-color: #f8f9fa\">\n                    <td style=\"padding: 15px;font-weight: bold\">\u267f Educa\u00e7\u00e3o Especial<\/td>\n                    <td style=\"padding: 15px\">Jorge Manuel Oliveira de Matos<\/td>\n                <\/tr>\n            <\/table>\n        <\/section>\n\n        <!-- Representantes Grupo\/Disciplina -->\n        <section style=\"background: white;padding: 25px;border-radius: 8px\">\n            <h2 style=\"color: #667eea;border-bottom: 3px solid #667eea;padding-bottom: 10px;margin-top: 0\">\n                \ud83d\udc65 Representantes de Grupo\/Disciplina\n            <\/h2>\n            \n            <div style=\"display: grid;grid-template-columns: repeat(auto-fill, minmax(280px, 1fr));gap: 15px\">\n                <!-- 2.\u00ba Ciclo -->\n                <div style=\"padding: 12px;background-color: #f8f9fa;border-radius: 5px;border-left: 4px solid #667eea\">\n                    <strong style=\"color: #333\">\ud83c\udf3f Ci\u00eancias Naturais<\/strong><br>\n                    <small style=\"color: #666\">(2.\u00ba Ciclo)<\/small><br>\n                    Marlene Patr\u00edcia Pinto Ribeiro\n                <\/div>\n\n                <div style=\"padding: 12px;background-color: #f8f9fa;border-radius: 5px;border-left: 4px solid #667eea\">\n                    <strong style=\"color: #333\">\ud83c\udfc3 Educa\u00e7\u00e3o F\u00edsica<\/strong><br>\n                    <small style=\"color: #666\">(2.\u00ba Ciclo)<\/small><br>\n                    Filipa Cl\u00e1udia da Silva Felgueira\n                <\/div>\n\n                <div style=\"padding: 12px;background-color: #f8f9fa;border-radius: 5px;border-left: 4px solid #667eea\">\n                    <strong style=\"color: #333\">\ud83d\udee0\ufe0f Educa\u00e7\u00e3o Visual e Tecnol\u00f3gica<\/strong><br>\n                    <small style=\"color: #666\">(2.\u00ba Ciclo)<\/small><br>\n                    Ana Isabel Rodrigues Caldeira\n                <\/div>\n\n                <div style=\"padding: 12px;background-color: #f8f9fa;border-radius: 5px;border-left: 4px solid #667eea\">\n                    <strong style=\"color: #333\">\ud83c\udfdb\ufe0f Hist\u00f3ria e Geografia de Portugal<\/strong><br>\n                    <small style=\"color: #666\">(2.\u00ba Ciclo)<\/small><br>\n                    Maria Irene da Silva Antunes\n                <\/div>\n\n                <div style=\"padding: 12px;background-color: #f8f9fa;border-radius: 5px;border-left: 4px solid #667eea\">\n                    <strong style=\"color: #333\">\ud83c\uddec\ud83c\udde7 Ingl\u00eas<\/strong><br>\n                    <small style=\"color: #666\">(2.\u00ba Ciclo)<\/small><br>\n                    Maria Helena de Freitas Ant\u00f3nio Sousa Rocha\n                <\/div>\n\n                <div style=\"padding: 12px;background-color: #f8f9fa;border-radius: 5px;border-left: 4px solid #667eea\">\n                    <strong style=\"color: #333\">\ud83d\udd22 Matem\u00e1tica<\/strong><br>\n                    <small style=\"color: #666\">(2.\u00ba Ciclo)<\/small><br>\n                    Joana Margarida Nisa Soares\n                <\/div>\n\n                <div style=\"padding: 12px;background-color: #f8f9fa;border-radius: 5px;border-left: 4px solid #667eea\">\n                    <strong style=\"color: #333\">\ud83d\udcd6 Portugu\u00eas<\/strong><br>\n                    <small style=\"color: #666\">(2.\u00ba Ciclo)<\/small><br>\n                    S\u00f3nia Maria dos Ramos Vieira\n                <\/div>\n\n                <!-- 3.\u00ba Ciclo e Secund\u00e1rio -->\n                <div style=\"padding: 12px;background-color: #f8f9fa;border-radius: 5px;border-left: 4px solid #667eea\">\n                    <strong style=\"color: #333\">\ud83d\udd2c Ci\u00eanc. Nat.\/Biologia\/CTV<\/strong><br>\n                    <small style=\"color: #666\">(3.\u00ba Ciclo\/Sec.)<\/small><br>\n                    Concei\u00e7\u00e3o de Jesus Rodrigues Carvalho\n                <\/div>\n\n                <div style=\"padding: 12px;background-color: #f8f9fa;border-radius: 5px;border-left: 4px solid #667eea\">\n                    <strong style=\"color: #333\">\u26bd Educa\u00e7\u00e3o F\u00edsica<\/strong><br>\n                    <small style=\"color: #666\">(3.\u00ba Ciclo\/Sec.)<\/small><br>\n                    Carla Patr\u00edcia Jesus\n                <\/div>\n\n                <div style=\"padding: 12px;background-color: #f8f9fa;border-radius: 5px;border-left: 4px solid #667eea\">\n                    <strong style=\"color: #333\">\u2697\ufe0f F\u00edsico-Qu\u00edmica<\/strong><br>\n                    <small style=\"color: #666\">(3.\u00ba Ciclo\/Sec.)<\/small><br>\n                    Ana Maria Rodrigues Rodrigues Caires\n                <\/div>\n\n                <div style=\"padding: 12px;background-color: #f8f9fa;border-radius: 5px;border-left: 4px solid #667eea\">\n                    <strong style=\"color: #333\">\ud83c\udf0d Geografia<\/strong><br>\n                    <small style=\"color: #666\">(3.\u00ba Ciclo\/Sec.)<\/small><br>\n                    Jos\u00e9 Arlindo Aguiar Gouveia\n                <\/div>\n\n                <div style=\"padding: 12px;background-color: #f8f9fa;border-radius: 5px;border-left: 4px solid #667eea\">\n                    <strong style=\"color: #333\">\ud83d\udcdc Hist\u00f3ria<\/strong><br>\n                    <small style=\"color: #666\">(3.\u00ba Ciclo\/Sec.)<\/small><br>\n                    Maria de Lurdes Conde F. Fernandes\n                <\/div>\n\n                <div style=\"padding: 12px;background-color: #f8f9fa;border-radius: 5px;border-left: 4px solid #667eea\">\n                    <strong style=\"color: #333\">\ud83c\uddfa\ud83c\uddf8 Ingl\u00eas<\/strong><br>\n                    <small style=\"color: #666\">(3.\u00ba Ciclo\/Sec.)<\/small><br>\n                    Anabela Jesus Gon\u00e7alves Gomes Pires\n                <\/div>\n\n                <div style=\"padding: 12px;background-color: #f8f9fa;border-radius: 5px;border-left: 4px solid #667eea\">\n                    <strong style=\"color: #333\">\ud83d\udcd0 Matem\u00e1tica<\/strong><br>\n                    <small style=\"color: #666\">(3.\u00ba Ciclo\/Sec.)<\/small><br>\n                    Jos\u00e9 Hor\u00e1cio Barreto Franco\n                <\/div>\n\n                <div style=\"padding: 12px;background-color: #f8f9fa;border-radius: 5px;border-left: 4px solid #667eea\">\n                    <strong style=\"color: #333\">\ud83d\udcda Portugu\u00eas<\/strong><br>\n                    <small style=\"color: #666\">(3.\u00ba Ciclo\/Sec.)<\/small><br>\n                    M\u00f3nica Alexandra Amaral Martins Pereira\n                <\/div>\n\n                <!-- Secund\u00e1rio -->\n                <div style=\"padding: 12px;background-color: #f8f9fa;border-radius: 5px;border-left: 4px solid #667eea\">\n                    <strong style=\"color: #333\">\ud83e\udd14 Filosofia<\/strong><br>\n                    <small style=\"color: #666\">(Sec.)<\/small><br>\n                    Maria Lu\u00edsa Santos Senra\n                <\/div>\n\n                <div style=\"padding: 12px;background-color: #f8f9fa;border-radius: 5px;border-left: 4px solid #667eea\">\n                    <strong style=\"color: #333\">\ud83c\uddeb\ud83c\uddf7 Franc\u00eas<\/strong><br>\n                    <small style=\"color: #666\">(Sec.)<\/small><br>\n                    Magna Jos\u00e9 Marques Silva Vasconcelos\n                <\/div>\n\n                <!-- Sem ciclo espec\u00edfico -->\n                <div style=\"padding: 12px;background-color: #f8f9fa;border-radius: 5px;border-left: 4px solid #667eea\">\n                    <strong style=\"color: #333\">\u267f Educa\u00e7\u00e3o Especial<\/strong><br>\n                    <small style=\"color: #666\">&nbsp;<\/small><br>\n                    Jorge Manuel Oliveira de Matos\n                <\/div>\n\n                <div style=\"padding: 12px;background-color: #f8f9fa;border-radius: 5px;border-left: 4px solid #667eea\">\n                    <strong style=\"color: #333\">\ud83c\udfb5 Educa\u00e7\u00e3o Musical<\/strong><br>\n                    <small style=\"color: #666\">&nbsp;<\/small><br>\n                    Susana Janice Fernandes Alves Abrantes\n                <\/div>\n\n                <div style=\"padding: 12px;background-color: #f8f9fa;border-radius: 5px;border-left: 4px solid #667eea\">\n                    <strong style=\"color: #333\">\ud83c\udfa8 Educa\u00e7\u00e3o Visual<\/strong><br>\n                    <small style=\"color: #666\">&nbsp;<\/small><br>\n                    L\u00edlia Eunice Duarte N\u00f3brega Jardim\n                <\/div>\n\n                <div style=\"padding: 12px;background-color: #f8f9fa;border-radius: 5px;border-left: 4px solid #667eea\">\n                    <strong style=\"color: #333\">\u26a1 Eletrotecnia<\/strong><br>\n                    <small style=\"color: #666\">&nbsp;<\/small><br>\n                    Nuno Miguel Borges Chelas\n                <\/div>\n\n                <div style=\"padding: 12px;background-color: #f8f9fa;border-radius: 5px;border-left: 4px solid #667eea\">\n                    <strong style=\"color: #333\">\ud83d\udcbb Inform\u00e1tica<\/strong><br>\n                    <small style=\"color: #666\">&nbsp;<\/small><br>\n                    Nuno Jos\u00e9 Pires Vieira\n                <\/div>\n            <\/div>\n        <\/section>\n    <\/main>\n\n    <footer style=\"text-align: center;padding: 20px;margin-top: 30px;color: #666;font-size: 0.9em\">\n        <p>\u00a9 2025 Escola B\u00e1sica e Secund\u00e1ria de Santa Cruz<\/p>\n    <\/footer>\n","protected":false},"excerpt":{"rendered":"<p>\u00d3rg\u00e3os da Escola \ud83c\udfeb \u00d3rg\u00e3os da Escola Estrutura Organizacional \ud83d\udc68\ud83c\udffb\u200d\ud83d\udcbc Conselho Executivo Presidente: Rui Herculano Lobo de Freitas Vice-Presidente: Teresa [&hellip;]<\/p>\n","protected":false},"author":37,"featured_media":0,"parent":79,"menu_order":20,"comment_status":"closed","ping_status":"closed","template":"","meta":{"site-sidebar-layout":"default","site-content-layout":"","ast-site-content-layout":"default","site-content-style":"default","site-sidebar-style":"default","ast-global-header-display":"","ast-banner-title-visibility":"","ast-main-header-display":"","ast-hfb-above-header-display":"","ast-hfb-below-header-display":"","ast-hfb-mobile-header-display":"","site-post-title":"disabled","ast-breadcrumbs-content":"","ast-featured-img":"","footer-sml-layout":"","ast-disable-related-posts":"","theme-transparent-header-meta":"","adv-header-id-meta":"","stick-header-meta":"","header-above-stick-meta":"","header-main-stick-meta":"","header-below-stick-meta":"","astra-migrate-meta-layouts":"default","ast-page-background-enabled":"default","ast-page-background-meta":{"desktop":{"background-color":"var(--ast-global-color-4)","background-image":"","background-repeat":"repeat","background-position":"center center","background-size":"auto","background-attachment":"scroll","background-type":"","background-media":"","overlay-type":"","overlay-color":"","overlay-opacity":"","overlay-gradient":""},"tablet":{"background-color":"","background-image":"","background-repeat":"repeat","background-position":"center center","background-size":"auto","background-attachment":"scroll","background-type":"","background-media":"","overlay-type":"","overlay-color":"","overlay-opacity":"","overlay-gradient":""},"mobile":{"background-color":"","background-image":"","background-repeat":"repeat","background-position":"center center","background-size":"auto","background-attachment":"scroll","background-type":"","background-media":"","overlay-type":"","overlay-color":"","overlay-opacity":"","overlay-gradient":""}},"ast-content-background-meta":{"desktop":{"background-color":"var(--ast-global-color-5)","background-image":"","background-repeat":"repeat","background-position":"center center","background-size":"auto","background-attachment":"scroll","background-type":"","background-media":"","overlay-type":"","overlay-color":"","overlay-opacity":"","overlay-gradient":""},"tablet":{"background-color":"var(--ast-global-color-5)","background-image":"","background-repeat":"repeat","background-position":"center center","background-size":"auto","background-attachment":"scroll","background-type":"","background-media":"","overlay-type":"","overlay-color":"","overlay-opacity":"","overlay-gradient":""},"mobile":{"background-color":"var(--ast-global-color-5)","background-image":"","background-repeat":"repeat","background-position":"center center","background-size":"auto","background-attachment":"scroll","background-type":"","background-media":"","overlay-type":"","overlay-color":"","overlay-opacity":"","overlay-gradient":""}},"_themeisle_gutenberg_block_has_review":false,"footnotes":""},"class_list":["post-292","page","type-page","status-publish","hentry"],"_links":{"self":[{"href":"https:\/\/escoladigital.madeira.gov.pt\/ebsscruz\/wp-json\/wp\/v2\/pages\/292","targetHints":{"allow":["GET"]}}],"collection":[{"href":"https:\/\/escoladigital.madeira.gov.pt\/ebsscruz\/wp-json\/wp\/v2\/pages"}],"about":[{"href":"https:\/\/escoladigital.madeira.gov.pt\/ebsscruz\/wp-json\/wp\/v2\/types\/page"}],"author":[{"embeddable":true,"href":"https:\/\/escoladigital.madeira.gov.pt\/ebsscruz\/wp-json\/wp\/v2\/users\/37"}],"replies":[{"embeddable":true,"href":"https:\/\/escoladigital.madeira.gov.pt\/ebsscruz\/wp-json\/wp\/v2\/comments?post=292"}],"version-history":[{"count":12,"href":"https:\/\/escoladigital.madeira.gov.pt\/ebsscruz\/wp-json\/wp\/v2\/pages\/292\/revisions"}],"predecessor-version":[{"id":3973,"href":"https:\/\/escoladigital.madeira.gov.pt\/ebsscruz\/wp-json\/wp\/v2\/pages\/292\/revisions\/3973"}],"up":[{"embeddable":true,"href":"https:\/\/escoladigital.madeira.gov.pt\/ebsscruz\/wp-json\/wp\/v2\/pages\/79"}],"wp:attachment":[{"href":"https:\/\/escoladigital.madeira.gov.pt\/ebsscruz\/wp-json\/wp\/v2\/media?parent=292"}],"curies":[{"name":"wp","href":"https:\/\/api.w.org\/{rel}","templated":true}]}}