{"id":4072,"date":"2025-10-06T13:54:36","date_gmt":"2025-10-06T13:54:36","guid":{"rendered":"https:\/\/escoladigital.madeira.gov.pt\/ebsscruz\/?page_id=4072"},"modified":"2025-11-21T10:40:35","modified_gmt":"2025-11-21T10:40:35","slug":"%f0%9f%91%a9%f0%9f%8f%abavaliacao-docente-em-construcao","status":"publish","type":"page","link":"https:\/\/escoladigital.madeira.gov.pt\/ebsscruz\/%f0%9f%91%a9%f0%9f%8f%abavaliacao-docente-em-construcao\/","title":{"rendered":"\ud83d\udc69\u200d\ud83c\udfebAvalia\u00e7\u00e3o Docente"},"content":{"rendered":"\n<div>\n    <h1 style=\"text-align: center;padding: 20px 0;background-color: #f0f5ff;border-bottom: 3px solid #207cca\">\n        \ud83d\udc69\u200d\ud83c\udfeb Avalia\u00e7\u00e3o Docente\n    <\/h1>\n    <p style=\"text-align: center;font-size: 1.1em;margin-bottom: 20px\">\n       Escola B\u00e1sica e Secund\u00e1ria de Santa Cruz\n    <\/p>\n\n    <div style=\"background: white;padding: 20px;margin-bottom: 20px;border-radius: 8px\">\n        <h2 style=\"color: #667eea;margin-bottom: 15px;font-size: 1.8em;border-bottom: 3px solid #667eea;padding-bottom: 10px\">Informa\u00e7\u00e3o Geral<\/h2>\n        <p>A avalia\u00e7\u00e3o de desempenho docente constitui um processo fundamental para a valoriza\u00e7\u00e3o e desenvolvimento profissional dos professores, tendo como objetivo a melhoria da qualidade do ensino e da aprendizagem dos alunos.<\/p>\n        \n        <div style=\"background: #f0f4ff;border-left: 4px solid #667eea;padding: 15px;margin: 10px 0;border-radius: 4px\">\n            <strong>Nota:<\/strong> Toda a informa\u00e7\u00e3o e documenta\u00e7\u00e3o relativa \u00e0 avalia\u00e7\u00e3o docente est\u00e1 dispon\u00edvel nesta p\u00e1gina. Para esclarecimentos adicionais, consulte a sec\u00e7\u00e3o de contactos no final da p\u00e1gina.\n        <\/div>\n    <\/div>\n\n    <div style=\"background: white;padding: 30px;margin-bottom: 20px;border-radius: 8px\">\n        <h2 style=\"color: #667eea;margin-bottom: 15px;font-size: 1.8em;border-bottom: 3px solid #667eea;padding-bottom: 10px\">Legisla\u00e7\u00e3o Aplic\u00e1vel<\/h2>\n        <ul style=\"margin-left: 20px;margin-bottom: 15px\">\n            <li style=\"margin-bottom: 8px\"><strong><a href=\"https:\/\/escoladigital.madeira.gov.pt\/ebsscruz\/wp-content\/uploads\/sites\/6\/2025\/10\/DecretoLegislativoRegionaln.o6_2008_M_25_02.pdf\" target=\"_blank\" rel=\"noopener noreferrer\">Decreto Legislativo Regional n.\u00ba 6\/2008\/M, de 25 de fevereiro  <\/a><\/strong> &#8211; Aprova o estatuto da Carreira Docente da Regi\u00e3o Aut\u00f3noma da Madeira<\/li>\n            <li style=\"margin-bottom: 8px\"><strong> <a href=\"https:\/\/escoladigital.madeira.gov.pt\/ebsscruz\/wp-content\/uploads\/sites\/6\/2025\/10\/Dec_Reg_Reg-26_2012_MAvaliacaoDesempenhoRAM.pdf\" target=\"_blank\" rel=\"noopener noreferrer\">Decreto Regulamentar Regional n\u00ba 26\/2012\/M, de 8 de outubro<\/a><\/strong> &#8211; Regulamenta o sistema de avalia\u00e7\u00e3o do desempenho do pessoal docente dos estabelecimentos de educa\u00e7\u00e3o e de ensino, das institui\u00e7\u00f5es de educa\u00e7\u00e3o especial, dos servi\u00e7os t\u00e9cnicos da Dire\u00e7\u00e3o Regional de Educa\u00e7\u00e3o, dos que se encontram em regime de mobilidade na administra\u00e7\u00e3o regional aut\u00f3noma e local, delega\u00e7\u00f5es escolares e no exerc\u00edcio de outras fun\u00e7\u00f5es.<\/li>\n            <li style=\"margin-bottom: 8px\"><strong><a href=\"https:\/\/escoladigital.madeira.gov.pt\/ebsscruz\/wp-content\/uploads\/sites\/6\/2025\/10\/DecretoRegulamentarRegionalN13_2018.pdf\" target=\"_blank\" rel=\"noopener noreferrer\">Decreto Regulamentar Regional n.\u00ba 13\/2018\/M, de 15 de novembro<\/a><\/strong> &#8211; Primeira altera\u00e7\u00e3o ao Decreto Regulamentar Regional n.\u00ba 26\/2012\/M, de 8 de outubro, que regulamenta o sistema de avalia\u00e7\u00e3o do desempenho do pessoal docente dos estabelecimentos de educa\u00e7\u00e3o e de ensino, das institui\u00e7\u00f5es de educa\u00e7\u00e3o especial, dos servi\u00e7os t\u00e9cnicos da Dire\u00e7\u00e3o Regional de Educa\u00e7\u00e3o, dos que se encontram em regime de mobilidade na administra\u00e7\u00e3o regional aut\u00f3noma e local, delega\u00e7\u00f5es escolares e no exerc\u00edcio de outras fun\u00e7\u00f5es<\/li>\n        <\/ul>\n    <\/div>\n\n    <div style=\"background: white;padding: 30px;margin-bottom: 20px;border-radius: 8px\">\n        <h2 style=\"color: #667eea;margin-bottom: 15px;font-size: 1.8em;border-bottom: 3px solid #667eea;padding-bottom: 10px\">Objetivos da Avalia\u00e7\u00e3o<\/h2>\n        \n        <div style=\"display: grid;grid-template-columns: repeat(auto-fit, minmax(280px, 1fr));gap: 20px;margin: 20px 0\">\n            <div style=\"background: white;padding: 20px;border-radius: 8px;border-top: 4px solid #764ba2\">\n                <h4 style=\"color: #667eea;margin-bottom: 10px;margin-top: 0;font-size: 1.2em\">\ud83c\udfaf Melhoria da Qualidade<\/h4>\n                <p style=\"margin: 0\">Contribuir para a melhoria da qualidade do servi\u00e7o educativo e da aprendizagem dos alunos.<\/p>\n            <\/div>\n            <div style=\"background: white;padding: 20px;border-radius: 8px;border-top: 4px solid #764ba2\">\n                <h4 style=\"color: #667eea;margin-bottom: 10px;margin-top: 0;font-size: 1.2em\">\ud83d\udcc8 Desenvolvimento Profissional<\/h4>\n                <p style=\"margin: 0\">Promover o desenvolvimento pessoal e profissional dos docentes.<\/p>\n            <\/div>\n            <div style=\"background: white;padding: 20px;border-radius: 8px;border-top: 4px solid #764ba2\">\n                <h4 style=\"color: #667eea;margin-bottom: 10px;margin-top: 0;font-size: 1.2em\">\u2705 Reconhecimento<\/h4>\n                <p style=\"margin: 0\">Valorizar o trabalho e reconhecer o m\u00e9rito e a dedica\u00e7\u00e3o profissional.<\/p>\n            <\/div>\n            <div style=\"background: white;padding: 20px;border-radius: 8px;border-top: 4px solid #764ba2\">\n                <h4 style=\"color: #667eea;margin-bottom: 10px;margin-top: 0;font-size: 1.2em\">\ud83d\udd0d Diagn\u00f3stico<\/h4>\n                <p style=\"margin: 0\">Identificar necessidades de forma\u00e7\u00e3o cont\u00ednua e desenvolvimento de compet\u00eancias.<\/p>\n            <\/div>\n        <\/div>\n    <\/div>\n\n    <div style=\"background: white;padding: 30px;margin-bottom: 20px;border-radius: 8px\">\n        <h2 style=\"color: #667eea;margin-bottom: 15px;font-size: 1.8em;border-bottom: 3px solid #667eea;padding-bottom: 10px\">Dimens\u00f5es de Avalia\u00e7\u00e3o<\/h2>\n        \n        <h3 style=\"color: #555;margin-top: 20px;margin-bottom: 10px;font-size: 1.3em\">1. Vertente Cient\u00edfica e Pedag\u00f3gica<\/h3>\n        <ul style=\"margin-left: 20px;margin-bottom: 15px\">\n            <li style=\"margin-bottom: 8px\">Prepara\u00e7\u00e3o e organiza\u00e7\u00e3o das atividades letivas<\/li>\n            <li style=\"margin-bottom: 8px\">Realiza\u00e7\u00e3o das atividades letivas<\/li>\n            <li style=\"margin-bottom: 8px\">Rela\u00e7\u00e3o pedag\u00f3gica com os alunos<\/li>\n            <li style=\"margin-bottom: 8px\">Processo de avalia\u00e7\u00e3o das aprendizagens<\/li>\n        <\/ul>\n\n        <h3 style=\"color: #555;margin-top: 20px;margin-bottom: 10px;font-size: 1.3em\">2. Participa\u00e7\u00e3o na Escola e Rela\u00e7\u00e3o com a Comunidade<\/h3>\n        <ul style=\"margin-left: 20px;margin-bottom: 15px\">\n            <li style=\"margin-bottom: 8px\">Contributo para a realiza\u00e7\u00e3o dos objetivos e metas do Projeto Educativo<\/li>\n            <li style=\"margin-bottom: 8px\">Participa\u00e7\u00e3o nas estruturas de coordena\u00e7\u00e3o educativa e supervis\u00e3o pedag\u00f3gica<\/li>\n            <li style=\"margin-bottom: 8px\">Dinamiza\u00e7\u00e3o de projetos e clubes<\/li>\n            <li style=\"margin-bottom: 8px\">Rela\u00e7\u00e3o com a comunidade educativa<\/li>\n        <\/ul>\n\n        <h3 style=\"color: #555;margin-top: 20px;margin-bottom: 10px;font-size: 1.3em\">3. Desenvolvimento Profissional e Forma\u00e7\u00e3o Cont\u00ednua<\/h3>\n        <ul style=\"margin-left: 20px;margin-bottom: 15px\">\n            <li style=\"margin-bottom: 8px\">Investiga\u00e7\u00e3o e inova\u00e7\u00e3o pedag\u00f3gica<\/li>\n            <li style=\"margin-bottom: 8px\">Trabalho colaborativo<\/li>\n            <li style=\"margin-bottom: 8px\">Forma\u00e7\u00e3o cont\u00ednua realizada<\/li>\n        <\/ul>\n    <\/div>\n\n    <div style=\"background: white;padding: 30px;margin-bottom: 20px;border-radius: 8px\">\n        <h2 style=\"color: #667eea;margin-bottom: 15px;font-size: 1.8em;border-bottom: 3px solid #667eea;padding-bottom: 10px\">Processo de Avalia\u00e7\u00e3o<\/h2>\n        \n        <table style=\"width: 100%;border-collapse: collapse;margin: 20px 0;background: white;border-radius: 8px;overflow: hidden\">\n            <thead>\n                <tr>\n                    <th style=\"background: #667eea;color: white;padding: 15px;text-align: left;font-weight: bold\">Etapa<\/th>\n                    <th style=\"background: #667eea;color: white;padding: 15px;text-align: left;font-weight: bold\">Interveniente(s)<\/th>\n                    <th style=\"background: #667eea;color: white;padding: 15px;text-align: left;font-weight: bold\">Calendariza\u00e7\u00e3o<\/th>\n                <\/tr>\n            <\/thead>\n            <tbody>\n                <tr>\n                    <td style=\"padding: 12px 15px;border-bottom: 1px solid #ddd\"><strong>Entrega do Projeto Docente (Anexo 1.3)\n(Obrigat\u00f3rio para todos os docentes, exceto para os Docentes do Procedimento Especial \u2013 artigo 28\u00ba &#8211; que \u00e9 facultativo)\n<\/strong><\/td>\n                    <td style=\"padding: 12px 15px;border-bottom: 1px solid #ddd\">Avaliado<\/td>\n                    <td style=\"padding: 12px 15px;border-bottom: 1px solid #ddd\">At\u00e9 7 de novembro de 2025<\/td>\n                <\/tr>\n                <tr>\n                    <td style=\"padding: 12px 15px;border-bottom: 1px solid #ddd\"><strong>Aprecia\u00e7\u00e3o, por escrito, do Projeto Docente pelos Avaliadores Internos\n(Anexo 1.4)<\/strong><\/td>\n                    <td style=\"padding: 12px 15px;border-bottom: 1px solid #ddd\">Avaliador Interno<\/td>\n                    <td style=\"padding: 12px 15px;border-bottom: 1px solid #ddd\">At\u00e9 28 de novembro de 2025<\/td>\n                <\/tr>\n                <tr>\n                    <td style=\"padding: 12px 15px;border-bottom: 1px solid #ddd\"><strong>Tomada de conhecimento da aprecia\u00e7\u00e3o do Projeto Docente pelos avaliados<\/strong><\/td>\n                    <td style=\"padding: 12px 15px;border-bottom: 1px solid #ddd\">Avaliado<\/td>\n                    <td style=\"padding: 12px 15px;border-bottom: 1px solid #ddd\">De 03 a 05 de dezembro de 2025<\/td>\n                <\/tr>\n                <tr>\n                    <td style=\"padding: 12px 15px;border-bottom: 1px solid #ddd\"><strong>Solicita\u00e7\u00e3o de integra\u00e7\u00e3o no regime geral de avalia\u00e7\u00e3o (8\u00ba,9\u00ba,10\u00ba escal\u00f5es e Avaliadores Internos-artigo 28\u00ba &#8211; Uma vez por Ciclo) (Servi\u00e7os Administrativos &#8211; Anexo 1.5)\n<\/strong><\/td>\n                    <td style=\"padding: 12px 15px;border-bottom: 1px solid #ddd\">Avaliado<\/td>\n                    <td style=\"padding: 12px 15px;border-bottom: 1px solid #ddd\">At\u00e9 12 de dezembro de 2025<\/td>\n                <\/tr>\n                <tr>\n                    <td style=\"padding: 12px 15px;border-bottom: 1px solid #ddd\"><strong>Entrega do Relat\u00f3rio de Autoavalia\u00e7\u00e3o Anual e do Relat\u00f3rio de Autoavalia\u00e7\u00e3o para os docentes abrangidos pelo artigo 28\u00ba (Anexo 1.6 nos Servi\u00e7os Administrativos)\n<\/strong><\/td>\n                    <td style=\"padding: 12px 15px;border-bottom: 1px solid #ddd\">Avaliado<\/td>\n                    <td style=\"padding: 12px 15px;border-bottom: 1px solid #ddd\">At\u00e9 19 de junho de 2026<\/td>\n                <\/tr>\n <tr>\n                    <td style=\"padding: 12px 15px;border-bottom: 1px solid #ddd\"><strong>Aprecia\u00e7\u00e3o do Relat\u00f3rio de Autoavalia\u00e7\u00e3o, preenchimento da respetiva ficha de registo de Autoavalia\u00e7\u00e3o (Anexo 1.7 Tomada de conhecimento da Avalia\u00e7\u00e3o atribu\u00edda pelos Avaliadores Internos nas Dimens\u00f5es A, B e C (presencial ou online) \nEntrega do anexo 1.7 nos Servi\u00e7os Administrativos.\n<\/strong><\/td>\n                    <td style=\"padding: 12px 15px;border-bottom: 1px solid #ddd\">Avaliador interno<\/td>\n                    <td style=\"padding: 12px 15px;border-bottom: 1px solid #ddd\">At\u00e9 10 de julho de 2026<\/td>\n                <\/tr>\n <tr>\n                    <td style=\"padding: 12px 15px;border-bottom: 1px solid #ddd\"><strong>Confer\u00eancia e harmoniza\u00e7\u00e3o das propostas de avalia\u00e7\u00e3o (Avaliadores Internos\/SADD)<\/strong><\/td>\n                    <td style=\"padding: 12px 15px;border-bottom: 1px solid #ddd\">Avaliador Interno\/SADD<\/td>\n                    <td style=\"padding: 12px 15px;border-bottom: 1px solid #ddd\">At\u00e9 17 de julho de 2026<\/td>\n                <\/tr>\n <tr>\n                    <td style=\"padding: 12px 15px;border-bottom: 1px solid #ddd\"><strong>Reuni\u00e3o da SADD- Harmoniza\u00e7\u00e3o da Avalia\u00e7\u00e3o e Aplica\u00e7\u00e3o de Percentis e Aprova\u00e7\u00e3o das Classifica\u00e7\u00f5es Finais<\/strong><\/td>\n                    <td style=\"padding: 12px 15px;border-bottom: 1px solid #ddd\">Sec\u00e7\u00e3o Avalia\u00e7\u00e3o Desempenho Docente<\/td>\n                    <td style=\"padding: 12px 15px;border-bottom: 1px solid #ddd\">De 22 a 24 de julho de 2026 <\/td>\n                <\/tr>\n<tr>\n                    <td style=\"padding: 12px 15px;border-bottom: 1px solid #ddd\"><strong>Comunica\u00e7\u00e3o da Avalia\u00e7\u00e3o aos Docentes Contratados<\/strong><\/td>\n                    <td style=\"padding: 12px 15px;border-bottom: 1px solid #ddd\">Sec\u00e7\u00e3o Avalia\u00e7\u00e3o Desempenho Docente<\/td>\n                    <td style=\"padding: 12px 15px;border-bottom: 1px solid #ddd\">At\u00e9 31 de julho de 2026 <\/td>\n                <\/tr>\n                <tr>\n                    <td style=\"padding: 12px 15px;border-bottom: 1px solid #ddd\"><strong>Comunica\u00e7\u00e3o da Avalia\u00e7\u00e3o aos Docentes com Avalia\u00e7\u00e3o Anual<\/strong><\/td>\n                    <td style=\"padding: 12px 15px;border-bottom: 1px solid #ddd\">Sec\u00e7\u00e3o Avalia\u00e7\u00e3o Desempenho Docente<\/td>\n                    <td style=\"padding: 12px 15px;border-bottom: 1px solid #ddd\">At\u00e9 28 de agosto de 2026 <\/td>\n                <\/tr>\n \n                <tr>\n                      <td colspan=\"3\" style=\"padding: 12px 15px;border-bottom: 1px solid #ddd;text-align: center\">\n                      <strong>Os Docentes com Avalia\u00e7\u00e3o Final aguardam Valida\u00e7\u00e3o da Avalia\u00e7\u00e3o pelo Gabinete T\u00e9cnico da DRAE<\/strong>\n                      <\/td>\n               <\/tr>\n \n<tr>\n     <td style=\"padding: 12px 15px;border-bottom: 1px solid #ddd\"><strong>Divulga\u00e7\u00e3o dos Resultados Globais da Avalia\u00e7\u00e3o do Desempenho Docente (n\u00e3o nominativa) ap\u00f3s conclus\u00e3o do processo e posterior arquivamento<\/strong><\/td>\n                    <td style=\"padding: 12px 15px;border-bottom: 1px solid #ddd\">Sec\u00e7\u00e3o Avalia\u00e7\u00e3o Desempenho Docente<\/td>\n                    <td style=\"padding: 12px 15px;border-bottom: 1px solid #ddd\">At\u00e9 30 de setembro de 2026 <\/td>\n                <\/tr>\n            <\/tbody>\n        <\/table>\n    <\/div>\n\n    <div style=\"background: white;padding: 30px;margin-bottom: 20px;border-radius: 8px\">\n        <h2 style=\"color: #667eea;margin-bottom: 15px;font-size: 1.8em;border-bottom: 3px solid #667eea;padding-bottom: 10px\">Documentos e Formul\u00e1rios<\/h2>\n        <p>Consulte e descarregue os documentos necess\u00e1rios para o processo de avalia\u00e7\u00e3o:<\/p>\n        \n        <div style=\"margin: 20px 0\">\n            \n            <a href=\"https:\/\/escoladigital.madeira.gov.pt\/ebsscruz\/wp-content\/uploads\/sites\/6\/2025\/06\/Anexo1.2_Parametros-Avaliacao-Docente.pdf\" target=\"_blank\" rel=\"noopener noreferrer\" style=\"display: inline-block;background: #667eea;color: white;padding: 12px 24px;text-decoration: none;border-radius: 5px;margin: 10px 10px 10px 0\">\ud83d\udd0d Anexo 1.2 \u25b6\ufe0fPar\u00e2metros da Avalia\u00e7\u00e3o<\/a>\n            <a href=\"https:\/\/escoladigital.madeira.gov.pt\/ebsscruz\/wp-content\/uploads\/sites\/6\/2024\/09\/Anexo1.3.-Projeto-Docente.docx\" target=\"_blank\" rel=\"noopener noreferrer\" style=\"display: inline-block;background: #667eea;color: white;padding: 12px 24px;text-decoration: none;border-radius: 5px;margin: 10px 10px 10px 0\">\ud83d\udcdd Anexo 1.3 \u25b6\ufe0fModelo do Projeto Docente<\/a>\n            <a href=\"https:\/\/escoladigital.madeira.gov.pt\/ebsscruz\/wp-content\/uploads\/sites\/6\/2024\/09\/Anexo1.4Parecer-Projeto-Docente-Avaliador-Interno_23_234.docx\" target=\"_blank\" rel=\"noopener noreferrer\" style=\"display: inline-block;background: #667eea;color: white;padding: 12px 24px;text-decoration: none;border-radius: 5px;margin: 10px 10px 10px 0\">\ud83d\udcdd Anexo 1.4 \u25b6\ufe0fParecer do Projeto Docente<\/a>\n<a href=\"https:\/\/escoladigital.madeira.gov.pt\/ebsscruz\/wp-content\/uploads\/sites\/6\/2025\/11\/Av.DocAnexo1.5_20251016111503.pdf\" target=\"_blank\" rel=\"noopener noreferrer\" style=\"display: inline-block;background: #667eea;color: white;padding: 12px 24px;text-decoration: none;border-radius: 5px;margin: 10px 10px 10px 0\">\ud83d\udcdd Anexo 1.5 \u25b6\ufe0fRequerimento &#8211; Avalia\u00e7\u00e3odo do desempenho do Pessoal Docente<\/a>\n             <a href=\"https:\/\/escoladigital.madeira.gov.pt\/ebsscruz\/wp-content\/uploads\/sites\/6\/2025\/06\/Anexo1.6._RelatorioAutoavaliacao_Versao_05_06_2025.docx\" target=\"_blank\" rel=\"noopener noreferrer\" style=\"display: inline-block;background: #667eea;color: white;padding: 12px 24px;text-decoration: none;border-radius: 5px;margin: 10px 10px 10px 0\">\ud83d\udcdd Anexo 1.6 \u25b6\ufe0fModelo de Relat\u00f3rio de Autoavalia\u00e7\u00e3o<\/a>\n             <\/div>\n    <\/div>\n\n    <div style=\"background: white;padding: 30px;margin-bottom: 20px;border-radius: 8px\">\n        <h2 style=\"color: #667eea;margin-bottom: 15px;font-size: 1.8em;border-bottom: 3px solid #667eea;padding-bottom: 10px\">Calend\u00e1rio 2025\/2026<\/h2>\n                \n        <h3 style=\"color: #555;margin-top: 20px;margin-bottom: 10px;font-size: 1.3em\">Prazos Gerais<\/h3>\n        <ul style=\"margin-left: 20px;margin-bottom: 15px\">\n            <li style=\"margin-bottom: 8px\"><strong> At\u00e9 7 de novembro de 2025:<\/strong> Entrega do Projeto Docente<\/li>\n            <li style=\"margin-bottom: 8px\"><strong> de 03 a 05 de dezembro de 2025:<\/strong> Tomada de conhecimento da aprecia\u00e7\u00e3o do Projeto Docente<\/li>\n            <li style=\"margin-bottom: 8px\"><strong>At\u00e9 19 de junho de 2026:<\/strong> Entrega do Relat\u00f3rio de Autoavalia\u00e7\u00e3o Anual e do Relat\u00f3rio de Autoavalia\u00e7\u00e3o para os docentes abrangidos pelo artigo 28\u00ba<\/li>\n             <\/ul>\n    <\/div>\n\n    <div style=\"background: #667eea;color: white;padding: 30px;border-radius: 8px;margin-top: 30px\">\n        <h2 style=\"margin-bottom: 15px;margin-top: 0;border-bottom: 2px solid white;padding-bottom: 10px\">\ud83d\udcde Contactos<\/h2>\n        <p><strong>Sec\u00e7\u00e3o de Avalia\u00e7\u00e3o de Desempenho Docente (SADD)<\/strong><\/p>\n        <p>Para esclarecimentos sobre o processo de avalia\u00e7\u00e3o docente:<\/p>\n        <ul style=\"margin-left: 20px\">\n            <li style=\"margin-bottom: 8px\">\ud83d\udce7 Email: <a href=\"mailto:ebsscruz@edu.madeira.gov.pt\" style=\"color: white\">ebsscruz@edu.madeira.gov.pt <\/a><\/li>\n            <li style=\"margin-bottom: 8px\">\ud83d\udcde Telefone: 291 520 050<\/li>\n            <li style=\"margin-bottom: 8px\">\ud83c\udfeb Hor\u00e1rio de atendimento: Segunda a Sexta, das 9h00 \u00e0s 16h30<\/li>\n        <\/ul>\n    <\/div>\n\n<\/div>\n\n\n\n<p><\/p>\n","protected":false},"excerpt":{"rendered":"<p>\ud83d\udc69\u200d\ud83c\udfeb Avalia\u00e7\u00e3o Docente Escola B\u00e1sica e Secund\u00e1ria de Santa Cruz Informa\u00e7\u00e3o Geral A avalia\u00e7\u00e3o de desempenho docente constitui um processo [&hellip;]<\/p>\n","protected":false},"author":37,"featured_media":0,"parent":0,"menu_order":0,"comment_status":"closed","ping_status":"closed","template":"","meta":{"site-sidebar-layout":"default","site-content-layout":"","ast-site-content-layout":"default","site-content-style":"default","site-sidebar-style":"default","ast-global-header-display":"","ast-banner-title-visibility":"","ast-main-header-display":"","ast-hfb-above-header-display":"","ast-hfb-below-header-display":"","ast-hfb-mobile-header-display":"","site-post-title":"","ast-breadcrumbs-content":"","ast-featured-img":"","footer-sml-layout":"","ast-disable-related-posts":"","theme-transparent-header-meta":"","adv-header-id-meta":"","stick-header-meta":"","header-above-stick-meta":"","header-main-stick-meta":"","header-below-stick-meta":"","astra-migrate-meta-layouts":"default","ast-page-background-enabled":"default","ast-page-background-meta":{"desktop":{"background-color":"var(--ast-global-color-4)","background-image":"","background-repeat":"repeat","background-position":"center center","background-size":"auto","background-attachment":"scroll","background-type":"","background-media":"","overlay-type":"","overlay-color":"","overlay-opacity":"","overlay-gradient":""},"tablet":{"background-color":"","background-image":"","background-repeat":"repeat","background-position":"center center","background-size":"auto","background-attachment":"scroll","background-type":"","background-media":"","overlay-type":"","overlay-color":"","overlay-opacity":"","overlay-gradient":""},"mobile":{"background-color":"","background-image":"","background-repeat":"repeat","background-position":"center center","background-size":"auto","background-attachment":"scroll","background-type":"","background-media":"","overlay-type":"","overlay-color":"","overlay-opacity":"","overlay-gradient":""}},"ast-content-background-meta":{"desktop":{"background-color":"var(--ast-global-color-5)","background-image":"","background-repeat":"repeat","background-position":"center center","background-size":"auto","background-attachment":"scroll","background-type":"","background-media":"","overlay-type":"","overlay-color":"","overlay-opacity":"","overlay-gradient":""},"tablet":{"background-color":"var(--ast-global-color-5)","background-image":"","background-repeat":"repeat","background-position":"center center","background-size":"auto","background-attachment":"scroll","background-type":"","background-media":"","overlay-type":"","overlay-color":"","overlay-opacity":"","overlay-gradient":""},"mobile":{"background-color":"var(--ast-global-color-5)","background-image":"","background-repeat":"repeat","background-position":"center center","background-size":"auto","background-attachment":"scroll","background-type":"","background-media":"","overlay-type":"","overlay-color":"","overlay-opacity":"","overlay-gradient":""}},"_themeisle_gutenberg_block_has_review":false,"footnotes":""},"class_list":["post-4072","page","type-page","status-publish","hentry"],"_links":{"self":[{"href":"https:\/\/escoladigital.madeira.gov.pt\/ebsscruz\/wp-json\/wp\/v2\/pages\/4072","targetHints":{"allow":["GET"]}}],"collection":[{"href":"https:\/\/escoladigital.madeira.gov.pt\/ebsscruz\/wp-json\/wp\/v2\/pages"}],"about":[{"href":"https:\/\/escoladigital.madeira.gov.pt\/ebsscruz\/wp-json\/wp\/v2\/types\/page"}],"author":[{"embeddable":true,"href":"https:\/\/escoladigital.madeira.gov.pt\/ebsscruz\/wp-json\/wp\/v2\/users\/37"}],"replies":[{"embeddable":true,"href":"https:\/\/escoladigital.madeira.gov.pt\/ebsscruz\/wp-json\/wp\/v2\/comments?post=4072"}],"version-history":[{"count":52,"href":"https:\/\/escoladigital.madeira.gov.pt\/ebsscruz\/wp-json\/wp\/v2\/pages\/4072\/revisions"}],"predecessor-version":[{"id":4889,"href":"https:\/\/escoladigital.madeira.gov.pt\/ebsscruz\/wp-json\/wp\/v2\/pages\/4072\/revisions\/4889"}],"wp:attachment":[{"href":"https:\/\/escoladigital.madeira.gov.pt\/ebsscruz\/wp-json\/wp\/v2\/media?parent=4072"}],"curies":[{"name":"wp","href":"https:\/\/api.w.org\/{rel}","templated":true}]}}