{"id":4599,"date":"2025-11-10T15:19:37","date_gmt":"2025-11-10T15:19:37","guid":{"rendered":"https:\/\/escoladigital.madeira.gov.pt\/ebsscruz\/?page_id=4599"},"modified":"2025-11-14T12:23:28","modified_gmt":"2025-11-14T12:23:28","slug":"cpd-new","status":"publish","type":"page","link":"https:\/\/escoladigital.madeira.gov.pt\/ebsscruz\/cpd-new\/","title":{"rendered":"\ud83d\udcddComiss\u00e3o de Promo\u00e7\u00e3o da Disciplina"},"content":{"rendered":"\n<div>\n  \n<h1 style=\"text-align: center;padding: 20px 0;background-color:#e0fade;border-bottom: 3px solid #207cca\">\n<img decoding=\"async\" src=\"https:\/\/escoladigital.madeira.gov.pt\/ebsscruz\/wp-content\/uploads\/sites\/6\/2025\/11\/logoverde-removebg-preview.png\" alt=\"Logo Comiss\u00e3o\" height=\"120\" width=\"120\"> <br>\n        \ud83d\udcd6 Comiss\u00e3o de Promo\u00e7\u00e3o da Disciplina (CPD)\n    <\/h1>\n    <p style=\"text-align: center;font-size: 1.1em;margin-bottom: 20px\">\n       Escola B\u00e1sica e Secund\u00e1ria de Santa Cruz\n    <\/p>\n\n        <div style=\"background: white;padding: 30px;margin-bottom: 20px;border-radius: 8px\">\n        <h2 style=\"color: #667eea;margin-bottom: 15px;font-size: 1.8em;border-bottom: 3px solid #667eea;padding-bottom: 10px\">\ud83d\udccb Apresenta\u00e7\u00e3o<\/h2>\n        <p> Hoje em dia, a escola \u00e9 um dos contextos em que convive um n\u00famero elevado de crian\u00e7as e jovens, o que torna dif\u00edcil a tarefa dos educadores de monitorizarem todos os comportamentos e atitudes de um modo eficaz. Provenientes de meios socioecon\u00f3micos e culturais distintos, os alunos da Escola B\u00e1sica e Secund\u00e1ria de Santa Cruz carregam realidades distintas que podem ser motivo para o aparecimento de situa\u00e7\u00f5es de car\u00e1ter disruptivo que traduzem dificuldades de relacionamento podendo resultar ainda, em fen\u00f3menos de viol\u00eancia e de bullying. <\/p>\n        <p>Esse facto est\u00e1 cada vez mais evidente no panorama atual do Concelho de Santa Cruz, j\u00e1 que muitas fam\u00edlias est\u00e3o afetadas por problemas econ\u00f3micos e sociais que ser\u00e3o possivelmente, as causas de algumas disfun\u00e7\u00f5es nas rela\u00e7\u00f5es interpessoais e no bom ambiente escolar. Para al\u00e9m disto, a EBSS de Santa Cruz tem a exclusividade dos alunos do Lar da Paz que carecem de medidas espec\u00edficas apesar de todas as condi\u00e7\u00f5es f\u00edsicas favor\u00e1veis apresentam um quadro emocional bastante fr\u00e1gil.<\/p>\n        <p>A complexidade dessa realidade tem interfer\u00eancias nocivas no processo de ensino aprendizagem logo, \u00e9 fundamental uma profunda revis\u00e3o da nossa atua\u00e7\u00e3o no espa\u00e7o escolar. \u00c9 nesse sentido que se coloca a necessidade de uma mudan\u00e7a de paradigma.<\/p>\n       \n        <div style=\"background: white;padding: 30px;margin-bottom: 20px;border-radius: 8px\">\n        <h2 style=\"color: #667eea;margin-bottom: 15px;font-size: 1.8em;border-bottom: 3px solid #667eea;padding-bottom: 10px\"><h2>\ud83c\udfaf Caracteriza\u00e7\u00e3o de Cada Medida<\/h2><\/h2>\n       As medidas que se seguem integram-se na comiss\u00e3o de promo\u00e7\u00e3o da disciplina, projeto j\u00e1 existente desde 2014-2015 que abarca tamb\u00e9m os seguintes eixos:\n              <\/div>\n         <h4>\ud83d\udd0d Mecanismos de dete\u00e7\u00e3o de comportamentos indevidos e medidas aplicadas:<\/h4>\n                    <ul>\n                        <li>Entrega das participa\u00e7\u00f5es<\/li>\n                        <li>An\u00e1lise das participa\u00e7\u00f5es<\/li>\n                        <li>Recolha e numera\u00e7\u00e3o das participa\u00e7\u00f5es<\/li>\n                        <li>Intera\u00e7\u00e3o com o DT<\/li>\n                        <li>Elabora\u00e7\u00e3o da decis\u00e3o disciplinar (Dire\u00e7\u00e3o Executivo, DT, Comiss\u00e3o)<\/li>\n                        <li>Medidas disciplinares corretivas (deve ser comunicada aos pais sendo um aluno menor)<\/li>\n                        <li>Medidas disciplinares sancionat\u00f3rias (Art.\u00ba28\u00ba)<\/li>\n                    <\/ul>\n\n                    <h4>\ud83d\udcbe Base de dados<\/h4>\n                    <ul>\n                        <li>Recolha e tratamento de dados<\/li>\n                        <li>An\u00e1lise da Estat\u00edstica<\/li>\n                        <li>Estrutura da base dados para alojamento no site da escola<\/li>\n                    <\/ul>\n\n                    <h4>\ud83c\udfe2 Gabinete de promo\u00e7\u00e3o da disciplina<\/h4>\n                    <ul>\n                        <li>Operacionaliza\u00e7\u00e3o de algumas interven\u00e7\u00f5es individualizadas com alunos com comportamentos indevidos no contexto de sala de aula<\/li>\n                        <li>Reuni\u00f5es com Diretores de Turma, Encarregados de Educa\u00e7\u00e3o e Conselho Executivo<\/li>\n                    <\/ul>\n                <\/div>\n\n<div style=\"background: white;padding: 30px;margin-bottom: 20px;border-radius: 8px\">\n        <h2 style=\"color: #667eea;margin-bottom: 15px;font-size: 1.8em;border-bottom: 3px solid #667eea;padding-bottom: 10px\">\ud83c\udf10 Acesso Online<\/h2>\n                <a href=\"https:\/\/docs.ebssc.net\/\" class=\"platform-link\" target=\"_blank\">\ud83d\udd17 Plataforma para Registo de Ocorr\u00eancias<\/a>\n            <\/div>\n           \n<div style=\"background: white;padding: 30px;margin-bottom: 20px;border-radius: 8px\">\n        <h3 style=\"color: #667eea;margin-bottom: 15px;font-size: 1.8em;border-bottom: 3px solid #667eea;padding-bottom: 10px\">\ud83d\udcda Documentos do Projeto<\/h3>\n        <p>Consulte e descarregue os documentos necess\u00e1rios para o processo de participa\u00e7\u00e3o de ocorr\u00eancias:<\/p>\n        <h4 style=\"margin-top: 20px;color: #555\">\ud83d\udcc4 Plano de A\u00e7\u00e3o<\/h4>\n        <div style=\"margin: 20px 0\">\n            <a href=\"https:\/\/escoladigital.madeira.gov.pt\/ebsscruz\/wp-content\/uploads\/sites\/6\/2024\/11\/Prevenir-comportamentos-desviantes-E.-Educacao.pdf\" target=\"_blank\" rel=\"noopener noreferrer\" style=\"display: inline-block;background: #667eea;color: white;padding: 12px 24px;text-decoration: none;border-radius: 5px;margin: 10px 10px 10px 0\">\ud83d\udd0d  Gui\u00e3o para os Encarregados de Educa\u00e7\u00e3o<\/a>\n\n  <h4 style=\"margin-top: 30px;color: #555\">\ud83d\udcd1 Documentos (vers\u00e3o PDF)<\/h4>\n        <div style=\"margin: 20px 0\">\n <a href=\"https:\/\/escoladigital.madeira.gov.pt\/ebsscruz\/wp-content\/uploads\/sites\/6\/2024\/11\/DocumentoA_registo_comportamentos_indevidos.pdf\" target=\"_blank\" rel=\"noopener noreferrer\" style=\"display: inline-block;background: #667eea;color: white;padding: 12px 24px;text-decoration: none;border-radius: 5px;margin: 10px 10px 10px 0\">\ud83d\udcd1Doc. A- Registo Comportamentos Indevidos<\/a>\n <a href=\"https:\/\/escoladigital.madeira.gov.pt\/ebsscruz\/wp-content\/uploads\/sites\/6\/2024\/11\/DocumentoB_expressao_arrependimento.pdf\" target=\"_blank\" rel=\"noopener noreferrer\" style=\"display: inline-block;background: #667eea;color: white;padding: 12px 24px;text-decoration: none;border-radius: 5px;margin: 10px 10px 10px 0\">\ud83d\udcd1Doc. B &#8211; Express\u00e3o Arrependimento<\/a>\n            <a href=\"https:\/\/escoladigital.madeira.gov.pt\/ebsscruz\/wp-content\/uploads\/sites\/6\/2024\/11\/DocumentoC_participacao_ocorrencia_2024.pdf\" target=\"_blank\" rel=\"noopener noreferrer\" style=\"display: inline-block;background: #667eea;color: white;padding: 12px 24px;text-decoration: none;border-radius: 5px;margin: 10px 10px 10px 0\">\ud83d\udcd1Doc. C &#8211; Participa\u00e7\u00e3o\/Ocorr\u00eancia<\/a>\n            <a href=\"https:\/\/escoladigital.madeira.gov.pt\/ebsscruz\/wp-content\/uploads\/sites\/6\/2024\/11\/DocumentoD_tarefas_integracao_escola.pdf\" target=\"_blank\" rel=\"noopener noreferrer\" style=\"display: inline-block;background: #667eea;color: white;padding: 12px 24px;text-decoration: none;border-radius: 5px;margin: 10px 10px 10px 0\">\ud83d\udcd1Doc. D &#8211; Tarefas Integra\u00e7\u00e3o Escola<\/a>\n   <a href=\"https:\/\/escoladigital.madeira.gov.pt\/ebsscruz\/wp-content\/uploads\/sites\/6\/2024\/11\/DocumentoG__tarefas_integracao_comunidade.docx\" target=\"_blank\" rel=\"noopener noreferrer\" style=\"display: inline-block;background: #667eea;color: white;padding: 12px 24px;text-decoration: none;border-radius: 5px;margin: 10px 10px 10px 0\">\ud83d\udcd1Doc. G &#8211; Tarefas Integra\u00e7\u00e3o Escola<\/a>\n             <\/div>\n\n <h4 style=\"margin-top: 30px;color: #555\">\u270f\ufe0f Documentos (vers\u00e3o edit\u00e1vel)<\/h4>\n        <div style=\"margin: 20px 0\">\n <a href=\"https:\/\/escoladigital.madeira.gov.pt\/ebsscruz\/wp-content\/uploads\/sites\/6\/2024\/11\/DocumentoA_registo_comportamentos_indevidos.docx\" target=\"_blank\" rel=\"noopener noreferrer\" style=\"display: inline-block;background: #667eea;color: white;padding: 12px 24px;text-decoration: none;border-radius: 5px;margin: 10px 10px 10px 0\">\u270f\ufe0fDoc. A- Registo Comportamentos Indevidos<\/a>\n <a href=\"https:\/\/escoladigital.madeira.gov.pt\/ebsscruz\/wp-content\/uploads\/sites\/6\/2024\/11\/DocumentoB__expressao_arrependimento.docx\" target=\"_blank\" rel=\"noopener noreferrer\" style=\"display: inline-block;background: #667eea;color: white;padding: 12px 24px;text-decoration: none;border-radius: 5px;margin: 10px 10px 10px 0\">\u270f\ufe0fDoc. B &#8211; Express\u00e3o Arrependimento<\/a>\n            <a href=\"https:\/\/escoladigital.madeira.gov.pt\/ebsscruz\/wp-content\/uploads\/sites\/6\/2024\/11\/DocumentoC_participacao_ocorrencia_2024-3.docx\" target=\"_blank\" rel=\"noopener noreferrer\" style=\"display: inline-block;background: #667eea;color: white;padding: 12px 24px;text-decoration: none;border-radius: 5px;margin: 10px 10px 10px 0\">\u270f\ufe0fDoc. C &#8211; Participa\u00e7\u00e3o\/Ocorr\u00eancia<\/a>\n            <a href=\"https:\/\/escoladigital.madeira.gov.pt\/ebsscruz\/wp-content\/uploads\/sites\/6\/2024\/11\/DocumentoD_tarefas_integracao_escola.docx\" target=\"_blank\" rel=\"noopener noreferrer\" style=\"display: inline-block;background: #667eea;color: white;padding: 12px 24px;text-decoration: none;border-radius: 5px;margin: 10px 10px 10px 0\">\u270f\ufe0fDoc. D &#8211; Tarefas Integra\u00e7\u00e3o Escola<\/a>\n   <a href=\"https:\/\/escoladigital.madeira.gov.pt\/ebsscruz\/wp-content\/uploads\/sites\/6\/2024\/11\/DocumentoG__tarefas_integracao_comunidade.docx\" target=\"_blank\" rel=\"noopener noreferrer\" style=\"display: inline-block;background: #667eea;color: white;padding: 12px 24px;text-decoration: none;border-radius: 5px;margin: 10px 10px 10px 0\">\u270f\ufe0fDoc. G &#8211; Tarefas Integra\u00e7\u00e3o Escola<\/a>\n             <\/div>\n\n<div style=\"background: white;padding: 30px;margin-bottom: 20px;border-radius: 8px\">\n        <h2 style=\"color: #667eea;margin-bottom: 15px;font-size: 1.8em;border-bottom: 3px solid #667eea;padding-bottom: 10px\">\ud83d\udc68\u200d\ud83d\udc69\u200d\ud83d\udc67 Encarregados de Educa\u00e7\u00e3o<\/h2>\n                <a href=\"https:\/\/escoladigital.madeira.gov.pt\/ebsscruz\/wp-content\/uploads\/sites\/6\/2024\/11\/Prevenir-comportamentos-desviantes-E.-Educacao.pdf\" class=\"platform-link\" target=\"_blank\">\ud83d\udd0d  Gui\u00e3o para os Encarregados de Educa\u00e7\u00e3o<\/a>\n            <\/div>\n                                    \n     \n    <div style=\"background: #f0f5ff;color: black;padding: 30px;border-radius: 8px;margin-top: 30px\">\n        <h2 style=\"margin-bottom: 15px;margin-top: 0;border-bottom: 2px solid white;padding-bottom: 10px\">\ud83d\udcde Contactos<\/h2>\n        <p><strong>Equipa respons\u00e1vel:<\/strong> Prof.\u00aa Lina Pestana | Prof.\u00aa Norberta Fernandes | Prof.\u00aa Teresa Sp\u00ednola<\/p>\n            <ul style=\"margin-left: 20px\">\n            <li style=\"margin-bottom: 8px\">\ud83d\udce7 Email: <a href=\"mailto:cartacomissaodisciplina@gmail.com\">cartacomissaodisciplina@gmail.com<\/a><\/p>\n            <li style=\"margin-bottom: 8px\">\ud83d\udcde Telefone: 291 520 050<\/li>\n            <li style=\"margin-bottom: 8px\">\u23f0 Hor\u00e1rio de Funcionamento: 2.\u00aa a 6.\u00aa feira: 09h \u00e0s 17h<\/p><\/li>\n        <\/ul>\n    <\/div>\n\n<\/div>\n\n\n\n<p><\/p>\n","protected":false},"excerpt":{"rendered":"<p>\ud83d\udcd6 Comiss\u00e3o de Promo\u00e7\u00e3o da Disciplina (CPD) Escola B\u00e1sica e Secund\u00e1ria de Santa Cruz \ud83d\udccb Apresenta\u00e7\u00e3o Hoje em dia, a [&hellip;]<\/p>\n","protected":false},"author":37,"featured_media":0,"parent":0,"menu_order":0,"comment_status":"closed","ping_status":"closed","template":"","meta":{"site-sidebar-layout":"default","site-content-layout":"","ast-site-content-layout":"default","site-content-style":"default","site-sidebar-style":"default","ast-global-header-display":"","ast-banner-title-visibility":"","ast-main-header-display":"","ast-hfb-above-header-display":"","ast-hfb-below-header-display":"","ast-hfb-mobile-header-display":"","site-post-title":"","ast-breadcrumbs-content":"","ast-featured-img":"","footer-sml-layout":"","ast-disable-related-posts":"","theme-transparent-header-meta":"","adv-header-id-meta":"","stick-header-meta":"","header-above-stick-meta":"","header-main-stick-meta":"","header-below-stick-meta":"","astra-migrate-meta-layouts":"default","ast-page-background-enabled":"default","ast-page-background-meta":{"desktop":{"background-color":"var(--ast-global-color-4)","background-image":"","background-repeat":"repeat","background-position":"center center","background-size":"auto","background-attachment":"scroll","background-type":"","background-media":"","overlay-type":"","overlay-color":"","overlay-opacity":"","overlay-gradient":""},"tablet":{"background-color":"","background-image":"","background-repeat":"repeat","background-position":"center center","background-size":"auto","background-attachment":"scroll","background-type":"","background-media":"","overlay-type":"","overlay-color":"","overlay-opacity":"","overlay-gradient":""},"mobile":{"background-color":"","background-image":"","background-repeat":"repeat","background-position":"center center","background-size":"auto","background-attachment":"scroll","background-type":"","background-media":"","overlay-type":"","overlay-color":"","overlay-opacity":"","overlay-gradient":""}},"ast-content-background-meta":{"desktop":{"background-color":"var(--ast-global-color-5)","background-image":"","background-repeat":"repeat","background-position":"center center","background-size":"auto","background-attachment":"scroll","background-type":"","background-media":"","overlay-type":"","overlay-color":"","overlay-opacity":"","overlay-gradient":""},"tablet":{"background-color":"var(--ast-global-color-5)","background-image":"","background-repeat":"repeat","background-position":"center center","background-size":"auto","background-attachment":"scroll","background-type":"","background-media":"","overlay-type":"","overlay-color":"","overlay-opacity":"","overlay-gradient":""},"mobile":{"background-color":"var(--ast-global-color-5)","background-image":"","background-repeat":"repeat","background-position":"center center","background-size":"auto","background-attachment":"scroll","background-type":"","background-media":"","overlay-type":"","overlay-color":"","overlay-opacity":"","overlay-gradient":""}},"_themeisle_gutenberg_block_has_review":false,"footnotes":""},"class_list":["post-4599","page","type-page","status-publish","hentry"],"_links":{"self":[{"href":"https:\/\/escoladigital.madeira.gov.pt\/ebsscruz\/wp-json\/wp\/v2\/pages\/4599","targetHints":{"allow":["GET"]}}],"collection":[{"href":"https:\/\/escoladigital.madeira.gov.pt\/ebsscruz\/wp-json\/wp\/v2\/pages"}],"about":[{"href":"https:\/\/escoladigital.madeira.gov.pt\/ebsscruz\/wp-json\/wp\/v2\/types\/page"}],"author":[{"embeddable":true,"href":"https:\/\/escoladigital.madeira.gov.pt\/ebsscruz\/wp-json\/wp\/v2\/users\/37"}],"replies":[{"embeddable":true,"href":"https:\/\/escoladigital.madeira.gov.pt\/ebsscruz\/wp-json\/wp\/v2\/comments?post=4599"}],"version-history":[{"count":37,"href":"https:\/\/escoladigital.madeira.gov.pt\/ebsscruz\/wp-json\/wp\/v2\/pages\/4599\/revisions"}],"predecessor-version":[{"id":4658,"href":"https:\/\/escoladigital.madeira.gov.pt\/ebsscruz\/wp-json\/wp\/v2\/pages\/4599\/revisions\/4658"}],"wp:attachment":[{"href":"https:\/\/escoladigital.madeira.gov.pt\/ebsscruz\/wp-json\/wp\/v2\/media?parent=4599"}],"curies":[{"name":"wp","href":"https:\/\/api.w.org\/{rel}","templated":true}]}}